{"id":1024,"date":"2025-02-08T16:36:19","date_gmt":"2025-02-08T08:36:19","guid":{"rendered":"http:\/\/www.tairuiauto.com\/?post_type=product&#038;p=1024"},"modified":"2025-12-17T08:51:59","modified_gmt":"2025-12-17T00:51:59","slug":"mini-cooper-z001","status":"publish","type":"product","link":"https:\/\/www.tairuiauto.com\/es\/product\/mini-cooper-z001\/","title":{"rendered":"mini cooper 4 ruedas"},"content":{"rendered":"<h2 style=\"padding-left: 40px;\" data-start=\"732\" data-end=\"772\">Descripci\u00f3n general del producto<\/h2>\n<p style=\"padding-left: 40px;\" data-start=\"774\" data-end=\"1127\">El <strong data-start=\"778\" data-end=\"801\">Mini Cooper 4 ruedas<\/strong> Es una vers\u00e1til <strong data-start=\"817\" data-end=\"842\">veh\u00edculo el\u00e9ctrico de la ciudad<\/strong> construido sobre una plataforma el\u00e9ctrica de cuatro ruedas, que combina dimensiones compactas con mayor espacio interior y autonom\u00eda de conducci\u00f3n. Est\u00e1 dise\u00f1ado para satisfacer las necesidades de las familias urbanas, los viajeros diarios y los distribuidores internacionales que buscan soluciones fiables y rentables de movilidad el\u00e9ctrica.<\/p>\n<table style=\"width: 74.4368%; margin-left: 40px;\" width=\"895\">\n<tbody style=\"padding-left: 40px;\">\n<tr style=\"padding-left: 40px;\">\n<td style=\"width: 50.5006%; padding-left: 40px;\" colspan=\"2\" width=\"458\">Nombre de la versi\u00f3n<\/td>\n<td style=\"width: 62.1802%; padding-left: 40px;\" colspan=\"2\" width=\"437\">mini cooper 4 ruedas<\/td>\n<\/tr>\n<tr style=\"padding-left: 40px;\">\n<td style=\"width: 19.911%; padding-left: 40px;\" rowspan=\"4\" width=\"178\">Dimensiones<\/td>\n<td style=\"width: 30.5895%; padding-left: 40px;\" width=\"279\">L \u00d7 W \u00d7 H (mm)<\/td>\n<td style=\"width: 62.1802%; padding-left: 40px;\" colspan=\"2\" width=\"437\">3444*1550*1535<\/td>\n<\/tr>\n<tr style=\"padding-left: 40px;\">\n<td style=\"width: 30.5895%; padding-left: 40px;\" width=\"279\">N\u00famero de puertas\/asientos<\/td>\n<td style=\"width: 62.1802%; padding-left: 40px;\" colspan=\"2\" width=\"437\">3 puertas 4 asientos<\/td>\n<\/tr>\n<tr style=\"padding-left: 40px;\">\n<td style=\"width: 30.5895%; padding-left: 40px;\" width=\"279\">Ancho de la pista F\/R (mm)<\/td>\n<td style=\"width: 62.1802%; padding-left: 40px;\" colspan=\"2\" width=\"437\">1360\/1342<\/td>\n<\/tr>\n<tr style=\"padding-left: 40px;\">\n<td style=\"width: 30.5895%; padding-left: 40px;\" width=\"279\">Distancia entre ruedas (mm)<\/td>\n<td style=\"width: 62.1802%; padding-left: 40px;\" colspan=\"2\" width=\"437\">2350<\/td>\n<\/tr>\n<tr style=\"padding-left: 40px;\">\n<td style=\"width: 19.911%; padding-left: 40px;\" width=\"178\">Peso<\/td>\n<td style=\"width: 30.5895%; padding-left: 40px;\" width=\"279\">Pasajeros clasificados<\/td>\n<td style=\"width: 62.1802%; padding-left: 40px;\" colspan=\"2\" width=\"437\">4 personas<\/td>\n<\/tr>\n<tr style=\"padding-left: 40px;\">\n<td style=\"width: 19.911%; padding-left: 40px;\" rowspan=\"2\" width=\"178\">Rendimiento<\/td>\n<td style=\"width: 30.5895%; padding-left: 40px;\" width=\"279\">Velocidad m\u00e1xima (km\/h)<\/td>\n<td style=\"width: 62.1802%; padding-left: 40px;\" colspan=\"2\" width=\"437\">100<\/td>\n<\/tr>\n<tr style=\"padding-left: 40px;\">\n<td style=\"width: 30.5895%; padding-left: 40px;\" width=\"279\">Kilometraje (km)<\/td>\n<td style=\"width: 62.1802%; padding-left: 40px;\" colspan=\"2\" width=\"437\">219<\/td>\n<\/tr>\n<tr style=\"padding-left: 40px;\">\n<td style=\"width: 19.911%; padding-left: 40px;\" rowspan=\"3\" width=\"178\">Sistema de alimentaci\u00f3n<\/td>\n<td style=\"width: 30.5895%; padding-left: 40px;\" width=\"279\">Bater\u00eda (kWh)<\/td>\n<td style=\"width: 62.1802%; padding-left: 40px;\" colspan=\"2\" width=\"437\">Bater\u00eda de litio 18.43KWh<\/td>\n<\/tr>\n<tr style=\"padding-left: 40px;\">\n<td style=\"width: 30.5895%; padding-left: 40px;\" width=\"279\">Motor (kW)<\/td>\n<td style=\"width: 62.1802%; padding-left: 40px;\" colspan=\"2\" width=\"437\">pico nominal de 12KW 25KW<\/td>\n<\/tr>\n<tr style=\"padding-left: 40px;\">\n<td style=\"width: 30.5895%; padding-left: 40px;\" width=\"279\">Carga<\/td>\n<td style=\"width: 62.1802%; padding-left: 40px;\" colspan=\"2\" width=\"437\">7 horas<\/td>\n<\/tr>\n<tr style=\"padding-left: 40px;\">\n<td style=\"width: 19.911%; padding-left: 40px;\" rowspan=\"3\" width=\"178\">Sistema de chasis<\/td>\n<td style=\"width: 30.5895%; padding-left: 40px;\" width=\"279\">Sistema de frenado<\/td>\n<td style=\"width: 62.1802%; padding-left: 40px;\" colspan=\"2\" width=\"437\">Disco frontal y amp; Tambor trasero<\/td>\n<\/tr>\n<tr style=\"padding-left: 40px;\">\n<td style=\"width: 30.5895%; padding-left: 40px;\" width=\"279\">Sistema de suspensi\u00f3n<\/td>\n<td style=\"width: 62.1802%; padding-left: 40px;\" colspan=\"2\" width=\"437\">Delantero:Suspensi\u00f3n independiente McPherson<br \/>\nSuspensi\u00f3n de enlace Rear.multi<\/td>\n<\/tr>\n<tr style=\"padding-left: 40px;\">\n<td style=\"width: 30.5895%; padding-left: 40px;\" width=\"279\">Neum\u00e1ticos<\/td>\n<td style=\"width: 62.1802%; padding-left: 40px;\" colspan=\"2\" width=\"437\">175\/55R15<\/td>\n<\/tr>\n<tr style=\"padding-left: 40px;\">\n<td style=\"width: 19.911%; padding-left: 40px;\" rowspan=\"2\" width=\"178\">\u00a0Asistencia<br \/>\nsistema<\/td>\n<td style=\"width: 30.5895%; padding-left: 40px;\" rowspan=\"2\" width=\"279\">Otros<\/td>\n<td style=\"width: 62.1802%; padding-left: 40px;\" colspan=\"2\" width=\"437\">Direcci\u00f3n asistida<\/td>\n<\/tr>\n<tr style=\"padding-left: 40px;\">\n<td style=\"width: 62.1802%; padding-left: 40px;\" colspan=\"2\" width=\"437\">Aire acondicionado<\/td>\n<\/tr>\n<tr style=\"padding-left: 40px;\">\n<td style=\"width: 50.5006%; padding-left: 40px;\" colspan=\"2\" width=\"458\">Certificaci\u00f3n<\/td>\n<td style=\"width: 21.3571%; padding-left: 40px;\" width=\"193\">\u00a0Partes: ECE<\/td>\n<td style=\"width: 40.8231%; padding-left: 40px;\" width=\"244\">Veh\u00edculo: CEE<\/td>\n<\/tr>\n<\/tbody>\n<\/table>\n<hr style=\"padding-left: 40px;\" data-start=\"1129\" data-end=\"1132\" \/>\n<h2 style=\"padding-left: 40px;\" data-start=\"1134\" data-end=\"1156\">Descripci\u00f3n del producto<\/h2>\n<h3 style=\"padding-left: 40px;\" data-start=\"1158\" data-end=\"1180\">Categor\u00eda de producto<\/h3>\n<p style=\"padding-left: 40px;\" data-start=\"1181\" data-end=\"1261\">Veh\u00edculo el\u00e9ctrico de la ciudad \/ cuatro ruedas el\u00e9ctricas \/ veh\u00edculo comercial ligero el\u00e9ctrico<\/p>\n<h3 style=\"padding-left: 40px;\" data-start=\"1263\" data-end=\"1288\">Descripci\u00f3n del producto<\/h3>\n<p style=\"padding-left: 40px;\" data-start=\"1290\" data-end=\"1698\">El <strong data-start=\"1294\" data-end=\"1317\">Mini Cooper 4 ruedas<\/strong> adopta a <strong data-start=\"1327\" data-end=\"1366\">configuraci\u00f3n de tres puertas y cuatro asientos<\/strong>que ofrece una combinaci\u00f3n equilibrada de tama\u00f1o exterior compacto y capacidad pr\u00e1ctica para asientos interiores. Con dimensiones generales de <strong data-start=\"1493\" data-end=\"1518\">3444 \u00d7 1550 \u00d7 1535 mm<\/strong> y una <strong data-start=\"1525\" data-end=\"1546\">Distancia entre ejes 2350 mm<\/strong>El veh\u00edculo proporciona un espacio de cabina mejorado y estabilidad de conducci\u00f3n mientras se mantiene lo suficientemente \u00e1gil para el tr\u00e1fico urbano denso y entornos de aparcamiento limitados.<\/p>\n<p style=\"padding-left: 40px;\" data-start=\"1700\" data-end=\"2138\">Equipado con un <strong data-start=\"1717\" data-end=\"1746\">Bater\u00eda de litio de 18,43 kWh<\/strong>este veh\u00edculo el\u00e9ctrico de la ciudad ofrece una impresionante <strong data-start=\"1798\" data-end=\"1831\">autonom\u00eda de conducci\u00f3n de hasta 219 km<\/strong>lo que lo hace adecuado para desplazamientos diarios prolongados, viajes en la ciudad con m\u00faltiples paradas y uso compartido de la movilidad urbana. El motor el\u00e9ctrico ofrece <strong data-start=\"1963\" data-end=\"2005\">Potencia nominal de 12 kW y potencia m\u00e1xima de 25 kW<\/strong>Garantizando una aceleraci\u00f3n suave, una entrega de potencia sensible y un rendimiento consistente durante condiciones de conducci\u00f3n de parada y marcha frecuentes.<\/p>\n<p style=\"padding-left: 40px;\" data-start=\"2140\" data-end=\"2528\">En comparaci\u00f3n con los veh\u00edculos tradicionales a combustible, el Mini Cooper 4 Wheel reduce significativamente los costos de operaci\u00f3n a trav\u00e9s de un menor consumo de energ\u00eda y requisitos de mantenimiento simplificados. Como un <strong data-start=\"2331\" data-end=\"2363\">veh\u00edculo el\u00e9ctrico de cuatro ruedas<\/strong>Elimina componentes complejos del motor, lo que resulta en menos fallas mec\u00e1nicas y menores costos de propiedad a largo plazo tanto para los compradores individuales como para los operadores de flotas.<\/p>\n<p style=\"padding-left: 40px;\" data-start=\"2530\" data-end=\"2974\">El sistema de chasis cuenta con una <strong data-start=\"2560\" data-end=\"2602\">Suspensi\u00f3n delantera independiente McPherson<\/strong> combinado con una <strong data-start=\"2619\" data-end=\"2649\">suspensi\u00f3n multienlace trasera<\/strong>mejorando la comodidad de conducci\u00f3n, la estabilidad del veh\u00edculo y la adaptabilidad de la carretera. Esta configuraci\u00f3n de suspensi\u00f3n mejora el rendimiento de manejo en carreteras urbanas desiguales mientras mantiene la comodidad durante conducciones diarias m\u00e1s largas. El <strong data-start=\"2849\" data-end=\"2892\">Sistema de frenado de disco delantero y tambor trasero<\/strong> garantiza un rendimiento de frenado fiable y seguridad en diversas condiciones de conducci\u00f3n.<\/p>\n<p style=\"padding-left: 40px;\" data-start=\"2976\" data-end=\"3391\">Para mejorar la comodidad de conducci\u00f3n y el control, el veh\u00edculo est\u00e1 equipado con <strong data-start=\"3047\" data-end=\"3074\">direcci\u00f3n asistida<\/strong>que permite maniobrar sin esfuerzo a bajas velocidades y una mejor manejabilidad en entornos urbanos. El <strong data-start=\"3170\" data-end=\"3190\">Neum\u00e1ticos 175\/55 R15<\/strong> proporcionan un parche de contacto estable y agarre optimizado, contribuyendo a la seguridad de conducci\u00f3n y la eficiencia energ\u00e9tica. Un integrado <strong data-start=\"3310\" data-end=\"3337\">sistema de aire acondicionado<\/strong> mejora a\u00fan m\u00e1s la comodidad de la cabina en diferentes climas.<\/p>\n<p style=\"padding-left: 40px;\" data-start=\"3393\" data-end=\"3773\">El Mini Cooper 4 Wheel est\u00e1 certificado con <strong data-start=\"3435\" data-end=\"3462\">Certificaci\u00f3n de piezas ECE<\/strong> y <strong data-start=\"3467\" data-end=\"3496\">Certificaci\u00f3n de veh\u00edculos CEE<\/strong>cumplir con las normas reguladoras clave para los mercados internacionales. Como un <strong data-start=\"3563\" data-end=\"3594\">plataforma de veh\u00edculo personalizada<\/strong>Soporta opciones de personalizaci\u00f3n OEM, incluyendo marca, ajustes interiores y actualizaciones de configuraci\u00f3n funcional, lo que permite una adaptaci\u00f3n flexible a las diferentes demandas del mercado.<\/p>\n<hr style=\"padding-left: 40px;\" data-start=\"3775\" data-end=\"3778\" \/>\n<h2 style=\"padding-left: 40px;\" data-start=\"3780\" data-end=\"3822\">Caracter\u00edsticas clave &amp; Ventajas (M\u00e9todo FABE)<\/h2>\n<h3 style=\"padding-left: 40px;\" data-start=\"3824\" data-end=\"3838\">Caracter\u00edsticas<\/h3>\n<ul>\n<li style=\"list-style-type: none;\">\n<ul data-start=\"3839\" data-end=\"4071\">\n<li data-start=\"3839\" data-end=\"3882\">\n<p data-start=\"3841\" data-end=\"3882\">Dise\u00f1o de veh\u00edculo el\u00e9ctrico compacto de tres puertas y cuatro asientos<\/p>\n<\/li>\n<li data-start=\"3883\" data-end=\"3932\">\n<p data-start=\"3885\" data-end=\"3932\">Bater\u00eda de litio de 18,43 kWh con alcance extendido<\/p>\n<\/li>\n<li data-start=\"3933\" data-end=\"3976\">\n<p data-start=\"3935\" data-end=\"3976\">Potencia nominal \/ m\u00e1xima del motor: 12 kW \/ 25 kW<\/p>\n<\/li>\n<li data-start=\"3977\" data-end=\"4018\">\n<p data-start=\"3979\" data-end=\"4018\">Disco delantero &amp; sistema de frenado de tambor trasero<\/p>\n<\/li>\n<li data-start=\"4019\" data-end=\"4071\">\n<p data-start=\"4021\" data-end=\"4071\">Suspensi\u00f3n delantera y trasera independiente<\/p>\n<\/li>\n<\/ul>\n<\/li>\n<\/ul>\n<h3 style=\"padding-left: 40px;\" data-start=\"4073\" data-end=\"4089\">Ventajas<\/h3>\n<ul>\n<li style=\"list-style-type: none;\">\n<ul data-start=\"4090\" data-end=\"4292\">\n<li data-start=\"4090\" data-end=\"4134\">\n<p data-start=\"4092\" data-end=\"4134\">Mayor autonom\u00eda para uso diario urbano<\/p>\n<\/li>\n<li data-start=\"4135\" data-end=\"4202\">\n<p data-start=\"4137\" data-end=\"4202\">Menores costos de operaci\u00f3n y mantenimiento en comparaci\u00f3n con los veh\u00edculos a combustible<\/p>\n<\/li>\n<li data-start=\"4203\" data-end=\"4243\">\n<p data-start=\"4205\" data-end=\"4243\">Conducci\u00f3n c\u00f3moda y manejo estable<\/p>\n<\/li>\n<li data-start=\"4244\" data-end=\"4292\">\n<p data-start=\"4246\" data-end=\"4292\">Tama\u00f1o compacto con capacidad de asiento pr\u00e1ctica<\/p>\n<\/li>\n<\/ul>\n<\/li>\n<\/ul>\n<h3 style=\"padding-left: 40px;\" data-start=\"4294\" data-end=\"4314\">Beneficios del comprador<\/h3>\n<ul>\n<li style=\"list-style-type: none;\">\n<ul data-start=\"4315\" data-end=\"4539\">\n<li data-start=\"4315\" data-end=\"4356\">\n<p data-start=\"4317\" data-end=\"4356\">Reducci\u00f3n del costo total de propiedad (TCO)<\/p>\n<\/li>\n<li data-start=\"4357\" data-end=\"4419\">\n<p data-start=\"4359\" data-end=\"4419\">Adecuado para desplazamientos familiares y proyectos de movilidad compartida<\/p>\n<\/li>\n<li data-start=\"4420\" data-end=\"4475\">\n<p data-start=\"4422\" data-end=\"4475\">F\u00e1cil carga durante la noche con un tiempo de carga de 7 horas<\/p>\n<\/li>\n<li data-start=\"4476\" data-end=\"4539\">\n<p data-start=\"4478\" data-end=\"4539\">Personalizaci\u00f3n flexible del OEM para diferentes posicionamientos en el mercado<\/p>\n<\/li>\n<\/ul>\n<\/li>\n<\/ul>\n<h3 style=\"padding-left: 40px;\" data-start=\"4541\" data-end=\"4555\">Evidencia<\/h3>\n<ul>\n<li style=\"list-style-type: none;\">\n<ul data-start=\"4556\" data-end=\"4719\">\n<li data-start=\"4556\" data-end=\"4604\">\n<p data-start=\"4558\" data-end=\"4604\">Certificaci\u00f3n CEE de veh\u00edculos para mercados de exportaci\u00f3n<\/p>\n<\/li>\n<li data-start=\"4605\" data-end=\"4648\">\n<p data-start=\"4607\" data-end=\"4648\">Arquitectura de transmisi\u00f3n el\u00e9ctrica probada<\/p>\n<\/li>\n<li data-start=\"4649\" data-end=\"4719\">\n<p data-start=\"4651\" data-end=\"4719\">Tecnolog\u00edas maduras de suspensi\u00f3n y frenado ampliamente utilizadas en veh\u00edculos el\u00e9ctricos urbanos<\/p>\n<\/li>\n<\/ul>\n<\/li>\n<\/ul>\n<hr style=\"padding-left: 40px;\" data-start=\"4721\" data-end=\"4724\" \/>\n<h2 style=\"padding-left: 40px;\" data-start=\"4726\" data-end=\"4750\">Escenarios de aplicaci\u00f3n<\/h2>\n<ul>\n<li style=\"list-style-type: none;\">\n<ul data-start=\"4752\" data-end=\"4951\">\n<li data-start=\"4752\" data-end=\"4778\">\n<p data-start=\"4754\" data-end=\"4778\">Viajes familiares urbanos<\/p>\n<\/li>\n<li data-start=\"4779\" data-end=\"4808\">\n<p data-start=\"4781\" data-end=\"4808\">Transporte urbano diario<\/p>\n<\/li>\n<li data-start=\"4809\" data-end=\"4853\">\n<p data-start=\"4811\" data-end=\"4853\">Servicios de movilidad compartida y compartir coches<\/p>\n<\/li>\n<li data-start=\"4854\" data-end=\"4889\">\n<p data-start=\"4856\" data-end=\"4889\">Viajes intercity de corta distancia<\/p>\n<\/li>\n<li data-start=\"4890\" data-end=\"4951\">\n<p data-start=\"4892\" data-end=\"4951\">Proyectos de veh\u00edculos el\u00e9ctricos personalizados para mercados extranjeros<\/p>\n<\/li>\n<\/ul>\n<\/li>\n<\/ul>\n<hr style=\"padding-left: 40px;\" data-start=\"4953\" data-end=\"4956\" \/>\n<h2 style=\"padding-left: 40px;\" data-start=\"4958\" data-end=\"5003\">Por qu\u00e9 elegir Mini Cooper 4 ruedas de Tairui<\/h2>\n<p style=\"padding-left: 40px;\" data-start=\"5005\" data-end=\"5374\">Con a\u00f1os de experiencia en veh\u00edculos el\u00e9ctricos R &amp; amp; D y fabricaci\u00f3n, <strong data-start=\"5073\" data-end=\"5127\">Shandong Tairui Automobile &amp; Electr\u00f3nica Co., Ltd.<\/strong> entrega m\u00e1s que veh\u00edculos est\u00e1ndar. Ofrecemos completo <strong data-start=\"5186\" data-end=\"5217\">Soluciones de movilidad el\u00e9ctrica<\/strong>que combina la capacidad de producci\u00f3n estable, la personalizaci\u00f3n del OEM y el apoyo profesional posventa para ayudar a los clientes a entrar y expandir sus mercados de manera eficiente.<\/p>\n<hr style=\"padding-left: 40px;\" data-start=\"5376\" data-end=\"5379\" \/>\n<h2 style=\"padding-left: 40px;\" data-start=\"5381\" data-end=\"5404\">Llamada a la Acci\u00f3n (CTA)<\/h2>\n<p style=\"padding-left: 40px;\" data-start=\"5406\" data-end=\"5678\">Buscando un confiable <strong data-start=\"5429\" data-end=\"5454\">veh\u00edculo el\u00e9ctrico de la ciudad<\/strong> o una <strong data-start=\"5460\" data-end=\"5504\">soluci\u00f3n el\u00e9ctrica personalizada de cuatro ruedas<\/strong> para su mercado?<br data-start=\"5521\" data-end=\"5524\" \/><strong data-start=\"5524\" data-end=\"5544\">Cont\u00e1ctenos hoy mismo<\/strong> para recibir especificaciones detalladas, opciones de personalizaci\u00f3n del OEM, informaci\u00f3n de precios y soporte t\u00e9cnico de nuestro equipo profesional.<\/p>\n<hr style=\"padding-left: 40px;\" data-start=\"5680\" data-end=\"5683\" \/>\n<h2 style=\"padding-left: 40px;\" data-start=\"5685\" data-end=\"5691\">Preguntas frecuentes<\/h2>\n<p style=\"padding-left: 40px;\" data-start=\"5693\" data-end=\"5841\"><strong data-start=\"5693\" data-end=\"5744\">Q1: \u00bfCu\u00e1ntos pasajeros puede llevar este veh\u00edculo?<\/strong><br data-start=\"5744\" data-end=\"5747\" \/>Est\u00e1 dise\u00f1ado para <strong data-start=\"5766\" data-end=\"5785\">cuatro pasajeros<\/strong>lo que lo hace adecuado para uso familiar y de movilidad compartida.<\/p>\n<p style=\"padding-left: 40px;\" data-start=\"5843\" data-end=\"5974\"><strong data-start=\"5843\" data-end=\"5885\">Q2: \u00bfCu\u00e1l es el rango m\u00e1ximo de conducci\u00f3n?<\/strong><br data-start=\"5885\" data-end=\"5888\" \/>El veh\u00edculo ofrece un rango de conducci\u00f3n de hasta <strong data-start=\"5932\" data-end=\"5942\">219 kil\u00f3metros<\/strong>Dependiendo de las condiciones de uso.<\/p>\n<p style=\"padding-left: 40px;\" data-start=\"5976\" data-end=\"6133\"><strong data-start=\"5976\" data-end=\"6032\">Q3: \u00bfEste modelo se puede personalizar para los mercados de exportaci\u00f3n?<\/strong><br data-start=\"6032\" data-end=\"6035\" \/>- S\u00ed. - S\u00ed. La personalizaci\u00f3n del OEM est\u00e1 disponible, incluyendo la marca, el dise\u00f1o del interior y las actualizaciones funcionales.<\/p>\n<p style=\"padding-left: 40px;\" data-start=\"6135\" data-end=\"6286\"><strong data-start=\"6135\" data-end=\"6181\">Q4: \u00bfQu\u00e9 tipo de carga soporta?<\/strong><br data-start=\"6181\" data-end=\"6184\" \/>El tiempo de carga est\u00e1ndar es aproximadamente <strong data-start=\"6228\" data-end=\"6239\">7 horas<\/strong>, adecuado para la carga de CA dom\u00e9stica y comercial.<\/p>\n<p style=\"padding-left: 40px;\" data-start=\"6288\" data-end=\"6446\"><strong data-start=\"6288\" data-end=\"6359\">Q5: \u00bfEl veh\u00edculo cumple con los requisitos de certificaci\u00f3n internacional?<\/strong><br data-start=\"6359\" data-end=\"6362\" \/>- S\u00ed. - S\u00ed. Cumple con <strong data-start=\"6384\" data-end=\"6411\">Certificaci\u00f3n de piezas ECE<\/strong> y <strong data-start=\"6416\" data-end=\"6445\">Certificaci\u00f3n de veh\u00edculos CEE<\/strong>.<\/p>","protected":false},"excerpt":{"rendered":"<p><strong data-start=\"430\" data-end=\"453\">Mini Cooper 4 ruedas<\/strong> es un veh\u00edculo el\u00e9ctrico urbano compacto dise\u00f1ado para el desplazamiento urbano y el transporte familiar. Con un amplio rango de conducci\u00f3n, un rendimiento el\u00e9ctrico estable y caracter\u00edsticas de confort modernas, ofrece una soluci\u00f3n de movilidad eficiente y respetuosa con el medio ambiente para los usuarios de la ciudad y los mercados extranjeros.<\/p>","protected":false},"featured_media":2041,"comment_status":"open","ping_status":"closed","template":"","meta":[],"product_brand":[],"product_cat":[77],"product_tag":[],"class_list":{"0":"post-1024","1":"product","2":"type-product","3":"status-publish","4":"has-post-thumbnail","6":"product_cat-electric-micro-vehicle","8":"first","9":"instock","10":"shipping-taxable","11":"product-type-simple"},"_links":{"self":[{"href":"https:\/\/www.tairuiauto.com\/es\/wp-json\/wp\/v2\/product\/1024","targetHints":{"allow":["GET"]}}],"collection":[{"href":"https:\/\/www.tairuiauto.com\/es\/wp-json\/wp\/v2\/product"}],"about":[{"href":"https:\/\/www.tairuiauto.com\/es\/wp-json\/wp\/v2\/types\/product"}],"replies":[{"embeddable":true,"href":"https:\/\/www.tairuiauto.com\/es\/wp-json\/wp\/v2\/comments?post=1024"}],"wp:featuredmedia":[{"embeddable":true,"href":"https:\/\/www.tairuiauto.com\/es\/wp-json\/wp\/v2\/media\/2041"}],"wp:attachment":[{"href":"https:\/\/www.tairuiauto.com\/es\/wp-json\/wp\/v2\/media?parent=1024"}],"wp:term":[{"taxonomy":"product_brand","embeddable":true,"href":"https:\/\/www.tairuiauto.com\/es\/wp-json\/wp\/v2\/product_brand?post=1024"},{"taxonomy":"product_cat","embeddable":true,"href":"https:\/\/www.tairuiauto.com\/es\/wp-json\/wp\/v2\/product_cat?post=1024"},{"taxonomy":"product_tag","embeddable":true,"href":"https:\/\/www.tairuiauto.com\/es\/wp-json\/wp\/v2\/product_tag?post=1024"}],"curies":[{"name":"WP","href":"https:\/\/api.w.org\/{rel}","templated":true}]}}