{"id":1026,"date":"2025-02-08T16:38:23","date_gmt":"2025-02-08T08:38:23","guid":{"rendered":"http:\/\/www.tairuiauto.com\/?post_type=product&#038;p=1026"},"modified":"2025-12-18T08:29:57","modified_gmt":"2025-12-18T00:29:57","slug":"small-suv-sm001-electric","status":"publish","type":"product","link":"https:\/\/www.tairuiauto.com\/es\/product\/small-suv-sm001-electric\/","title":{"rendered":"Peque\u00f1o SUV el\u00e9ctrico de cuatro asientos"},"content":{"rendered":"<h2 style=\"padding-left: 40px;\" data-start=\"724\" data-end=\"764\">Descripci\u00f3n general del producto<\/h2>\n<p style=\"padding-left: 40px;\" data-start=\"766\" data-end=\"1119\">Este modelo es una nueva generaci\u00f3n <strong data-start=\"798\" data-end=\"823\">veh\u00edculo el\u00e9ctrico de la ciudad<\/strong> desarrollado para usuarios que requieren un mayor alcance, un mayor rendimiento y una mayor comodidad en entornos urbanos y suburbanos. Construido sobre una plataforma el\u00e9ctrica de cuatro ruedas de alto voltaje, combina proporciones compactas con mayor potencia y flexibilidad de carga para las necesidades de movilidad diaria y comercial.<\/p>\n<table style=\"width: 85.3376%; margin-left: 40px;\" width=\"755\">\n<tbody style=\"padding-left: 40px;\">\n<tr style=\"padding-left: 40px;\">\n<td style=\"width: 21.4192%; padding-left: 40px;\" rowspan=\"4\" width=\"161\">Dimensiones<\/td>\n<td style=\"width: 31.1432%; padding-left: 40px;\" width=\"238\">LxWxH (mm)<\/td>\n<td style=\"width: 100.131%; padding-left: 40px;\" width=\"355\">3720*1640*1535<\/td>\n<\/tr>\n<tr style=\"padding-left: 40px;\">\n<td style=\"width: 31.1432%; padding-left: 40px;\">N\u00famero de puertas \/ asientos<\/td>\n<td style=\"width: 100.131%; padding-left: 40px;\">5 puertas 4 asientos<\/td>\n<\/tr>\n<tr style=\"padding-left: 40px;\">\n<td style=\"width: 31.1432%; padding-left: 40px;\">Ancho de la v\u00eda F\/R (mm)<\/td>\n<td style=\"width: 100.131%; padding-left: 40px;\">1420\/1420<\/td>\n<\/tr>\n<tr style=\"padding-left: 40px;\">\n<td style=\"width: 31.1432%; padding-left: 40px;\">Distancia entre ruedas (mm)<\/td>\n<td style=\"width: 100.131%; padding-left: 40px;\">2350<\/td>\n<\/tr>\n<tr style=\"padding-left: 40px;\">\n<td style=\"width: 21.4192%; padding-left: 40px;\" rowspan=\"2\">Peso<\/td>\n<td style=\"width: 31.1432%; padding-left: 40px;\">Peso del borde (kg)<\/td>\n<td style=\"width: 100.131%; padding-left: 40px;\">1020<\/td>\n<\/tr>\n<tr style=\"padding-left: 40px;\">\n<td style=\"width: 31.1432%; padding-left: 40px;\">Peso cargado (kg)<\/td>\n<td style=\"width: 100.131%; padding-left: 40px;\">1320<\/td>\n<\/tr>\n<tr style=\"padding-left: 40px;\">\n<td style=\"width: 21.4192%; padding-left: 40px;\" rowspan=\"3\">Rendimiento<\/td>\n<td style=\"width: 31.1432%; padding-left: 40px;\">Plataforma de voltaje<\/td>\n<td style=\"width: 100.131%; padding-left: 40px;\">312<\/td>\n<\/tr>\n<tr style=\"padding-left: 40px;\">\n<td style=\"width: 31.1432%; padding-left: 40px;\">Velocidad m\u00e1xima (km\/h)<\/td>\n<td style=\"width: 100.131%; padding-left: 40px;\">110<\/td>\n<\/tr>\n<tr style=\"padding-left: 40px;\">\n<td style=\"width: 31.1432%; padding-left: 40px;\">Kilometraje (km)<\/td>\n<td style=\"width: 100.131%; padding-left: 40px;\">320<\/td>\n<\/tr>\n<tr style=\"padding-left: 40px;\">\n<td style=\"width: 21.4192%; padding-left: 40px;\" rowspan=\"4\">Sistema de alimentaci\u00f3n<\/td>\n<td style=\"width: 31.1432%; padding-left: 40px;\">Bater\u00eda (kWh)<\/td>\n<td style=\"width: 100.131%; padding-left: 40px;\">Bater\u00eda de litio ternaria de 31.15KWh<\/td>\n<\/tr>\n<tr style=\"padding-left: 40px;\">\n<td style=\"width: 31.1432%; padding-left: 40px;\">Motor (kW)<\/td>\n<td style=\"width: 100.131%; padding-left: 40px;\">50 KW<\/td>\n<\/tr>\n<tr style=\"padding-left: 40px;\">\n<td style=\"width: 31.1432%; padding-left: 40px;\">Torque m\u00e1ximo del motor (Nm)<\/td>\n<td style=\"width: 100.131%; padding-left: 40px;\">125nm<\/td>\n<\/tr>\n<tr style=\"padding-left: 40px;\">\n<td style=\"width: 31.1432%; padding-left: 40px;\">Carga<\/td>\n<td style=\"width: 100.131%; padding-left: 40px;\">CA CC carga ccs2<\/td>\n<\/tr>\n<tr style=\"padding-left: 40px;\">\n<td style=\"width: 21.4192%; padding-left: 40px;\" rowspan=\"3\">Sistema de chasis<\/td>\n<td style=\"width: 31.1432%; padding-left: 40px;\">Sistema de frenado<\/td>\n<td style=\"width: 100.131%; padding-left: 40px;\">Disco frontal &amp; Tambor trasero<\/td>\n<\/tr>\n<tr style=\"padding-left: 40px;\">\n<td style=\"width: 31.1432%; padding-left: 40px;\">Sistema de suspensi\u00f3n<\/td>\n<td style=\"width: 100.131%; padding-left: 40px;\" width=\"355\">Delantero: Suspensi\u00f3n independiente McPherson Trasero: Suspensi\u00f3n semi-independiente de viga de torsi\u00f3n<\/td>\n<\/tr>\n<tr style=\"padding-left: 40px;\">\n<td style=\"width: 31.1432%; padding-left: 40px;\">Neum\u00e1ticos<\/td>\n<td style=\"width: 100.131%; padding-left: 40px;\">165\/65 R15<\/td>\n<\/tr>\n<tr style=\"padding-left: 40px;\">\n<td style=\"width: 21.4192%; padding-left: 40px;\" rowspan=\"2\">Sistema de asistencia<\/td>\n<td style=\"width: 31.1432%; padding-left: 40px;\" rowspan=\"2\">Otros<\/td>\n<td style=\"width: 100.131%; padding-left: 40px;\">Direcci\u00f3n asistida por Pov\/er<\/td>\n<\/tr>\n<tr style=\"padding-left: 40px;\">\n<td style=\"width: 100.131%; padding-left: 40px;\">Aire acondicionado<\/td>\n<\/tr>\n<tr style=\"padding-left: 40px;\">\n<td style=\"width: 52.5624%; padding-left: 40px;\" colspan=\"2\">Certificaci\u00f3n<\/td>\n<td style=\"width: 100.131%; padding-left: 40px;\">Piezas: ECE Veh\u00edculo: CCC<\/td>\n<\/tr>\n<\/tbody>\n<\/table>\n<hr style=\"padding-left: 40px;\" data-start=\"1121\" data-end=\"1124\" \/>\n<h2 style=\"padding-left: 40px;\" data-start=\"1126\" data-end=\"1148\">Descripci\u00f3n del producto<\/h2>\n<p style=\"padding-left: 40px;\" data-start=\"1282\" data-end=\"1661\">Esto <strong data-start=\"1287\" data-end=\"1333\">Veh\u00edculo el\u00e9ctrico urbano de cinco puertas y cuatro asientos<\/strong> ofrece un dise\u00f1o bien equilibrado que prioriza el espacio interior, la estabilidad de conducci\u00f3n y el alcance extendido. Con dimensiones generales de <strong data-start=\"1463\" data-end=\"1488\">3720 \u00d7 1640 \u00d7 1535 mm<\/strong> y una <strong data-start=\"1495\" data-end=\"1516\">Distancia entre ejes 2350 mm<\/strong>El veh\u00edculo proporciona un alojamiento c\u00f3modo para los pasajeros al tiempo que mantiene una excelente maniobrabilidad para las calles de la ciudad y los entornos de aparcamiento.<\/p>\n<p style=\"padding-left: 40px;\" data-start=\"1663\" data-end=\"2026\">Alimentado por a <strong data-start=\"1676\" data-end=\"1713\">Bater\u00eda de litio ternario de 31,15 kWh<\/strong>El veh\u00edculo logra una impresionante <strong data-start=\"1750\" data-end=\"1783\">autonom\u00eda de conducci\u00f3n de hasta 320 km<\/strong>lo que lo hace adecuado para viajes diarios largos, servicios de transporte compartido y uso urbano de alta frecuencia. El <strong data-start=\"1886\" data-end=\"1917\">Plataforma de alta tensi\u00f3n de 312 V<\/strong> Mejora la eficiencia energ\u00e9tica y la entrega de energ\u00eda, al tiempo que reduce el tiempo de carga en comparaci\u00f3n con los sistemas de baja tensi\u00f3n.<\/p>\n<p style=\"padding-left: 40px;\" data-start=\"2028\" data-end=\"2341\">El motor el\u00e9ctrico entrega <strong data-start=\"2056\" data-end=\"2081\">50 kW de potencia de salida<\/strong> y <strong data-start=\"2086\" data-end=\"2114\">125 Nm de par m\u00e1ximo<\/strong>Garantizando una aceleraci\u00f3n fuerte y un rendimiento seguro tanto en el tr\u00e1fico urbano como en las condiciones de conducci\u00f3n suburbanas. Con una <strong data-start=\"2232\" data-end=\"2261\">Velocidad m\u00e1xima de 110 km\/h<\/strong>El veh\u00edculo satisface c\u00f3modamente las demandas de las autopistas urbanas y las carreteras circundantes.<\/p>\n<p style=\"padding-left: 40px;\" data-start=\"2343\" data-end=\"2660\">La flexibilidad de carga es una ventaja clave de este modelo. Apoya <strong data-start=\"2410\" data-end=\"2453\">Carga r\u00e1pida de CA y CC (est\u00e1ndar CCS2)<\/strong>que permite a los usuarios elegir la carga nocturna conveniente o la carga r\u00e1pida durante las operaciones. Esta capacidad mejora significativamente la eficiencia de la utilizaci\u00f3n del veh\u00edculo tanto para los usuarios privados como para los operadores de flotas.<\/p>\n<p style=\"padding-left: 40px;\" data-start=\"2662\" data-end=\"3044\">El sistema de chasis est\u00e1 dise\u00f1ado para la comodidad urbana y la durabilidad. Una <strong data-start=\"2731\" data-end=\"2773\">Suspensi\u00f3n delantera independiente McPherson<\/strong> combinado con una <strong data-start=\"2790\" data-end=\"2839\">suspensi\u00f3n semiindependiente de viga de torsi\u00f3n trasera<\/strong> proporciona una sensaci\u00f3n de conducci\u00f3n estable mientras absorbe efectivamente las irregularidades de la carretera. El <strong data-start=\"2924\" data-end=\"2967\">Sistema de frenado de disco delantero y tambor trasero<\/strong> garantiza un rendimiento de frenado fiable bajo diversas condiciones de carga y carretera.<\/p>\n<p style=\"padding-left: 40px;\" data-start=\"3046\" data-end=\"3407\">Para mejorar el manejo y la comodidad, el veh\u00edculo est\u00e1 equipado con <strong data-start=\"3110\" data-end=\"3137\">direcci\u00f3n asistida<\/strong>que permite una maniobra suave a bajas velocidades y un control preciso a velocidades m\u00e1s altas. <strong data-start=\"3219\" data-end=\"3239\">Neum\u00e1ticos 165\/65 R15<\/strong> ofrecen un buen equilibrio entre la comodidad de conducci\u00f3n, el agarre y la eficiencia energ\u00e9tica. Un integrado <strong data-start=\"3326\" data-end=\"3353\">sistema de aire acondicionado<\/strong> mejora a\u00fan m\u00e1s la comodidad de la cabina en diferentes climas.<\/p>\n<p style=\"padding-left: 40px;\" data-start=\"3409\" data-end=\"3762\">Certificado con <strong data-start=\"3424\" data-end=\"3446\">Homologaci\u00f3n de piezas de la CEPE<\/strong> y <strong data-start=\"3451\" data-end=\"3480\">Certificaci\u00f3n de veh\u00edculos CCC<\/strong>Este modelo cumple con las normas regulatorias esenciales para mercados nacionales e internacionales seleccionados. Como un <strong data-start=\"3584\" data-end=\"3615\">plataforma de veh\u00edculo personalizada<\/strong>Soporta la personalizaci\u00f3n del OEM, incluyendo dise\u00f1os interiores, configuraciones funcionales y soluciones de marca para satisfacer diversos requisitos del mercado.<\/p>\n<hr style=\"padding-left: 40px;\" data-start=\"3764\" data-end=\"3767\" \/>\n<h2 style=\"padding-left: 40px;\" data-start=\"3769\" data-end=\"3811\">Caracter\u00edsticas clave &amp; Ventajas (M\u00e9todo FABE)<\/h2>\n<h3 style=\"padding-left: 40px;\" data-start=\"3813\" data-end=\"3827\">Caracter\u00edsticas<\/h3>\n<ul>\n<li style=\"list-style-type: none;\">\n<ul data-start=\"3828\" data-end=\"4021\">\n<li data-start=\"3828\" data-end=\"3874\">\n<p data-start=\"3830\" data-end=\"3874\">Configuraci\u00f3n de veh\u00edculo el\u00e9ctrico urbano de cinco puertas y cuatro asientos<\/p>\n<\/li>\n<li data-start=\"3875\" data-end=\"3912\">\n<p data-start=\"3877\" data-end=\"3912\">Bater\u00eda de litio ternario de 31,15 kWh<\/p>\n<\/li>\n<li data-start=\"3913\" data-end=\"3947\">\n<p data-start=\"3915\" data-end=\"3947\">Motor de 50 kW con par de 125 Nm<\/p>\n<\/li>\n<li data-start=\"3948\" data-end=\"3980\">\n<p data-start=\"3950\" data-end=\"3980\">Carga r\u00e1pida AC DC (CCS2)<\/p>\n<\/li>\n<li data-start=\"3981\" data-end=\"4021\">\n<p data-start=\"3983\" data-end=\"4021\">Plataforma el\u00e9ctrica de alta tensi\u00f3n 312 V<\/p>\n<\/li>\n<\/ul>\n<\/li>\n<\/ul>\n<h3 style=\"padding-left: 40px;\" data-start=\"4023\" data-end=\"4039\">Ventajas<\/h3>\n<ul>\n<li style=\"list-style-type: none;\">\n<ul data-start=\"4040\" data-end=\"4227\">\n<li data-start=\"4040\" data-end=\"4090\">\n<p data-start=\"4042\" data-end=\"4090\">Rango de conducci\u00f3n extendido para uso diario intensivo<\/p>\n<\/li>\n<li data-start=\"4091\" data-end=\"4132\">\n<p data-start=\"4093\" data-end=\"4132\">Carga m\u00e1s r\u00e1pida y mayor eficiencia<\/p>\n<\/li>\n<li data-start=\"4133\" data-end=\"4181\">\n<p data-start=\"4135\" data-end=\"4181\">Potencia de salida m\u00e1s fuerte que los micro EVs t\u00edpicos<\/p>\n<\/li>\n<li data-start=\"4182\" data-end=\"4227\">\n<p data-start=\"4184\" data-end=\"4227\">Manejo estable y comodidad de conducci\u00f3n mejorada<\/p>\n<\/li>\n<\/ul>\n<\/li>\n<\/ul>\n<h3 style=\"padding-left: 40px;\" data-start=\"4229\" data-end=\"4249\">Beneficios del comprador<\/h3>\n<ul>\n<li style=\"list-style-type: none;\">\n<ul data-start=\"4250\" data-end=\"4483\">\n<li data-start=\"4250\" data-end=\"4293\">\n<p data-start=\"4252\" data-end=\"4293\">Reducci\u00f3n de la frecuencia de carga y el tiempo de inactividad<\/p>\n<\/li>\n<li data-start=\"4294\" data-end=\"4357\">\n<p data-start=\"4296\" data-end=\"4357\">Adecuado para uso familiar, transporte y operaciones de flota<\/p>\n<\/li>\n<li data-start=\"4358\" data-end=\"4419\">\n<p data-start=\"4360\" data-end=\"4419\">Menor costo total de propiedad en comparaci\u00f3n con los veh\u00edculos a combustible<\/p>\n<\/li>\n<li data-start=\"4420\" data-end=\"4483\">\n<p data-start=\"4422\" data-end=\"4483\">Personalizaci\u00f3n flexible del OEM para diferentes posicionamientos en el mercado<\/p>\n<\/li>\n<\/ul>\n<\/li>\n<\/ul>\n<h3 style=\"padding-left: 40px;\" data-start=\"4485\" data-end=\"4499\">Evidencia<\/h3>\n<ul>\n<li style=\"list-style-type: none;\">\n<ul data-start=\"4500\" data-end=\"4666\">\n<li data-start=\"4500\" data-end=\"4542\">\n<p data-start=\"4502\" data-end=\"4542\">Cumplimiento certificado de veh\u00edculos y piezas<\/p>\n<\/li>\n<li data-start=\"4543\" data-end=\"4597\">\n<p data-start=\"4545\" data-end=\"4597\">Tecnolog\u00eda de transmisi\u00f3n el\u00e9ctrica de alta tensi\u00f3n madura<\/p>\n<\/li>\n<li data-start=\"4598\" data-end=\"4666\">\n<p data-start=\"4600\" data-end=\"4666\">Sistemas de suspensi\u00f3n y frenado probados utilizados en plataformas urbanas de veh\u00edculos el\u00e9ctricos<\/p>\n<\/li>\n<\/ul>\n<\/li>\n<\/ul>\n<hr style=\"padding-left: 40px;\" data-start=\"4668\" data-end=\"4671\" \/>\n<h2 style=\"padding-left: 40px;\" data-start=\"4673\" data-end=\"4697\">Escenarios de aplicaci\u00f3n<\/h2>\n<ul>\n<li style=\"list-style-type: none;\">\n<ul data-start=\"4699\" data-end=\"4927\">\n<li data-start=\"4699\" data-end=\"4737\">\n<p data-start=\"4701\" data-end=\"4737\">Viajes diarios urbanos y suburbanos<\/p>\n<\/li>\n<li data-start=\"4738\" data-end=\"4763\">\n<p data-start=\"4740\" data-end=\"4763\">Transporte familiar<\/p>\n<\/li>\n<li data-start=\"4764\" data-end=\"4809\">\n<p data-start=\"4766\" data-end=\"4809\">Servicios de transporte y movilidad compartida<\/p>\n<\/li>\n<li data-start=\"4810\" data-end=\"4854\">\n<p data-start=\"4812\" data-end=\"4854\">Operaciones de flotas corporativas y municipales<\/p>\n<\/li>\n<li data-start=\"4855\" data-end=\"4927\">\n<p data-start=\"4857\" data-end=\"4927\">Proyectos de veh\u00edculos el\u00e9ctricos personalizados para mercados nacionales y de exportaci\u00f3n<\/p>\n<\/li>\n<\/ul>\n<\/li>\n<\/ul>\n<hr style=\"padding-left: 40px;\" data-start=\"4929\" data-end=\"4932\" \/>\n<h2 style=\"padding-left: 40px;\" data-start=\"4934\" data-end=\"4970\">Por qu\u00e9 elegir este modelo de Tairui<\/h2>\n<p style=\"padding-left: 40px;\" data-start=\"4972\" data-end=\"5337\">Con una amplia experiencia en el desarrollo y fabricaci\u00f3n de veh\u00edculos el\u00e9ctricos, <strong data-start=\"5049\" data-end=\"5103\">Shandong Tairui Automobile &amp; Electr\u00f3nica Co., Ltd.<\/strong> ofrece fiabilidad y escalabilidad <strong data-start=\"5135\" data-end=\"5166\">Soluciones de movilidad el\u00e9ctrica<\/strong>Desde el dise\u00f1o del veh\u00edculo hasta la personalizaci\u00f3n del OEM y el soporte posventa, ayudamos a los clientes a reducir el riesgo de adquisici\u00f3n, mejorar la eficiencia operativa y acelerar la entrada al mercado.<\/p>\n<hr style=\"padding-left: 40px;\" data-start=\"5339\" data-end=\"5342\" \/>\n<h2 style=\"padding-left: 40px;\" data-start=\"5344\" data-end=\"5367\">Llamada a la Acci\u00f3n (CTA)<\/h2>\n<p style=\"padding-left: 40px;\" data-start=\"5369\" data-end=\"5652\">Buscando un largo alcance <strong data-start=\"5394\" data-end=\"5419\">veh\u00edculo el\u00e9ctrico de la ciudad<\/strong> o una <strong data-start=\"5425\" data-end=\"5469\">soluci\u00f3n el\u00e9ctrica personalizada de cuatro ruedas<\/strong> para su mercado?<br data-start=\"5486\" data-end=\"5489\" \/><strong data-start=\"5489\" data-end=\"5509\">Cont\u00e1ctenos hoy mismo<\/strong> para recibir especificaciones detalladas, soluciones de carga, opciones de personalizaci\u00f3n del OEM y soporte de precios competitivos de nuestro equipo profesional.<\/p>\n<hr style=\"padding-left: 40px;\" data-start=\"5654\" data-end=\"5657\" \/>\n<h2 style=\"padding-left: 40px;\" data-start=\"5659\" data-end=\"5665\">Preguntas frecuentes<\/h2>\n<p style=\"padding-left: 40px;\" data-start=\"5667\" data-end=\"5826\"><strong data-start=\"5667\" data-end=\"5725\">Q1: \u00bfCu\u00e1l es el rango m\u00e1ximo de conducci\u00f3n de este veh\u00edculo?<\/strong><br data-start=\"5725\" data-end=\"5728\" \/>El veh\u00edculo ofrece un rango de conducci\u00f3n de hasta <strong data-start=\"5772\" data-end=\"5782\">320 kil\u00f3metros<\/strong>Dependiendo de las condiciones de conducci\u00f3n y uso.<\/p>\n<p style=\"padding-left: 40px;\" data-start=\"5828\" data-end=\"5942\"><strong data-start=\"5828\" data-end=\"5866\">Q2: \u00bfEs compatible con la carga r\u00e1pida?<\/strong><br data-start=\"5866\" data-end=\"5869\" \/>- S\u00ed. - S\u00ed. Apoya <strong data-start=\"5886\" data-end=\"5913\">Carga r\u00e1pida AC y DC<\/strong> utilizando el <strong data-start=\"5924\" data-end=\"5941\">Est\u00e1ndar CCS2<\/strong>.<\/p>\n<p style=\"padding-left: 40px;\" data-start=\"5944\" data-end=\"6135\"><strong data-start=\"5944\" data-end=\"6005\">Q3: \u00bfEs este modelo adecuado para uso de flota o de transporte?<\/strong><br data-start=\"6005\" data-end=\"6008\" \/>- S\u00ed. - S\u00ed. Su largo alcance, capacidad de carga r\u00e1pida y bajo costo operativo lo hacen ideal para aplicaciones de flota y movilidad compartida.<\/p>\n<p style=\"padding-left: 40px;\" data-start=\"6137\" data-end=\"6279\"><strong data-start=\"6137\" data-end=\"6175\">Q4: \u00bfSe puede personalizar el veh\u00edculo?<\/strong><br data-start=\"6175\" data-end=\"6178\" \/>La personalizaci\u00f3n OEM est\u00e1 disponible, incluyendo configuraciones interiores, actualizaciones funcionales y marca.<\/p>\n<p style=\"padding-left: 40px;\" data-start=\"6281\" data-end=\"6462\"><strong data-start=\"6281\" data-end=\"6331\">Q5: \u00bfQu\u00e9 certificaciones tiene el veh\u00edculo?<\/strong><br data-start=\"6331\" data-end=\"6334\" \/>Cumple con <strong data-start=\"6351\" data-end=\"6380\">Certificaci\u00f3n de veh\u00edculos CCC<\/strong> y <strong data-start=\"6385\" data-end=\"6412\">Certificaci\u00f3n de piezas ECE<\/strong>Apoyar mercados nacionales y seleccionados de exportaci\u00f3n.<\/p>","protected":false},"excerpt":{"rendered":"<p>Este veh\u00edculo el\u00e9ctrico urbano de cinco puertas est\u00e1 dise\u00f1ado para desplazamientos urbanos extendidos y transporte familiar. Con un largo rango de conducci\u00f3n, un potente motor el\u00e9ctrico y una capacidad de carga r\u00e1pida, ofrece una soluci\u00f3n de movilidad pr\u00e1ctica, eficiente y respetuosa con el medio ambiente para uso urbano moderno.<\/p>","protected":false},"featured_media":2050,"comment_status":"open","ping_status":"closed","template":"","meta":[],"product_brand":[],"product_cat":[77],"product_tag":[],"class_list":{"0":"post-1026","1":"product","2":"type-product","3":"status-publish","4":"has-post-thumbnail","6":"product_cat-electric-micro-vehicle","8":"first","9":"instock","10":"shipping-taxable","11":"product-type-simple"},"_links":{"self":[{"href":"https:\/\/www.tairuiauto.com\/es\/wp-json\/wp\/v2\/product\/1026","targetHints":{"allow":["GET"]}}],"collection":[{"href":"https:\/\/www.tairuiauto.com\/es\/wp-json\/wp\/v2\/product"}],"about":[{"href":"https:\/\/www.tairuiauto.com\/es\/wp-json\/wp\/v2\/types\/product"}],"replies":[{"embeddable":true,"href":"https:\/\/www.tairuiauto.com\/es\/wp-json\/wp\/v2\/comments?post=1026"}],"wp:featuredmedia":[{"embeddable":true,"href":"https:\/\/www.tairuiauto.com\/es\/wp-json\/wp\/v2\/media\/2050"}],"wp:attachment":[{"href":"https:\/\/www.tairuiauto.com\/es\/wp-json\/wp\/v2\/media?parent=1026"}],"wp:term":[{"taxonomy":"product_brand","embeddable":true,"href":"https:\/\/www.tairuiauto.com\/es\/wp-json\/wp\/v2\/product_brand?post=1026"},{"taxonomy":"product_cat","embeddable":true,"href":"https:\/\/www.tairuiauto.com\/es\/wp-json\/wp\/v2\/product_cat?post=1026"},{"taxonomy":"product_tag","embeddable":true,"href":"https:\/\/www.tairuiauto.com\/es\/wp-json\/wp\/v2\/product_tag?post=1026"}],"curies":[{"name":"WP","href":"https:\/\/api.w.org\/{rel}","templated":true}]}}