{"id":2052,"date":"2025-03-10T16:39:38","date_gmt":"2025-03-10T08:39:38","guid":{"rendered":"https:\/\/www.tairuiauto.com\/?post_type=product&#038;p=2052"},"modified":"2025-12-18T08:39:23","modified_gmt":"2025-12-18T00:39:23","slug":"mpv-m002","status":"publish","type":"product","link":"https:\/\/www.tairuiauto.com\/es\/product\/mpv-m002\/","title":{"rendered":"MPV el\u00e9ctrico 4 ruedas"},"content":{"rendered":"<h2 style=\"padding-left: 40px;\" data-start=\"733\" data-end=\"773\">Descripci\u00f3n general del producto<\/h2>\n<p style=\"padding-left: 40px;\" data-start=\"775\" data-end=\"1122\">Este modelo es vers\u00e1til <strong data-start=\"801\" data-end=\"826\">veh\u00edculo el\u00e9ctrico de la ciudad<\/strong> desarrollado para satisfacer diferentes requisitos de rango y costo a trav\u00e9s de m\u00faltiples configuraciones de bater\u00eda. Construido sobre una plataforma el\u00e9ctrica compacta de cuatro ruedas, se centra en la practicidad, la seguridad y la eficiencia, ofreciendo una soluci\u00f3n fiable para el transporte urbano diario y las necesidades de movilidad comercial ligera.<\/p>\n<table style=\"border-collapse: collapse; width: 76.1293%; margin-left: 40px;\" border=\"0\" width=\"746\" cellspacing=\"0\" cellpadding=\"0\">\n<tbody style=\"padding-left: 40px;\">\n<tr style=\"height: 18.75pt; padding-left: 40px;\">\n<td class=\"et2\" style=\"height: 18.75pt; width: 140.696%; border-right: 1pt solid #000000; padding-left: 40px;\" colspan=\"4\" width=\"746\" height=\"25\"><span class=\"font2\">especificaci\u00f3n tipo<\/span><\/td>\n<\/tr>\n<tr style=\"height: 17.25pt; padding-left: 40px;\">\n<td class=\"et5\" style=\"height: 17.25pt; width: 25.7028%; padding-left: 40px;\" height=\"23\"><span class=\"font4\">L * W * H (mm)<\/span><\/td>\n<td class=\"et6\" style=\"border-right: 1pt solid #000000; width: 114.993%; padding-left: 40px;\" colspan=\"3\"><span class=\"font4\">3517*1495*1660<\/span><\/td>\n<\/tr>\n<tr style=\"height: 17.25pt; padding-left: 40px;\">\n<td class=\"et9\" style=\"height: 17.25pt; width: 25.7028%; padding-left: 40px;\" height=\"23\"><span class=\"font4\">Distancia entre ruedas (mm)<\/span><\/td>\n<td class=\"et10\" style=\"border-right: 1pt solid #000000; width: 114.993%; padding-left: 40px;\" colspan=\"3\"><span class=\"font4\">2495<\/span><\/td>\n<\/tr>\n<tr style=\"height: 17.25pt; padding-left: 40px;\">\n<td class=\"et13\" style=\"height: 17.25pt; width: 25.7028%; padding-left: 40px;\" height=\"23\"><span class=\"font4\">Kilometraje (km)<\/span><\/td>\n<td class=\"et13\" style=\"width: 31.7269%; padding-left: 40px;\"><span class=\"font4\">130<\/span><\/td>\n<td class=\"et13\" style=\"width: 31.7269%; padding-left: 40px;\"><span class=\"font4\">200<\/span><\/td>\n<td class=\"et13\" style=\"width: 51.5395%; padding-left: 40px;\"><span class=\"font4\">300<\/span><\/td>\n<\/tr>\n<tr style=\"height: 33.75pt; padding-left: 40px;\">\n<td class=\"et14\" style=\"height: 33.75pt; width: 25.7028%; padding-left: 40px;\" width=\"190\" height=\"45\"><span class=\"font4\">Distancia m\u00ednima al suelo (mm)<\/span><\/td>\n<td class=\"et13\" style=\"width: 31.7269%; padding-left: 40px;\"><span class=\"font4\">130<\/span><\/td>\n<td class=\"et13\" style=\"width: 31.7269%; padding-left: 40px;\"><span class=\"font4\">130<\/span><\/td>\n<td class=\"et13\" style=\"width: 51.5395%; padding-left: 40px;\"><span class=\"font4\">120<\/span><\/td>\n<\/tr>\n<tr style=\"height: 17.25pt; padding-left: 40px;\">\n<td class=\"et13\" style=\"height: 17.25pt; width: 25.7028%; padding-left: 40px;\" height=\"23\"><span class=\"font4\">Peso del borde (kg)<\/span><\/td>\n<td class=\"et13\" style=\"width: 31.7269%; padding-left: 40px;\"><span class=\"font4\">840<\/span><\/td>\n<td class=\"et13\" style=\"width: 31.7269%; padding-left: 40px;\"><span class=\"font4\">880<\/span><\/td>\n<td class=\"et13\" style=\"width: 51.5395%; padding-left: 40px;\"><span class=\"font4\">1010<\/span><\/td>\n<\/tr>\n<tr style=\"height: 18.75pt; padding-left: 40px;\">\n<td class=\"et9\" style=\"height: 18.75pt; width: 25.7028%; padding-left: 40px;\" height=\"25\"><span class=\"font4\">Tiempo de carga<\/span><\/td>\n<td class=\"et9\" style=\"width: 31.7269%; padding-left: 40px;\"><span class=\"font2\">7<\/span><\/td>\n<td class=\"et9\" style=\"width: 31.7269%; padding-left: 40px;\"><span class=\"font2\">7<\/span><\/td>\n<td class=\"et9\" style=\"width: 51.5395%; padding-left: 40px;\"><span class=\"font2\">9.5<\/span><\/td>\n<\/tr>\n<tr style=\"height: 17.25pt; padding-left: 40px;\">\n<td class=\"et13\" style=\"height: 17.25pt; width: 25.7028%; padding-left: 40px;\" height=\"23\"><span class=\"font4\">potencia m\u00e1xima (kW)<\/span><\/td>\n<td class=\"et13\" style=\"width: 31.7269%; padding-left: 40px;\"><span class=\"font4\">30<\/span><\/td>\n<td class=\"et13\" style=\"width: 31.7269%; padding-left: 40px;\"><span class=\"font4\">30<\/span><\/td>\n<td class=\"et13\" style=\"width: 51.5395%; padding-left: 40px;\"><span class=\"font4\">35<\/span><\/td>\n<\/tr>\n<tr style=\"height: 17.25pt; padding-left: 40px;\">\n<td class=\"et13\" style=\"height: 17.25pt; width: 25.7028%; padding-left: 40px;\" height=\"23\"><span class=\"font4\">par m\u00e1ximo (N m)<\/span><\/td>\n<td class=\"et13\" style=\"width: 31.7269%; padding-left: 40px;\"><span class=\"font4\">84<\/span><\/td>\n<td class=\"et13\" style=\"width: 31.7269%; padding-left: 40px;\"><span class=\"font4\">84<\/span><\/td>\n<td class=\"et13\" style=\"width: 51.5395%; padding-left: 40px;\"><span class=\"font4\">87<\/span><\/td>\n<\/tr>\n<tr style=\"height: 17.25pt; padding-left: 40px;\">\n<td class=\"et13\" style=\"height: 17.25pt; width: 25.7028%; padding-left: 40px;\" height=\"23\"><span class=\"font4\">capacidad de la bater\u00eda (kWh)<\/span><\/td>\n<td class=\"et13\" style=\"width: 31.7269%; padding-left: 40px;\"><span class=\"font4\">11.9<\/span><\/td>\n<td class=\"et13\" style=\"width: 31.7269%; padding-left: 40px;\"><span class=\"font4\">18.5<\/span><\/td>\n<td class=\"et13\" style=\"width: 51.5395%; padding-left: 40px;\"><span class=\"font4\">29.9<\/span><\/td>\n<\/tr>\n<tr style=\"height: 17.25pt; padding-left: 40px;\">\n<td class=\"et9\" style=\"height: 17.25pt; width: 25.7028%; padding-left: 40px;\" height=\"23\"><span class=\"font4\">Tipo de bater\u00eda<\/span><\/td>\n<td class=\"et9\" style=\"width: 31.7269%; padding-left: 40px;\"><span class=\"font4\">Litio Ternario<\/span><\/td>\n<td class=\"et9\" style=\"width: 31.7269%; padding-left: 40px;\"><span class=\"font4\">Litio Ternario<\/span><\/td>\n<td class=\"et9\" style=\"width: 51.5395%; padding-left: 40px;\"><span class=\"font4\">LFP<\/span><\/td>\n<\/tr>\n<tr style=\"height: 17.25pt; padding-left: 40px;\">\n<td class=\"et13\" style=\"height: 17.25pt; width: 25.7028%; padding-left: 40px;\" height=\"23\"><span class=\"font4\">Velocidad m\u00e1xima (km\/h)<\/span><\/td>\n<td class=\"et6\" style=\"border-right: 1pt solid #000000; width: 114.993%; padding-left: 40px;\" colspan=\"3\"><span class=\"font4\">100<\/span><\/td>\n<\/tr>\n<tr style=\"height: 17.25pt; padding-left: 40px;\">\n<td class=\"et13\" style=\"height: 17.25pt; width: 25.7028%; padding-left: 40px;\" height=\"23\"><span class=\"font4\">velocidad m\u00e1xima<\/span><\/td>\n<td class=\"et6\" style=\"border-right: 1pt solid #000000; width: 114.993%; padding-left: 40px;\" colspan=\"3\"><span class=\"font4\">PMSM<\/span><\/td>\n<\/tr>\n<tr style=\"height: 17.25pt; padding-left: 40px;\">\n<td class=\"et13\" style=\"height: 17.25pt; width: 25.7028%; padding-left: 40px;\" height=\"23\"><span class=\"font4\">tama\u00f1o del neum\u00e1tico<\/span><\/td>\n<td class=\"et6\" style=\"border-right: 1pt solid #000000; width: 114.993%; padding-left: 40px;\" colspan=\"3\"><span class=\"font4\">155\/65 R14<\/span><\/td>\n<\/tr>\n<tr style=\"height: 33.75pt; padding-left: 40px;\">\n<td class=\"et15\" style=\"height: 33.75pt; width: 25.7028%; padding-left: 40px;\" width=\"190\" height=\"45\"><span class=\"font4\">Rendimiento con figuraci\u00f3n<\/span><\/td>\n<td class=\"et6\" style=\"border-right: 1pt solid #000000; width: 114.993%; padding-left: 40px;\" colspan=\"3\"><span class=\"font4\">ABS<\/span><span class=\"font0\">,<\/span><span class=\"font4\">EBD<\/span><span class=\"font0\">,<\/span><span class=\"font4\">EDR<\/span><span class=\"font0\">,<\/span><span class=\"font4\">Multimedia pantalla grande, imagen inversa<\/span><\/td>\n<\/tr>\n<\/tbody>\n<\/table>\n<hr style=\"padding-left: 40px;\" data-start=\"1124\" data-end=\"1127\" \/>\n<h2 style=\"padding-left: 40px;\" data-start=\"1129\" data-end=\"1151\">Descripci\u00f3n del producto<\/h2>\n<h3 style=\"padding-left: 40px;\" data-start=\"1153\" data-end=\"1175\">Categor\u00eda de producto<\/h3>\n<p style=\"padding-left: 40px;\" data-start=\"1176\" data-end=\"1256\">Veh\u00edculo el\u00e9ctrico de la ciudad \/ cuatro ruedas el\u00e9ctricas \/ veh\u00edculo comercial ligero el\u00e9ctrico<\/p>\n<h3 style=\"padding-left: 40px;\" data-start=\"1258\" data-end=\"1283\">Descripci\u00f3n del producto<\/h3>\n<p style=\"padding-left: 40px;\" data-start=\"1285\" data-end=\"1611\">Esto <strong data-start=\"1290\" data-end=\"1323\">veh\u00edculo el\u00e9ctrico compacto de la ciudad<\/strong> cuenta con un dise\u00f1o de carrocer\u00eda equilibrado optimizado para entornos urbanos. Con dimensiones generales de <strong data-start=\"1417\" data-end=\"1442\">3517 \u00d7 1495 \u00d7 1660 mm<\/strong> y una <strong data-start=\"1449\" data-end=\"1470\">Distancia entre ejes 2495 mm<\/strong>El veh\u00edculo proporciona un comportamiento de conducci\u00f3n estable al tiempo que mantiene una excelente maniobrabilidad para las calles de la ciudad concurridas y los espacios de aparcamiento apretados.<\/p>\n<p style=\"padding-left: 40px;\" data-start=\"1613\" data-end=\"2102\">Para satisfacer las diferentes necesidades del usuario, el modelo est\u00e1 disponible en <strong data-start=\"1676\" data-end=\"1709\">configuraciones de rango m\u00faltiple<\/strong>, ofreciendo rangos de conducci\u00f3n de <strong data-start=\"1738\" data-end=\"1774\">130 km, 200 km y hasta 300 km<\/strong>Las opciones de bater\u00eda incluyen <strong data-start=\"1800\" data-end=\"1829\">Bater\u00edas de litio ternario<\/strong> para un rendimiento equilibrado y la densidad energ\u00e9tica, as\u00ed como una <strong data-start=\"1889\" data-end=\"1904\">Bater\u00eda LFP<\/strong> opci\u00f3n para mayor durabilidad y larga vida \u00fatil del ciclo. Las capacidades de la bater\u00eda van desde <strong data-start=\"1987\" data-end=\"2011\">11,9 kWh a 29,9 kWh<\/strong>permitiendo a los compradores elegir la configuraci\u00f3n m\u00e1s adecuada para sus condiciones de funcionamiento.<\/p>\n<p style=\"padding-left: 40px;\" data-start=\"2104\" data-end=\"2434\">El motor el\u00e9ctrico entrega <strong data-start=\"2132\" data-end=\"2172\">potencia m\u00e1xima de hasta 35 kW<\/strong> y <strong data-start=\"2177\" data-end=\"2210\">par m\u00e1ximo de hasta 87 Nm<\/strong>Garantizando una aceleraci\u00f3n suave y un rendimiento estable durante la conducci\u00f3n de parada y marcha en la ciudad. Con una <strong data-start=\"2304\" data-end=\"2333\">Velocidad m\u00e1xima de 100 km\/h<\/strong>El veh\u00edculo cumple c\u00f3modamente con los requisitos diarios de desplazamiento urbano y las necesidades de viajes cortos por autopista.<\/p>\n<p style=\"padding-left: 40px;\" data-start=\"2436\" data-end=\"2748\">La comodidad de carga est\u00e1 optimizada para el uso diario. Dependiendo de la configuraci\u00f3n de la bater\u00eda, el <strong data-start=\"2529\" data-end=\"2573\">Tiempo de carga de 7 a 9,5 horas<\/strong>lo que hace que la carga durante la noche sea pr\u00e1ctica para los usuarios dom\u00e9sticos y los operadores de flotas. Esta flexibilidad reduce la presi\u00f3n de carga al tiempo que mejora la disponibilidad del veh\u00edculo durante las horas de trabajo.<\/p>\n<p style=\"padding-left: 40px;\" data-start=\"2750\" data-end=\"3057\">El chasis y el sistema de conducci\u00f3n est\u00e1n dise\u00f1ados para la seguridad y la comodidad. Con una <strong data-start=\"2827\" data-end=\"2869\">distancia m\u00ednima al suelo de 120-130 mm<\/strong>El veh\u00edculo maneja los choques de velocidad y las carreteras urbanas desiguales con confianza. <strong data-start=\"2943\" data-end=\"2963\">Neum\u00e1ticos 155\/65 R14<\/strong> proporcionan agarre estable y baja resistencia al rodamiento, apoyando tanto la seguridad como la eficiencia energ\u00e9tica.<\/p>\n<p style=\"padding-left: 40px;\" data-start=\"3059\" data-end=\"3385\">En t\u00e9rminos de seguridad y configuraci\u00f3n inteligente, el veh\u00edculo est\u00e1 equipado con <strong data-start=\"3138\" data-end=\"3167\">Sistemas ABS, EBD y EDR<\/strong>Mejorar la estabilidad y el control del frenado. Una <strong data-start=\"3212\" data-end=\"3239\">pantalla grande multimedia<\/strong> y <strong data-start=\"3244\" data-end=\"3271\">sistema de c\u00e1mara inversa<\/strong> Mejorar la comodidad de conducir, la conciencia de la situaci\u00f3n y la experiencia del usuario, especialmente en entornos urbanos densos.<\/p>\n<hr style=\"padding-left: 40px;\" data-start=\"3387\" data-end=\"3390\" \/>\n<h2 style=\"padding-left: 40px;\" data-start=\"3392\" data-end=\"3434\">Caracter\u00edsticas clave &amp; Ventajas (M\u00e9todo FABE)<\/h2>\n<h3 style=\"padding-left: 40px;\" data-start=\"3436\" data-end=\"3450\">Caracter\u00edsticas<\/h3>\n<ul>\n<li style=\"list-style-type: none;\">\n<ul data-start=\"3451\" data-end=\"3671\">\n<li data-start=\"3451\" data-end=\"3511\">\n<p data-start=\"3453\" data-end=\"3511\">Varias opciones de autonom\u00eda: 130 km \/ 200 km \/ 300 km<\/p>\n<\/li>\n<li data-start=\"3512\" data-end=\"3555\">\n<p data-start=\"3514\" data-end=\"3555\">Opciones de bater\u00eda de litio ternario y LFP<\/p>\n<\/li>\n<li data-start=\"3556\" data-end=\"3591\">\n<p data-start=\"3558\" data-end=\"3591\">Potencia m\u00e1xima del motor hasta 35 kW<\/p>\n<\/li>\n<li data-start=\"3592\" data-end=\"3628\">\n<p data-start=\"3594\" data-end=\"3628\">Sistemas de seguridad ABS, EBD y EDR<\/p>\n<\/li>\n<li data-start=\"3629\" data-end=\"3671\">\n<p data-start=\"3631\" data-end=\"3671\">Pantalla multimedia con imagen inversa<\/p>\n<\/li>\n<\/ul>\n<\/li>\n<\/ul>\n<h3 style=\"padding-left: 40px;\" data-start=\"3673\" data-end=\"3689\">Ventajas<\/h3>\n<ul>\n<li style=\"list-style-type: none;\">\n<ul data-start=\"3690\" data-end=\"3883\">\n<li data-start=\"3690\" data-end=\"3756\">\n<p data-start=\"3692\" data-end=\"3756\">Selecci\u00f3n flexible de bater\u00edas para diferentes presupuestos y casos de uso<\/p>\n<\/li>\n<li data-start=\"3757\" data-end=\"3796\">\n<p data-start=\"3759\" data-end=\"3796\">Bajos costos de operaci\u00f3n y mantenimiento<\/p>\n<\/li>\n<li data-start=\"3797\" data-end=\"3839\">\n<p data-start=\"3799\" data-end=\"3839\">Rendimiento estable para el desplazamiento urbano<\/p>\n<\/li>\n<li data-start=\"3840\" data-end=\"3883\">\n<p data-start=\"3842\" data-end=\"3883\">Mayor seguridad y comodidad de conducci\u00f3n<\/p>\n<\/li>\n<\/ul>\n<\/li>\n<\/ul>\n<h3 style=\"padding-left: 40px;\" data-start=\"3885\" data-end=\"3905\">Beneficios del comprador<\/h3>\n<ul>\n<li style=\"list-style-type: none;\">\n<ul data-start=\"3906\" data-end=\"4107\">\n<li data-start=\"3906\" data-end=\"3947\">\n<p data-start=\"3908\" data-end=\"3947\">Reducci\u00f3n del costo total de propiedad (TCO)<\/p>\n<\/li>\n<li data-start=\"3948\" data-end=\"4009\">\n<p data-start=\"3950\" data-end=\"4009\">Adecuado para usuarios privados y proyectos de flota de nivel de entrada<\/p>\n<\/li>\n<li data-start=\"4010\" data-end=\"4051\">\n<p data-start=\"4012\" data-end=\"4051\">F\u00e1cil carga durante la noche para uso diario<\/p>\n<\/li>\n<li data-start=\"4052\" data-end=\"4107\">\n<p data-start=\"4054\" data-end=\"4107\">Configuraci\u00f3n escalable para diferentes demandas del mercado<\/p>\n<\/li>\n<\/ul>\n<\/li>\n<\/ul>\n<h3 style=\"padding-left: 40px;\" data-start=\"4109\" data-end=\"4123\">Evidencia<\/h3>\n<ul>\n<li style=\"list-style-type: none;\">\n<ul data-start=\"4124\" data-end=\"4283\">\n<li data-start=\"4124\" data-end=\"4167\">\n<p data-start=\"4126\" data-end=\"4167\">Arquitectura de transmisi\u00f3n el\u00e9ctrica probada<\/p>\n<\/li>\n<li data-start=\"4168\" data-end=\"4219\">\n<p data-start=\"4170\" data-end=\"4219\">Tecnolog\u00edas de bater\u00eda ampliamente adoptadas en veh\u00edculos el\u00e9ctricos urbanos<\/p>\n<\/li>\n<li data-start=\"4220\" data-end=\"4283\">\n<p data-start=\"4222\" data-end=\"4283\">Sistemas de seguridad est\u00e1ndar com\u00fanmente requeridos en veh\u00edculos urbanos<\/p>\n<\/li>\n<\/ul>\n<\/li>\n<\/ul>\n<hr style=\"padding-left: 40px;\" data-start=\"4285\" data-end=\"4288\" \/>\n<h2 style=\"padding-left: 40px;\" data-start=\"4290\" data-end=\"4314\">Escenarios de aplicaci\u00f3n<\/h2>\n<ul>\n<li style=\"list-style-type: none;\">\n<ul data-start=\"4316\" data-end=\"4535\">\n<li data-start=\"4316\" data-end=\"4341\">\n<p data-start=\"4318\" data-end=\"4341\">Viajes urbanos diarios<\/p>\n<\/li>\n<li data-start=\"4342\" data-end=\"4380\">\n<p data-start=\"4344\" data-end=\"4380\">Transporte urbano de corta distancia<\/p>\n<\/li>\n<li data-start=\"4381\" data-end=\"4421\">\n<p data-start=\"4383\" data-end=\"4421\">Mercados de veh\u00edculos el\u00e9ctricos de nivel de entrada<\/p>\n<\/li>\n<li data-start=\"4422\" data-end=\"4460\">\n<p data-start=\"4424\" data-end=\"4460\">Movilidad comunitaria y residencial<\/p>\n<\/li>\n<li data-start=\"4461\" data-end=\"4535\">\n<p data-start=\"4463\" data-end=\"4535\">Proyectos de veh\u00edculos el\u00e9ctricos personalizados para mercados nacionales y extranjeros<\/p>\n<\/li>\n<\/ul>\n<\/li>\n<\/ul>\n<hr style=\"padding-left: 40px;\" data-start=\"4537\" data-end=\"4540\" \/>\n<h2 style=\"padding-left: 40px;\" data-start=\"4542\" data-end=\"4578\">Por qu\u00e9 elegir este modelo de Tairui<\/h2>\n<p style=\"padding-left: 40px;\" data-start=\"4580\" data-end=\"4941\">Con fuertes capacidades en veh\u00edculos el\u00e9ctricos R &amp; amp; D y fabricaci\u00f3n, <strong data-start=\"4648\" data-end=\"4702\">Shandong Tairui Automobile &amp; Electr\u00f3nica Co., Ltd.<\/strong> ofrece fiables y adaptables <strong data-start=\"4733\" data-end=\"4764\">Soluciones de movilidad el\u00e9ctrica<\/strong>Nuestras opciones de configuraci\u00f3n flexibles, servicios de personalizaci\u00f3n del OEM y capacidad de producci\u00f3n estable ayudan a los clientes a reducir los riesgos de entrada al mercado y mejorar la eficiencia general del proyecto.<\/p>\n<hr style=\"padding-left: 40px;\" data-start=\"4943\" data-end=\"4946\" \/>\n<h2 style=\"padding-left: 40px;\" data-start=\"4948\" data-end=\"4971\">Llamada a la Acci\u00f3n (CTA)<\/h2>\n<p style=\"padding-left: 40px;\" data-start=\"4973\" data-end=\"5264\">Buscando una flexibilidad <strong data-start=\"4996\" data-end=\"5021\">veh\u00edculo el\u00e9ctrico de la ciudad<\/strong> con m\u00faltiples opciones de rango o una <strong data-start=\"5055\" data-end=\"5099\">soluci\u00f3n el\u00e9ctrica personalizada de cuatro ruedas<\/strong> para su mercado?<br data-start=\"5116\" data-end=\"5119\" \/><strong data-start=\"5119\" data-end=\"5139\">Cont\u00e1ctenos hoy mismo<\/strong> para recibir especificaciones detalladas, gu\u00eda de configuraci\u00f3n de bater\u00eda, informaci\u00f3n de precios y soporte t\u00e9cnico profesional.<\/p>\n<hr style=\"padding-left: 40px;\" data-start=\"5266\" data-end=\"5269\" \/>\n<h2 style=\"padding-left: 40px;\" data-start=\"5271\" data-end=\"5277\">Preguntas frecuentes<\/h2>\n<p style=\"padding-left: 40px;\" data-start=\"5279\" data-end=\"5436\"><strong data-start=\"5279\" data-end=\"5343\">Q1: \u00bfQu\u00e9 opciones de autonom\u00eda de conducci\u00f3n est\u00e1n disponibles para este modelo?<\/strong><br data-start=\"5343\" data-end=\"5346\" \/>El veh\u00edculo est\u00e1 disponible con <strong data-start=\"5376\" data-end=\"5406\">130 km, 200 km y 300 km<\/strong> configuraciones de autonom\u00eda de conducci\u00f3n.<\/p>\n<p style=\"padding-left: 40px;\" data-start=\"5438\" data-end=\"5593\"><strong data-start=\"5438\" data-end=\"5482\">Q2: \u00bfQu\u00e9 tipos de bater\u00edas se ofrecen?<\/strong><br data-start=\"5482\" data-end=\"5485\" \/>Ambos <strong data-start=\"5490\" data-end=\"5509\">litio ternario<\/strong> y <strong data-start=\"5514\" data-end=\"5529\">Bater\u00eda LFP<\/strong> opciones disponibles, dependiendo de la configuraci\u00f3n seleccionada.<\/p>\n<p style=\"padding-left: 40px;\" data-start=\"5595\" data-end=\"5788\"><strong data-start=\"5595\" data-end=\"5653\">Q3: \u00bfEs este veh\u00edculo adecuado para el desplazamiento diario de la ciudad?<\/strong><br data-start=\"5653\" data-end=\"5656\" \/>- S\u00ed. - S\u00ed. Est\u00e1 dise\u00f1ado espec\u00edficamente para el desplazamiento urbano con dimensiones compactas, potencia eficiente y caracter\u00edsticas de seguridad pr\u00e1cticas.<\/p>\n<p style=\"padding-left: 40px;\" data-start=\"5790\" data-end=\"5931\"><strong data-start=\"5790\" data-end=\"5848\">Q4: \u00bfCu\u00e1nto tiempo tarda en cargar completamente el veh\u00edculo?<\/strong><br data-start=\"5848\" data-end=\"5851\" \/>Tiempo de carga desde <strong data-start=\"5877\" data-end=\"5895\">7 a 9,5 horas<\/strong>Dependiendo de la capacidad de la bater\u00eda.<\/p>\n<p style=\"padding-left: 40px;\" data-start=\"5933\" data-end=\"6102\"><strong data-start=\"5933\" data-end=\"5992\">Q5: \u00bfEste modelo se puede personalizar para diferentes mercados?<\/strong><br data-start=\"5992\" data-end=\"5995\" \/>- S\u00ed. - S\u00ed. La personalizaci\u00f3n del OEM est\u00e1 disponible, incluyendo ajustes de configuraci\u00f3n, marca y opciones funcionales.<\/p>","protected":false},"excerpt":{"rendered":"<p>Este compacto veh\u00edculo el\u00e9ctrico urbano est\u00e1 dise\u00f1ado para desplazamientos urbanos flexibles y transporte de corta distancia. Disponible con m\u00faltiples opciones de bater\u00eda, combina un rendimiento el\u00e9ctrico eficiente, bajos costos operativos y caracter\u00edsticas de seguridad pr\u00e1cticas, lo que lo convierte en una soluci\u00f3n ideal para la movilidad urbana y los mercados de veh\u00edculos el\u00e9ctricos de nivel inicial.<\/p>","protected":false},"featured_media":2055,"comment_status":"open","ping_status":"closed","template":"","meta":[],"product_brand":[],"product_cat":[77],"product_tag":[],"class_list":{"0":"post-2052","1":"product","2":"type-product","3":"status-publish","4":"has-post-thumbnail","6":"product_cat-electric-micro-vehicle","8":"first","9":"instock","10":"shipping-taxable","11":"product-type-simple"},"_links":{"self":[{"href":"https:\/\/www.tairuiauto.com\/es\/wp-json\/wp\/v2\/product\/2052","targetHints":{"allow":["GET"]}}],"collection":[{"href":"https:\/\/www.tairuiauto.com\/es\/wp-json\/wp\/v2\/product"}],"about":[{"href":"https:\/\/www.tairuiauto.com\/es\/wp-json\/wp\/v2\/types\/product"}],"replies":[{"embeddable":true,"href":"https:\/\/www.tairuiauto.com\/es\/wp-json\/wp\/v2\/comments?post=2052"}],"wp:featuredmedia":[{"embeddable":true,"href":"https:\/\/www.tairuiauto.com\/es\/wp-json\/wp\/v2\/media\/2055"}],"wp:attachment":[{"href":"https:\/\/www.tairuiauto.com\/es\/wp-json\/wp\/v2\/media?parent=2052"}],"wp:term":[{"taxonomy":"product_brand","embeddable":true,"href":"https:\/\/www.tairuiauto.com\/es\/wp-json\/wp\/v2\/product_brand?post=2052"},{"taxonomy":"product_cat","embeddable":true,"href":"https:\/\/www.tairuiauto.com\/es\/wp-json\/wp\/v2\/product_cat?post=2052"},{"taxonomy":"product_tag","embeddable":true,"href":"https:\/\/www.tairuiauto.com\/es\/wp-json\/wp\/v2\/product_tag?post=2052"}],"curies":[{"name":"WP","href":"https:\/\/api.w.org\/{rel}","templated":true}]}}