{"id":2699,"date":"2025-06-19T09:40:18","date_gmt":"2025-06-19T01:40:18","guid":{"rendered":"https:\/\/www.tairuiauto.com\/?post_type=product&#038;p=2699"},"modified":"2025-11-25T08:39:29","modified_gmt":"2025-11-25T00:39:29","slug":"a901-electric-passenger-quadricycle","status":"publish","type":"product","link":"https:\/\/www.tairuiauto.com\/es\/product\/a901-electric-passenger-quadricycle\/","title":{"rendered":"Multi asiento el\u00e9ctrico Commuter"},"content":{"rendered":"<p><strong>Lista de par\u00e1metros<\/strong><\/p>\n<table class=\"table\" style=\"width: 68.9488%;\" border=\"1\" cellspacing=\"1\" cellpadding=\"1\" data-cke-table-faked-selection-table=\"\">\n<tbody>\n<tr>\n<td class=\"cke_table-faked-selection\" style=\"width: 33.023%;\">modelo<\/td>\n<td class=\"cke_table-faked-selection\" style=\"width: 66.4377%;\">A901 cuadriciclo el\u00e9ctrico de pasajeros<\/td>\n<\/tr>\n<tr>\n<td class=\"cke_table-faked-selection\" style=\"width: 33.023%;\">Dimensiones (mm)<\/td>\n<td class=\"cke_table-faked-selection\" style=\"width: 66.4377%;\">2810*1316*1509<\/td>\n<\/tr>\n<tr>\n<td class=\"cke_table-faked-selection\" style=\"width: 33.023%;\">Tipo de cuerpo<\/td>\n<td class=\"cke_table-faked-selection\" style=\"width: 66.4377%;\">cuerpo integral<\/td>\n<\/tr>\n<tr>\n<td class=\"cke_table-faked-selection\" style=\"width: 33.023%;\">Estructura del cuerpo<\/td>\n<td class=\"cke_table-faked-selection\" style=\"width: 66.4377%;\">4 puertas y 4 asientos<\/td>\n<\/tr>\n<tr>\n<td class=\"cke_table-faked-selection\" style=\"width: 33.023%;\">motor<\/td>\n<td class=\"cke_table-faked-selection\" style=\"width: 66.4377%;\">CA de 72V3000W<\/td>\n<\/tr>\n<tr>\n<td class=\"cke_table-faked-selection\" style=\"width: 33.023%;\">Controlador<\/td>\n<td class=\"cke_table-faked-selection\" style=\"width: 66.4377%;\">72V24tubos<\/td>\n<\/tr>\n<tr>\n<td class=\"cke_table-faked-selection\" style=\"width: 33.023%;\">Bater\u00eda (kwh)<\/td>\n<td class=\"cke_table-faked-selection\" style=\"width: 66.4377%;\">72V100AH<\/td>\n<\/tr>\n<tr>\n<td class=\"cke_table-faked-selection\" style=\"width: 33.023%;\">Tiempo de carga (H)<\/td>\n<td class=\"cke_table-faked-selection\" style=\"width: 66.4377%;\">6-8 horas<\/td>\n<\/tr>\n<tr>\n<td class=\"cke_table-faked-selection\" style=\"width: 33.023%;\">Rango por carga\/km<\/td>\n<td class=\"cke_table-faked-selection\" style=\"width: 66.4377%;\">\u2265 90<\/td>\n<\/tr>\n<tr>\n<td class=\"cke_table-faked-selection\" style=\"width: 33.023%;\">Suspensi\u00f3n delantera<\/td>\n<td class=\"cke_table-faked-selection\" style=\"width: 66.4377%;\">Suspensi\u00f3n McPherson<\/td>\n<\/tr>\n<tr>\n<td class=\"cke_table-faked-selection\" style=\"width: 33.023%;\">Suspensi\u00f3n trasera<\/td>\n<td class=\"cke_table-faked-selection\" style=\"width: 66.4377%;\">Suspensi\u00f3n de brazo de arrastre<\/td>\n<\/tr>\n<tr>\n<td class=\"cke_table-faked-selection\" style=\"width: 33.023%;\">Neum\u00e1tico delantero\/trasero<\/td>\n<td class=\"cke_table-faked-selection\" style=\"width: 66.4377%;\">135\/70R12<\/td>\n<\/tr>\n<tr>\n<td class=\"cke_table-faked-selection\" style=\"width: 33.023%;\">Rim<\/td>\n<td class=\"cke_table-faked-selection\" style=\"width: 66.4377%;\">Hub de aleaci\u00f3n de aluminio<\/td>\n<\/tr>\n<tr>\n<td class=\"cke_table-faked-selection\" style=\"width: 33.023%;\">Sistema de frenos<\/td>\n<td class=\"cke_table-faked-selection\" style=\"width: 66.4377%;\">delantero\/trasero.disc<\/td>\n<\/tr>\n<tr>\n<td class=\"cke_table-faked-selection\" style=\"width: 33.023%;\">Grado de Clhmbing (%)<\/td>\n<td class=\"cke_table-faked-selection\" style=\"width: 66.4377%;\">\u2265 25<\/td>\n<\/tr>\n<tr>\n<td class=\"cke_table-faked-selection\" style=\"width: 33.023%;\">Velocidad m\u00e1xima (km\/h)<\/td>\n<td class=\"cke_table-faked-selection\" style=\"width: 66.4377%;\">45 km\/h<\/td>\n<\/tr>\n<tr>\n<td class=\"cke_table-faked-selection\" style=\"width: 33.023%;\">Modo de direcci\u00f3n<\/td>\n<td class=\"cke_table-faked-selection\" style=\"width: 66.4377%;\">Direcci\u00f3n<\/td>\n<\/tr>\n<tr>\n<td class=\"cke_table-faked-selection\" style=\"width: 33.023%;\">Capacidad del contenedor<\/td>\n<td class=\"cke_table-faked-selection\" style=\"width: 66.4377%;\">6PCS SKD\/40&#8217; Sede central<\/td>\n<\/tr>\n<tr>\n<td class=\"cke_table-faked-selection\" style=\"width: 33.023%;\">Certificado<\/td>\n<td class=\"cke_table-faked-selection\" style=\"width: 66.4377%;\">CEE\/COC\/L7e-CP<\/td>\n<\/tr>\n<tr>\n<td class=\"cke_table-faked-selection\" style=\"width: 33.023%;\">Dispositivo de funci\u00f3n<\/td>\n<td class=\"cke_table-faked-selection\" style=\"width: 66.4377%;\">Un bot\u00f3n de inicio luces led<\/td>\n<\/tr>\n<tr>\n<td class=\"cke_table-faked-selection\" style=\"width: 33.023%;\"><\/td>\n<td class=\"cke_table-faked-selection\" style=\"width: 66.4377%;\">Ventana de c\u00e1mara\/calentador\/electrie inversa<\/td>\n<\/tr>\n<tr>\n<td class=\"cke_table-faked-selection\" style=\"width: 33.023%;\">Escenarios de aplicaci\u00f3n<\/td>\n<td class=\"cke_table-faked-selection\" style=\"width: 66.4377%;\">Viajes ligeros en familia, transporte para ancianos, servicio de transporte para familias, comercio electr\u00f3nico rural, recogida y entrega m\u00e9dica<\/td>\n<\/tr>\n<\/tbody>\n<\/table>\n<div class=\"kche-wrap-width\">\n<div class=\"kche-t154\">\n<div class=\"kche-t154-contant\">\n<div class=\"kche-t154-list\">\n<div class=\"kche-t154-item\">\n<div><\/div>\n<\/div>\n<\/div>\n<\/div>\n<\/div>\n<\/div>\n<div class=\"kche-wrap-width\">\n<div class=\"kche-t154\">\n<div class=\"kche-t154-contant\">\n<div class=\"kche-t154-list\">\n<div class=\"kche-t154-item\">\n<div class=\"kche-t154-img\">\n<h3>Puntos de venta de productos<\/h3>\n<ol start=\"1\">\n<li>\n<p class=\"ds-markdown-paragraph\"><strong>\u00a0Rendimiento poderoso<\/strong><\/p>\n<ul>\n<li>\n<p class=\"ds-markdown-paragraph\"><strong>Motor de CA 72V3000W<\/strong>Maneja sin esfuerzo carreteras urbanas y pendientes (\u226525% grado) con una velocidad m\u00e1xima de 45 km\/h.<\/p>\n<\/li>\n<li>\n<p class=\"ds-markdown-paragraph\"><strong>Largo rango<\/strong>\u226590 km por carga (6-8 horas de tiempo de carga), ideal para los desplazamientos diarios.<\/p>\n<\/li>\n<\/ul>\n<\/li>\n<li>\n<p class=\"ds-markdown-paragraph\"><strong>\u00a0Amplio dise\u00f1o familiar<\/strong><\/p>\n<ul>\n<li>\n<p class=\"ds-markdown-paragraph\"><strong>Disposici\u00f3n de 4 puertas, 4 asientos<\/strong>Amplio espacio de cabina para viajes de familia o grupo c\u00f3modos.<\/p>\n<\/li>\n<li>\n<p class=\"ds-markdown-paragraph\"><strong>Casos de uso vers\u00e1tiles<\/strong>Perfecto para el transporte de personas mayores, traslados en casa de familia y recogidas m\u00e9dicas.<\/p>\n<\/li>\n<\/ul>\n<\/li>\n<li>\n<p class=\"ds-markdown-paragraph\"><strong>\u00a0Ingenier\u00eda Safety-First<\/strong><\/p>\n<ul>\n<li>\n<p class=\"ds-markdown-paragraph\"><strong>Frenos de doble disco<\/strong>Frenado frontal\/trasero sensible para una potencia de parada fiable.<\/p>\n<\/li>\n<li>\n<p class=\"ds-markdown-paragraph\"><strong>Suspensi\u00f3n avanzada<\/strong>Suspensi\u00f3n trasera con brazo de arrastre delantero McPherson absorbe choques de carretera.<\/p>\n<\/li>\n<li>\n<p class=\"ds-markdown-paragraph\"><strong>Estabilidad ligera<\/strong>Las ruedas de aleaci\u00f3n de aluminio mejoran el control y la durabilidad.<\/p>\n<\/li>\n<\/ul>\n<\/li>\n<li>\n<p class=\"ds-markdown-paragraph\"><strong>\u00a0Conveniencia inteligente<\/strong><\/p>\n<ul>\n<li>\n<p class=\"ds-markdown-paragraph\"><strong>Caracter\u00edsticas todo en uno<\/strong>Inicio con un solo bot\u00f3n, faros led, c\u00e1mara retrovisora, calefacci\u00f3n y ventanas el\u00e9ctricas.<\/p>\n<\/li>\n<li>\n<p class=\"ds-markdown-paragraph\"><strong>Confiabilidad certificada<\/strong>El cumplimiento de la CE\/COC\/L7e-CP garantiza una seguridad de primer nivel.<\/p>\n<\/li>\n<\/ul>\n<\/li>\n<\/ol>\n<\/div>\n<p><img fetchpriority=\"high\" decoding=\"async\" class=\"alignnone size-medium wp-image-2710\" src=\"https:\/\/www.tairuiauto.com\/wp-content\/uploads\/2025\/06\/VQPqIH-300x200.jpg\" alt=\"\" width=\"300\" height=\"200\" srcset=\"\" sizes=\"(max-width: 300px) 100vw, 300px\" data-srcset=\"\" \/><\/p>\n<div class=\"kche-t154-img\">\n<hr \/>\n<h3>Ventajas de diferenciaci\u00f3n<\/h3>\n<div class=\"markdown-table-wrapper\">\n<table>\n<thead>\n<tr>\n<th><strong>Caracter\u00edsticas<\/strong><\/th>\n<th><strong>A901 cuadriciclo<\/strong><\/th>\n<th><strong>Veh\u00edculos el\u00e9ctricos peque\u00f1os est\u00e1ndar<\/strong><\/th>\n<\/tr>\n<\/thead>\n<tbody>\n<tr>\n<td><strong>Capacidad de asiento<\/strong><\/td>\n<td>4 asientos de tama\u00f1o completo acceso a 4 puertas<\/td>\n<td>Normalmente 2-3 asientos, acceso estrecho<\/td>\n<\/tr>\n<tr>\n<td><strong>Sistema de alimentaci\u00f3n<\/strong><\/td>\n<td>Motor AC 72V3000W (manijas 25% de inclinaci\u00f3n)<\/td>\n<td>Motores de baja potencia (\u22641500W)<\/td>\n<\/tr>\n<tr>\n<td><strong>Tecnolog\u00eda de seguridad<\/strong><\/td>\n<td>Suspensi\u00f3n certificada de frenos de doble disco<\/td>\n<td>Frenos de tambor b\u00e1sicos, certificaci\u00f3n m\u00ednima<\/td>\n<\/tr>\n<tr>\n<td><strong>Caracter\u00edsticas inteligentes<\/strong><\/td>\n<td>C\u00e1mara, calefacci\u00f3n, ventanas el\u00e9ctricas luces led<\/td>\n<td>Raramente m\u00e1s all\u00e1 de la iluminaci\u00f3n b\u00e1sica<\/td>\n<\/tr>\n<tr>\n<td><strong>Certificaci\u00f3n<\/strong><\/td>\n<td>Cumplimiento completo de las normas CEE\/COC\/L7e-CP<\/td>\n<td>A menudo carecen de normas internacionales<\/td>\n<\/tr>\n<\/tbody>\n<\/table>\n<\/div>\n<\/div>\n<h3>\u00a0<img decoding=\"async\" class=\"alignnone size-medium wp-image-2707\" src=\"https:\/\/www.tairuiauto.com\/wp-content\/uploads\/2025\/06\/IMG_1232-300x200.jpg\" alt=\"\" width=\"300\" height=\"200\" srcset=\"\" sizes=\"(max-width: 300px) 100vw, 300px\" data-srcset=\"\" \/>\u00a0 \u00a0 \u00a0 \u00a0 \u00a0 \u00a0 \u00a0 \u00a0 \u00a0 \u00a0 \u00a0 \u00a0 \u00a0 <img decoding=\"async\" class=\"alignnone size-medium wp-image-2708\" src=\"https:\/\/www.tairuiauto.com\/wp-content\/uploads\/2025\/06\/IMG_1235-300x200.jpg\" alt=\"\" width=\"300\" height=\"200\" srcset=\"\" sizes=\"(max-width: 300px) 100vw, 300px\" data-srcset=\"\" \/><\/h3>\n<div class=\"_4f9bf79 _43c05b5\">\n<div class=\"ds-markdown ds-markdown--block\">\n<blockquote>\n<p class=\"ds-markdown-paragraph\"><strong>Edge clave<\/strong>Combina comodidades similares a un coche (ventanas el\u00e9ctricas, c\u00e1mara) con agilidad en cuadriciclo, sin igual para viajes urbanos centrados en la familia.<\/p>\n<hr \/>\n<\/blockquote>\n<\/div>\n<h3 data-start=\"6054\" data-end=\"6068\">Material<\/h3>\n<p data-start=\"6069\" data-end=\"6156\">Estructura de acero reforzada con cubos de aleaci\u00f3n de aluminio y carcasa resistente a las intemperie.<\/p>\n<h3 data-start=\"6158\" data-end=\"6174\">Apariencia<\/h3>\n<p data-start=\"6175\" data-end=\"6256\">Estilo moderno de mini-coche con l\u00edneas limpias, iluminaci\u00f3n LED y acabado aerodin\u00e1mico.<\/p>\n<h3 data-start=\"6258\" data-end=\"6270\">Dise\u00f1o<\/h3>\n<p data-start=\"6271\" data-end=\"6387\">Dise\u00f1o listo para flota con c\u00e1mara trasera, tablero inteligente, asiento ergon\u00f3mico del conductor y c\u00f3modo espacio para pasajeros.<\/p>\n<h3 data-start=\"6389\" data-end=\"6412\">Personalizaci\u00f3n OEM<\/h3>\n<p data-start=\"6413\" data-end=\"6485\">Ofrece logotipo de marca, opciones de color y personalizaci\u00f3n espec\u00edfica de la flota.<\/p>\n<h3 data-start=\"6487\" data-end=\"6508\">Control de calidad<\/h3>\n<p data-start=\"6509\" data-end=\"6592\">Estrictas inspecciones de seguridad, sistemas el\u00e9ctricos y durabilidad antes del env\u00edo.<\/p>\n<h3 data-start=\"6594\" data-end=\"6619\">Servicio posventa<\/h3>\n<ul data-start=\"6620\" data-end=\"6738\">\n<li data-start=\"6620\" data-end=\"6650\">\n<p data-start=\"6622\" data-end=\"6650\">Garant\u00eda de componentes clave<\/p>\n<\/li>\n<li data-start=\"6651\" data-end=\"6673\">\n<p data-start=\"6653\" data-end=\"6673\">Suministro de piezas de repuesto<\/p>\n<\/li>\n<li data-start=\"6674\" data-end=\"6706\">\n<p data-start=\"6676\" data-end=\"6706\">Formaci\u00f3n para operadores de flotas<\/p>\n<\/li>\n<li data-start=\"6707\" data-end=\"6738\">\n<p data-start=\"6709\" data-end=\"6738\">Soporte t\u00e9cnico dedicado<\/p>\n<\/li>\n<\/ul>\n<h3 data-start=\"6740\" data-end=\"6764\">Campos de aplicaci\u00f3n<\/h3>\n<ul data-start=\"6765\" data-end=\"6907\">\n<li data-start=\"6765\" data-end=\"6804\">\n<p data-start=\"6767\" data-end=\"6804\">Servicios de transporte urbano y taxi<\/p>\n<\/li>\n<li data-start=\"6805\" data-end=\"6831\">\n<p data-start=\"6807\" data-end=\"6831\">Viajes urbanos familiares<\/p>\n<\/li>\n<li data-start=\"6832\" data-end=\"6865\">\n<p data-start=\"6834\" data-end=\"6865\">Transporte corporativo y personal<\/p>\n<\/li>\n<li data-start=\"6866\" data-end=\"6907\">\n<p data-start=\"6868\" data-end=\"6907\">Proyectos de movilidad p\u00fablica respetuosos con el medio ambiente<\/p>\n<\/li>\n<\/ul>\n<h3 data-start=\"6909\" data-end=\"6930\">M\u00e9todos de pago<\/h3>\n<p data-start=\"6931\" data-end=\"6978\">Soporta <strong data-start=\"6940\" data-end=\"6975\">T \/ T, L \/ C, PayPal, Uni\u00f3n Occidental<\/strong>.<\/p>\n<div class=\"ds-markdown ds-markdown--block\">\n<hr \/>\n<h3>F&amp; Q<\/h3>\n<ol start=\"1\">\n<li>\n<p class=\"ds-markdown-paragraph\"><strong>P: \u00bfCu\u00e1l es la gama del mundo real del A901?<\/strong><br \/>\n\u2192  R: \u226590 km por carga, adecuado para tareas diarias o viajes cortos.<\/p>\n<\/li>\n<li>\n<p class=\"ds-markdown-paragraph\"><strong>P: \u00bfCu\u00e1ntos pasajeros puede transportar?<\/strong><br \/>\n\u2192  R: 4 adultos c\u00f3modamente con acceso de 4 puertas para f\u00e1cil entrada \/ salida.<\/p>\n<\/li>\n<li>\n<p class=\"ds-markdown-paragraph\"><strong>P: \u00bfEs capaz de manejar colinas o carreteras \u00e1speras?<\/strong><br \/>\n\u2192  R: \u00a1S\u00ed! El motor de 3000W aborda inclinaciones del 25%, y su suspensi\u00f3n suaviza las protuberancias.<\/p>\n<\/li>\n<li>\n<p class=\"ds-markdown-paragraph\"><strong>P: \u00bfQu\u00e9 infraestructura de carga se necesita?<\/strong><br \/>\n\u2192  R: Carga est\u00e1ndar de 72V (6-8 horas) a trav\u00e9s de tomas dom\u00e9sticas; No se requieren estaciones especiales.<\/p>\n<\/li>\n<li>\n<p class=\"ds-markdown-paragraph\"><strong>P: \u00bfLas piezas de repuesto est\u00e1n f\u00e1cilmente disponibles?<\/strong><br \/>\n\u2192  R: S\u00ed, los kits SKD enviados a nivel mundial (6 unidades \/ 40&#8217; contenedor HQ) aseguran un f\u00e1cil mantenimiento.<\/p>\n<\/li>\n<li>\n<p class=\"ds-markdown-paragraph\"><strong>P: \u00bfQu\u00e9 lo diferencia de los carros de golf o los micro-coches?<\/strong><br \/>\n\u2192  R: Certificaci\u00f3n (CEE\/COC\/L7e-CP) caracter\u00edsticas de calidad automotriz (ventanas el\u00e9ctricas, calefacci\u00f3n) en un formato compacto y legal para la calle.<\/p>\n<\/li>\n<\/ol>\n<hr \/>\n<blockquote>\n<p class=\"ds-markdown-paragraph\"><strong>Resumen<\/strong>El A901 combina la agilidad de un cuadriciclo con la comodidad y la tecnolog\u00eda de un coche de pasajeros, perfecto para las familias que buscan viajes urbanos seguros y libres de emisiones. Su seguridad certificada, dise\u00f1o amplio y caracter\u00edsticas premium (c\u00e1mara, calefacci\u00f3n, ventanas el\u00e9ctricas) lo convierten en un l\u00edder en su categor\u00eda.<\/p>\n<\/blockquote>\n<\/div>\n<\/div>\n<\/div>\n<\/div>\n<\/div>\n<\/div>\n<\/div>","protected":false},"excerpt":{"rendered":"<p>El\u00a0<strong>A901 cuadriciclo el\u00e9ctrico de pasajeros<\/strong>\u00a0Redefine la movilidad urbana con su combinaci\u00f3n de potencia, comodidad e inteligencia. Dise\u00f1ado para familias y grupos peque\u00f1os, este veh\u00edculo de 4 puertas y 4 asientos cuenta con un robusto motor de CA de 72V3000W, que ofrece una velocidad m\u00e1xima de 45 km\/h y un rango de \u226590 km por carga. Sus dimensiones compactas (2810*1316*1509 mm) garantizan una navegaci\u00f3n \u00e1gil en la ciudad y satisfacen diversas necesidades, desde el transporte para ancianos y los transbordadores m\u00e9dicos hasta la log\u00edstica de comercio electr\u00f3nico rural. Certificado seg\u00fan las normas CEE\/COC\/L7e-CP, el A901 combina certificaciones de seguridad con comodidades modernas como una c\u00e1mara retrovisora, calefacci\u00f3n y ventanas el\u00e9ctricas, haciendo que cada viaje sea eficiente y sin preocupaciones.<\/p>","protected":false},"featured_media":3625,"comment_status":"open","ping_status":"closed","template":"","meta":[],"product_brand":[],"product_cat":[77],"product_tag":[],"class_list":{"0":"post-2699","1":"product","2":"type-product","3":"status-publish","4":"has-post-thumbnail","6":"product_cat-electric-micro-vehicle","8":"first","9":"instock","10":"shipping-taxable","11":"purchasable","12":"product-type-simple"},"_links":{"self":[{"href":"https:\/\/www.tairuiauto.com\/es\/wp-json\/wp\/v2\/product\/2699","targetHints":{"allow":["GET"]}}],"collection":[{"href":"https:\/\/www.tairuiauto.com\/es\/wp-json\/wp\/v2\/product"}],"about":[{"href":"https:\/\/www.tairuiauto.com\/es\/wp-json\/wp\/v2\/types\/product"}],"replies":[{"embeddable":true,"href":"https:\/\/www.tairuiauto.com\/es\/wp-json\/wp\/v2\/comments?post=2699"}],"wp:featuredmedia":[{"embeddable":true,"href":"https:\/\/www.tairuiauto.com\/es\/wp-json\/wp\/v2\/media\/3625"}],"wp:attachment":[{"href":"https:\/\/www.tairuiauto.com\/es\/wp-json\/wp\/v2\/media?parent=2699"}],"wp:term":[{"taxonomy":"product_brand","embeddable":true,"href":"https:\/\/www.tairuiauto.com\/es\/wp-json\/wp\/v2\/product_brand?post=2699"},{"taxonomy":"product_cat","embeddable":true,"href":"https:\/\/www.tairuiauto.com\/es\/wp-json\/wp\/v2\/product_cat?post=2699"},{"taxonomy":"product_tag","embeddable":true,"href":"https:\/\/www.tairuiauto.com\/es\/wp-json\/wp\/v2\/product_tag?post=2699"}],"curies":[{"name":"WP","href":"https:\/\/api.w.org\/{rel}","templated":true}]}}