{"id":2712,"date":"2026-01-13T10:08:49","date_gmt":"2026-01-13T02:08:49","guid":{"rendered":"https:\/\/www.tairuiauto.com\/?post_type=product&#038;p=2712"},"modified":"2026-01-27T10:35:04","modified_gmt":"2026-01-27T02:35:04","slug":"v300-electric-passenger-quadricycle","status":"publish","type":"product","link":"https:\/\/www.tairuiauto.com\/es\/product\/v300-electric-passenger-quadricycle\/","title":{"rendered":"Veh\u00edculo el\u00e9ctrico compacto Movilidad urbana"},"content":{"rendered":"<h3 style=\"padding-left: 40px;\">Introducci\u00f3n del producto<\/h3>\n<p style=\"padding-left: 40px;\">El <strong data-start=\"492\" data-end=\"535\">Veh\u00edculo el\u00e9ctrico compacto Movilidad urbana<\/strong> Est\u00e1 dise\u00f1ado para un uso eficiente en la ciudad, combinando una huella compacta con asientos c\u00f3modos y funciones esenciales de conducci\u00f3n el\u00e9ctrica. Es ideal para barrios urbanos, viajes de corta distancia y necesidades de movilidad basadas en la comunidad.<\/p>\n<table class=\"table\" style=\"width: 72.0544%; margin-left: 40px;\" border=\"1\" cellspacing=\"1\" cellpadding=\"1\">\n<tbody style=\"padding-left: 40px;\">\n<tr style=\"padding-left: 40px;\">\n<td style=\"width: 34.2932%; padding-left: 40px;\">modelo<\/td>\n<td style=\"width: 69.6719%; padding-left: 40px;\">Veh\u00edculo el\u00e9ctrico compacto Movilidad urbana<\/td>\n<\/tr>\n<tr style=\"padding-left: 40px;\">\n<td style=\"width: 34.2932%; padding-left: 40px;\">Dimensiones (mm)<\/td>\n<td style=\"width: 69.6719%; padding-left: 40px;\">3100*1510*1550<\/td>\n<\/tr>\n<tr style=\"padding-left: 40px;\">\n<td style=\"width: 34.2932%; padding-left: 40px;\">Tipo de cuerpo<\/td>\n<td style=\"width: 69.6719%; padding-left: 40px;\">cuerpo semi-integral<\/td>\n<\/tr>\n<tr style=\"padding-left: 40px;\">\n<td style=\"width: 34.2932%; padding-left: 40px;\">Estructura del cuerpo<\/td>\n<td style=\"width: 69.6719%; padding-left: 40px;\">4 puertas y 4 asientos<\/td>\n<\/tr>\n<tr style=\"padding-left: 40px;\">\n<td style=\"width: 34.2932%; padding-left: 40px;\">motor<\/td>\n<td style=\"width: 69.6719%; padding-left: 40px;\">60V3000W CA<\/td>\n<\/tr>\n<tr style=\"padding-left: 40px;\">\n<td style=\"width: 34.2932%; padding-left: 40px;\">Controlador<\/td>\n<td style=\"width: 69.6719%; padding-left: 40px;\">60V24tubos<\/td>\n<\/tr>\n<tr style=\"padding-left: 40px;\">\n<td style=\"width: 34.2932%; padding-left: 40px;\">Bater\u00eda (kwh)<\/td>\n<td style=\"width: 69.6719%; padding-left: 40px;\">60V100AH<\/td>\n<\/tr>\n<tr style=\"padding-left: 40px;\">\n<td style=\"width: 34.2932%; padding-left: 40px;\">Tiempo de carga (H)<\/td>\n<td style=\"width: 69.6719%; padding-left: 40px;\">6-8 horas<\/td>\n<\/tr>\n<tr style=\"padding-left: 40px;\">\n<td style=\"width: 34.2932%; padding-left: 40px;\">Rango por carga\/km<\/td>\n<td style=\"width: 69.6719%; padding-left: 40px;\">\u2265 80<\/td>\n<\/tr>\n<tr style=\"padding-left: 40px;\">\n<td style=\"width: 34.2932%; padding-left: 40px;\">Suspensi\u00f3n delantera<\/td>\n<td style=\"width: 69.6719%; padding-left: 40px;\">Suspensi\u00f3n de puente integrada<\/td>\n<\/tr>\n<tr style=\"padding-left: 40px;\">\n<td style=\"width: 34.2932%; padding-left: 40px;\">Suspensi\u00f3n trasera<\/td>\n<td style=\"width: 69.6719%; padding-left: 40px;\">Suspensi\u00f3n de brazo de arrastre<\/td>\n<\/tr>\n<tr style=\"padding-left: 40px;\">\n<td style=\"width: 34.2932%; padding-left: 40px;\">Neum\u00e1tico delantero\/trasero<\/td>\n<td style=\"width: 69.6719%; padding-left: 40px;\">145\/70R12<\/td>\n<\/tr>\n<tr style=\"padding-left: 40px;\">\n<td style=\"width: 34.2932%; padding-left: 40px;\">Rim<\/td>\n<td style=\"width: 69.6719%; padding-left: 40px;\">Hub de aleaci\u00f3n de aluminio<\/td>\n<\/tr>\n<tr style=\"padding-left: 40px;\">\n<td style=\"width: 34.2932%; padding-left: 40px;\">Sistema de frenos<\/td>\n<td style=\"width: 69.6719%; padding-left: 40px;\">delantero\/trasero.disc<\/td>\n<\/tr>\n<tr style=\"padding-left: 40px;\">\n<td style=\"width: 34.2932%; padding-left: 40px;\">Grado de Clhmbing (%)<\/td>\n<td style=\"width: 69.6719%; padding-left: 40px;\">\u2265 25<\/td>\n<\/tr>\n<tr style=\"padding-left: 40px;\">\n<td style=\"width: 34.2932%; padding-left: 40px;\">Velocidad m\u00e1xima (km\/h)<\/td>\n<td style=\"width: 69.6719%; padding-left: 40px;\">45 km\/h<\/td>\n<\/tr>\n<tr style=\"padding-left: 40px;\">\n<td style=\"width: 34.2932%; padding-left: 40px;\">Modo de direcci\u00f3n<\/td>\n<td style=\"width: 69.6719%; padding-left: 40px;\">Direcci\u00f3n<\/td>\n<\/tr>\n<tr style=\"padding-left: 40px;\">\n<td style=\"width: 34.2932%; padding-left: 40px;\">Capacidad del contenedor<\/td>\n<td style=\"width: 69.6719%; padding-left: 40px;\">5PCS SKD\/40&#8217; Sede central<\/td>\n<\/tr>\n<tr style=\"padding-left: 40px;\">\n<td style=\"width: 34.2932%; padding-left: 40px;\">Certificado<\/td>\n<td style=\"width: 69.6719%; padding-left: 40px;\">CCC<\/td>\n<\/tr>\n<tr style=\"padding-left: 40px;\">\n<td style=\"width: 34.2932%; padding-left: 40px;\">Dispositivo de funci\u00f3n<\/td>\n<td style=\"width: 69.6719%; padding-left: 40px;\">Un bot\u00f3n de inicio luces led<\/td>\n<\/tr>\n<tr style=\"padding-left: 40px;\">\n<td style=\"width: 34.2932%; padding-left: 40px;\"><\/td>\n<td style=\"width: 69.6719%; padding-left: 40px;\">C\u00e1mara inversa\/Calentador\/Ventana el\u00e9ctrica<\/td>\n<\/tr>\n<tr style=\"padding-left: 40px;\">\n<td style=\"width: 34.2932%; padding-left: 40px;\">Escenarios de aplicaci\u00f3n<\/td>\n<td style=\"width: 69.6719%; padding-left: 40px;\">Viajes ligeros en familia, transporte para ancianos, servicio de transporte para familias, comercio electr\u00f3nico rural, recogida y entrega m\u00e9dica<\/td>\n<\/tr>\n<\/tbody>\n<\/table>\n<div class=\"kche-wrap-width\" style=\"padding-left: 40px;\">\n<div class=\"kche-t154\" style=\"padding-left: 40px;\">\n<div class=\"kche-t154-contant\" style=\"padding-left: 40px;\">\n<div class=\"kche-t154-list\" style=\"padding-left: 40px;\">\n<div class=\"kche-t154-item\" style=\"padding-left: 40px;\">\n<div class=\"kche-t154-img\" style=\"padding-left: 40px;\"><\/div>\n<\/div>\n<\/div>\n<\/div>\n<\/div>\n<\/div>\n<h2 style=\"padding-left: 40px;\" data-start=\"770\" data-end=\"792\">Descripci\u00f3n del producto<\/h2>\n<h3 style=\"padding-left: 40px;\" data-start=\"794\" data-end=\"816\">Categor\u00eda de producto<\/h3>\n<p style=\"padding-left: 40px;\" data-start=\"817\" data-end=\"901\">Coche el\u00e9ctrico compacto \/ veh\u00edculo el\u00e9ctrico urbano \/ veh\u00edculo el\u00e9ctrico de pasajeros de baja velocidad<\/p>\n<h3 style=\"padding-left: 40px;\" data-start=\"903\" data-end=\"928\">Descripci\u00f3n del producto<\/h3>\n<p style=\"padding-left: 40px;\" data-start=\"930\" data-end=\"1253\">El <strong data-start=\"934\" data-end=\"977\">Veh\u00edculo el\u00e9ctrico compacto Movilidad urbana<\/strong> Est\u00e1 dise\u00f1ado para satisfacer la creciente demanda de transporte urbano econ\u00f3mico y ecol\u00f3gico. Con dimensiones generales de <strong data-start=\"1098\" data-end=\"1123\">3100 \u00d7 1510 \u00d7 1550 mm<\/strong>El veh\u00edculo ofrece una excelente maniobrabilidad en calles estrechas y zonas residenciales concurridas mientras mantiene la comodidad interior.<\/p>\n<p style=\"padding-left: 40px;\" data-start=\"1255\" data-end=\"1567\">El veh\u00edculo adopta una <strong data-start=\"1276\" data-end=\"1308\">estructura del cuerpo semi-integral<\/strong> con <strong data-start=\"1314\" data-end=\"1343\">Cuatro puertas y cuatro asientos<\/strong>proporcionando un acceso conveniente para los pasajeros y una mayor usabilidad diaria. La energ\u00eda es suministrada por una <strong data-start=\"1441\" data-end=\"1463\">Motor de CA 60V 3000W<\/strong>, emparejado con una <strong data-start=\"1479\" data-end=\"1511\">Controlador de 60V con 24 tubos<\/strong>, garantizando una salida estable y un rendimiento de conducci\u00f3n suave.<\/p>\n<p style=\"padding-left: 40px;\" data-start=\"1255\" data-end=\"1567\"><img fetchpriority=\"high\" decoding=\"async\" class=\"alignnone size-medium wp-image-2726\" src=\"https:\/\/www.tairuiauto.com\/wp-content\/uploads\/2025\/06\/6-300x200.jpg\" alt=\"\" width=\"300\" height=\"200\" srcset=\"\" sizes=\"(max-width: 300px) 100vw, 300px\" data-srcset=\"\" \/>\u00a0 \u00a0 \u00a0 \u00a0 \u00a0 \u00a0 \u00a0 \u00a0\u00a0 \u00a0\u00a0<img decoding=\"async\" class=\"alignnone size-medium wp-image-2719\" src=\"https:\/\/www.tairuiauto.com\/wp-content\/uploads\/2025\/06\/MG_9785-300x200.jpg\" alt=\"\" width=\"300\" height=\"200\" srcset=\"\" sizes=\"(max-width: 300px) 100vw, 300px\" data-srcset=\"\" \/><\/p>\n<p style=\"padding-left: 40px;\" data-start=\"1569\" data-end=\"1850\">El almacenamiento de energ\u00eda es proporcionado por una <strong data-start=\"1601\" data-end=\"1629\">Sistema de bater\u00eda 60V 100Ah<\/strong>Apoyando a <strong data-start=\"1644\" data-end=\"1690\">autonom\u00eda de conducci\u00f3n de al menos 80 km por carga<\/strong>que es suficiente para el desplazamiento diario, los viajes familiares y las operaciones de servicio local. El <strong data-start=\"1782\" data-end=\"1812\">Tiempo de carga de 6-8 horas<\/strong> permite una carga c\u00f3moda durante la noche.<\/p>\n<p style=\"padding-left: 40px;\" data-start=\"1852\" data-end=\"2153\">Para estabilidad y durabilidad, el veh\u00edculo cuenta con un <strong data-start=\"1911\" data-end=\"1949\">suspensi\u00f3n delantera integrada del puente<\/strong> y <strong data-start=\"1954\" data-end=\"1982\">suspensi\u00f3n trasera de brazo de arrastre<\/strong>proporcionando un rendimiento fiable en carreteras urbanas y superficies rurales ligeras. El sistema de frenado adopta <strong data-start=\"2083\" data-end=\"2113\">Frenos de disco delanteros y traseros<\/strong>Mejorar la seguridad y la respuesta de frenado.<\/p>\n<p style=\"padding-left: 40px;\" data-start=\"2155\" data-end=\"2416\">El veh\u00edculo est\u00e1 equipado con <strong data-start=\"2184\" data-end=\"2203\">Neum\u00e1ticos 145\/70R12<\/strong> y <strong data-start=\"2208\" data-end=\"2231\">cubos de aleaci\u00f3n de aluminio<\/strong>Mejorar la durabilidad y la estabilidad de conducci\u00f3n. Con una <strong data-start=\"2284\" data-end=\"2320\">capacidad m\u00e1xima de escalada de \u226525%<\/strong> y una <strong data-start=\"2327\" data-end=\"2351\">velocidad m\u00e1xima de 45 km\/h<\/strong>puede manejar f\u00e1cilmente rampas, pendientes y condiciones de carretera variadas.<\/p>\n<p style=\"padding-left: 40px;\" data-start=\"2418\" data-end=\"2610\">Las caracter\u00edsticas orientadas al usuario incluyen <strong data-start=\"2449\" data-end=\"2469\">Inicio con un bot\u00f3n<\/strong>, <strong data-start=\"2471\" data-end=\"2494\">Sistema de iluminaci\u00f3n LED<\/strong>, <strong data-start=\"2496\" data-end=\"2514\">c\u00e1mara inversa<\/strong>, <strong data-start=\"2516\" data-end=\"2526\">calentador<\/strong>y <strong data-start=\"2532\" data-end=\"2552\">ventanas el\u00e9ctricas<\/strong>mejorando la comodidad y la comodidad de conducci\u00f3n para el uso diario.<\/p>\n<hr style=\"padding-left: 40px;\" data-start=\"2612\" data-end=\"2615\" \/>\n<h2 style=\"padding-left: 40px;\" data-start=\"2617\" data-end=\"2645\">Caracter\u00edsticas clave &amp; Ventajas<\/h2>\n<h3 style=\"padding-left: 40px;\" data-start=\"2647\" data-end=\"2661\">Caracter\u00edsticas<\/h3>\n<ul>\n<li style=\"list-style-type: none;\">\n<ul data-start=\"2662\" data-end=\"2856\">\n<li data-start=\"2662\" data-end=\"2704\">\n<p data-start=\"2664\" data-end=\"2704\">Dise\u00f1o compacto de carrocer\u00eda el\u00e9ctrica de cuatro puertas<\/p>\n<\/li>\n<li data-start=\"2705\" data-end=\"2748\">\n<p data-start=\"2707\" data-end=\"2748\">Motor de CA de 60V y controlador inteligente<\/p>\n<\/li>\n<li data-start=\"2749\" data-end=\"2787\">\n<p data-start=\"2751\" data-end=\"2787\">Sistema de frenado de disco delantero y trasero<\/p>\n<\/li>\n<li data-start=\"2788\" data-end=\"2813\">\n<p data-start=\"2790\" data-end=\"2813\">Ruedas de aleaci\u00f3n de aluminio<\/p>\n<\/li>\n<li data-start=\"2814\" data-end=\"2856\">\n<p data-start=\"2816\" data-end=\"2856\">Funciones pr\u00e1cticas de confort y seguridad<\/p>\n<\/li>\n<\/ul>\n<\/li>\n<\/ul>\n<h3 style=\"padding-left: 40px;\" data-start=\"2858\" data-end=\"2874\">Ventajas<\/h3>\n<ul>\n<li style=\"list-style-type: none;\">\n<ul data-start=\"2875\" data-end=\"3067\">\n<li data-start=\"2875\" data-end=\"2921\">\n<p data-start=\"2877\" data-end=\"2921\">F\u00e1cil operaci\u00f3n para uso urbano y comunitario<\/p>\n<\/li>\n<li data-start=\"2922\" data-end=\"2969\">\n<p data-start=\"2924\" data-end=\"2969\">Bajo consumo de energ\u00eda y costo de mantenimiento<\/p>\n<\/li>\n<li data-start=\"2970\" data-end=\"3020\">\n<p data-start=\"2972\" data-end=\"3020\">Tama\u00f1o compacto con capacidad pr\u00e1ctica para pasajeros<\/p>\n<\/li>\n<li data-start=\"3021\" data-end=\"3067\">\n<p data-start=\"3023\" data-end=\"3067\">Rendimiento estable en carreteras urbanas y rurales<\/p>\n<\/li>\n<\/ul>\n<\/li>\n<\/ul>\n<h3 style=\"padding-left: 40px;\" data-start=\"3069\" data-end=\"3089\">Beneficios del comprador<\/h3>\n<ul>\n<li style=\"list-style-type: none;\">\n<ul data-start=\"3090\" data-end=\"3264\">\n<li data-start=\"3090\" data-end=\"3128\">\n<p data-start=\"3092\" data-end=\"3128\">Reducci\u00f3n de los costos diarios de transporte<\/p>\n<\/li>\n<li data-start=\"3129\" data-end=\"3164\">\n<p data-start=\"3131\" data-end=\"3164\">Carga y mantenimiento sencillos<\/p>\n<\/li>\n<li data-start=\"3165\" data-end=\"3211\">\n<p data-start=\"3167\" data-end=\"3211\">Viajes c\u00f3modos y seguros de corta distancia<\/p>\n<\/li>\n<li data-start=\"3212\" data-end=\"3264\">\n<p data-start=\"3214\" data-end=\"3264\">Adecuado para las necesidades de movilidad familiar y comunitaria<\/p>\n<\/li>\n<\/ul>\n<\/li>\n<\/ul>\n<h3 style=\"padding-left: 40px;\" data-start=\"3266\" data-end=\"3280\">Evidencia<\/h3>\n<ul>\n<li style=\"list-style-type: none;\">\n<ul data-start=\"3281\" data-end=\"3421\">\n<li data-start=\"3281\" data-end=\"3329\">\n<p data-start=\"3283\" data-end=\"3329\">Configuraci\u00f3n comprobada de motor y controlador de CA<\/p>\n<\/li>\n<li data-start=\"3330\" data-end=\"3372\">\n<p data-start=\"3332\" data-end=\"3372\">Sistema de suspensi\u00f3n y frenado fiable<\/p>\n<\/li>\n<li data-start=\"3373\" data-end=\"3421\">\n<p data-start=\"3375\" data-end=\"3421\">Equipo funcional pr\u00e1ctico para uso diario<\/p>\n<\/li>\n<\/ul>\n<\/li>\n<\/ul>\n<hr style=\"padding-left: 40px;\" data-start=\"3423\" data-end=\"3426\" \/>\n<h2 style=\"padding-left: 40px;\" data-start=\"3428\" data-end=\"3452\">Escenarios de aplicaci\u00f3n<\/h2>\n<ul>\n<li style=\"list-style-type: none;\">\n<ul data-start=\"3454\" data-end=\"3670\">\n<li data-start=\"3454\" data-end=\"3488\">\n<p data-start=\"3456\" data-end=\"3488\">Transporte urbano de corta distancia<\/p>\n<\/li>\n<li data-start=\"3489\" data-end=\"3520\">\n<p data-start=\"3491\" data-end=\"3520\">Transporte diario familiar<\/p>\n<\/li>\n<li data-start=\"3521\" data-end=\"3571\">\n<p data-start=\"3523\" data-end=\"3571\">Movilidad para personas mayores y servicio de traslado comunitario<\/p>\n<\/li>\n<li data-start=\"3572\" data-end=\"3609\">\n<p data-start=\"3574\" data-end=\"3609\">Homestay y traslado de hu\u00e9spedes del hotel<\/p>\n<\/li>\n<li data-start=\"3610\" data-end=\"3670\">\n<p data-start=\"3612\" data-end=\"3670\">Comercio electr\u00f3nico rural y recogida m\u00e9dica servicios de entrega<\/p>\n<\/li>\n<\/ul>\n<\/li>\n<\/ul>\n<hr style=\"padding-left: 40px;\" data-start=\"3672\" data-end=\"3675\" \/>\n<h2 style=\"padding-left: 40px;\" data-start=\"3677\" data-end=\"3720\">Por qu\u00e9 elegir este veh\u00edculo el\u00e9ctrico compacto<\/h2>\n<p style=\"padding-left: 40px;\" data-start=\"3722\" data-end=\"4006\">El <strong data-start=\"3726\" data-end=\"3769\">Veh\u00edculo el\u00e9ctrico compacto Movilidad urbana<\/strong> ofrece un equilibrio ideal entre tama\u00f1o, eficiencia y practicidad. Su dise\u00f1o compacto, sistema el\u00e9ctrico fiable y caracter\u00edsticas f\u00e1ciles de usar lo convierten en una opci\u00f3n rentable para viajes urbanos, uso familiar y proyectos de transporte comunitario.<\/p>\n<hr style=\"padding-left: 40px;\" data-start=\"4008\" data-end=\"4011\" \/>\n<h2 style=\"padding-left: 40px;\" data-start=\"4013\" data-end=\"4041\">Embalaje &amp; Certificaci\u00f3n<\/h2>\n<ul>\n<li style=\"list-style-type: none;\">\n<ul data-start=\"4043\" data-end=\"4127\">\n<li data-start=\"4043\" data-end=\"4100\">\n<p data-start=\"4045\" data-end=\"4100\"><strong data-start=\"4045\" data-end=\"4076\">Capacidad de carga del contenedor:<\/strong> 5 unidades (SKD) \/ 40'HQ<\/p>\n<\/li>\n<li data-start=\"4101\" data-end=\"4127\">\n<p data-start=\"4103\" data-end=\"4127\"><strong data-start=\"4103\" data-end=\"4121\">Certificaci\u00f3n:<\/strong> CCC<\/p>\n<\/li>\n<\/ul>\n<\/li>\n<\/ul>\n<hr style=\"padding-left: 40px;\" data-start=\"4129\" data-end=\"4132\" \/>\n<h2 style=\"padding-left: 40px;\" data-start=\"4134\" data-end=\"4140\">Preguntas frecuentes<\/h2>\n<p style=\"padding-left: 40px;\" data-start=\"4142\" data-end=\"4286\"><strong data-start=\"4142\" data-end=\"4192\">Q1: \u00bfCu\u00e1l es el rango de conducci\u00f3n de este veh\u00edculo?<\/strong><br data-start=\"4192\" data-end=\"4195\" \/>El veh\u00edculo ofrece una gama de <strong data-start=\"4225\" data-end=\"4246\">\u226580 km por carga<\/strong>Dependiendo de las condiciones de carretera y la carga.<\/p>\n<p style=\"padding-left: 40px;\" data-start=\"4288\" data-end=\"4410\"><strong data-start=\"4288\" data-end=\"4328\">Q2: \u00bfCu\u00e1nto tiempo se tarda en cargar?<\/strong><br data-start=\"4328\" data-end=\"4331\" \/>El tiempo de carga es aproximadamente <strong data-start=\"4362\" data-end=\"4375\">6-8 horas<\/strong> utilizando equipos de carga est\u00e1ndar.<\/p>\n<p style=\"padding-left: 40px;\" data-start=\"4412\" data-end=\"4566\"><strong data-start=\"4412\" data-end=\"4462\">Q3: \u00bfEs el veh\u00edculo adecuado para usuarios mayores?<\/strong><br data-start=\"4462\" data-end=\"4465\" \/>- S\u00ed. - S\u00ed. Su baja velocidad, f\u00e1cil operaci\u00f3n y caracter\u00edsticas de comodidad lo hacen adecuado para el transporte de personas mayores.<\/p>\n<p style=\"padding-left: 40px;\" data-start=\"4568\" data-end=\"4682\"><strong data-start=\"4568\" data-end=\"4608\">Q4: \u00bfQu\u00e9 sistema de frenado utiliza?<\/strong><br data-start=\"4608\" data-end=\"4611\" \/>Est\u00e1 equipado con <strong data-start=\"4631\" data-end=\"4661\">Frenos de disco delanteros y traseros<\/strong> para mejorar la seguridad.<\/p>\n<p style=\"padding-left: 40px;\" data-start=\"4684\" data-end=\"4856\"><strong data-start=\"4684\" data-end=\"4752\">Q5: \u00bfPuede este modelo ser utilizado para servicios comerciales o comunitarios?<\/strong><br data-start=\"4752\" data-end=\"4755\" \/>- S\u00ed. - S\u00ed. Es adecuado para transporte comunitario, servicios rurales y operaciones comerciales de corta distancia.<\/p>\n<p style=\"padding-left: 40px;\">","protected":false},"excerpt":{"rendered":"<p>El Compact Electric Vehicle Urban Mobility es un coche el\u00e9ctrico pr\u00e1ctico de cuatro puertas dise\u00f1ado para viajes urbanos de corta distancia. Con una carrocer\u00eda compacta, un sistema de motor AC eficiente y caracter\u00edsticas f\u00e1ciles de usar, ofrece una soluci\u00f3n fiable y econ\u00f3mica para el desplazamiento urbano diario y el transporte comunitario.<\/p>","protected":false},"featured_media":5332,"comment_status":"open","ping_status":"closed","template":"","meta":[],"product_brand":[],"product_cat":[77],"product_tag":[],"class_list":{"0":"post-2712","1":"product","2":"type-product","3":"status-publish","4":"has-post-thumbnail","6":"product_cat-electric-micro-vehicle","8":"first","9":"instock","10":"shipping-taxable","11":"purchasable","12":"product-type-simple"},"_links":{"self":[{"href":"https:\/\/www.tairuiauto.com\/es\/wp-json\/wp\/v2\/product\/2712","targetHints":{"allow":["GET"]}}],"collection":[{"href":"https:\/\/www.tairuiauto.com\/es\/wp-json\/wp\/v2\/product"}],"about":[{"href":"https:\/\/www.tairuiauto.com\/es\/wp-json\/wp\/v2\/types\/product"}],"replies":[{"embeddable":true,"href":"https:\/\/www.tairuiauto.com\/es\/wp-json\/wp\/v2\/comments?post=2712"}],"wp:featuredmedia":[{"embeddable":true,"href":"https:\/\/www.tairuiauto.com\/es\/wp-json\/wp\/v2\/media\/5332"}],"wp:attachment":[{"href":"https:\/\/www.tairuiauto.com\/es\/wp-json\/wp\/v2\/media?parent=2712"}],"wp:term":[{"taxonomy":"product_brand","embeddable":true,"href":"https:\/\/www.tairuiauto.com\/es\/wp-json\/wp\/v2\/product_brand?post=2712"},{"taxonomy":"product_cat","embeddable":true,"href":"https:\/\/www.tairuiauto.com\/es\/wp-json\/wp\/v2\/product_cat?post=2712"},{"taxonomy":"product_tag","embeddable":true,"href":"https:\/\/www.tairuiauto.com\/es\/wp-json\/wp\/v2\/product_tag?post=2712"}],"curies":[{"name":"WP","href":"https:\/\/api.w.org\/{rel}","templated":true}]}}