{"id":2738,"date":"2026-01-14T10:31:12","date_gmt":"2026-01-14T02:31:12","guid":{"rendered":"https:\/\/www.tairuiauto.com\/?post_type=product&#038;p=2738"},"modified":"2026-03-09T14:35:27","modified_gmt":"2026-03-09T06:35:27","slug":"a8h-electric-commercial-quadricycle","status":"publish","type":"product","link":"https:\/\/www.tairuiauto.com\/es\/product\/a8h-electric-commercial-quadricycle\/","title":{"rendered":"Veh\u00edculo refrigerado el\u00e9ctrico de la ciudad para el transporte urbano"},"content":{"rendered":"<div class=\"kche-wrap-width\">\n<div class=\"kche-t154\">\n<div class=\"kche-t154-contant\">\n<div class=\"kche-t154-list\">\n<div class=\"kche-t154-item\">\n<div class=\"kche-t154-img\">\n<h2 data-start=\"484\" data-end=\"503\">Descripci\u00f3n general del producto<\/h2>\n<\/div>\n<\/div>\n<\/div>\n<\/div>\n<\/div>\n<\/div>\n<div class=\"kche-wrap-width\">\n<div class=\"kche-t154\">\n<div class=\"kche-t154-contant\">\n<div class=\"kche-t154-list\">\n<div class=\"kche-t154-item\">\n<div class=\"kche-t154-img\">\n<p data-start=\"505\" data-end=\"823\">El <strong data-start=\"509\" data-end=\"554\">Veh\u00edculo el\u00e9ctrico para el transporte urbano<\/strong> es un veh\u00edculo el\u00e9ctrico compacto de un solo asiento desarrollado para la movilidad urbana y aplicaciones orientadas a los servicios p\u00fablicos. Combina una estructura de carrocer\u00eda semi-integral duradera con una alta capacidad de carga \u00fatil, lo que lo hace adecuado tanto para el transporte personal como comercial de corta distancia.<\/p>\n<table class=\"table\" style=\"width: 81.3481%; height: 576px;\" border=\"1\" cellspacing=\"1\" cellpadding=\"1\">\n<tbody>\n<tr style=\"height: 24px;\">\n<td style=\"width: 28.7436%; height: 24px;\">modelo<\/td>\n<td style=\"width: 56.6062%; height: 24px;\">Veh\u00edculo el\u00e9ctrico para el transporte urbano<\/td>\n<\/tr>\n<tr style=\"height: 24px;\">\n<td style=\"width: 28.7436%; height: 24px;\">Dimensiones (mm)<\/td>\n<td style=\"width: 56.6062%; height: 24px;\">3559*1227*1669<\/td>\n<\/tr>\n<tr style=\"height: 24px;\">\n<td style=\"width: 28.7436%; height: 24px;\">Tipo de cuerpo<\/td>\n<td style=\"width: 56.6062%; height: 24px;\">cuerpo semi integral<\/td>\n<\/tr>\n<tr style=\"height: 24px;\">\n<td style=\"width: 28.7436%; height: 24px;\">Estructura del cuerpo<\/td>\n<td style=\"width: 56.6062%; height: 24px;\">2 puertas y 1 asiento<\/td>\n<\/tr>\n<tr style=\"height: 24px;\">\n<td style=\"width: 28.7436%; height: 24px;\">motor<\/td>\n<td style=\"width: 56.6062%; height: 24px;\">72V5000W<\/td>\n<\/tr>\n<tr style=\"height: 24px;\">\n<td style=\"width: 28.7436%; height: 24px;\">Controlador<\/td>\n<td style=\"width: 56.6062%; height: 24px;\">72V32tubos<\/td>\n<\/tr>\n<tr style=\"height: 24px;\">\n<td style=\"width: 28.7436%; height: 24px;\">Bater\u00eda (kwh)<\/td>\n<td style=\"width: 56.6062%; height: 24px;\">72V120AH<\/td>\n<\/tr>\n<tr style=\"height: 24px;\">\n<td style=\"width: 28.7436%; height: 24px;\">Tiempo de carga (H)<\/td>\n<td style=\"width: 56.6062%; height: 24px;\">6-8 horas<\/td>\n<\/tr>\n<tr style=\"height: 24px;\">\n<td style=\"width: 28.7436%; height: 24px;\">Rango por carga\/km<\/td>\n<td style=\"width: 56.6062%; height: 24px;\">\u2265 90<\/td>\n<\/tr>\n<tr style=\"height: 24px;\">\n<td style=\"width: 28.7436%; height: 24px;\">Capacidad de carga\/kg<\/td>\n<td style=\"width: 56.6062%; height: 24px;\">1183kg<\/td>\n<\/tr>\n<tr style=\"height: 24px;\">\n<td style=\"width: 28.7436%; height: 24px;\">Suspensi\u00f3n delantera<\/td>\n<td style=\"width: 56.6062%; height: 24px;\">Suspensi\u00f3n McPherson<\/td>\n<\/tr>\n<tr style=\"height: 24px;\">\n<td style=\"width: 28.7436%; height: 24px;\">Suspensi\u00f3n trasera<\/td>\n<td style=\"width: 56.6062%; height: 24px;\">Eje trasero integrado<\/td>\n<\/tr>\n<tr style=\"height: 24px;\">\n<td style=\"width: 28.7436%; height: 24px;\">Neum\u00e1tico delantero\/trasero<\/td>\n<td style=\"width: 56.6062%; height: 24px;\">135\/70R12<\/td>\n<\/tr>\n<tr style=\"height: 24px;\">\n<td style=\"width: 28.7436%; height: 24px;\">Rim<\/td>\n<td style=\"width: 56.6062%; height: 24px;\">Hub de hierro<\/td>\n<\/tr>\n<tr style=\"height: 24px;\">\n<td style=\"width: 28.7436%; height: 24px;\">Sistema de frenos<\/td>\n<td style=\"width: 56.6062%; height: 24px;\">firont\/retrodisco<\/td>\n<\/tr>\n<tr style=\"height: 24px;\">\n<td style=\"width: 28.7436%; height: 24px;\">Grado de Clhmbing (%)<\/td>\n<td style=\"width: 56.6062%; height: 24px;\">\u2265 25<\/td>\n<\/tr>\n<tr style=\"height: 24px;\">\n<td style=\"width: 28.7436%; height: 24px;\">Velocidad m\u00e1xima (km\/h)<\/td>\n<td style=\"width: 56.6062%; height: 24px;\">52km\/h<\/td>\n<\/tr>\n<tr style=\"height: 24px;\">\n<td style=\"width: 28.7436%; height: 24px;\">Modo de direcci\u00f3n<\/td>\n<td style=\"width: 56.6062%; height: 24px;\">Direcci\u00f3n<\/td>\n<\/tr>\n<tr style=\"height: 24px;\">\n<td style=\"width: 28.7436%; height: 24px;\">Certificado<\/td>\n<td style=\"width: 56.6062%; height: 24px;\">CEE\/COC\/L7e-CU<\/td>\n<\/tr>\n<tr style=\"height: 24px;\">\n<td style=\"width: 28.7436%; height: 24px;\">Capacidad del contenedor<\/td>\n<td style=\"width: 56.6062%; height: 24px;\">4PCS SKD \/ 40HQ<\/td>\n<\/tr>\n<tr style=\"height: 24px;\">\n<td style=\"width: 28.7436%; height: 24px;\">Dispositivo de funci\u00f3n<\/td>\n<td style=\"width: 56.6062%; height: 24px;\">Un bot\u00f3n de inicio luces led<\/td>\n<\/tr>\n<tr style=\"height: 24px;\">\n<td style=\"width: 28.7436%; height: 24px;\"><\/td>\n<td style=\"width: 56.6062%; height: 24px;\">C\u00e1mara inversa\/Calentador\/Ventana el\u00e9ctrica<\/td>\n<\/tr>\n<tr style=\"height: 48px;\">\n<td style=\"width: 28.7436%; height: 48px;\">Escenarios de aplicaci\u00f3n<\/td>\n<td style=\"width: 56.6062%; height: 48px; padding-left: 80px;\">Viajes urbanos de corta distancia, desplazamientos en parques, distribuci\u00f3n de escenas comerciales, viajes en mal tiempo, turismo suburbano y distribuci\u00f3n log\u00edstica urbana de \u00faltima milla<\/td>\n<\/tr>\n<\/tbody>\n<\/table>\n<hr data-start=\"825\" data-end=\"828\" \/>\n<h2 data-start=\"830\" data-end=\"852\">Descripci\u00f3n del producto<\/h2>\n<h3 data-start=\"854\" data-end=\"876\">Categor\u00eda de producto<\/h3>\n<p data-start=\"877\" data-end=\"967\">Veh\u00edculo el\u00e9ctrico de la ciudad \/ veh\u00edculo el\u00e9ctrico de utilidad urbana \/ veh\u00edculo comercial ligero el\u00e9ctrico<\/p>\n<h3 data-start=\"969\" data-end=\"994\">Descripci\u00f3n del producto<\/h3>\n<p data-start=\"996\" data-end=\"1317\">El <strong data-start=\"1000\" data-end=\"1045\">Veh\u00edculo el\u00e9ctrico para el transporte urbano<\/strong> Est\u00e1 dise\u00f1ado para responder a la creciente demanda de movilidad urbana flexible, de bajo costo y respetuosa con el medio ambiente. Con dimensiones globales compactas de <strong data-start=\"1194\" data-end=\"1219\">3559 \u00d7 1227 \u00d7 1669 mm<\/strong>El veh\u00edculo es adecuado para calles estrechas de ciudades, parques industriales y \u00e1reas urbanas congestionadas.<\/p>\n<p data-start=\"1319\" data-end=\"1613\">El veh\u00edculo cuenta con una <strong data-start=\"1342\" data-end=\"1371\">dise\u00f1o de cuerpo semi-integral<\/strong> con <strong data-start=\"1377\" data-end=\"1403\">Dos puertas y un asiento<\/strong>enfocando la eficiencia de la carga y la comodidad del conductor. Alimentado por a <strong data-start=\"1467\" data-end=\"1495\">Motor el\u00e9ctrico 72V 5000W<\/strong> y una <strong data-start=\"1502\" data-end=\"1534\">Controlador de 72V con 32 tubos<\/strong>Ofrece una potencia de salida estable y una aceleraci\u00f3n sensible, incluso bajo carga.<\/p>\n<p data-start=\"1615\" data-end=\"1934\">La energ\u00eda es suministrada por una <strong data-start=\"1639\" data-end=\"1667\">Sistema de bater\u00eda 72V 120Ah<\/strong>proporcionando una <strong data-start=\"1681\" data-end=\"1727\">autonom\u00eda de conducci\u00f3n de al menos 90 km por carga<\/strong>Esta gama satisface las necesidades de la entrega urbana diaria, el desplazamiento al parque y la log\u00edstica de corta distancia. El <strong data-start=\"1831\" data-end=\"1861\">Tiempo de carga de 6-8 horas<\/strong> permite una conveniente carga durante la noche y una operaci\u00f3n diaria continua.<\/p>\n<p data-start=\"1615\" data-end=\"1934\"><img fetchpriority=\"high\" decoding=\"async\" class=\"alignnone size-medium wp-image-2748\" src=\"https:\/\/www.tairuiauto.com\/wp-content\/uploads\/2025\/06\/9-300x200.jpg\" alt=\"\" width=\"300\" height=\"200\" srcset=\"\" sizes=\"(max-width: 300px) 100vw, 300px\" data-srcset=\"\" \/>\u00a0 \u00a0 \u00a0 \u00a0 \u00a0 \u00a0 \u00a0 \u00a0 \u00a0 \u00a0 \u00a0 <img decoding=\"async\" class=\"alignnone size-medium wp-image-2747\" src=\"https:\/\/www.tairuiauto.com\/wp-content\/uploads\/2025\/06\/7-300x200.jpg\" alt=\"\" width=\"300\" height=\"200\" srcset=\"\" sizes=\"(max-width: 300px) 100vw, 300px\" data-srcset=\"\" \/><\/p>\n<p data-start=\"1936\" data-end=\"2263\">Dise\u00f1ado para durabilidad y rendimiento de carga, el veh\u00edculo ofrece una impresionante <strong data-start=\"2023\" data-end=\"2054\">capacidad de carga de 1183 kg<\/strong>lo que lo hace adecuado para uso comercial. El <strong data-start=\"2099\" data-end=\"2129\">Suspensi\u00f3n delantera McPherson<\/strong> Combinado con un <strong data-start=\"2147\" data-end=\"2171\">eje trasero integrado<\/strong> garantiza estabilidad, soporte de carga y manejo fiable en diversas condiciones de carretera urbana.<\/p>\n<p data-start=\"2265\" data-end=\"2660\">La seguridad y el control son mejorados por el <strong data-start=\"2304\" data-end=\"2342\">sistema de frenado de disco delantero y trasero<\/strong>proporcionando un rendimiento de frenado consistente. El veh\u00edculo est\u00e1 equipado con <strong data-start=\"2416\" data-end=\"2435\">Neum\u00e1ticos 135\/70R12<\/strong> y <strong data-start=\"2440\" data-end=\"2453\">cubos de hierro<\/strong>priorizando la resistencia y la durabilidad para ciclos de conducci\u00f3n start-stop frecuentes. Con una <strong data-start=\"2539\" data-end=\"2573\">capacidad de escalada superior al 25%<\/strong> y una <strong data-start=\"2580\" data-end=\"2604\">velocidad m\u00e1xima de 52 km\/h<\/strong>se adapta bien a pendientes, rampas y pasarelas urbanas.<\/p>\n<p data-start=\"2662\" data-end=\"2854\">Caracter\u00edsticas funcionales como <strong data-start=\"2690\" data-end=\"2710\">Inicio con un bot\u00f3n<\/strong>, <strong data-start=\"2712\" data-end=\"2728\">Iluminaci\u00f3n LED<\/strong>, <strong data-start=\"2730\" data-end=\"2748\">c\u00e1mara inversa<\/strong>, <strong data-start=\"2750\" data-end=\"2760\">calentador<\/strong>y <strong data-start=\"2766\" data-end=\"2786\">ventanas el\u00e9ctricas<\/strong> mejorar la comodidad del conductor y la eficiencia operativa en el uso diario.<\/p>\n<hr data-start=\"2856\" data-end=\"2859\" \/>\n<h2 data-start=\"2861\" data-end=\"2889\">Caracter\u00edsticas clave &amp; Ventajas<\/h2>\n<h3 data-start=\"2891\" data-end=\"2905\">Caracter\u00edsticas<\/h3>\n<p data-start=\"2908\" data-end=\"2963\">Dise\u00f1o el\u00e9ctrico compacto de dos puertas y un solo asiento<\/p>\n<p data-start=\"2966\" data-end=\"3005\">Sistema de energ\u00eda el\u00e9ctrica de alto par 72V<\/p>\n<p data-start=\"3008\" data-end=\"3053\">Fuerte capacidad de carga \u00fatil para la log\u00edstica urbana<\/p>\n<p data-start=\"3056\" data-end=\"3092\">Sistema de frenado de disco delantero y trasero<\/p>\n<p data-start=\"3095\" data-end=\"3145\">Pr\u00e1cticas caracter\u00edsticas de asistencia al conductor y comodidad<\/p>\n<h3 data-start=\"3147\" data-end=\"3163\">Ventajas<\/h3>\n<p data-start=\"3166\" data-end=\"3214\">Excelente maniobrabilidad en zonas urbanas densas<\/p>\n<p data-start=\"3217\" data-end=\"3274\">Alta capacidad de carga en comparaci\u00f3n con veh\u00edculos compactos similares<\/p>\n<p data-start=\"3277\" data-end=\"3314\">Bajos costos de operaci\u00f3n y mantenimiento<\/p>\n<p data-start=\"3317\" data-end=\"3364\">Rendimiento fiable para uso comercial diario<\/p>\n<h3 data-start=\"3366\" data-end=\"3386\">Beneficios del comprador<\/h3>\n<p data-start=\"3389\" data-end=\"3428\">Reducci\u00f3n de los gastos de combustible y mantenimiento<\/p>\n<p data-start=\"3431\" data-end=\"3472\">Eficiente capacidad de entrega de \u00faltima milla<\/p>\n<p data-start=\"3475\" data-end=\"3516\">F\u00e1cil operaci\u00f3n y corta curva de aprendizaje<\/p>\n<p data-start=\"3519\" data-end=\"3573\">Adaptabilidad a m\u00faltiples escenarios de aplicaci\u00f3n urbana<\/p>\n<h3 data-start=\"3575\" data-end=\"3589\">Evidencia<\/h3>\n<p data-start=\"3592\" data-end=\"3637\">Arquitectura de transmisi\u00f3n el\u00e9ctrica probada de 72V<\/p>\n<p data-start=\"3640\" data-end=\"3682\">Configuraci\u00f3n robusta de suspensi\u00f3n y eje<\/p>\n<p data-start=\"3685\" data-end=\"3743\">Equipo funcional pr\u00e1ctico para operaciones del mundo real<\/p>\n<hr data-start=\"3745\" data-end=\"3748\" \/>\n<h2 data-start=\"3750\" data-end=\"3774\">Escenarios de aplicaci\u00f3n<\/h2>\n<p data-start=\"3778\" data-end=\"3815\">Transporte urbano de corta distancia<\/p>\n<p data-start=\"3818\" data-end=\"3854\">Transporte en parques y zonas industriales<\/p>\n<p data-start=\"3857\" data-end=\"3905\">Distribuci\u00f3n comercial y operaciones de servicio<\/p>\n<p data-start=\"3908\" data-end=\"3942\">Viajar en malas condiciones meteorol\u00f3gicas<\/p>\n<p data-start=\"3945\" data-end=\"3971\">Apoyo al turismo suburbano<\/p>\n<p data-start=\"3974\" data-end=\"4014\">Log\u00edstica y entrega urbana de \u00faltima milla<\/p>\n<hr data-start=\"4016\" data-end=\"4019\" \/>\n<h2 data-start=\"4021\" data-end=\"4061\">Por qu\u00e9 elegir este veh\u00edculo el\u00e9ctrico<\/h2>\n<p data-start=\"4063\" data-end=\"4381\">El <strong data-start=\"4067\" data-end=\"4112\">Veh\u00edculo el\u00e9ctrico para el transporte urbano<\/strong> ofrece una combinaci\u00f3n ideal de tama\u00f1o compacto, gran capacidad de carga y eficiencia operativa. Su construcci\u00f3n duradera, sistema el\u00e9ctrico fiable y gama de aplicaciones vers\u00e1tiles lo convierten en una soluci\u00f3n rentable para la movilidad urbana y el transporte comercial ligero.<\/p>\n<hr data-start=\"4383\" data-end=\"4386\" \/>\n<h2 data-start=\"4388\" data-end=\"4416\">Embalaje &amp; Certificaci\u00f3n<\/h2>\n<p data-start=\"4420\" data-end=\"4467\"><strong data-start=\"4420\" data-end=\"4443\">Capacidad del contenedor:<\/strong> 4 unidades (SKD) \/ 40'HQ<\/p>\n<p data-start=\"4470\" data-end=\"4509\"><strong data-start=\"4470\" data-end=\"4488\">Certificaci\u00f3n:<\/strong> CEE \/ COC \/ L7e-CU<\/p>\n<hr data-start=\"4511\" data-end=\"4514\" \/>\n<h2 data-start=\"4516\" data-end=\"4522\">Preguntas frecuentes<\/h2>\n<p data-start=\"4524\" data-end=\"4665\"><strong data-start=\"4524\" data-end=\"4577\">Q1: \u00bfCu\u00e1l es el rango m\u00e1ximo de conducci\u00f3n por carga?<\/strong><br data-start=\"4577\" data-end=\"4580\" \/>El veh\u00edculo ofrece una gama de <strong data-start=\"4612\" data-end=\"4622\">\u226590 km<\/strong>Dependiendo de las condiciones de carga y conducci\u00f3n.<\/p>\n<p data-start=\"4667\" data-end=\"4819\"><strong data-start=\"4667\" data-end=\"4714\">Q2: \u00bfCu\u00e1nto peso puede llevar este veh\u00edculo?<\/strong><br data-start=\"4714\" data-end=\"4717\" \/>Apoya una <strong data-start=\"4731\" data-end=\"4770\">capacidad de carga m\u00e1xima de 1183 kg<\/strong>Adecuado para tareas de log\u00edstica urbana y servicios p\u00fablicos.<\/p>\n<p data-start=\"4821\" data-end=\"4979\"><strong data-start=\"4821\" data-end=\"4871\">Q3: \u00bfEs este modelo adecuado para uso comercial?<\/strong><br data-start=\"4871\" data-end=\"4874\" \/>- S\u00ed. - S\u00ed. Est\u00e1 dise\u00f1ado espec\u00edficamente para escenarios comerciales como entrega de \u00faltima milla y operaciones de parque.<\/p>\n<p data-start=\"4981\" data-end=\"5104\"><strong data-start=\"4981\" data-end=\"5021\">Q4: \u00bfQu\u00e9 sistema de frenado utiliza?<\/strong><br data-start=\"5021\" data-end=\"5024\" \/>El veh\u00edculo est\u00e1 equipado con <strong data-start=\"5053\" data-end=\"5083\">Frenos de disco delanteros y traseros<\/strong> para una mayor seguridad.<\/p>\n<p data-start=\"5106\" data-end=\"5230\"><strong data-start=\"5106\" data-end=\"5151\">Q5: \u00bfApoya la certificaci\u00f3n de exportaci\u00f3n?<\/strong><br data-start=\"5151\" data-end=\"5154\" \/>- S\u00ed. - S\u00ed. El modelo cumple con <strong data-start=\"5183\" data-end=\"5205\">CEE \/ COC \/ L7e-CU<\/strong> normas de certificaci\u00f3n.<\/p>\n<hr \/>\n<\/div>\n<div class=\"kche-t154-text\">\n<p>&nbsp;<\/p>\n<\/div>\n<\/div>\n<\/div>\n<\/div>\n<\/div>\n<\/div>\n<p>&nbsp;<\/p>","protected":false},"excerpt":{"rendered":"<p data-start=\"180\" data-end=\"477\">Este veh\u00edculo el\u00e9ctrico urbano est\u00e1 dise\u00f1ado para el transporte urbano eficiente y las tareas de carga ligera. Con una carrocer\u00eda compacta, una fuerte capacidad de carga y un tren el\u00e9ctrico fiable, proporciona una soluci\u00f3n pr\u00e1ctica para viajes de corta distancia, desplazamientos en parques y distribuci\u00f3n de \u00faltima milla en entornos urbanos.<\/p>","protected":false},"featured_media":5333,"comment_status":"open","ping_status":"closed","template":"","meta":[],"product_brand":[],"product_cat":[77],"product_tag":[],"class_list":{"0":"post-2738","1":"product","2":"type-product","3":"status-publish","4":"has-post-thumbnail","6":"product_cat-electric-micro-vehicle","8":"first","9":"instock","10":"shipping-taxable","11":"product-type-simple"},"_links":{"self":[{"href":"https:\/\/www.tairuiauto.com\/es\/wp-json\/wp\/v2\/product\/2738","targetHints":{"allow":["GET"]}}],"collection":[{"href":"https:\/\/www.tairuiauto.com\/es\/wp-json\/wp\/v2\/product"}],"about":[{"href":"https:\/\/www.tairuiauto.com\/es\/wp-json\/wp\/v2\/types\/product"}],"replies":[{"embeddable":true,"href":"https:\/\/www.tairuiauto.com\/es\/wp-json\/wp\/v2\/comments?post=2738"}],"wp:featuredmedia":[{"embeddable":true,"href":"https:\/\/www.tairuiauto.com\/es\/wp-json\/wp\/v2\/media\/5333"}],"wp:attachment":[{"href":"https:\/\/www.tairuiauto.com\/es\/wp-json\/wp\/v2\/media?parent=2738"}],"wp:term":[{"taxonomy":"product_brand","embeddable":true,"href":"https:\/\/www.tairuiauto.com\/es\/wp-json\/wp\/v2\/product_brand?post=2738"},{"taxonomy":"product_cat","embeddable":true,"href":"https:\/\/www.tairuiauto.com\/es\/wp-json\/wp\/v2\/product_cat?post=2738"},{"taxonomy":"product_tag","embeddable":true,"href":"https:\/\/www.tairuiauto.com\/es\/wp-json\/wp\/v2\/product_tag?post=2738"}],"curies":[{"name":"WP","href":"https:\/\/api.w.org\/{rel}","templated":true}]}}