{"id":2765,"date":"2026-01-22T11:34:30","date_gmt":"2026-01-22T03:34:30","guid":{"rendered":"https:\/\/www.tairuiauto.com\/?post_type=product&#038;p=2765"},"modified":"2026-01-27T10:59:22","modified_gmt":"2026-01-27T02:59:22","slug":"7-seater-tuk-electric-passenger-tricycle","status":"publish","type":"product","link":"https:\/\/www.tairuiauto.com\/es\/product\/7-seater-tuk-electric-passenger-tricycle\/","title":{"rendered":"Tuk Tuk el\u00e9ctrico para el transporte urbano"},"content":{"rendered":"<h2 style=\"padding-left: 40px;\" data-start=\"448\" data-end=\"467\">Descripci\u00f3n general del producto<\/h2>\n<p style=\"padding-left: 40px;\" data-start=\"469\" data-end=\"770\">Este tuk tuk el\u00e9ctrico de pasajeros est\u00e1 dise\u00f1ado para el desplazamiento urbano, el transporte de pasajeros de corta distancia y las operaciones tur\u00edsticas. Con una fuerte capacidad de escalada, suspensi\u00f3n estable y opciones de configuraci\u00f3n flexibles, ofrece comodidad, seguridad y eficiencia operativa en varios entornos urbanos.<\/p>\n<table class=\"table\" style=\"width: 76.0498%; margin-left: 40px;\" border=\"1\" cellspacing=\"1\" cellpadding=\"1\">\n<tbody>\n<tr>\n<td style=\"width: 27.0542%;\">modelo<\/td>\n<td style=\"width: 54.4326%;\">Tuk Tuk el\u00e9ctrico para el transporte urbano<\/td>\n<\/tr>\n<tr>\n<td style=\"width: 27.0542%;\">Dimensiones totales del veh\u00edculo (mm)<\/td>\n<td style=\"width: 54.4326%;\">3430*1350*1790<\/td>\n<\/tr>\n<tr>\n<td style=\"width: 27.0542%;\">Panel de control<\/td>\n<td style=\"width: 54.4326%;\">El\u00e9ctrica con tablero de control<\/td>\n<\/tr>\n<tr>\n<td style=\"width: 27.0542%;\">Controlador del motor<\/td>\n<td style=\"width: 54.4326%;\">60\/72V 4000w adaptable, adecuado para bater\u00edas de fosfato de litio y hierro<br \/>\nL\u00edmite superior de tensi\u00f3n: 93v, l\u00edmite inferior: 63v<\/td>\n<\/tr>\n<tr>\n<td style=\"width: 27.0542%;\">Eje trasero<\/td>\n<td style=\"width: 54.4326%;\">Freno de ba\u00f1o de aceite, varilla de articulaci\u00f3n de bola de autom\u00f3vil<\/td>\n<\/tr>\n<tr>\n<td style=\"width: 27.0542%;\">Freno delantero<\/td>\n<td style=\"width: 54.4326%;\">Freno de disco de 180mm de di\u00e1metro<\/td>\n<\/tr>\n<tr>\n<td style=\"width: 27.0542%;\">Freno trasero<\/td>\n<td style=\"width: 54.4326%;\">Freno de disco de 220mm de di\u00e1metro<\/td>\n<\/tr>\n<tr>\n<td style=\"width: 27.0542%;\">\u00c1ngulo de escalada<\/td>\n<td style=\"width: 54.4326%;\">35 \u00b0<\/td>\n<\/tr>\n<tr>\n<td style=\"width: 27.0542%;\">Faros delanteros<\/td>\n<td style=\"width: 54.4326%;\">led<\/td>\n<\/tr>\n<tr>\n<td style=\"width: 27.0542%;\">Capacidad de carga<\/td>\n<td style=\"width: 54.4326%;\">1 6 personas<\/td>\n<\/tr>\n<tr>\n<td style=\"width: 27.0542%;\">Otros opcionales<\/td>\n<td style=\"width: 54.4326%;\">Freno de estacionamiento manual, radio Bluetooth, carga USB, cuatro puertas<\/td>\n<\/tr>\n<tr>\n<td style=\"width: 27.0542%;\">Hubo de ruedas<\/td>\n<td style=\"width: 54.4326%;\">cubo de rueda<\/td>\n<\/tr>\n<tr>\n<td style=\"width: 27.0542%;\">motor<\/td>\n<td style=\"width: 54.4326%;\">Motor de CA 60V 4000W<\/td>\n<\/tr>\n<tr>\n<td style=\"width: 27.0542%;\">Amortizador frontal<\/td>\n<td style=\"width: 54.4326%;\">Doble hombro telesc\u00f3pico amortiguador horquilla delantera<\/td>\n<\/tr>\n<tr>\n<td style=\"width: 27.0542%;\">Suspensi\u00f3n trasera<\/td>\n<td style=\"width: 54.4326%;\">suspensi\u00f3n independiente<\/td>\n<\/tr>\n<tr>\n<td style=\"width: 27.0542%;\">Velocidad m\u00e1xima<\/td>\n<td style=\"width: 54.4326%;\">55 Km\/h<\/td>\n<\/tr>\n<tr>\n<td style=\"width: 27.0542%;\">Neum\u00e1ticos delanteros y traseros<\/td>\n<td style=\"width: 54.4326%;\">F 125-65-12\/R 125-65-12<\/td>\n<\/tr>\n<tr>\n<td style=\"width: 27.0542%;\">resistencia<\/td>\n<td style=\"width: 54.4326%;\">140-165km<\/td>\n<\/tr>\n<tr>\n<td style=\"width: 27.0542%;\">Bater\u00eda<\/td>\n<td style=\"width: 54.4326%;\">Bater\u00eda de iones de litio 60v150AH<\/td>\n<\/tr>\n<tr>\n<td style=\"width: 27.0542%;\">Tiempo de carga<\/td>\n<td style=\"width: 54.4326%;\">8-10 horas<\/td>\n<\/tr>\n<tr>\n<td style=\"width: 27.0542%;\">Cargando en 40HQ<\/td>\n<td style=\"width: 54.4326%;\">CKD 30<\/td>\n<\/tr>\n<tr>\n<td style=\"width: 27.0542%;\">Escenarios de aplicaci\u00f3n<\/td>\n<td style=\"width: 54.4326%;\">Viajes a parques industriales, recogida y entrega de eventos, visitas tur\u00edsticas en lugares pintorescos, viajes comunitarios y veh\u00edculos alquilados para peque\u00f1os grupos tur\u00edsticos<\/td>\n<\/tr>\n<\/tbody>\n<\/table>\n<div class=\"kche-wrap-width\">\n<div class=\"kche-t154\">\n<div class=\"kche-t154-contant\">\n<div class=\"kche-t154-list\">\n<div class=\"kche-t154-item\">\n<div class=\"kche-t154-text\">\n<hr data-start=\"772\" data-end=\"775\" \/>\n<h2 style=\"padding-left: 40px;\" data-start=\"777\" data-end=\"799\">Descripci\u00f3n del producto<\/h2>\n<h3 style=\"padding-left: 40px;\" data-start=\"801\" data-end=\"823\">Categor\u00eda de producto<\/h3>\n<p style=\"padding-left: 40px;\" data-start=\"824\" data-end=\"910\">Tuk Tuk el\u00e9ctrico de pasajeros \/ veh\u00edculo el\u00e9ctrico de transporte el\u00e9ctrico de tres ruedas \/ urbano<\/p>\n<h3 style=\"padding-left: 40px;\" data-start=\"912\" data-end=\"937\">Descripci\u00f3n del producto<\/h3>\n<p style=\"padding-left: 40px;\" data-start=\"939\" data-end=\"1168\">El <strong data-start=\"943\" data-end=\"993\">Tuk Tuk el\u00e9ctrico para el transporte urbano<\/strong> presenta una dimensi\u00f3n general del veh\u00edculo de <strong data-start=\"1035\" data-end=\"1060\">3430 \u00d7 1350 \u00d7 1790 mm<\/strong>proporcionando un amplio espacio interior para los pasajeros, manteniendo una excelente maniobrabilidad en el tr\u00e1fico urbano.<\/p>\n<p style=\"padding-left: 40px;\" data-start=\"1170\" data-end=\"1514\">El veh\u00edculo est\u00e1 equipado con una <strong data-start=\"1201\" data-end=\"1223\">Motor de CA 60V 4000W<\/strong>, emparejado con una <strong data-start=\"1240\" data-end=\"1276\">Controlador de motor adaptativo 60\/72V<\/strong> Compatible con sistemas de bater\u00eda de fosfato de hierro de litio. El controlador soporta un rango de tensi\u00f3n con un l\u00edmite superior de <strong data-start=\"1396\" data-end=\"1403\">93V<\/strong> y un l\u00edmite inferior de <strong data-start=\"1425\" data-end=\"1432\">63V<\/strong>garantizando una potencia de salida estable y eficiente en diferentes condiciones de funcionamiento.<\/p>\n<p style=\"padding-left: 40px;\" data-start=\"1516\" data-end=\"1856\">La energ\u00eda es suministrada por una <strong data-start=\"1539\" data-end=\"1572\">Bater\u00eda de iones de litio 60V 150Ah<\/strong>proporcionando una gama de resistencia de <strong data-start=\"1607\" data-end=\"1632\">140\u2013165 km por carga<\/strong>El tiempo de carga es aproximadamente <strong data-start=\"1665\" data-end=\"1679\">8-10 horas<\/strong>lo que lo hace adecuado para ciclos de carga durante la noche. El veh\u00edculo logra una <strong data-start=\"1754\" data-end=\"1782\">Velocidad m\u00e1xima de 55 km\/h<\/strong>satisfacer las necesidades del transporte urbano de pasajeros manteniendo al mismo tiempo la seguridad.<\/p>\n<p data-start=\"1516\" data-end=\"1856\"><img fetchpriority=\"high\" decoding=\"async\" class=\"aligncenter wp-image-5316 size-full\" src=\"https:\/\/www.tairuiauto.com\/wp-content\/uploads\/2026\/01\/1.webp\" alt=\"\" width=\"750\" height=\"750\" srcset=\"https:\/\/www.tairuiauto.com\/wp-content\/uploads\/2026\/01\/1.webp 750w, https:\/\/www.tairuiauto.com\/wp-content\/uploads\/2026\/01\/1-300x300.webp 300w, https:\/\/www.tairuiauto.com\/wp-content\/uploads\/2026\/01\/1-150x150.webp 150w, https:\/\/www.tairuiauto.com\/wp-content\/uploads\/2026\/01\/1-12x12.webp 12w, https:\/\/www.tairuiauto.com\/wp-content\/uploads\/2026\/01\/1-600x600.webp 600w, https:\/\/www.tairuiauto.com\/wp-content\/uploads\/2026\/01\/1-100x100.webp 100w\" sizes=\"(max-width: 750px) 100vw, 750px\" \/><\/p>\n<p style=\"padding-left: 40px;\" data-start=\"1858\" data-end=\"2253\">El sistema de frenado adopta una <strong data-start=\"1886\" data-end=\"1913\">Freno de disco delantero de 180 mm<\/strong> y una <strong data-start=\"1920\" data-end=\"1946\">Freno de disco trasero de 220 mm<\/strong>proporcionando un rendimiento de frenado fuerte y fiable. El eje trasero est\u00e1 dise\u00f1ado con un <strong data-start=\"2033\" data-end=\"2094\">sistema de freno de ba\u00f1o de aceite y varilla de articulaci\u00f3n de bola de grado automotriz<\/strong>mejorando la durabilidad y la estabilidad de carga. El veh\u00edculo ofrece una <strong data-start=\"2158\" data-end=\"2189\">\u00e1ngulo de escalada de hasta 35\u00b0<\/strong>lo que le permite manejar las pendientes y las carreteras urbanas desiguales con facilidad.<\/p>\n<p style=\"padding-left: 40px;\" data-start=\"2255\" data-end=\"2585\">Para comodidad de conducci\u00f3n, la suspensi\u00f3n delantera cuenta con un <strong data-start=\"2305\" data-end=\"2359\">horquilla delantera amortiguadora telesc\u00f3pica de doble hombro<\/strong>mientras que la parte trasera adopta una <strong data-start=\"2386\" data-end=\"2419\">sistema de suspensi\u00f3n independiente<\/strong>Reduciendo efectivamente las vibraciones y mejorando la comodidad de los pasajeros. El veh\u00edculo est\u00e1 equipado con <strong data-start=\"2512\" data-end=\"2531\">Neum\u00e1ticos 125\/65-12<\/strong> en la parte delantera y trasera, asegurando un contacto estable con la carretera.<\/p>\n<p style=\"padding-left: 40px;\" data-start=\"2587\" data-end=\"2949\">La cabina de pasajeros soporta una <strong data-start=\"2618\" data-end=\"2649\">1 Configuraci\u00f3n de 6 asientos<\/strong>lo que lo hace adecuado para el transporte en grupo. Las caracter\u00edsticas est\u00e1ndar incluyen <strong data-start=\"2717\" data-end=\"2735\">Faros led<\/strong> y un <strong data-start=\"2743\" data-end=\"2767\">tablero el\u00e9ctrico<\/strong>Las configuraciones opcionales incluyen una <strong data-start=\"2803\" data-end=\"2886\">freno de estacionamiento manual, radio Bluetooth, puertos de carga USB y dise\u00f1o de cuatro puertas<\/strong>que permite una personalizaci\u00f3n flexible basada en los requisitos del mercado.<\/p>\n<p style=\"padding-left: 40px;\" data-start=\"2951\" data-end=\"3102\">El veh\u00edculo se env\u00eda en <strong data-start=\"2977\" data-end=\"2989\">Formulario CKD<\/strong>Con una capacidad de carga de <strong data-start=\"3018\" data-end=\"3049\">30 unidades por contenedor 40HQ<\/strong>optimizar la log\u00edstica y la eficiencia del transporte.<\/p>\n<hr style=\"padding-left: 40px;\" data-start=\"3104\" data-end=\"3107\" \/>\n<h2 style=\"padding-left: 40px;\" data-start=\"3109\" data-end=\"3137\">Caracter\u00edsticas clave &amp; Ventajas<\/h2>\n<h3 style=\"padding-left: 40px;\" data-start=\"3139\" data-end=\"3153\">Caracter\u00edsticas<\/h3>\n<ul>\n<li style=\"list-style-type: none;\">\n<ul data-start=\"3154\" data-end=\"3345\">\n<li data-start=\"3154\" data-end=\"3201\">\n<p data-start=\"3156\" data-end=\"3201\">Motor AC de 60V 4000W con controlador adaptativo<\/p>\n<\/li>\n<li data-start=\"3202\" data-end=\"3240\">\n<p data-start=\"3204\" data-end=\"3240\">Largo alcance de conducci\u00f3n de hasta 165 km<\/p>\n<\/li>\n<li data-start=\"3241\" data-end=\"3279\">\n<p data-start=\"3243\" data-end=\"3279\">Sistema de frenado de disco delantero y trasero<\/p>\n<\/li>\n<li data-start=\"3280\" data-end=\"3311\">\n<p data-start=\"3282\" data-end=\"3311\">Suspensi\u00f3n trasera independiente<\/p>\n<\/li>\n<li data-start=\"3312\" data-end=\"3345\">\n<p data-start=\"3314\" data-end=\"3345\">Amplio dise\u00f1o de 1 6 pasajeros<\/p>\n<\/li>\n<\/ul>\n<\/li>\n<\/ul>\n<h3 style=\"padding-left: 40px;\" data-start=\"3347\" data-end=\"3363\">Ventajas<\/h3>\n<ul>\n<li style=\"list-style-type: none;\">\n<ul data-start=\"3364\" data-end=\"3535\">\n<li data-start=\"3364\" data-end=\"3415\">\n<p data-start=\"3366\" data-end=\"3415\">Alta capacidad de escalada para terrenos urbanos complejos<\/p>\n<\/li>\n<li data-start=\"3416\" data-end=\"3455\">\n<p data-start=\"3418\" data-end=\"3455\">Calidad de conducci\u00f3n estable y c\u00f3moda<\/p>\n<\/li>\n<li data-start=\"3456\" data-end=\"3492\">\n<p data-start=\"3458\" data-end=\"3492\">Configuraciones opcionales flexibles<\/p>\n<\/li>\n<li data-start=\"3493\" data-end=\"3535\">\n<p data-start=\"3495\" data-end=\"3535\">Adecuado para uso de pasajeros y turismo<\/p>\n<\/li>\n<\/ul>\n<\/li>\n<\/ul>\n<h3 style=\"padding-left: 40px;\" data-start=\"3537\" data-end=\"3557\">Beneficios del comprador<\/h3>\n<ul>\n<li style=\"list-style-type: none;\">\n<ul data-start=\"3558\" data-end=\"3738\">\n<li data-start=\"3558\" data-end=\"3596\">\n<p data-start=\"3560\" data-end=\"3596\">Reducci\u00f3n de los costos operativos y energ\u00e9ticos<\/p>\n<\/li>\n<li data-start=\"3597\" data-end=\"3640\">\n<p data-start=\"3599\" data-end=\"3640\">Alta capacidad de pasajeros en tama\u00f1o compacto<\/p>\n<\/li>\n<li data-start=\"3641\" data-end=\"3683\">\n<p data-start=\"3643\" data-end=\"3683\">Env\u00edo eficiente de CKD para pedidos a granel<\/p>\n<\/li>\n<li data-start=\"3684\" data-end=\"3738\">\n<p data-start=\"3686\" data-end=\"3738\">Fuerte idoneidad para operaciones urbanas y esc\u00e9nicas<\/p>\n<\/li>\n<\/ul>\n<\/li>\n<\/ul>\n<h3 style=\"padding-left: 40px;\" data-start=\"3740\" data-end=\"3754\">Evidencia<\/h3>\n<ul>\n<li style=\"list-style-type: none;\">\n<ul data-start=\"3755\" data-end=\"3864\">\n<li data-start=\"3755\" data-end=\"3798\">\n<p data-start=\"3757\" data-end=\"3798\">Motor AC y sistema de controlador adaptativo<\/p>\n<\/li>\n<li data-start=\"3799\" data-end=\"3827\">\n<p data-start=\"3801\" data-end=\"3827\">Configuraci\u00f3n del freno de disco<\/p>\n<\/li>\n<li data-start=\"3828\" data-end=\"3864\">\n<p data-start=\"3830\" data-end=\"3864\">Configuraci\u00f3n de bater\u00eda de litio de largo alcance<\/p>\n<\/li>\n<\/ul>\n<\/li>\n<\/ul>\n<hr style=\"padding-left: 40px;\" data-start=\"3866\" data-end=\"3869\" \/>\n<h2 style=\"padding-left: 40px;\" data-start=\"3871\" data-end=\"3895\">Escenarios de aplicaci\u00f3n<\/h2>\n<ul>\n<li style=\"list-style-type: none;\">\n<ul data-start=\"3897\" data-end=\"4105\">\n<li data-start=\"3897\" data-end=\"3926\">\n<p data-start=\"3899\" data-end=\"3926\">Viajes urbanos de pasajeros<\/p>\n<\/li>\n<li data-start=\"3927\" data-end=\"3961\">\n<p data-start=\"3929\" data-end=\"3961\">Transporte de parques industriales<\/p>\n<\/li>\n<li data-start=\"3962\" data-end=\"4001\">\n<p data-start=\"3964\" data-end=\"4001\">Servicios de recogida y entrega de eventos<\/p>\n<\/li>\n<li data-start=\"4002\" data-end=\"4029\">\n<p data-start=\"4004\" data-end=\"4029\">Zona esc\u00e9nica tur\u00edstica<\/p>\n<\/li>\n<li data-start=\"4030\" data-end=\"4059\">\n<p data-start=\"4032\" data-end=\"4059\">Servicios de viajes comunitarios<\/p>\n<\/li>\n<li data-start=\"4060\" data-end=\"4105\">\n<p data-start=\"4062\" data-end=\"4105\">Transporte fletado para peque\u00f1os grupos tur\u00edsticos<\/p>\n<\/li>\n<\/ul>\n<\/li>\n<\/ul>\n<hr style=\"padding-left: 40px;\" data-start=\"4107\" data-end=\"4110\" \/>\n<h2 style=\"padding-left: 40px;\" data-start=\"4112\" data-end=\"4157\">Por qu\u00e9 elegir este pasajero el\u00e9ctrico Tuk Tuk<\/h2>\n<p style=\"padding-left: 40px;\" data-start=\"4159\" data-end=\"4441\">Este modelo combina un fuerte rendimiento de potencia, una larga duraci\u00f3n y la comodidad de los pasajeros en una plataforma el\u00e9ctrica compacta. Su configuraci\u00f3n robusta y sus opciones flexibles lo convierten en una opci\u00f3n confiable para operadores de movilidad urbana, proyectos tur\u00edsticos y servicios comerciales de transporte de pasajeros.<\/p>\n<hr style=\"padding-left: 40px;\" data-start=\"4443\" data-end=\"4446\" \/>\n<h2 style=\"padding-left: 40px;\" data-start=\"4448\" data-end=\"4471\">Embalaje &amp; Entrega<\/h2>\n<ul>\n<li style=\"list-style-type: none;\">\n<ul data-start=\"4473\" data-end=\"4640\">\n<li data-start=\"4473\" data-end=\"4499\">\n<p data-start=\"4475\" data-end=\"4499\"><strong data-start=\"4475\" data-end=\"4493\">Formulario de entrega:<\/strong> CKD<\/p>\n<\/li>\n<li data-start=\"4500\" data-end=\"4541\">\n<p data-start=\"4502\" data-end=\"4541\"><strong data-start=\"4502\" data-end=\"4523\">Capacidad de carga:<\/strong> 30 unidades \/ 40HQ<\/p>\n<\/li>\n<li data-start=\"4542\" data-end=\"4589\">\n<p data-start=\"4544\" data-end=\"4589\"><strong data-start=\"4544\" data-end=\"4563\">M\u00e9todo de embalaje:<\/strong> Embalaje est\u00e1ndar de exportaci\u00f3n<\/p>\n<\/li>\n<li data-start=\"4590\" data-end=\"4640\">\n<p data-start=\"4592\" data-end=\"4640\"><strong data-start=\"4592\" data-end=\"4610\">Personalizaci\u00f3n:<\/strong> Caracter\u00edsticas opcionales disponibles<\/p>\n<\/li>\n<\/ul>\n<\/li>\n<\/ul>\n<hr style=\"padding-left: 40px;\" data-start=\"4642\" data-end=\"4645\" \/>\n<h2 style=\"padding-left: 40px;\" data-start=\"4647\" data-end=\"4653\">Preguntas frecuentes<\/h2>\n<p style=\"padding-left: 40px;\" data-start=\"4655\" data-end=\"4777\"><strong data-start=\"4655\" data-end=\"4710\">Q1: \u00bfCu\u00e1l es la capacidad de pasajeros de este tuk tuk?<\/strong><br data-start=\"4710\" data-end=\"4713\" \/>Apoya una <strong data-start=\"4727\" data-end=\"4754\">1 conductor 6 pasajeros<\/strong> configuraci\u00f3n de asientos.<\/p>\n<p style=\"padding-left: 40px;\" data-start=\"4779\" data-end=\"4904\"><strong data-start=\"4779\" data-end=\"4824\">Q2: \u00bfCu\u00e1l es el rango de conducci\u00f3n por carga?<\/strong><br data-start=\"4824\" data-end=\"4827\" \/>El rango de resistencia es <strong data-start=\"4850\" data-end=\"4864\">140\u2013165 km<\/strong>Dependiendo de las condiciones de carga y carretera.<\/p>\n<p style=\"padding-left: 40px;\" data-start=\"4906\" data-end=\"5002\"><strong data-start=\"4906\" data-end=\"4945\">Q3: \u00bfQu\u00e9 tipo de motor utiliza?<\/strong><br data-start=\"4945\" data-end=\"4948\" \/>El veh\u00edculo est\u00e1 equipado con una <strong data-start=\"4979\" data-end=\"5001\">Motor de CA 60V 4000W<\/strong>.<\/p>\n<p style=\"padding-left: 40px;\" data-start=\"5004\" data-end=\"5154\"><strong data-start=\"5004\" data-end=\"5039\">Q4: \u00bfEst\u00e1 disponible la personalizaci\u00f3n?<\/strong><br data-start=\"5039\" data-end=\"5042\" \/>- S\u00ed. - S\u00ed. Las caracter\u00edsticas opcionales incluyen radio Bluetooth, carga USB, freno de estacionamiento manual y configuraci\u00f3n de cuatro puertas.<\/p>\n<p style=\"padding-left: 40px;\" data-start=\"5156\" data-end=\"5262\"><strong data-start=\"5156\" data-end=\"5191\">Q5: \u00bfC\u00f3mo se env\u00eda el veh\u00edculo?<\/strong><br data-start=\"5191\" data-end=\"5194\" \/>Se env\u00eda en <strong data-start=\"5211\" data-end=\"5223\">Formulario CKD<\/strong>con <strong data-start=\"5230\" data-end=\"5261\">30 unidades por contenedor 40HQ<\/strong>.<\/p>\n<\/div>\n<\/div>\n<\/div>\n<\/div>\n<\/div>\n<\/div>\n<div class=\"kche-wrap-width\" style=\"padding-left: 40px;\">\n<div class=\"kche-t154\" style=\"padding-left: 40px;\">\n<div class=\"kche-t154-contant\" style=\"padding-left: 40px;\">\n<div class=\"kche-t154-list\" style=\"padding-left: 40px;\">\n<div class=\"kche-t154-item\" style=\"padding-left: 40px;\">\n<div class=\"kche-t154-text\" style=\"padding-left: 40px;\">\n<div class=\"kche-t154-text-p\" style=\"padding-left: 40px;\">\n<p style=\"padding-left: 40px;\">\n<\/div>\n<\/div>\n<\/div>\n<\/div>\n<\/div>\n<\/div>\n<\/div>","protected":false},"excerpt":{"rendered":"<p>El <strong data-start=\"144\" data-end=\"194\">Tuk Tuk el\u00e9ctrico para el transporte urbano<\/strong> es un veh\u00edculo el\u00e9ctrico de tres ruedas de alto rendimiento dise\u00f1ado para la movilidad urbana de pasajeros. Con una cabina espaciosa, un potente motor de CA y un largo rango de conducci\u00f3n, ofrece una soluci\u00f3n fiable y ecol\u00f3gica para el transporte urbano y aplicaciones tur\u00edsticas.<\/p>","protected":false},"featured_media":5367,"comment_status":"open","ping_status":"closed","template":"","meta":[],"product_brand":[],"product_cat":[78],"product_tag":[],"class_list":{"0":"post-2765","1":"product","2":"type-product","3":"status-publish","4":"has-post-thumbnail","6":"product_cat-electric-tricycle","8":"first","9":"instock","10":"shipping-taxable","11":"purchasable","12":"product-type-simple"},"_links":{"self":[{"href":"https:\/\/www.tairuiauto.com\/es\/wp-json\/wp\/v2\/product\/2765","targetHints":{"allow":["GET"]}}],"collection":[{"href":"https:\/\/www.tairuiauto.com\/es\/wp-json\/wp\/v2\/product"}],"about":[{"href":"https:\/\/www.tairuiauto.com\/es\/wp-json\/wp\/v2\/types\/product"}],"replies":[{"embeddable":true,"href":"https:\/\/www.tairuiauto.com\/es\/wp-json\/wp\/v2\/comments?post=2765"}],"wp:featuredmedia":[{"embeddable":true,"href":"https:\/\/www.tairuiauto.com\/es\/wp-json\/wp\/v2\/media\/5367"}],"wp:attachment":[{"href":"https:\/\/www.tairuiauto.com\/es\/wp-json\/wp\/v2\/media?parent=2765"}],"wp:term":[{"taxonomy":"product_brand","embeddable":true,"href":"https:\/\/www.tairuiauto.com\/es\/wp-json\/wp\/v2\/product_brand?post=2765"},{"taxonomy":"product_cat","embeddable":true,"href":"https:\/\/www.tairuiauto.com\/es\/wp-json\/wp\/v2\/product_cat?post=2765"},{"taxonomy":"product_tag","embeddable":true,"href":"https:\/\/www.tairuiauto.com\/es\/wp-json\/wp\/v2\/product_tag?post=2765"}],"curies":[{"name":"WP","href":"https:\/\/api.w.org\/{rel}","templated":true}]}}