{"id":2853,"date":"2025-10-10T10:09:55","date_gmt":"2025-10-10T02:09:55","guid":{"rendered":"https:\/\/www.tairuiauto.com\/?post_type=product&#038;p=2853"},"modified":"2025-10-10T08:35:11","modified_gmt":"2025-10-10T00:35:11","slug":"1-5m-closed-cargo-trike-for-urban-logistics","status":"publish","type":"product","link":"https:\/\/www.tairuiauto.com\/es\/product\/1-5m-closed-cargo-trike-for-urban-logistics\/","title":{"rendered":"1.5m Tricicleta de transporte de entrega cerrada"},"content":{"rendered":"<h3 data-start=\"278\" data-end=\"303\">Descripci\u00f3n del producto<\/h3>\n<p data-start=\"304\" data-end=\"750\">El <strong data-start=\"308\" data-end=\"359\">1.5m Cerrado Entrega Expressa Transporte Triciclo<\/strong> est\u00e1 dise\u00f1ado para log\u00edstica moderna, entrega de paquetes de comercio electr\u00f3nico y transporte de \u00faltima milla. Con una cabina totalmente cerrada, un rendimiento fiable y una configuraci\u00f3n t\u00e9cnica avanzada, este e-trike de entrega garantiza seguridad, eficiencia y durabilidad en entornos exigentes. Su tama\u00f1o compacto lo hace perfecto para navegar por las calles estrechas de la ciudad mientras mantiene una impresionante capacidad de carga.<\/p>\n<table style=\"border-collapse: collapse; width: 67.8165%; height: 748px;\" border=\"0\" width=\"681\" cellspacing=\"0\" cellpadding=\"0\">\n<tbody>\n<tr style=\"height: 20.00pt;\">\n<td class=\"et3\" style=\"height: 20.00pt; width: 177.60pt;\" width=\"296\" height=\"33\">modelo<\/td>\n<td class=\"et5\" style=\"width: 231.00pt;\" width=\"385\">1.5m Tricicleta de transporte de entrega r\u00e1pida cerrada<\/td>\n<\/tr>\n<tr style=\"height: 20.00pt;\">\n<td class=\"et4\" style=\"height: 20.00pt;\" height=\"33\">Dimensiones totales del veh\u00edculo (mm)<\/td>\n<td class=\"et6\">2930*1060*1695<\/td>\n<\/tr>\n<tr style=\"height: 20.00pt;\">\n<td class=\"et4\" style=\"height: 20.00pt;\" height=\"33\">Panel de control<\/td>\n<td class=\"et6\">Estaci\u00f3n de trabajo integrada<\/td>\n<\/tr>\n<tr style=\"height: 20.00pt;\">\n<td class=\"et4\" style=\"height: 20.00pt;\" height=\"33\">Controlador del motor<\/td>\n<td class=\"et6\">Controlador sincr\u00f3nico de 18 fases de im\u00e1n permanente<\/td>\n<\/tr>\n<tr style=\"height: 20.00pt;\">\n<td class=\"et4\" style=\"height: 20.00pt;\" height=\"33\">Eje trasero<\/td>\n<td class=\"et6\">Eje trasero integral<\/td>\n<\/tr>\n<tr style=\"height: 20.00pt;\">\n<td class=\"et4\" style=\"height: 20.00pt;\" height=\"33\">Freno delantero<\/td>\n<td class=\"et6\">37 Absorci\u00f3n\/freno delantero 130<\/td>\n<\/tr>\n<tr style=\"height: 20.00pt;\">\n<td class=\"et4\" style=\"height: 20.00pt;\" height=\"33\">Freno trasero<\/td>\n<td class=\"et6\">160 tambor de freno<\/td>\n<\/tr>\n<tr style=\"height: 20.00pt;\">\n<td class=\"et4\" style=\"height: 20.00pt;\" height=\"33\">\u00c1ngulo de escalada<\/td>\n<td class=\"et6\">15 \u00b0<\/td>\n<\/tr>\n<tr style=\"height: 20.00pt;\">\n<td class=\"et4\" style=\"height: 20.00pt;\" height=\"33\">Faros delanteros<\/td>\n<td class=\"et6\">led<\/td>\n<\/tr>\n<tr style=\"height: 20.00pt;\">\n<td class=\"et4\" style=\"height: 20.00pt;\" height=\"33\">Liberaci\u00f3n de tierra<\/td>\n<td class=\"et6\">140mm<\/td>\n<\/tr>\n<tr style=\"height: 20.00pt;\">\n<td class=\"et4\" style=\"height: 20.00pt;\" height=\"33\">Peso<\/td>\n<td class=\"et6\">327 kg<\/td>\n<\/tr>\n<tr style=\"height: 20.00pt;\">\n<td class=\"et4\" style=\"height: 20.00pt;\" height=\"33\">Carga<\/td>\n<td class=\"et6\">175kg<\/td>\n<\/tr>\n<tr style=\"height: 20.00pt;\">\n<td class=\"et4\" style=\"height: 20.00pt;\" height=\"33\">Opcional<\/td>\n<td class=\"et6\"><span class=\"font1\">Opcional: motor<\/span><span class=\"font2\">,<\/span><span class=\"font1\">controlador<\/span><span class=\"font2\">,<\/span><span class=\"font1\">neum\u00e1ticos<\/span><span class=\"font2\">,<\/span><span class=\"font1\">eje trasero<\/span><\/td>\n<\/tr>\n<tr style=\"height: 20.00pt;\">\n<td class=\"et4\" style=\"height: 20.00pt;\" height=\"33\">Hubo de ruedas<\/td>\n<td class=\"et6\">Hubo de ruedas<\/td>\n<\/tr>\n<tr style=\"height: 20.00pt;\">\n<td class=\"et4\" style=\"height: 20.00pt;\" height=\"33\">motor<\/td>\n<td class=\"et6\">motor 60v800w<\/td>\n<\/tr>\n<tr style=\"height: 20.00pt;\">\n<td class=\"et4\" style=\"height: 20.00pt;\" height=\"33\">Amortizador frontal<\/td>\n<td class=\"et6\">Amortizador hidr\u00e1ulico<\/td>\n<\/tr>\n<tr style=\"height: 20.00pt;\">\n<td class=\"et4\" style=\"height: 20.00pt;\" height=\"33\">Suspensi\u00f3n trasera<\/td>\n<td class=\"et6\">Muelle de hoja de placa de acero reforzado<\/td>\n<\/tr>\n<tr style=\"height: 20.00pt;\">\n<td class=\"et4\" style=\"height: 20.00pt;\" height=\"33\">Velocidad m\u00e1xima<\/td>\n<td class=\"et6\">38 kn \/ h<\/td>\n<\/tr>\n<tr style=\"height: 20.00pt;\">\n<td class=\"et4\" style=\"height: 20.00pt;\" height=\"33\">Neum\u00e1ticos delanteros y traseros<\/td>\n<td class=\"et6\">F375-12 \/ R375-12<\/td>\n<\/tr>\n<tr style=\"height: 20.00pt;\">\n<td class=\"et4\" style=\"height: 20.00pt;\" height=\"33\">resistencia<\/td>\n<td class=\"et6\">45 kil\u00f3metros<\/td>\n<\/tr>\n<tr style=\"height: 20.00pt;\">\n<td class=\"et4\" style=\"height: 20.00pt;\" height=\"33\">Bater\u00eda<\/td>\n<td class=\"et6\">60V 52A<\/td>\n<\/tr>\n<tr style=\"height: 20.00pt;\">\n<td class=\"et4\" style=\"height: 20.00pt;\" height=\"33\">color<\/td>\n<td class=\"et6\"><span class=\"font1\">Azul<\/span><span class=\"font2\">,<\/span><span class=\"font1\">Verde<\/span><span class=\"font2\">,<\/span><span class=\"font1\">Plata<\/span><span class=\"font2\">,<\/span><span class=\"font1\">Rojo<\/span><\/td>\n<\/tr>\n<tr style=\"height: 20.00pt;\">\n<td class=\"et4\" style=\"height: 20.00pt;\" height=\"33\">Autenticaci\u00f3n<\/td>\n<td class=\"et6\">Calificaci\u00f3n nacional de producci\u00f3n de primer nivel, certificaci\u00f3n COC<\/td>\n<\/tr>\n<tr style=\"height: 20.00pt;\">\n<td class=\"et4\" style=\"height: 20.00pt;\" height=\"33\">Tiempo de carga<\/td>\n<td class=\"et6\">6-8 horas<\/td>\n<\/tr>\n<\/tbody>\n<\/table>\n<p>&nbsp;<\/p>\n<hr \/>\n<p>&nbsp;<\/p>\n<h3 data-start=\"752\" data-end=\"783\">Caracter\u00edsticas clave &amp; Ventajas<\/h3>\n<ul data-start=\"784\" data-end=\"1405\">\n<li data-start=\"784\" data-end=\"957\">\n<p data-start=\"786\" data-end=\"957\"><strong data-start=\"786\" data-end=\"821\">Motor el\u00e9ctrico de alta eficiencia:<\/strong> Equipado con un motor de 60V800W, este <strong data-start=\"858\" data-end=\"909\">1.5m Cerrado Entrega Expressa Transporte Triciclo<\/strong> garantiza una potencia consistente para la log\u00edstica urbana.<\/p>\n<\/li>\n<li data-start=\"958\" data-end=\"1084\">\n<p data-start=\"960\" data-end=\"1084\"><strong data-start=\"960\" data-end=\"986\">Capacidad de carga duradera:<\/strong> Soporta cargas de hasta 175 kg, lo que lo hace ideal para servicios de mensajer\u00eda y distribuci\u00f3n de carga ligera.<\/p>\n<\/li>\n<li data-start=\"1085\" data-end=\"1257\">\n<p data-start=\"1087\" data-end=\"1257\"><strong data-start=\"1087\" data-end=\"1114\">Operaci\u00f3n ecol\u00f3gica:<\/strong> Como un <strong data-start=\"1121\" data-end=\"1148\">triciclo de carga el\u00e9ctrico<\/strong>Produce cero emisiones y reduce significativamente los costos de funcionamiento en comparaci\u00f3n con los veh\u00edculos de combustible tradicionales.<\/p>\n<\/li>\n<li data-start=\"1258\" data-end=\"1405\">\n<p data-start=\"1260\" data-end=\"1405\"><strong data-start=\"1260\" data-end=\"1280\">Seguridad mejorada:<\/strong> Los amortiguadores hidr\u00e1ulicos y la suspensi\u00f3n de placa de acero reforzada garantizan un manejo estable y confort incluso bajo cargas pesadas.<\/p>\n<\/li>\n<\/ul>\n<p>&nbsp;<\/p>\n<hr \/>\n<p>&nbsp;<\/p>\n<h3 data-start=\"1407\" data-end=\"1438\">Ventajas diferenciadas<\/h3>\n<ol data-start=\"1439\" data-end=\"1968\">\n<li data-start=\"1439\" data-end=\"1573\">\n<p data-start=\"1442\" data-end=\"1573\"><strong data-start=\"1442\" data-end=\"1470\">Protecci\u00f3n de cabina cerrada:<\/strong> A diferencia de los trikes abiertos, el dise\u00f1o cerrado protege a la carga y a los conductores de la lluvia, el polvo y el clima duro.<\/p>\n<\/li>\n<li data-start=\"1574\" data-end=\"1723\">\n<p data-start=\"1577\" data-end=\"1723\"><strong data-start=\"1577\" data-end=\"1604\">Movilidad Urbana Compacta:<\/strong> Esto <strong data-start=\"1610\" data-end=\"1630\">entrega e-trike<\/strong> Est\u00e1 dise\u00f1ado espec\u00edficamente para las calles urbanas congestionadas, ofreciendo una maniobrabilidad superior.<\/p>\n<\/li>\n<li data-start=\"1724\" data-end=\"1848\">\n<p data-start=\"1727\" data-end=\"1848\"><strong data-start=\"1727\" data-end=\"1749\">Eficiencia energ\u00e9tica:<\/strong> El bajo tiempo de carga (6-8 horas) y el fuerte kilometraje lo hacen m\u00e1s rentable que los camiones m\u00e1s grandes.<\/p>\n<\/li>\n<li data-start=\"1849\" data-end=\"1968\">\n<p data-start=\"1852\" data-end=\"1968\"><strong data-start=\"1852\" data-end=\"1877\">Opciones personalizables:<\/strong> Los servicios OEM permiten colores a medida, marca y actualizaciones t\u00e9cnicas para las necesidades empresariales.<\/p>\n<\/li>\n<\/ol>\n<p>&nbsp;<\/p>\n<p><img fetchpriority=\"high\" decoding=\"async\" class=\"alignnone size-medium wp-image-3976\" src=\"https:\/\/www.tairuiauto.com\/wp-content\/uploads\/2025\/06\/Hd0b40b14fabc4a28a1baa94c2036800dD_\u526f\u672c-300x300.jpg\" alt=\"\" width=\"300\" height=\"300\" srcset=\"https:\/\/www.tairuiauto.com\/wp-content\/uploads\/2025\/06\/Hd0b40b14fabc4a28a1baa94c2036800dD_\u526f\u672c-300x300.jpg 300w, https:\/\/www.tairuiauto.com\/wp-content\/uploads\/2025\/06\/Hd0b40b14fabc4a28a1baa94c2036800dD_\u526f\u672c-1024x1024.jpg 1024w, https:\/\/www.tairuiauto.com\/wp-content\/uploads\/2025\/06\/Hd0b40b14fabc4a28a1baa94c2036800dD_\u526f\u672c-150x150.jpg 150w, https:\/\/www.tairuiauto.com\/wp-content\/uploads\/2025\/06\/Hd0b40b14fabc4a28a1baa94c2036800dD_\u526f\u672c-768x768.jpg 768w, https:\/\/www.tairuiauto.com\/wp-content\/uploads\/2025\/06\/Hd0b40b14fabc4a28a1baa94c2036800dD_\u526f\u672c-1536x1536.jpg 1536w, https:\/\/www.tairuiauto.com\/wp-content\/uploads\/2025\/06\/Hd0b40b14fabc4a28a1baa94c2036800dD_\u526f\u672c-2048x2048.jpg 2048w, https:\/\/www.tairuiauto.com\/wp-content\/uploads\/2025\/06\/Hd0b40b14fabc4a28a1baa94c2036800dD_\u526f\u672c-12x12.jpg 12w, https:\/\/www.tairuiauto.com\/wp-content\/uploads\/2025\/06\/Hd0b40b14fabc4a28a1baa94c2036800dD_\u526f\u672c-600x600.jpg 600w, https:\/\/www.tairuiauto.com\/wp-content\/uploads\/2025\/06\/Hd0b40b14fabc4a28a1baa94c2036800dD_\u526f\u672c-100x100.jpg 100w\" sizes=\"(max-width: 300px) 100vw, 300px\" \/>\u00a0 \u00a0 \u00a0 \u00a0 \u00a0\u00a0 <img decoding=\"async\" class=\"alignnone size-medium wp-image-3970\" src=\"https:\/\/www.tairuiauto.com\/wp-content\/uploads\/2025\/06\/H5fd664662b1d44bbaf90d28bde4d104cp_\u526f\u672c-300x300.jpg\" alt=\"\" width=\"300\" height=\"300\" srcset=\"https:\/\/www.tairuiauto.com\/wp-content\/uploads\/2025\/06\/H5fd664662b1d44bbaf90d28bde4d104cp_\u526f\u672c-300x300.jpg 300w, https:\/\/www.tairuiauto.com\/wp-content\/uploads\/2025\/06\/H5fd664662b1d44bbaf90d28bde4d104cp_\u526f\u672c-1024x1024.jpg 1024w, https:\/\/www.tairuiauto.com\/wp-content\/uploads\/2025\/06\/H5fd664662b1d44bbaf90d28bde4d104cp_\u526f\u672c-150x150.jpg 150w, https:\/\/www.tairuiauto.com\/wp-content\/uploads\/2025\/06\/H5fd664662b1d44bbaf90d28bde4d104cp_\u526f\u672c-768x768.jpg 768w, https:\/\/www.tairuiauto.com\/wp-content\/uploads\/2025\/06\/H5fd664662b1d44bbaf90d28bde4d104cp_\u526f\u672c-1536x1536.jpg 1536w, https:\/\/www.tairuiauto.com\/wp-content\/uploads\/2025\/06\/H5fd664662b1d44bbaf90d28bde4d104cp_\u526f\u672c-2048x2048.jpg 2048w, https:\/\/www.tairuiauto.com\/wp-content\/uploads\/2025\/06\/H5fd664662b1d44bbaf90d28bde4d104cp_\u526f\u672c-12x12.jpg 12w, https:\/\/www.tairuiauto.com\/wp-content\/uploads\/2025\/06\/H5fd664662b1d44bbaf90d28bde4d104cp_\u526f\u672c-600x600.jpg 600w, https:\/\/www.tairuiauto.com\/wp-content\/uploads\/2025\/06\/H5fd664662b1d44bbaf90d28bde4d104cp_\u526f\u672c-100x100.jpg 100w\" sizes=\"(max-width: 300px) 100vw, 300px\" \/> \u00a0 \u00a0 \u00a0 \u00a0 \u00a0\u00a0<img decoding=\"async\" class=\"alignnone size-medium wp-image-3965\" src=\"https:\/\/www.tairuiauto.com\/wp-content\/uploads\/2025\/06\/1.5m-Closed-express-delivery-transport-tricycle\uff084\uff09-1-1-1_\u526f\u672c-300x300.jpg\" alt=\"\" width=\"300\" height=\"300\" srcset=\"https:\/\/www.tairuiauto.com\/wp-content\/uploads\/2025\/06\/1.5m-Closed-express-delivery-transport-tricycle\uff084\uff09-1-1-1_\u526f\u672c-300x300.jpg 300w, https:\/\/www.tairuiauto.com\/wp-content\/uploads\/2025\/06\/1.5m-Closed-express-delivery-transport-tricycle\uff084\uff09-1-1-1_\u526f\u672c-1024x1024.jpg 1024w, https:\/\/www.tairuiauto.com\/wp-content\/uploads\/2025\/06\/1.5m-Closed-express-delivery-transport-tricycle\uff084\uff09-1-1-1_\u526f\u672c-150x150.jpg 150w, https:\/\/www.tairuiauto.com\/wp-content\/uploads\/2025\/06\/1.5m-Closed-express-delivery-transport-tricycle\uff084\uff09-1-1-1_\u526f\u672c-768x768.jpg 768w, https:\/\/www.tairuiauto.com\/wp-content\/uploads\/2025\/06\/1.5m-Closed-express-delivery-transport-tricycle\uff084\uff09-1-1-1_\u526f\u672c-1536x1536.jpg 1536w, https:\/\/www.tairuiauto.com\/wp-content\/uploads\/2025\/06\/1.5m-Closed-express-delivery-transport-tricycle\uff084\uff09-1-1-1_\u526f\u672c-2048x2048.jpg 2048w, https:\/\/www.tairuiauto.com\/wp-content\/uploads\/2025\/06\/1.5m-Closed-express-delivery-transport-tricycle\uff084\uff09-1-1-1_\u526f\u672c-12x12.jpg 12w, https:\/\/www.tairuiauto.com\/wp-content\/uploads\/2025\/06\/1.5m-Closed-express-delivery-transport-tricycle\uff084\uff09-1-1-1_\u526f\u672c-600x600.jpg 600w, https:\/\/www.tairuiauto.com\/wp-content\/uploads\/2025\/06\/1.5m-Closed-express-delivery-transport-tricycle\uff084\uff09-1-1-1_\u526f\u672c-100x100.jpg 100w\" sizes=\"(max-width: 300px) 100vw, 300px\" \/><\/p>\n<hr \/>\n<p>&nbsp;<\/p>\n<h3 data-start=\"2209\" data-end=\"2235\">Par\u00e1metros t\u00e9cnicos<\/h3>\n<ul data-start=\"2236\" data-end=\"2573\">\n<li data-start=\"2236\" data-end=\"2277\">\n<p data-start=\"2238\" data-end=\"2277\"><strong data-start=\"2238\" data-end=\"2252\">Panel de control:<\/strong> Estaci\u00f3n de trabajo integrada<\/p>\n<\/li>\n<li data-start=\"2278\" data-end=\"2352\">\n<p data-start=\"2280\" data-end=\"2352\"><strong data-start=\"2280\" data-end=\"2301\">Controlador del motor:<\/strong> Controlador sincr\u00f3nico de 18 fases de im\u00e1n permanente<\/p>\n<\/li>\n<li data-start=\"2353\" data-end=\"2390\">\n<p data-start=\"2355\" data-end=\"2390\"><strong data-start=\"2355\" data-end=\"2369\">Eje trasero:<\/strong> Eje trasero integral<\/p>\n<\/li>\n<li data-start=\"2391\" data-end=\"2449\">\n<p data-start=\"2393\" data-end=\"2449\"><strong data-start=\"2393\" data-end=\"2409\">Freno delantero:<\/strong> 37 Absorci\u00f3n \/ freno delantero 130<\/p>\n<\/li>\n<li data-start=\"2450\" data-end=\"2484\">\n<p data-start=\"2452\" data-end=\"2484\"><strong data-start=\"2452\" data-end=\"2467\">Freno trasero:<\/strong> 160 freno de tambor<\/p>\n<\/li>\n<li data-start=\"2485\" data-end=\"2514\">\n<p data-start=\"2487\" data-end=\"2514\"><strong data-start=\"2487\" data-end=\"2508\">Capacidad de escalada:<\/strong> 15 \u00b0<\/p>\n<\/li>\n<li data-start=\"2515\" data-end=\"2540\">\n<p data-start=\"2517\" data-end=\"2540\"><strong data-start=\"2517\" data-end=\"2534\">Luces delanteras:<\/strong> led<\/p>\n<\/li>\n<li data-start=\"2541\" data-end=\"2573\">\n<p data-start=\"2543\" data-end=\"2573\"><strong data-start=\"2543\" data-end=\"2553\">Neum\u00e1ticos:<\/strong> F375-12 \/ R375-12<\/p>\n<\/li>\n<\/ul>\n<h3 data-start=\"2575\" data-end=\"2590\"><\/h3>\n<h3 data-start=\"2575\" data-end=\"2590\">Materiales<\/h3>\n<ul data-start=\"2591\" data-end=\"2775\">\n<li data-start=\"2591\" data-end=\"2622\">\n<p data-start=\"2593\" data-end=\"2622\"><strong data-start=\"2593\" data-end=\"2603\">Marco:<\/strong> Acero reforzado<\/p>\n<\/li>\n<li data-start=\"2623\" data-end=\"2661\">\n<p data-start=\"2625\" data-end=\"2661\"><strong data-start=\"2625\" data-end=\"2639\">Hub de rueda:<\/strong> Hubo de hierro para uso pesado<\/p>\n<\/li>\n<li data-start=\"2662\" data-end=\"2719\">\n<p data-start=\"2664\" data-end=\"2719\"><strong data-start=\"2664\" data-end=\"2683\">Sistema de frenado:<\/strong> Frenos de tambor con componentes de acero<\/p>\n<\/li>\n<li data-start=\"2720\" data-end=\"2775\">\n<p data-start=\"2722\" data-end=\"2775\"><strong data-start=\"2722\" data-end=\"2732\">Cabina:<\/strong> Cerrado en metal con acabado de pintura duradero<\/p>\n<\/li>\n<\/ul>\n<h3 data-start=\"2777\" data-end=\"2791\"><\/h3>\n<h3 data-start=\"2777\" data-end=\"2791\">Exteriores<\/h3>\n<p data-start=\"2792\" data-end=\"2924\">Carrocer\u00eda simplificada con cabina de carga totalmente cerrada, faros led y pintura robusta disponible en azul, verde, plata o rojo.<\/p>\n<h3 data-start=\"2926\" data-end=\"2938\"><\/h3>\n<h3 data-start=\"2926\" data-end=\"2938\">Dise\u00f1o<\/h3>\n<p data-start=\"2939\" data-end=\"3047\">Dise\u00f1o aerodin\u00e1mico compacto, optimizado para la seguridad y la navegaci\u00f3n urbana con asientos y tablero ergon\u00f3micos.<\/p>\n<h3 data-start=\"3049\" data-end=\"3072\"><\/h3>\n<h3 data-start=\"3049\" data-end=\"3072\">Personalizaci\u00f3n OEM<\/h3>\n<p data-start=\"3073\" data-end=\"3178\">Disponible para marca personalizada, colores corporativos, opciones de caja de carga extendida y ajustes t\u00e9cnicos.<\/p>\n<h3 data-start=\"3180\" data-end=\"3201\"><\/h3>\n<h3 data-start=\"3180\" data-end=\"3201\">Control de calidad<\/h3>\n<p data-start=\"3202\" data-end=\"3374\">Cada triciclo se fabrica bajo <strong data-start=\"3238\" data-end=\"3287\">Cualificaci\u00f3n Nacional de Producci\u00f3n de Primer Nivel<\/strong> y lleva <strong data-start=\"3300\" data-end=\"3321\">Certificaci\u00f3n COC<\/strong>Garantizar el cumplimiento de las normas internacionales.<\/p>\n<h3 data-start=\"3376\" data-end=\"3401\"><\/h3>\n<h3 data-start=\"3376\" data-end=\"3401\">Servicio posventa<\/h3>\n<p data-start=\"3402\" data-end=\"3500\">Incluye soporte t\u00e9cnico, suministro de piezas de repuesto y cobertura de garant\u00eda para la bater\u00eda y el motor.<\/p>\n<h3 data-start=\"3502\" data-end=\"3525\"><\/h3>\n<h3 data-start=\"3502\" data-end=\"3525\">\u00c1reas de aplicaci\u00f3n<\/h3>\n<ul data-start=\"3526\" data-end=\"3648\">\n<li data-start=\"3526\" data-end=\"3557\">\n<p data-start=\"3528\" data-end=\"3557\">Env\u00edo de mensajer\u00eda y paquetes<\/p>\n<\/li>\n<li data-start=\"3558\" data-end=\"3582\">\n<p data-start=\"3560\" data-end=\"3582\">Log\u00edstica de comercio electr\u00f3nico<\/p>\n<\/li>\n<li data-start=\"3583\" data-end=\"3613\">\n<p data-start=\"3585\" data-end=\"3613\">Distribuci\u00f3n de mercanc\u00edas urbanas<\/p>\n<\/li>\n<li data-start=\"3614\" data-end=\"3648\">\n<p data-start=\"3616\" data-end=\"3648\">Transporte de carga para peque\u00f1as empresas<\/p>\n<\/li>\n<\/ul>\n<h3 data-start=\"3650\" data-end=\"3671\"><\/h3>\n<h3 data-start=\"3650\" data-end=\"3671\">M\u00e9todos de pago<\/h3>\n<p data-start=\"3672\" data-end=\"3725\">T \/ T, L \/ C y t\u00e9rminos comerciales flexibles para \u00f3rdenes a granel.<\/p>\n<p>&nbsp;<\/p>\n<hr \/>\n<p>&nbsp;<\/p>\n<h3 data-start=\"3727\" data-end=\"3736\">Preguntas frecuentes<\/h3>\n<p data-start=\"3737\" data-end=\"3817\"><strong data-start=\"3737\" data-end=\"3771\">Q1: \u00bfCu\u00e1l es el tiempo de carga?<\/strong><br data-start=\"3771\" data-end=\"3774\" \/>A1: Tarda 6-8 horas para una carga completa.<\/p>\n<p data-start=\"3737\" data-end=\"3817\">\n<p data-start=\"3819\" data-end=\"3891\"><strong data-start=\"3819\" data-end=\"3856\">Q2: \u00bfCu\u00e1nto peso puede llevar?<\/strong><br data-start=\"3856\" data-end=\"3859\" \/>A2: La carga m\u00e1xima es de 175kg.<\/p>\n<p data-start=\"3819\" data-end=\"3891\">\n<p data-start=\"3893\" data-end=\"4012\"><strong data-start=\"3893\" data-end=\"3922\">Q3: \u00bfSe puede personalizar?<\/strong><br data-start=\"3922\" data-end=\"3925\" \/>A3: S\u00ed, las opciones del OEM est\u00e1n disponibles para el color, la marca y las especificaciones t\u00e9cnicas.<\/p>\n<p data-start=\"3893\" data-end=\"4012\">\n<p data-start=\"4014\" data-end=\"4132\"><strong data-start=\"4014\" data-end=\"4058\">Q4: \u00bfCu\u00e1l es la vida \u00fatil de la bater\u00eda?<\/strong><br data-start=\"4058\" data-end=\"4061\" \/>A4: Normalmente, la bater\u00eda 60V52A dura 2-3 a\u00f1os dependiendo del uso.<\/p>","protected":false},"excerpt":{"rendered":"<p>El\u00a0<strong>1.5m Cerrado Entrega Expressa Transporte Triciclo<\/strong>\u00a0redefine la log\u00edstica urbana con su dise\u00f1o ultra-compacto (2930\u00d71060\u00d71695mm) \u2013 el\u00a0<strong>perfil m\u00e1s estrecho de su clase<\/strong>\u00a0para navegar callejones y zonas restringidas. Dise\u00f1ado para la eficiencia de la \u00faltima milla, este caballo de trabajo certificado COC cuenta con un\u00a0<strong>Compartimento de carga impermeable, a prueba de polvo y antirobo<\/strong>impulsado por un motor de 60V800W (velocidad m\u00e1xima de 38 km\/h) con un alcance de 45 km. Ideal para mensajeros que navegan por ciudades densas, su dise\u00f1o modular soporta actualizaciones de motor \/ controlador, mientras que la cabina a prueba de intemperie garantiza la resiliencia operativa durante todo el d\u00eda.<\/p>","protected":false},"featured_media":3977,"comment_status":"open","ping_status":"closed","template":"","meta":[],"product_brand":[],"product_cat":[78],"product_tag":[],"class_list":{"0":"post-2853","1":"product","2":"type-product","3":"status-publish","4":"has-post-thumbnail","6":"product_cat-electric-tricycle","8":"first","9":"instock","10":"shipping-taxable","11":"purchasable","12":"product-type-simple"},"_links":{"self":[{"href":"https:\/\/www.tairuiauto.com\/es\/wp-json\/wp\/v2\/product\/2853","targetHints":{"allow":["GET"]}}],"collection":[{"href":"https:\/\/www.tairuiauto.com\/es\/wp-json\/wp\/v2\/product"}],"about":[{"href":"https:\/\/www.tairuiauto.com\/es\/wp-json\/wp\/v2\/types\/product"}],"replies":[{"embeddable":true,"href":"https:\/\/www.tairuiauto.com\/es\/wp-json\/wp\/v2\/comments?post=2853"}],"wp:featuredmedia":[{"embeddable":true,"href":"https:\/\/www.tairuiauto.com\/es\/wp-json\/wp\/v2\/media\/3977"}],"wp:attachment":[{"href":"https:\/\/www.tairuiauto.com\/es\/wp-json\/wp\/v2\/media?parent=2853"}],"wp:term":[{"taxonomy":"product_brand","embeddable":true,"href":"https:\/\/www.tairuiauto.com\/es\/wp-json\/wp\/v2\/product_brand?post=2853"},{"taxonomy":"product_cat","embeddable":true,"href":"https:\/\/www.tairuiauto.com\/es\/wp-json\/wp\/v2\/product_cat?post=2853"},{"taxonomy":"product_tag","embeddable":true,"href":"https:\/\/www.tairuiauto.com\/es\/wp-json\/wp\/v2\/product_tag?post=2853"}],"curies":[{"name":"WP","href":"https:\/\/api.w.org\/{rel}","templated":true}]}}