{"id":2986,"date":"2025-06-20T09:55:48","date_gmt":"2025-06-20T01:55:48","guid":{"rendered":"https:\/\/www.tairuiauto.com\/?post_type=product&#038;p=2986"},"modified":"2025-07-24T10:33:22","modified_gmt":"2025-07-24T02:33:22","slug":"strong-power-electric-tricycle","status":"publish","type":"product","link":"https:\/\/www.tairuiauto.com\/es\/product\/strong-power-electric-tricycle\/","title":{"rendered":"Triciclo el\u00e9ctrico de potencia fuerte"},"content":{"rendered":"<table style=\"width: 91.2119%;\" width=\"421\">\n<tbody>\n<tr>\n<td style=\"width: 42.7948%;\" width=\"158\"><b>modelo\u00a0\u00a0\u00a0<\/b><\/td>\n<td style=\"width: 150%;\" width=\"263\"><b>Fuerte &#8211; Triciclo el\u00e9ctrico de potencia<\/b><\/td>\n<\/tr>\n<tr>\n<td style=\"width: 42.7948%;\" width=\"158\">Caja de carga tama\u00f1o grande<\/td>\n<td style=\"width: 150%;\" width=\"263\">2 * 1.3m<\/td>\n<\/tr>\n<tr>\n<td style=\"width: 42.7948%;\" width=\"158\">Bater\u00eda<\/td>\n<td style=\"width: 150%;\" width=\"263\">60\/72V<\/td>\n<\/tr>\n<tr>\n<td style=\"width: 42.7948%;\" width=\"158\">motor<\/td>\n<td style=\"width: 150%;\" width=\"263\">1800W<\/td>\n<\/tr>\n<tr>\n<td style=\"width: 42.7948%;\" width=\"158\">Controlador<\/td>\n<td style=\"width: 150%;\" width=\"263\">36 Tubo<\/td>\n<\/tr>\n<tr>\n<td style=\"width: 42.7948%;\" width=\"158\">Absorci\u00f3n de golpes hidr\u00e1ulica<\/td>\n<td style=\"width: 150%;\" width=\"263\">43#<\/td>\n<\/tr>\n<tr>\n<td style=\"width: 42.7948%;\" width=\"158\">Neum\u00e1ticos<\/td>\n<td style=\"width: 150%;\" width=\"263\">Frente 4.00-12; Trasera 4.50-12<\/td>\n<\/tr>\n<tr>\n<td style=\"width: 42.7948%;\" width=\"158\">Eje trasero<\/td>\n<td style=\"width: 150%;\" width=\"263\">Eje trasero integrado<\/td>\n<\/tr>\n<tr>\n<td style=\"width: 42.7948%;\" width=\"158\">CKD<\/td>\n<td style=\"width: 150%;\" width=\"263\">35 Unidades \/ 40&#8217; Sede central<\/td>\n<\/tr>\n<tr>\n<td style=\"width: 42.7948%;\" width=\"158\">Caracter\u00edsticas<\/td>\n<td style=\"width: 150%;\" width=\"263\">Asiento \u00fanico y c\u00f3modo de primera clase<\/td>\n<\/tr>\n<\/tbody>\n<\/table>\n<h2 class=\"ds-markdown-paragraph\"><strong>Dise\u00f1o de espacio razonable<\/strong>:<\/h2>\n<p class=\"ds-markdown-paragraph\">La caja de carga grande (2 * 1.3m) proporciona amplio espacio para mercanc\u00edas o equipaje.<\/p>\n<p>&nbsp;<\/p>\n<p><img decoding=\"async\" class=\"alignnone wp-image-2988\" src=\"https:\/\/www.tairuiauto.com\/wp-content\/uploads\/2025\/06\/bc87c6abf1b7b189d5a5f2e4eb2c10a-300x239.png\" alt=\"\" width=\"246\" height=\"196\" srcset=\"\" sizes=\"(max-width: 246px) 100vw, 246px\" data-srcset=\"\" \/><\/p>\n<h2 class=\"ds-markdown-paragraph\"><strong>Potencia de salida estable<\/strong><\/h2>\n<p class=\"ds-markdown-paragraph\">Equipado con un motor de 1800W y una bater\u00eda de 6072V, garantizando un rendimiento constante.<\/p>\n<p><img fetchpriority=\"high\" decoding=\"async\" class=\"alignnone size-medium wp-image-2987\" src=\"https:\/\/www.tairuiauto.com\/wp-content\/uploads\/2025\/06\/d6846598ac8467453bed37c51af64c3-300x300.png\" alt=\"\" width=\"300\" height=\"300\" srcset=\"\" sizes=\"(max-width: 300px) 100vw, 300px\" data-srcset=\"\" \/><\/p>\n<h2 class=\"ds-markdown-paragraph\"><strong>Experiencia de conducci\u00f3n c\u00f3moda<\/strong><\/h2>\n<p class=\"ds-markdown-paragraph\">Cuenta con un asiento de primera clase y amortiguaci\u00f3n hidr\u00e1ulica para un viaje sin problemas.<\/p>\n<p><img decoding=\"async\" class=\"alignnone wp-image-2989\" src=\"https:\/\/www.tairuiauto.com\/wp-content\/uploads\/2025\/06\/WEIBA-4_\u526f\u672c-300x200.png\" alt=\"\" width=\"308\" height=\"205\" srcset=\"\" sizes=\"(max-width: 308px) 100vw, 308px\" data-srcset=\"\" \/><\/p>\n<h2 class=\"ds-markdown-paragraph\"><strong>Neum\u00e1ticos antideslizantes y resistentes al desgaste<\/strong><\/h2>\n<p class=\"ds-markdown-paragraph\">Los neum\u00e1ticos 4.00-12 (delantero) y 4.50-12 (trasero) mejoran la seguridad y la durabilidad.<\/p>\n<p>&nbsp;<\/p>\n<h2 class=\"ds-markdown-paragraph\"><strong>Escenarios de uso<\/strong><\/h2>\n<ul>\n<li>\n<p class=\"ds-markdown-paragraph\"><strong>Uso comercial<\/strong>Ideal para peque\u00f1as empresas, agricultores o servicios de entrega para transportar mercanc\u00edas de manera eficiente.<\/p>\n<\/li>\n<li>\n<p class=\"ds-markdown-paragraph\"><strong>Uso personal<\/strong>Perfecto para los desplazamientos diarios, las compras de comestibles o las excursiones familiares.<\/p>\n<\/li>\n<li>\n<p class=\"ds-markdown-paragraph\"><strong>Uso industrial<\/strong>Adecuado para f\u00e1bricas o almacenes para mover cargas pesadas con facilidad.<\/p>\n<h2 class=\"ds-markdown-paragraph\"><strong>Preguntas frecuentes<\/strong><\/h2>\n<ol start=\"1\">\n<li>\n<p class=\"ds-markdown-paragraph\"><strong>\u00bfCu\u00e1l es la capacidad de la bater\u00eda del Triciclo El\u00e9ctrico de Fuerte Potencia?<\/strong><br \/>\nEl triciclo est\u00e1 alimentado por una bater\u00eda de 6072V, lo que garantiza un rendimiento de larga duraci\u00f3n.<\/p>\n<\/li>\n<li>\n<p class=\"ds-markdown-paragraph\"><strong>\u00bfCu\u00e1ntas unidades pueden caber en un 40&#8217;  \u00bfContainer de la sede?<\/strong><br \/>\nPuedes cargar 35 unidades de\u00a0<strong>Triciclo el\u00e9ctrico fuerte y duradero<\/strong>\u00a0en un 40&#8217; Contenedor de la sede.<\/p>\n<\/li>\n<li>\n<p class=\"ds-markdown-paragraph\"><strong>\u00bfEs el triciclo adecuado para terrenos duros?<\/strong><br \/>\nS\u00ed, el\u00a0<strong>Robusto Triciclo el\u00e9ctrico de potencia fuerte<\/strong>\u00a0dispone de neum\u00e1ticos antideslizantes y amortiguaci\u00f3n hidr\u00e1ulica para la estabilidad en carreteras desiguales.<\/p>\n<\/li>\n<li>\n<p class=\"ds-markdown-paragraph\"><strong>\u00bfQu\u00e9 hace que este triciclo sea \u00fanico?<\/strong><br \/>\nSu combinaci\u00f3n de una amplia caja de carga, un potente motor y un c\u00f3modo asiento lo diferencia de otros.<\/p>\n<\/li>\n<\/ol>\n<\/li>\n<\/ul>","protected":false},"excerpt":{"rendered":"<p>El Strong Power Electric Tricycle es un veh\u00edculo robusto y vers\u00e1til dise\u00f1ado tanto para uso comercial como personal. Con su amplia caja de carga, bater\u00eda potente y caracter\u00edsticas avanzadas como la absorci\u00f3n de golpes hidr\u00e1ulica, este triciclo ofrece una experiencia de conducci\u00f3n c\u00f3moda y eficiente. Ya sea que lo necesite para el transporte de mercanc\u00edas o el desplazamiento diario, el triciclo el\u00e9ctrico de alta potencia de alto rendimiento ofrece fiabilidad y comodidad.<\/p>","protected":false},"featured_media":3048,"comment_status":"open","ping_status":"closed","template":"","meta":[],"product_brand":[],"product_cat":[78],"product_tag":[],"class_list":{"0":"post-2986","1":"product","2":"type-product","3":"status-publish","4":"has-post-thumbnail","6":"product_cat-electric-tricycle","8":"first","9":"instock","10":"shipping-taxable","11":"purchasable","12":"product-type-simple"},"_links":{"self":[{"href":"https:\/\/www.tairuiauto.com\/es\/wp-json\/wp\/v2\/product\/2986","targetHints":{"allow":["GET"]}}],"collection":[{"href":"https:\/\/www.tairuiauto.com\/es\/wp-json\/wp\/v2\/product"}],"about":[{"href":"https:\/\/www.tairuiauto.com\/es\/wp-json\/wp\/v2\/types\/product"}],"replies":[{"embeddable":true,"href":"https:\/\/www.tairuiauto.com\/es\/wp-json\/wp\/v2\/comments?post=2986"}],"wp:featuredmedia":[{"embeddable":true,"href":"https:\/\/www.tairuiauto.com\/es\/wp-json\/wp\/v2\/media\/3048"}],"wp:attachment":[{"href":"https:\/\/www.tairuiauto.com\/es\/wp-json\/wp\/v2\/media?parent=2986"}],"wp:term":[{"taxonomy":"product_brand","embeddable":true,"href":"https:\/\/www.tairuiauto.com\/es\/wp-json\/wp\/v2\/product_brand?post=2986"},{"taxonomy":"product_cat","embeddable":true,"href":"https:\/\/www.tairuiauto.com\/es\/wp-json\/wp\/v2\/product_cat?post=2986"},{"taxonomy":"product_tag","embeddable":true,"href":"https:\/\/www.tairuiauto.com\/es\/wp-json\/wp\/v2\/product_tag?post=2986"}],"curies":[{"name":"WP","href":"https:\/\/api.w.org\/{rel}","templated":true}]}}