{"id":2991,"date":"2025-06-20T10:13:00","date_gmt":"2025-06-20T02:13:00","guid":{"rendered":"https:\/\/www.tairuiauto.com\/?post_type=product&#038;p=2991"},"modified":"2025-07-24T10:36:47","modified_gmt":"2025-07-24T02:36:47","slug":"farm-electric-lifting-trike","status":"publish","type":"product","link":"https:\/\/www.tairuiauto.com\/es\/product\/farm-electric-lifting-trike\/","title":{"rendered":"Trike de elevaci\u00f3n el\u00e9ctrica de granja"},"content":{"rendered":"<table style=\"width: 89.2952%;\" width=\"421\">\n<tbody>\n<tr>\n<td style=\"width: 46.778%;\" width=\"158\"><b>modelo\u00a0\u00a0\u00a0<\/b><\/td>\n<td style=\"width: 160.382%;\" width=\"263\"><b>Trike de elevaci\u00f3n el\u00e9ctrica de granja<\/b><\/td>\n<\/tr>\n<tr>\n<td style=\"width: 46.778%;\" width=\"158\">Tama\u00f1o de la caja de carga<\/td>\n<td style=\"width: 160.382%;\" width=\"263\">1,6 * 1,1 m<\/td>\n<\/tr>\n<tr>\n<td style=\"width: 46.778%;\" width=\"158\">Bater\u00eda<\/td>\n<td style=\"width: 160.382%;\" width=\"263\">60\/72V<\/td>\n<\/tr>\n<tr>\n<td style=\"width: 46.778%;\" width=\"158\">motor<\/td>\n<td style=\"width: 160.382%;\" width=\"263\">1000W<\/td>\n<\/tr>\n<tr>\n<td style=\"width: 46.778%;\" width=\"158\">Controlador<\/td>\n<td style=\"width: 160.382%;\" width=\"263\">18 Tubo<\/td>\n<\/tr>\n<tr>\n<td style=\"width: 46.778%;\" width=\"158\">Absorci\u00f3n de golpes hidr\u00e1ulica<\/td>\n<td style=\"width: 160.382%;\" width=\"263\">37#<\/td>\n<\/tr>\n<tr>\n<td style=\"width: 46.778%;\" width=\"158\">Neum\u00e1ticos<\/td>\n<td style=\"width: 160.382%;\" width=\"263\">Frente 3.75-12; Trasera 4.00-12<\/td>\n<\/tr>\n<tr>\n<td style=\"width: 46.778%;\" width=\"158\">Material de la caja de carga<\/td>\n<td style=\"width: 160.382%;\" width=\"263\">Acero<\/td>\n<\/tr>\n<\/tbody>\n<\/table>\n<hr \/>\n<h3><strong>Perfecto para estas tareas<\/strong><\/h3>\n<ul>\n<li>\n<p class=\"ds-markdown-paragraph\"><strong>Cosecha de huertos<\/strong>Transporte r\u00e1pidamente contenedores de frutas sin esforzar la espalda.<\/p>\n<\/li>\n<li><img fetchpriority=\"high\" decoding=\"async\" class=\"alignnone wp-image-2992\" src=\"https:\/\/www.tairuiauto.com\/wp-content\/uploads\/2025\/06\/Orchard-Lifting-Electric-Tricycle-6_\u526f\u672c-300x300.png\" alt=\"\" width=\"279\" height=\"279\" srcset=\"\" sizes=\"(max-width: 279px) 100vw, 279px\" data-srcset=\"\" \/><\/li>\n<li>\n<p class=\"ds-markdown-paragraph\"><strong>Transporte de Alimentos y Suministros<\/strong>Mueve bolsas pesadas de alimentos o herramientas con facilidad.<\/p>\n<\/li>\n<li>\u00a0 \u00a0 \u00a0 \u00a0<img decoding=\"async\" class=\"alignnone wp-image-2993\" src=\"https:\/\/www.tairuiauto.com\/wp-content\/uploads\/2025\/06\/Orchard-Lifting-Electric-Tricycle-1-300x300.png\" alt=\"\" width=\"224\" height=\"224\" srcset=\"\" sizes=\"(max-width: 224px) 100vw, 224px\" data-srcset=\"\" \/><\/li>\n<li>\n<p class=\"ds-markdown-paragraph\"><strong>Mantenimiento de la granja<\/strong>Utilice la caja de carga para limpiar el equipo o los desechos.<\/p>\n<\/li>\n<li><img decoding=\"async\" class=\"alignnone wp-image-2994\" src=\"https:\/\/www.tairuiauto.com\/wp-content\/uploads\/2025\/06\/Orchard-Lifting-Electric-Tricycle-5-300x300.png\" alt=\"\" width=\"229\" height=\"229\" srcset=\"\" sizes=\"(max-width: 229px) 100vw, 229px\" data-srcset=\"\" \/><\/li>\n<li>\n<p class=\"ds-markdown-paragraph\"><strong>Auxiliar vers\u00e1til en el sitio de trabajo<\/strong>Ideal para viveros, vi\u00f1edos o peque\u00f1as explotaciones agr\u00edcolas.<\/p>\n<\/li>\n<li><img loading=\"lazy\" decoding=\"async\" class=\"alignnone wp-image-2995\" src=\"https:\/\/www.tairuiauto.com\/wp-content\/uploads\/2025\/06\/Orchard-Lifting-Electric-Tricycle-2-300x300.png\" alt=\"\" width=\"227\" height=\"227\" srcset=\"\" sizes=\"(max-width: 227px) 100vw, 227px\" data-srcset=\"\" \/><\/li>\n<\/ul>\n<h3><strong>\u00bfPor qu\u00e9 elegir este truco de elevaci\u00f3n el\u00e9ctrica?<\/strong><\/h3>\n<ul>\n<li>\n<p class=\"ds-markdown-paragraph\"><strong>Manejo de carga sin esfuerzo<\/strong>: El mecanismo de elevaci\u00f3n hidr\u00e1ulica hace que levantar y bajar la carga sea una brisa, ahorrando tiempo y mano de obra.<\/p>\n<\/li>\n<li>\n<p class=\"ds-markdown-paragraph\"><strong>Compacto pero amplio<\/strong>: Con una caja de carga de acero de 1.6 * 1.1m, esto\u00a0<strong>Trike de elevaci\u00f3n el\u00e9ctrica de granja pesada<\/strong>\u00a0maximiza el almacenamiento sin sacrificar la maniobrabilidad.<\/p>\n<\/li>\n<li>\n<p class=\"ds-markdown-paragraph\"><strong>Conducci\u00f3n suave, construcci\u00f3n dura<\/strong>La amortiguaci\u00f3n hidr\u00e1ulica 37# y los neum\u00e1ticos resistentes (delantero 3.75-12; trasero 4.00-12) garantizan la estabilidad en terrenos \u00e1speros.<\/p>\n<\/li>\n<li>\n<p class=\"ds-markdown-paragraph\"><strong>Elegante y funcional<\/strong>\u00bfQui\u00e9n dice que los equipos agr\u00edcolas no pueden verse bien? Su dise\u00f1o moderno destaca en el campo mientras ofrece una utilidad inigualable.<\/p>\n<\/li>\n<\/ul>\n<h3><strong>Preguntas frecuentes<\/strong><\/h3>\n<ol start=\"1\">\n<li>\n<p class=\"ds-markdown-paragraph\"><strong>\u00bfQu\u00e9 tan poderoso es el motor?<\/strong><br \/>\nEl\u00a0<strong>Trik de elevaci\u00f3n el\u00e9ctrica de granja de alta eficiencia<\/strong>\u00a0incluye un motor de 1000W con soporte de bater\u00eda de 60\/72V, lo que garantiza un rendimiento fiable para las tareas diarias.<\/p>\n<\/li>\n<li>\n<p class=\"ds-markdown-paragraph\"><strong>\u00bfPuede manejar terrenos desiguales?<\/strong><br \/>\n\u00a1Por supuesto! Los neum\u00e1ticos reforzados y la absorci\u00f3n de golpes hacen que esto\u00a0<strong>Trike de elevaci\u00f3n el\u00e9ctrica de granja duradera<\/strong>\u00a0un profesional en la lucha contra campos barrosos o senderos de grava.<\/p>\n<\/li>\n<li>\n<p class=\"ds-markdown-paragraph\"><strong>\u00bfEs necesario el montaje?<\/strong><br \/>\nViene parcialmente montado, simplemente siga el manual y estar\u00e1 listo para rodar en poco tiempo.<\/p>\n<\/li>\n<li>\n<p class=\"ds-markdown-paragraph\"><strong>\u00bfCu\u00e1l es la capacidad de peso?<\/strong><br \/>\nLa caja de carga de acero y el controlador de 18 tubos est\u00e1n construidos para manejar cargas pesadas sin romper el sudor.<\/p>\n<\/li>\n<\/ol>","protected":false},"excerpt":{"rendered":"<p>Cuando la eficiencia se encuentra con la innovaci\u00f3n, obtiene el Farm Electric Lifting Trike, un cambio de juego para el trabajo agr\u00edcola y horticultural. Dise\u00f1ado para simplificar el levantamiento pesado y el transporte, este trike combina un rendimiento robusto con caracter\u00edsticas inteligentes, lo que lo convierte en el socio perfecto para los agricultores que exigen fiabilidad sin compromisos.<\/p>","protected":false},"featured_media":2996,"comment_status":"open","ping_status":"closed","template":"","meta":[],"product_brand":[],"product_cat":[78],"product_tag":[],"class_list":{"0":"post-2991","1":"product","2":"type-product","3":"status-publish","4":"has-post-thumbnail","6":"product_cat-electric-tricycle","8":"first","9":"instock","10":"shipping-taxable","11":"purchasable","12":"product-type-simple"},"_links":{"self":[{"href":"https:\/\/www.tairuiauto.com\/es\/wp-json\/wp\/v2\/product\/2991","targetHints":{"allow":["GET"]}}],"collection":[{"href":"https:\/\/www.tairuiauto.com\/es\/wp-json\/wp\/v2\/product"}],"about":[{"href":"https:\/\/www.tairuiauto.com\/es\/wp-json\/wp\/v2\/types\/product"}],"replies":[{"embeddable":true,"href":"https:\/\/www.tairuiauto.com\/es\/wp-json\/wp\/v2\/comments?post=2991"}],"wp:featuredmedia":[{"embeddable":true,"href":"https:\/\/www.tairuiauto.com\/es\/wp-json\/wp\/v2\/media\/2996"}],"wp:attachment":[{"href":"https:\/\/www.tairuiauto.com\/es\/wp-json\/wp\/v2\/media?parent=2991"}],"wp:term":[{"taxonomy":"product_brand","embeddable":true,"href":"https:\/\/www.tairuiauto.com\/es\/wp-json\/wp\/v2\/product_brand?post=2991"},{"taxonomy":"product_cat","embeddable":true,"href":"https:\/\/www.tairuiauto.com\/es\/wp-json\/wp\/v2\/product_cat?post=2991"},{"taxonomy":"product_tag","embeddable":true,"href":"https:\/\/www.tairuiauto.com\/es\/wp-json\/wp\/v2\/product_tag?post=2991"}],"curies":[{"name":"WP","href":"https:\/\/api.w.org\/{rel}","templated":true}]}}