{"id":3328,"date":"2025-08-20T14:26:36","date_gmt":"2025-08-20T06:26:36","guid":{"rendered":"https:\/\/www.tairuiauto.com\/?post_type=product&#038;p=3328"},"modified":"2026-01-03T16:58:11","modified_gmt":"2026-01-03T08:58:11","slug":"smart-tip-electric-cargo-trike","status":"publish","type":"product","link":"https:\/\/www.tairuiauto.com\/es\/product\/smart-tip-electric-cargo-trike\/","title":{"rendered":"Carga el\u00e9ctrica Trike"},"content":{"rendered":"<p data-start=\"464\" data-end=\"759\">\n<h2 data-start=\"766\" data-end=\"806\">Descripci\u00f3n general del producto<\/h2>\n<p data-start=\"808\" data-end=\"1154\">El <strong data-start=\"812\" data-end=\"843\">C113 veh\u00edculo de carga el\u00e9ctrico<\/strong> es un peso ligero <strong data-start=\"861\" data-end=\"918\">triciclo el\u00e9ctrico \/ veh\u00edculo comercial ligero el\u00e9ctrico<\/strong> dise\u00f1ado para el transporte eficiente de mercanc\u00edas en entornos urbanos y semiurbanos. Se centra en la maniobrabilidad, la capacidad de carga y la durabilidad, lo que lo hace ideal para entregas de \u00faltima milla, log\u00edstica para peque\u00f1as empresas y servicios comunitarios.<\/p>\n<table style=\"border-collapse: collapse; width: 92.4948%; height: 557px;\" border=\"0\" width=\"720\" cellspacing=\"0\" cellpadding=\"0\">\n<tbody>\n<tr style=\"height: 20.00pt;\">\n<td class=\"et5\" style=\"height: 20.00pt; width: 432.45pt;\" colspan=\"2\" width=\"720\" height=\"33\">Configuraci\u00f3n est\u00e1ndar<\/td>\n<\/tr>\n<tr style=\"height: 20.00pt;\">\n<td class=\"et5\" style=\"height: 20.00pt;\" height=\"33\">modelo<\/td>\n<td class=\"et7\"><a href=\"#\u76ee\u5f55!A1\">C113<\/a><\/td>\n<\/tr>\n<tr style=\"height: 20.00pt;\">\n<td class=\"et6\" style=\"height: 20.00pt; width: 159.05pt;\" width=\"265\" height=\"33\">Colores opcionales<\/td>\n<td class=\"et6\" style=\"width: 273.40pt;\" width=\"455\">rojo, azul, verde, amarillo, gris, blanco<\/td>\n<\/tr>\n<tr style=\"height: 20.00pt;\">\n<td class=\"et6\" style=\"height: 20.00pt; width: 159.05pt;\" width=\"265\" height=\"33\">L * W * H (mm)<\/td>\n<td class=\"et6\" style=\"width: 273.40pt;\" width=\"455\">3085*1180*1400<\/td>\n<\/tr>\n<tr style=\"height: 20.00pt;\">\n<td class=\"et6\" style=\"height: 20.00pt; width: 159.05pt;\" width=\"265\" height=\"33\">Tama\u00f1o de la caja de carga (mm)<\/td>\n<td class=\"et6\" style=\"width: 273.40pt;\" width=\"455\">1600*1100<\/td>\n<\/tr>\n<tr style=\"height: 20.00pt;\">\n<td class=\"et6\" style=\"height: 20.00pt; width: 159.05pt;\" width=\"265\" height=\"33\">Base de ruedas (mm)<\/td>\n<td class=\"et6\" style=\"width: 273.40pt;\" width=\"455\">2055<\/td>\n<\/tr>\n<tr style=\"height: 20.00pt;\">\n<td class=\"et6\" style=\"height: 20.00pt; width: 159.05pt;\" width=\"265\" height=\"33\">Pista de ruedas (mm)<\/td>\n<td class=\"et6\" style=\"width: 273.40pt;\" width=\"455\">960<\/td>\n<\/tr>\n<tr style=\"height: 20.00pt;\">\n<td class=\"et6\" style=\"height: 20.00pt; width: 159.05pt;\" width=\"265\" height=\"33\">Distancia m\u00ednima al suelo (mm)<\/td>\n<td class=\"et6\" style=\"width: 273.40pt;\" width=\"455\">\u2265 150<\/td>\n<\/tr>\n<tr style=\"height: 20.00pt;\">\n<td class=\"et6\" style=\"height: 20.00pt; width: 159.05pt;\" width=\"265\" height=\"33\">Radio m\u00ednimo de giro (m)<\/td>\n<td class=\"et6\" style=\"width: 273.40pt;\" width=\"455\">\u2264 4<\/td>\n<\/tr>\n<tr style=\"height: 20.00pt;\">\n<td class=\"et6\" style=\"height: 20.00pt; width: 159.05pt;\" width=\"265\" height=\"33\">Peso del borde (kg)<\/td>\n<td class=\"et6\" style=\"width: 273.40pt;\" width=\"455\">262kg<\/td>\n<\/tr>\n<tr style=\"height: 20.00pt;\">\n<td class=\"et6\" style=\"height: 20.00pt; width: 159.05pt;\" width=\"265\" height=\"33\">Carga nominal (kg)<\/td>\n<td class=\"et6\" style=\"width: 273.40pt;\" width=\"455\">500<\/td>\n<\/tr>\n<tr style=\"height: 20.00pt;\">\n<td class=\"et6\" style=\"height: 20.00pt; width: 159.05pt;\" width=\"265\" height=\"33\">Velocidad m\u00e1xima (km\/h)<\/td>\n<td class=\"et6\" style=\"width: 273.40pt;\" width=\"455\">45<\/td>\n<\/tr>\n<tr style=\"height: 20.00pt;\">\n<td class=\"et6\" style=\"height: 20.00pt; width: 159.05pt;\" width=\"265\" height=\"33\">Capacidad de grado (%)<\/td>\n<td class=\"et6\" style=\"width: 273.40pt;\" width=\"455\">\u2264 15<\/td>\n<\/tr>\n<tr style=\"height: 20.00pt;\">\n<td class=\"et6\" style=\"height: 20.00pt; width: 159.05pt;\" width=\"265\" height=\"33\">Bater\u00eda<\/td>\n<td class=\"et6\" style=\"width: 273.40pt;\" width=\"455\">60V45AH-58AH<\/td>\n<\/tr>\n<tr style=\"height: 20.00pt;\">\n<td class=\"et6\" style=\"height: 20.00pt; width: 159.05pt;\" width=\"265\" height=\"33\">Motor, controlador (w)<\/td>\n<td class=\"et6\" style=\"width: 273.40pt;\" width=\"455\">60V1000W<\/td>\n<\/tr>\n<tr style=\"height: 20.00pt;\">\n<td class=\"et6\" style=\"height: 20.00pt; width: 159.05pt;\" width=\"265\" height=\"33\">Rango por carga (km)<\/td>\n<td class=\"et6\" style=\"width: 273.40pt;\" width=\"455\">50-60<\/td>\n<\/tr>\n<tr style=\"height: 20.00pt;\">\n<td class=\"et6\" style=\"height: 20.00pt; width: 159.05pt;\" width=\"265\" height=\"33\">Tiempo de carga (h)<\/td>\n<td class=\"et6\" style=\"width: 273.40pt;\" width=\"455\">6 ~ 8 horas<\/td>\n<\/tr>\n<tr style=\"height: 20.00pt;\">\n<td class=\"et6\" style=\"height: 20.00pt; width: 159.05pt;\" width=\"265\" height=\"33\">Neum\u00e1ticos delanteros\/traseros<\/td>\n<td class=\"et6\" style=\"width: 273.40pt;\" width=\"455\">3.75-12\/4.00-12<\/td>\n<\/tr>\n<tr style=\"height: 20.00pt;\">\n<td class=\"et6\" style=\"height: 20.00pt; width: 159.05pt;\" width=\"265\" height=\"33\">Tipo de freno delantero\/trasero<\/td>\n<td class=\"et6\" style=\"width: 273.40pt;\" width=\"455\">Anterior \/ trasero: tambor<\/td>\n<\/tr>\n<tr style=\"height: 20.00pt;\">\n<td class=\"et6\" style=\"height: 20.00pt; width: 159.05pt;\" width=\"265\" height=\"33\">Freno de estacionamiento<\/td>\n<td class=\"et6\" style=\"width: 273.40pt;\" width=\"455\">Freno de mano<\/td>\n<\/tr>\n<\/tbody>\n<\/table>\n<hr data-start=\"1156\" data-end=\"1159\" \/>\n<h2 data-start=\"1161\" data-end=\"1183\">Descripci\u00f3n del producto<\/h2>\n<p data-start=\"1308\" data-end=\"1680\">El <strong data-start=\"1312\" data-end=\"1343\">C113 veh\u00edculo de carga el\u00e9ctrico<\/strong> cuenta con una estructura de carrocer\u00eda compacta optimizada para calles estrechas y escenarios de entrega de alta frecuencia. Con dimensiones generales de <strong data-start=\"1473\" data-end=\"1498\">3085 \u00d7 1180 \u00d7 1400 mm<\/strong> y una <strong data-start=\"1505\" data-end=\"1529\">distancia entre ejes de 2055 mm<\/strong>El veh\u00edculo mantiene una excelente estabilidad al tiempo que permite un f\u00e1cil acceso a callejones, mercados y \u00e1reas residenciales donde los veh\u00edculos m\u00e1s grandes son impr\u00e1cticos.<\/p>\n<p data-start=\"1682\" data-end=\"2039\">Dise\u00f1ado para la eficiencia de la carga, el veh\u00edculo est\u00e1 equipado con un <strong data-start=\"1744\" data-end=\"1772\">Caja de carga de 1600 \u00d7 1100 mm<\/strong>proporcionando espacio suficiente para bienes diarios, paquetes y herramientas. Con una <strong data-start=\"1845\" data-end=\"1878\">Capacidad nominal de carga de 500 kg<\/strong> y una <strong data-start=\"1885\" data-end=\"1915\">peso del borde de solo 262 kg<\/strong>El C113 logra una relaci\u00f3n sobresaliente carga-peso, mejorando la eficiencia energ\u00e9tica y reduciendo los costos operativos para los usuarios.<\/p>\n<p data-start=\"2041\" data-end=\"2402\">Alimentado por a <strong data-start=\"2054\" data-end=\"2088\">Sistema de bater\u00eda de 60V (45Ah-58Ah)<\/strong> y una <strong data-start=\"2095\" data-end=\"2138\">Motor de 60V 1000W con controlador combinado<\/strong>El veh\u00edculo ofrece un rendimiento estable y fiable para las operaciones log\u00edsticas diarias. El <strong data-start=\"2229\" data-end=\"2261\">alcance por carga de 50-60 km<\/strong> es adecuado para rutas de entrega urbana de corta distancia, distribuci\u00f3n comunitaria y log\u00edstica interna dentro de parques industriales o campus.<\/p>\n<p data-start=\"2404\" data-end=\"2774\">El C113 est\u00e1 dise\u00f1ado para facilitar la operaci\u00f3n y la seguridad. Una <strong data-start=\"2463\" data-end=\"2502\">radio m\u00ednimo de giro de \u22644 metros<\/strong> permite una maniobra suave en espacios confinados, mientras que un <strong data-start=\"2558\" data-end=\"2597\">distancia m\u00ednima al suelo de \u2265150 mm<\/strong> permite al veh\u00edculo manejar carreteras desiguales, topes de velocidad y caminos rurales con confianza. El <strong data-start=\"2691\" data-end=\"2719\">Velocidad m\u00e1xima de 45 km\/h<\/strong> equilibra la eficiencia y la seguridad para el uso de la entrega urbana.<\/p>\n<p data-start=\"2776\" data-end=\"3110\">El sistema de chasis adopta <strong data-start=\"2802\" data-end=\"2832\">Frenos de tambor delanteros y traseros<\/strong>proporcionando un rendimiento de frenado fiable en condiciones de carga. Una <strong data-start=\"2902\" data-end=\"2933\">freno de estacionamiento accionado a mano<\/strong> garantiza un aparcamiento seguro durante las operaciones de carga y descarga. El <strong data-start=\"3002\" data-end=\"3052\">Tama\u00f1os de neum\u00e1ticos delanteros y traseros de 3.75-12 \/ 4.00-12<\/strong> ofrecen buena capacidad de carga y adaptabilidad de carretera.<\/p>\n<p data-start=\"3112\" data-end=\"3390\">La carga es sencilla y conveniente, con un <strong data-start=\"3154\" data-end=\"3184\">Tiempo de carga de 6-8 horas<\/strong>que permite la carga durante la noche y el funcionamiento diario ininterrumpido. M\u00faltiples <strong data-start=\"3258\" data-end=\"3282\">colores opcionales del cuerpo<\/strong>\u2013 incluyendo rojo, azul, verde, amarillo, gris y blanco \u2013 soporta los requisitos de marca e identificaci\u00f3n de flota.<\/p>\n<p data-start=\"3392\" data-end=\"3593\">Como una pr\u00e1ctica <strong data-start=\"3407\" data-end=\"3438\">plataforma de veh\u00edculo personalizada<\/strong>El C113 se puede adaptar a diferentes configuraciones de carga y aplicaciones especiales de veh\u00edculos, lo que lo hace adecuado para una amplia gama de escenarios comerciales.<\/p>\n<hr data-start=\"3595\" data-end=\"3598\" \/>\n<h2 data-start=\"3600\" data-end=\"3642\">Caracter\u00edsticas clave &amp; Ventajas<\/h2>\n<h3 data-start=\"3644\" data-end=\"3658\">Caracter\u00edsticas<\/h3>\n<ul data-start=\"3659\" data-end=\"3843\">\n<li data-start=\"3659\" data-end=\"3700\">\n<p data-start=\"3661\" data-end=\"3700\">Dise\u00f1o de veh\u00edculo de carga el\u00e9ctrico compacto<\/p>\n<\/li>\n<li data-start=\"3701\" data-end=\"3734\">\n<p data-start=\"3703\" data-end=\"3734\">Capacidad nominal de carga \u00fatil de 500 kg<\/p>\n<\/li>\n<li data-start=\"3735\" data-end=\"3774\">\n<p data-start=\"3737\" data-end=\"3774\">Sistema de bater\u00eda de 60V con motor de 1000W<\/p>\n<\/li>\n<li data-start=\"3775\" data-end=\"3811\">\n<p data-start=\"3777\" data-end=\"3811\">Caja de carga grande (1600 \u00d7 1100 mm)<\/p>\n<\/li>\n<li data-start=\"3812\" data-end=\"3843\">\n<p data-start=\"3814\" data-end=\"3843\">Peque\u00f1o radio de giro (\u22644 m)<\/p>\n<\/li>\n<\/ul>\n<h3 data-start=\"3845\" data-end=\"3861\">Ventajas<\/h3>\n<ul data-start=\"3862\" data-end=\"4069\">\n<li data-start=\"3862\" data-end=\"3917\">\n<p data-start=\"3864\" data-end=\"3917\">F\u00e1cil acceso a calles estrechas y zonas urbanas densas<\/p>\n<\/li>\n<li data-start=\"3918\" data-end=\"3966\">\n<p data-start=\"3920\" data-end=\"3966\">Alta eficiencia de carga con bajo peso del veh\u00edculo<\/p>\n<\/li>\n<li data-start=\"3967\" data-end=\"4015\">\n<p data-start=\"3969\" data-end=\"4015\">Bajo consumo de energ\u00eda y costos de mantenimiento<\/p>\n<\/li>\n<li data-start=\"4016\" data-end=\"4069\">\n<p data-start=\"4018\" data-end=\"4069\">Operaci\u00f3n sencilla y rendimiento de frenado fiable<\/p>\n<\/li>\n<\/ul>\n<h3 data-start=\"4071\" data-end=\"4091\">Beneficios del comprador<\/h3>\n<ul data-start=\"4092\" data-end=\"4275\">\n<li data-start=\"4092\" data-end=\"4128\">\n<p data-start=\"4094\" data-end=\"4128\">Reducci\u00f3n de los costos de entrega de la \u00faltima milla<\/p>\n<\/li>\n<li data-start=\"4129\" data-end=\"4180\">\n<p data-start=\"4131\" data-end=\"4180\">Mejora de la eficiencia de la entrega en zonas congestionadas<\/p>\n<\/li>\n<li data-start=\"4181\" data-end=\"4220\">\n<p data-start=\"4183\" data-end=\"4220\">Menor costo total de propiedad (TCO)<\/p>\n<\/li>\n<li data-start=\"4221\" data-end=\"4275\">\n<p data-start=\"4223\" data-end=\"4275\">Adecuado para peque\u00f1as empresas y operaciones de flota<\/p>\n<\/li>\n<\/ul>\n<h3 data-start=\"4277\" data-end=\"4291\">Evidencia<\/h3>\n<ul data-start=\"4292\" data-end=\"4454\">\n<li data-start=\"4292\" data-end=\"4344\">\n<p data-start=\"4294\" data-end=\"4344\">Arquitectura de transmisi\u00f3n de triciclos el\u00e9ctricos probada<\/p>\n<\/li>\n<li data-start=\"4345\" data-end=\"4399\">\n<p data-start=\"4347\" data-end=\"4399\">Sistema de frenado de tambor ampliamente utilizado para veh\u00edculos de carga<\/p>\n<\/li>\n<li data-start=\"4400\" data-end=\"4454\">\n<p data-start=\"4402\" data-end=\"4454\">Dise\u00f1o pr\u00e1ctico optimizado para uso log\u00edstico urbano<\/p>\n<\/li>\n<\/ul>\n<hr data-start=\"4456\" data-end=\"4459\" \/>\n<h2 data-start=\"4461\" data-end=\"4485\">Escenarios de aplicaci\u00f3n<\/h2>\n<ul data-start=\"4487\" data-end=\"4674\">\n<li data-start=\"4487\" data-end=\"4515\">\n<p data-start=\"4489\" data-end=\"4515\">Entrega urbana de \u00faltima milla<\/p>\n<\/li>\n<li data-start=\"4516\" data-end=\"4555\">\n<p data-start=\"4518\" data-end=\"4555\">Log\u00edstica comunitaria y residencial<\/p>\n<\/li>\n<li data-start=\"4556\" data-end=\"4595\">\n<p data-start=\"4558\" data-end=\"4595\">Transporte de mercanc\u00edas para peque\u00f1as empresas<\/p>\n<\/li>\n<li data-start=\"4596\" data-end=\"4630\">\n<p data-start=\"4598\" data-end=\"4630\">Mercado y distribuci\u00f3n al por menor<\/p>\n<\/li>\n<li data-start=\"4631\" data-end=\"4674\">\n<p data-start=\"4633\" data-end=\"4674\">Aplicaciones especiales personalizadas para veh\u00edculos<\/p>\n<\/li>\n<\/ul>\n<hr data-start=\"4676\" data-end=\"4679\" \/>\n<h2 data-start=\"4681\" data-end=\"4711\">Por qu\u00e9 elegir C113 de Tairui<\/h2>\n<p data-start=\"4713\" data-end=\"5059\">Con fuertes capacidades en el desarrollo y fabricaci\u00f3n de veh\u00edculos el\u00e9ctricos, <strong data-start=\"4789\" data-end=\"4843\">Shandong Tairui Automobile &amp; Electr\u00f3nica Co., Ltd.<\/strong> proporciona fiabilidad <strong data-start=\"4862\" data-end=\"4894\">soluciones log\u00edsticas el\u00e9ctricas<\/strong> para los mercados globales. Desde el dise\u00f1o del producto hasta la personalizaci\u00f3n del OEM y el soporte posventa, ayudamos a los clientes a mejorar la eficiencia operativa y reducir los riesgos de adquisici\u00f3n.<\/p>\n<hr data-start=\"5061\" data-end=\"5064\" \/>\n<h2 data-start=\"5066\" data-end=\"5089\">Llamada a la Acci\u00f3n (CTA)<\/h2>\n<p data-start=\"5091\" data-end=\"5358\">Buscando una rentabilidad <strong data-start=\"5120\" data-end=\"5146\">veh\u00edculo de carga el\u00e9ctrico<\/strong> o una <strong data-start=\"5152\" data-end=\"5193\">soluci\u00f3n triciclo el\u00e9ctrico personalizado<\/strong> para sus necesidades log\u00edsticas?<br data-start=\"5219\" data-end=\"5222\" \/><strong data-start=\"5222\" data-end=\"5242\">Cont\u00e1ctenos hoy mismo<\/strong> para recibir especificaciones detalladas, opciones de personalizaci\u00f3n, informaci\u00f3n de precios y soporte t\u00e9cnico profesional.<\/p>\n<hr data-start=\"5360\" data-end=\"5363\" \/>\n<h2 data-start=\"5365\" data-end=\"5371\">Preguntas frecuentes<\/h2>\n<p data-start=\"5373\" data-end=\"5512\"><strong data-start=\"5373\" data-end=\"5430\">Q1: \u00bfCu\u00e1l es la capacidad m\u00e1xima de carga \u00fatil del C113?<\/strong><br data-start=\"5430\" data-end=\"5433\" \/>La capacidad de carga nominal es <strong data-start=\"5460\" data-end=\"5470\">500 kg<\/strong>adecuado para las tareas de entrega urbana diarias.<\/p>\n<p data-start=\"5514\" data-end=\"5655\"><strong data-start=\"5514\" data-end=\"5559\">Q2: \u00bfCu\u00e1l es el rango de conducci\u00f3n por carga?<\/strong><br data-start=\"5559\" data-end=\"5562\" \/>El veh\u00edculo ofrece una gama de <strong data-start=\"5592\" data-end=\"5604\">50-60 km<\/strong> por carga, dependiendo de la carga y las condiciones de la carretera.<\/p>\n<p data-start=\"5657\" data-end=\"5799\"><strong data-start=\"5657\" data-end=\"5709\">Q3: \u00bfEs f\u00e1cil operar el C113 en \u00e1reas estrechas?<\/strong><br data-start=\"5709\" data-end=\"5712\" \/>- S\u00ed. - S\u00ed. Su tama\u00f1o compacto y <strong data-start=\"5738\" data-end=\"5761\">\u22644 m radio de giro<\/strong> ideal para espacios urbanos estrechos.<\/p>\n<p data-start=\"5801\" data-end=\"5944\"><strong data-start=\"5801\" data-end=\"5859\">Q4: \u00bfCu\u00e1nto tiempo tarda en cargar completamente la bater\u00eda?<\/strong><br data-start=\"5859\" data-end=\"5862\" \/>El tiempo de carga es aproximadamente <strong data-start=\"5897\" data-end=\"5910\">6-8 horas<\/strong>, adecuado para la carga durante la noche.<\/p>\n<p data-start=\"5946\" data-end=\"6076\"><strong data-start=\"5946\" data-end=\"5984\">Q5: \u00bfSe puede personalizar el veh\u00edculo?<\/strong><br data-start=\"5984\" data-end=\"5987\" \/>- S\u00ed. - S\u00ed. La personalizaci\u00f3n del OEM est\u00e1 disponible, incluyendo la configuraci\u00f3n de la caja de carga y las opciones de color.<\/p>","protected":false},"excerpt":{"rendered":"<p>El veh\u00edculo de carga el\u00e9ctrico modelo C113 es un veh\u00edculo de carga el\u00e9ctrico compacto dise\u00f1ado para log\u00edstica de corta distancia y entrega urbana. Con una alta capacidad de carga \u00fatil, radio de giro estrecho y bajos costes operativos, proporciona una soluci\u00f3n el\u00e9ctrica pr\u00e1ctica y fiable para el transporte de \u00faltima milla y uso comercial ligero.<\/p>","protected":false},"featured_media":3670,"comment_status":"open","ping_status":"closed","template":"","meta":[],"product_brand":[],"product_cat":[78],"product_tag":[],"class_list":{"0":"post-3328","1":"product","2":"type-product","3":"status-publish","4":"has-post-thumbnail","6":"product_cat-electric-tricycle","8":"first","9":"instock","10":"shipping-taxable","11":"purchasable","12":"product-type-simple"},"_links":{"self":[{"href":"https:\/\/www.tairuiauto.com\/es\/wp-json\/wp\/v2\/product\/3328","targetHints":{"allow":["GET"]}}],"collection":[{"href":"https:\/\/www.tairuiauto.com\/es\/wp-json\/wp\/v2\/product"}],"about":[{"href":"https:\/\/www.tairuiauto.com\/es\/wp-json\/wp\/v2\/types\/product"}],"replies":[{"embeddable":true,"href":"https:\/\/www.tairuiauto.com\/es\/wp-json\/wp\/v2\/comments?post=3328"}],"wp:featuredmedia":[{"embeddable":true,"href":"https:\/\/www.tairuiauto.com\/es\/wp-json\/wp\/v2\/media\/3670"}],"wp:attachment":[{"href":"https:\/\/www.tairuiauto.com\/es\/wp-json\/wp\/v2\/media?parent=3328"}],"wp:term":[{"taxonomy":"product_brand","embeddable":true,"href":"https:\/\/www.tairuiauto.com\/es\/wp-json\/wp\/v2\/product_brand?post=3328"},{"taxonomy":"product_cat","embeddable":true,"href":"https:\/\/www.tairuiauto.com\/es\/wp-json\/wp\/v2\/product_cat?post=3328"},{"taxonomy":"product_tag","embeddable":true,"href":"https:\/\/www.tairuiauto.com\/es\/wp-json\/wp\/v2\/product_tag?post=3328"}],"curies":[{"name":"WP","href":"https:\/\/api.w.org\/{rel}","templated":true}]}}