{"id":3357,"date":"2025-08-20T14:52:55","date_gmt":"2025-08-20T06:52:55","guid":{"rendered":"https:\/\/www.tairuiauto.com\/?post_type=product&#038;p=3357"},"modified":"2025-09-12T13:43:59","modified_gmt":"2025-09-12T05:43:59","slug":"self-dumping-electric-cargo-trike","status":"publish","type":"product","link":"https:\/\/www.tairuiauto.com\/es\/product\/self-dumping-electric-cargo-trike\/","title":{"rendered":"Trike de carga el\u00e9ctrica de auto vertimiento"},"content":{"rendered":"<h2 class=\"header-vfC6AV auto-hide-last-sibling-br\">Puntos de venta<\/h2>\n<h3 class=\"header-vfC6AV auto-hide-last-sibling-br\">1. Self sin esfuerzo &#8211; Dumping<\/h3>\n<div class=\"auto-hide-last-sibling-br paragraph-JOTKXA paragraph-element br-paragraph-space\">El\u00a0<strong>Auto &#8211; Trike de carga el\u00e9ctrica de vertimiento<\/strong>La funci\u00f3n de inclinaci\u00f3n no es nada menos que una maravilla, lo que permite la descarga r\u00e1pida de materiales sueltos en cuesti\u00f3n de segundos. Ya sea una carga de grava en un sitio de construcci\u00f3n o un mont\u00f3n de cultivos cosechados en una granja, esta caracter\u00edstica elimina la necesidad de volver &#8211; romper el trabajo manual. En el contexto de la construcci\u00f3n, donde el tiempo es dinero y la eficiencia reina suprema, cementa el estatus del trike como\u00a0<em>construcci\u00f3n propia &#8211; descarga de carga el\u00e9ctrica trike<\/em>\u00a0\u2013 una soluci\u00f3n destacada para las tripulaciones que buscan acelerar los plazos del proyecto. La acci\u00f3n de vertido sin problemas garantiza que los materiales se depositen precisamente donde sea necesario, minimizando los residuos y maximizando la continuidad del flujo de trabajo.<\/div>\n<h3 class=\"header-vfC6AV auto-hide-last-sibling-br\">2. Flexibilidad de doble voltaje<\/h3>\n<div class=\"auto-hide-last-sibling-br paragraph-JOTKXA paragraph-element br-paragraph-space\">Equipado con opciones de alimentaci\u00f3n 48\/60V, el\u00a0<strong>Auto &#8211; Trike de carga el\u00e9ctrica de vertimiento<\/strong>\u00a0muestra una adaptabilidad sin igual. Este doble &#8211; La capacidad de voltaje le permite integrarse sin problemas en diversas configuraciones operacionales, desde la potencia &#8211; entornos limitados de granjas remotas a las infraestructuras el\u00e9ctricas m\u00e1s robustas de grandes &#8211; Escala de sitios de trabajo. Para los agricultores que navegan a menudo &#8211; suministro de energ\u00eda impredecible de las zonas rurales, funciona como el\u00a0<em>auto agr\u00edcola &#8211; descarga de carga el\u00e9ctrica trike<\/em>Alimentaci\u00f3n fiable a trav\u00e9s de tareas diarias como el transporte de fertilizantes y el transporte de productos. Mientras tanto, en los bulliciosos sitios de construcci\u00f3n, aprovecha m\u00e1s &#8211; fuentes de voltaje para mantener el rendimiento m\u00e1ximo, asegurando que el\u00a0<em>vers\u00e1til auto &#8211; descarga de carga el\u00e9ctrica trike<\/em>\u00a0vive a la altura de su nombre atendiendo a todas las necesidades de energ\u00eda.<\/div>\n<h3 class=\"header-vfC6AV auto-hide-last-sibling-br\">3. Dise\u00f1o duradero<\/h3>\n<div class=\"auto-hide-last-sibling-br paragraph-JOTKXA paragraph-element br-paragraph-space\">Dise\u00f1ado con durabilidad en mente, el\u00a0<strong>Auto &#8211; Trike de carga el\u00e9ctrica de vertimiento<\/strong>\u00a0caracter\u00edsticas llantas de acero y pesado &#8211; amortiguadores de trabajo que le permiten soportar los rigores del terreno \u00e1spero. Ya sea atravesando los senderos desiguales y rocosos de una cantera o navegando por las colisas, maceta &#8211; carreteras agujerosas de una granja rural, este trike permanece firme. Las llantas de acero resisten a los da\u00f1os causados por los desechos y las superficies desiguales, mientras que los amortiguadores amortiguan el viaje, protegiendo tanto el veh\u00edculo como su carga. Esta robusta construcci\u00f3n garantiza la longevidad, incluso en los entornos m\u00e1s exigentes, por lo que es un costo &#8211; inversi\u00f3n efectiva para empresas que no pueden permitirse la sustituci\u00f3n frecuente de equipos. Para las operaciones que empujan la maquinaria a sus l\u00edmites, el\u00a0<strong>Auto &#8211; Trike de carga el\u00e9ctrica de vertimiento<\/strong>\u00a0es un testimonio de la resiliencia, demostrando que puede manejar los desaf\u00edos m\u00e1s dif\u00edciles d\u00eda a d\u00eda.<\/div>\n<h2>especificaci\u00f3n<\/h2>\n<table style=\"border-collapse: collapse; width: 91.5729%; height: 618px;\" border=\"0\" width=\"720\" cellspacing=\"0\" cellpadding=\"0\">\n<tbody>\n<tr style=\"height: 20.00pt;\">\n<td class=\"et5\" style=\"height: 20.00pt; width: 432.45pt;\" colspan=\"2\" width=\"720\" height=\"33\">Configuraci\u00f3n est\u00e1ndar<\/td>\n<\/tr>\n<tr style=\"height: 20.00pt;\">\n<td class=\"et6\" style=\"height: 20.00pt;\" height=\"33\">modelo<\/td>\n<td class=\"et8\"><a href=\"#\u76ee\u5f55!A1\">C111<\/a><\/td>\n<\/tr>\n<tr style=\"height: 20.00pt;\">\n<td class=\"et7\" style=\"height: 20.00pt; width: 159.05pt;\" width=\"265\" height=\"33\">L \u00d7 W \u00d7 H (mm)<\/td>\n<td class=\"et7\" style=\"width: 273.40pt;\" width=\"455\">2980 \u00d7 1080 \u00d7 1340<\/td>\n<\/tr>\n<tr style=\"height: 20.00pt;\">\n<td class=\"et7\" style=\"height: 20.00pt; width: 159.05pt;\" width=\"265\" height=\"33\">Tama\u00f1o de la caja de carga (mm)<\/td>\n<td class=\"et7\" style=\"width: 273.40pt;\" width=\"455\">1300 \u00d7 950<\/td>\n<\/tr>\n<tr style=\"height: 20.00pt;\">\n<td class=\"et7\" style=\"height: 20.00pt; width: 159.05pt;\" width=\"265\" height=\"33\">Base de ruedas (mm)<\/td>\n<td class=\"et7\" style=\"width: 273.40pt;\" width=\"455\">2040<\/td>\n<\/tr>\n<tr style=\"height: 20.00pt;\">\n<td class=\"et7\" style=\"height: 20.00pt; width: 159.05pt;\" width=\"265\" height=\"33\">Pista de ruedas (mm)<\/td>\n<td class=\"et7\" style=\"width: 273.40pt;\" width=\"455\">880<\/td>\n<\/tr>\n<tr style=\"height: 20.00pt;\">\n<td class=\"et7\" style=\"height: 20.00pt; width: 159.05pt;\" width=\"265\" height=\"33\">Distancia m\u00ednima al suelo (mm)<\/td>\n<td class=\"et7\" style=\"width: 273.40pt;\" width=\"455\">\u2265 150<\/td>\n<\/tr>\n<tr style=\"height: 20.00pt;\">\n<td class=\"et7\" style=\"height: 20.00pt; width: 159.05pt;\" width=\"265\" height=\"33\">Radio m\u00ednimo de giro (m)<\/td>\n<td class=\"et7\" style=\"width: 273.40pt;\" width=\"455\">\u2264 4<\/td>\n<\/tr>\n<tr style=\"height: 20.00pt;\">\n<td class=\"et7\" style=\"height: 20.00pt; width: 159.05pt;\" width=\"265\" height=\"33\">Peso del borde (kg)<\/td>\n<td class=\"et7\" style=\"width: 273.40pt;\" width=\"455\">196<\/td>\n<\/tr>\n<tr style=\"height: 20.00pt;\">\n<td class=\"et7\" style=\"height: 20.00pt; width: 159.05pt;\" width=\"265\" height=\"33\">Velocidad m\u00e1xima (km\/h)<\/td>\n<td class=\"et7\" style=\"width: 273.40pt;\" width=\"455\">35-45<\/td>\n<\/tr>\n<tr style=\"height: 20.00pt;\">\n<td class=\"et7\" style=\"height: 20.00pt; width: 159.05pt;\" width=\"265\" height=\"33\">Capacidad de grado (%)<\/td>\n<td class=\"et7\" style=\"width: 273.40pt;\" width=\"455\">\u2264 15<\/td>\n<\/tr>\n<tr style=\"height: 20.00pt;\">\n<td class=\"et7\" style=\"height: 20.00pt; width: 159.05pt;\" width=\"265\" height=\"33\">Bater\u00eda<\/td>\n<td class=\"et7\" style=\"width: 273.40pt;\" width=\"455\">48\/60V45AH-58AH<\/td>\n<\/tr>\n<tr style=\"height: 20.00pt;\">\n<td class=\"et7\" style=\"height: 20.00pt; width: 159.05pt;\" width=\"265\" height=\"33\">Motor, controlador (w)<\/td>\n<td class=\"et7\" style=\"width: 273.40pt;\" width=\"455\">48\/60V1000W im\u00e1n permanente<\/td>\n<\/tr>\n<tr style=\"height: 20.00pt;\">\n<td class=\"et7\" style=\"height: 20.00pt; width: 159.05pt;\" width=\"265\" height=\"33\">Rango por carga (km)<\/td>\n<td class=\"et7\" style=\"width: 273.40pt;\" width=\"455\">50-70<\/td>\n<\/tr>\n<tr style=\"height: 20.00pt;\">\n<td class=\"et7\" style=\"height: 20.00pt; width: 159.05pt;\" width=\"265\" height=\"33\">Tiempo de carga (h)<\/td>\n<td class=\"et7\" style=\"width: 273.40pt;\" width=\"455\">6 ~ 8 horas<\/td>\n<\/tr>\n<tr style=\"height: 20.00pt;\">\n<td class=\"et7\" style=\"height: 20.00pt; width: 159.05pt;\" width=\"265\" height=\"33\">Amortizador frontal<\/td>\n<td class=\"et7\" style=\"width: 273.40pt;\" width=\"455\">\u03c631 Muelle exterior Tambor amortiguador<\/td>\n<\/tr>\n<tr style=\"height: 20.00pt;\">\n<td class=\"et7\" style=\"height: 20.00pt; width: 159.05pt;\" width=\"265\" height=\"33\">Amortizador trasero<\/td>\n<td class=\"et7\" style=\"width: 273.40pt;\" width=\"455\">rama de hoja<\/td>\n<\/tr>\n<tr style=\"height: 20.00pt;\">\n<td class=\"et7\" style=\"height: 20.00pt; width: 159.05pt;\" width=\"265\" height=\"33\">Neum\u00e1ticos delanteros\/traseros<\/td>\n<td class=\"et7\" style=\"width: 273.40pt;\" width=\"455\">3.00-12\/3.50-12<\/td>\n<\/tr>\n<tr style=\"height: 20.00pt;\">\n<td class=\"et7\" style=\"height: 20.00pt; width: 159.05pt;\" width=\"265\" height=\"33\">Tipo de llanta<\/td>\n<td class=\"et7\" style=\"width: 273.40pt;\" width=\"455\">acero<\/td>\n<\/tr>\n<tr style=\"height: 20.00pt;\">\n<td class=\"et7\" style=\"height: 20.00pt; width: 159.05pt;\" width=\"265\" height=\"33\">Tipo de freno delantero\/trasero<\/td>\n<td class=\"et7\" style=\"width: 273.40pt;\" width=\"455\">Un arrastre tres frenos de tambor<\/td>\n<\/tr>\n<tr style=\"height: 20.00pt;\">\n<td class=\"et7\" style=\"height: 20.00pt; width: 159.05pt;\" width=\"265\" height=\"33\">Freno de estacionamiento<\/td>\n<td class=\"et7\" style=\"width: 273.40pt;\" width=\"455\">Freno de mano<\/td>\n<\/tr>\n<tr style=\"height: 20.00pt;\">\n<td class=\"et7\" style=\"height: 20.00pt; width: 159.05pt;\" width=\"265\" height=\"33\">Estructura del eje trasero<\/td>\n<td class=\"et7\" style=\"width: 273.40pt;\" width=\"455\">Eje trasero integrado<\/td>\n<\/tr>\n<\/tbody>\n<\/table>\n<h2 class=\"header-vfC6AV auto-hide-last-sibling-br\">Escenarios de uso<\/h2>\n<h3 class=\"header-vfC6AV auto-hide-last-sibling-br\">1. Sitios de construcci\u00f3n<\/h3>\n<div class=\"auto-hide-last-sibling-br paragraph-JOTKXA paragraph-element br-paragraph-space\">En los sitios de construcci\u00f3n, el\u00a0<strong>Auto &#8211; Trike de carga el\u00e9ctrica de vertimiento<\/strong>\u00a0toma el centro como una herramienta vital para el transporte de materiales. Arrastra f\u00e1cilmente arena, grava y restos de construcci\u00f3n, aprovechando su propia &#8211; funci\u00f3n de vertido para depositar cargas directamente en el punto de necesidad, ya sea junto a una fundaci\u00f3n que se est\u00e1 poniendo o a una pared en construcci\u00f3n. Esto elimina la necesidad de equipos adicionales como excavadoras o cargadoras para manejar la descarga, reduciendo tanto los costos como los plazos del proyecto. En el r\u00e1pido &#8211; En el mundo de la construcci\u00f3n, donde cada minuto cuenta, la eficiencia del trike garantiza que las tripulaciones puedan seguir avanzando sin quedarse atascadas por obst\u00e1culos log\u00edsticos.<\/div>\n<h3 class=\"header-vfC6AV auto-hide-last-sibling-br\">2. Granjas agr\u00edcolas<\/h3>\n<div class=\"auto-hide-last-sibling-br paragraph-JOTKXA paragraph-element br-paragraph-space\">Las granjas dependen en gran medida de la\u00a0<strong>Auto &#8211; Trike de carga el\u00e9ctrica de vertimiento<\/strong>\u00a0para racionalizar sus operaciones diarias. Como el\u00a0<em>auto agr\u00edcola &#8211; descarga de carga el\u00e9ctrica trike<\/em>Resulta invaluable para el transporte de todo, desde cultivos reci\u00e9n cosechados hasta bolsas voluminosas de fertilizantes. La capacidad de verter materiales r\u00e1pidamente significa que los agricultores pueden descargar los productos de forma eficiente en las instalaciones de almacenamiento o distribuir fertilizantes a trav\u00e9s de los campos sin demora. Su dise\u00f1o robusto tambi\u00e9n le permite navegar por el terreno desigual com\u00fan en entornos agr\u00edcolas, ya sea un pasto lodoso despu\u00e9s de una tormenta de lluvia o una grava &#8211; carretera de acceso llena que conduce a un campo remoto. Para peque\u00f1os &#8211; Los agricultores de escala y las grandes empresas agr\u00edcolas por igual, es un caballo de trabajo fiable que mejora la productividad durante la siembra, la cosecha y todo lo dem\u00e1s.<\/div>\n<h3 class=\"header-vfC6AV auto-hide-last-sibling-br\">3. Operaciones de canteras<\/h3>\n<div class=\"auto-hide-last-sibling-br paragraph-JOTKXA paragraph-element br-paragraph-space\">En entornos de canteras, donde el terreno es duro y las cargas son pesadas, el\u00a0<strong>Auto &#8211; Trike de carga el\u00e9ctrica de vertimiento<\/strong>\u00a0prueba su coraje. Est\u00e1 encargado de moverse peque\u00f1o &#8211; escalar materiales como roca triturada y mineral, navegando por caminos rocosos e irregulares con facilidad gracias a su construcci\u00f3n duradera. El propio &#8211; La funci\u00f3n de descarga simplifica el proceso de descarga, lo que permite a los operadores depositar r\u00e1pidamente materiales en \u00e1reas de procesamiento o zonas de carga. A diferencia de los veh\u00edculos m\u00e1s grandes y engorrosos que podr\u00edan tener dificultades para maniobrar en los espacios estrechos de una cantera, el tama\u00f1o compacto del trike y su manejo \u00e1gil lo convierten en una opci\u00f3n ideal para el transporte de materiales a distancias cortas y medianas. Es un testimonio de c\u00f3mo el\u00a0<strong>Auto &#8211; Trike de carga el\u00e9ctrica de vertimiento<\/strong>\u00a0puede adaptarse incluso a los entornos industriales m\u00e1s desafiantes.<\/div>\n<h2 class=\"header-vfC6AV auto-hide-last-sibling-br\">Preguntas frecuentes<\/h2>\n<h3 class=\"header-vfC6AV auto-hide-last-sibling-br\">1. P: \u00bfQu\u00e9 tipo de sistema de frenado hace el Auto &#8211;  \u00bfEl uso de la carga el\u00e9ctrica?<\/h3>\n<div class=\"auto-hide-last-sibling-br paragraph-JOTKXA paragraph-element br-paragraph-space\"><strong>Una<\/strong>: El\u00a0<strong>Auto &#8211; Trike de carga el\u00e9ctrica de vertimiento<\/strong>\u00a0Est\u00e1 equipado con un &#8211; arrastrar &#8211; tres frenos de tambor. Este robusto sistema de frenado garantiza paradas seguras y fiables, incluso cuando el trike est\u00e1 completamente cargado con materiales pesados. Ya sea navegando por una pendiente empinada en una cantera o deteni\u00e9ndose en una zona de construcci\u00f3n atestada, los frenos proporcionan la potencia de parada necesaria para mantener a los operadores y transe\u00fantes seguros.<\/div>\n<h3 class=\"header-vfC6AV auto-hide-last-sibling-br\">2. P: \u00bfCu\u00e1n lejos puede el Self &#8211;  \u00bfViajar con el Electric Cargo Trike con una sola carga?<\/h3>\n<div class=\"auto-hide-last-sibling-br paragraph-JOTKXA paragraph-element br-paragraph-space\"><strong>Una<\/strong>A una carga completa, el\u00a0<strong>Auto &#8211; Trike de carga el\u00e9ctrica de vertimiento<\/strong>\u00a0ofrece una gama impresionante de 50 &#8211; 70 km. Esto lo hace perfecto para todos &#8211; operaciones diarias, ya sea un d\u00eda de carreras continuas en una granja grande o turnos extendidos en un sitio de construcci\u00f3n ocupado. El\u00a0<em>48\/60V auto &#8211; descarga de carga el\u00e9ctrica trike<\/em>\u00a0(nuestra variante de palabra clave) aprovecha su eficiencia de la bater\u00eda para garantizar que pueda mantenerse al d\u00eda con las demandas de los d\u00edas de trabajo intensivos sin interrupciones frecuentes de recarga.<\/div>\n<h3 class=\"header-vfC6AV auto-hide-last-sibling-br\">3. P: C\u00f3mo usuario &#8211;  \u00bfEs amigable el mecanismo de dumping?<\/h3>\n<div class=\"auto-hide-last-sibling-br paragraph-JOTKXA paragraph-element br-paragraph-space\"><strong>Una<\/strong>El mecanismo de dumping del\u00a0<strong>Auto &#8211; Trike de carga el\u00e9ctrica de vertimiento<\/strong>\u00a0est\u00e1 dise\u00f1ado con simplicidad y facilidad de uso en mente. Los operadores pueden activar la funci\u00f3n de inclinaci\u00f3n a trav\u00e9s de controles simples, lo que requiere un esfuerzo m\u00ednimo para iniciar el proceso de descarga. Este usuario &#8211; El dise\u00f1o amigable significa que incluso los usuarios novatos pueden dominar r\u00e1pidamente la funci\u00f3n, ahorrando tiempo valioso para las tripulaciones en el trabajo. Ya sea un trabajador de la construcci\u00f3n con un horario ajustado o un agricultor malabareando con m\u00faltiples tareas, el mecanismo de descarga intuitivo del trike garantiza que la descarga sea f\u00e1cil.<\/div>","protected":false},"excerpt":{"rendered":"<p>Conoce al\u00a0<strong>Auto &#8211; Trike de carga el\u00e9ctrica de vertimiento<\/strong>\u00a0\u2013 una fuerza revolucionaria en el manejo eficiente de materiales que est\u00e1 destinada a redefinir c\u00f3mo las industrias gestionan el transporte a granel. Con dimensiones de 2980 x 1080 x 1340 mm y una caja de carga de 1300 x 950 mm de tama\u00f1o generoso, este trike es el prop\u00f3sito &#8211; construido para robusto, alto &#8211; entornos de demanda. En su n\u00facleo se encuentra un motor din\u00e1mico de 48\/60V1000W, emparejado con un vers\u00e1til 48\/60V45AH &#8211; Bater\u00eda de 58AH, todo alojado dentro de un marco robusto de 196Kg. Capaz de alcanzar velocidades que van desde 35 &#8211; 45 km\/h y conquistando pendientes con un gradiente de \u226415%, prospera en terrenos desafiantes. Lo que realmente lo diferencia, sin embargo, es su funci\u00f3n de descarga automatizada - un juego &#8211; La innovaci\u00f3n cambiante que racionaliza los flujos de trabajo en sitios de construcci\u00f3n, granjas y canteras por igual. Para las empresas que buscan aumentar la productividad, el\u00a0<em>auto industrial &#8211; descarga de carga el\u00e9ctrica trike<\/em>\u00a0(una variaci\u00f3n clave de nuestra palabra clave principal) surge como un activo indispensable, combinando poder, adaptabilidad y comodidad en un paquete formidable.<\/p>","protected":false},"featured_media":3683,"comment_status":"open","ping_status":"closed","template":"","meta":[],"product_brand":[],"product_cat":[78],"product_tag":[],"class_list":{"0":"post-3357","1":"product","2":"type-product","3":"status-publish","4":"has-post-thumbnail","6":"product_cat-electric-tricycle","8":"first","9":"instock","10":"shipping-taxable","11":"purchasable","12":"product-type-simple"},"_links":{"self":[{"href":"https:\/\/www.tairuiauto.com\/es\/wp-json\/wp\/v2\/product\/3357","targetHints":{"allow":["GET"]}}],"collection":[{"href":"https:\/\/www.tairuiauto.com\/es\/wp-json\/wp\/v2\/product"}],"about":[{"href":"https:\/\/www.tairuiauto.com\/es\/wp-json\/wp\/v2\/types\/product"}],"replies":[{"embeddable":true,"href":"https:\/\/www.tairuiauto.com\/es\/wp-json\/wp\/v2\/comments?post=3357"}],"wp:featuredmedia":[{"embeddable":true,"href":"https:\/\/www.tairuiauto.com\/es\/wp-json\/wp\/v2\/media\/3683"}],"wp:attachment":[{"href":"https:\/\/www.tairuiauto.com\/es\/wp-json\/wp\/v2\/media?parent=3357"}],"wp:term":[{"taxonomy":"product_brand","embeddable":true,"href":"https:\/\/www.tairuiauto.com\/es\/wp-json\/wp\/v2\/product_brand?post=3357"},{"taxonomy":"product_cat","embeddable":true,"href":"https:\/\/www.tairuiauto.com\/es\/wp-json\/wp\/v2\/product_cat?post=3357"},{"taxonomy":"product_tag","embeddable":true,"href":"https:\/\/www.tairuiauto.com\/es\/wp-json\/wp\/v2\/product_tag?post=3357"}],"curies":[{"name":"WP","href":"https:\/\/api.w.org\/{rel}","templated":true}]}}