{"id":3371,"date":"2025-08-20T15:31:41","date_gmt":"2025-08-20T07:31:41","guid":{"rendered":"https:\/\/www.tairuiauto.com\/?post_type=product&#038;p=3371"},"modified":"2025-08-27T11:08:53","modified_gmt":"2025-08-27T03:08:53","slug":"letu-cargo-electric-tricycle","status":"publish","type":"product","link":"https:\/\/www.tairuiauto.com\/es\/product\/letu-cargo-electric-tricycle\/","title":{"rendered":"Tricicleta el\u00e9ctrica de carga"},"content":{"rendered":"<p><strong>\u200b Lista de par\u00e1metros<\/strong><\/p>\n<table style=\"border-collapse: collapse; width: 60.3247%; height: 406px;\" border=\"0\" width=\"720\" cellspacing=\"0\" cellpadding=\"0\">\n<tbody>\n<tr style=\"height: 20.00pt;\">\n<td class=\"et4\" style=\"height: 20.00pt; width: 159.05pt;\" width=\"265\" height=\"33\">modelo<\/td>\n<td class=\"et4\" style=\"width: 273.40pt;\" width=\"455\">A\u00f1o<\/td>\n<\/tr>\n<tr style=\"height: 20.00pt;\">\n<td class=\"et5\" style=\"height: 20.00pt; width: 159.05pt;\" width=\"265\" height=\"33\">Colores opcionales<\/td>\n<td class=\"et5\" style=\"width: 273.40pt;\" width=\"455\">rojo, azul, verde, amarillo, gris, blanco<\/td>\n<\/tr>\n<tr style=\"height: 20.00pt;\">\n<td class=\"et5\" style=\"height: 20.00pt; width: 159.05pt;\" width=\"265\" height=\"33\">Tama\u00f1o de la caja de carga (mm)<\/td>\n<td class=\"et5\" style=\"width: 273.40pt;\" width=\"455\">1100 * 900 mm<\/td>\n<\/tr>\n<tr style=\"height: 20.00pt;\">\n<td class=\"et5\" style=\"height: 20.00pt; width: 159.05pt;\" width=\"265\" height=\"33\">Velocidad m\u00e1xima (km\/h)<\/td>\n<td class=\"et5\" style=\"width: 273.40pt;\" width=\"455\">30-45km\/h<\/td>\n<\/tr>\n<tr style=\"height: 20.00pt;\">\n<td class=\"et5\" style=\"height: 20.00pt; width: 159.05pt;\" width=\"265\" height=\"33\">Capacidad de grado (%)<\/td>\n<td class=\"et5\" style=\"width: 273.40pt;\" width=\"455\">\u2264 15<\/td>\n<\/tr>\n<tr style=\"height: 20.00pt;\">\n<td class=\"et5\" style=\"height: 20.00pt; width: 159.05pt;\" width=\"265\" height=\"33\">Bater\u00eda<\/td>\n<td class=\"et5\" style=\"width: 273.40pt;\" width=\"455\">60V32AH-58AH<\/td>\n<\/tr>\n<tr style=\"height: 20.00pt;\">\n<td class=\"et5\" style=\"height: 20.00pt; width: 159.05pt;\" width=\"265\" height=\"33\">Motor, controlador (w)<\/td>\n<td class=\"et5\" style=\"width: 273.40pt;\" width=\"455\">60V500W<\/td>\n<\/tr>\n<tr style=\"height: 20.00pt;\">\n<td class=\"et5\" style=\"height: 20.00pt; width: 159.05pt;\" width=\"265\" height=\"33\">Rango por carga (km)<\/td>\n<td class=\"et5\" style=\"width: 273.40pt;\" width=\"455\">50-60<\/td>\n<\/tr>\n<tr style=\"height: 20.00pt;\">\n<td class=\"et5\" style=\"height: 20.00pt; width: 159.05pt;\" width=\"265\" height=\"33\">Tiempo de carga (h)<\/td>\n<td class=\"et5\" style=\"width: 273.40pt;\" width=\"455\">6 ~ 8 horas<\/td>\n<\/tr>\n<tr style=\"height: 20.00pt;\">\n<td class=\"et5\" style=\"height: 20.00pt; width: 159.05pt;\" width=\"265\" height=\"33\">Neum\u00e1ticos delanteros\/traseros<\/td>\n<td class=\"et5\" style=\"width: 273.40pt;\" width=\"455\">3.00-12\/3.00-12<\/td>\n<\/tr>\n<tr style=\"height: 20.00pt;\">\n<td class=\"et5\" style=\"height: 20.00pt; width: 159.05pt;\" width=\"265\" height=\"33\">Tipo de freno delantero\/trasero<\/td>\n<td class=\"et5\" style=\"width: 273.40pt;\" width=\"455\">Anterior \/ trasero: tambor<\/td>\n<\/tr>\n<tr style=\"height: 20.00pt;\">\n<td class=\"et5\" style=\"height: 20.00pt; width: 159.05pt;\" width=\"265\" height=\"33\">Freno de estacionamiento<\/td>\n<td class=\"et5\" style=\"width: 273.40pt;\" width=\"455\">Freno de mano<\/td>\n<\/tr>\n<\/tbody>\n<\/table>\n<div class=\"kche-wrap-width\">\n<div class=\"kche-t154\">\n<div class=\"kche-t154-contant\">\n<div class=\"kche-t154-list\">\n<div class=\"kche-t154-item\">\n<div class=\"kche-t154-img\">\n<h3 class=\"header-vfC6AV auto-hide-last-sibling-br\">Introducci\u00f3n del producto<\/h3>\n<div class=\"auto-hide-last-sibling-br paragraph-JOTKXA paragraph-element br-paragraph-space\">Alimentado por un motor de im\u00e1n permanente de 48\/60V1000W y emparejado con bater\u00edas 48\/60V45AH-58AH, este e-trike ofrece un rango fiable de 50-70km en una sola carga, con un conveniente tiempo de carga de 6-8 horas que se ajusta perfectamente a las rutinas diarias. Su distancia entre ejes de 2040 mm y la pista de ruedas de 880 mm garantizan viajes estables, mientras que un radio m\u00ednimo de giro de \u22644 m y una distancia desde el suelo de \u2265150 mm permiten una f\u00e1cil navegaci\u00f3n a trav\u00e9s de calles estrechas y carreteras rurales desiguales. Equipado con amortiguadores de tambor de muelle externo frontal \u03c631 y muelles de hoja traseros, el triciclo el\u00e9ctrico LETU 2 garantiza un viaje c\u00f3modo incluso en terrenos abultados, solidificando su papel como un veh\u00edculo el\u00e9ctrico pr\u00e1ctico para diversas necesidades.<\/div>\n<div><\/div>\n<div><img fetchpriority=\"high\" decoding=\"async\" class=\"alignnone size-medium wp-image-3379\" src=\"https:\/\/www.tairuiauto.com\/wp-content\/uploads\/2025\/08\/9-300x225.jpg\" alt=\"\" width=\"300\" height=\"225\" srcset=\"\" sizes=\"(max-width: 300px) 100vw, 300px\" data-srcset=\"\" \/> <img decoding=\"async\" class=\"alignnone size-medium wp-image-3381\" src=\"https:\/\/www.tairuiauto.com\/wp-content\/uploads\/2025\/08\/11-300x225.jpg\" alt=\"\" width=\"300\" height=\"225\" srcset=\"\" sizes=\"(max-width: 300px) 100vw, 300px\" data-srcset=\"\" \/><img decoding=\"async\" class=\"alignnone size-medium wp-image-3377\" src=\"https:\/\/www.tairuiauto.com\/wp-content\/uploads\/2025\/08\/7-300x225.jpg\" alt=\"\" width=\"300\" height=\"225\" srcset=\"\" sizes=\"(max-width: 300px) 100vw, 300px\" data-srcset=\"\" \/><\/div>\n<h3 class=\"header-vfC6AV auto-hide-last-sibling-br\">Introducci\u00f3n del producto<\/h3>\n<div class=\"auto-hide-last-sibling-br paragraph-JOTKXA paragraph-element br-paragraph-space\">Alimentado por un motor de 60V500W emparejado con bater\u00edas 60V32AH-58AH, Cargo Electric Tricycle LETU ofrece un rendimiento fiable con una velocidad m\u00e1xima de 30-45 km \/ h y un rango de carga \u00fanica de 50-60 km, perfecto para m\u00faltiples carreras diarias. Su tiempo de carga de 6 a 8 horas encaja perfectamente en las horas fuera de pico, asegurando que est\u00e1 listo para su uso cuando sea necesario. Equipado con neum\u00e1ticos delanteros y traseros 3.00-12, frenos de tambor delantero\/trasero y un freno de mano, este triciclo de entrega prioriza la seguridad y la estabilidad, incluso en pendientes con una capacidad de grado de \u226415%. En general, Cargo Electric Tricycle LETU emerge como un triciclo el\u00e9ctrico vers\u00e1til que combina funcionalidad, flexibilidad y eficiencia para las necesidades diarias de transporte.<\/div>\n<h3 class=\"header-vfC6AV auto-hide-last-sibling-br\">Puntos clave de venta<\/h3>\n<ol class=\"auto-hide-last-sibling-br\">\n<li>\n<div class=\"auto-hide-last-sibling-br paragraph-JOTKXA paragraph-element br-paragraph-space\"><strong>Tama\u00f1o compacto para espacios estrechos<\/strong><br class=\"container-utlnW2 wrapper-d0Cc1k undefined\" \/>Cargo Electric Tricycle LETU sobresale en la navegaci\u00f3n en entornos urbanos apretados, gracias a su caja de carga de 1100 * 900 mm y su dise\u00f1o \u00e1gil. A diferencia de los veh\u00edculos de entrega m\u00e1s voluminosos, este veh\u00edculo el\u00e9ctrico de tres ruedas se desliza a trav\u00e9s de callejones estrechos, puestos de mercado concurridos y carriles residenciales, asegurando que el personal de entrega llegue directamente a las puertas. Ya sea el manejo de entregas de comercio electr\u00f3nico de \u00faltima milla o el transporte de mercanc\u00edas dentro de distritos de peque\u00f1as empresas, Cargo Electric Tricycle LETU act\u00faa como un \"navegante de espacio estrecho\", eliminando los retrasos causados \u200b\u200bpor las restricciones de espacio y aumentando la eficiencia general.<\/div>\n<\/li>\n<li>\n<div class=\"auto-hide-last-sibling-br paragraph-JOTKXA paragraph-element br-paragraph-space\"><strong>Personalizaci\u00f3n colorida para la marca &amp; Personalidad<\/strong><br class=\"container-utlnW2 wrapper-d0Cc1k undefined\" \/>Con colores opcionales que van desde rojo y azul vibrantes hasta grises y blancos discretos, Cargo Electric Tricycle LETU ofrece m\u00e1s que solo transporte: es una herramienta de marca m\u00f3vil. Un servicio de entrega de alimentos puede optar por un tono brillante para destacarse, mientras que un proveedor comunitario puede elegir un tono profesional para alinearse con su imagen. Este nivel de personalizaci\u00f3n convierte al e-trike de carga en una extensi\u00f3n de la identidad personal o empresarial, haciendo del Cargo Electric Tricycle LETU una opci\u00f3n destacada en un mercado de opciones gen\u00e9ricas.<\/div>\n<\/li>\n<li>\n<div class=\"auto-hide-last-sibling-br paragraph-JOTKXA paragraph-element br-paragraph-space\"><strong>Energ\u00eda fiable para tareas diarias<\/strong><br class=\"container-utlnW2 wrapper-d0Cc1k undefined\" \/>Cargo Electric Tricycle LETU est\u00e1 construido para mantenerse al d\u00eda con las demandas diarias, con un motor de 60V500W que equilibra potencia y eficiencia. Su velocidad de 30-45 km\/h garantiza entregas oportunas, mientras que el rango de 50-60 km cubre m\u00faltiples carreras, desde reposicionamiento por la ma\u00f1ana hasta entregas por la noche. El tiempo de carga de 6-8 horas significa que los usuarios pueden recargarse durante la noche, por lo que el triciclo de entrega siempre est\u00e1 listo para el d\u00eda siguiente. Para los propietarios de peque\u00f1as empresas o usuarios individuales, Cargo Electric Tricycle LETU act\u00faa como un \u201ccaballo de trabajo diario\u201d confiable, asegurando que las operaciones funcionen sin interrupciones.<\/div>\n<\/li>\n<li>\n<div class=\"auto-hide-last-sibling-br paragraph-JOTKXA paragraph-element br-paragraph-space\"><strong>Seguridad &amp; Sistema de frenado rentable<\/strong><br class=\"container-utlnW2 wrapper-d0Cc1k undefined\" \/>La seguridad cumple con la asequibilidad en la configuraci\u00f3n del freno de tambor de Cargo Electric Tricycle LETU, con frenos de tambor delanteros\/traseros y un freno de mano que proporcionan una potencia de parada constante, cr\u00edtica cuando se transportan cargas, especialmente en pendientes con una gradabilidad de \u226415%. Los frenos de tambor son conocidos por su durabilidad y bajos costos de mantenimiento, lo que reduce los gastos a largo plazo. Combinado con neum\u00e1ticos 3.00-12 que ofrecen una fuerte adherencia, este triciclo el\u00e9ctrico de utilidad minimiza los riesgos de deslizamiento, haciendo del Cargo Electric Tricycle LETU una opci\u00f3n \u201csegura y econ\u00f3mica\u201d para los usuarios que priorizan tanto la seguridad como la eficiencia en costes.<\/div>\n<\/li>\n<\/ol>\n<h3 class=\"header-vfC6AV auto-hide-last-sibling-br\">Ventajas diferenciales<\/h3>\n<ol class=\"auto-hide-last-sibling-br\">\n<li>\n<div class=\"auto-hide-last-sibling-br paragraph-JOTKXA paragraph-element br-paragraph-space\"><strong>Adaptado para log\u00edstica de corta distancia<\/strong><br class=\"container-utlnW2 wrapper-d0Cc1k undefined\" \/>A diferencia de los veh\u00edculos el\u00e9ctricos grandes dise\u00f1ados para largas distancias, Cargo Electric Tricycle LETU se centra en el transporte de corta distancia y alta frecuencia, llenando un vac\u00edo a menudo ignorado por los modelos m\u00e1s grandes. Su tama\u00f1o compacto y alcance de 50-60 km satisfacen espec\u00edficamente las entregas de \u201c\u00faltima milla\u201d y las necesidades de los peque\u00f1os comerciantes, lo que hace de este veh\u00edculo el\u00e9ctrico de tres ruedas una \u201csoluci\u00f3n profesional de corto recorrido\u201d que supera a los veh\u00edculos de uso general en escenarios espec\u00edficos.<\/div>\n<\/li>\n<li>\n<div class=\"auto-hide-last-sibling-br paragraph-JOTKXA paragraph-element br-paragraph-space\"><strong>Variedad de color como un borde \u00fanico<\/strong><br class=\"container-utlnW2 wrapper-d0Cc1k undefined\" \/>En un mercado donde la mayor\u00eda de los triciclos el\u00e9ctricos ofrecen colores limitados y aburridos, la diversa paleta de Cargo Electric Tricycle LETU es un diferenciador clave. Atrae tanto a las personas que buscan expresi\u00f3n personal como a las empresas que buscan mejorar la visibilidad de la marca, posicionando el e-trike de carga como una \u201cherramienta de transporte personalizable en color\u201d que combina funcionalidad con est\u00e9tica.<\/div>\n<\/li>\n<li>\n<div class=\"auto-hide-last-sibling-br paragraph-JOTKXA paragraph-element br-paragraph-space\"><strong>Desempe\u00f1o equilibrado &amp; Asequibilidad<\/strong><br class=\"container-utlnW2 wrapper-d0Cc1k undefined\" \/>Cargo Electric Tricycle LETU logra un acorde perfecto entre rendimiento y costo. Su motor de 60V500W y las bater\u00edas 60V32AH-58AH proporcionan suficiente energ\u00eda para el uso diario sin exceso de capacidad innecesario que aumenta los costos. El sistema de freno de tambor de bajo mantenimiento se suma a su asequibilidad, haciendo de este triciclo de entrega una \"opci\u00f3n econ\u00f3mica pero fiable\" para los usuarios conscientes del presupuesto que se niegan a comprometer la funcionalidad.<\/div>\n<\/li>\n<li>\n<div class=\"auto-hide-last-sibling-br paragraph-JOTKXA paragraph-element br-paragraph-space\"><strong>Integraci\u00f3n perfecta en las rutinas diarias<\/strong><br class=\"container-utlnW2 wrapper-d0Cc1k undefined\" \/>Con un tiempo de carga de 6-8 horas y un alcance de 50-60 km, el Cargo Electric Tricycle LETU se adapta f\u00e1cilmente a los horarios de los usuarios. Las peque\u00f1as empresas pueden cargar durante las horas fuera de pico, mientras que las personas pueden conectarlo durante la noche en casa. Combinado con su tama\u00f1o compacto y maniobrabilidad, este trike el\u00e9ctrico de utilidad reduce las molestias log\u00edsticas, permitiendo a los usuarios centrarse en las tareas principales, consolidando su papel como \"compa\u00f1ero de transporte f\u00e1cil de usar\".<\/div>\n<\/li>\n<\/ol>\n<h3 class=\"header-vfC6AV auto-hide-last-sibling-br\">Preguntas frecuentes<\/h3>\n<div class=\"auto-hide-last-sibling-br paragraph-JOTKXA paragraph-element br-paragraph-space\"><strong>Q1: \u00bfCu\u00e1l es la capacidad de carga m\u00e1xima de LETU?<\/strong><br class=\"container-utlnW2 wrapper-d0Cc1k undefined\" \/>R: Si bien la carga m\u00e1xima exacta no se especifica expl\u00edcitamente, se recomienda transportar hasta 200-250 kg (incluyendo carga y art\u00edculos adicionales), en funci\u00f3n de su dise\u00f1o, neum\u00e1ticos 3.00-12 y estructura general. La sobrecarga puede agotar la bater\u00eda, el motor y los frenos, reduciendo el rendimiento, acortando la vida \u00fatil y creando riesgos de seguridad. Para garantizar la fiabilidad a largo plazo, mant\u00e9ngase dentro de este rango.<\/div>\n<div class=\"auto-hide-last-sibling-br paragraph-JOTKXA paragraph-element br-paragraph-space\"><strong>Q2: \u00bfC\u00f3mo afecta el clima fr\u00edo al rango de bater\u00eda?<\/strong><br class=\"container-utlnW2 wrapper-d0Cc1k undefined\" \/>R: Al igual que la mayor\u00eda de los veh\u00edculos el\u00e9ctricos, el rendimiento de la bater\u00eda de Cargo Electric Tricycle LETU se ve afectado por el clima fr\u00edo. En condiciones extremas (por debajo de 0\u00b0C), el rango puede disminuir en un 20-30%. Para mitigar esto, aparque el veh\u00edculo el\u00e9ctrico de tres ruedas en un \u00e1rea c\u00e1lida (por ejemplo, un garaje) cuando no est\u00e9 en uso, cargue en un ambiente c\u00e1lido y evite la exposici\u00f3n prolongada al fr\u00edo. Planear los viajes de manera eficiente para reducir los desv\u00edos tambi\u00e9n ayuda a minimizar el impacto.<\/div>\n<div class=\"auto-hide-last-sibling-br paragraph-JOTKXA paragraph-element br-paragraph-space\"><strong>Q3: \u00bfCon qu\u00e9 frecuencia debe reemplazarse la bater\u00eda?<\/strong><br class=\"container-utlnW2 wrapper-d0Cc1k undefined\" \/>R: Bajo uso normal, la bater\u00eda de Cargo Electric Tricycle LETU dura 2-3 a\u00f1os. La vida \u00fatil depende de los h\u00e1bitos de carga, la frecuencia de uso y el entorno. Para extenderlo, evite la sobrecarga (desconectar una vez lleno) y la descarga profunda (recargar cuando supere el 20% de potencia restante). Compruebe regularmente si hay corrosi\u00f3n o conexiones sueltas y mantenga la bater\u00eda limpia. Una ca\u00edda significativa en el rango o la eficiencia de carga indica que puede necesitar reemplazo.<\/div>\n<div class=\"auto-hide-last-sibling-br paragraph-JOTKXA paragraph-element br-paragraph-space\"><strong>Q4: \u00bfQu\u00e9 mantenimiento requiere el sistema de freno de tambor?<\/strong><br class=\"container-utlnW2 wrapper-d0Cc1k undefined\" \/>R: El sistema de freno de tambor de Cargo Electric Tricycle LETU necesita cuidado regular para funcionar correctamente. Compruebe los zapatos de freno cada 3-6 meses para el desgaste y reemplazarlos r\u00e1pidamente si se usan. Limpia los tambores de frenos regularmente para eliminar el polvo o los desechos que puedan obstaculizar el rendimiento. Ajuste peri\u00f3dicamente los frenos para garantizar un acoplamiento y desacoplamiento suaves. Para el freno de mano, aseg\u00farese de que se ajuste adecuadamente para proporcionar suficiente fuerza de estacionamiento, ni demasiado suelto ni demasiado apretado. Siguiendo estos pasos se mantiene la seguridad y fiabilidad del sistema de frenado del e-trike de carga.<\/div>\n<\/div>\n<\/div>\n<\/div>\n<\/div>\n<\/div>\n<\/div>","protected":false},"excerpt":{"rendered":"<p>Cargo Electric Tricycle LETU es un pr\u00e1ctico triciclo el\u00e9ctrico de tres ruedas dise\u00f1ado espec\u00edficamente para el transporte de carga de corta distancia y el desplazamiento diario, lo que lo convierte en un e-trike de carga ideal para escenarios urbanos y rurales por igual. Destaca con una variedad de colores opcionales, incluyendo rojo, azul, verde, amarillo, gris y blanco, lo que permite a los usuarios alinearse con las preferencias personales o las necesidades de marca empresarial. La caja de carga, de tama\u00f1o 1100 * 900 mm, logra un equilibrio inteligente: lo suficientemente compacta para navegar por callejones estrechos y calles concurridas, pero lo suficientemente espaciosa para transportar cargas peque\u00f1as y medianas, desde comestibles diarios hasta suministros para peque\u00f1as empresas.<\/p>","protected":false},"featured_media":3372,"comment_status":"open","ping_status":"closed","template":"","meta":[],"product_brand":[],"product_cat":[78],"product_tag":[],"class_list":{"0":"post-3371","1":"product","2":"type-product","3":"status-publish","4":"has-post-thumbnail","6":"product_cat-electric-tricycle","8":"first","9":"instock","10":"shipping-taxable","11":"purchasable","12":"product-type-simple"},"_links":{"self":[{"href":"https:\/\/www.tairuiauto.com\/es\/wp-json\/wp\/v2\/product\/3371","targetHints":{"allow":["GET"]}}],"collection":[{"href":"https:\/\/www.tairuiauto.com\/es\/wp-json\/wp\/v2\/product"}],"about":[{"href":"https:\/\/www.tairuiauto.com\/es\/wp-json\/wp\/v2\/types\/product"}],"replies":[{"embeddable":true,"href":"https:\/\/www.tairuiauto.com\/es\/wp-json\/wp\/v2\/comments?post=3371"}],"wp:featuredmedia":[{"embeddable":true,"href":"https:\/\/www.tairuiauto.com\/es\/wp-json\/wp\/v2\/media\/3372"}],"wp:attachment":[{"href":"https:\/\/www.tairuiauto.com\/es\/wp-json\/wp\/v2\/media?parent=3371"}],"wp:term":[{"taxonomy":"product_brand","embeddable":true,"href":"https:\/\/www.tairuiauto.com\/es\/wp-json\/wp\/v2\/product_brand?post=3371"},{"taxonomy":"product_cat","embeddable":true,"href":"https:\/\/www.tairuiauto.com\/es\/wp-json\/wp\/v2\/product_cat?post=3371"},{"taxonomy":"product_tag","embeddable":true,"href":"https:\/\/www.tairuiauto.com\/es\/wp-json\/wp\/v2\/product_tag?post=3371"}],"curies":[{"name":"WP","href":"https:\/\/api.w.org\/{rel}","templated":true}]}}