{"id":3392,"date":"2025-08-21T15:10:49","date_gmt":"2025-08-21T07:10:49","guid":{"rendered":"https:\/\/www.tairuiauto.com\/?post_type=product&#038;p=3392"},"modified":"2025-11-25T08:39:57","modified_gmt":"2025-11-25T00:39:57","slug":"slab-cargo-tricycle","status":"publish","type":"product","link":"https:\/\/www.tairuiauto.com\/es\/product\/slab-cargo-tricycle\/","title":{"rendered":"triciclo motor de alto par"},"content":{"rendered":"<p><strong>\u200b Lista de par\u00e1metros<\/strong><\/p>\n<table style=\"border-collapse: collapse; width: 62.7586%; height: 498px;\" border=\"0\" width=\"720\" cellspacing=\"0\" cellpadding=\"0\">\n<tbody>\n<tr style=\"height: 20.00pt;\">\n<td class=\"et4\" style=\"height: 20px; width: 159.05pt;\" width=\"265\" height=\"33\">modelo<\/td>\n<td class=\"et4\" style=\"width: 273.4pt; height: 20px;\" width=\"455\">triciclo de carga de losa<\/td>\n<\/tr>\n<tr style=\"height: 20.00pt;\">\n<td class=\"et5\" style=\"height: 20px; width: 159.05pt;\" width=\"265\" height=\"33\">Dimensi\u00f3n general<\/td>\n<td class=\"et5\" style=\"width: 273.4pt; height: 20px;\" width=\"455\">1800 mm * 1300 mm<\/td>\n<\/tr>\n<tr style=\"height: 20.00pt;\">\n<td class=\"et5\" style=\"height: 20px; width: 159.05pt;\" width=\"265\" height=\"33\">Capacidad de carga<\/td>\n<td class=\"et5\" style=\"width: 273.4pt; height: 20px;\" width=\"455\">600 kg<\/td>\n<\/tr>\n<tr style=\"height: 20.00pt;\">\n<td class=\"et5\" style=\"height: 20px; width: 159.05pt;\" width=\"265\" height=\"33\">Potencia del motor hidr\u00e1ulico<\/td>\n<td class=\"et5\" style=\"width: 273.4pt; height: 20px;\" width=\"455\">800W<\/td>\n<\/tr>\n<tr style=\"height: 20.00pt;\">\n<td class=\"et5\" style=\"height: 20px; width: 159.05pt;\" width=\"265\" height=\"33\">Voltaje est\u00e1ndar<\/td>\n<td class=\"et5\" style=\"width: 273.4pt; height: 20px;\" width=\"455\">60 V<\/td>\n<\/tr>\n<tr style=\"height: 20.00pt;\">\n<td class=\"et5\" style=\"height: 20px; width: 159.05pt;\" width=\"265\" height=\"33\">Controlador<\/td>\n<td class=\"et5\" style=\"width: 273.4pt; height: 20px;\" width=\"455\">24 Tubo<\/td>\n<\/tr>\n<tr style=\"height: 20.00pt;\">\n<td class=\"et5\" style=\"height: 20px; width: 159.05pt;\" width=\"265\" height=\"33\">Modo de frenado<\/td>\n<td class=\"et5\" style=\"width: 273.4pt; height: 20px;\" width=\"455\">Pie en tambor mec\u00e1nico estacionamiento manual<\/td>\n<\/tr>\n<tr style=\"height: 20.00pt;\">\n<td class=\"et5\" style=\"height: 20px; width: 159.05pt;\" width=\"265\" height=\"33\">Deslizamiento m\u00ednimo al suelo<\/td>\n<td class=\"et5\" style=\"width: 273.4pt; height: 20px;\" width=\"455\">135<\/td>\n<\/tr>\n<tr style=\"height: 20.00pt;\">\n<td class=\"et5\" style=\"height: 20px; width: 159.05pt;\" width=\"265\" height=\"33\">Capacidad de producci\u00f3n<\/td>\n<td class=\"et5\" style=\"width: 273.4pt; height: 20px;\" width=\"455\">100000set\/a\u00f1o<\/td>\n<\/tr>\n<tr style=\"height: 20.00pt;\">\n<td class=\"et5\" style=\"height: 20px; width: 159.05pt;\" width=\"265\" height=\"33\">Tiempo de carga<\/td>\n<td class=\"et5\" style=\"width: 273.4pt; height: 20px;\" width=\"455\">8 horas<\/td>\n<\/tr>\n<tr style=\"height: 20.00pt;\">\n<td class=\"et5\" style=\"height: 20px; width: 159.05pt;\" width=\"265\" height=\"33\">Neum\u00e1tico delantero\/trasero Tt<\/td>\n<td class=\"et5\" style=\"width: 273.4pt; height: 20px;\" width=\"455\">3.75-12 ruedas delanteras 4.00-12 ruedas traseras<\/td>\n<\/tr>\n<tr style=\"height: 20.00pt;\">\n<td class=\"et5\" style=\"height: 20px; width: 159.05pt;\" width=\"265\" height=\"33\">Elecci\u00f3n de color<\/td>\n<td class=\"et5\" style=\"width: 273.4pt; height: 20px;\" width=\"455\">Personalizado<\/td>\n<\/tr>\n<tr style=\"height: 20.00pt;\">\n<td class=\"et5\" style=\"height: 20px; width: 159.05pt;\" width=\"265\" height=\"33\">Origen<\/td>\n<td class=\"et5\" style=\"width: 273.4pt; height: 20px;\" width=\"455\">China<\/td>\n<\/tr>\n<tr style=\"height: 20.00pt;\">\n<td class=\"et5\" style=\"height: 20px; width: 159.05pt;\" width=\"265\" height=\"33\">Rango por carga\/km<\/td>\n<td class=\"et5\" style=\"width: 273.4pt; height: 20px;\" width=\"455\">40 kil\u00f3metros<\/td>\n<\/tr>\n<tr style=\"height: 20.00pt;\">\n<td class=\"et5\" style=\"height: 20px; width: 159.05pt;\" width=\"265\" height=\"33\">Velocidad m\u00e1xima Km\/H<\/td>\n<td class=\"et5\" style=\"width: 273.4pt; height: 20px;\" width=\"455\">30-40 km\/h<\/td>\n<\/tr>\n<tr style=\"height: 20.00pt;\">\n<td class=\"et5\" style=\"height: 20px; width: 159.05pt;\" width=\"265\" height=\"33\">Capacidad de escalada<\/td>\n<td class=\"et5\" style=\"width: 273.4pt; height: 20px;\" width=\"455\">\u2264 30 \u00b0<\/td>\n<\/tr>\n<\/tbody>\n<\/table>\n<div class=\"kche-wrap-width\">\n<div class=\"kche-t154\">\n<div class=\"kche-t154-contant\">\n<div class=\"kche-t154-list\">\n<div class=\"kche-t154-item\">\n<div class=\"kche-t154-img\">\n<h3 class=\"header-vfC6AV auto-hide-last-sibling-br\">Introducci\u00f3n del producto<\/h3>\n<div class=\"auto-hide-last-sibling-br paragraph-JOTKXA paragraph-element br-paragraph-space\">Alimentado por un motor de alto par de 60V1000W y emparejado con bater\u00edas de gran capacidad 60V58AH-72AH, este trike de carga de cama plana ofrece un rendimiento excepcional: una velocidad m\u00e1xima de 35-40 km \/ h, un rango de carga \u00fanica de 60-80 km y una notable capacidad de carga que supera a los triciclos de carga est\u00e1ndar. El tiempo de carga de 7-9 horas garantiza que est\u00e9 listo para d\u00edas de trabajo prolongados, mientras que su marco de acero reforzado, neum\u00e1ticos pesados de 3.75-12 y dise\u00f1o de doble eje trasero garantizan estabilidad incluso cuando est\u00e1n completamente cargados. Ya sea navegando por las bulliciosas calles de la ciudad o por carreteras rurales \u00e1speras, Cargo Tricycle Slab destaca como un caballo de trabajo fiable, que combina potencia, durabilidad y versatilidad para satisfacer las demandas del transporte de cargas pesadas.<\/div>\n<div><img fetchpriority=\"high\" decoding=\"async\" class=\"size-medium wp-image-3394 aligncenter\" src=\"https:\/\/www.tairuiauto.com\/wp-content\/uploads\/2025\/08\/2-2-300x300.jpg\" alt=\"\" width=\"300\" height=\"300\" srcset=\"\" sizes=\"(max-width: 300px) 100vw, 300px\" data-srcset=\"\" \/><\/div>\n<h3 class=\"header-vfC6AV auto-hide-last-sibling-br\">Puntos clave de venta<\/h3>\n<ol class=\"auto-hide-last-sibling-br\">\n<li>\n<div class=\"auto-hide-last-sibling-br paragraph-JOTKXA paragraph-element br-paragraph-space\"><strong>Cama plana reforzada para cargas pesadas y voluminosas<\/strong><br class=\"container-utlnW2 wrapper-d0Cc1k undefined\" \/>Cargo Tricycle Slab sobresale en el manejo de art\u00edculos de gran tama\u00f1o, gracias a su dise\u00f1o abierto y reforzado de cama plana, mucho m\u00e1s pr\u00e1ctico que las cajas de carga cerradas para productos como tuber\u00edas de acero, tablas de madera o electrodom\u00e9sticos grandes. La robusta estructura de esta camioneta de carga plana soporta cargas m\u00e1s pesadas sin comprometer el equilibrio, lo que lo hace ideal para sitios de construcci\u00f3n o servicios de entrega de muebles. A diferencia de los trikes tradicionales, Cargo Tricycle Slab elimina la molestia de montar art\u00edculos de forma irregular, asegurando un transporte eficiente y de un solo viaje que ahorra tiempo y esfuerzo.<\/div>\n<\/li>\n<li>\n<div class=\"auto-hide-last-sibling-br paragraph-JOTKXA paragraph-element br-paragraph-space\"><strong>Motor de alto par para un rendimiento potente<\/strong><br class=\"container-utlnW2 wrapper-d0Cc1k undefined\" \/>Equipado con un motor de alto par de 60V1000W, Cargo Tricycle Slab ofrece la resistencia necesaria para enfrentar pendientes empinadas (hasta un 18% de gradabilidad) y acelerar sin problemas incluso con cargas completas. Este trik el\u00e9ctrico de carga mantiene una velocidad constante tanto en carreteras planas como en pendientes, garantizando entregas puntuales independientemente del terreno. Ya sea transportando materiales de construcci\u00f3n cuesta arriba o navegando por rutas urbanas concurridas, el motor de Cargo Tricycle Slab proporciona una potencia fiable, superando los modelos m\u00e1s d\u00e9biles que luchan con cargas pesadas.<\/div>\n<\/li>\n<li>\n<div class=\"auto-hide-last-sibling-br paragraph-JOTKXA paragraph-element br-paragraph-space\"><strong>Alcance extendido para operaciones de todo el d\u00eda<\/strong><br class=\"container-utlnW2 wrapper-d0Cc1k undefined\" \/>Las bater\u00edas 60V58AH-72AH de Cargo Tricycle Slab ofrecen un impresionante alcance de 60-80 km con una sola carga, m\u00e1s que suficiente para un d\u00eda completo de entregas o carreras log\u00edsticas. Con un tiempo de carga de 7-9 horas, los usuarios pueden recargarse durante la noche, asegurando que la entrega de las tres ruedas est\u00e1 lista cada ma\u00f1ana. Esta gama extendida reduce el tiempo de inactividad a partir de la carga a mediad\u00eda, lo que hace que Cargo Tricycle Slab sea la mejor opci\u00f3n para las empresas que dependen de operaciones diarias continuas.<\/div>\n<\/li>\n<li>\n<div class=\"auto-hide-last-sibling-br paragraph-JOTKXA paragraph-element br-paragraph-space\"><strong>Construcci\u00f3n duradera para fiabilidad a largo plazo<\/strong><br class=\"container-utlnW2 wrapper-d0Cc1k undefined\" \/>Fabricado con un marco de acero reforzado, neum\u00e1ticos pesados 3.75-12 y un eje trasero doble, Cargo Tricycle Slab est\u00e1 construido para soportar el desgaste diario. Los neum\u00e1ticos resisten a las perforaciones en carreteras \u00e1speras, mientras que el marco absorbe golpes de superficies desiguales, protegiendo tanto el veh\u00edculo como su carga. Esta durabilidad minimiza las necesidades de mantenimiento y extiende la vida \u00fatil del veh\u00edculo, lo que hace de Cargo Tricycle Slab una inversi\u00f3n rentable para el uso a largo plazo.<\/div>\n<\/li>\n<\/ol>\n<h3 class=\"header-vfC6AV auto-hide-last-sibling-br\">Ventajas diferenciales<\/h3>\n<ol class=\"auto-hide-last-sibling-br\">\n<li>\n<div class=\"auto-hide-last-sibling-br paragraph-JOTKXA paragraph-element br-paragraph-space\"><strong>Especializado para cargas sobredimensionadas<\/strong><br class=\"container-utlnW2 wrapper-d0Cc1k undefined\" \/>A diferencia de los triciclos de carga est\u00e1ndar con cajas cerradas, Cargo Tricycle Slab est\u00e1 dise\u00f1ado para objetos de gran tama\u00f1o y de forma irregular, un nicho que domina. Su dise\u00f1o de cama plana elimina las restricciones de tama\u00f1o, lo que hace que este trike de carga de cama plana sea la opci\u00f3n preferida para industrias como la construcci\u00f3n, los muebles y la agricultura, donde los veh\u00edculos tradicionales son cortos.<\/div>\n<\/li>\n<li>\n<div class=\"auto-hide-last-sibling-br paragraph-JOTKXA paragraph-element br-paragraph-space\"><strong>Capacidad de carga superior y estabilidad<\/strong><br class=\"container-utlnW2 wrapper-d0Cc1k undefined\" \/>El eje trasero doble y el bastidor reforzado de Cargo Tricycle Slab soportan cargas m\u00e1s pesadas que la mayor\u00eda de los camiones de carga el\u00e9ctricos, mientras que su amplio distancia entre ejes y los neum\u00e1ticos pesados garantizan la estabilidad incluso cuando est\u00e1n completamente cargados. Esta combinaci\u00f3n de resistencia y equilibrio reduce el riesgo de inclinaci\u00f3n, una ventaja cr\u00edtica para el transporte de mercanc\u00edas pesadas sobre terreno desigual.<\/div>\n<\/li>\n<li>\n<div class=\"auto-hide-last-sibling-br paragraph-JOTKXA paragraph-element br-paragraph-space\"><strong>Adaptabilidad a condiciones extremas<\/strong><br class=\"container-utlnW2 wrapper-d0Cc1k undefined\" \/>Con un 18% de gradabilidad y neum\u00e1ticos resistentes a las perforaciones, Cargo Tricycle Slab funciona de manera fiable en entornos desafiantes, desde senderos rurales fangosos hasta colinas urbanas empinadas. Esta adaptabilidad lo hace m\u00e1s vers\u00e1til que los trikes dise\u00f1ados \u00fanicamente para caminos urbanos suaves, atendiendo a las necesidades log\u00edsticas urbanas y rurales.<\/div>\n<\/li>\n<li>\n<div class=\"auto-hide-last-sibling-br paragraph-JOTKXA paragraph-element br-paragraph-space\"><strong>Efectivo en funci\u00f3n de los costos para uso pesado<\/strong><br class=\"container-utlnW2 wrapper-d0Cc1k undefined\" \/>Si bien la inversi\u00f3n inicial puede ser mayor que los modelos b\u00e1sicos, la durabilidad y la eficiencia de Cargo Tricycle Slab reducen los costos a largo plazo. Sus necesidades de mantenimiento reducidas, la duraci\u00f3n prolongada de la bater\u00eda y la capacidad de manejar m\u00e1s carga por viaje significan menos reemplazos y una mayor productividad, lo que hace que este veh\u00edculo de entrega de tres ruedas sea una opci\u00f3n financiera m\u00e1s inteligente para las empresas con grandes demandas de transporte.<\/div>\n<\/li>\n<\/ol>\n<h3 class=\"header-vfC6AV auto-hide-last-sibling-br\">Preguntas frecuentes<\/h3>\n<div class=\"auto-hide-last-sibling-br paragraph-JOTKXA paragraph-element br-paragraph-space\"><strong>Q1: \u00bfCu\u00e1l es la capacidad de carga m\u00e1xima de la l\u00e1mina de triciclo de carga?<\/strong><br class=\"container-utlnW2 wrapper-d0Cc1k undefined\" \/>R: Cargo Tricycle Slab est\u00e1 dise\u00f1ado para manejar cargas pesadas, con una capacidad m\u00e1xima de aproximadamente 500-600kg, dependiendo de las condiciones de la carretera y la distribuci\u00f3n del peso. Para la seguridad y el rendimiento \u00f3ptimo, se recomienda distribuir el peso uniformemente a trav\u00e9s de la cama plana y evitar exceder este l\u00edmite, ya que la sobrecarga puede agotar el motor, la bater\u00eda y el marco.<\/div>\n<h3 class=\"header-vfC6AV auto-hide-last-sibling-br\"><\/h3>\n<div class=\"auto-hide-last-sibling-br paragraph-JOTKXA paragraph-element br-paragraph-space\"><strong>Q2: \u00bfC\u00f3mo afecta el dise\u00f1o de la cama plana a la seguridad de la carga?<\/strong><br class=\"container-utlnW2 wrapper-d0Cc1k undefined\" \/>R: Mientras que la cama plana abierta de Cargo Tricycle Slab ofrece flexibilidad para art\u00edculos grandes, los usuarios pueden asegurar la carga usando cuerdas, correas o redes de carga (a menudo vendidas como accesorios). La cama plana cuenta con puntos de anclaje incorporados para fijar estas herramientas de seguridad, asegurando que los art\u00edculos permanezcan estables durante el transporte. Para mercanc\u00edas particularmente fr\u00e1giles, la adici\u00f3n de una estera antideslizante puede prevenir a\u00fan m\u00e1s el desplazamiento, haciendo que el trike de carga de cama plana sea seguro para la mayor\u00eda de los tipos de carga.<\/div>\n<h3 class=\"header-vfC6AV auto-hide-last-sibling-br\"><\/h3>\n<div class=\"auto-hide-last-sibling-br paragraph-JOTKXA paragraph-element br-paragraph-space\"><strong>Q3: \u00bfQu\u00e9 mantenimiento se requiere para el motor de alto par?<\/strong><br class=\"container-utlnW2 wrapper-d0Cc1k undefined\" \/>R: El motor 60V1000W en Cargo Tricycle Slab requiere controles regulares para garantizar la longevidad. Cada 3-6 meses, inspeccione las conexiones el\u00e9ctricas para detectar corrosi\u00f3n o afloja, y mantenga la carcasa del motor limpia para evitar la acumulaci\u00f3n de polvo. Evite el funcionamiento prolongado a la velocidad m\u00e1xima cuando est\u00e9 completamente cargado, ya que esto puede sobrecalentar el motor. Si se producen ruidos inusuales o potencia reducida, consulte a un t\u00e9cnico profesional para evitar m\u00e1s da\u00f1os.<\/div>\n<h3 class=\"header-vfC6AV auto-hide-last-sibling-br\"><\/h3>\n<div class=\"auto-hide-last-sibling-br paragraph-JOTKXA paragraph-element br-paragraph-space\"><strong>Q4: \u00bfSe puede reemplazar la bater\u00eda con una opci\u00f3n de mayor capacidad?<\/strong><br class=\"container-utlnW2 wrapper-d0Cc1k undefined\" \/>R: S\u00ed, la bater\u00eda de Cargo Tricycle Slab es reemplazable, y los usuarios pueden actualizar a bater\u00edas de mayor capacidad (dentro del rango de 60V) para un rango extendido. Sin embargo, es importante usar bater\u00edas recomendadas por el fabricante para garantizar la compatibilidad con el motor y el sistema de carga. La actualizaci\u00f3n a una bater\u00eda de 72 AH, por ejemplo, puede aumentar el rango en un 10-15%, pero puede extender ligeramente el tiempo de carga. Consulte siempre el manual del usuario o un distribuidor certificado antes de realizar modificaciones.<\/div>\n<\/div>\n<\/div>\n<\/div>\n<\/div>\n<\/div>\n<\/div>","protected":false},"excerpt":{"rendered":"<p>Cargo Tricycle Slab es un robusto veh\u00edculo el\u00e9ctrico de tres ruedas dise\u00f1ado espec\u00edficamente para el transporte de carga pesada, lo que lo convierte en un trik el\u00e9ctrico de carga indispensable para la log\u00edstica urbana, la entrega de materiales de construcci\u00f3n y el transporte de productos agr\u00edcolas rurales. Su caracter\u00edstica definidora es el \u00e1rea de carga plana reforzada, espaciosa, abierta y construida para acomodar art\u00edculos voluminosos como muebles, materiales de construcci\u00f3n o grandes cajas agr\u00edcolas, eliminando las restricciones de las cajas de carga cerradas.<\/p>","protected":false},"featured_media":3393,"comment_status":"open","ping_status":"closed","template":"","meta":[],"product_brand":[],"product_cat":[78],"product_tag":[],"class_list":{"0":"post-3392","1":"product","2":"type-product","3":"status-publish","4":"has-post-thumbnail","6":"product_cat-electric-tricycle","8":"first","9":"instock","10":"shipping-taxable","11":"purchasable","12":"product-type-simple"},"_links":{"self":[{"href":"https:\/\/www.tairuiauto.com\/es\/wp-json\/wp\/v2\/product\/3392","targetHints":{"allow":["GET"]}}],"collection":[{"href":"https:\/\/www.tairuiauto.com\/es\/wp-json\/wp\/v2\/product"}],"about":[{"href":"https:\/\/www.tairuiauto.com\/es\/wp-json\/wp\/v2\/types\/product"}],"replies":[{"embeddable":true,"href":"https:\/\/www.tairuiauto.com\/es\/wp-json\/wp\/v2\/comments?post=3392"}],"wp:featuredmedia":[{"embeddable":true,"href":"https:\/\/www.tairuiauto.com\/es\/wp-json\/wp\/v2\/media\/3393"}],"wp:attachment":[{"href":"https:\/\/www.tairuiauto.com\/es\/wp-json\/wp\/v2\/media?parent=3392"}],"wp:term":[{"taxonomy":"product_brand","embeddable":true,"href":"https:\/\/www.tairuiauto.com\/es\/wp-json\/wp\/v2\/product_brand?post=3392"},{"taxonomy":"product_cat","embeddable":true,"href":"https:\/\/www.tairuiauto.com\/es\/wp-json\/wp\/v2\/product_cat?post=3392"},{"taxonomy":"product_tag","embeddable":true,"href":"https:\/\/www.tairuiauto.com\/es\/wp-json\/wp\/v2\/product_tag?post=3392"}],"curies":[{"name":"WP","href":"https:\/\/api.w.org\/{rel}","templated":true}]}}