{"id":3411,"date":"2025-08-24T10:28:17","date_gmt":"2025-08-24T02:28:17","guid":{"rendered":"https:\/\/www.tairuiauto.com\/?post_type=product&#038;p=3411"},"modified":"2025-09-12T10:54:29","modified_gmt":"2025-09-12T02:54:29","slug":"electric-tricycle-an-efficient-transportation-choice","status":"publish","type":"product","link":"https:\/\/www.tairuiauto.com\/es\/product\/electric-tricycle-an-efficient-transportation-choice\/","title":{"rendered":"Triciclo el\u00e9ctrico de granja"},"content":{"rendered":"<h1 class=\"ace-line heading-h2\" dir=\"auto\" data-node=\"true\"><span data-leaf=\"true\"><span class=\"lb\">Potente rendimiento para requisitos de carga pesada<\/span><\/span><span data-string=\"true\" data-enter=\"true\" data-leaf=\"true\">\u200b<\/span><\/h1>\n<div class=\"ace-line\" dir=\"auto\" data-node=\"true\"><span data-leaf=\"true\"><span class=\"lb\">El sistema de energ\u00eda central del triciclo el\u00e9ctrico de la granja est\u00e1 equipado con un <\/span><\/span><span data-leaf=\"true\"><span class=\"lb\">Motor de accionamiento hidr\u00e1ulico 1200W<\/span><\/span><span data-leaf=\"true\"><span class=\"lb\">y la tensi\u00f3n de funcionamiento est\u00e1ndar se establece en <\/span><\/span><span data-leaf=\"true\"><span class=\"lb\">48\/60V<\/span><\/span><span data-leaf=\"true\"><span class=\"lb\">Esta configuraci\u00f3n puede producir suficiente par para hacer frente f\u00e1cilmente a varias tareas de transporte de alta carga, ya sea de alta frecuencia <\/span><\/span><span data-leaf=\"true\"><span class=\"lb\">volumen de mercanc\u00edas<\/span><\/span><span data-leaf=\"true\"><span class=\"lb\"> en distritos de negocios urbanos o a corta distancia <\/span><\/span><span data-leaf=\"true\"><span class=\"lb\">distribuci\u00f3n de materiales<\/span><\/span><span data-leaf=\"true\"><span class=\"lb\"> en las zonas rurales, puede mantener un estado operativo estable y eficiente. En t\u00e9rminos de rendimiento de conducci\u00f3n, la velocidad m\u00e1xima de este modelo puede alcanzar <\/span><\/span><span data-leaf=\"true\"><span class=\"lb\">30\u201340 km\/h<\/span><\/span><span data-leaf=\"true\"><span class=\"lb\">que no s\u00f3lo cumplan los requisitos b\u00e1sicos de velocidad de conducci\u00f3n en las carreteras urbanas, sino que tambi\u00e9n se adaptan al entorno de tr\u00e1fico de las carreteras rurales; el <\/span><\/span><span data-leaf=\"true\"><span class=\"lb\">gama por carga<\/span><\/span><span data-leaf=\"true\"><span class=\"lb\"> est\u00e1 entre <\/span><\/span><span data-leaf=\"true\"><span class=\"lb\">50-100 km<\/span><\/span><span data-leaf=\"true\"><span class=\"lb\">y el valor espec\u00edfico fluctuar\u00e1 seg\u00fan las condiciones de la carretera de conducci\u00f3n (como carreteras lisas o carreteras de tierra abultadas) y el peso de la carga. Para los compradores a granel, este dise\u00f1o equilibrado de velocidad y alcance significa que el equipo puede reducir el tiempo de espera de carga en las operaciones diarias, mejorar la eficiencia del transporte por unidad de tiempo y es una opci\u00f3n con practicidad y valor de inversi\u00f3n.<\/span><\/span><\/div>\n<h1 class=\"ace-line\" dir=\"auto\" data-node=\"true\"><span data-string=\"true\" data-enter=\"true\" data-leaf=\"true\">Par\u00e1metro \u200b<\/span><\/h1>\n<table style=\"border-collapse: collapse; width: 93.8264%; height: 474px;\" border=\"0\" width=\"720\" cellspacing=\"0\" cellpadding=\"0\">\n<tbody>\n<tr style=\"height: 20.00pt;\">\n<td class=\"et5\" style=\"height: 20.00pt; width: 432.45pt;\" colspan=\"2\" width=\"720\" height=\"33\">Configuraci\u00f3n est\u00e1ndar<\/td>\n<\/tr>\n<tr style=\"height: 20.00pt;\">\n<td class=\"et5\" style=\"height: 20.00pt;\" height=\"33\">modelo<\/td>\n<td class=\"et7\"><a href=\"#\u76ee\u5f55!A1\">C117<\/a><\/td>\n<\/tr>\n<tr style=\"height: 20.00pt;\">\n<td class=\"et6\" style=\"height: 20.00pt; width: 159.05pt;\" width=\"265\" height=\"33\">Dimensi\u00f3n general<\/td>\n<td class=\"et6\" style=\"width: 273.40pt;\" width=\"455\">2350 * 1160 * 1670mm<\/td>\n<\/tr>\n<tr style=\"height: 20.00pt;\">\n<td class=\"et6\" style=\"height: 20.00pt; width: 159.05pt;\" width=\"265\" height=\"33\">Asientos<\/td>\n<td class=\"et6\" style=\"width: 273.40pt;\" width=\"455\">5<\/td>\n<\/tr>\n<tr style=\"height: 20.00pt;\">\n<td class=\"et6\" style=\"height: 20.00pt; width: 159.05pt;\" width=\"265\" height=\"33\">Potencia del motor hidr\u00e1ulico<\/td>\n<td class=\"et6\" style=\"width: 273.40pt;\" width=\"455\">1200W<\/td>\n<\/tr>\n<tr style=\"height: 20.00pt;\">\n<td class=\"et6\" style=\"height: 20.00pt; width: 159.05pt;\" width=\"265\" height=\"33\">Voltaje est\u00e1ndar<\/td>\n<td class=\"et6\" style=\"width: 273.40pt;\" width=\"455\">48\/60V<\/td>\n<\/tr>\n<tr style=\"height: 20.00pt;\">\n<td class=\"et6\" style=\"height: 20.00pt; width: 159.05pt;\" width=\"265\" height=\"33\">Controlador<\/td>\n<td class=\"et6\" style=\"width: 273.40pt;\" width=\"455\">36Tubo<\/td>\n<\/tr>\n<tr style=\"height: 20.00pt;\">\n<td class=\"et6\" style=\"height: 20.00pt; width: 159.05pt;\" width=\"265\" height=\"33\">Modo de frenado<\/td>\n<td class=\"et6\" style=\"width: 273.40pt;\" width=\"455\">Frente: tambor Trasera: Disco<\/td>\n<\/tr>\n<tr style=\"height: 20.00pt;\">\n<td class=\"et6\" style=\"height: 20.00pt; width: 159.05pt;\" width=\"265\" height=\"33\">Deslizamiento m\u00ednimo al suelo<\/td>\n<td class=\"et6\" style=\"width: 273.40pt;\" width=\"455\">135<\/td>\n<\/tr>\n<tr style=\"height: 20.00pt;\">\n<td class=\"et6\" style=\"height: 20.00pt; width: 159.05pt;\" width=\"265\" height=\"33\">Capacidad de producci\u00f3n<\/td>\n<td class=\"et6\" style=\"width: 273.40pt;\" width=\"455\">300.000set\/a\u00f1o<\/td>\n<\/tr>\n<tr style=\"height: 20.00pt;\">\n<td class=\"et6\" style=\"height: 20.00pt; width: 159.05pt;\" width=\"265\" height=\"33\">Tiempo de carga<\/td>\n<td class=\"et6\" style=\"width: 273.40pt;\" width=\"455\">8 horas<\/td>\n<\/tr>\n<tr style=\"height: 20.00pt;\">\n<td class=\"et6\" style=\"height: 20.00pt; width: 159.05pt;\" width=\"265\" height=\"33\">Neum\u00e1tico delantero\/trasero Tt<\/td>\n<td class=\"et6\" style=\"width: 273.40pt;\" width=\"455\">4.00-10<\/td>\n<\/tr>\n<tr style=\"height: 20.00pt;\">\n<td class=\"et6\" style=\"height: 20.00pt; width: 159.05pt;\" width=\"265\" height=\"33\">Elecci\u00f3n de color<\/td>\n<td class=\"et6\" style=\"width: 273.40pt;\" width=\"455\">Personalizado<\/td>\n<\/tr>\n<tr style=\"height: 20.00pt;\">\n<td class=\"et6\" style=\"height: 20.00pt; width: 159.05pt;\" width=\"265\" height=\"33\">Origen<\/td>\n<td class=\"et6\" style=\"width: 273.40pt;\" width=\"455\">China<\/td>\n<\/tr>\n<tr style=\"height: 20.00pt;\">\n<td class=\"et6\" style=\"height: 20.00pt; width: 159.05pt;\" width=\"265\" height=\"33\">Rango por carga\/km<\/td>\n<td class=\"et6\" style=\"width: 273.40pt;\" width=\"455\">50-100km<\/td>\n<\/tr>\n<tr style=\"height: 20.00pt;\">\n<td class=\"et6\" style=\"height: 20.00pt; width: 159.05pt;\" width=\"265\" height=\"33\">Velocidad m\u00e1xima Km\/H<\/td>\n<td class=\"et6\" style=\"width: 273.40pt;\" width=\"455\">30-40 km\/h<\/td>\n<\/tr>\n<tr style=\"height: 20.00pt;\">\n<td class=\"et6\" style=\"height: 20.00pt; width: 159.05pt;\" width=\"265\" height=\"33\">vidrio<\/td>\n<td class=\"et6\" style=\"width: 273.40pt;\" width=\"455\">Vidrio de mano<\/td>\n<\/tr>\n<\/tbody>\n<\/table>\n<h1 class=\"ace-line heading-h2\" dir=\"auto\" data-node=\"true\"><span data-leaf=\"true\"><span class=\"lb\">Dise\u00f1o estructural seguro y fiable<\/span><\/span><span data-string=\"true\" data-enter=\"true\" data-leaf=\"true\">\u200b<\/span><\/h1>\n<div class=\"ace-line\" dir=\"auto\" data-node=\"true\"><span data-leaf=\"true\"><span class=\"lb\">El rendimiento de seguridad siempre ha sido una consideraci\u00f3n primordial para los compradores al elegir equipos de transporte, y el triciclo el\u00e9ctrico de granja ha sido totalmente optimizado en esta dimensi\u00f3n. El veh\u00edculo est\u00e1 equipado con una <\/span><\/span><span data-leaf=\"true\"><span class=\"lb\">Controlador de 36 tubos<\/span><\/span><span data-leaf=\"true\"><span class=\"lb\">que puede ajustar la potencia de salida en tiempo real para garantizar la estabilidad del rendimiento durante la conducci\u00f3n y evitar los riesgos operativos causados por las fluctuaciones de potencia; el <\/span><\/span><span data-leaf=\"true\"><span class=\"lb\">sistema de frenado<\/span><\/span><span data-leaf=\"true\"><span class=\"lb\"> adopta un dise\u00f1o combinado de tambor delantero y frenos de disco traseros. Esta combinaci\u00f3n puede acortar eficazmente la distancia de frenado, proporcionando al conductor suficiente tiempo de reacci\u00f3n incluso en situaciones de emergencia y reduciendo en gran medida la probabilidad de accidentes. Adem\u00e1s, el <\/span><\/span><span data-leaf=\"true\"><span class=\"lb\">limpieza del suelo<\/span><\/span><span data-leaf=\"true\"><span class=\"lb\"> El modelo alcanza <\/span><\/span><span data-leaf=\"true\"><span class=\"lb\">135 mm<\/span><\/span><span data-leaf=\"true\"><span class=\"lb\">Este par\u00e1metro asegura que al conducir en carreteras rurales no asfaltadas o carreteras urbanas con agujeros, no es f\u00e1cil tener problemas de raspado de chasis, lo que garantiza un tr\u00e1fico sin problemas en condiciones de carretera complejas. La estructura de la carrocer\u00eda se ha sometido a un tratamiento reforzado, y puede mantener una excelente estabilidad ya sea transportando pasajeros o mercanc\u00edas, reduciendo el da\u00f1o a las mercanc\u00edas o la incomodidad del pasajero causada por el temblor del cuerpo.<\/span><\/span><span data-string=\"true\" data-enter=\"true\" data-leaf=\"true\">\u200b<\/span><\/div>\n<h1 class=\"ace-line heading-h2\" dir=\"auto\" data-node=\"true\"><span data-leaf=\"true\"><span class=\"lb\">La producci\u00f3n a gran escala garantiza un suministro estable<\/span><\/span><span data-string=\"true\" data-enter=\"true\" data-leaf=\"true\">\u200b<\/span><\/h1>\n<div class=\"ace-line\" dir=\"auto\" data-node=\"true\"><span data-leaf=\"true\"><span class=\"lb\">Para los compradores a granel, el proveedor&#8217; La capacidad de producci\u00f3n y la estabilidad del suministro afectan directamente a sus propios planes de operaci\u00f3n, lo que tambi\u00e9n es una de las principales competitividades del triciclo el\u00e9ctrico agr\u00edcola. Nuestra base de producci\u00f3n tiene la capacidad de producir <\/span><\/span><span data-leaf=\"true\"><span class=\"lb\">300.000 triciclos el\u00e9ctricos por a\u00f1o<\/span><\/span><span data-leaf=\"true\"><span class=\"lb\">Este sistema de producci\u00f3n a gran escala no solo puede satisfacer las necesidades de adquisici\u00f3n concentradas durante las temporadas pico y garantizar la entrega puntual de los pedidos, sino que tambi\u00e9n refleja el proceso de producci\u00f3n maduro y los estrictos est\u00e1ndares de control de calidad. Desde la adquisici\u00f3n de piezas hasta el montaje del veh\u00edculo, cada enlace se gestiona sistem\u00e1ticamente, lo que no solo puede garantizar la consistencia de calidad de cada veh\u00edculo que sale de la f\u00e1brica, sino tambi\u00e9n reducir los costos de producci\u00f3n a trav\u00e9s de econom\u00edas de escala. Finalmente, proporciona a los compradores a granel precios m\u00e1s competitivos del mercado y realiza la doble garant\u00eda de &#8220; optimizaci\u00f3n de costes de suministro estable&#8221;.<\/span><\/span><span data-string=\"true\" data-enter=\"true\" data-leaf=\"true\">\u200b<\/span><\/div>\n<h1 class=\"ace-line heading-h2\" dir=\"auto\" data-node=\"true\"><span data-leaf=\"true\"><span class=\"lb\">Ventajas de costes Destacan la competitividad del mercado<\/span><\/span><span data-string=\"true\" data-enter=\"true\" data-leaf=\"true\">\u200b<\/span><\/h1>\n<div class=\"ace-line\" dir=\"auto\" data-node=\"true\"><span data-leaf=\"true\"><span class=\"lb\">En t\u00e9rminos de costes operativos, el triciclo el\u00e9ctrico de granja muestra ventajas incomparables sobre los veh\u00edculos tradicionales a combustible. El <\/span><\/span><span data-leaf=\"true\"><span class=\"lb\">tiempo de carga completo<\/span><\/span><span data-leaf=\"true\"><span class=\"lb\"> Este modelo se trata de <\/span><\/span><span data-leaf=\"true\"><span class=\"lb\">8 horas<\/span><\/span><span data-leaf=\"true\"><span class=\"lb\">En comparaci\u00f3n con la operaci\u00f3n de reabastecimiento frecuente de veh\u00edculos alimentados por combustible, no solo reduce los costos de mano de obra y tiempo, sino que tambi\u00e9n logra ahorros significativos en los costos de consumo de energ\u00eda. Seg\u00fan los datos de pruebas de la industria, los costos operativos (incluyendo energ\u00eda, mantenimiento, etc.) de los triciclos el\u00e9ctricos se pueden reducir hasta en <\/span><\/span><span data-leaf=\"true\"><span class=\"lb\">60%<\/span><\/span><span data-leaf=\"true\"><span class=\"lb\"> en comparaci\u00f3n con los veh\u00edculos a combustible dentro de un ciclo de servicio de cinco a\u00f1os. Esta ventaja de coste es particularmente importante para las industrias que dependen del negocio de transporte, como <\/span><\/span><span data-leaf=\"true\"><span class=\"lb\">transferencia de productos agr\u00edcolas<\/span><\/span><span data-leaf=\"true\"><span class=\"lb\"> en el campo agr\u00edcola, <\/span><\/span><span data-leaf=\"true\"><span class=\"lb\">reposici\u00f3n de tiendas<\/span><\/span><span data-leaf=\"true\"><span class=\"lb\"> en la industria minorista, y &#8220; entrega de la \u00faltima milla&#8221; en la industria log\u00edstica. Puede ayudar directamente a las empresas a reducir los gastos operativos, aumentar los m\u00e1rgenes de beneficio generales y convertirse en una fuerza motriz clave para que se destaquen en la competencia del mercado.<\/span><\/span><span data-string=\"true\" data-enter=\"true\" data-leaf=\"true\">\u200b<\/span><\/div>\n<h1 class=\"ace-line heading-h2\" dir=\"auto\" data-node=\"true\"><span data-leaf=\"true\"><span class=\"lb\">Servicios personalizados para satisfacer diversas necesidades<\/span><\/span><span data-string=\"true\" data-enter=\"true\" data-leaf=\"true\">\u200b<\/span><\/h1>\n<div class=\"ace-line\" dir=\"auto\" data-node=\"true\"><span data-leaf=\"true\"><span class=\"lb\">Somos muy conscientes de que los escenarios de mercado atendidos por los compradores a granel son diferentes, y una sola configuraci\u00f3n de producto no puede satisfacer todas las necesidades. Por lo tanto, el triciclo el\u00e9ctrico de la granja proporciona flexibilidad <\/span><\/span><span data-leaf=\"true\"><span class=\"lb\">soluciones de personalizaci\u00f3n<\/span><\/span><span data-leaf=\"true\"><span class=\"lb\">Los compradores pueden elegir diferentes colores de carrocer\u00eda y configuraciones funcionales de acuerdo con las caracter\u00edsticas del mercado objetivo: por ejemplo, para escenarios de transporte urbano de pasajeros de corta distancia, se pueden agregar configuraciones de confort de asiento; para las necesidades de transporte de mercanc\u00edas rurales, se puede reforzar la capacidad de carga de la caja de carga; para peque\u00f1as empresas log\u00edsticas, el dise\u00f1o del espacio de almacenamiento se puede optimizar. Ya sea que sirva a operadores de taxis urbanos, agricultores rurales o empresas comerciales y comerciales peque\u00f1as y medianas, las especificaciones de producto personalizadas pueden permitir que el JIEBAO3 se adapte mejor a las necesidades del mercado local y ayude a los compradores a granel a mejorar la aceptaci\u00f3n y la rentabilidad de los productos en el mercado terminal.<\/span><\/span><span data-string=\"true\" data-enter=\"true\" data-leaf=\"true\">\u200b<\/span><\/div>\n<div class=\"ace-line heading-h2\" dir=\"auto\" data-node=\"true\"><span data-leaf=\"true\"><span class=\"lb\">Los atributos verdes se alinean con las tendencias futuras<\/span><\/span><span data-string=\"true\" data-enter=\"true\" data-leaf=\"true\">\u200b<\/span><\/div>\n<div class=\"ace-line\" dir=\"auto\" data-node=\"true\"><span data-leaf=\"true\"><span class=\"lb\">En la actualidad, los gobiernos de todo el mundo est\u00e1n promoviendo activamente la <\/span><\/span><span data-leaf=\"true\"><span class=\"lb\">transici\u00f3n energ\u00e9tica limpia<\/span><\/span><span data-leaf=\"true\"><span class=\"lb\"> y la introducci\u00f3n de una serie de pol\u00edticas para fomentar el uso de <\/span><\/span><span data-leaf=\"true\"><span class=\"lb\">veh\u00edculos de bajas emisiones<\/span><\/span><span data-leaf=\"true\"><span class=\"lb\">. Elegir comprar a granel triciclos el\u00e9ctricos de la granja no solo puede ayudar a las empresas a reducir las emisiones de carbono durante la operaci\u00f3n y practicar el concepto de <\/span><\/span><span data-leaf=\"true\"><span class=\"lb\">desarrollo verde<\/span><\/span><span data-leaf=\"true\"><span class=\"lb\"> pero tambi\u00e9n les permite adaptarse a los futuros requisitos normativos de protecci\u00f3n ambiental con antelaci\u00f3n y evitar los riesgos operacionales causados por cambios de pol\u00edticas. Con la mejora continua de las normas de protecci\u00f3n ambiental urbana y la profundizaci\u00f3n de la atenci\u00f3n a la protecci\u00f3n ecol\u00f3gica en las zonas rurales, la demanda de triciclos el\u00e9ctricos con atributos tanto pr\u00e1cticos como de protecci\u00f3n ambiental definitivamente seguir\u00e1 creciendo. El despliegue en este campo en este momento sentar\u00e1 sin duda las bases para que las empresas aprovechen las oportunidades de mercado futuras.<\/span><\/span><span data-string=\"true\" data-enter=\"true\" data-leaf=\"true\">\u200b<\/span><\/div>\n<h1 class=\"ace-line heading-h2\" dir=\"auto\" data-node=\"true\"><span data-leaf=\"true\"><span class=\"lb\">Conclusi\u00f3n<\/span><\/span><span data-string=\"true\" data-enter=\"true\" data-leaf=\"true\">\u200b<\/span><\/h1>\n<div class=\"ace-line\" dir=\"auto\" data-node=\"true\"><span data-leaf=\"true\"><span class=\"lb\">El triciclo el\u00e9ctrico de granja no es solo una herramienta de transporte simple, sino un socio confiable para los compradores a granel en el proceso de perseguir la durabilidad del equipo, la optimizaci\u00f3n de costos y la competitividad del mercado. Desde el rendimiento de potencia pr\u00e1cticamente verificado hasta la producci\u00f3n a gran escala que garantiza un suministro estable; Desde los servicios personalizados que se adaptan a diversas necesidades hasta los atributos verdes que se alinean con las tendencias futuras, cada ventaja est\u00e1 dise\u00f1ada para crear valor a largo plazo para los compradores. Para las empresas que planean ampliar sus flotas de transporte, elegir el triciclo el\u00e9ctrico agr\u00edcola significa combinar la eficiencia operativa con el concepto de desarrollo sostenible, y estos dos elementos son el n\u00facleo de la definici\u00f3n de la direcci\u00f3n de desarrollo del futuro campo del transporte de corta distancia. Ya sea para mejorar la rentabilidad de las empresas existentes o explorar nuevas \u00e1reas de mercado, el JIEBAO3 puede convertirse en un fuerte apoyo para las empresas para alcanzar sus objetivos y ayudarles a construir ventajas a largo plazo en la competencia de la industria.<\/span><\/span><\/div>","protected":false},"excerpt":{"rendered":"<p><span data-leaf=\"true\"><span class=\"lb\">En el contexto del continuo aumento de la demanda mundial de <\/span><\/span><span data-leaf=\"true\"><span class=\"lb\">veh\u00edculos de energ\u00eda limpia<\/span><\/span><span data-leaf=\"true\"><span class=\"lb\">los triciclos el\u00e9ctricos, con sus caracter\u00edsticas flexibles y pr\u00e1cticas, se han convertido gradualmente en una soluci\u00f3n convencional en los campos de <\/span><\/span><span data-leaf=\"true\"><span class=\"lb\">entrega de mercanc\u00edas<\/span><\/span><span data-leaf=\"true\"><span class=\"lb\"> y de corta distancia <\/span><\/span><span data-leaf=\"true\"><span class=\"lb\">transporte de pasajeros<\/span><\/span><span data-leaf=\"true\"><span class=\"lb\">Para <\/span><\/span><span data-leaf=\"true\"><span class=\"lb\">compradores a granel<\/span><\/span><span data-leaf=\"true\"><span class=\"lb\"> que se centran en el valor operativo a largo plazo, persiguen la estabilidad del equipo y los beneficios econ\u00f3micos, el triciclo el\u00e9ctrico JIEBAO3 que lanzamos, confiando en su posicionamiento preciso del producto y ventajas exhaustivas sobresalientes, proporciona una <\/span><\/span><span data-leaf=\"true\"><span class=\"lb\">orientado al desarrollo sostenible<\/span><\/span><span data-leaf=\"true\"><span class=\"lb\"> nueva opci\u00f3n para el moderno <\/span><\/span><span data-leaf=\"true\"><span class=\"lb\">distribuci\u00f3n log\u00edstica<\/span><\/span><span data-leaf=\"true\"><span class=\"lb\"> y escenarios de viajes diarios en comparaci\u00f3n con los tradicionales <\/span><\/span><span data-leaf=\"true\"><span class=\"lb\">Veh\u00edculos alimentados por combustible<\/span><\/span><span data-leaf=\"true\"><span class=\"lb\">.<\/span><\/span><\/p>","protected":false},"featured_media":3412,"comment_status":"open","ping_status":"closed","template":"","meta":[],"product_brand":[],"product_cat":[78],"product_tag":[],"class_list":{"0":"post-3411","1":"product","2":"type-product","3":"status-publish","4":"has-post-thumbnail","6":"product_cat-electric-tricycle","8":"first","9":"instock","10":"shipping-taxable","11":"product-type-simple"},"_links":{"self":[{"href":"https:\/\/www.tairuiauto.com\/es\/wp-json\/wp\/v2\/product\/3411","targetHints":{"allow":["GET"]}}],"collection":[{"href":"https:\/\/www.tairuiauto.com\/es\/wp-json\/wp\/v2\/product"}],"about":[{"href":"https:\/\/www.tairuiauto.com\/es\/wp-json\/wp\/v2\/types\/product"}],"replies":[{"embeddable":true,"href":"https:\/\/www.tairuiauto.com\/es\/wp-json\/wp\/v2\/comments?post=3411"}],"wp:featuredmedia":[{"embeddable":true,"href":"https:\/\/www.tairuiauto.com\/es\/wp-json\/wp\/v2\/media\/3412"}],"wp:attachment":[{"href":"https:\/\/www.tairuiauto.com\/es\/wp-json\/wp\/v2\/media?parent=3411"}],"wp:term":[{"taxonomy":"product_brand","embeddable":true,"href":"https:\/\/www.tairuiauto.com\/es\/wp-json\/wp\/v2\/product_brand?post=3411"},{"taxonomy":"product_cat","embeddable":true,"href":"https:\/\/www.tairuiauto.com\/es\/wp-json\/wp\/v2\/product_cat?post=3411"},{"taxonomy":"product_tag","embeddable":true,"href":"https:\/\/www.tairuiauto.com\/es\/wp-json\/wp\/v2\/product_tag?post=3411"}],"curies":[{"name":"WP","href":"https:\/\/api.w.org\/{rel}","templated":true}]}}