{"id":3419,"date":"2025-08-25T10:00:28","date_gmt":"2025-08-25T02:00:28","guid":{"rendered":"https:\/\/www.tairuiauto.com\/?post_type=product&#038;p=3419"},"modified":"2025-08-27T11:02:28","modified_gmt":"2025-08-27T03:02:28","slug":"jieda-electric-3-wheel-tricycle","status":"publish","type":"product","link":"https:\/\/www.tairuiauto.com\/es\/product\/jieda-electric-3-wheel-tricycle\/","title":{"rendered":"Triciclo el\u00e9ctrico de 3 ruedas"},"content":{"rendered":"<h3 class=\"header-vfC6AV auto-hide-last-sibling-br\">Introducci\u00f3n del producto<\/h3>\n<div class=\"auto-hide-last-sibling-br paragraph-JOTKXA paragraph-element br-paragraph-space\">Alimentado por un motor sin cepillo de 48V\/60V de 800W y emparejado con bater\u00edas de plomo-\u00e1cido 48V\/60V 45AH-60AH, el triciclo el\u00e9ctrico de 3 ruedas Jieda ofrece un rendimiento equilibrado: una velocidad m\u00e1xima de 30-40km\/h, un rango de carga \u00fanica de 40-60km y un tiempo de carga de 6-8 horas, perfecto para viajes diarios de corta distancia. Sus dimensiones compactas (aproximadamente 2700 x 1100 x 1400 mm) garantizan una maniobrabilidad f\u00e1cil en las calles aglomeradas, mientras que una capacidad de carga de hasta 200 kg, dividida entre el \u00e1rea de carga trasera y el almacenamiento debajo del asiento, se suma a su funcionalidad. Equipado con frenos de tambor delantero y trasero, amortiguadores de muelles y neum\u00e1ticos antideslizantes, este trike el\u00e9ctrico de utilidad prioriza la seguridad y la comodidad, solidificando su papel como una soluci\u00f3n de transporte diaria confiable.<\/div>\n<div><img fetchpriority=\"high\" decoding=\"async\" class=\"alignnone size-medium wp-image-3420\" src=\"https:\/\/www.tairuiauto.com\/wp-content\/uploads\/2025\/08\/1-7-300x300.jpg\" alt=\"JIEDA el\u00e9ctrico 3 ruedas\" width=\"300\" height=\"300\" srcset=\"\" sizes=\"(max-width: 300px) 100vw, 300px\" data-srcset=\"\" \/> <img decoding=\"async\" class=\"alignnone size-medium wp-image-3422\" src=\"https:\/\/www.tairuiauto.com\/wp-content\/uploads\/2025\/08\/3-5-300x300.jpg\" alt=\"\" width=\"300\" height=\"300\" srcset=\"\" sizes=\"(max-width: 300px) 100vw, 300px\" data-srcset=\"\" \/><img decoding=\"async\" class=\"alignnone size-medium wp-image-3421\" src=\"https:\/\/www.tairuiauto.com\/wp-content\/uploads\/2025\/08\/2-5-300x300.jpg\" alt=\"\" width=\"300\" height=\"300\" srcset=\"\" sizes=\"(max-width: 300px) 100vw, 300px\" data-srcset=\"\" \/><\/div>\n<h3><strong>\u200b Lista de par\u00e1metros<\/strong><\/h3>\n<div class=\"kche-wrap-width\">\n<div class=\"kche-t154\">\n<div class=\"kche-t154-contant\">\n<div class=\"kche-t154-list\">\n<div class=\"kche-t154-item\">\n<div class=\"kche-t154-img\">\n<div class=\"auto-hide-last-sibling-br paragraph-JOTKXA paragraph-element br-paragraph-space\">\n<table style=\"border-collapse: collapse; width: 68.7969%; height: 625px;\" border=\"0\" width=\"720\" cellspacing=\"0\" cellpadding=\"0\">\n<tbody>\n<tr style=\"height: 20.00pt;\">\n<td class=\"et4\" style=\"height: 20.00pt; width: 159.05pt;\" width=\"265\" height=\"33\">modelo<\/td>\n<td class=\"et6\" style=\"width: 273.40pt;\" width=\"455\">Triciclo el\u00e9ctrico de 3 ruedas JIEDA<\/td>\n<\/tr>\n<tr style=\"height: 20.00pt;\">\n<td class=\"et5\" style=\"height: 20.00pt; width: 159.05pt;\" width=\"265\" height=\"33\">L \u00d7 W \u00d7 H (mm)<\/td>\n<td class=\"et5\" style=\"width: 273.40pt;\" width=\"455\">2980 \u00d7 1080 \u00d7 1340<\/td>\n<\/tr>\n<tr style=\"height: 20.00pt;\">\n<td class=\"et5\" style=\"height: 20.00pt; width: 159.05pt;\" width=\"265\" height=\"33\">Tama\u00f1o de la caja de carga (mm)<\/td>\n<td class=\"et5\" style=\"width: 273.40pt;\" width=\"455\">1500 \u00d7 1000<\/td>\n<\/tr>\n<tr style=\"height: 20.00pt;\">\n<td class=\"et5\" style=\"height: 20.00pt; width: 159.05pt;\" width=\"265\" height=\"33\">Base de ruedas (mm)<\/td>\n<td class=\"et5\" style=\"width: 273.40pt;\" width=\"455\">2040<\/td>\n<\/tr>\n<tr style=\"height: 20.00pt;\">\n<td class=\"et5\" style=\"height: 20.00pt; width: 159.05pt;\" width=\"265\" height=\"33\">Pista de ruedas (mm)<\/td>\n<td class=\"et5\" style=\"width: 273.40pt;\" width=\"455\">880<\/td>\n<\/tr>\n<tr style=\"height: 20.00pt;\">\n<td class=\"et5\" style=\"height: 20.00pt; width: 159.05pt;\" width=\"265\" height=\"33\">Distancia m\u00ednima al suelo (mm)<\/td>\n<td class=\"et5\" style=\"width: 273.40pt;\" width=\"455\">\u2265 150<\/td>\n<\/tr>\n<tr style=\"height: 20.00pt;\">\n<td class=\"et5\" style=\"height: 20.00pt; width: 159.05pt;\" width=\"265\" height=\"33\">Radio m\u00ednimo de giro (m)<\/td>\n<td class=\"et5\" style=\"width: 273.40pt;\" width=\"455\">\u2264 4<\/td>\n<\/tr>\n<tr style=\"height: 20.00pt;\">\n<td class=\"et5\" style=\"height: 20.00pt; width: 159.05pt;\" width=\"265\" height=\"33\">Peso del borde (kg)<\/td>\n<td class=\"et5\" style=\"width: 273.40pt;\" width=\"455\">196<\/td>\n<\/tr>\n<tr style=\"height: 20.00pt;\">\n<td class=\"et5\" style=\"height: 20.00pt; width: 159.05pt;\" width=\"265\" height=\"33\">Velocidad m\u00e1xima (km\/h)<\/td>\n<td class=\"et5\" style=\"width: 273.40pt;\" width=\"455\">35-45<\/td>\n<\/tr>\n<tr style=\"height: 20.00pt;\">\n<td class=\"et5\" style=\"height: 20.00pt; width: 159.05pt;\" width=\"265\" height=\"33\">Capacidad de grado (%)<\/td>\n<td class=\"et5\" style=\"width: 273.40pt;\" width=\"455\">\u2264 15<\/td>\n<\/tr>\n<tr style=\"height: 20.00pt;\">\n<td class=\"et5\" style=\"height: 20.00pt; width: 159.05pt;\" width=\"265\" height=\"33\">Bater\u00eda<\/td>\n<td class=\"et5\" style=\"width: 273.40pt;\" width=\"455\">48\/60V45AH-58AH<\/td>\n<\/tr>\n<tr style=\"height: 20.00pt;\">\n<td class=\"et5\" style=\"height: 20.00pt; width: 159.05pt;\" width=\"265\" height=\"33\">Motor, controlador (w)<\/td>\n<td class=\"et5\" style=\"width: 273.40pt;\" width=\"455\">48\/60V800W im\u00e1n permanente<\/td>\n<\/tr>\n<tr style=\"height: 20.00pt;\">\n<td class=\"et5\" style=\"height: 20.00pt; width: 159.05pt;\" width=\"265\" height=\"33\">Rango por carga (km)<\/td>\n<td class=\"et5\" style=\"width: 273.40pt;\" width=\"455\">50-70<\/td>\n<\/tr>\n<tr style=\"height: 20.00pt;\">\n<td class=\"et5\" style=\"height: 20.00pt; width: 159.05pt;\" width=\"265\" height=\"33\">Tiempo de carga (h)<\/td>\n<td class=\"et5\" style=\"width: 273.40pt;\" width=\"455\">6 ~ 8 horas<\/td>\n<\/tr>\n<tr style=\"height: 20.00pt;\">\n<td class=\"et5\" style=\"height: 20.00pt; width: 159.05pt;\" width=\"265\" height=\"33\">Amortizador frontal<\/td>\n<td class=\"et5\" style=\"width: 273.40pt;\" width=\"455\">\u03c637 Muelle exterior Tambor amortiguador<\/td>\n<\/tr>\n<tr style=\"height: 20.00pt;\">\n<td class=\"et5\" style=\"height: 20.00pt; width: 159.05pt;\" width=\"265\" height=\"33\">Amortizador trasero<\/td>\n<td class=\"et5\" style=\"width: 273.40pt;\" width=\"455\">rama de hoja<\/td>\n<\/tr>\n<tr style=\"height: 20.00pt;\">\n<td class=\"et5\" style=\"height: 20.00pt; width: 159.05pt;\" width=\"265\" height=\"33\">Neum\u00e1ticos delanteros\/traseros<\/td>\n<td class=\"et5\" style=\"width: 273.40pt;\" width=\"455\">3.50-12\/3.75-12<\/td>\n<\/tr>\n<tr style=\"height: 20.00pt;\">\n<td class=\"et5\" style=\"height: 20.00pt; width: 159.05pt;\" width=\"265\" height=\"33\">Tipo de llanta<\/td>\n<td class=\"et5\" style=\"width: 273.40pt;\" width=\"455\">acero<\/td>\n<\/tr>\n<tr style=\"height: 20.00pt;\">\n<td class=\"et5\" style=\"height: 20.00pt; width: 159.05pt;\" width=\"265\" height=\"33\">Tipo de freno delantero\/trasero<\/td>\n<td class=\"et5\" style=\"width: 273.40pt;\" width=\"455\">Un arrastre tres frenos de tambor<\/td>\n<\/tr>\n<tr style=\"height: 20.00pt;\">\n<td class=\"et5\" style=\"height: 20.00pt; width: 159.05pt;\" width=\"265\" height=\"33\">Freno de estacionamiento<\/td>\n<td class=\"et5\" style=\"width: 273.40pt;\" width=\"455\">Freno de mano<\/td>\n<\/tr>\n<tr style=\"height: 20.00pt;\">\n<td class=\"et5\" style=\"height: 20.00pt; width: 159.05pt;\" width=\"265\" height=\"33\">Estructura del eje trasero<\/td>\n<td class=\"et5\" style=\"width: 273.40pt;\" width=\"455\">Eje trasero integrado<\/td>\n<\/tr>\n<\/tbody>\n<\/table>\n<\/div>\n<h3 class=\"header-vfC6AV auto-hide-last-sibling-br\">Puntos clave de venta<\/h3>\n<ol class=\"auto-hide-last-sibling-br\">\n<li>\n<div class=\"auto-hide-last-sibling-br paragraph-JOTKXA paragraph-element br-paragraph-space\"><strong>Dise\u00f1o de doble prop\u00f3sito para desplazamientos y transporte ligero<\/strong><br class=\"container-utlnW2 wrapper-d0Cc1k undefined\" \/>El triciclo el\u00e9ctrico de 3 ruedas Jieda brilla como un multitarea, pasando sin problemas de un viajero familiar a un transportador de carga ligero. Su amplio \u00e1rea de carga trasera (800 x 600 mm) maneja comestibles, paquetes peque\u00f1os o herramientas, mientras que el c\u00f3modo asiento delantero puede acomodar a 1-2 pasajeros, eliminando la necesidad de veh\u00edculos separados. Ya sea realizando tareas en la ciudad o entregando peque\u00f1os art\u00edculos para un negocio local, el Electric 3-Wheel Tricycle Jieda se demuestra como un e-trike flexible Jieda que se adapta a las demandas diarias sin compromisos.<\/div>\n<\/li>\n<li>\n<div class=\"auto-hide-last-sibling-br paragraph-JOTKXA paragraph-element br-paragraph-space\"><strong>Una experiencia de viaje suave y c\u00f3moda<\/strong><br class=\"container-utlnW2 wrapper-d0Cc1k undefined\" \/>La comodidad de conducci\u00f3n es una caracter\u00edstica destacada del triciclo el\u00e9ctrico de 3 ruedas Jieda, gracias a sus amortiguadores de muelles y asiento acolchado que amortigua golpes en carreteras desiguales. El motor sin cepillos funciona en silencio, reduciendo la contaminaci\u00f3n ac\u00fastica, ideal para \u00e1reas residenciales, mientras que el dise\u00f1o ergon\u00f3mico del manillar minimiza la fatiga del conductor durante viajes largos. A diferencia de las alternativas de conducci\u00f3n \u00e1spera, el triciclo el\u00e9ctrico de 3 ruedas Jieda garantiza que tanto el conductor como los pasajeros disfruten de un viaje sin problemas, lo que lo convierte en la mejor opci\u00f3n para aquellos que priorizan la comodidad en un veh\u00edculo el\u00e9ctrico de tres ruedas.<\/div>\n<\/li>\n<li>\n<div class=\"auto-hide-last-sibling-br paragraph-JOTKXA paragraph-element br-paragraph-space\"><strong>Rendimiento fiable de la bater\u00eda para uso diario<\/strong><br class=\"container-utlnW2 wrapper-d0Cc1k undefined\" \/>Con bater\u00edas 48V \/ 60V 45AH-60AH, el triciclo el\u00e9ctrico de 3 ruedas Jieda ofrece un rango de 40-60 km, m\u00e1s que suficiente para un d\u00eda completo de desplazamientos, tareas o entregas ligeras. El tiempo de carga de 6-8 horas encaja f\u00e1cilmente en las rutinas nocturnas, por lo que el trike el\u00e9ctrico siempre est\u00e1 listo por la ma\u00f1ana. Incluso con cargas parciales, la bater\u00eda mantiene un rendimiento constante, evitando ca\u00eddas repentinas de energ\u00eda que pueden interrumpir los planes. Para los usuarios que necesitan confiabilidad diaria, Electric 3-Wheel Tricycle Jieda entrega sin fallar.<\/div>\n<\/li>\n<li>\n<div class=\"auto-hide-last-sibling-br paragraph-JOTKXA paragraph-element br-paragraph-space\"><strong>Compacto y \u00e1gil para la navegaci\u00f3n urbana<\/strong><br class=\"container-utlnW2 wrapper-d0Cc1k undefined\" \/>El tama\u00f1o compacto del triciclo el\u00e9ctrico de 3 ruedas Jieda (2700 x 1100 x 1400 mm) y el radio de giro apretado lo convierten en un maestro de la maniobra urbana. Se desliza por callejones estrechos, se aprete en peque\u00f1os lugares de aparcamiento y navega por las calles de mercado donde los veh\u00edculos m\u00e1s grandes luchan. Esta agilidad reduce el tiempo de viaje y el estr\u00e9s, ya sea dardos entre bloques de la ciudad o tejer a trav\u00e9s de caminos rurales. Para los habitantes urbanos cansados del transporte voluminoso, Electric 3-Wheel Tricycle Jieda ofrece el equilibrio perfecto entre tama\u00f1o y funcionalidad.<\/div>\n<\/li>\n<\/ol>\n<h3 class=\"header-vfC6AV auto-hide-last-sibling-br\">Ventajas diferenciales<\/h3>\n<ol class=\"auto-hide-last-sibling-br\">\n<li>\n<div class=\"auto-hide-last-sibling-br paragraph-JOTKXA paragraph-element br-paragraph-space\"><strong>Verdadera versatilidad de doble prop\u00f3sito<\/strong><br class=\"container-utlnW2 wrapper-d0Cc1k undefined\" \/>A diferencia de los triciclos dise\u00f1ados \u00fanicamente para uso de carga o pasajeros, el triciclo el\u00e9ctrico de 3 ruedas Jieda sobresale en ambos, con un \u00e1rea de carga que no sacrifica la comodidad de los pasajeros. Esto hace que el Jieda e-trike sea ideal para los usuarios que necesitan un veh\u00edculo para m\u00faltiples funciones, como los padres que compran despu\u00e9s de las carreras escolares o los propietarios de peque\u00f1as empresas que se desplazan y entregan.<\/div>\n<\/li>\n<li>\n<div class=\"auto-hide-last-sibling-br paragraph-JOTKXA paragraph-element br-paragraph-space\"><strong>Operaci\u00f3n silenciosa para uso en el vecindario<\/strong><br class=\"container-utlnW2 wrapper-d0Cc1k undefined\" \/>Su motor sin escobillas distingue al Electric 3-Wheel Tricycle Jieda de los ruidosos y tradicionales trikes. Este rendimiento silencioso es una bendici\u00f3n para los viajes tempranos de la ma\u00f1ana o tarde de la noche, evitando perturbaciones en \u00e1reas residenciales, una caracter\u00edstica que rara vez se prioriza en otros veh\u00edculos el\u00e9ctricos de tres ruedas.<\/div>\n<\/li>\n<li>\n<div class=\"auto-hide-last-sibling-br paragraph-JOTKXA paragraph-element br-paragraph-space\"><strong>Potencia y eficiencia equilibradas<\/strong><br class=\"container-utlnW2 wrapper-d0Cc1k undefined\" \/>El motor el\u00e9ctrico de 3 ruedas de 800W de Jieda alcanza un equilibrio perfecto: suficiente potencia para manejar pendientes (\u226415% de gradabilidad) y cargas ligeras, sin un consumo excesivo de energ\u00eda que acorta el rango. Esta eficiencia supera a los modelos con potencia insuficiente que luchan con las inclinaciones y los con potencia excesiva que desperdician la bater\u00eda.<\/div>\n<\/li>\n<li>\n<div class=\"auto-hide-last-sibling-br paragraph-JOTKXA paragraph-element br-paragraph-space\"><strong>Ergonom\u00eda centrada en el usuario<\/strong><br class=\"container-utlnW2 wrapper-d0Cc1k undefined\" \/>Desde su asiento acolchado hasta sus controles de f\u00e1cil acceso y almacenamiento debajo del asiento, el triciclo el\u00e9ctrico de 3 ruedas Jieda prioriza la comodidad del usuario en cada detalle. A diferencia de los trikes utilitarios con dise\u00f1o r\u00edgido, asegura que los conductores se mantengan relajados incluso despu\u00e9s de horas de uso, lo que hace que el trike el\u00e9ctrico sea una alegr\u00eda operar diariamente.<\/div>\n<\/li>\n<\/ol>\n<h3 class=\"header-vfC6AV auto-hide-last-sibling-br\">Preguntas frecuentes<\/h3>\n<div class=\"auto-hide-last-sibling-br paragraph-JOTKXA paragraph-element br-paragraph-space\"><strong>Q1: \u00bfCu\u00e1l es el n\u00famero m\u00e1ximo de pasajeros el\u00e9ctricos de 3 ruedas Triciclo Jieda puede llevar?<\/strong><br class=\"container-utlnW2 wrapper-d0Cc1k undefined\" \/>R: El asiento principal est\u00e1 dise\u00f1ado para un conductor adulto, con un asiento secundario que puede acomodar c\u00f3modamente a un ni\u00f1o o un adulto peque\u00f1o, haciendo un total de 2 pasajeros. Por razones de seguridad, evite sobrecargar el \u00e1rea de asiento, ya que esto puede afectar el equilibrio y el rendimiento de frenado. El \u00e1rea de carga trasera es estrictamente para mercanc\u00edas, no pasajeros.<\/div>\n<h3 class=\"header-vfC6AV auto-hide-last-sibling-br\"><\/h3>\n<div class=\"auto-hide-last-sibling-br paragraph-JOTKXA paragraph-element br-paragraph-space\"><strong>Q2: \u00bfC\u00f3mo afecta la temperatura a la vida \u00fatil de la bater\u00eda del Jieda e-trike?<\/strong><br class=\"container-utlnW2 wrapper-d0Cc1k undefined\" \/>R: El rendimiento de la bater\u00eda es sensible a temperaturas extremas. En tiempos fr\u00edos (por debajo de 5\u00b0C), el rango puede disminuir en un 15-25% debido a la actividad qu\u00edmica reducida en las bater\u00edas. En tiempos calientes (por encima de 35\u00b0C), se debe evitar la sobrecarga, ya que las altas temperaturas pueden degradar las c\u00e9lulas de la bater\u00eda. Para mantener un rendimiento \u00f3ptimo, almacene el veh\u00edculo el\u00e9ctrico de tres ruedas en un \u00e1rea sombreada y con temperatura controlada cuando no est\u00e9 en uso y cargarlo en condiciones moderadas.<\/div>\n<h3 class=\"header-vfC6AV auto-hide-last-sibling-br\"><\/h3>\n<div class=\"auto-hide-last-sibling-br paragraph-JOTKXA paragraph-element br-paragraph-space\"><strong>Q3: \u00bfCon qu\u00e9 frecuencia deben mantenerse los frenos y amortiguadores?<\/strong><br class=\"container-utlnW2 wrapper-d0Cc1k undefined\" \/>R: Para frenos: Inspeccionar los frenos de tambor cada 3 meses o 500 km. Limpia las almohadillas de freno del polvo y ajusta la tensi\u00f3n si el frenado se siente suelto. Reemplace las almohadillas usadas inmediatamente para garantizar la seguridad. Para amortiguadores: Compruebe si hay fugas o amortiguaci\u00f3n reducida cada 6 meses. Lubricar las partes m\u00f3viles anualmente para mantener un funcionamiento sin problemas. El mantenimiento regular garantiza que el triciclo el\u00e9ctrico de 3 ruedas Jieda se mantenga seguro y c\u00f3modo.<\/div>\n<h3 class=\"header-vfC6AV auto-hide-last-sibling-br\"><\/h3>\n<div class=\"auto-hide-last-sibling-br paragraph-JOTKXA paragraph-element br-paragraph-space\"><strong>Q4: \u00bfSe puede actualizar la bater\u00eda a una mayor capacidad?<\/strong><br class=\"container-utlnW2 wrapper-d0Cc1k undefined\" \/>R: S\u00ed, la bater\u00eda se puede actualizar a un modelo 60V 60AH (desde la base 45AH) para ampliar el rango en aproximadamente un 20-25%. Sin embargo, siempre utilice bater\u00edas aprobadas por el fabricante para garantizar la compatibilidad con el motor y el sistema de carga. La actualizaci\u00f3n puede aumentar ligeramente el tiempo de carga (en 1-2 horas), pero es una opci\u00f3n viable para los usuarios que necesitan un rango diario m\u00e1s largo. Consulte a un distribuidor certificado para la instalaci\u00f3n para evitar anular la garant\u00eda.<\/div>\n<\/div>\n<\/div>\n<\/div>\n<\/div>\n<\/div>\n<\/div>","protected":false},"excerpt":{"rendered":"<p>El triciclo el\u00e9ctrico de tres ruedas Jieda es un vers\u00e1til triciclo el\u00e9ctrico de tres ruedas dise\u00f1ado para satisfacer tanto las necesidades diarias de desplazamiento como las necesidades de carga ligera, lo que lo convierte en un triciclo el\u00e9ctrico ideal para residentes urbanos, propietarios de peque\u00f1as empresas y usuarios rurales por igual. Combinando la practicidad con un dise\u00f1o f\u00e1cil de usar, este veh\u00edculo el\u00e9ctrico de tres ruedas cuenta con una disposici\u00f3n ergon\u00f3mica de asientos, un amplio espacio de almacenamiento y un rendimiento fiable para manejar diversos escenarios, desde el transporte de miembros de la familia hasta el transporte de mercanc\u00edas peque\u00f1as como comestibles o suministros de tienda.<\/p>","protected":false},"featured_media":3420,"comment_status":"open","ping_status":"closed","template":"","meta":[],"product_brand":[],"product_cat":[78],"product_tag":[],"class_list":{"0":"post-3419","1":"product","2":"type-product","3":"status-publish","4":"has-post-thumbnail","6":"product_cat-electric-tricycle","8":"first","9":"instock","10":"shipping-taxable","11":"purchasable","12":"product-type-simple"},"_links":{"self":[{"href":"https:\/\/www.tairuiauto.com\/es\/wp-json\/wp\/v2\/product\/3419","targetHints":{"allow":["GET"]}}],"collection":[{"href":"https:\/\/www.tairuiauto.com\/es\/wp-json\/wp\/v2\/product"}],"about":[{"href":"https:\/\/www.tairuiauto.com\/es\/wp-json\/wp\/v2\/types\/product"}],"replies":[{"embeddable":true,"href":"https:\/\/www.tairuiauto.com\/es\/wp-json\/wp\/v2\/comments?post=3419"}],"wp:featuredmedia":[{"embeddable":true,"href":"https:\/\/www.tairuiauto.com\/es\/wp-json\/wp\/v2\/media\/3420"}],"wp:attachment":[{"href":"https:\/\/www.tairuiauto.com\/es\/wp-json\/wp\/v2\/media?parent=3419"}],"wp:term":[{"taxonomy":"product_brand","embeddable":true,"href":"https:\/\/www.tairuiauto.com\/es\/wp-json\/wp\/v2\/product_brand?post=3419"},{"taxonomy":"product_cat","embeddable":true,"href":"https:\/\/www.tairuiauto.com\/es\/wp-json\/wp\/v2\/product_cat?post=3419"},{"taxonomy":"product_tag","embeddable":true,"href":"https:\/\/www.tairuiauto.com\/es\/wp-json\/wp\/v2\/product_tag?post=3419"}],"curies":[{"name":"WP","href":"https:\/\/api.w.org\/{rel}","templated":true}]}}