{"id":3427,"date":"2025-08-26T10:10:55","date_gmt":"2025-08-26T02:10:55","guid":{"rendered":"https:\/\/www.tairuiauto.com\/?post_type=product&#038;p=3427"},"modified":"2025-09-12T13:35:01","modified_gmt":"2025-09-12T05:35:01","slug":"durable-three-wheel-electric-vehicle-for-cargo-and-business-use","status":"publish","type":"product","link":"https:\/\/www.tairuiauto.com\/es\/product\/durable-three-wheel-electric-vehicle-for-cargo-and-business-use\/","title":{"rendered":"Triciclo el\u00e9ctrico industrial"},"content":{"rendered":"<h1 data-start=\"670\" data-end=\"973\"><strong data-start=\"670\" data-end=\"690\">Descripci\u00f3n general<\/strong><\/h1>\n<p data-start=\"670\" data-end=\"973\">El triciclo el\u00e9ctrico industrial es un <strong data-start=\"710\" data-end=\"742\">veh\u00edculo el\u00e9ctrico de tres ruedas<\/strong> desarrollado para el transporte a granel y uso profesional. Combinando resistencia, seguridad y bajos costos de mantenimiento, este modelo est\u00e1 dise\u00f1ado para los compradores mayoristas que necesitan fiabilidad en log\u00edstica, agricultura y distribuci\u00f3n minorista.<\/p>\n<h2 data-start=\"975\" data-end=\"1263\"><strong data-start=\"975\" data-end=\"995\">Categor\u00eda de producto<\/strong><\/h2>\n<p data-start=\"975\" data-end=\"1263\">Esta serie pertenece a <strong data-start=\"1021\" data-end=\"1051\">veh\u00edculos de carga de tres ruedas<\/strong>dise\u00f1ado espec\u00edficamente para transportar cargas en lugar de pasajeros. Ofrece un excelente equilibrio entre capacidad de carga, eficiencia y seguridad operativa, lo que lo hace ideal para el transporte de carga mediana y pesada.<\/p>\n<h2 data-start=\"1265\" data-end=\"1623\"><strong data-start=\"1265\" data-end=\"1289\">Descripci\u00f3n detallada<\/strong><\/h2>\n<p data-start=\"1265\" data-end=\"1623\">El triciclo el\u00e9ctrico industrial viene con dimensiones generales de 2980 x 1080 x 1340 mm y un tama\u00f1o de cama de carga de 1500 x 1000 mm, lo que garantiza un generoso espacio para las mercanc\u00edas. Con un motor de im\u00e1n permanente de 800W alimentado por una bater\u00eda de 48\/60V 45-58AH, ofrece un rango de viaje de 50-70 km por carga. Un tiempo de carga de 6-8 horas lo hace muy pr\u00e1ctico para el uso diario.<\/p>\n<h1 data-start=\"1625\" data-end=\"1644\"><strong data-start=\"1625\" data-end=\"1642\">Principales beneficios<\/strong><\/h1>\n<ul data-start=\"1645\" data-end=\"2271\">\n<li data-start=\"1645\" data-end=\"1760\">\n<p data-start=\"1647\" data-end=\"1760\"><strong data-start=\"1647\" data-end=\"1669\">Alta resistencia a la carga<\/strong>La caja de carga de la estructura de acero y el chasis reforzado garantizan el transporte seguro de mercanc\u00edas voluminosas.<\/p>\n<\/li>\n<li data-start=\"1761\" data-end=\"1908\">\n<p data-start=\"1763\" data-end=\"1908\"><strong data-start=\"1763\" data-end=\"1781\">Conducci\u00f3n suave<\/strong>Equipado con una suspensi\u00f3n trasera de muelle de hoja y amortiguadores de tambor de muelle externo \u00d831, reduce las vibraciones en carreteras abultadas.<\/p>\n<\/li>\n<li data-start=\"1909\" data-end=\"2024\">\n<p data-start=\"1911\" data-end=\"2024\"><strong data-start=\"1911\" data-end=\"1930\">Seguridad confiable<\/strong>Cuenta con un sistema de frenado de tambor de un arrastre a tres combinado con un freno de estacionamiento accionado a mano.<\/p>\n<\/li>\n<li data-start=\"2025\" data-end=\"2151\">\n<p data-start=\"2027\" data-end=\"2151\"><strong data-start=\"2027\" data-end=\"2046\">Velocidad optimizada<\/strong>Con una velocidad m\u00e1xima de 35-45 km\/h, garantiza un funcionamiento de ahorro energ\u00e9tico sin comprometer la productividad.<\/p>\n<\/li>\n<li data-start=\"2152\" data-end=\"2271\">\n<p data-start=\"2154\" data-end=\"2271\"><strong data-start=\"2154\" data-end=\"2175\">Uso multiprop\u00f3sito<\/strong>Perfecto para granjas, log\u00edstica urbana, proyectos de construcci\u00f3n y distribuci\u00f3n minorista de \u00faltima milla.<\/p>\n<\/li>\n<\/ul>\n<h2 data-start=\"2273\" data-end=\"2303\"><strong data-start=\"2273\" data-end=\"2301\">Especificaciones t\u00e9cnicas<\/strong><\/h2>\n<table style=\"border-collapse: collapse; width: 93.6215%; height: 609px;\" border=\"0\" width=\"720\" cellspacing=\"0\" cellpadding=\"0\">\n<tbody>\n<tr style=\"height: 20.00pt;\">\n<td class=\"et5\" style=\"height: 20.00pt; width: 432.45pt;\" colspan=\"2\" width=\"720\" height=\"33\">Configuraci\u00f3n est\u00e1ndar<\/td>\n<\/tr>\n<tr style=\"height: 20.00pt;\">\n<td class=\"et5\" style=\"height: 20.00pt;\" height=\"33\">modelo<\/td>\n<td class=\"et7\"><a href=\"#\u76ee\u5f55!A1\">C107<\/a><\/td>\n<\/tr>\n<tr style=\"height: 20.00pt;\">\n<td class=\"et6\" style=\"height: 20.00pt; width: 159.05pt;\" width=\"265\" height=\"33\">L \u00d7 W \u00d7 H (mm)<\/td>\n<td class=\"et6\" style=\"width: 273.40pt;\" width=\"455\">2980 \u00d7 1080 \u00d7 1340<\/td>\n<\/tr>\n<tr style=\"height: 20.00pt;\">\n<td class=\"et6\" style=\"height: 20.00pt; width: 159.05pt;\" width=\"265\" height=\"33\">Tama\u00f1o de la caja de carga (mm)<\/td>\n<td class=\"et6\" style=\"width: 273.40pt;\" width=\"455\">1500 \u00d7 1000<\/td>\n<\/tr>\n<tr style=\"height: 20.00pt;\">\n<td class=\"et6\" style=\"height: 20.00pt; width: 159.05pt;\" width=\"265\" height=\"33\">Base de ruedas (mm)<\/td>\n<td class=\"et6\" style=\"width: 273.40pt;\" width=\"455\">2040<\/td>\n<\/tr>\n<tr style=\"height: 20.00pt;\">\n<td class=\"et6\" style=\"height: 20.00pt; width: 159.05pt;\" width=\"265\" height=\"33\">Pista de ruedas (mm)<\/td>\n<td class=\"et6\" style=\"width: 273.40pt;\" width=\"455\">880<\/td>\n<\/tr>\n<tr style=\"height: 20.00pt;\">\n<td class=\"et6\" style=\"height: 20.00pt; width: 159.05pt;\" width=\"265\" height=\"33\">Distancia m\u00ednima al suelo (mm)<\/td>\n<td class=\"et6\" style=\"width: 273.40pt;\" width=\"455\">\u2265 150<\/td>\n<\/tr>\n<tr style=\"height: 20.00pt;\">\n<td class=\"et6\" style=\"height: 20.00pt; width: 159.05pt;\" width=\"265\" height=\"33\">Radio m\u00ednimo de giro (m)<\/td>\n<td class=\"et6\" style=\"width: 273.40pt;\" width=\"455\">\u2264 4<\/td>\n<\/tr>\n<tr style=\"height: 20.00pt;\">\n<td class=\"et6\" style=\"height: 20.00pt; width: 159.05pt;\" width=\"265\" height=\"33\">Peso del borde (kg)<\/td>\n<td class=\"et6\" style=\"width: 273.40pt;\" width=\"455\">196<\/td>\n<\/tr>\n<tr style=\"height: 20.00pt;\">\n<td class=\"et6\" style=\"height: 20.00pt; width: 159.05pt;\" width=\"265\" height=\"33\">Velocidad m\u00e1xima (km\/h)<\/td>\n<td class=\"et6\" style=\"width: 273.40pt;\" width=\"455\">35-45<\/td>\n<\/tr>\n<tr style=\"height: 20.00pt;\">\n<td class=\"et6\" style=\"height: 20.00pt; width: 159.05pt;\" width=\"265\" height=\"33\">Capacidad de grado (%)<\/td>\n<td class=\"et6\" style=\"width: 273.40pt;\" width=\"455\">\u2264 15<\/td>\n<\/tr>\n<tr style=\"height: 20.00pt;\">\n<td class=\"et6\" style=\"height: 20.00pt; width: 159.05pt;\" width=\"265\" height=\"33\">Bater\u00eda<\/td>\n<td class=\"et6\" style=\"width: 273.40pt;\" width=\"455\">48\/60V45AH-58AH<\/td>\n<\/tr>\n<tr style=\"height: 20.00pt;\">\n<td class=\"et6\" style=\"height: 20.00pt; width: 159.05pt;\" width=\"265\" height=\"33\">Motor, controlador (w)<\/td>\n<td class=\"et6\" style=\"width: 273.40pt;\" width=\"455\">48\/60V800W im\u00e1n permanente<\/td>\n<\/tr>\n<tr style=\"height: 20.00pt;\">\n<td class=\"et6\" style=\"height: 20.00pt; width: 159.05pt;\" width=\"265\" height=\"33\">Rango por carga (km)<\/td>\n<td class=\"et6\" style=\"width: 273.40pt;\" width=\"455\">50-70<\/td>\n<\/tr>\n<tr style=\"height: 20.00pt;\">\n<td class=\"et6\" style=\"height: 20.00pt; width: 159.05pt;\" width=\"265\" height=\"33\">Tiempo de carga (h)<\/td>\n<td class=\"et6\" style=\"width: 273.40pt;\" width=\"455\">6 ~ 8 horas<\/td>\n<\/tr>\n<tr style=\"height: 20.00pt;\">\n<td class=\"et6\" style=\"height: 20.00pt; width: 159.05pt;\" width=\"265\" height=\"33\">Amortizador frontal<\/td>\n<td class=\"et6\" style=\"width: 273.40pt;\" width=\"455\">\u03c631 Muelle exterior Tambor amortiguador<\/td>\n<\/tr>\n<tr style=\"height: 20.00pt;\">\n<td class=\"et6\" style=\"height: 20.00pt; width: 159.05pt;\" width=\"265\" height=\"33\">Amortizador trasero<\/td>\n<td class=\"et6\" style=\"width: 273.40pt;\" width=\"455\">rama de hoja<\/td>\n<\/tr>\n<tr style=\"height: 20.00pt;\">\n<td class=\"et6\" style=\"height: 20.00pt; width: 159.05pt;\" width=\"265\" height=\"33\">Neum\u00e1ticos delanteros\/traseros<\/td>\n<td class=\"et6\" style=\"width: 273.40pt;\" width=\"455\">3.00-12\/3.50-12<\/td>\n<\/tr>\n<tr style=\"height: 20.00pt;\">\n<td class=\"et6\" style=\"height: 20.00pt; width: 159.05pt;\" width=\"265\" height=\"33\">Tipo de llanta<\/td>\n<td class=\"et6\" style=\"width: 273.40pt;\" width=\"455\">acero<\/td>\n<\/tr>\n<tr style=\"height: 20.00pt;\">\n<td class=\"et6\" style=\"height: 20.00pt; width: 159.05pt;\" width=\"265\" height=\"33\">Tipo de freno delantero\/trasero<\/td>\n<td class=\"et6\" style=\"width: 273.40pt;\" width=\"455\">Un arrastre tres frenos de tambor<\/td>\n<\/tr>\n<tr style=\"height: 20.00pt;\">\n<td class=\"et6\" style=\"height: 20.00pt; width: 159.05pt;\" width=\"265\" height=\"33\">Freno de estacionamiento<\/td>\n<td class=\"et6\" style=\"width: 273.40pt;\" width=\"455\">Freno de mano<\/td>\n<\/tr>\n<tr style=\"height: 20.00pt;\">\n<td class=\"et6\" style=\"height: 20.00pt; width: 159.05pt;\" width=\"265\" height=\"33\">Estructura del eje trasero<\/td>\n<td class=\"et6\" style=\"width: 273.40pt;\" width=\"455\">Eje trasero integrado<\/td>\n<\/tr>\n<\/tbody>\n<\/table>\n<h2 data-start=\"2711\" data-end=\"2991\"><strong data-start=\"2711\" data-end=\"2735\">Dise\u00f1o y Materiales<\/strong><\/h2>\n<p data-start=\"2711\" data-end=\"2991\">Construido con marcos de acero fuertes y llantas de acero duraderas, este <strong data-start=\"2804\" data-end=\"2837\">tres ruedas alimentadas por bater\u00eda<\/strong> proporciona una larga vida \u00fatil. El dise\u00f1o ergon\u00f3mico del asiento garantiza comodidad para los conductores, mientras que la caja de carga abierta permite una carga y descarga eficientes.<\/p>\n<h2 data-start=\"2993\" data-end=\"3075\"><strong data-start=\"2993\" data-end=\"3019\">Opciones OEM y personalizadas<\/strong><\/h2>\n<p data-start=\"2993\" data-end=\"3075\">Ofrecemos amplios servicios OEM para distribuidores:<\/p>\n<ul data-start=\"3076\" data-end=\"3256\">\n<li data-start=\"3076\" data-end=\"3106\">\n<p data-start=\"3078\" data-end=\"3106\">Tama\u00f1os de cama de carga ajustables<\/p>\n<\/li>\n<li data-start=\"3107\" data-end=\"3161\">\n<p data-start=\"3109\" data-end=\"3161\">Elecci\u00f3n del espesor del material y tratamiento superficial<\/p>\n<\/li>\n<li data-start=\"3162\" data-end=\"3209\">\n<p data-start=\"3164\" data-end=\"3209\">Opciones de bater\u00eda ampliadas para un kilometraje m\u00e1s largo<\/p>\n<\/li>\n<li data-start=\"3210\" data-end=\"3256\">\n<p data-start=\"3212\" data-end=\"3256\">Personalizaci\u00f3n de marca con logotipos de clientes<\/p>\n<\/li>\n<\/ul>\n<h2 data-start=\"3258\" data-end=\"3363\"><strong data-start=\"3258\" data-end=\"3279\">Garant\u00eda de calidad<\/strong><\/h2>\n<p data-start=\"3258\" data-end=\"3363\">Cada uno <strong data-start=\"3287\" data-end=\"3317\">veh\u00edculo comercial de 3 ruedas<\/strong> pasa por pruebas y inspecciones estrictas:<\/p>\n<ul data-start=\"3364\" data-end=\"3554\">\n<li data-start=\"3364\" data-end=\"3414\">\n<p data-start=\"3366\" data-end=\"3414\">Soldadura y pintura automatizadas para la consistencia<\/p>\n<\/li>\n<li data-start=\"3415\" data-end=\"3462\">\n<p data-start=\"3417\" data-end=\"3462\">Descarga de bater\u00eda y pruebas de resistencia del motor<\/p>\n<\/li>\n<li data-start=\"3463\" data-end=\"3513\">\n<p data-start=\"3465\" data-end=\"3513\">Pruebas de carga y frenado antes de la entrega<\/p>\n<\/li>\n<li data-start=\"3514\" data-end=\"3554\">\n<p data-start=\"3516\" data-end=\"3554\">Certificado seg\u00fan las normas CE e ISO<\/p>\n<\/li>\n<\/ul>\n<h2 data-start=\"3556\" data-end=\"3581\"><strong data-start=\"3556\" data-end=\"3579\">Apoyo posventa<\/strong><\/h2>\n<ul data-start=\"3582\" data-end=\"3888\">\n<li data-start=\"3582\" data-end=\"3649\">\n<p data-start=\"3584\" data-end=\"3649\"><strong data-start=\"3584\" data-end=\"3608\">Embalaje &amp; Env\u00edo<\/strong>Embalaje seguro para el transporte global<\/p>\n<\/li>\n<li data-start=\"3650\" data-end=\"3731\">\n<p data-start=\"3652\" data-end=\"3731\"><strong data-start=\"3652\" data-end=\"3675\">Asamblea y Formaci\u00f3n<\/strong>Gu\u00edas f\u00e1ciles de seguir con soporte de entrenamiento opcional<\/p>\n<\/li>\n<li data-start=\"3732\" data-end=\"3804\">\n<p data-start=\"3734\" data-end=\"3804\"><strong data-start=\"3734\" data-end=\"3749\">Piezas de repuesto<\/strong>Disponibilidad de piezas a largo plazo con servicio t\u00e9cnico<\/p>\n<\/li>\n<li data-start=\"3805\" data-end=\"3888\">\n<p data-start=\"3807\" data-end=\"3888\"><strong data-start=\"3807\" data-end=\"3819\">Garant\u00eda<\/strong>Cobertura de un a\u00f1o para componentes principales incluyendo motor y bater\u00eda<\/p>\n<\/li>\n<\/ul>\n<h1 data-start=\"3890\" data-end=\"3973\"><strong data-start=\"3890\" data-end=\"3906\">Aplicaciones<\/strong><\/h1>\n<p data-start=\"3890\" data-end=\"3973\">Esto <strong data-start=\"3914\" data-end=\"3948\">veh\u00edculo pesado de tres ruedas<\/strong> es ampliamente adoptado para:<\/p>\n<ul data-start=\"3974\" data-end=\"4130\">\n<li data-start=\"3974\" data-end=\"4019\">\n<p data-start=\"3976\" data-end=\"4019\">Agricultura y transporte de suministros agr\u00edcolas<\/p>\n<\/li>\n<li data-start=\"4020\" data-end=\"4054\">\n<p data-start=\"4022\" data-end=\"4054\">Entrega de materiales de construcci\u00f3n<\/p>\n<\/li>\n<li data-start=\"4055\" data-end=\"4090\">\n<p data-start=\"4057\" data-end=\"4090\">Distribuci\u00f3n minorista y de comestibles<\/p>\n<\/li>\n<li data-start=\"4091\" data-end=\"4130\">\n<p data-start=\"4093\" data-end=\"4130\">Servicios urbanos y recogida de residuos<\/p>\n<\/li>\n<\/ul>\n<h1 data-start=\"4132\" data-end=\"4258\"><strong data-start=\"4132\" data-end=\"4154\">Muestras para compradores<\/strong><\/h1>\n<p data-start=\"4132\" data-end=\"4258\">Las unidades de muestra est\u00e1n disponibles para los mayoristas para verificar el rendimiento antes de comprometerse con grandes pedidos.<\/p>","protected":false},"excerpt":{"rendered":"<p>El JIEBAO2 es un <strong data-start=\"710\" data-end=\"742\">veh\u00edculo el\u00e9ctrico de tres ruedas<\/strong> desarrollado para el transporte a granel y uso profesional. Combinando resistencia, seguridad y bajos costos de mantenimiento, este modelo est\u00e1 dise\u00f1ado para los compradores mayoristas que necesitan fiabilidad en log\u00edstica, agricultura y distribuci\u00f3n minorista.<\/p>","protected":false},"featured_media":3671,"comment_status":"open","ping_status":"closed","template":"","meta":[],"product_brand":[],"product_cat":[78],"product_tag":[],"class_list":{"0":"post-3427","1":"product","2":"type-product","3":"status-publish","4":"has-post-thumbnail","6":"product_cat-electric-tricycle","8":"first","9":"instock","10":"shipping-taxable","11":"purchasable","12":"product-type-simple"},"_links":{"self":[{"href":"https:\/\/www.tairuiauto.com\/es\/wp-json\/wp\/v2\/product\/3427","targetHints":{"allow":["GET"]}}],"collection":[{"href":"https:\/\/www.tairuiauto.com\/es\/wp-json\/wp\/v2\/product"}],"about":[{"href":"https:\/\/www.tairuiauto.com\/es\/wp-json\/wp\/v2\/types\/product"}],"replies":[{"embeddable":true,"href":"https:\/\/www.tairuiauto.com\/es\/wp-json\/wp\/v2\/comments?post=3427"}],"wp:featuredmedia":[{"embeddable":true,"href":"https:\/\/www.tairuiauto.com\/es\/wp-json\/wp\/v2\/media\/3671"}],"wp:attachment":[{"href":"https:\/\/www.tairuiauto.com\/es\/wp-json\/wp\/v2\/media?parent=3427"}],"wp:term":[{"taxonomy":"product_brand","embeddable":true,"href":"https:\/\/www.tairuiauto.com\/es\/wp-json\/wp\/v2\/product_brand?post=3427"},{"taxonomy":"product_cat","embeddable":true,"href":"https:\/\/www.tairuiauto.com\/es\/wp-json\/wp\/v2\/product_cat?post=3427"},{"taxonomy":"product_tag","embeddable":true,"href":"https:\/\/www.tairuiauto.com\/es\/wp-json\/wp\/v2\/product_tag?post=3427"}],"curies":[{"name":"WP","href":"https:\/\/api.w.org\/{rel}","templated":true}]}}