{"id":3428,"date":"2026-01-15T09:59:09","date_gmt":"2026-01-15T01:59:09","guid":{"rendered":"https:\/\/www.tairuiauto.com\/?post_type=product&#038;p=3428"},"modified":"2026-01-27T10:38:23","modified_gmt":"2026-01-27T02:38:23","slug":"cargo-electric-tricycle-1-3m","status":"publish","type":"product","link":"https:\/\/www.tairuiauto.com\/es\/product\/cargo-electric-tricycle-1-3m\/","title":{"rendered":"Veh\u00edculo de carga el\u00e9ctrico para transporte de corta distancia"},"content":{"rendered":"<h2 data-start=\"487\" data-end=\"506\">Descripci\u00f3n general del producto<\/h2>\n<div class=\"kche-wrap-width\">\n<div class=\"kche-t154\">\n<div class=\"kche-t154-contant\">\n<div class=\"kche-t154-list\">\n<div class=\"kche-t154-item\">\n<div class=\"kche-t154-img\">\n<div class=\"auto-hide-last-sibling-br paragraph-JOTKXA paragraph-element br-paragraph-space\">\n<div class=\"auto-hide-last-sibling-br paragraph-JOTKXA paragraph-element br-paragraph-space\">\n<p data-start=\"508\" data-end=\"814\">El <strong data-start=\"512\" data-end=\"567\">Veh\u00edculo de carga el\u00e9ctrico para transporte de corta distancia<\/strong> es un veh\u00edculo el\u00e9ctrico compacto dise\u00f1ado para el movimiento diario de carga en entornos urbanos y semiurbanos. Su estructura ligera, radio de giro apretado y capacidad de carga pr\u00e1ctica lo hacen ideal para operaciones de corta distancia de alta frecuencia.<\/p>\n<table style=\"border-collapse: collapse; width: 74.5993%; height: 676px;\" border=\"0\" width=\"720\" cellspacing=\"0\" cellpadding=\"0\">\n<tbody>\n<tr style=\"height: 20.00pt;\">\n<td class=\"et4\" style=\"height: 20.00pt; width: 159.05pt;\" width=\"265\" height=\"33\">modelo<\/td>\n<td class=\"et6\" style=\"width: 273.40pt;\" width=\"455\">Veh\u00edculo de carga el\u00e9ctrico para transporte de corta distancia<\/td>\n<\/tr>\n<tr style=\"height: 20.00pt;\">\n<td class=\"et5\" style=\"height: 20.00pt; width: 159.05pt;\" width=\"265\" height=\"33\">L \u00d7 W \u00d7 H (mm)<\/td>\n<td class=\"et5\" style=\"width: 273.40pt;\" width=\"455\">2980 \u00d7 1080 \u00d7 1340<\/td>\n<\/tr>\n<tr style=\"height: 20.00pt;\">\n<td class=\"et5\" style=\"height: 20.00pt; width: 159.05pt;\" width=\"265\" height=\"33\">Tama\u00f1o de la caja de carga (mm)<\/td>\n<td class=\"et5\" style=\"width: 273.40pt;\" width=\"455\">1300 \u00d7 950<\/td>\n<\/tr>\n<tr style=\"height: 20.00pt;\">\n<td class=\"et5\" style=\"height: 20.00pt; width: 159.05pt;\" width=\"265\" height=\"33\">Base de ruedas (mm)<\/td>\n<td class=\"et5\" style=\"width: 273.40pt;\" width=\"455\">2040<\/td>\n<\/tr>\n<tr style=\"height: 20.00pt;\">\n<td class=\"et5\" style=\"height: 20.00pt; width: 159.05pt;\" width=\"265\" height=\"33\">Pista de ruedas (mm)<\/td>\n<td class=\"et5\" style=\"width: 273.40pt;\" width=\"455\">880<\/td>\n<\/tr>\n<tr style=\"height: 20.00pt;\">\n<td class=\"et5\" style=\"height: 20.00pt; width: 159.05pt;\" width=\"265\" height=\"33\">Distancia m\u00ednima al suelo (mm)<\/td>\n<td class=\"et5\" style=\"width: 273.40pt;\" width=\"455\">\u2265 150<\/td>\n<\/tr>\n<tr style=\"height: 20.00pt;\">\n<td class=\"et5\" style=\"height: 20.00pt; width: 159.05pt;\" width=\"265\" height=\"33\">Radio m\u00ednimo de giro (m)<\/td>\n<td class=\"et5\" style=\"width: 273.40pt;\" width=\"455\">\u2264 4<\/td>\n<\/tr>\n<tr style=\"height: 20.00pt;\">\n<td class=\"et5\" style=\"height: 20.00pt; width: 159.05pt;\" width=\"265\" height=\"33\">Peso del borde (kg)<\/td>\n<td class=\"et5\" style=\"width: 273.40pt;\" width=\"455\">196<\/td>\n<\/tr>\n<tr style=\"height: 20.00pt;\">\n<td class=\"et5\" style=\"height: 20.00pt; width: 159.05pt;\" width=\"265\" height=\"33\">Velocidad m\u00e1xima (km\/h)<\/td>\n<td class=\"et5\" style=\"width: 273.40pt;\" width=\"455\">35-45<\/td>\n<\/tr>\n<tr style=\"height: 20.00pt;\">\n<td class=\"et5\" style=\"height: 20.00pt; width: 159.05pt;\" width=\"265\" height=\"33\">Capacidad de grado (%)<\/td>\n<td class=\"et5\" style=\"width: 273.40pt;\" width=\"455\">\u2264 15<\/td>\n<\/tr>\n<tr style=\"height: 20.00pt;\">\n<td class=\"et5\" style=\"height: 20.00pt; width: 159.05pt;\" width=\"265\" height=\"33\">Bater\u00eda<\/td>\n<td class=\"et5\" style=\"width: 273.40pt;\" width=\"455\">48\/60V45AH-58AH<\/td>\n<\/tr>\n<tr style=\"height: 20.00pt;\">\n<td class=\"et5\" style=\"height: 20.00pt; width: 159.05pt;\" width=\"265\" height=\"33\">Motor, controlador (w)<\/td>\n<td class=\"et5\" style=\"width: 273.40pt;\" width=\"455\">48\/60V 800W\/1000W im\u00e1n permanente<\/td>\n<\/tr>\n<tr style=\"height: 20.00pt;\">\n<td class=\"et5\" style=\"height: 20.00pt; width: 159.05pt;\" width=\"265\" height=\"33\">Rango por carga (km)<\/td>\n<td class=\"et5\" style=\"width: 273.40pt;\" width=\"455\">50-70<\/td>\n<\/tr>\n<tr style=\"height: 20.00pt;\">\n<td class=\"et5\" style=\"height: 20.00pt; width: 159.05pt;\" width=\"265\" height=\"33\">Tiempo de carga (h)<\/td>\n<td class=\"et5\" style=\"width: 273.40pt;\" width=\"455\">6 ~ 8 horas<\/td>\n<\/tr>\n<tr style=\"height: 20.00pt;\">\n<td class=\"et5\" style=\"height: 20.00pt; width: 159.05pt;\" width=\"265\" height=\"33\">Amortizador frontal<\/td>\n<td class=\"et5\" style=\"width: 273.40pt;\" width=\"455\">\u03c631 Muelle exterior Tambor amortiguador<\/td>\n<\/tr>\n<tr style=\"height: 20.00pt;\">\n<td class=\"et5\" style=\"height: 20.00pt; width: 159.05pt;\" width=\"265\" height=\"33\">Amortizador trasero<\/td>\n<td class=\"et5\" style=\"width: 273.40pt;\" width=\"455\">rama de hoja<\/td>\n<\/tr>\n<tr style=\"height: 20.00pt;\">\n<td class=\"et5\" style=\"height: 20.00pt; width: 159.05pt;\" width=\"265\" height=\"33\">Neum\u00e1ticos delanteros\/traseros<\/td>\n<td class=\"et5\" style=\"width: 273.40pt;\" width=\"455\">3.00-12\/3.50-12<\/td>\n<\/tr>\n<tr style=\"height: 20.00pt;\">\n<td class=\"et5\" style=\"height: 20.00pt; width: 159.05pt;\" width=\"265\" height=\"33\">Tipo de llanta<\/td>\n<td class=\"et5\" style=\"width: 273.40pt;\" width=\"455\">acero<\/td>\n<\/tr>\n<tr style=\"height: 20.00pt;\">\n<td class=\"et5\" style=\"height: 20.00pt; width: 159.05pt;\" width=\"265\" height=\"33\">Tipo de freno delantero\/trasero<\/td>\n<td class=\"et5\" style=\"width: 273.40pt;\" width=\"455\">Un arrastre tres frenos de tambor<\/td>\n<\/tr>\n<tr style=\"height: 20.00pt;\">\n<td class=\"et5\" style=\"height: 20.00pt; width: 159.05pt;\" width=\"265\" height=\"33\">Freno de estacionamiento<\/td>\n<td class=\"et5\" style=\"width: 273.40pt;\" width=\"455\">Freno de mano<\/td>\n<\/tr>\n<tr style=\"height: 20.00pt;\">\n<td class=\"et5\" style=\"height: 20.00pt; width: 159.05pt;\" width=\"265\" height=\"33\">Estructura del eje trasero<\/td>\n<td class=\"et5\" style=\"width: 273.40pt;\" width=\"455\">Eje trasero integrado<\/td>\n<\/tr>\n<\/tbody>\n<\/table>\n<hr data-start=\"816\" data-end=\"819\" \/>\n<h2 data-start=\"821\" data-end=\"843\">Descripci\u00f3n del producto<\/h2>\n<h3 data-start=\"845\" data-end=\"867\">Categor\u00eda de producto<\/h3>\n<p data-start=\"868\" data-end=\"961\">Veh\u00edculo de carga el\u00e9ctrico \/ veh\u00edculo comercial ligero el\u00e9ctrico \/ veh\u00edculo de transporte de corta distancia<\/p>\n<h3 data-start=\"963\" data-end=\"988\">Descripci\u00f3n del producto<\/h3>\n<p data-start=\"990\" data-end=\"1284\">El <strong data-start=\"994\" data-end=\"1049\">Veh\u00edculo de carga el\u00e9ctrico para transporte de corta distancia<\/strong> Se desarrolla para satisfacer las necesidades de una log\u00edstica urbana eficiente y econ\u00f3mica. Con dimensiones generales de <strong data-start=\"1153\" data-end=\"1178\">2980 \u00d7 1080 \u00d7 1340 mm<\/strong>El veh\u00edculo ofrece una excelente maniobrabilidad en calles estrechas, parques industriales y zonas residenciales.<\/p>\n<p data-start=\"1286\" data-end=\"1588\">El veh\u00edculo cuenta con una <strong data-start=\"1309\" data-end=\"1344\">tama\u00f1o de la caja de carga de 1300 \u00d7 950 mm<\/strong>proporcionando espacio suficiente para el transporte diario de mercanc\u00edas, entrega de paquetes y suministros de servicios. Una <strong data-start=\"1446\" data-end=\"1470\">distancia entre ejes de 2040 mm<\/strong> combinado con una <strong data-start=\"1487\" data-end=\"1526\">radio m\u00ednimo de giro de \u22644 metros<\/strong> garantiza un manejo \u00e1gil y una operaci\u00f3n f\u00e1cil en espacios confinados.<\/p>\n<p data-start=\"1590\" data-end=\"2054\">Alimentado por a <strong data-start=\"1603\" data-end=\"1637\">Motor de im\u00e1n permanente de 48V\/60V<\/strong> con <strong data-start=\"1643\" data-end=\"1664\">Salida de 800W-1000W<\/strong>Combinado con un controlador de coincidencia, el veh\u00edculo proporciona una potencia estable y eficiente para tareas de transporte de corta distancia. El sistema de bater\u00eda ofrece m\u00faltiples configuraciones (<strong data-start=\"1836\" data-end=\"1861\">48V o 60V, 45Ah-58Ah<\/strong>), permitiendo una <strong data-start=\"1875\" data-end=\"1915\">autonom\u00eda de conducci\u00f3n de 50-70 km por carga<\/strong>adecuado para ciclos de entrega urbanos frecuentes. El tiempo de carga es aproximadamente <strong data-start=\"1993\" data-end=\"2006\">6-8 horas<\/strong>que soporta la carga durante la noche y la reutilizaci\u00f3n diaria.<\/p>\n<p data-start=\"2056\" data-end=\"2316\">El dise\u00f1o ligero del veh\u00edculo, con una <strong data-start=\"2097\" data-end=\"2127\">peso del borde de s\u00f3lo 196 kg<\/strong>Reduce el consumo de energ\u00eda y mejora la eficiencia operativa. Una <strong data-start=\"2195\" data-end=\"2234\">distancia m\u00ednima al suelo de \u2265150 mm<\/strong> le permite manejar caminos desiguales, golpes de velocidad y terreno rural ligero con facilidad.<\/p>\n<p data-start=\"2318\" data-end=\"2618\">Para comodidad y durabilidad, la suspensi\u00f3n delantera utiliza un <strong data-start=\"2379\" data-end=\"2419\">\u03c631 amortiguador de tambor de resorte externo<\/strong>mientras que la suspensi\u00f3n trasera adopta una <strong data-start=\"2456\" data-end=\"2481\">estructura de muelle de hoja<\/strong>, asegurando soporte de carga estable. El <strong data-start=\"2517\" data-end=\"2541\">eje trasero integrado<\/strong> mejora la resistencia estructural y la fiabilidad a largo plazo bajo uso continuo.<\/p>\n<p data-start=\"2620\" data-end=\"3018\">La seguridad del frenado se garantiza mediante una <strong data-start=\"2656\" data-end=\"2692\">sistema de freno de tres tambores de un arrastre<\/strong>Combinado con una <strong data-start=\"2710\" data-end=\"2731\">freno manual<\/strong> para la seguridad del aparcamiento. El veh\u00edculo corre en <strong data-start=\"2774\" data-end=\"2814\">Neum\u00e1ticos delanteros 3.00-12 y traseros 3.50-12<\/strong>montado en <strong data-start=\"2827\" data-end=\"2841\">llantas de acero<\/strong>priorizando la durabilidad y el rendimiento de carga. Con una <strong data-start=\"2904\" data-end=\"2935\">Velocidad m\u00e1xima de 35-45 km\/h<\/strong> y una <strong data-start=\"2942\" data-end=\"2966\">gradabilidad de \u226415%<\/strong>, es bien adecuado para carreteras de la ciudad y pendientes ligeras.<\/p>\n<hr data-start=\"3020\" data-end=\"3023\" \/>\n<h2 data-start=\"3025\" data-end=\"3053\">Caracter\u00edsticas clave &amp; Ventajas<\/h2>\n<h3 data-start=\"3055\" data-end=\"3069\">Caracter\u00edsticas<\/h3>\n<ul data-start=\"3070\" data-end=\"3293\">\n<li data-start=\"3070\" data-end=\"3111\">\n<p data-start=\"3072\" data-end=\"3111\">Dise\u00f1o de veh\u00edculo de carga el\u00e9ctrico compacto<\/p>\n<\/li>\n<li data-start=\"3112\" data-end=\"3157\">\n<p data-start=\"3114\" data-end=\"3157\">Configuraciones flexibles de bater\u00eda y motor<\/p>\n<\/li>\n<li data-start=\"3158\" data-end=\"3202\">\n<p data-start=\"3160\" data-end=\"3202\">Radio de giro estrecho para operaci\u00f3n urbana<\/p>\n<\/li>\n<li data-start=\"3203\" data-end=\"3249\">\n<p data-start=\"3205\" data-end=\"3249\">Suspensi\u00f3n duradera y estructura del eje trasero<\/p>\n<\/li>\n<li data-start=\"3250\" data-end=\"3293\">\n<p data-start=\"3252\" data-end=\"3293\">Caja de carga pr\u00e1ctica para el transporte diario<\/p>\n<\/li>\n<\/ul>\n<h3 data-start=\"3295\" data-end=\"3311\">Ventajas<\/h3>\n<ul data-start=\"3312\" data-end=\"3490\">\n<li data-start=\"3312\" data-end=\"3353\">\n<p data-start=\"3314\" data-end=\"3353\">F\u00e1cil maniobra en espacios estrechos<\/p>\n<\/li>\n<li data-start=\"3354\" data-end=\"3401\">\n<p data-start=\"3356\" data-end=\"3401\">Bajo consumo de energ\u00eda y costo de mantenimiento<\/p>\n<\/li>\n<li data-start=\"3402\" data-end=\"3438\">\n<p data-start=\"3404\" data-end=\"3438\">Rendimiento de carga estable<\/p>\n<\/li>\n<li data-start=\"3439\" data-end=\"3490\">\n<p data-start=\"3441\" data-end=\"3490\">Operaci\u00f3n sencilla con m\u00ednimo entrenamiento necesario<\/p>\n<\/li>\n<\/ul>\n<h3 data-start=\"3492\" data-end=\"3512\">Beneficios del comprador<\/h3>\n<ul data-start=\"3513\" data-end=\"3713\">\n<li data-start=\"3513\" data-end=\"3553\">\n<p data-start=\"3515\" data-end=\"3553\">Reducci\u00f3n de los costos log\u00edsticos y de entrega<\/p>\n<\/li>\n<li data-start=\"3554\" data-end=\"3606\">\n<p data-start=\"3556\" data-end=\"3606\">Mejora de la eficiencia para el transporte de corta distancia<\/p>\n<\/li>\n<li data-start=\"3607\" data-end=\"3656\">\n<p data-start=\"3609\" data-end=\"3656\">Rendimiento fiable para uso comercial diario<\/p>\n<\/li>\n<li data-start=\"3657\" data-end=\"3713\">\n<p data-start=\"3659\" data-end=\"3713\">Adecuado para m\u00faltiples escenarios urbanos y semiurbanos<\/p>\n<\/li>\n<\/ul>\n<h3 data-start=\"3715\" data-end=\"3729\">Evidencia<\/h3>\n<ul data-start=\"3730\" data-end=\"3863\">\n<li data-start=\"3730\" data-end=\"3774\">\n<p data-start=\"3732\" data-end=\"3774\">Tecnolog\u00eda de motor de im\u00e1n permanente probada<\/p>\n<\/li>\n<li data-start=\"3775\" data-end=\"3816\">\n<p data-start=\"3777\" data-end=\"3816\">Suspensi\u00f3n reforzada y dise\u00f1o de eje<\/p>\n<\/li>\n<li data-start=\"3817\" data-end=\"3863\">\n<p data-start=\"3819\" data-end=\"3863\">Configuraci\u00f3n de freno mec\u00e1nico ampliamente utilizada<\/p>\n<\/li>\n<\/ul>\n<hr data-start=\"3865\" data-end=\"3868\" \/>\n<h2 data-start=\"3870\" data-end=\"3894\">Escenarios de aplicaci\u00f3n<\/h2>\n<ul data-start=\"3896\" data-end=\"4082\">\n<li data-start=\"3896\" data-end=\"3924\">\n<p data-start=\"3898\" data-end=\"3924\">Entrega urbana de \u00faltima milla<\/p>\n<\/li>\n<li data-start=\"3925\" data-end=\"3965\">\n<p data-start=\"3927\" data-end=\"3965\">Log\u00edstica de parques industriales y campus<\/p>\n<\/li>\n<li data-start=\"3966\" data-end=\"4011\">\n<p data-start=\"3968\" data-end=\"4011\">Transporte comunitario y residencial de mercanc\u00edas<\/p>\n<\/li>\n<li data-start=\"4012\" data-end=\"4042\">\n<p data-start=\"4014\" data-end=\"4042\">Distribuci\u00f3n de suministros minoristas<\/p>\n<\/li>\n<li data-start=\"4043\" data-end=\"4082\">\n<p data-start=\"4045\" data-end=\"4082\">Transporte rural de corta distancia<\/p>\n<\/li>\n<\/ul>\n<hr data-start=\"4084\" data-end=\"4087\" \/>\n<h2 data-start=\"4089\" data-end=\"4130\">Por qu\u00e9 elegir este veh\u00edculo el\u00e9ctrico<\/h2>\n<p data-start=\"4132\" data-end=\"4456\">El <strong data-start=\"4136\" data-end=\"4191\">Veh\u00edculo de carga el\u00e9ctrico para transporte de corta distancia<\/strong> Combina tama\u00f1o compacto, flexibilidad operativa y bajo costo de propiedad. Su transmisi\u00f3n el\u00e9ctrica eficiente, su capacidad de carga pr\u00e1ctica y su estructura duradera lo convierten en una soluci\u00f3n confiable para las empresas que buscan una log\u00edstica sostenible y rentable de corta distancia.<\/p>\n<hr data-start=\"4458\" data-end=\"4461\" \/>\n<h2 data-start=\"4463\" data-end=\"4492\">Embalaje &amp; Transporte<\/h2>\n<ul data-start=\"4494\" data-end=\"4649\">\n<li data-start=\"4494\" data-end=\"4537\">\n<p data-start=\"4496\" data-end=\"4537\"><strong data-start=\"4496\" data-end=\"4515\">Tipo de embalaje:<\/strong> SKD \/ CKD disponible<\/p>\n<\/li>\n<li data-start=\"4538\" data-end=\"4592\">\n<p data-start=\"4540\" data-end=\"4592\"><strong data-start=\"4540\" data-end=\"4562\">Carga del contenedor:<\/strong> Optimizado para env\u00edos a granel<\/p>\n<\/li>\n<li data-start=\"4593\" data-end=\"4649\">\n<p data-start=\"4595\" data-end=\"4649\"><strong data-start=\"4595\" data-end=\"4614\">Transporte:<\/strong> Apoyo al transporte mar\u00edtimo y terrestre<\/p>\n<\/li>\n<\/ul>\n<hr data-start=\"4651\" data-end=\"4654\" \/>\n<h2 data-start=\"4656\" data-end=\"4662\">Preguntas frecuentes<\/h2>\n<p data-start=\"4664\" data-end=\"4826\"><strong data-start=\"4664\" data-end=\"4717\">Q1: \u00bfCu\u00e1l es el rango m\u00e1ximo de conducci\u00f3n por carga?<\/strong><br data-start=\"4717\" data-end=\"4720\" \/>El veh\u00edculo ofrece una gama de <strong data-start=\"4750\" data-end=\"4762\">50-70 km<\/strong>Dependiendo de la configuraci\u00f3n de la bater\u00eda, la carga y las condiciones de la carretera.<\/p>\n<p data-start=\"4828\" data-end=\"4950\"><strong data-start=\"4828\" data-end=\"4868\">Q2: \u00bfCu\u00e1nto tiempo se tarda en cargar?<\/strong><br data-start=\"4868\" data-end=\"4871\" \/>El tiempo de carga es aproximadamente <strong data-start=\"4902\" data-end=\"4915\">6-8 horas<\/strong> utilizando equipos de carga est\u00e1ndar.<\/p>\n<p data-start=\"4952\" data-end=\"5110\"><strong data-start=\"4952\" data-end=\"5008\">Q3: \u00bfEs este veh\u00edculo adecuado para uso diario frecuente?<\/strong><br data-start=\"5008\" data-end=\"5011\" \/>- S\u00ed. - S\u00ed. Est\u00e1 dise\u00f1ado para operaciones de corta distancia de alta frecuencia con bajos requisitos de mantenimiento.<\/p>\n<p data-start=\"5112\" data-end=\"5250\"><strong data-start=\"5112\" data-end=\"5152\">Q4: \u00bfQu\u00e9 sistema de frenado utiliza?<\/strong><br data-start=\"5152\" data-end=\"5155\" \/>Utiliza una <strong data-start=\"5165\" data-end=\"5201\">sistema de freno de tres tambores de un arrastre<\/strong> con una <strong data-start=\"5209\" data-end=\"5230\">freno manual<\/strong> para la seguridad del aparcamiento.<\/p>\n<p data-start=\"5252\" data-end=\"5400\"><strong data-start=\"5252\" data-end=\"5311\">Q5: \u00bfSe pueden personalizar las configuraciones de bater\u00eda y motor?<\/strong><br data-start=\"5311\" data-end=\"5314\" \/>- S\u00ed. - S\u00ed. La tensi\u00f3n de la bater\u00eda y la potencia del motor se pueden personalizar seg\u00fan las necesidades operacionales.<\/p>\n<\/div>\n<\/div>\n<\/div>\n<\/div>\n<\/div>\n<\/div>\n<\/div>\n<\/div>","protected":false},"excerpt":{"rendered":"<p>Este veh\u00edculo de carga el\u00e9ctrico est\u00e1 dise\u00f1ado para el transporte eficiente de corta distancia y la log\u00edstica urbana. Con una estructura compacta, una caja de carga flexible y un bajo costo operativo, proporciona una soluci\u00f3n pr\u00e1ctica y ecol\u00f3gica para la entrega de la \u00faltima milla, la distribuci\u00f3n de parques y el transporte comercial ligero.<\/p>","protected":false},"featured_media":5334,"comment_status":"open","ping_status":"closed","template":"","meta":[],"product_brand":[],"product_cat":[78],"product_tag":[],"class_list":{"0":"post-3428","1":"product","2":"type-product","3":"status-publish","4":"has-post-thumbnail","6":"product_cat-electric-tricycle","8":"first","9":"instock","10":"shipping-taxable","11":"purchasable","12":"product-type-simple"},"_links":{"self":[{"href":"https:\/\/www.tairuiauto.com\/es\/wp-json\/wp\/v2\/product\/3428","targetHints":{"allow":["GET"]}}],"collection":[{"href":"https:\/\/www.tairuiauto.com\/es\/wp-json\/wp\/v2\/product"}],"about":[{"href":"https:\/\/www.tairuiauto.com\/es\/wp-json\/wp\/v2\/types\/product"}],"replies":[{"embeddable":true,"href":"https:\/\/www.tairuiauto.com\/es\/wp-json\/wp\/v2\/comments?post=3428"}],"wp:featuredmedia":[{"embeddable":true,"href":"https:\/\/www.tairuiauto.com\/es\/wp-json\/wp\/v2\/media\/5334"}],"wp:attachment":[{"href":"https:\/\/www.tairuiauto.com\/es\/wp-json\/wp\/v2\/media?parent=3428"}],"wp:term":[{"taxonomy":"product_brand","embeddable":true,"href":"https:\/\/www.tairuiauto.com\/es\/wp-json\/wp\/v2\/product_brand?post=3428"},{"taxonomy":"product_cat","embeddable":true,"href":"https:\/\/www.tairuiauto.com\/es\/wp-json\/wp\/v2\/product_cat?post=3428"},{"taxonomy":"product_tag","embeddable":true,"href":"https:\/\/www.tairuiauto.com\/es\/wp-json\/wp\/v2\/product_tag?post=3428"}],"curies":[{"name":"WP","href":"https:\/\/api.w.org\/{rel}","templated":true}]}}