{"id":3446,"date":"2025-08-27T11:11:45","date_gmt":"2025-08-27T03:11:45","guid":{"rendered":"https:\/\/www.tairuiauto.com\/?post_type=product&#038;p=3446"},"modified":"2025-11-25T08:37:17","modified_gmt":"2025-11-25T00:37:17","slug":"electric-tricycle-heavy-duty","status":"publish","type":"product","link":"https:\/\/www.tairuiauto.com\/es\/product\/electric-tricycle-heavy-duty\/","title":{"rendered":"Tricicleta el\u00e9ctrica pesada"},"content":{"rendered":"<h3><strong>\u200b Lista de par\u00e1metros<\/strong><\/h3>\n<table style=\"width: 80.2109%; height: 914px;\">\n<tbody>\n<tr>\n<td width=\"265\">modelo<\/td>\n<td width=\"455\">Weiba1<\/td>\n<\/tr>\n<tr>\n<td width=\"265\">Dimensi\u00f3n general<\/td>\n<td width=\"455\">3360X1380X1425MM<\/td>\n<\/tr>\n<tr>\n<td width=\"265\">Capacidad de carga<\/td>\n<td width=\"455\">1000kg<\/td>\n<\/tr>\n<tr>\n<td width=\"265\">Potencia del motor hidr\u00e1ulico<\/td>\n<td width=\"455\">1500W<\/td>\n<\/tr>\n<tr>\n<td width=\"265\">Voltaje est\u00e1ndar<\/td>\n<td width=\"455\">60V \/ 72V<\/td>\n<\/tr>\n<tr>\n<td width=\"265\">Controlador<\/td>\n<td width=\"455\">24 Tubo<\/td>\n<\/tr>\n<tr>\n<td width=\"265\">Modo de frenado<\/td>\n<td width=\"455\">Tambor delantero Tambor trasero<\/td>\n<\/tr>\n<tr>\n<td width=\"265\">Deslizamiento m\u00ednimo al suelo<\/td>\n<td width=\"455\">135<\/td>\n<\/tr>\n<tr>\n<td width=\"265\">Capacidad de producci\u00f3n<\/td>\n<td width=\"455\">100000set\/a\u00f1o<\/td>\n<\/tr>\n<tr>\n<td width=\"265\">Tiempo de carga<\/td>\n<td width=\"455\">8 horas<\/td>\n<\/tr>\n<tr>\n<td width=\"265\">Neum\u00e1tico delantero\/trasero Tt<\/td>\n<td width=\"455\">ruedas delanteras 4.00-12; ruedas traseras 4.50-12<\/td>\n<\/tr>\n<tr>\n<td width=\"265\">Elecci\u00f3n de color<\/td>\n<td width=\"455\">Personalizado<\/td>\n<\/tr>\n<tr>\n<td width=\"265\">Origen<\/td>\n<td width=\"455\">China<\/td>\n<\/tr>\n<tr>\n<td width=\"265\">Rango por carga\/km<\/td>\n<td width=\"455\">50-100km<\/td>\n<\/tr>\n<tr>\n<td width=\"265\">Velocidad m\u00e1xima Km\/H<\/td>\n<td width=\"455\">30-45km\/h<\/td>\n<\/tr>\n<tr>\n<td width=\"265\">Capacidad de escalada<\/td>\n<td width=\"455\">\u2264 30 \u00b0<\/td>\n<\/tr>\n<\/tbody>\n<\/table>\n<div class=\"kche-wrap-width\">\n<div class=\"kche-t154\">\n<div class=\"kche-t154-contant\">\n<div class=\"kche-t154-list\">\n<div class=\"kche-t154-item\">\n<div class=\"kche-t154-img\">\n<h3 class=\"header-vfC6AV auto-hide-last-sibling-br\">Introducci\u00f3n del producto<\/h3>\n<div class=\"auto-hide-last-sibling-br paragraph-JOTKXA paragraph-element br-paragraph-space\">\n<div class=\"auto-hide-last-sibling-br paragraph-JOTKXA paragraph-element br-paragraph-space\">\n<div class=\"auto-hide-last-sibling-br paragraph-JOTKXA paragraph-element br-paragraph-space\">Powered by a 60V\/72V 1500W-2000W high-torque brushless motor and paired with 60V\/72V 60AH-100AH deep-cycle lead-acid or litium-ion batteries, Heavy-Duty Electric Tricycle ofrece un rendimiento excepcional: una velocidad m\u00e1xima de 30-40km\/h, un rango de carga \u00fanica de 50-80km (dependiendo de la carga y el terreno), y un tiempo de carga de 8-10 horas. Su dise\u00f1o robusto incluye neum\u00e1ticos pesados 4.00-12 con llantas de acero, ejes traseros dobles para una mayor estabilidad y un sistema de freno de disco hidr\u00e1ulico para una potencia de parada fiable, incluso cuando est\u00e1 completamente cargado. Con una distancia entre ejes de 2200 mm, pista de ruedas de 1000 mm y gradabilidad de \u226420%, navega por pendientes empinadas y superficies desiguales con facilidad, solidificando su papel como caballo de trabajo para aplicaciones comerciales pesadas.<\/div>\n<div><img fetchpriority=\"high\" decoding=\"async\" class=\"alignnone size-medium wp-image-3449\" src=\"https:\/\/www.tairuiauto.com\/wp-content\/uploads\/2025\/08\/3-9-300x300.jpg\" alt=\"\" width=\"300\" height=\"300\" srcset=\"\" sizes=\"(max-width: 300px) 100vw, 300px\" data-srcset=\"\" \/><img decoding=\"async\" class=\"alignnone size-medium wp-image-3452\" src=\"https:\/\/www.tairuiauto.com\/wp-content\/uploads\/2025\/08\/6-5-300x300.jpg\" alt=\"\" width=\"300\" height=\"300\" srcset=\"\" sizes=\"(max-width: 300px) 100vw, 300px\" data-srcset=\"\" \/> <img decoding=\"async\" class=\"alignnone size-medium wp-image-3447\" src=\"https:\/\/www.tairuiauto.com\/wp-content\/uploads\/2025\/08\/1-10-300x300.jpg\" alt=\"Tricicleta el\u00e9ctrica pesada\" width=\"300\" height=\"300\" srcset=\"\" sizes=\"(max-width: 300px) 100vw, 300px\" data-srcset=\"\" \/><\/div>\n<h3 class=\"header-vfC6AV auto-hide-last-sibling-br\">Puntos clave de venta<\/h3>\n<ol class=\"auto-hide-last-sibling-br\">\n<li>\n<div class=\"auto-hide-last-sibling-br paragraph-JOTKXA paragraph-element br-paragraph-space\"><strong>Capacidad de carga l\u00edder en la industria<\/strong><br class=\"container-utlnW2 wrapper-d0Cc1k undefined\" \/>El triciclo el\u00e9ctrico de carga pesada destaca por su capacidad de carga m\u00e1xima de 800 kg, una haza\u00f1a sin igual para los triciclos de carga est\u00e1ndar. Este e-trike de carga pesada maneja f\u00e1cilmente materiales a granel como bolsas de cemento, barras de acero o cajas de productos agr\u00edcolas, reduciendo la necesidad de viajes m\u00faltiples y reduciendo el tiempo de operaci\u00f3n en hasta un 50%. Ya sea desplegado en sitios de construcci\u00f3n que mueven ladrillos o en almacenes que transfieren mercanc\u00edas, Heavy-Duty Electric Tricycle garantiza un transporte eficiente y de un solo viaje, lo que lo convierte en la mejor opci\u00f3n para las empresas que priorizan la productividad. Su cama de carga reforzada, construida con acero de alta tracci\u00f3n, garantiza adem\u00e1s la durabilidad en un uso constante y pesado.<\/div>\n<\/li>\n<li>\n<div class=\"auto-hide-last-sibling-br paragraph-JOTKXA paragraph-element br-paragraph-space\"><strong>Motor de alto par para terrenos desafiantes<\/strong><br class=\"container-utlnW2 wrapper-d0Cc1k undefined\" \/>Equipado con un motor de alto par de 1500W a 2000W, el triciclo el\u00e9ctrico de uso pesado conquista pendientes empinadas (\u226420% de gradabilidad) y terreno \u00e1spero con facilidad, cr\u00edtico para granjas rurales, zonas de construcci\u00f3n o \u00e1reas urbanas monta\u00f1osas. A diferencia de los modelos de baja potencia que luchan con cargas medias, este trike el\u00e9ctrico industrial mantiene una velocidad constante incluso cuando est\u00e1 completamente cargado, garantizando entregas puntuales independientemente del paisaje. El dise\u00f1o sin cepillo del motor minimiza la p\u00e9rdida de energ\u00eda, prolonga la vida \u00fatil de la bater\u00eda y reduce las necesidades de mantenimiento, lo que hace de Heavy-Duty Electric Tricycle un socio confiable para operaciones de alta intensidad durante todo el d\u00eda.<\/div>\n<\/li>\n<li>\n<div class=\"auto-hide-last-sibling-br paragraph-JOTKXA paragraph-element br-paragraph-space\"><strong>Durabilidad reforzada para uso a largo plazo<\/strong><br class=\"container-utlnW2 wrapper-d0Cc1k undefined\" \/>El triciclo el\u00e9ctrico de uso pesado est\u00e1 construido para soportar el desgaste extremo, con un eje trasero doble, neum\u00e1ticos de uso pesado 4.00-12 y un marco de acero resistente a la corrosi\u00f3n. Estos componentes son resistentes al da\u00f1o causado por la vibraci\u00f3n constante, los impactos pesados y la exposici\u00f3n al barro, la lluvia o el polvo, comunes en la construcci\u00f3n o en entornos agr\u00edcolas. Los frenos de disco hidr\u00e1ulicos, dise\u00f1ados para cargas pesadas, mantienen la capacidad de respuesta con el tiempo, evitando los problemas de desgaste de los frenos de tambor est\u00e1ndar. Para las empresas que buscan una soluci\u00f3n de transporte de bajo mantenimiento, Heavy-Duty Electric Tricycle ofrece una longevidad que supera a los modelos m\u00e1s ligeros en 2-3 a\u00f1os.<\/div>\n<\/li>\n<li>\n<div class=\"auto-hide-last-sibling-br paragraph-JOTKXA paragraph-element br-paragraph-space\"><strong>Dise\u00f1o centrado en la estabilidad para un transporte seguro<\/strong><br class=\"container-utlnW2 wrapper-d0Cc1k undefined\" \/>La seguridad es primordial en el transporte de cargas pesadas, y el triciclo el\u00e9ctrico pesado entrega con su distancia entre ejes de 2200 mm, pista de ruedas de 1000 mm y bajo centro de gravedad. Este dise\u00f1o minimiza los riesgos de vueltas, incluso cuando se transportan cargas distribuidas de manera desigual, esenciales para el transporte de art\u00edculos voluminosos como piezas de maquinaria. Los frenos de disco hidr\u00e1ulicos proporcionan una potencia de parada precisa, mientras que los neum\u00e1ticos antideslizantes se agarran a superficies h\u00famedas o lodosas, evitando deslizamientos. Ya sea navegando en patios industriales concurridos o en carreteras rurales resbaladizas, el triciclo el\u00e9ctrico de carga pesada garantiza que tanto el conductor como la carga permanezcan seguros, lo que lo distingue como un triciclo de carga comercial que prioriza la seguridad.<\/div>\n<\/li>\n<\/ol>\n<h3 class=\"header-vfC6AV auto-hide-last-sibling-br\">Ventajas diferenciales<\/h3>\n<ol class=\"auto-hide-last-sibling-br\">\n<li>\n<div class=\"auto-hide-last-sibling-br paragraph-JOTKXA paragraph-element br-paragraph-space\"><strong>Especializado para cargas extremamente pesadas<\/strong><br class=\"container-utlnW2 wrapper-d0Cc1k undefined\" \/>A diferencia de los triciclos multiusos que comprometen la capacidad de carga para adaptarse al uso general, el triciclo el\u00e9ctrico de carga pesada est\u00e1 dise\u00f1ado exclusivamente para cargas de 500-800 kg. Esta especializaci\u00f3n significa que cada componente, desde el motor hasta el bastidor, est\u00e1 optimizado para cargas pesadas, eliminando las ineficiencias de \"tama\u00f1o \u00fanico para todos\" de los modelos m\u00e1s ligeros. Es el \u00fanico trike el\u00e9ctrico industrial de su clase que equilibra la potencia y la durabilidad espec\u00edficamente para el levantamiento pesado industrial, de construcci\u00f3n y agr\u00edcola.<\/div>\n<\/li>\n<li>\n<div class=\"auto-hide-last-sibling-br paragraph-JOTKXA paragraph-element br-paragraph-space\"><strong>Superior adaptabilidad al terreno<\/strong><br class=\"container-utlnW2 wrapper-d0Cc1k undefined\" \/>Con una gradabilidad de \u226420% y neum\u00e1ticos pesados, el triciclo el\u00e9ctrico pesado supera a los competidores en terrenos duros. Mientras que los trikes de carga est\u00e1ndar luchan en grava o pendientes, este e-trike de carga pesada navega por sitios de construcci\u00f3n, campos agr\u00edcolas y carreteras de monta\u00f1a con igual facilidad, lo que lo hace indispensable para operaciones h\u00edbridas rurales-urbanas.<\/div>\n<\/li>\n<li>\n<div class=\"auto-hide-last-sibling-br paragraph-JOTKXA paragraph-element br-paragraph-space\"><strong>Efectivo en funci\u00f3n de los costos para operaciones de alto volumen<\/strong><br class=\"container-utlnW2 wrapper-d0Cc1k undefined\" \/>Aunque el precio es m\u00e1s alto que los modelos b\u00e1sicos, el triciclo el\u00e9ctrico pesado reduce los costos a largo plazo a trav\u00e9s de menos viajes, menos mantenimiento y una vida \u00fatil m\u00e1s larga. Su capacidad de 800 kg reduce los costos de combustible (electricidad) en un 30% en comparaci\u00f3n con hacer viajes m\u00faltiples con triciclos m\u00e1s peque\u00f1os, mientras que sus piezas duraderas minimizan los gastos de reparaci\u00f3n. Para empresas de alto volumen, es una inversi\u00f3n que se paga en 12-18 meses.<\/div>\n<\/li>\n<li>\n<div class=\"auto-hide-last-sibling-br paragraph-JOTKXA paragraph-element br-paragraph-space\"><strong>Personalizable para las necesidades del nicho<\/strong><br class=\"container-utlnW2 wrapper-d0Cc1k undefined\" \/>El triciclo el\u00e9ctrico pesado ofrece actualizaciones opcionales como rieles laterales plegables, cubiertas de carga resistentes a las intemperie o intercambios de bater\u00edas de iones de litio, adapt\u00e1ndolo a industrias espec\u00edficas. Los equipos de construcci\u00f3n podr\u00edan agregar protectores de malla de acero, mientras que los agricultores podr\u00edan optar por camas de carga amigables con los granos. Esta flexibilidad lo convierte en un \"transportista pesado a medida\", que se adapta a demandas operacionales \u00fanicas que los triciclos gen\u00e9ricos no pueden satisfacer.<\/div>\n<\/li>\n<\/ol>\n<h3 class=\"header-vfC6AV auto-hide-last-sibling-br\">Preguntas frecuentes<\/h3>\n<div class=\"auto-hide-last-sibling-br paragraph-JOTKXA paragraph-element br-paragraph-space\"><strong>Q1: \u00bfCu\u00e1l es la capacidad de carga m\u00e1xima exacta y c\u00f3mo afecta la sobrecarga al triciclo?<\/strong><br class=\"container-utlnW2 wrapper-d0Cc1k undefined\" \/>R: El triciclo el\u00e9ctrico pesado tiene una capacidad m\u00e1xima de carga segura de 800 kg. La sobrecarga (exceder este l\u00edmite) tensa el motor, la bater\u00eda y el bastidor, lo que conduce a una gama reducida, un mayor desgaste en los frenos y los neum\u00e1ticos y posibles da\u00f1os estructurales. Tambi\u00e9n plantea riesgos de seguridad como la vuelta o el fallo del freno. Para la longevidad y la seguridad, siempre distribuya las cargas uniformemente y permanezca dentro del l\u00edmite de 800 kg.<\/div>\n<p><br class=\"container-utlnW2 wrapper-d0Cc1k undefined\" \/><\/p>\n<div class=\"auto-hide-last-sibling-br paragraph-JOTKXA paragraph-element br-paragraph-space\"><strong>Q2: \u00bfC\u00f3mo se mantiene el rendimiento de la bater\u00eda bajo cargas completas?<\/strong><br class=\"container-utlnW2 wrapper-d0Cc1k undefined\" \/>R: Bajo cargas completas de 800 kg, el rango del triciclo el\u00e9ctrico pesado generalmente disminuye en un 15-20% en comparaci\u00f3n con cargas ligeras, de 50-80 km a 40-65 km. Esto es normal debido al aumento de la demanda de energ\u00eda. Para optimizar el rendimiento, evite aceleraciones repentinas, mantenga velocidades constantes y cargue despu\u00e9s de cada uso. Para uso pesado durante todo el d\u00eda, considere la actualizaci\u00f3n a una bater\u00eda de iones de litio de 100AH, que ofrece una mejor densidad de energ\u00eda y un rango ligeramente m\u00e1s alto bajo carga.<\/div>\n<p><br class=\"container-utlnW2 wrapper-d0Cc1k undefined\" \/><\/p>\n<div class=\"auto-hide-last-sibling-br paragraph-JOTKXA paragraph-element br-paragraph-space\"><strong>Q3: \u00bfQu\u00e9 mantenimiento se requiere para los frenos de disco hidr\u00e1ulicos?<\/strong><br class=\"container-utlnW2 wrapper-d0Cc1k undefined\" \/>R: Los frenos de disco hidr\u00e1ulicos en el triciclo el\u00e9ctrico pesado necesitan inspecciones bianuales. Compruebe los niveles de l\u00edquido de freno mensualmente y reemplace el l\u00edquido anualmente para prevenir la contaminaci\u00f3n. Limpia las pinzas de freno cada 3 meses para eliminar la suciedad o los desechos que pueden reducir la eficiencia. Si el frenado se siente suave o no responde, sangre las l\u00edneas de frenado para eliminar las burbujas de aire. El mantenimiento adecuado garantiza que los frenos sigan siendo eficaces incluso con cargas de 800 kg.<\/div>\n<p><br class=\"container-utlnW2 wrapper-d0Cc1k undefined\" \/><\/p>\n<div class=\"auto-hide-last-sibling-br paragraph-JOTKXA paragraph-element br-paragraph-space\"><strong>Q4: \u00bfPuede funcionar en condiciones clim\u00e1ticas extremas?<\/strong><br class=\"container-utlnW2 wrapper-d0Cc1k undefined\" \/>R: S\u00ed, el triciclo el\u00e9ctrico pesado est\u00e1 dise\u00f1ado para uso en todas las condiciones clim\u00e1ticas. Su marco resistente a la corrosi\u00f3n y los componentes el\u00e9ctricos sellados protegen contra la lluvia y la humedad, mientras que los neum\u00e1ticos antideslizantes proporcionan tracci\u00f3n en nieve ligera o barro. Sin embargo, evite aguas profundas (m\u00e1s de 15 cm) para evitar da\u00f1os al motor y almacene en un \u00e1rea cubierta durante el fr\u00edo extremo (por debajo de -10 \u00b0 C) para preservar la vida \u00fatil de la bater\u00eda. Para condiciones de hielo, considere agregar cadenas de neum\u00e1ticos para mejorar la adherencia.<\/div>\n<p><br class=\"container-utlnW2 wrapper-d0Cc1k undefined\" \/><\/p>\n<div class=\"auto-hide-last-sibling-br paragraph-JOTKXA paragraph-element br-paragraph-space\"><strong>P5: \u00bfSe requiere una licencia especial para operar este triciclo?<\/strong><br class=\"container-utlnW2 wrapper-d0Cc1k undefined\" \/>R: Los requisitos var\u00edan seg\u00fan la regi\u00f3n, pero en la mayor\u00eda de las \u00e1reas, el triciclo el\u00e9ctrico pesado se clasifica como un veh\u00edculo comercial de baja velocidad y no requiere una licencia de conducir completa, solo un registro b\u00e1sico del veh\u00edculo. Sin embargo, los operadores industriales o de obras pueden necesitar cumplir con las certificaciones de seguridad en el sitio. Compruebe siempre las normas de tr\u00e1fico locales para garantizar el cumplimiento, especialmente cuando opere en \u00e1reas urbanas con tr\u00e1fico peatonal pesado.<\/div>\n<\/div>\n<\/div>\n<\/div>\n<\/div>\n<\/div>\n<\/div>\n<\/div>\n<\/div>","protected":false},"excerpt":{"rendered":"<p>Heavy-Duty Electric Tricycle es un veh\u00edculo el\u00e9ctrico de tres ruedas robusto y de alto rendimiento dise\u00f1ado espec\u00edficamente para el transporte de cargas pesadas, emergendo como un trik el\u00e9ctrico industrial indispensable para sitios de construcci\u00f3n, centros log\u00edsticos, operaciones agr\u00edcolas y servicios de carga urbana. Dise\u00f1ado para hacer frente a las tareas de transporte m\u00e1s exigentes, este e-trike de carga pesada cuenta con un marco de acero reforzado, un amplio lecho de carga de 1500 x 1100 mm y una capacidad de carga m\u00e1xima de hasta 800 kg, lo que lo hace ideal para el transporte de materiales de construcci\u00f3n, productos agr\u00edcolas, equipos industriales o mercanc\u00edas a granel.<\/p>","protected":false},"featured_media":3447,"comment_status":"open","ping_status":"closed","template":"","meta":[],"product_brand":[],"product_cat":[78],"product_tag":[],"class_list":{"0":"post-3446","1":"product","2":"type-product","3":"status-publish","4":"has-post-thumbnail","6":"product_cat-electric-tricycle","8":"first","9":"instock","10":"shipping-taxable","11":"purchasable","12":"product-type-simple"},"_links":{"self":[{"href":"https:\/\/www.tairuiauto.com\/es\/wp-json\/wp\/v2\/product\/3446","targetHints":{"allow":["GET"]}}],"collection":[{"href":"https:\/\/www.tairuiauto.com\/es\/wp-json\/wp\/v2\/product"}],"about":[{"href":"https:\/\/www.tairuiauto.com\/es\/wp-json\/wp\/v2\/types\/product"}],"replies":[{"embeddable":true,"href":"https:\/\/www.tairuiauto.com\/es\/wp-json\/wp\/v2\/comments?post=3446"}],"wp:featuredmedia":[{"embeddable":true,"href":"https:\/\/www.tairuiauto.com\/es\/wp-json\/wp\/v2\/media\/3447"}],"wp:attachment":[{"href":"https:\/\/www.tairuiauto.com\/es\/wp-json\/wp\/v2\/media?parent=3446"}],"wp:term":[{"taxonomy":"product_brand","embeddable":true,"href":"https:\/\/www.tairuiauto.com\/es\/wp-json\/wp\/v2\/product_brand?post=3446"},{"taxonomy":"product_cat","embeddable":true,"href":"https:\/\/www.tairuiauto.com\/es\/wp-json\/wp\/v2\/product_cat?post=3446"},{"taxonomy":"product_tag","embeddable":true,"href":"https:\/\/www.tairuiauto.com\/es\/wp-json\/wp\/v2\/product_tag?post=3446"}],"curies":[{"name":"WP","href":"https:\/\/api.w.org\/{rel}","templated":true}]}}