{"id":3455,"date":"2025-08-27T13:33:17","date_gmt":"2025-08-27T05:33:17","guid":{"rendered":"https:\/\/www.tairuiauto.com\/?post_type=product&#038;p=3455"},"modified":"2025-09-12T10:48:45","modified_gmt":"2025-09-12T02:48:45","slug":"reliable-electric-tricycle-for-cargo-and-wholesale-distribution","status":"publish","type":"product","link":"https:\/\/www.tairuiauto.com\/es\/product\/reliable-electric-tricycle-for-cargo-and-wholesale-distribution\/","title":{"rendered":"Tricicleta el\u00e9ctrica de carga"},"content":{"rendered":"<p data-start=\"1001\" data-end=\"1284\"><strong data-start=\"1001\" data-end=\"1027\">Clasificaci\u00f3n del producto<\/strong><br data-start=\"1027\" data-end=\"1030\" \/>A diferencia de los veh\u00edculos de ocio o los trikes de pasajeros, el Weilong pertenece a la <strong data-start=\"1102\" data-end=\"1134\">triciclo el\u00e9ctrico pesado<\/strong> categor\u00eda. Est\u00e1 dise\u00f1ado espec\u00edficamente para el transporte de mercanc\u00edas, garantizando una s\u00f3lida integridad estructural y un funcionamiento fiable tanto en entornos urbanos como rurales.<\/p>\n<p data-start=\"1286\" data-end=\"1706\"><strong data-start=\"1286\" data-end=\"1309\">Descripci\u00f3n del producto<\/strong><br data-start=\"1309\" data-end=\"1312\" \/>El modelo Weilong est\u00e1 alimentado por un motor de 1000W, con opciones de voltaje de 60V \/ 72V y un controlador de 18 tubos para un rendimiento estable. Soporta una capacidad de carga de 500 a 600 kg, con una velocidad m\u00e1xima de 30 a 35 km\/h y un rango de 50 a 100 km por carga. Las dimensiones del veh\u00edculo (3080 x 1180 x 1430 mm) y la plataforma de carga reforzada lo hacen ideal para industrias como la agricultura, el comercio minorista y la construcci\u00f3n.<\/p>\n<p data-start=\"1708\" data-end=\"1737\"><strong data-start=\"1708\" data-end=\"1735\">Caracter\u00edsticas y ventajas<\/strong><\/p>\n<ul data-start=\"1738\" data-end=\"2291\">\n<li data-start=\"1738\" data-end=\"1844\">\n<p data-start=\"1740\" data-end=\"1844\"><strong data-start=\"1740\" data-end=\"1764\">Capacidad de carga fuerte<\/strong>Dise\u00f1ado para transportar hasta 600 kg, garantizando un transporte sin problemas de materiales a granel.<\/p>\n<\/li>\n<li data-start=\"1845\" data-end=\"1965\">\n<p data-start=\"1847\" data-end=\"1965\"><strong data-start=\"1847\" data-end=\"1875\">Sistema de frenado eficiente<\/strong>Equipado con frenos de tambor delantero y trasero, garantizando seguridad durante cargas pesadas.<\/p>\n<\/li>\n<li data-start=\"1966\" data-end=\"2087\">\n<p data-start=\"1968\" data-end=\"2087\"><strong data-start=\"1968\" data-end=\"1991\">Energ\u00eda de ahorro<\/strong>El dise\u00f1o alimentado por bater\u00eda con un tiempo de carga de 8 horas proporciona una operaci\u00f3n diaria rentable.<\/p>\n<\/li>\n<li data-start=\"2088\" data-end=\"2195\">\n<p data-start=\"2090\" data-end=\"2195\"><strong data-start=\"2090\" data-end=\"2107\">Neum\u00e1ticos duraderos<\/strong>Los neum\u00e1ticos delanteros 3.75-12 y traseros 4.00-12 ofrecen estabilidad en diferentes superficies de carretera.<\/p>\n<\/li>\n<li data-start=\"2196\" data-end=\"2291\">\n<p data-start=\"2198\" data-end=\"2291\"><strong data-start=\"2198\" data-end=\"2224\">Radio de giro compacto<\/strong>La maniobrabilidad flexible mejora la usabilidad en \u00e1reas congestionadas.<\/p>\n<\/li>\n<\/ul>\n<p data-start=\"2293\" data-end=\"2323\"><strong data-start=\"2293\" data-end=\"2321\">Especificaciones t\u00e9cnicas<\/strong><\/p>\n<ul data-start=\"2324\" data-end=\"2705\">\n<li data-start=\"2324\" data-end=\"2364\">\n<table style=\"width: 90.2611%; height: 498px;\" width=\"720\">\n<tbody>\n<tr>\n<td colspan=\"2\" width=\"720\">Configuraci\u00f3n est\u00e1ndar<\/td>\n<\/tr>\n<tr>\n<td>modelo<\/td>\n<td width=\"455\"><a href=\"#\u76ee\u5f55!A1\">C115<\/a><\/td>\n<\/tr>\n<tr>\n<td width=\"265\">Dimensi\u00f3n general<\/td>\n<td width=\"455\">3080X1180X1430MM<\/td>\n<\/tr>\n<tr>\n<td width=\"265\">Capacidad de carga<\/td>\n<td width=\"455\">500-600kg<\/td>\n<\/tr>\n<tr>\n<td width=\"265\">Potencia del motor hidr\u00e1ulico<\/td>\n<td width=\"455\">1000W<\/td>\n<\/tr>\n<tr>\n<td width=\"265\">Voltaje est\u00e1ndar<\/td>\n<td width=\"455\">60V \/ 72V<\/td>\n<\/tr>\n<tr>\n<td width=\"265\">Controlador<\/td>\n<td width=\"455\">18 Tubo<\/td>\n<\/tr>\n<tr>\n<td width=\"265\">Modo de frenado<\/td>\n<td width=\"455\">Tambor delantero Tambor trasero<\/td>\n<\/tr>\n<tr>\n<td width=\"265\">Deslizamiento m\u00ednimo al suelo<\/td>\n<td width=\"455\">135<\/td>\n<\/tr>\n<tr>\n<td width=\"265\">Capacidad de producci\u00f3n<\/td>\n<td width=\"455\">100000set\/a\u00f1o<\/td>\n<\/tr>\n<tr>\n<td width=\"265\">Tiempo de carga<\/td>\n<td width=\"455\">8 horas<\/td>\n<\/tr>\n<tr>\n<td width=\"265\">Neum\u00e1tico delantero\/trasero Tt<\/td>\n<td width=\"455\">ruedas delanteras 3.75-12; ruedas traseras 4.00-12<\/td>\n<\/tr>\n<tr>\n<td width=\"265\">Elecci\u00f3n de color<\/td>\n<td width=\"455\">Personalizado<\/td>\n<\/tr>\n<tr>\n<td width=\"265\">Origen<\/td>\n<td width=\"455\">China<\/td>\n<\/tr>\n<tr>\n<td width=\"265\">Rango por carga\/km<\/td>\n<td width=\"455\">50-100km<\/td>\n<\/tr>\n<tr>\n<td width=\"265\">Velocidad m\u00e1xima Km\/H<\/td>\n<td width=\"455\">30-35 km\/h<\/td>\n<\/tr>\n<tr>\n<td width=\"265\">Capacidad de escalada<\/td>\n<td width=\"455\">\u2264 20 \u00b0<\/td>\n<\/tr>\n<\/tbody>\n<\/table>\n<\/li>\n<\/ul>\n<p data-start=\"2707\" data-end=\"3006\"><strong data-start=\"2707\" data-end=\"2732\">Material y exterior<\/strong><br data-start=\"2732\" data-end=\"2735\" \/>El <strong data-start=\"2739\" data-end=\"2764\">transporte de carga trike<\/strong> est\u00e1 hecho con acero de alta calidad, proporcionando una excelente durabilidad y resistencia a la oxidaci\u00f3n. El dise\u00f1o hace hincapi\u00e9 tanto en la practicidad como en la apariencia, ofreciendo personalizaci\u00f3n de colores (rojo, azul, verde, gris, blanco) para adaptarse a las diferentes preferencias del mercado.<\/p>\n<p data-start=\"3008\" data-end=\"3335\"><strong data-start=\"3008\" data-end=\"3040\">Dise\u00f1o y personalizaci\u00f3n OEM<\/strong><br data-start=\"3040\" data-end=\"3043\" \/>Ofrecemos opciones completas de OEM y personalizaci\u00f3n. Los clientes pueden elegir el tama\u00f1o de la caja de carga, la potencia del motor, la capacidad de la bater\u00eda, los colores de la pintura y las soluciones de marca. El <strong data-start=\"3200\" data-end=\"3237\">comercial el\u00e9ctrico de tres ruedas<\/strong> Tambi\u00e9n puede adaptarse a las necesidades espec\u00edficas de la industria, lo que lo convierte en una opci\u00f3n vers\u00e1til para los distribuidores.<\/p>\n<p data-start=\"3337\" data-end=\"3669\"><strong data-start=\"3337\" data-end=\"3371\">Control de calidad y producci\u00f3n<\/strong><br data-start=\"3371\" data-end=\"3374\" \/>Cada unidad se somete a pruebas rigurosas, incluyendo evaluaci\u00f3n del rendimiento del motor, pruebas del ciclo de la bater\u00eda e inspecciones de frenos. Nuestra f\u00e1brica tiene una capacidad de producci\u00f3n anual de 100.000 unidades, garantizando tanto la calidad como el suministro oportuno. Seguimos las normas certificadas ISO para garantizar la fiabilidad del producto.<\/p>\n<p data-start=\"3671\" data-end=\"3984\"><strong data-start=\"3671\" data-end=\"3711\">Certificaci\u00f3n y compromiso de calidad<\/strong><br data-start=\"3711\" data-end=\"3714\" \/>El modelo Weilong cumple con las certificaciones internacionales de seguridad y rendimiento, lo que refuerza nuestro compromiso de ofrecer soluciones fiables. Cada uno <strong data-start=\"3867\" data-end=\"3901\">triciclo de carga alimentado por bater\u00eda<\/strong> Est\u00e1 respaldado por una garant\u00eda que cubre componentes principales como el motor y la bater\u00eda.<\/p>\n<p data-start=\"3986\" data-end=\"4037\"><strong data-start=\"3986\" data-end=\"4035\">Embalaje, log\u00edstica y servicio posventa<\/strong><\/p>\n<ul data-start=\"4038\" data-end=\"4408\">\n<li data-start=\"4038\" data-end=\"4131\">\n<p data-start=\"4040\" data-end=\"4131\"><strong data-start=\"4040\" data-end=\"4053\">Embalaje<\/strong>: Embalaje a prueba de choques est\u00e1ndar de exportaci\u00f3n garantiza una entrega internacional segura.<\/p>\n<\/li>\n<li data-start=\"4132\" data-end=\"4212\">\n<p data-start=\"4134\" data-end=\"4212\"><strong data-start=\"4134\" data-end=\"4150\">Instalaci\u00f3n<\/strong>Se proporcionan instrucciones de montaje sencillas para una configuraci\u00f3n r\u00e1pida.<\/p>\n<\/li>\n<li data-start=\"4213\" data-end=\"4294\">\n<p data-start=\"4215\" data-end=\"4294\"><strong data-start=\"4215\" data-end=\"4237\">Formaci\u00f3n y uso<\/strong>La orientaci\u00f3n t\u00e9cnica est\u00e1 disponible para los compradores mayoristas.<\/p>\n<\/li>\n<li data-start=\"4295\" data-end=\"4408\">\n<p data-start=\"4297\" data-end=\"4408\"><strong data-start=\"4297\" data-end=\"4320\">Servicio posventa<\/strong>: Garant\u00eda de un a\u00f1o, suministro de piezas de repuesto y soporte de mantenimiento aseguran la tranquilidad.<\/p>\n<\/li>\n<\/ul>\n<p data-start=\"4410\" data-end=\"4536\"><strong data-start=\"4410\" data-end=\"4433\">Disponibilidad de la muestra<\/strong><br data-start=\"4433\" data-end=\"4436\" \/>Las muestras se pueden organizar para que los compradores mayoristas eval\u00faen el rendimiento antes de realizar pedidos m\u00e1s grandes.<\/p>\n<p data-start=\"4538\" data-end=\"4609\"><strong data-start=\"4538\" data-end=\"4554\">Aplicaciones<\/strong><br data-start=\"4554\" data-end=\"4557\" \/>El Weilong <strong data-start=\"4569\" data-end=\"4590\">triciclo el\u00e9ctrico<\/strong> es adecuado para:<\/p>\n<ul data-start=\"4610\" data-end=\"4791\">\n<li data-start=\"4610\" data-end=\"4669\">\n<p data-start=\"4612\" data-end=\"4669\">Transporte de bienes agr\u00edcolas (fertilizantes, cultivos, herramientas)<\/p>\n<\/li>\n<li data-start=\"4670\" data-end=\"4712\">\n<p data-start=\"4672\" data-end=\"4712\">Servicios de entrega al por menor y al por mayor<\/p>\n<\/li>\n<li data-start=\"4713\" data-end=\"4747\">\n<p data-start=\"4715\" data-end=\"4747\">Manejo de materiales de construcci\u00f3n<\/p>\n<\/li>\n<li data-start=\"4748\" data-end=\"4791\">\n<p data-start=\"4750\" data-end=\"4791\">Servicios municipales de limpieza y servicios p\u00fablicos<\/p>\n<\/li>\n<\/ul>","protected":false},"excerpt":{"rendered":"<p>La industria log\u00edstica busca constantemente soluciones eficientes y respetuosas con el medio ambiente para el transporte de distancias cortas y medias. El <strong data-start=\"721\" data-end=\"742\">triciclo el\u00e9ctrico<\/strong> destaca como un veh\u00edculo pr\u00e1ctico que combina una alta capacidad de carga \u00fatil con una potencia sostenible. Dise\u00f1ado para mayoristas y distribuidores, nuestro modelo Weilong ofrece una mezcla equilibrada de durabilidad, rendimiento y personalizaci\u00f3n para satisfacer diversas demandas del mercado.<\/p>","protected":false},"featured_media":3456,"comment_status":"open","ping_status":"closed","template":"","meta":[],"product_brand":[],"product_cat":[78],"product_tag":[],"class_list":{"0":"post-3455","1":"product","2":"type-product","3":"status-publish","4":"has-post-thumbnail","6":"product_cat-electric-tricycle","8":"first","9":"instock","10":"shipping-taxable","11":"purchasable","12":"product-type-simple"},"_links":{"self":[{"href":"https:\/\/www.tairuiauto.com\/es\/wp-json\/wp\/v2\/product\/3455","targetHints":{"allow":["GET"]}}],"collection":[{"href":"https:\/\/www.tairuiauto.com\/es\/wp-json\/wp\/v2\/product"}],"about":[{"href":"https:\/\/www.tairuiauto.com\/es\/wp-json\/wp\/v2\/types\/product"}],"replies":[{"embeddable":true,"href":"https:\/\/www.tairuiauto.com\/es\/wp-json\/wp\/v2\/comments?post=3455"}],"wp:featuredmedia":[{"embeddable":true,"href":"https:\/\/www.tairuiauto.com\/es\/wp-json\/wp\/v2\/media\/3456"}],"wp:attachment":[{"href":"https:\/\/www.tairuiauto.com\/es\/wp-json\/wp\/v2\/media?parent=3455"}],"wp:term":[{"taxonomy":"product_brand","embeddable":true,"href":"https:\/\/www.tairuiauto.com\/es\/wp-json\/wp\/v2\/product_brand?post=3455"},{"taxonomy":"product_cat","embeddable":true,"href":"https:\/\/www.tairuiauto.com\/es\/wp-json\/wp\/v2\/product_cat?post=3455"},{"taxonomy":"product_tag","embeddable":true,"href":"https:\/\/www.tairuiauto.com\/es\/wp-json\/wp\/v2\/product_tag?post=3455"}],"curies":[{"name":"WP","href":"https:\/\/api.w.org\/{rel}","templated":true}]}}