{"id":3486,"date":"2025-08-29T11:25:08","date_gmt":"2025-08-29T03:25:08","guid":{"rendered":"https:\/\/www.tairuiauto.com\/?post_type=product&#038;p=3486"},"modified":"2025-08-29T11:43:11","modified_gmt":"2025-08-29T03:43:11","slug":"electric-tricycle-versatile","status":"publish","type":"product","link":"https:\/\/www.tairuiauto.com\/es\/product\/electric-tricycle-versatile\/","title":{"rendered":"Triciclo el\u00e9ctrico vers\u00e1til"},"content":{"rendered":"<h3><strong>\u200b Lista de par\u00e1metros<\/strong><\/h3>\n<table style=\"width: 74.1333%; height: 534px;\" width=\"720\">\n<tbody>\n<tr>\n<td width=\"265\">modelo<\/td>\n<td width=\"455\">Weiba3<\/td>\n<\/tr>\n<tr>\n<td width=\"265\">Dimensi\u00f3n general<\/td>\n<td width=\"455\">3360X1380X1425MM<\/td>\n<\/tr>\n<tr>\n<td width=\"265\">Capacidad de carga<\/td>\n<td width=\"455\">2000 kg<\/td>\n<\/tr>\n<tr>\n<td width=\"265\">Potencia del motor hidr\u00e1ulico<\/td>\n<td width=\"455\">1500W<\/td>\n<\/tr>\n<tr>\n<td width=\"265\">Voltaje est\u00e1ndar<\/td>\n<td width=\"455\">60V \/ 72V<\/td>\n<\/tr>\n<tr>\n<td width=\"265\">Controlador<\/td>\n<td width=\"455\">24 Tubo<\/td>\n<\/tr>\n<tr>\n<td width=\"265\">Modo de frenado<\/td>\n<td width=\"455\">Tambor delantero Tambor trasero<\/td>\n<\/tr>\n<tr>\n<td width=\"265\">Deslizamiento m\u00ednimo al suelo<\/td>\n<td width=\"455\">135<\/td>\n<\/tr>\n<tr>\n<td width=\"265\">Capacidad de producci\u00f3n<\/td>\n<td width=\"455\">100000set\/a\u00f1o<\/td>\n<\/tr>\n<tr>\n<td width=\"265\">Tiempo de carga<\/td>\n<td width=\"455\">8 horas<\/td>\n<\/tr>\n<tr>\n<td width=\"265\">Neum\u00e1tico delantero\/trasero Tt<\/td>\n<td width=\"455\">ruedas delanteras 4.00-12; ruedas traseras 4.50-12<\/td>\n<\/tr>\n<tr>\n<td width=\"265\">Elecci\u00f3n de color<\/td>\n<td width=\"455\">Personalizado<\/td>\n<\/tr>\n<tr>\n<td width=\"265\">Origen<\/td>\n<td width=\"455\">China<\/td>\n<\/tr>\n<tr>\n<td width=\"265\">Rango por carga\/km<\/td>\n<td width=\"455\">50 kil\u00f3metros<\/td>\n<\/tr>\n<tr>\n<td width=\"265\">Velocidad m\u00e1xima Km\/H<\/td>\n<td width=\"455\">35-45km\/h<\/td>\n<\/tr>\n<tr>\n<td width=\"265\">Capacidad de escalada<\/td>\n<td width=\"455\">\u2264 30 \u00b0<\/td>\n<\/tr>\n<\/tbody>\n<\/table>\n<h3 class=\"header-vfC6AV auto-hide-last-sibling-br\">Introducci\u00f3n del producto<\/h3>\n<div class=\"auto-hide-last-sibling-br paragraph-JOTKXA paragraph-element br-paragraph-space\">\n<div class=\"auto-hide-last-sibling-br paragraph-JOTKXA paragraph-element br-paragraph-space\">Alimentado por un motor hidr\u00e1ulico de 1500W emparejado con opciones de voltaje flexibles de 60V\/72V y un controlador de 24 tubos, Versatile Electric Tricycle ofrece un par excepcional, lo que le permite subir pendientes de \u226430\u00b0, una capacidad cr\u00edtica para granjas rurales monta\u00f1osas o sitios de construcci\u00f3n. Equilibra potencia con practicidad: un alcance de 50 km por carga completa (alcanzado en 8 horas de carga) y una velocidad m\u00e1xima de 35-45 km\/h, lo que lo convierte en una \u201csoluci\u00f3n fiable para cargas pesadas\u201d tanto para transportes diarios constantes como para tareas sensibles al tiempo. La seguridad y la estabilidad tambi\u00e9n son priorizadas: los frenos de tambor delanteros y traseros garantizan una potencia de parada fiable incluso bajo carga completa, los neum\u00e1ticos delanteros 4.00-12 \/ 4.50-12 traseros proporcionan una fuerte tracci\u00f3n en superficies \u00e1speras o resbaladizas y una distancia m\u00ednima de 135 mm navega f\u00e1cilmente por peque\u00f1os obst\u00e1culos como rocas o pozos. Originario de China con una capacidad de producci\u00f3n de 100.000 conjuntos por a\u00f1o, este triciclo es un caballo de trabajo confiable para las empresas que buscan flexibilidad sin comprometer el rendimiento en trabajos pesados.<\/div>\n<h3 class=\"header-vfC6AV auto-hide-last-sibling-br\">Puntos clave de venta<\/h3>\n<ol class=\"auto-hide-last-sibling-br\">\n<li>\n<div class=\"auto-hide-last-sibling-br paragraph-JOTKXA paragraph-element br-paragraph-space\"><strong>Capacidad de carga vers\u00e1til de 2000KG para uso intersectorial<\/strong><br class=\"container-utlnW2 wrapper-d0Cc1k undefined\" \/>La capacidad de 2000 kg de Versatile Electric Tricycle lo convierte en un verdadero \u201ctransportador vers\u00e1til\u201d, que se adapta sin problemas a diversas industrias. Para las empresas de construcci\u00f3n, lleva barras de acero o bolsas de cemento; para los agricultores, transporta cultivos cosechados o piensos para ganado; para los minoristas, mueve el inventario a granel como cajas de bebidas o art\u00edculos para el hogar. A diferencia de los triciclos de uso \u00fanico limitados a un tipo de carga, Versatile Electric Tricycle elimina la necesidad de invertir en m\u00faltiples veh\u00edculos, lo que lo convierte en una opci\u00f3n rentable para empresas con diversas necesidades de carga. Su amplia cama de carga tambi\u00e9n acomoda objetos de forma irregular, lo que mejora a\u00fan m\u00e1s su versatilidad.<\/div>\n<\/li>\n<li>\n<div class=\"auto-hide-last-sibling-br paragraph-JOTKXA paragraph-element br-paragraph-space\"><strong>Velocidad y potencia equilibradas para un rendimiento constante<\/strong><br class=\"container-utlnW2 wrapper-d0Cc1k undefined\" \/>Con una velocidad m\u00e1xima de 35-45 km\/h y un motor hidr\u00e1ulico de 1500 W, Versatile Electric Tricycle logra el equilibrio perfecto entre eficiencia y seguridad, lo que le da el t\u00edtulo de \u201cherramienta de carga de rendimiento equilibrado\u201d. La velocidad es lo suficientemente r\u00e1pida para cumplir con los plazos de entrega diarios (por ejemplo, transportar productos agr\u00edcolas al mercado antes de las horas pico) pero lo suficientemente lenta para garantizar el control al transportar cargas de 2000 kg. El fuerte par del motor maneja pendientes de \u226430 \u00b0 sin esfuerzo, ya sea escalando colinas rurales con suministros agr\u00edcolas o navegando por rampas de un sitio de construcci\u00f3n con materiales de construcci\u00f3n, garantizando un rendimiento consistente en todos los terrenos.<\/div>\n<\/li>\n<li>\n<div class=\"auto-hide-last-sibling-br paragraph-JOTKXA paragraph-element br-paragraph-space\"><strong>Dise\u00f1o personalizable para marca y funci\u00f3n<\/strong><br class=\"container-utlnW2 wrapper-d0Cc1k undefined\" \/>Versatile Electric Tricycle ofrece personalizaci\u00f3n del color, convirti\u00e9ndolo en un \u201cactivo de transporte de marca\u201d para las empresas que buscan aumentar la visibilidad. Una granja local podr\u00eda elegir el verde para alinearse con su identidad agr\u00edcola, mientras que una empresa de entrega podr\u00eda optar por el color de firma de su marca para destacarse en las calles de la ciudad. M\u00e1s all\u00e1 de la est\u00e9tica, Tairui tambi\u00e9n ofrece personalizaciones funcionales (por ejemplo, rieles laterales para carga suelta, pisos antideslizantes para productos h\u00famedos), haciendo que el triciclo el\u00e9ctrico vers\u00e1til se adapte a necesidades operacionales espec\u00edficas. Esta mezcla de marca y funcionalidad lo diferencia de los triciclos gen\u00e9ricos con dise\u00f1os fijos.<\/div>\n<\/li>\n<li>\n<div class=\"auto-hide-last-sibling-br paragraph-JOTKXA paragraph-element br-paragraph-space\"><strong>Construcci\u00f3n duradera para uso pesado a largo plazo<\/strong><br class=\"container-utlnW2 wrapper-d0Cc1k undefined\" \/>El triciclo el\u00e9ctrico vers\u00e1til est\u00e1 dise\u00f1ado para soportar los rigores del uso diario pesado, lo que lo convierte en una \u201cinversi\u00f3n de carga duradera\u201d. Su robusto marco de acero resistente a la flexi\u00f3n bajo cargas de 2000 KG, los neum\u00e1ticos reforzados 4.00-12 \/ 4.50-12 resisten a las perforaciones en carreteras rurales \u00e1speras o sitios de construcci\u00f3n de grava, y los frenos de tambor delanteros \/ traseros mantienen la eficacia incluso con uso frecuente. La distancia desde el suelo de 135 mm tambi\u00e9n evita los da\u00f1os causados por los obst\u00e1culos, lo que reduce los costos de mantenimiento con el tiempo. Para las empresas que dependen del transporte constante (por ejemplo, una empresa de construcci\u00f3n que lo utiliza diariamente para las corridas de materiales), esta durabilidad garantiza un m\u00ednimo tiempo de inactividad y valor a largo plazo.<\/div>\n<\/li>\n<\/ol>\n<h3 class=\"header-vfC6AV auto-hide-last-sibling-br\">Ventajas diferenciales<\/h3>\n<ol class=\"auto-hide-last-sibling-br\">\n<li>\n<div class=\"auto-hide-last-sibling-br paragraph-JOTKXA paragraph-element br-paragraph-space\"><strong>Adaptabilidad entre industrias<\/strong><br class=\"container-utlnW2 wrapper-d0Cc1k undefined\" \/>A diferencia de los triciclos dise\u00f1ados para un solo sector (por ejemplo, solo la construcci\u00f3n o solo la agricultura), Versatile Electric Tricycle sirve como un \u201ctransportador intersectorial\u201d, que se adapta perfectamente a diversos flujos de trabajo. Puede pasar del transporte de desechos de construcci\u00f3n por la ma\u00f1ana a la entrega de bienes al por menor por la tarde, sin necesidad de modificaciones. Esta flexibilidad cambia el juego para las peque\u00f1as y medianas empresas que manejan m\u00faltiples tipos de carga, eliminando el gasto de poseer veh\u00edculos especializados.<\/div>\n<\/li>\n<li>\n<div class=\"auto-hide-last-sibling-br paragraph-JOTKXA paragraph-element br-paragraph-space\"><strong>Equilibrio \u00f3ptimo velocidad-potencia<\/strong><br class=\"container-utlnW2 wrapper-d0Cc1k undefined\" \/>Muchos triciclos pesados sacrifican la velocidad por la potencia (lo que resulta en entregas lentas) o la potencia por la velocidad (luchando con cargas pesadas). El triciclo el\u00e9ctrico vers\u00e1til evita este compromiso: su velocidad de 35-45 km\/h garantiza eficiencia, mientras que el motor de 1500 W proporciona suficiente par para cargas de 2000 KG y pendientes empinadas. Este estatus de \u201ctransportista equilibrado en rendimiento\u201d significa que las empresas no tienen que elegir entre entregas oportunas y una capacidad fiable de transporte pesado.<\/div>\n<\/li>\n<li>\n<div class=\"auto-hide-last-sibling-br paragraph-JOTKXA paragraph-element br-paragraph-space\"><strong>Oportunidades de marca amigables con el presupuesto<\/strong><br class=\"container-utlnW2 wrapper-d0Cc1k undefined\" \/>La personalizaci\u00f3n del color para Triciclo El\u00e9ctrico Vers\u00e1til es asequible, lo que lo convierte en un \"transporte de marca asequible\" para peque\u00f1as empresas. A diferencia de las costosas herramientas de marketing (por ejemplo, carteles publicitarios o envolturas de veh\u00edculos), la personalizaci\u00f3n del color del triciclo permite a las empresas promover su marca durante las operaciones diarias, ya sea conduciendo por las calles de la ciudad o las ciudades rurales. Este beneficio de marketing de bajo costo es raro en equipos de transporte pesados, lo que da a los usuarios una ventaja en el reconocimiento de la marca.<\/div>\n<\/li>\n<li>\n<div class=\"auto-hide-last-sibling-br paragraph-JOTKXA paragraph-element br-paragraph-space\"><strong>Versatilidad operativa en todo el \u00e1rea<\/strong><br class=\"container-utlnW2 wrapper-d0Cc1k undefined\" \/>El tama\u00f1o y el rendimiento de Versatile Electric Tricycle lo convierten en una \u201csoluci\u00f3n de transporte de mercanc\u00edas para todo el \u00e1rea\u201d, que funciona sin problemas en las calles urbanas, los caminos rurales y las zonas industriales. Sus dimensiones compactas (3360 x 1380 x 1425 mm) navegan por callejones estrechos de la ciudad o pasillos de almac\u00e9n concurridos, mientras que sus neum\u00e1ticos centrados en la tracci\u00f3n y la distancia libre del suelo de 135 mm manejan carreteras rurales no asfaltadas. Esto significa que las empresas pueden usar el mismo triciclo tanto para las entregas urbanas como para el transporte rural, reduciendo la complejidad de la flota y ahorrando dinero.<\/div>\n<\/li>\n<\/ol>\n<h3 class=\"header-vfC6AV auto-hide-last-sibling-br\">Preguntas frecuentes<\/h3>\n<div class=\"auto-hide-last-sibling-br paragraph-JOTKXA paragraph-element br-paragraph-space\"><strong>Q1: \u00bfC\u00f3mo se puede adaptar el triciclo el\u00e9ctrico vers\u00e1til para uso agr\u00edcola?<\/strong><br class=\"container-utlnW2 wrapper-d0Cc1k undefined\" \/>R: Tairui ofrece modificaciones a medida para convertir el triciclo el\u00e9ctrico vers\u00e1til en un \"transporte agr\u00edcola amigable\" para las necesidades agr\u00edcolas. Las adaptaciones comunes incluyen la adici\u00f3n de rieles laterales para asegurar los cultivos sueltos (por ejemplo, trigo o ma\u00edz), suelos de carga antideslizantes para evitar que los productos se deslizen durante el transporte y soportes para herramientas para transportar equipo agr\u00edcola como palas o tijeras de poda. Para las operaciones de ganado, se pueden instalar particiones opcionales para transportar pienso sin derrame. Simplemente discuta tus necesidades espec\u00edficas (por ejemplo, tipo de cultivo, tama\u00f1o de carga) con el proveedor, y ellos personalizar\u00e1n el triciclo para adaptarse al flujo de trabajo de tu granja.<\/div>\n<p><br class=\"container-utlnW2 wrapper-d0Cc1k undefined\" \/><\/p>\n<div class=\"auto-hide-last-sibling-br paragraph-JOTKXA paragraph-element br-paragraph-space\"><strong>Q2: \u00bfEs suficiente el alcance de 50 km para los viajes rurales diarios?<\/strong><br class=\"container-utlnW2 wrapper-d0Cc1k undefined\" \/>R: S\u00ed, el rango de 50 km del triciclo el\u00e9ctrico vers\u00e1til satisface las necesidades de la mayor\u00eda de los viajes diarios rurales, por ejemplo, el transporte de cultivos de una granja a un mercado local (t\u00edpicamente 10-30 km de ida y vuelta) o el transporte de pienso de una instalaci\u00f3n de almacenamiento a las plumas de ganado. Planificar las rutas con antelaci\u00f3n (por ejemplo, evitar desv\u00edos innecesarios) tambi\u00e9n ayuda a maximizar el alcance, asegurando que el Triciclo El\u00e9ctrico Vers\u00e1til siga siendo fiable durante todo el d\u00eda.<\/div>\n<p><br class=\"container-utlnW2 wrapper-d0Cc1k undefined\" \/><\/p>\n<div class=\"auto-hide-last-sibling-br paragraph-JOTKXA paragraph-element br-paragraph-space\"><strong>Q3: \u00bfSe puede usar el triciclo el\u00e9ctrico vers\u00e1til para el transporte interior, como la log\u00edstica del almac\u00e9n?<\/strong><br class=\"container-utlnW2 wrapper-d0Cc1k undefined\" \/>R: Absolutamente, su tama\u00f1o compacto y maniobrabilidad hacen de Versatile Electric Tricycle un \"transportador amigable con el almac\u00e9n\" para uso en interiores. Al operar en interiores, cambie a una velocidad m\u00e1s baja (20-25 km\/h) para garantizar la seguridad alrededor de los trabajadores y el equipo. Tairui tambi\u00e9n puede modificar la caja de carga con pisos planos y rampas de f\u00e1cil acceso para simplificar la carga \/ descarga de paletas o cajas. El motor el\u00e9ctrico del triciclo funciona en silencio, lo que lo hace adecuado para entornos interiores donde el ruido es una preocupaci\u00f3n (por ejemplo, almacenes minoristas adjuntos a tiendas).<\/div>\n<p><br class=\"container-utlnW2 wrapper-d0Cc1k undefined\" \/><\/p>\n<div class=\"auto-hide-last-sibling-br paragraph-JOTKXA paragraph-element br-paragraph-space\"><strong>Q4: \u00bfQu\u00e9 garant\u00eda cubre los componentes pesados del triciclo el\u00e9ctrico vers\u00e1til?<\/strong><br class=\"container-utlnW2 wrapper-d0Cc1k undefined\" \/>R: Tairui ofrece una garant\u00eda est\u00e1ndar (los t\u00e9rminos var\u00edan seg\u00fan la regi\u00f3n, pero t\u00edpicamente 1-2 a\u00f1os) que cubre componentes cr\u00edticos de carga pesada, incluyendo el motor hidr\u00e1ulico de 1500W, la bater\u00eda de 60V \/ 72V y el marco de acero. Esta garant\u00eda cubre defectos de fabricaci\u00f3n (por ejemplo, fallos del motor o grietas del bastidor), pero no incluye da\u00f1os por sobrecarga o uso indebido. Para las empresas que utilizan el triciclo el\u00e9ctrico vers\u00e1til para cargas pesadas diarias, Tairui tambi\u00e9n ofrece garant\u00edas ampliadas opcionales por un costo adicional, proporcionando protecci\u00f3n adicional. Para solicitar el servicio de garant\u00eda, simplemente p\u00f3ngase en contacto con el distribuidor Tairui local con una prueba de compra y una descripci\u00f3n del problema: ellos organizar\u00e1n reparaciones o reemplazo de componentes para minimizar el tiempo de inactividad.<\/div>\n<p><br class=\"container-utlnW2 wrapper-d0Cc1k undefined\" \/><\/p>\n<div class=\"auto-hide-last-sibling-br paragraph-JOTKXA paragraph-element br-paragraph-space\"><strong>P5: \u00bfC\u00f3mo mejora el eje trasero integrado (mencionado en los modelos relacionados de Tairui) el rendimiento del Triciclo El\u00e9ctrico Vers\u00e1til?<\/strong><br class=\"container-utlnW2 wrapper-d0Cc1k undefined\" \/>R: Aunque no se enumera expl\u00edcitamente en sus par\u00e1metros, el dise\u00f1o integrado del eje trasero (una caracter\u00edstica com\u00fan en los triciclos pesados de Tairui como el Weiba3) aumenta la estabilidad y la durabilidad del Triciclo El\u00e9ctrico Vers\u00e1til. Distribuye el peso de las cargas de 2.000 kg de forma uniforme a trav\u00e9s de las ruedas traseras, reduciendo el \u201ctemblor\u201d durante el transporte y evitando el desgaste desigual de los neum\u00e1ticos. La estructura r\u00edgida del eje tambi\u00e9n refuerza el bastidor del triciclo, lo que lo hace m\u00e1s resistente a los da\u00f1os causados por carreteras \u00e1speras o impactos pesados, lo que es cr\u00edtico para el uso a largo plazo en la construcci\u00f3n o en entornos rurales. En \u00faltima instancia, este dise\u00f1o hace que Versatile Electric Tricycle sea m\u00e1s seguro y fiable, reforzando su papel como \u201ctransportador de carga flexible\u201d para tareas pesadas.<\/div>\n<\/div>","protected":false},"excerpt":{"rendered":"<p>El triciclo el\u00e9ctrico vers\u00e1til (tambi\u00e9n conocido como Weiba3 de Tairui) es un veh\u00edculo el\u00e9ctrico de tres ruedas multifuncional de alto rendimiento dise\u00f1ado para satisfacer diversas necesidades de carga pesada en todas las industrias, destacando como un \"transportador de carga multiuso\" y \"transportador de carga flexible\" para log\u00edstica urbana, agricultura rural, construcci\u00f3n y comercio minorista. Con una impresionante capacidad de carga de 2.000 kg, que supera mucho a los triciclos el\u00e9ctricos est\u00e1ndar, y dimensiones generales de 3360 x 1380 x 1425 mm, maneja sin esfuerzo carga masiva como materiales de construcci\u00f3n, productos agr\u00edcolas o mercanc\u00edas a granel al por menor, eliminando la necesidad de m\u00faltiples veh\u00edculos y reduciendo los costos operativos.<\/p>","protected":false},"featured_media":3488,"comment_status":"open","ping_status":"closed","template":"","meta":[],"product_brand":[],"product_cat":[78],"product_tag":[],"class_list":{"0":"post-3486","1":"product","2":"type-product","3":"status-publish","4":"has-post-thumbnail","6":"product_cat-electric-tricycle","8":"first","9":"instock","10":"shipping-taxable","11":"purchasable","12":"product-type-simple"},"_links":{"self":[{"href":"https:\/\/www.tairuiauto.com\/es\/wp-json\/wp\/v2\/product\/3486","targetHints":{"allow":["GET"]}}],"collection":[{"href":"https:\/\/www.tairuiauto.com\/es\/wp-json\/wp\/v2\/product"}],"about":[{"href":"https:\/\/www.tairuiauto.com\/es\/wp-json\/wp\/v2\/types\/product"}],"replies":[{"embeddable":true,"href":"https:\/\/www.tairuiauto.com\/es\/wp-json\/wp\/v2\/comments?post=3486"}],"wp:featuredmedia":[{"embeddable":true,"href":"https:\/\/www.tairuiauto.com\/es\/wp-json\/wp\/v2\/media\/3488"}],"wp:attachment":[{"href":"https:\/\/www.tairuiauto.com\/es\/wp-json\/wp\/v2\/media?parent=3486"}],"wp:term":[{"taxonomy":"product_brand","embeddable":true,"href":"https:\/\/www.tairuiauto.com\/es\/wp-json\/wp\/v2\/product_brand?post=3486"},{"taxonomy":"product_cat","embeddable":true,"href":"https:\/\/www.tairuiauto.com\/es\/wp-json\/wp\/v2\/product_cat?post=3486"},{"taxonomy":"product_tag","embeddable":true,"href":"https:\/\/www.tairuiauto.com\/es\/wp-json\/wp\/v2\/product_tag?post=3486"}],"curies":[{"name":"WP","href":"https:\/\/api.w.org\/{rel}","templated":true}]}}