{"id":3510,"date":"2025-09-01T13:46:00","date_gmt":"2025-09-01T05:46:00","guid":{"rendered":"https:\/\/www.tairuiauto.com\/?post_type=product&#038;p=3510"},"modified":"2025-09-12T10:25:57","modified_gmt":"2025-09-12T02:25:57","slug":"3510","status":"publish","type":"product","link":"https:\/\/www.tairuiauto.com\/es\/product\/3510\/","title":{"rendered":"Triciclo de carga 1500W"},"content":{"rendered":"<p data-start=\"511\" data-end=\"1029\">En la industria del transporte comercial de r\u00e1pido crecimiento, elegir el veh\u00edculo adecuado es crucial para la eficiencia, la fiabilidad y la rentabilidad a largo plazo. Nuestras \u00faltimas <strong data-start=\"669\" data-end=\"690\">triciclo el\u00e9ctrico<\/strong> est\u00e1 dise\u00f1ado espec\u00edficamente para pedidos a granel, satisfaciendo las necesidades pr\u00e1cticas de los compradores al por mayor y los propietarios de negocios que requieren veh\u00edculos fiables para las operaciones diarias. Construido con materiales de alta calidad, rendimiento potente y caracter\u00edsticas personalizables, este modelo ofrece una soluci\u00f3n ideal para el transporte de mercanc\u00edas a trav\u00e9s de \u00e1reas urbanas y rurales.<\/p>\n<hr data-start=\"1031\" data-end=\"1034\" \/>\n<h2 data-start=\"1036\" data-end=\"1061\"><strong data-start=\"1039\" data-end=\"1061\">Especificaciones clave<\/strong><\/h2>\n<ul data-start=\"1063\" data-end=\"1532\">\n<li data-start=\"1063\" data-end=\"1104\">\n<table style=\"width: 95.0736%; height: 494px;\" width=\"720\">\n<tbody>\n<tr>\n<td colspan=\"2\" width=\"720\">Configuraci\u00f3n est\u00e1ndar<\/td>\n<\/tr>\n<tr>\n<td>modelo<\/td>\n<td><a href=\"#\u76ee\u5f55!A1\">C122<\/a><\/td>\n<\/tr>\n<tr>\n<td width=\"265\">Dimensi\u00f3n general<\/td>\n<td width=\"455\">3345 * 1390 * 1490mm<\/td>\n<\/tr>\n<tr>\n<td width=\"265\">Capacidad de carga<\/td>\n<td width=\"455\">900-1000kg<\/td>\n<\/tr>\n<tr>\n<td width=\"265\">Potencia del motor hidr\u00e1ulico<\/td>\n<td width=\"455\">1500W<\/td>\n<\/tr>\n<tr>\n<td width=\"265\">Voltaje est\u00e1ndar<\/td>\n<td width=\"455\">60V \/ 72V<\/td>\n<\/tr>\n<tr>\n<td width=\"265\">Controlador<\/td>\n<td width=\"455\">24 Tubo<\/td>\n<\/tr>\n<tr>\n<td width=\"265\">Modo de frenado<\/td>\n<td width=\"455\">Tambor delantero Tambor trasero<\/td>\n<\/tr>\n<tr>\n<td width=\"265\">Deslizamiento m\u00ednimo al suelo<\/td>\n<td width=\"455\">125<\/td>\n<\/tr>\n<tr>\n<td width=\"265\">Capacidad de producci\u00f3n<\/td>\n<td width=\"455\">200000set\/A\u00f1o<\/td>\n<\/tr>\n<tr>\n<td width=\"265\">Tiempo de carga<\/td>\n<td width=\"455\">8 horas<\/td>\n<\/tr>\n<tr>\n<td width=\"265\">Neum\u00e1tico delantero\/trasero Tt<\/td>\n<td width=\"455\">ruedas delanteras 4.00-12; ruedas traseras 4.50-12<\/td>\n<\/tr>\n<tr>\n<td width=\"265\">Elecci\u00f3n de color<\/td>\n<td width=\"455\">Personalizado<\/td>\n<\/tr>\n<tr>\n<td width=\"265\">Origen<\/td>\n<td width=\"455\">China<\/td>\n<\/tr>\n<tr>\n<td width=\"265\">Rango por carga\/km<\/td>\n<td width=\"455\">50 kil\u00f3metros<\/td>\n<\/tr>\n<tr>\n<td width=\"265\">Velocidad m\u00e1xima Km\/H<\/td>\n<td width=\"455\">30-45km\/h<\/td>\n<\/tr>\n<tr>\n<td width=\"265\">Capacidad de escalada<\/td>\n<td width=\"455\">\u2264 20 \u00b0<\/td>\n<\/tr>\n<\/tbody>\n<\/table>\n<\/li>\n<\/ul>\n<hr data-start=\"1534\" data-end=\"1537\" \/>\n<h2 data-start=\"1539\" data-end=\"1587\"><strong data-start=\"1542\" data-end=\"1587\">Por qu\u00e9 los clientes mayoristas eligen este veh\u00edculo<\/strong><\/h2>\n<h3 data-start=\"1589\" data-end=\"1627\">1. <strong data-start=\"1596\" data-end=\"1625\">Capacidad de carga excepcional<\/strong><\/h3>\n<p data-start=\"1628\" data-end=\"1904\">Esto <strong data-start=\"1633\" data-end=\"1660\">triciclo el\u00e9ctrico de carga<\/strong> soporta hasta 1000 kg de mercanc\u00edas, lo que lo convierte en una opci\u00f3n fiable para industrias como log\u00edstica, agricultura y distribuci\u00f3n minorista. La cama de carga de acero reforzado garantiza que los art\u00edculos pesados se transporten de forma segura sin comprometer la durabilidad.<\/p>\n<h3 data-start=\"1906\" data-end=\"1936\">2. <strong data-start=\"1913\" data-end=\"1934\">Fuerte Powertrain<\/strong><\/h3>\n<p data-start=\"1937\" data-end=\"2173\">Alimentado por un motor de 1500 W y soportado por un controlador de 24 tubos, el triciclo ofrece un par constante, incluso cuando est\u00e1 completamente cargado. Combinado con una selecci\u00f3n de bater\u00edas de 60V o 72V, proporciona flexibilidad para satisfacer diferentes necesidades empresariales.<\/p>\n<h3 data-start=\"2175\" data-end=\"2222\">3. <strong data-start=\"2182\" data-end=\"2220\">Eficiencia energ\u00e9tica y ahorro de costes<\/strong><\/h3>\n<p data-start=\"2223\" data-end=\"2491\">En comparaci\u00f3n con los veh\u00edculos de combustible, este <strong data-start=\"2265\" data-end=\"2297\">triciclo el\u00e9ctrico comercial<\/strong> Reduce los costos operativos en m\u00e1s del 50%. Con un alcance medio de 50 km por carga, est\u00e1 dise\u00f1ado para entregas de distancias cortas y medias, ofreciendo beneficios tanto ambientales como financieros.<\/p>\n<h3 data-start=\"2493\" data-end=\"2529\">4. <strong data-start=\"2500\" data-end=\"2527\">Dise\u00f1o duradero y seguro<\/strong><\/h3>\n<p data-start=\"2530\" data-end=\"2758\">El sistema de frenado de doble tambor garantiza la seguridad bajo cargas pesadas, mientras que la distancia m\u00ednima al suelo de 125 mm ayuda a navegar por terrenos desiguales. Los neum\u00e1ticos est\u00e1n dise\u00f1ados para manejar superficies \u00e1speras, lo que garantiza una conducci\u00f3n suave incluso en zonas rurales.<\/p>\n<h3 data-start=\"2760\" data-end=\"2794\">5. <strong data-start=\"2767\" data-end=\"2792\">Opciones de personalizaci\u00f3n<\/strong><\/h3>\n<p data-start=\"2795\" data-end=\"3037\">Entendemos que los compradores mayoristas a menudo necesitan soluciones a medida. Esto <strong data-start=\"2862\" data-end=\"2893\">triciclo el\u00e9ctrico al por mayor<\/strong> se puede personalizar en color, tama\u00f1o de cama de carga y marca (impresi\u00f3n del logotipo del OEM), ayudando a los distribuidores a dirigirse a sus mercados espec\u00edficos de manera efectiva.<\/p>\n<hr data-start=\"3039\" data-end=\"3042\" \/>\n<h2 data-start=\"3044\" data-end=\"3083\"><strong data-start=\"3047\" data-end=\"3083\">Garant\u00eda de calidad y producci\u00f3n<\/strong><\/h2>\n<p data-start=\"3085\" data-end=\"3396\">Nuestra f\u00e1brica tiene una capacidad de producci\u00f3n anual de 200.000 conjuntos, respaldada por una estricta gesti\u00f3n de calidad certificada por ISO. Cada unidad se somete a pruebas de carga, pruebas de frenos y pruebas de resistencia antes de la entrega. Esta producci\u00f3n a gran escala no solo garantiza la consistencia, sino que tambi\u00e9n garantiza un suministro estable para pedidos a granel.<\/p>\n<hr data-start=\"3398\" data-end=\"3401\" \/>\n<h2 data-start=\"3403\" data-end=\"3422\"><strong data-start=\"3406\" data-end=\"3422\">Aplicaciones<\/strong><\/h2>\n<p data-start=\"3424\" data-end=\"3482\">Esto <strong data-start=\"3429\" data-end=\"3461\">triciclo el\u00e9ctrico pesado<\/strong> es ampliamente utilizado en:<\/p>\n<ul data-start=\"3483\" data-end=\"3644\">\n<li data-start=\"3483\" data-end=\"3522\">\n<p data-start=\"3485\" data-end=\"3522\">Log\u00edstica local y entrega de paquetes<\/p>\n<\/li>\n<li data-start=\"3523\" data-end=\"3558\">\n<p data-start=\"3525\" data-end=\"3558\">Transporte de materiales de construcci\u00f3n<\/p>\n<\/li>\n<li data-start=\"3559\" data-end=\"3595\">\n<p data-start=\"3561\" data-end=\"3595\">Operaciones agr\u00edcolas y agr\u00edcolas<\/p>\n<\/li>\n<li data-start=\"3596\" data-end=\"3644\">\n<p data-start=\"3598\" data-end=\"3644\">Distribuci\u00f3n de cadena de suministro minorista a peque\u00f1a escala<\/p>\n<\/li>\n<\/ul>\n<hr data-start=\"3646\" data-end=\"3649\" \/>\n<h2 data-start=\"3651\" data-end=\"3668\"><strong data-start=\"3654\" data-end=\"3668\">Conclusi\u00f3n<\/strong><\/h2>\n<p data-start=\"3670\" data-end=\"4022\">Para las empresas que buscan ampliar su flota de transporte, este <strong data-start=\"3731\" data-end=\"3752\">triciclo el\u00e9ctrico<\/strong> ofrece un excelente equilibrio entre capacidad de carga, eficiencia y rentabilidad. Con caracter\u00edsticas personalizables, dise\u00f1o duradero y calidad de f\u00e1brica garantizada, es la elecci\u00f3n perfecta para clientes mayoristas que valoran tanto el rendimiento como el retorno a largo plazo de la inversi\u00f3n.<\/p>","protected":false},"excerpt":{"rendered":"<p>Nuestro \u00faltimo triciclo el\u00e9ctrico, dise\u00f1ado para pedidos a granel con materiales de alta calidad, rendimiento potente y caracter\u00edsticas personalizables, es una soluci\u00f3n ideal para compradores mayoristas y propietarios de negocios en la industria del transporte comercial que buscan eficiencia, fiabilidad y rentabilidad para el transporte diario de mercanc\u00edas urbanas y rurales.<\/p>","protected":false},"featured_media":3513,"comment_status":"open","ping_status":"closed","template":"","meta":[],"product_brand":[],"product_cat":[78],"product_tag":[],"class_list":{"0":"post-3510","1":"product","2":"type-product","3":"status-publish","4":"has-post-thumbnail","6":"product_cat-electric-tricycle","8":"first","9":"instock","10":"shipping-taxable","11":"purchasable","12":"product-type-simple"},"_links":{"self":[{"href":"https:\/\/www.tairuiauto.com\/es\/wp-json\/wp\/v2\/product\/3510","targetHints":{"allow":["GET"]}}],"collection":[{"href":"https:\/\/www.tairuiauto.com\/es\/wp-json\/wp\/v2\/product"}],"about":[{"href":"https:\/\/www.tairuiauto.com\/es\/wp-json\/wp\/v2\/types\/product"}],"replies":[{"embeddable":true,"href":"https:\/\/www.tairuiauto.com\/es\/wp-json\/wp\/v2\/comments?post=3510"}],"wp:featuredmedia":[{"embeddable":true,"href":"https:\/\/www.tairuiauto.com\/es\/wp-json\/wp\/v2\/media\/3513"}],"wp:attachment":[{"href":"https:\/\/www.tairuiauto.com\/es\/wp-json\/wp\/v2\/media?parent=3510"}],"wp:term":[{"taxonomy":"product_brand","embeddable":true,"href":"https:\/\/www.tairuiauto.com\/es\/wp-json\/wp\/v2\/product_brand?post=3510"},{"taxonomy":"product_cat","embeddable":true,"href":"https:\/\/www.tairuiauto.com\/es\/wp-json\/wp\/v2\/product_cat?post=3510"},{"taxonomy":"product_tag","embeddable":true,"href":"https:\/\/www.tairuiauto.com\/es\/wp-json\/wp\/v2\/product_tag?post=3510"}],"curies":[{"name":"WP","href":"https:\/\/api.w.org\/{rel}","templated":true}]}}