{"id":3512,"date":"2025-09-01T13:12:54","date_gmt":"2025-09-01T05:12:54","guid":{"rendered":"https:\/\/www.tairuiauto.com\/?post_type=product&#038;p=3512"},"modified":"2025-09-12T10:41:01","modified_gmt":"2025-09-12T02:41:01","slug":"electric-tricycle-large-scale-freight","status":"publish","type":"product","link":"https:\/\/www.tairuiauto.com\/es\/product\/electric-tricycle-large-scale-freight\/","title":{"rendered":"Tricicleta de carga el\u00e9ctrica"},"content":{"rendered":"<h3 data-start=\"542\" data-end=\"567\">Descripci\u00f3n del producto<\/h3>\n<table width=\"720\">\n<tbody>\n<tr>\n<td colspan=\"2\" width=\"720\">Configuraci\u00f3n est\u00e1ndar<\/td>\n<\/tr>\n<tr>\n<td>modelo<\/td>\n<td><a href=\"#\u76ee\u5f55!A1\">C304<\/a><\/td>\n<\/tr>\n<tr>\n<td width=\"265\">Dimensi\u00f3n general<\/td>\n<td width=\"455\">3360X1380X1425MM<\/td>\n<\/tr>\n<tr>\n<td width=\"265\">Capacidad de carga<\/td>\n<td width=\"455\">2000 kg<\/td>\n<\/tr>\n<tr>\n<td width=\"265\">Potencia del motor hidr\u00e1ulico<\/td>\n<td width=\"455\">1500W \/ 1800W<\/td>\n<\/tr>\n<tr>\n<td width=\"265\">Voltaje est\u00e1ndar<\/td>\n<td width=\"455\">60V \/ 72V<\/td>\n<\/tr>\n<tr>\n<td width=\"265\">Controlador<\/td>\n<td width=\"455\">24 Tubo<\/td>\n<\/tr>\n<tr>\n<td width=\"265\">Modo de frenado<\/td>\n<td width=\"455\">Tambor delantero Tambor trasero<\/td>\n<\/tr>\n<tr>\n<td width=\"265\">Deslizamiento m\u00ednimo al suelo<\/td>\n<td width=\"455\">135<\/td>\n<\/tr>\n<tr>\n<td width=\"265\">Capacidad de producci\u00f3n<\/td>\n<td width=\"455\">100000set\/a\u00f1o<\/td>\n<\/tr>\n<tr>\n<td width=\"265\">Tiempo de carga<\/td>\n<td width=\"455\">8 horas<\/td>\n<\/tr>\n<tr>\n<td width=\"265\">Neum\u00e1tico delantero\/trasero Tt<\/td>\n<td width=\"455\">ruedas delanteras 4.00-12; ruedas traseras 4.50-12<\/td>\n<\/tr>\n<tr>\n<td width=\"265\">Elecci\u00f3n de color<\/td>\n<td width=\"455\">Personalizado<\/td>\n<\/tr>\n<tr>\n<td width=\"265\">Origen<\/td>\n<td width=\"455\">China<\/td>\n<\/tr>\n<tr>\n<td width=\"265\">Rango por carga\/km<\/td>\n<td width=\"455\">50 kil\u00f3metros<\/td>\n<\/tr>\n<tr>\n<td width=\"265\">Velocidad m\u00e1xima Km\/H<\/td>\n<td width=\"455\">35-45km\/h<\/td>\n<\/tr>\n<tr>\n<td width=\"265\">Capacidad de escalada<\/td>\n<td width=\"455\">\u2264 30 \u00b0<\/td>\n<\/tr>\n<\/tbody>\n<\/table>\n<hr data-start=\"1062\" data-end=\"1065\" \/>\n<h3 data-start=\"1067\" data-end=\"1111\">Caracter\u00edsticas &amp; Ventajas (puntos de venta)<\/h3>\n<ol data-start=\"1113\" data-end=\"1976\">\n<li data-start=\"1113\" data-end=\"1339\">\n<p data-start=\"1116\" data-end=\"1339\"><strong data-start=\"1116\" data-end=\"1142\">Capacidad de carga masiva<\/strong><br data-start=\"1142\" data-end=\"1145\" \/>Esto <strong data-start=\"1150\" data-end=\"1188\">triciclo el\u00e9ctrico de carga pesada<\/strong> ofrece una carga \u00fatil m\u00e1xima de <strong data-start=\"1217\" data-end=\"1228\">2000 kg<\/strong>garantizar el transporte a granel fiable para industrias que van desde materiales de construcci\u00f3n hasta productos agr\u00edcolas.<\/p>\n<\/li>\n<li data-start=\"1341\" data-end=\"1556\">\n<p data-start=\"1344\" data-end=\"1556\"><strong data-start=\"1344\" data-end=\"1367\">Sistema de potencia fuerte<\/strong><br data-start=\"1367\" data-end=\"1370\" \/>Equipado con una <strong data-start=\"1386\" data-end=\"1420\">Motor hidr\u00e1ulico de 1500W o 1800W<\/strong> y sistema de 60V \/ 72V, el Triciclo El\u00e9ctrico de Carga a Gran Escala ofrece un rendimiento suave y maneja pendientes de hasta <strong data-start=\"1536\" data-end=\"1543\">30 \u00b0<\/strong> con facilidad.<\/p>\n<\/li>\n<li data-start=\"1558\" data-end=\"1768\">\n<p data-start=\"1561\" data-end=\"1768\"><strong data-start=\"1561\" data-end=\"1590\">Rango y velocidad eficientes<\/strong><br data-start=\"1590\" data-end=\"1593\" \/>El trike proporciona una <strong data-start=\"1614\" data-end=\"1629\">Rango de 50 km<\/strong> por carga y una velocidad m\u00e1xima de <strong data-start=\"1660\" data-end=\"1674\">35\u201345 km\/h<\/strong>lo que lo hace adecuado tanto para las entregas urbanas de corta distancia como para el transporte de mercanc\u00edas industriales.<\/p>\n<\/li>\n<li data-start=\"1770\" data-end=\"1976\">\n<p data-start=\"1773\" data-end=\"1976\"><strong data-start=\"1773\" data-end=\"1799\">Dise\u00f1o de seguridad fiable<\/strong><br data-start=\"1799\" data-end=\"1802\" \/>Con frenos de tambor delantero y trasero, <strong data-start=\"1835\" data-end=\"1862\">135 mm de distancia desde el suelo<\/strong>y neum\u00e1ticos duraderos, esto <strong data-start=\"1888\" data-end=\"1914\">trike de carga el\u00e9ctrica<\/strong> garantiza un funcionamiento estable y seguro en diversos terrenos.<\/p>\n<\/li>\n<\/ol>\n<hr data-start=\"1978\" data-end=\"1981\" \/>\n<h3 data-start=\"1983\" data-end=\"2014\">Ventajas diferenciadas<\/h3>\n<ol data-start=\"2016\" data-end=\"3041\">\n<li data-start=\"2016\" data-end=\"2285\">\n<p data-start=\"2019\" data-end=\"2285\"><strong data-start=\"2019\" data-end=\"2048\">Fabricaci\u00f3n de alto volumen<\/strong><br data-start=\"2048\" data-end=\"2051\" \/>Con una producci\u00f3n anual superior a <strong data-start=\"2083\" data-end=\"2100\">100.000 unidades<\/strong>Nuestra f\u00e1brica garantiza la capacidad de suministro a gran escala, lo que nos convierte en un socio confiable para mayoristas y distribuidores que buscan la adquisici\u00f3n consistente de triciclos el\u00e9ctricos de carga pesada.<\/p>\n<\/li>\n<li data-start=\"2287\" data-end=\"2514\">\n<p data-start=\"2290\" data-end=\"2514\"><strong data-start=\"2290\" data-end=\"2318\">Opciones OEM personalizables<\/strong><br data-start=\"2318\" data-end=\"2321\" \/>Ofrecemos <strong data-start=\"2332\" data-end=\"2353\">Personalizaci\u00f3n OEM<\/strong> incluyendo opciones de tama\u00f1o, material y marca. Los clientes pueden personalizar su veh\u00edculo el\u00e9ctrico industrial de tres ruedas para adaptarse a la identidad de la empresa y sus necesidades operacionales.<\/p>\n<\/li>\n<li data-start=\"2516\" data-end=\"2814\">\n<p data-start=\"2519\" data-end=\"2814\"><strong data-start=\"2519\" data-end=\"2550\">Aplicaciones Intersectoriales<\/strong><br data-start=\"2550\" data-end=\"2553\" \/>A diferencia de los modelos convencionales, el triciclo el\u00e9ctrico de carga a gran escala ha demostrado ser eficaz en m\u00faltiples industrias: <strong data-start=\"2668\" data-end=\"2732\">log\u00edstica, agricultura, construcci\u00f3n y distribuci\u00f3n urbana<\/strong>Esta versatilidad refuerza su posici\u00f3n como un trike de carga el\u00e9ctrica l\u00edder.<\/p>\n<\/li>\n<li data-start=\"2816\" data-end=\"3041\">\n<p data-start=\"2819\" data-end=\"3041\"><strong data-start=\"2819\" data-end=\"2849\">Sostenibilidad de ahorro de costos<\/strong><br data-start=\"2849\" data-end=\"2852\" \/>Cambiar de veh\u00edculos de combustible a esto <strong data-start=\"2889\" data-end=\"2916\">triciclo de carga el\u00e9ctrico<\/strong> Reduce tanto la huella de carbono como los costes operativos a largo plazo, ofreciendo a los compradores una ventaja competitiva en log\u00edstica verde.<\/p>\n<\/li>\n<\/ol>\n<hr data-start=\"3043\" data-end=\"3046\" \/>\n<h3 data-start=\"3048\" data-end=\"3076\">Especificaciones del producto<\/h3>\n<ul data-start=\"3077\" data-end=\"3458\">\n<li data-start=\"3077\" data-end=\"3118\">\n<p data-start=\"3079\" data-end=\"3118\"><strong data-start=\"3079\" data-end=\"3094\">Dimensiones:<\/strong> 3360 \u00d7 1380 \u00d7 1425 mm<\/p>\n<\/li>\n<li data-start=\"3119\" data-end=\"3169\">\n<p data-start=\"3121\" data-end=\"3169\"><strong data-start=\"3121\" data-end=\"3137\">Potencia del motor:<\/strong> Motor hidr\u00e1ulico 1500W \/ 1800W<\/p>\n<\/li>\n<li data-start=\"3170\" data-end=\"3204\">\n<p data-start=\"3172\" data-end=\"3204\"><strong data-start=\"3172\" data-end=\"3192\">Opciones de voltaje:<\/strong> 60V \/ 72V<\/p>\n<\/li>\n<li data-start=\"3205\" data-end=\"3235\">\n<p data-start=\"3207\" data-end=\"3235\"><strong data-start=\"3207\" data-end=\"3225\">Capacidad de carga:<\/strong> 2000 kg<\/p>\n<\/li>\n<li data-start=\"3236\" data-end=\"3265\">\n<p data-start=\"3238\" data-end=\"3265\"><strong data-start=\"3238\" data-end=\"3252\">Velocidad m\u00e1xima:<\/strong> 35\u201345 km\/h<\/p>\n<\/li>\n<li data-start=\"3266\" data-end=\"3297\">\n<p data-start=\"3268\" data-end=\"3297\"><strong data-start=\"3268\" data-end=\"3289\">Rango por carga:<\/strong> 50 kil\u00f3metros<\/p>\n<\/li>\n<li data-start=\"3298\" data-end=\"3328\">\n<p data-start=\"3300\" data-end=\"3328\"><strong data-start=\"3300\" data-end=\"3321\">Capacidad de escalada:<\/strong> \u2264 30 \u00b0<\/p>\n<\/li>\n<li data-start=\"3329\" data-end=\"3361\">\n<p data-start=\"3331\" data-end=\"3361\"><strong data-start=\"3331\" data-end=\"3352\">Liberaci\u00f3n de tierra:<\/strong> 135 mm<\/p>\n<\/li>\n<li data-start=\"3362\" data-end=\"3409\">\n<p data-start=\"3364\" data-end=\"3409\"><strong data-start=\"3364\" data-end=\"3378\">Tama\u00f1o del neum\u00e1tico:<\/strong> Anterior 4.00-12 \/ Trasero 4.50-12<\/p>\n<\/li>\n<li data-start=\"3410\" data-end=\"3458\">\n<p data-start=\"3412\" data-end=\"3458\"><strong data-start=\"3412\" data-end=\"3431\">Sistema de frenado:<\/strong> Frente &amp; frenos de tambor traseros<\/p>\n<\/li>\n<\/ul>\n<hr data-start=\"3460\" data-end=\"3463\" \/>\n<h3 data-start=\"3465\" data-end=\"3479\">Material<\/h3>\n<p data-start=\"3480\" data-end=\"3532\">Marco de acero de alta resistencia con chasis reforzado.<\/p>\n<hr data-start=\"3534\" data-end=\"3537\" \/>\n<h3 data-start=\"3539\" data-end=\"3564\">Apariencia &amp; Dise\u00f1o<\/h3>\n<p data-start=\"3565\" data-end=\"3654\">Pr\u00e1ctico, robusto y personalizable en m\u00faltiples colores para alinearse con la marca del cliente.<\/p>\n<hr data-start=\"3656\" data-end=\"3659\" \/>\n<h3 data-start=\"3661\" data-end=\"3686\">OEM \/ personalizaci\u00f3n<\/h3>\n<p data-start=\"3687\" data-end=\"3785\">Las opciones incluyen: <strong data-start=\"3704\" data-end=\"3782\">dise\u00f1o, dimensiones, materiales, colores de pintura, logotipos de marca y embalaje<\/strong>.<\/p>\n<hr data-start=\"3787\" data-end=\"3790\" \/>\n<h3 data-start=\"3792\" data-end=\"3813\">Control de calidad<\/h3>\n<ul data-start=\"3814\" data-end=\"3969\">\n<li data-start=\"3814\" data-end=\"3848\">\n<p data-start=\"3816\" data-end=\"3848\">Prueba estricta de la l\u00ednea de producci\u00f3n<\/p>\n<\/li>\n<li data-start=\"3849\" data-end=\"3925\">\n<p data-start=\"3851\" data-end=\"3925\">Compromiso de calidad: cada unidad se somete a una inspecci\u00f3n completa antes del env\u00edo<\/p>\n<\/li>\n<li data-start=\"3926\" data-end=\"3969\">\n<p data-start=\"3928\" data-end=\"3969\">Cumplimiento con las normas internacionales<\/p>\n<\/li>\n<\/ul>\n<hr data-start=\"3971\" data-end=\"3974\" \/>\n<h3 data-start=\"3976\" data-end=\"4003\">Embalaje &amp; Log\u00edstica<\/h3>\n<ul data-start=\"4004\" data-end=\"4126\">\n<li data-start=\"4004\" data-end=\"4033\">\n<p data-start=\"4006\" data-end=\"4033\">Embalaje est\u00e1ndar de exportaci\u00f3n<\/p>\n<\/li>\n<li data-start=\"4034\" data-end=\"4074\">\n<p data-start=\"4036\" data-end=\"4074\">Transporte mar\u00edtimo\/terrestre<\/p>\n<\/li>\n<li data-start=\"4075\" data-end=\"4126\">\n<p data-start=\"4077\" data-end=\"4126\">Entrega r\u00e1pida soportada por capacidad de alto volumen<\/p>\n<\/li>\n<\/ul>\n<hr data-start=\"4128\" data-end=\"4131\" \/>\n<h3 data-start=\"4133\" data-end=\"4158\">Servicio posventa<\/h3>\n<ul data-start=\"4159\" data-end=\"4304\">\n<li data-start=\"4159\" data-end=\"4197\">\n<p data-start=\"4161\" data-end=\"4197\">Instalaci\u00f3n &amp; gu\u00eda de ajuste<\/p>\n<\/li>\n<li data-start=\"4198\" data-end=\"4215\">\n<p data-start=\"4200\" data-end=\"4215\">Formaci\u00f3n de usuarios<\/p>\n<\/li>\n<li data-start=\"4216\" data-end=\"4253\">\n<p data-start=\"4218\" data-end=\"4253\">Soporte posventa integral<\/p>\n<\/li>\n<li data-start=\"4254\" data-end=\"4304\">\n<p data-start=\"4256\" data-end=\"4304\">Servicio de mantenimiento y Disponibilidad de piezas de repuesto<\/p>\n<\/li>\n<\/ul>\n<hr data-start=\"4306\" data-end=\"4309\" \/>\n<h3 data-start=\"4311\" data-end=\"4329\">Aplicaciones<\/h3>\n<ul data-start=\"4330\" data-end=\"4455\">\n<li data-start=\"4330\" data-end=\"4360\">\n<p data-start=\"4332\" data-end=\"4360\">Log\u00edstica y Entrega urbana<\/p>\n<\/li>\n<li data-start=\"4361\" data-end=\"4387\">\n<p data-start=\"4363\" data-end=\"4387\">Transporte agr\u00edcola<\/p>\n<\/li>\n<li data-start=\"4388\" data-end=\"4419\">\n<p data-start=\"4390\" data-end=\"4419\">Movimiento de mercanc\u00edas industriales<\/p>\n<\/li>\n<li data-start=\"4420\" data-end=\"4455\">\n<p data-start=\"4422\" data-end=\"4455\">Transporte de carga en el sitio de construcci\u00f3n<\/p>\n<\/li>\n<\/ul>\n<hr data-start=\"4457\" data-end=\"4460\" \/>\n<h3 data-start=\"4462\" data-end=\"4483\">Opciones de pago<\/h3>\n<p data-start=\"4484\" data-end=\"4552\">T\u00e9rminos de pago flexibles disponibles para compradores mayoristas y de proyectos.<\/p>\n<hr data-start=\"4554\" data-end=\"4557\" \/>\n<h3 data-start=\"4559\" data-end=\"4568\">Preguntas frecuentes<\/h3>\n<p data-start=\"4570\" data-end=\"4707\"><strong data-start=\"4570\" data-end=\"4615\">Q1: \u00bfCu\u00e1l es la capacidad m\u00e1xima de carga?<\/strong><br data-start=\"4615\" data-end=\"4618\" \/>A: Hasta <strong data-start=\"4627\" data-end=\"4638\">2000 kg<\/strong>lo que lo convierte en uno de los trikes el\u00e9ctricos de carga m\u00e1s fuertes disponibles.<\/p>\n<p data-start=\"4709\" data-end=\"4825\"><strong data-start=\"4709\" data-end=\"4748\">Q2: \u00bfSe puede personalizar el triciclo?<\/strong><br data-start=\"4748\" data-end=\"4751\" \/>R: S\u00ed, los servicios del OEM incluyen dise\u00f1o, dimensiones, material y marca.<\/p>\n<p data-start=\"4827\" data-end=\"4955\"><strong data-start=\"4827\" data-end=\"4864\">Q3: \u00bfCu\u00e1l es el rango por carga?<\/strong><br data-start=\"4864\" data-end=\"4867\" \/>A: Aproximadamente <strong data-start=\"4884\" data-end=\"4893\">50 kil\u00f3metros<\/strong>adecuado para la mayor\u00eda de las operaciones industriales y urbanas de carga.<\/p>\n<p data-start=\"4957\" data-end=\"5073\"><strong data-start=\"4957\" data-end=\"5000\">Q4: \u00bfQu\u00e9 tan fiable es el sistema de frenado?<\/strong><br data-start=\"5000\" data-end=\"5003\" \/>R: Tanto los frenos de tambor delanteros como traseros garantizan un funcionamiento seguro y estable.<\/p>\n<p data-start=\"5075\" data-end=\"5257\"><strong data-start=\"5075\" data-end=\"5133\">Q5: \u00bfPara qu\u00e9 industrias es este producto m\u00e1s adecuado?<\/strong><br data-start=\"5133\" data-end=\"5136\" \/>R: Es ideal para <strong data-start=\"5155\" data-end=\"5254\">empresas log\u00edsticas, empresas agr\u00edcolas, proyectos de construcci\u00f3n y distribuidores mayoristas<\/strong>.<\/p>","protected":false},"excerpt":{"rendered":"<p>El <strong data-start=\"572\" data-end=\"613\">Tricicleta el\u00e9ctrica de carga a gran escala<\/strong> Est\u00e1 dise\u00f1ado para empresas que requieren un transporte de carga fiable, de alta capacidad y sostenible. Con un cuerpo de acero reforzado, potentes opciones de motor hidr\u00e1ulico (1500W\/1800W) y una carga m\u00e1xima de <strong data-start=\"819\" data-end=\"830\">2000 kg<\/strong>Este veh\u00edculo garantiza operaciones eficientes en log\u00edstica, construcci\u00f3n y agricultura. Su dise\u00f1o equilibra resistencia, resistencia y rendimiento ecol\u00f3gico, lo que lo convierte en una opci\u00f3n l\u00edder entre los veh\u00edculos el\u00e9ctricos industriales de tres ruedas.<\/p>","protected":false},"featured_media":3514,"comment_status":"open","ping_status":"closed","template":"","meta":[],"product_brand":[],"product_cat":[78],"product_tag":[],"class_list":{"0":"post-3512","1":"product","2":"type-product","3":"status-publish","4":"has-post-thumbnail","6":"product_cat-electric-tricycle","8":"first","9":"instock","10":"shipping-taxable","11":"purchasable","12":"product-type-simple"},"_links":{"self":[{"href":"https:\/\/www.tairuiauto.com\/es\/wp-json\/wp\/v2\/product\/3512","targetHints":{"allow":["GET"]}}],"collection":[{"href":"https:\/\/www.tairuiauto.com\/es\/wp-json\/wp\/v2\/product"}],"about":[{"href":"https:\/\/www.tairuiauto.com\/es\/wp-json\/wp\/v2\/types\/product"}],"replies":[{"embeddable":true,"href":"https:\/\/www.tairuiauto.com\/es\/wp-json\/wp\/v2\/comments?post=3512"}],"wp:featuredmedia":[{"embeddable":true,"href":"https:\/\/www.tairuiauto.com\/es\/wp-json\/wp\/v2\/media\/3514"}],"wp:attachment":[{"href":"https:\/\/www.tairuiauto.com\/es\/wp-json\/wp\/v2\/media?parent=3512"}],"wp:term":[{"taxonomy":"product_brand","embeddable":true,"href":"https:\/\/www.tairuiauto.com\/es\/wp-json\/wp\/v2\/product_brand?post=3512"},{"taxonomy":"product_cat","embeddable":true,"href":"https:\/\/www.tairuiauto.com\/es\/wp-json\/wp\/v2\/product_cat?post=3512"},{"taxonomy":"product_tag","embeddable":true,"href":"https:\/\/www.tairuiauto.com\/es\/wp-json\/wp\/v2\/product_tag?post=3512"}],"curies":[{"name":"WP","href":"https:\/\/api.w.org\/{rel}","templated":true}]}}