{"id":3523,"date":"2026-01-17T09:41:16","date_gmt":"2026-01-17T01:41:16","guid":{"rendered":"https:\/\/www.tairuiauto.com\/?post_type=product&#038;p=3523"},"modified":"2026-01-27T10:41:52","modified_gmt":"2026-01-27T02:41:52","slug":"electric-lift-tricycle","status":"publish","type":"product","link":"https:\/\/www.tairuiauto.com\/es\/product\/electric-lift-tricycle\/","title":{"rendered":"Elevador el\u00e9ctrico triciclo para uso en huertos"},"content":{"rendered":"<h2 style=\"padding-left: 40px;\" data-start=\"618\" data-end=\"642\">Descripci\u00f3n general del producto<\/h2>\n<p style=\"padding-left: 40px;\" data-start=\"643\" data-end=\"1321\">El <strong data-start=\"507\" data-end=\"549\">Elevador el\u00e9ctrico triciclo para uso en huertos<\/strong> es un veh\u00edculo de carga el\u00e9ctrico pesado dise\u00f1ado espec\u00edficamente para entornos frutales y agr\u00edcolas. Combina una caja de carga reforzada, mecanismo de elevaci\u00f3n hidr\u00e1ulico y tren el\u00e9ctrico estable para mejorar la eficiencia de carga y reducir el trabajo manual.<\/p>\n<h2 style=\"padding-left: 40px;\"><strong><b>Par\u00e1metros:<\/b><\/strong><\/h2>\n<table style=\"margin-left: 40px;\">\n<tbody style=\"padding-left: 40px;\">\n<tr style=\"padding-left: 40px;\">\n<td style=\"padding-left: 40px;\" width=\"265\">modelo<\/td>\n<td style=\"padding-left: 40px;\" width=\"455\">Elevador el\u00e9ctrico triciclo para uso en huertos<\/td>\n<\/tr>\n<tr style=\"padding-left: 40px;\">\n<td style=\"padding-left: 40px;\" width=\"265\">Tama\u00f1o de la caja de carga<\/td>\n<td style=\"padding-left: 40px;\" width=\"455\">1600 mm * 1000 mm<\/td>\n<\/tr>\n<tr style=\"padding-left: 40px;\">\n<td style=\"padding-left: 40px;\" width=\"265\">Capacidad de carga<\/td>\n<td style=\"padding-left: 40px;\" width=\"455\">600 kg<\/td>\n<\/tr>\n<tr style=\"padding-left: 40px;\">\n<td style=\"padding-left: 40px;\" width=\"265\">Potencia del motor hidr\u00e1ulico<\/td>\n<td style=\"padding-left: 40px;\" width=\"455\">1000W<\/td>\n<\/tr>\n<tr style=\"padding-left: 40px;\">\n<td style=\"padding-left: 40px;\" width=\"265\">Voltaje est\u00e1ndar<\/td>\n<td style=\"padding-left: 40px;\" width=\"455\">60\/72V<\/td>\n<\/tr>\n<tr style=\"padding-left: 40px;\">\n<td style=\"padding-left: 40px;\" width=\"265\">Controlador<\/td>\n<td style=\"padding-left: 40px;\" width=\"455\">18 Tubo<\/td>\n<\/tr>\n<tr style=\"padding-left: 40px;\">\n<td style=\"padding-left: 40px;\" width=\"265\">Modo de frenado<\/td>\n<td style=\"padding-left: 40px;\" width=\"455\">Pie en tambor mec\u00e1nico estacionamiento manual<\/td>\n<\/tr>\n<tr style=\"padding-left: 40px;\">\n<td style=\"padding-left: 40px;\" width=\"265\">Deslizamiento m\u00ednimo al suelo<\/td>\n<td style=\"padding-left: 40px;\" width=\"455\">135<\/td>\n<\/tr>\n<tr style=\"padding-left: 40px;\">\n<td style=\"padding-left: 40px;\" width=\"265\">Capacidad de producci\u00f3n<\/td>\n<td style=\"padding-left: 40px;\" width=\"455\">100000set\/a\u00f1o<\/td>\n<\/tr>\n<tr style=\"padding-left: 40px;\">\n<td style=\"padding-left: 40px;\" width=\"265\">Tiempo de carga<\/td>\n<td style=\"padding-left: 40px;\" width=\"455\">8 horas<\/td>\n<\/tr>\n<tr style=\"padding-left: 40px;\">\n<td style=\"padding-left: 40px;\" width=\"265\">Neum\u00e1tico delantero\/trasero Tt<\/td>\n<td style=\"padding-left: 40px;\" width=\"455\">3.75-12 ruedas delanteras 4.00-12 ruedas traseras<\/td>\n<\/tr>\n<tr style=\"padding-left: 40px;\">\n<td style=\"padding-left: 40px;\" width=\"265\">Elecci\u00f3n de color<\/td>\n<td style=\"padding-left: 40px;\" width=\"455\">Personalizado<\/td>\n<\/tr>\n<tr style=\"padding-left: 40px;\">\n<td style=\"padding-left: 40px;\" width=\"265\">Origen<\/td>\n<td style=\"padding-left: 40px;\" width=\"455\">China<\/td>\n<\/tr>\n<tr style=\"padding-left: 40px;\">\n<td style=\"padding-left: 40px;\" width=\"265\">Rango por carga\/km<\/td>\n<td style=\"padding-left: 40px;\" width=\"455\">40 kil\u00f3metros<\/td>\n<\/tr>\n<tr style=\"padding-left: 40px;\">\n<td style=\"padding-left: 40px;\" width=\"265\">Velocidad m\u00e1xima Km\/H<\/td>\n<td style=\"padding-left: 40px;\" width=\"455\">30-40 km\/h<\/td>\n<\/tr>\n<tr style=\"padding-left: 40px;\">\n<td style=\"padding-left: 40px;\" width=\"265\">Capacidad de escalada<\/td>\n<td style=\"padding-left: 40px;\" width=\"455\">\u2264 30 \u00b0<\/td>\n<\/tr>\n<\/tbody>\n<\/table>\n<hr style=\"padding-left: 40px;\" data-start=\"808\" data-end=\"811\" \/>\n<h2 style=\"padding-left: 40px;\" data-start=\"813\" data-end=\"835\">Descripci\u00f3n del producto<\/h2>\n<h3 style=\"padding-left: 40px;\" data-start=\"837\" data-end=\"859\">Categor\u00eda de producto<\/h3>\n<p style=\"padding-left: 40px;\" data-start=\"860\" data-end=\"944\">Triciclo el\u00e9ctrico de carga \/ veh\u00edculo el\u00e9ctrico agr\u00edcola \/ triciclo de transporte de huerto<\/p>\n<h3 style=\"padding-left: 40px;\" data-start=\"946\" data-end=\"971\">Descripci\u00f3n del producto<\/h3>\n<p style=\"padding-left: 40px;\" data-start=\"973\" data-end=\"1301\">El <strong data-start=\"977\" data-end=\"1019\">Elevador el\u00e9ctrico triciclo para uso en huertos<\/strong> Est\u00e1 construido para satisfacer las exigentes necesidades de transporte de huertos, granjas y \u00e1reas de producci\u00f3n rural. Equipado con una <strong data-start=\"1136\" data-end=\"1167\">Caja de carga de 1600 mm \u00d7 1000 mm<\/strong>El veh\u00edculo proporciona amplio espacio para cajas de frutas, herramientas y materiales agr\u00edcolas, con un <strong data-start=\"1262\" data-end=\"1300\">Capacidad m\u00e1xima de carga de 600 kg<\/strong>.<\/p>\n<p style=\"padding-left: 40px;\" data-start=\"1303\" data-end=\"1739\">Una caracter\u00edstica clave de este modelo es su <strong data-start=\"1338\" data-end=\"1401\">sistema de elevaci\u00f3n hidr\u00e1ulico impulsado por un motor hidr\u00e1ulico de 1000W<\/strong>permitiendo a los operadores cargar y descargar mercanc\u00edas de manera eficiente, especialmente en terrenos desiguales. El sistema el\u00e9ctrico apoya <strong data-start=\"1527\" data-end=\"1574\">Configuraciones de voltaje est\u00e1ndar de 60V y 72V<\/strong>Ofrecendo flexibilidad para diferentes requisitos de rendimiento y coste. Un <strong data-start=\"1649\" data-end=\"1671\">Controlador de 18 tubos<\/strong> asegura una salida de potencia estable y un funcionamiento sin problemas bajo cargas pesadas.<\/p>\n<p style=\"padding-left: 40px;\"><img fetchpriority=\"high\" decoding=\"async\" class=\"size-medium wp-image-3531 alignleft\" src=\"https:\/\/www.tairuiauto.com\/wp-content\/uploads\/2025\/09\/3-2-300x226.jpg\" alt=\"\" width=\"300\" height=\"226\" srcset=\"\" sizes=\"(max-width: 300px) 100vw, 300px\" data-srcset=\"\" \/><img decoding=\"async\" class=\"size-medium wp-image-3530 alignright\" src=\"https:\/\/www.tairuiauto.com\/wp-content\/uploads\/2025\/09\/2-1-300x225.jpg\" alt=\"\" width=\"300\" height=\"225\" srcset=\"\" sizes=\"(max-width: 300px) 100vw, 300px\" data-srcset=\"\" \/><img decoding=\"async\" class=\"size-medium wp-image-3532 aligncenter\" src=\"https:\/\/www.tairuiauto.com\/wp-content\/uploads\/2025\/09\/4-2-300x225.jpg\" alt=\"\" width=\"300\" height=\"225\" srcset=\"\" sizes=\"(max-width: 300px) 100vw, 300px\" data-srcset=\"\" \/><\/p>\n<hr style=\"padding-left: 40px;\" data-start=\"2501\" data-end=\"2504\" \/>\n<p style=\"padding-left: 40px;\" data-start=\"1741\" data-end=\"2077\">El triciclo est\u00e1 dise\u00f1ado para durabilidad y seguridad, con una <strong data-start=\"1805\" data-end=\"1857\">sistema de frenado mec\u00e1nico de tambor con control de pie<\/strong>Combinado con una <strong data-start=\"1875\" data-end=\"1899\">freno de estacionamiento manual<\/strong> para garantizar una parada segura en las pendientes y durante la carga. Con una <strong data-start=\"1963\" data-end=\"2001\">distancia m\u00ednima al suelo de 135 mm<\/strong>El veh\u00edculo puede manejar f\u00e1cilmente caminos \u00e1spero, carreteras de tierra y senderos de huertos.<\/p>\n<p style=\"padding-left: 40px;\" data-start=\"2079\" data-end=\"2459\">La configuraci\u00f3n de ruedas incluye <strong data-start=\"2112\" data-end=\"2135\">3.75-12 neum\u00e1ticos delanteros<\/strong> y <strong data-start=\"2140\" data-end=\"2162\">4.00-12 neum\u00e1ticos traseros<\/strong>proporcionando una fuerte tracci\u00f3n y estabilidad cuando est\u00e1 completamente cargada. El veh\u00edculo ofrece una <strong data-start=\"2246\" data-end=\"2277\">Velocidad m\u00e1xima de 30-40 km\/h<\/strong> y una <strong data-start=\"2284\" data-end=\"2327\">autonom\u00eda de conducci\u00f3n de hasta 40 km por carga<\/strong>lo que lo hace adecuado para las operaciones diarias de los huertos. El tiempo de carga es aproximadamente <strong data-start=\"2409\" data-end=\"2420\">8 horas<\/strong>que soporta ciclos de carga durante la noche.<\/p>\n<p style=\"padding-left: 40px;\" data-start=\"2461\" data-end=\"2818\">Con una <strong data-start=\"2468\" data-end=\"2501\">capacidad de escalada de hasta 30\u00b0<\/strong>El triciclo funciona de manera fiable en pendientes com\u00fanmente encontradas en huertos monta\u00f1osos y tierras agr\u00edcolas. Las opciones de color pueden ser <strong data-start=\"2612\" data-end=\"2626\">personalizado<\/strong> para satisfacer las preferencias de marca o operacionales. Fabricado en <strong data-start=\"2688\" data-end=\"2697\">China<\/strong>Este modelo es apoyado por un <strong data-start=\"2728\" data-end=\"2777\">Capacidad de producci\u00f3n de 100.000 unidades por a\u00f1o<\/strong>, asegurando un suministro estable para pedidos a granel.<\/p>\n<hr style=\"padding-left: 40px;\" data-start=\"2820\" data-end=\"2823\" \/>\n<h2 style=\"padding-left: 40px;\" data-start=\"2825\" data-end=\"2853\">Caracter\u00edsticas clave &amp; Ventajas<\/h2>\n<h3 style=\"padding-left: 40px;\" data-start=\"2855\" data-end=\"2869\">Caracter\u00edsticas<\/h3>\n<ul>\n<li style=\"list-style-type: none;\">\n<ul data-start=\"2870\" data-end=\"3073\">\n<li data-start=\"2870\" data-end=\"2912\">\n<p data-start=\"2872\" data-end=\"2912\">Sistema de elevaci\u00f3n hidr\u00e1ulica con motor de 1000W<\/p>\n<\/li>\n<li data-start=\"2913\" data-end=\"2948\">\n<p data-start=\"2915\" data-end=\"2948\">Alta capacidad de carga hasta 600 kg<\/p>\n<\/li>\n<li data-start=\"2949\" data-end=\"2994\">\n<p data-start=\"2951\" data-end=\"2994\">Caja de carga reforzada para uso agr\u00edcola<\/p>\n<\/li>\n<li data-start=\"2995\" data-end=\"3030\">\n<p data-start=\"2997\" data-end=\"3030\">Opciones de voltaje doble: 60V \/ 72V<\/p>\n<\/li>\n<li data-start=\"3031\" data-end=\"3073\">\n<p data-start=\"3033\" data-end=\"3073\">Freno de tambor estable con freno de estacionamiento<\/p>\n<\/li>\n<\/ul>\n<\/li>\n<\/ul>\n<h3 style=\"padding-left: 40px;\" data-start=\"3075\" data-end=\"3091\">Ventajas<\/h3>\n<ul>\n<li style=\"list-style-type: none;\">\n<ul data-start=\"3092\" data-end=\"3295\">\n<li data-start=\"3092\" data-end=\"3139\">\n<p data-start=\"3094\" data-end=\"3139\">Reduce la manipulaci\u00f3n manual y la intensidad del trabajo<\/p>\n<\/li>\n<li data-start=\"3140\" data-end=\"3190\">\n<p data-start=\"3142\" data-end=\"3190\">Carga y descarga eficientes de mercanc\u00edas pesadas<\/p>\n<\/li>\n<li data-start=\"3191\" data-end=\"3241\">\n<p data-start=\"3193\" data-end=\"3241\">Rendimiento fiable en terrenos desiguales<\/p>\n<\/li>\n<li data-start=\"3242\" data-end=\"3295\">\n<p data-start=\"3244\" data-end=\"3295\">Configuraci\u00f3n flexible para diferentes necesidades del mercado<\/p>\n<\/li>\n<\/ul>\n<\/li>\n<\/ul>\n<h3 style=\"padding-left: 40px;\" data-start=\"3297\" data-end=\"3317\">Beneficios del comprador<\/h3>\n<ul>\n<li style=\"list-style-type: none;\">\n<ul data-start=\"3318\" data-end=\"3488\">\n<li data-start=\"3318\" data-end=\"3359\">\n<p data-start=\"3320\" data-end=\"3359\">Mejora de la eficiencia del transporte de huertos<\/p>\n<\/li>\n<li data-start=\"3360\" data-end=\"3403\">\n<p data-start=\"3362\" data-end=\"3403\">Menores costos operativos y de mantenimiento<\/p>\n<\/li>\n<li data-start=\"3404\" data-end=\"3447\">\n<p data-start=\"3406\" data-end=\"3447\">Adecuado para uso agr\u00edcola a largo plazo<\/p>\n<\/li>\n<li data-start=\"3448\" data-end=\"3488\">\n<p data-start=\"3450\" data-end=\"3488\">Aspecto personalizable para la marca<\/p>\n<\/li>\n<\/ul>\n<\/li>\n<\/ul>\n<h3 style=\"padding-left: 40px;\" data-start=\"3490\" data-end=\"3504\">Evidencia<\/h3>\n<ul>\n<li style=\"list-style-type: none;\">\n<ul data-start=\"3505\" data-end=\"3624\">\n<li data-start=\"3505\" data-end=\"3543\">\n<p data-start=\"3507\" data-end=\"3543\">Estructura de elevaci\u00f3n hidr\u00e1ulica probada<\/p>\n<\/li>\n<li data-start=\"3544\" data-end=\"3589\">\n<p data-start=\"3546\" data-end=\"3589\">Configuraci\u00f3n de neum\u00e1ticos y chasis para uso pesado<\/p>\n<\/li>\n<li data-start=\"3590\" data-end=\"3624\">\n<p data-start=\"3592\" data-end=\"3624\">Sistema de control el\u00e9ctrico estable<\/p>\n<\/li>\n<\/ul>\n<\/li>\n<\/ul>\n<hr style=\"padding-left: 40px;\" data-start=\"3626\" data-end=\"3629\" \/>\n<h2 style=\"padding-left: 40px;\" data-start=\"3631\" data-end=\"3655\">Escenarios de aplicaci\u00f3n<\/h2>\n<ul>\n<li style=\"list-style-type: none;\">\n<ul data-start=\"3657\" data-end=\"3856\">\n<li data-start=\"3657\" data-end=\"3704\">\n<p data-start=\"3659\" data-end=\"3704\">Recolecci\u00f3n y transporte de frutos<\/p>\n<\/li>\n<li data-start=\"3705\" data-end=\"3731\">\n<p data-start=\"3707\" data-end=\"3731\">Log\u00edstica de productos agr\u00edcolas<\/p>\n<\/li>\n<li data-start=\"3732\" data-end=\"3773\">\n<p data-start=\"3734\" data-end=\"3773\">Transporte de materiales agr\u00edcolas rurales<\/p>\n<\/li>\n<li data-start=\"3774\" data-end=\"3814\">\n<p data-start=\"3776\" data-end=\"3814\">Operaciones de invernadero y plantaci\u00f3n<\/p>\n<\/li>\n<li data-start=\"3815\" data-end=\"3856\">\n<p data-start=\"3817\" data-end=\"3856\">Distribuci\u00f3n agr\u00edcola a peque\u00f1a escala<\/p>\n<\/li>\n<\/ul>\n<\/li>\n<\/ul>\n<hr style=\"padding-left: 40px;\" data-start=\"3858\" data-end=\"3861\" \/>\n<h2 style=\"padding-left: 40px;\" data-start=\"3863\" data-end=\"3904\">Por qu\u00e9 elegir este triciclo de ascensor el\u00e9ctrico<\/h2>\n<p style=\"padding-left: 40px;\" data-start=\"3906\" data-end=\"4183\">El <strong data-start=\"3910\" data-end=\"3952\">Elevador el\u00e9ctrico triciclo para uso en huertos<\/strong> Est\u00e1 dise\u00f1ado con la practicidad y la durabilidad en mente. Su funci\u00f3n de elevaci\u00f3n hidr\u00e1ulica, su fuerte rendimiento de escalada y su alta capacidad de carga lo convierten en una soluci\u00f3n de transporte el\u00e9ctrico ideal para operaciones modernas de huertos y agricultura.<\/p>\n<hr style=\"padding-left: 40px;\" data-start=\"4185\" data-end=\"4188\" \/>\n<h2 style=\"padding-left: 40px;\" data-start=\"4190\" data-end=\"4213\">Embalaje &amp; Entrega<\/h2>\n<ul>\n<li style=\"list-style-type: none;\">\n<ul data-start=\"4215\" data-end=\"4383\">\n<li data-start=\"4215\" data-end=\"4248\">\n<p data-start=\"4217\" data-end=\"4248\"><strong data-start=\"4217\" data-end=\"4235\">Opciones de color:<\/strong> Personalizado<\/p>\n<\/li>\n<li data-start=\"4249\" data-end=\"4270\">\n<p data-start=\"4251\" data-end=\"4270\"><strong data-start=\"4251\" data-end=\"4262\">Origen:<\/strong> China<\/p>\n<\/li>\n<li data-start=\"4271\" data-end=\"4321\">\n<p data-start=\"4273\" data-end=\"4321\"><strong data-start=\"4273\" data-end=\"4297\">Capacidad de producci\u00f3n:<\/strong> 100.000 conjuntos por a\u00f1o<\/p>\n<\/li>\n<li data-start=\"4322\" data-end=\"4383\">\n<p data-start=\"4324\" data-end=\"4383\"><strong data-start=\"4324\" data-end=\"4342\">Formulario de entrega:<\/strong> CKD \/ SKD \/ completamente montado (opcional)<\/p>\n<\/li>\n<\/ul>\n<\/li>\n<\/ul>\n<hr style=\"padding-left: 40px;\" data-start=\"4385\" data-end=\"4388\" \/>\n<h2 style=\"padding-left: 40px;\" data-start=\"4390\" data-end=\"4396\">Preguntas frecuentes<\/h2>\n<p style=\"padding-left: 40px;\" data-start=\"4398\" data-end=\"4545\"><strong data-start=\"4398\" data-end=\"4460\">Q1: \u00bfCu\u00e1l es la capacidad de carga m\u00e1xima de este triciclo?<\/strong><br data-start=\"4460\" data-end=\"4463\" \/>La capacidad m\u00e1xima de carga es <strong data-start=\"4495\" data-end=\"4505\">600 kg<\/strong>Adecuado para productos agr\u00edcolas pesados.<\/p>\n<p style=\"padding-left: 40px;\" data-start=\"4547\" data-end=\"4687\"><strong data-start=\"4547\" data-end=\"4598\">Q2: \u00bfEl veh\u00edculo soporta la elevaci\u00f3n hidr\u00e1ulica?<\/strong><br data-start=\"4598\" data-end=\"4601\" \/>- S\u00ed. - S\u00ed. Est\u00e1 equipado con una <strong data-start=\"4628\" data-end=\"4653\">Motor hidr\u00e1ulico 1000W<\/strong> para operaciones de elevaci\u00f3n eficientes.<\/p>\n<p style=\"padding-left: 40px;\" data-start=\"4689\" data-end=\"4789\"><strong data-start=\"4689\" data-end=\"4732\">Q3: \u00bfQu\u00e9 opciones de voltaje est\u00e1n disponibles?<\/strong><br data-start=\"4732\" data-end=\"4735\" \/>El veh\u00edculo apoya <strong data-start=\"4756\" data-end=\"4771\">60V y 72V<\/strong> sistemas el\u00e9ctricos.<\/p>\n<p style=\"padding-left: 40px;\" data-start=\"4791\" data-end=\"4943\"><strong data-start=\"4791\" data-end=\"4840\">Q4: \u00bfEs adecuado para terreno de huerto monta\u00f1oso?<\/strong><br data-start=\"4840\" data-end=\"4843\" \/>- S\u00ed. - S\u00ed. Con una <strong data-start=\"4855\" data-end=\"4888\">capacidad de escalada de hasta 30\u00b0<\/strong> y alta distancia desde el suelo, funciona bien en pendientes.<\/p>\n<p style=\"padding-left: 40px;\" data-start=\"4945\" data-end=\"5057\"><strong data-start=\"4945\" data-end=\"4981\">Q5: \u00bfSe puede personalizar el color?<\/strong><br data-start=\"4981\" data-end=\"4984\" \/>- S\u00ed. - S\u00ed. La personalizaci\u00f3n del color est\u00e1 disponible seg\u00fan los requisitos del cliente.<\/p>","protected":false},"excerpt":{"rendered":"<p>El triciclo elevador el\u00e9ctrico para uso en huertos est\u00e1 dise\u00f1ado para el transporte agr\u00edcola eficiente. Con un sistema de elevaci\u00f3n hidr\u00e1ulica, una alta capacidad de carga y una fuerte capacidad de escalada, proporciona una soluci\u00f3n pr\u00e1ctica y fiable para huertos frutales, granjas y operaciones log\u00edsticas rurales.<\/p>","protected":false},"featured_media":5336,"comment_status":"open","ping_status":"closed","template":"","meta":[],"product_brand":[],"product_cat":[78],"product_tag":[],"class_list":{"0":"post-3523","1":"product","2":"type-product","3":"status-publish","4":"has-post-thumbnail","6":"product_cat-electric-tricycle","8":"first","9":"instock","10":"shipping-taxable","11":"purchasable","12":"product-type-simple"},"_links":{"self":[{"href":"https:\/\/www.tairuiauto.com\/es\/wp-json\/wp\/v2\/product\/3523","targetHints":{"allow":["GET"]}}],"collection":[{"href":"https:\/\/www.tairuiauto.com\/es\/wp-json\/wp\/v2\/product"}],"about":[{"href":"https:\/\/www.tairuiauto.com\/es\/wp-json\/wp\/v2\/types\/product"}],"replies":[{"embeddable":true,"href":"https:\/\/www.tairuiauto.com\/es\/wp-json\/wp\/v2\/comments?post=3523"}],"wp:featuredmedia":[{"embeddable":true,"href":"https:\/\/www.tairuiauto.com\/es\/wp-json\/wp\/v2\/media\/5336"}],"wp:attachment":[{"href":"https:\/\/www.tairuiauto.com\/es\/wp-json\/wp\/v2\/media?parent=3523"}],"wp:term":[{"taxonomy":"product_brand","embeddable":true,"href":"https:\/\/www.tairuiauto.com\/es\/wp-json\/wp\/v2\/product_brand?post=3523"},{"taxonomy":"product_cat","embeddable":true,"href":"https:\/\/www.tairuiauto.com\/es\/wp-json\/wp\/v2\/product_cat?post=3523"},{"taxonomy":"product_tag","embeddable":true,"href":"https:\/\/www.tairuiauto.com\/es\/wp-json\/wp\/v2\/product_tag?post=3523"}],"curies":[{"name":"WP","href":"https:\/\/api.w.org\/{rel}","templated":true}]}}