{"id":3534,"date":"2025-09-04T11:37:13","date_gmt":"2025-09-04T03:37:13","guid":{"rendered":"https:\/\/www.tairuiauto.com\/?post_type=product&#038;p=3534"},"modified":"2025-09-12T10:24:37","modified_gmt":"2025-09-12T02:24:37","slug":"commercial-electric-tricycle-for-reliable-cargo-transport","status":"publish","type":"product","link":"https:\/\/www.tairuiauto.com\/es\/product\/commercial-electric-tricycle-for-reliable-cargo-transport\/","title":{"rendered":"Tricicleta el\u00e9ctrica comercial"},"content":{"rendered":"<p data-start=\"378\" data-end=\"849\">El <strong data-start=\"382\" data-end=\"403\">triciclo el\u00e9ctrico<\/strong> Ha crecido r\u00e1pidamente en popularidad como una alternativa sostenible y pr\u00e1ctica a los veh\u00edculos tradicionales a base de combustible. Dise\u00f1ado con el transporte a granel en mente, el C126 es una soluci\u00f3n de grado comercial para clientes mayoristas que requieren resistencia, durabilidad y eficiencia en costes en las operaciones diarias. Su construcci\u00f3n reforzada y su sistema de energ\u00eda optimizado lo convierten en una excelente opci\u00f3n para empresas en log\u00edstica, agricultura, comercio minorista y construcci\u00f3n.<\/p>\n<h2 data-start=\"851\" data-end=\"871\">Resumen del producto<\/h2>\n<p data-start=\"873\" data-end=\"1333\">Construido para aplicaciones de carga exigentes, el C126 cuenta con un <strong data-start=\"933\" data-end=\"967\">cama de carga grande de 1800 \u00d7 1300mm<\/strong>lo que lo hace adecuado para cargas pesadas y sobredimensionadas. Con una velocidad m\u00e1xima de <strong data-start=\"1043\" data-end=\"1054\">45 km\/h<\/strong> y un rango de conducci\u00f3n de <strong data-start=\"1078\" data-end=\"1101\">50-60 km por carga<\/strong>Ideal para transporte de corta y media distancia. El veh\u00edculo est\u00e1 impulsado por una <strong data-start=\"1182\" data-end=\"1201\">Motor 60V 1800W<\/strong> combinado con una opci\u00f3n de bater\u00eda de larga duraci\u00f3n que va desde <strong data-start=\"1257\" data-end=\"1274\">45Ah a 100Ah<\/strong>garantizando una producci\u00f3n consistente incluso en condiciones dif\u00edciles.<\/p>\n<h2 data-start=\"1335\" data-end=\"1377\">Por qu\u00e9 los clientes mayoristas eligen el C126<\/h2>\n<h3 data-start=\"1379\" data-end=\"1413\">1. <strong data-start=\"1386\" data-end=\"1411\">Manejo robusto de carga<\/strong><\/h3>\n<p data-start=\"1414\" data-end=\"1664\">Este triciclo el\u00e9ctrico comercial est\u00e1 dise\u00f1ado con acero de alta resistencia, proporcionando una resistencia superior a la deformaci\u00f3n y el desgaste. La estructura de marco duradera soporta una variedad de tipos de carga, lo que garantiza una entrega segura incluso en entornos desafiantes.<\/p>\n<h3 data-start=\"1666\" data-end=\"1708\">2. <strong data-start=\"1673\" data-end=\"1706\">Potencia y eficiencia combinadas<\/strong><\/h3>\n<p data-start=\"1709\" data-end=\"1979\">El <strong data-start=\"1713\" data-end=\"1750\">Motor de 60V y controlador avanzado<\/strong> entregar un par fiable, haciendo que el triciclo sea capaz de manejar <strong data-start=\"1816\" data-end=\"1836\">pendientes hasta el 15%<\/strong>Su sistema de eficiencia energ\u00e9tica reduce los costos operativos al tiempo que maximiza el rendimiento, un factor cr\u00edtico para las empresas que gestionan grandes flotas.<\/p>\n<h3 data-start=\"1981\" data-end=\"2016\">3. <strong data-start=\"1988\" data-end=\"2014\">Dise\u00f1o orientado a la seguridad<\/strong><\/h3>\n<p data-start=\"2017\" data-end=\"2264\">El veh\u00edculo est\u00e1 equipado con <strong data-start=\"2049\" data-end=\"2079\">Frenos de tambor delanteros y traseros<\/strong> junto con un freno de estacionamiento accionado a mano, que ofrece estabilidad y distancias de parada m\u00e1s cortas. Esto lo hace muy adecuado para calles concurridas y zonas de trabajo donde la seguridad es una prioridad.<\/p>\n<h3 data-start=\"2266\" data-end=\"2301\">4. <strong data-start=\"2273\" data-end=\"2299\">Operaciones que ahorran tiempo<\/strong><\/h3>\n<p data-start=\"2302\" data-end=\"2528\">Con un ciclo de carga de solo <strong data-start=\"2332\" data-end=\"2345\">6-8 horas<\/strong>El triciclo est\u00e1 listo para varios viajes en un d\u00eda. Su sistema el\u00e9ctrico sencillo requiere un mantenimiento m\u00ednimo, reduciendo los tiempos de inactividad y mejorando la productividad para los clientes mayoristas.<\/p>\n<h2 data-start=\"2530\" data-end=\"2555\">Puntos destacados t\u00e9cnicos<\/h2>\n<ul data-start=\"2557\" data-end=\"2959\">\n<li data-start=\"2557\" data-end=\"2576\">\n<table style=\"border-collapse: collapse; width: 96.2292%; height: 393px;\" border=\"0\" width=\"720\" cellspacing=\"0\" cellpadding=\"0\">\n<tbody>\n<tr style=\"height: 20.00pt;\">\n<td class=\"et5\" style=\"height: 20.00pt; width: 432.45pt;\" colspan=\"2\" width=\"720\" height=\"33\">Configuraci\u00f3n est\u00e1ndar<\/td>\n<\/tr>\n<tr style=\"height: 20.00pt;\">\n<td class=\"et5\" style=\"height: 20.00pt;\" height=\"33\">modelo<\/td>\n<td class=\"et7\"><a href=\"#\u76ee\u5f55!A1\">C126<\/a><\/td>\n<\/tr>\n<tr style=\"height: 20.00pt;\">\n<td class=\"et6\" style=\"height: 20.00pt; width: 159.05pt;\" width=\"265\" height=\"33\">Colores opcionales<\/td>\n<td class=\"et6\" style=\"width: 273.40pt;\" width=\"455\">rojo, azul, verde, amarillo, gris, blanco<\/td>\n<\/tr>\n<tr style=\"height: 20.00pt;\">\n<td class=\"et6\" style=\"height: 20.00pt; width: 159.05pt;\" width=\"265\" height=\"33\">modelo<\/td>\n<td class=\"et6\" style=\"width: 273.40pt;\" width=\"455\">Zhihuiguan-180<\/td>\n<\/tr>\n<tr style=\"height: 20.00pt;\">\n<td class=\"et6\" style=\"height: 20.00pt; width: 159.05pt;\" width=\"265\" height=\"33\">Tama\u00f1o de la caja de carga (mm)<\/td>\n<td class=\"et6\" style=\"width: 273.40pt;\" width=\"455\">1800 * 1300mm<\/td>\n<\/tr>\n<tr style=\"height: 20.00pt;\">\n<td class=\"et6\" style=\"height: 20.00pt; width: 159.05pt;\" width=\"265\" height=\"33\">Velocidad m\u00e1xima (km\/h)<\/td>\n<td class=\"et6\" style=\"width: 273.40pt;\" width=\"455\">45<\/td>\n<\/tr>\n<tr style=\"height: 20.00pt;\">\n<td class=\"et6\" style=\"height: 20.00pt; width: 159.05pt;\" width=\"265\" height=\"33\">Capacidad de grado (%)<\/td>\n<td class=\"et6\" style=\"width: 273.40pt;\" width=\"455\">\u2264 15<\/td>\n<\/tr>\n<tr style=\"height: 20.00pt;\">\n<td class=\"et6\" style=\"height: 20.00pt; width: 159.05pt;\" width=\"265\" height=\"33\">Bater\u00eda<\/td>\n<td class=\"et6\" style=\"width: 273.40pt;\" width=\"455\">60V45AH-100AH<\/td>\n<\/tr>\n<tr style=\"height: 20.00pt;\">\n<td class=\"et6\" style=\"height: 20.00pt; width: 159.05pt;\" width=\"265\" height=\"33\">Motor, controlador (w)<\/td>\n<td class=\"et6\" style=\"width: 273.40pt;\" width=\"455\">60V1800W<\/td>\n<\/tr>\n<tr style=\"height: 20.00pt;\">\n<td class=\"et6\" style=\"height: 20.00pt; width: 159.05pt;\" width=\"265\" height=\"33\">Rango por carga (km)<\/td>\n<td class=\"et6\" style=\"width: 273.40pt;\" width=\"455\">50-60<\/td>\n<\/tr>\n<tr style=\"height: 20.00pt;\">\n<td class=\"et6\" style=\"height: 20.00pt; width: 159.05pt;\" width=\"265\" height=\"33\">Tiempo de carga (h)<\/td>\n<td class=\"et6\" style=\"width: 273.40pt;\" width=\"455\">6 ~ 8 horas<\/td>\n<\/tr>\n<tr style=\"height: 20.00pt;\">\n<td class=\"et6\" style=\"height: 20.00pt; width: 159.05pt;\" width=\"265\" height=\"33\">Neum\u00e1ticos delanteros\/traseros<\/td>\n<td class=\"et6\" style=\"width: 273.40pt;\" width=\"455\">4.00-12\/4.50-12<\/td>\n<\/tr>\n<tr style=\"height: 20.00pt;\">\n<td class=\"et6\" style=\"height: 20.00pt; width: 159.05pt;\" width=\"265\" height=\"33\">Tipo de freno delantero\/trasero<\/td>\n<td class=\"et6\" style=\"width: 273.40pt;\" width=\"455\">Anterior \/ trasero: tambor<\/td>\n<\/tr>\n<tr style=\"height: 20.00pt;\">\n<td class=\"et6\" style=\"height: 20.00pt; width: 159.05pt;\" width=\"265\" height=\"33\">Freno de estacionamiento<\/td>\n<td class=\"et6\" style=\"width: 273.40pt;\" width=\"455\">Freno de mano<\/td>\n<\/tr>\n<\/tbody>\n<\/table>\n<\/li>\n<\/ul>\n<h2 data-start=\"2961\" data-end=\"2996\">Servicios de personalizaci\u00f3n y OEM<\/h2>\n<p data-start=\"2998\" data-end=\"3335\">Comprendiendo las necesidades \u00fanicas de los clientes mayoristas, el C126 soporta una amplia gama de opciones de personalizaci\u00f3n. Los compradores pueden elegir las dimensiones preferidas de la cama de carga, los colores espec\u00edficos de la marca y la colocaci\u00f3n del logotipo. Las soluciones OEM se extienden a ajustes de rendimiento como bater\u00edas de mayor capacidad o materiales reforzados para operaciones pesadas.<\/p>\n<h2 data-start=\"3337\" data-end=\"3363\">Campos de aplicaci\u00f3n<\/h2>\n<p data-start=\"3365\" data-end=\"3429\">El <strong data-start=\"3369\" data-end=\"3386\">carga e-trike<\/strong> Es vers\u00e1til en m\u00faltiples industrias:<\/p>\n<ul data-start=\"3431\" data-end=\"3744\">\n<li data-start=\"3431\" data-end=\"3514\">\n<p data-start=\"3433\" data-end=\"3514\"><strong data-start=\"3433\" data-end=\"3452\">Log\u00edstica Urbana<\/strong>Transporte sin problemas de mercanc\u00edas minoristas y entregas de \u00faltima milla.<\/p>\n<\/li>\n<li data-start=\"3515\" data-end=\"3590\">\n<p data-start=\"3517\" data-end=\"3590\"><strong data-start=\"3517\" data-end=\"3532\">Agricultura<\/strong>Transporte de productos, herramientas y fertilizantes a trav\u00e9s de las granjas.<\/p>\n<\/li>\n<li data-start=\"3591\" data-end=\"3667\">\n<p data-start=\"3593\" data-end=\"3667\"><strong data-start=\"3593\" data-end=\"3609\">Construcci\u00f3n<\/strong>Movimiento de materias primas como cemento, arena y ladrillos.<\/p>\n<\/li>\n<li data-start=\"3668\" data-end=\"3744\">\n<p data-start=\"3670\" data-end=\"3744\"><strong data-start=\"3670\" data-end=\"3692\">Servicios Municipales<\/strong>Recogida de residuos y transporte de suministros comunitarios.<\/p>\n<\/li>\n<\/ul>\n<h2 data-start=\"3746\" data-end=\"3778\">Una inversi\u00f3n rentable<\/h2>\n<p data-start=\"3780\" data-end=\"4053\">Para las empresas que compran a granel, el veh\u00edculo el\u00e9ctrico al por mayor C126 representa no solo un producto, sino una soluci\u00f3n a largo plazo. Los menores gastos de combustible, los menores requisitos de mantenimiento y el rendimiento respetuoso con el medio ambiente contribuyen a un ahorro medible con el tiempo.<\/p>\n<p data-start=\"4055\" data-end=\"4337\">Al elegir el C126, los clientes mayoristas obtienen un socio confiable para las tareas log\u00edsticas mientras satisfacen las crecientes demandas de transporte sostenible. Su probada durabilidad y capacidad de producci\u00f3n escalable garantizan que cada pedido se entregue con calidad y rendimiento consistentes.<\/p>","protected":false},"excerpt":{"rendered":"<p>El popular triciclo el\u00e9ctrico sostenible C126, dise\u00f1ado para el transporte a granel con construcci\u00f3n reforzada y potencia optimizada, ofrece resistencia, durabilidad y eficiencia en costes de grado comercial para clientes mayoristas en log\u00edstica, agricultura, minorista y construcci\u00f3n.<\/p>","protected":false},"featured_media":3535,"comment_status":"open","ping_status":"closed","template":"","meta":[],"product_brand":[],"product_cat":[78],"product_tag":[],"class_list":{"0":"post-3534","1":"product","2":"type-product","3":"status-publish","4":"has-post-thumbnail","6":"product_cat-electric-tricycle","8":"first","9":"instock","10":"shipping-taxable","11":"purchasable","12":"product-type-simple"},"_links":{"self":[{"href":"https:\/\/www.tairuiauto.com\/es\/wp-json\/wp\/v2\/product\/3534","targetHints":{"allow":["GET"]}}],"collection":[{"href":"https:\/\/www.tairuiauto.com\/es\/wp-json\/wp\/v2\/product"}],"about":[{"href":"https:\/\/www.tairuiauto.com\/es\/wp-json\/wp\/v2\/types\/product"}],"replies":[{"embeddable":true,"href":"https:\/\/www.tairuiauto.com\/es\/wp-json\/wp\/v2\/comments?post=3534"}],"wp:featuredmedia":[{"embeddable":true,"href":"https:\/\/www.tairuiauto.com\/es\/wp-json\/wp\/v2\/media\/3535"}],"wp:attachment":[{"href":"https:\/\/www.tairuiauto.com\/es\/wp-json\/wp\/v2\/media?parent=3534"}],"wp:term":[{"taxonomy":"product_brand","embeddable":true,"href":"https:\/\/www.tairuiauto.com\/es\/wp-json\/wp\/v2\/product_brand?post=3534"},{"taxonomy":"product_cat","embeddable":true,"href":"https:\/\/www.tairuiauto.com\/es\/wp-json\/wp\/v2\/product_cat?post=3534"},{"taxonomy":"product_tag","embeddable":true,"href":"https:\/\/www.tairuiauto.com\/es\/wp-json\/wp\/v2\/product_tag?post=3534"}],"curies":[{"name":"WP","href":"https:\/\/api.w.org\/{rel}","templated":true}]}}