{"id":3543,"date":"2025-09-05T13:40:11","date_gmt":"2025-09-05T05:40:11","guid":{"rendered":"https:\/\/www.tairuiauto.com\/?post_type=product&#038;p=3543"},"modified":"2025-09-12T10:23:06","modified_gmt":"2025-09-12T02:23:06","slug":"high-performance-electric-tricycle-for-wholesale-transport","status":"publish","type":"product","link":"https:\/\/www.tairuiauto.com\/es\/product\/high-performance-electric-tricycle-for-wholesale-transport\/","title":{"rendered":"Tricicleta el\u00e9ctrica de carga cerrada"},"content":{"rendered":"<h2 data-start=\"167\" data-end=\"188\">Descripci\u00f3n general del producto<\/h2>\n<p data-start=\"189\" data-end=\"643\">El triciclo el\u00e9ctrico se ha convertido r\u00e1pidamente en una soluci\u00f3n preferida para el transporte de corta distancia gracias a su asequibilidad, eficiencia y naturaleza ecol\u00f3gica. Nuestra <strong data-start=\"350\" data-end=\"376\">C502 triciclo el\u00e9ctrico<\/strong> es desarrollado con los compradores mayoristas en mente, ofreciendo un marco duradero, una gran capacidad de carga y un dise\u00f1o de cabina c\u00f3modo. Con su avanzado sistema de motor y suspensi\u00f3n reforzada, este modelo est\u00e1 construido para manejar con facilidad la log\u00edstica diaria y las operaciones comerciales.<\/p>\n<h2 data-start=\"645\" data-end=\"666\">Categor\u00eda de producto<\/h2>\n<p data-start=\"667\" data-end=\"923\">El C502 cae en la categor\u00eda de <strong data-start=\"703\" data-end=\"731\">triciclos el\u00e9ctricos de carga<\/strong>lo que lo hace ideal para servicios de entrega, operaciones agr\u00edcolas y tareas de transporte a granel. A diferencia de las versiones de ocio m\u00e1s peque\u00f1as, esta unidad comercial est\u00e1 optimizada para la resistencia, el equilibrio y la fiabilidad.<\/p>\n<h2 data-start=\"925\" data-end=\"942\">Caracter\u00edsticas clave<\/h2>\n<ul data-start=\"944\" data-end=\"2165\">\n<li data-start=\"944\" data-end=\"1132\">\n<p data-start=\"946\" data-end=\"1132\"><strong data-start=\"946\" data-end=\"979\">Potente motor y controlador<\/strong><br data-start=\"979\" data-end=\"982\" \/>Equipado con un motor de 72V1500W y un controlador de 24 tubos, este veh\u00edculo ofrece una aceleraci\u00f3n suave y un rendimiento estable, incluso bajo cargas pesadas.<\/p>\n<\/li>\n<li data-start=\"1134\" data-end=\"1331\">\n<p data-start=\"1136\" data-end=\"1331\"><strong data-start=\"1136\" data-end=\"1162\">Gran capacidad de carga \u00fatil<\/strong><br data-start=\"1162\" data-end=\"1165\" \/>Construido para transportar hasta 450 kg, el triciclo cuenta con un marco de acero fuerte y una estructura reforzada, lo que garantiza una durabilidad a largo plazo para la log\u00edstica industrial o minorista.<\/p>\n<\/li>\n<li data-start=\"1333\" data-end=\"1509\">\n<p data-start=\"1335\" data-end=\"1509\"><strong data-start=\"1335\" data-end=\"1363\">Sistema de bater\u00eda eficiente<\/strong><br data-start=\"1363\" data-end=\"1366\" \/>Una bater\u00eda de 72V58Ah ofrece una distancia de viaje de hasta 60 km por carga, perfecta para la entrega de la \u00faltima milla o las necesidades de transporte rural.<\/p>\n<\/li>\n<li data-start=\"1511\" data-end=\"1675\">\n<p data-start=\"1513\" data-end=\"1675\"><strong data-start=\"1513\" data-end=\"1534\">Suspensi\u00f3n robusta<\/strong><br data-start=\"1534\" data-end=\"1537\" \/>La suspensi\u00f3n delantera utiliza una horquilla hidr\u00e1ulica \u03c643, mientras que la trasera integra un sistema de ejes s\u00f3lidos, manteniendo los viajes estables en terreno desigual.<\/p>\n<\/li>\n<li data-start=\"1677\" data-end=\"1850\">\n<p data-start=\"1679\" data-end=\"1850\"><strong data-start=\"1679\" data-end=\"1711\">Rendimiento de frenado fiable<\/strong><br data-start=\"1711\" data-end=\"1714\" \/>La seguridad est\u00e1 garantizada con un sistema de frenado doble: los frenos de disco delantero y tambor trasero proporcionan una excelente potencia de frenado en todas las condiciones.<\/p>\n<\/li>\n<li data-start=\"1852\" data-end=\"2006\">\n<p data-start=\"1854\" data-end=\"2006\"><strong data-start=\"1854\" data-end=\"1881\">Fuerte capacidad de escalada<\/strong><br data-start=\"1881\" data-end=\"1884\" \/>Esto <strong data-start=\"1891\" data-end=\"1919\">triciclo alimentado por bater\u00eda<\/strong> puede manejar pendientes de hasta un 20%, lo que permite conducir sin esfuerzo en carreteras monta\u00f1osas o rurales.<\/p>\n<\/li>\n<li data-start=\"2008\" data-end=\"2165\">\n<p data-start=\"2010\" data-end=\"2165\"><strong data-start=\"2010\" data-end=\"2036\">Dise\u00f1o amigable con el conductor<\/strong><br data-start=\"2036\" data-end=\"2039\" \/>Con 2 asientos, luces LED y una c\u00e1mara trasera, la cabina est\u00e1 dise\u00f1ada para la comodidad, la seguridad y una mejor visibilidad.<\/p>\n<\/li>\n<\/ul>\n<h2 data-start=\"2167\" data-end=\"2196\">Especificaciones t\u00e9cnicas<\/h2>\n<ul data-start=\"2198\" data-end=\"2743\">\n<li data-start=\"2198\" data-end=\"2238\">\n<table style=\"border-collapse: collapse; width: 93.6458%; height: 629px;\" border=\"0\" width=\"720\" cellspacing=\"0\" cellpadding=\"0\">\n<tbody>\n<tr style=\"height: 20.00pt;\">\n<td class=\"et5\" style=\"height: 20.00pt; width: 432.45pt;\" colspan=\"2\" width=\"720\" height=\"33\">Configuraci\u00f3n est\u00e1ndar<\/td>\n<\/tr>\n<tr style=\"height: 20.00pt;\">\n<td class=\"et5\" style=\"height: 20.00pt;\" height=\"33\">modelo<\/td>\n<td class=\"et7\"><a href=\"#\u76ee\u5f55!A1\">C502<\/a><\/td>\n<\/tr>\n<tr style=\"height: 20.00pt;\">\n<td class=\"et6\" style=\"height: 20.00pt; width: 159.05pt;\" width=\"265\" height=\"33\">Dimensiones (mm)<\/td>\n<td class=\"et6\" style=\"width: 273.40pt;\" width=\"455\">3000*1330*1650<\/td>\n<\/tr>\n<tr style=\"height: 20.00pt;\">\n<td class=\"et6\" style=\"height: 20.00pt; width: 159.05pt;\" width=\"265\" height=\"33\">Tipo de cuerpo<\/td>\n<td class=\"et6\" style=\"width: 273.40pt;\" width=\"455\">cuerpo semi-integral<\/td>\n<\/tr>\n<tr style=\"height: 20.00pt;\">\n<td class=\"et6\" style=\"height: 20.00pt; width: 159.05pt;\" width=\"265\" height=\"33\">Estructura del cuerpo<\/td>\n<td class=\"et6\" style=\"width: 273.40pt;\" width=\"455\">2 puertas y 2 asientos<\/td>\n<\/tr>\n<tr style=\"height: 20.00pt;\">\n<td class=\"et6\" style=\"height: 20.00pt; width: 159.05pt;\" width=\"265\" height=\"33\">motor<\/td>\n<td class=\"et6\" style=\"width: 273.40pt;\" width=\"455\">72V1500W<\/td>\n<\/tr>\n<tr style=\"height: 20.00pt;\">\n<td class=\"et6\" style=\"height: 20.00pt; width: 159.05pt;\" width=\"265\" height=\"33\">Controlador<\/td>\n<td class=\"et6\" style=\"width: 273.40pt;\" width=\"455\">72V24tubos<\/td>\n<\/tr>\n<tr style=\"height: 20.00pt;\">\n<td class=\"et6\" style=\"height: 20.00pt; width: 159.05pt;\" width=\"265\" height=\"33\">Bater\u00eda<\/td>\n<td class=\"et6\" style=\"width: 273.40pt;\" width=\"455\">72V58Ah<\/td>\n<\/tr>\n<tr style=\"height: 20.00pt;\">\n<td class=\"et6\" style=\"height: 20.00pt; width: 159.05pt;\" width=\"265\" height=\"33\">Tiempo de carga (H)<\/td>\n<td class=\"et6\" style=\"width: 273.40pt;\" width=\"455\">6-8<\/td>\n<\/tr>\n<tr style=\"height: 20.00pt;\">\n<td class=\"et6\" style=\"height: 20.00pt; width: 159.05pt;\" width=\"265\" height=\"33\">Rango por carga\/km<\/td>\n<td class=\"et6\" style=\"width: 273.40pt;\" width=\"455\">60 kil\u00f3metros<\/td>\n<\/tr>\n<tr style=\"height: 20.00pt;\">\n<td class=\"et6\" style=\"height: 20.00pt; width: 159.05pt;\" width=\"265\" height=\"33\">Capacidad de carga\/kg<\/td>\n<td class=\"et6\" style=\"width: 273.40pt;\" width=\"455\">450 kg<\/td>\n<\/tr>\n<tr style=\"height: 20.00pt;\">\n<td class=\"et6\" style=\"height: 20.00pt; width: 159.05pt;\" width=\"265\" height=\"33\">Suspensi\u00f3n delantera<\/td>\n<td class=\"et6\" style=\"width: 273.40pt;\" width=\"455\">f43 horquilla hidr\u00e1ulica<\/td>\n<\/tr>\n<tr style=\"height: 20.00pt;\">\n<td class=\"et6\" style=\"height: 20.00pt; width: 159.05pt;\" width=\"265\" height=\"33\">Suspensi\u00f3n trasera<\/td>\n<td class=\"et6\" style=\"width: 273.40pt;\" width=\"455\">Eje trasero integrado<\/td>\n<\/tr>\n<tr style=\"height: 20.00pt;\">\n<td class=\"et6\" style=\"height: 20.00pt; width: 159.05pt;\" width=\"265\" height=\"33\">Neum\u00e1tico delantero\/trasero<\/td>\n<td class=\"et6\" style=\"width: 273.40pt;\" width=\"455\">4.0-12\/4.0-12<\/td>\n<\/tr>\n<tr style=\"height: 20.00pt;\">\n<td class=\"et6\" style=\"height: 20.00pt; width: 159.05pt;\" width=\"265\" height=\"33\">Rim<\/td>\n<td class=\"et6\" style=\"width: 273.40pt;\" width=\"455\">Hub de aleaci\u00f3n de aluminio<\/td>\n<\/tr>\n<tr style=\"height: 20.00pt;\">\n<td class=\"et6\" style=\"height: 20.00pt; width: 159.05pt;\" width=\"265\" height=\"33\">Sistema de frenos<\/td>\n<td class=\"et6\" style=\"width: 273.40pt;\" width=\"455\">delantero: disco \/ trasero: tambor<\/td>\n<\/tr>\n<tr style=\"height: 20.00pt;\">\n<td class=\"et6\" style=\"height: 20.00pt; width: 159.05pt;\" width=\"265\" height=\"33\">Grado de escalada (%)<\/td>\n<td class=\"et6\" style=\"width: 273.40pt;\" width=\"455\">\u2265 20<\/td>\n<\/tr>\n<tr style=\"height: 20.00pt;\">\n<td class=\"et6\" style=\"height: 20.00pt; width: 159.05pt;\" width=\"265\" height=\"33\">Velocidad m\u00e1xima (km\/h)<\/td>\n<td class=\"et6\" style=\"width: 273.40pt;\" width=\"455\">40 km\/h<\/td>\n<\/tr>\n<tr style=\"height: 20.00pt;\">\n<td class=\"et6\" style=\"height: 20.00pt; width: 159.05pt;\" width=\"265\" height=\"33\">Modo de direcci\u00f3n<\/td>\n<td class=\"et6\" style=\"width: 273.40pt;\" width=\"455\">manillar<\/td>\n<\/tr>\n<tr style=\"height: 20.00pt;\">\n<td class=\"et6\" style=\"height: 20.00pt; width: 159.05pt;\" width=\"265\" height=\"33\">Certificado<\/td>\n<td class=\"et6\" style=\"width: 273.40pt;\" width=\"455\">CCC<\/td>\n<\/tr>\n<tr style=\"height: 20.00pt;\">\n<td class=\"et6\" style=\"height: 20.00pt; width: 159.05pt;\" width=\"265\" height=\"33\">Capacidad del contenedor<\/td>\n<td class=\"et6\" style=\"width: 273.40pt;\" width=\"455\">4 PCS SKD\/40&#8217; Sede central<\/td>\n<\/tr>\n<tr style=\"height: 20.00pt;\">\n<td class=\"et6\" style=\"height: 40.00pt; width: 159.05pt;\" rowspan=\"2\" width=\"265\" height=\"66\">Dispositivo de funci\u00f3n<\/td>\n<td class=\"et6\" style=\"width: 273.40pt;\" width=\"455\">Luz LED<\/td>\n<\/tr>\n<tr style=\"height: 20.00pt;\">\n<td class=\"et6\" style=\"width: 273.40pt;\" width=\"455\">C\u00e1mara Reversiva<\/td>\n<\/tr>\n<\/tbody>\n<\/table>\n<\/li>\n<\/ul>\n<h2 data-start=\"2745\" data-end=\"2770\">Ventajas al por mayor<\/h2>\n<p data-start=\"2772\" data-end=\"2841\">Como proveedor de f\u00e1brica, entendemos las prioridades de los compradores a granel:<\/p>\n<ul data-start=\"2843\" data-end=\"3235\">\n<li data-start=\"2843\" data-end=\"2917\">\n<p data-start=\"2845\" data-end=\"2917\"><strong data-start=\"2845\" data-end=\"2862\">Personalizaci\u00f3n<\/strong> Los colores del cuerpo, las calcoman\u00edas y la marca se pueden personalizar.<\/p>\n<\/li>\n<li data-start=\"2918\" data-end=\"3004\">\n<p data-start=\"2920\" data-end=\"3004\"><strong data-start=\"2920\" data-end=\"2946\">Configuraci\u00f3n flexible<\/strong> \u2013 espacio de carga ajustable y diferentes opciones de bater\u00eda.<\/p>\n<\/li>\n<li data-start=\"3005\" data-end=\"3088\">\n<p data-start=\"3007\" data-end=\"3088\"><strong data-start=\"3007\" data-end=\"3026\">Eficiencia de costes<\/strong> \u2013 pedidos a granel garantizan precios competitivos y entrega r\u00e1pida.<\/p>\n<\/li>\n<li data-start=\"3089\" data-end=\"3235\">\n<p data-start=\"3091\" data-end=\"3235\"><strong data-start=\"3091\" data-end=\"3113\">Calidad confiable<\/strong> \u2013 fabricado bajo estrictos est\u00e1ndares de calidad, cada unidad se somete a pruebas de rendimiento y durabilidad antes del env\u00edo.<\/p>\n<\/li>\n<\/ul>\n<h2 data-start=\"3237\" data-end=\"3263\">Escenarios de aplicaci\u00f3n<\/h2>\n<p data-start=\"3265\" data-end=\"3318\">El C502 <strong data-start=\"3274\" data-end=\"3297\">triciclo comercial<\/strong> es ampliamente utilizado en:<\/p>\n<ul data-start=\"3320\" data-end=\"3480\">\n<li data-start=\"3320\" data-end=\"3366\">\n<p data-start=\"3322\" data-end=\"3366\">Peque\u00f1as y medianas empresas log\u00edsticas<\/p>\n<\/li>\n<li data-start=\"3367\" data-end=\"3403\">\n<p data-start=\"3369\" data-end=\"3403\">Transporte rural y agr\u00edcola<\/p>\n<\/li>\n<li data-start=\"3404\" data-end=\"3434\">\n<p data-start=\"3406\" data-end=\"3434\">Entrega de materiales de construcci\u00f3n<\/p>\n<\/li>\n<li data-start=\"3435\" data-end=\"3480\">\n<p data-start=\"3437\" data-end=\"3480\">Supermercado y distribuci\u00f3n de bienes al por menor<\/p>\n<\/li>\n<\/ul>\n<h2 data-start=\"3482\" data-end=\"3513\">\u00bfPor qu\u00e9 elegir el modelo C502?<\/h2>\n<p data-start=\"3515\" data-end=\"3867\">Para los mayoristas, el C502 es una inversi\u00f3n s\u00f3lida. Proporciona un equilibrio entre asequibilidad, practicidad y caracter\u00edsticas avanzadas dise\u00f1adas para uso a largo plazo. Su capacidad para llevar cargas pesadas, mantener un rendimiento estable en terrenos variados y ofrecer caracter\u00edsticas amigables para el conductor lo convierte en uno de los m\u00e1s fiables. <strong data-start=\"3821\" data-end=\"3843\">triciclos el\u00e9ctricos<\/strong> para uso profesional.<\/p>\n<p data-start=\"3869\" data-end=\"4026\">Al elegir este modelo, las empresas se benefician de bajo mantenimiento, transporte ecol\u00f3gico y un veh\u00edculo que puede adaptarse a diferentes aplicaciones comerciales.<\/p>","protected":false},"excerpt":{"rendered":"<p>Nuestro triciclo el\u00e9ctrico C502, ideal para mayoristas, es una opci\u00f3n preferida de transporte de corta distancia con asequibilidad, eficiencia, respeto del medio ambiente, un marco duradero, gran capacidad, cabina c\u00f3moda, motor y suspensi\u00f3n avanzados, f\u00e1cil manejo de la log\u00edstica diaria y el comercio.<\/p>","protected":false},"featured_media":3544,"comment_status":"open","ping_status":"closed","template":"","meta":[],"product_brand":[],"product_cat":[78],"product_tag":[],"class_list":{"0":"post-3543","1":"product","2":"type-product","3":"status-publish","4":"has-post-thumbnail","6":"product_cat-electric-tricycle","8":"first","9":"instock","10":"shipping-taxable","11":"purchasable","12":"product-type-simple"},"_links":{"self":[{"href":"https:\/\/www.tairuiauto.com\/es\/wp-json\/wp\/v2\/product\/3543","targetHints":{"allow":["GET"]}}],"collection":[{"href":"https:\/\/www.tairuiauto.com\/es\/wp-json\/wp\/v2\/product"}],"about":[{"href":"https:\/\/www.tairuiauto.com\/es\/wp-json\/wp\/v2\/types\/product"}],"replies":[{"embeddable":true,"href":"https:\/\/www.tairuiauto.com\/es\/wp-json\/wp\/v2\/comments?post=3543"}],"wp:featuredmedia":[{"embeddable":true,"href":"https:\/\/www.tairuiauto.com\/es\/wp-json\/wp\/v2\/media\/3544"}],"wp:attachment":[{"href":"https:\/\/www.tairuiauto.com\/es\/wp-json\/wp\/v2\/media?parent=3543"}],"wp:term":[{"taxonomy":"product_brand","embeddable":true,"href":"https:\/\/www.tairuiauto.com\/es\/wp-json\/wp\/v2\/product_brand?post=3543"},{"taxonomy":"product_cat","embeddable":true,"href":"https:\/\/www.tairuiauto.com\/es\/wp-json\/wp\/v2\/product_cat?post=3543"},{"taxonomy":"product_tag","embeddable":true,"href":"https:\/\/www.tairuiauto.com\/es\/wp-json\/wp\/v2\/product_tag?post=3543"}],"curies":[{"name":"WP","href":"https:\/\/api.w.org\/{rel}","templated":true}]}}