{"id":3549,"date":"2026-01-23T13:47:07","date_gmt":"2026-01-23T05:47:07","guid":{"rendered":"https:\/\/www.tairuiauto.com\/?post_type=product&#038;p=3549"},"modified":"2026-01-27T11:04:02","modified_gmt":"2026-01-27T03:04:02","slug":"compact-three-wheel-electric-car","status":"publish","type":"product","link":"https:\/\/www.tairuiauto.com\/es\/product\/compact-three-wheel-electric-car\/","title":{"rendered":"Veh\u00edculo el\u00e9ctrico de baja velocidad ecol\u00f3gico"},"content":{"rendered":"<h2 style=\"padding-left: 40px;\" data-start=\"463\" data-end=\"482\">Descripci\u00f3n general del producto<\/h2>\n<p style=\"padding-left: 40px;\" data-start=\"484\" data-end=\"782\">Este modelo combina dimensiones compactas con un rendimiento estable, lo que lo hace adecuado para carreteras urbanas, \u00e1reas residenciales y entornos de tr\u00e1fico a velocidad controlada. Su bajo costo operativo, largo alcance de conducci\u00f3n y configuraci\u00f3n f\u00e1cil de usar lo hacen ideal para aplicaciones personales y comerciales.<\/p>\n<table style=\"border-collapse: collapse; width: 69.9827%; height: 458px; margin-left: 40px;\" border=\"0\" width=\"720\" cellspacing=\"0\" cellpadding=\"0\">\n<tbody style=\"padding-left: 40px;\">\n<tr style=\"height: 20pt; padding-left: 40px;\">\n<td class=\"et4\" style=\"height: 20px; width: 36.7213%; padding-left: 40px;\" width=\"265\" height=\"33\">modelo<\/td>\n<td class=\"et4\" style=\"width: 91.2865%; height: 20px; padding-left: 40px;\" width=\"455\">Veh\u00edculo el\u00e9ctrico de baja velocidad ecol\u00f3gico<\/td>\n<\/tr>\n<tr style=\"height: 20pt; padding-left: 40px;\">\n<td class=\"et5\" style=\"height: 20px; width: 36.7213%; padding-left: 40px;\" width=\"265\" height=\"33\">Dimensiones (mm)<\/td>\n<td class=\"et5\" style=\"width: 91.2865%; height: 20px; padding-left: 40px;\" width=\"455\">2400*1245*1619<\/td>\n<\/tr>\n<tr style=\"height: 20pt; padding-left: 40px;\">\n<td class=\"et5\" style=\"height: 20px; width: 36.7213%; padding-left: 40px;\" width=\"265\" height=\"33\">Tipo de cuerpo<\/td>\n<td class=\"et5\" style=\"width: 91.2865%; height: 20px; padding-left: 40px;\" width=\"455\">cuerpo integral<\/td>\n<\/tr>\n<tr style=\"height: 20pt; padding-left: 40px;\">\n<td class=\"et5\" style=\"height: 20px; width: 36.7213%; padding-left: 40px;\" width=\"265\" height=\"33\">Estructura del cuerpo<\/td>\n<td class=\"et5\" style=\"width: 91.2865%; height: 20px; padding-left: 40px;\" width=\"455\">2 puertas y 2 asientos<\/td>\n<\/tr>\n<tr style=\"height: 20pt; padding-left: 40px;\">\n<td class=\"et5\" style=\"height: 20px; width: 36.7213%; padding-left: 40px;\" width=\"265\" height=\"33\">motor<\/td>\n<td class=\"et5\" style=\"width: 91.2865%; height: 20px; padding-left: 40px;\" width=\"455\">60V1500W CA<\/td>\n<\/tr>\n<tr style=\"height: 20pt; padding-left: 40px;\">\n<td class=\"et5\" style=\"height: 20px; width: 36.7213%; padding-left: 40px;\" width=\"265\" height=\"33\">Controlador<\/td>\n<td class=\"et5\" style=\"width: 91.2865%; height: 20px; padding-left: 40px;\" width=\"455\">60V 24 tubos<\/td>\n<\/tr>\n<tr style=\"height: 20pt; padding-left: 40px;\">\n<td class=\"et5\" style=\"height: 20px; width: 36.7213%; padding-left: 40px;\" width=\"265\" height=\"33\">Bater\u00eda (kwh)<\/td>\n<td class=\"et5\" style=\"width: 91.2865%; height: 20px; padding-left: 40px;\" width=\"455\">60V80AH<\/td>\n<\/tr>\n<tr style=\"height: 20pt; padding-left: 40px;\">\n<td class=\"et5\" style=\"height: 20px; width: 36.7213%; padding-left: 40px;\" width=\"265\" height=\"33\">Tiempo de carga (H)<\/td>\n<td class=\"et5\" style=\"width: 91.2865%; height: 20px; padding-left: 40px;\" width=\"455\">6-8<\/td>\n<\/tr>\n<tr style=\"height: 20pt; padding-left: 40px;\">\n<td class=\"et5\" style=\"height: 20px; width: 36.7213%; padding-left: 40px;\" width=\"265\" height=\"33\">Rango por carga\/km<\/td>\n<td class=\"et5\" style=\"width: 91.2865%; height: 20px; padding-left: 40px;\" width=\"455\">\u2265 90<\/td>\n<\/tr>\n<tr style=\"height: 20pt; padding-left: 40px;\">\n<td class=\"et5\" style=\"height: 20px; width: 36.7213%; padding-left: 40px;\" width=\"265\" height=\"33\">Suspensi\u00f3n delantera<\/td>\n<td class=\"et5\" style=\"width: 91.2865%; height: 20px; padding-left: 40px;\" width=\"455\">choker hidr\u00e1ulico<\/td>\n<\/tr>\n<tr style=\"height: 20pt; padding-left: 40px;\">\n<td class=\"et5\" style=\"height: 20px; width: 36.7213%; padding-left: 40px;\" width=\"265\" height=\"33\">Suspensi\u00f3n trasera<\/td>\n<td class=\"et5\" style=\"width: 91.2865%; height: 20px; padding-left: 40px;\" width=\"455\">Suspensi\u00f3n de brazo de arrastre<\/td>\n<\/tr>\n<tr style=\"height: 20pt; padding-left: 40px;\">\n<td class=\"et5\" style=\"height: 20px; width: 36.7213%; padding-left: 40px;\" width=\"265\" height=\"33\">Neum\u00e1tico delantero\/trasero<\/td>\n<td class=\"et5\" style=\"width: 91.2865%; height: 20px; padding-left: 40px;\" width=\"455\">Frente 120\/70R12<br \/>\nTrasera 135\/70R12<\/td>\n<\/tr>\n<tr style=\"height: 20pt; padding-left: 40px;\">\n<td class=\"et5\" style=\"height: 20px; width: 36.7213%; padding-left: 40px;\" width=\"265\" height=\"33\">Rim<\/td>\n<td class=\"et5\" style=\"width: 91.2865%; height: 20px; padding-left: 40px;\" width=\"455\">Hub de aleaci\u00f3n de aluminio<\/td>\n<\/tr>\n<tr style=\"height: 20pt; padding-left: 40px;\">\n<td class=\"et5\" style=\"height: 20px; width: 36.7213%; padding-left: 40px;\" width=\"265\" height=\"33\">Sistema de frenos<\/td>\n<td class=\"et5\" style=\"width: 91.2865%; height: 20px; padding-left: 40px;\" width=\"455\">delantero\/trasero:disco<\/td>\n<\/tr>\n<tr style=\"height: 20pt; padding-left: 40px;\">\n<td class=\"et5\" style=\"height: 20px; width: 36.7213%; padding-left: 40px;\" width=\"265\" height=\"33\">Grado de escalada (%)<\/td>\n<td class=\"et5\" style=\"width: 91.2865%; height: 20px; padding-left: 40px;\" width=\"455\">\u2265 25<\/td>\n<\/tr>\n<tr style=\"height: 20pt; padding-left: 40px;\">\n<td class=\"et5\" style=\"height: 20px; width: 36.7213%; padding-left: 40px;\" width=\"265\" height=\"33\">Velocidad m\u00e1xima (km\/h)<\/td>\n<td class=\"et5\" style=\"width: 91.2865%; height: 20px; padding-left: 40px;\" width=\"455\">45 km\/h<\/td>\n<\/tr>\n<tr style=\"height: 20pt; padding-left: 40px;\">\n<td class=\"et5\" style=\"height: 20px; width: 36.7213%; padding-left: 40px;\" width=\"265\" height=\"33\">Modo de direcci\u00f3n<\/td>\n<td class=\"et5\" style=\"width: 91.2865%; height: 20px; padding-left: 40px;\" width=\"455\">Manillar medio<\/td>\n<\/tr>\n<tr style=\"height: 20pt; padding-left: 40px;\">\n<td class=\"et5\" style=\"height: 20px; width: 36.7213%; padding-left: 40px;\" width=\"265\" height=\"33\">Capacidad del contenedor<\/td>\n<td class=\"et5\" style=\"width: 91.2865%; height: 20px; padding-left: 40px;\" width=\"455\">9 PCS SKD\/40&#8217; Sede central<\/td>\n<\/tr>\n<tr style=\"height: 20pt; padding-left: 40px;\">\n<td class=\"et5\" style=\"height: 20px; width: 36.7213%; padding-left: 40px;\" width=\"265\" height=\"33\">Certificado<\/td>\n<td class=\"et5\" style=\"width: 91.2865%; height: 20px; padding-left: 40px;\" width=\"455\">CEE \/ COC \/ L2e-P<\/td>\n<\/tr>\n<tr style=\"height: 20pt; padding-left: 40px;\">\n<td class=\"et5\" style=\"height: 78px; width: 36.7213%; padding-left: 40px;\" rowspan=\"3\" width=\"265\" height=\"100\">Dispositivo de funci\u00f3n<\/td>\n<td class=\"et5\" style=\"width: 91.2865%; height: 26px; padding-left: 40px;\" width=\"455\">Inicio con un bot\u00f3n<\/td>\n<\/tr>\n<tr style=\"height: 20pt; padding-left: 40px;\">\n<td class=\"et5\" style=\"width: 91.2865%; height: 26px; padding-left: 40px;\" width=\"455\">Luz LED<\/td>\n<\/tr>\n<tr style=\"height: 20pt; padding-left: 40px;\">\n<td class=\"et5\" style=\"width: 91.2865%; height: 26px; padding-left: 40px;\" width=\"455\">C\u00e1mara inversa \/ Calentador \/ Ventana el\u00e9ctrica<\/td>\n<\/tr>\n<\/tbody>\n<\/table>\n<hr style=\"padding-left: 40px;\" data-start=\"784\" data-end=\"787\" \/>\n<h2 style=\"padding-left: 40px;\" data-start=\"789\" data-end=\"811\">Descripci\u00f3n del producto<\/h2>\n<h3 style=\"padding-left: 40px;\" data-start=\"813\" data-end=\"835\">Categor\u00eda de producto<\/h3>\n<p style=\"padding-left: 40px;\" data-start=\"836\" data-end=\"919\">Veh\u00edculo el\u00e9ctrico de baja velocidad \/ coche el\u00e9ctrico urbano \/ veh\u00edculo el\u00e9ctrico compacto de movilidad<\/p>\n<h3 style=\"padding-left: 40px;\" data-start=\"921\" data-end=\"946\">Descripci\u00f3n del producto<\/h3>\n<p style=\"padding-left: 40px;\" data-start=\"948\" data-end=\"1275\">El <strong data-start=\"952\" data-end=\"995\">Veh\u00edculo el\u00e9ctrico de baja velocidad ecol\u00f3gico<\/strong> presenta una dimensi\u00f3n general de <strong data-start=\"1029\" data-end=\"1054\">2400 \u00d7 1245 \u00d7 1619 mm<\/strong>proporcionando una huella compacta manteniendo asientos c\u00f3modos para <strong data-start=\"1128\" data-end=\"1144\">2 pasajeros<\/strong>El veh\u00edculo adopta un <strong data-start=\"1168\" data-end=\"1195\">estructura integral del cuerpo<\/strong> con <strong data-start=\"1201\" data-end=\"1224\">2 puertas y 2 asientos<\/strong>que ofrece mayor rigidez y estabilidad de conducci\u00f3n.<\/p>\n<p style=\"padding-left: 40px;\" data-start=\"1277\" data-end=\"1658\">Est\u00e1 alimentado por una <strong data-start=\"1296\" data-end=\"1318\">Motor de CA 60V 1500W<\/strong> emparejado con una <strong data-start=\"1333\" data-end=\"1359\">Controlador de 24 tubos de 60V<\/strong>, garantizando una entrega de energ\u00eda suave y una utilizaci\u00f3n eficiente de la energ\u00eda. El veh\u00edculo est\u00e1 equipado con una <strong data-start=\"1457\" data-end=\"1477\">Bater\u00eda 60V 80Ah<\/strong>proporcionando un rango de conducci\u00f3n de <strong data-start=\"1509\" data-end=\"1530\">\u226590 km por carga<\/strong>Adecuado para desplazamientos diarios prolongados. El tiempo de carga es aproximadamente <strong data-start=\"1602\" data-end=\"1615\">6-8 horas<\/strong>que apoya la carga nocturna conveniente.<\/p>\n<p style=\"padding-left: 40px;\" data-start=\"1277\" data-end=\"1658\"><img fetchpriority=\"high\" decoding=\"async\" class=\"aligncenter wp-image-3561 size-medium\" src=\"https:\/\/www.tairuiauto.com\/wp-content\/uploads\/2025\/09\/IMG_1605_\u526f\u672c-300x180.jpg\" alt=\"\" width=\"300\" height=\"180\" srcset=\"\" sizes=\"(max-width: 300px) 100vw, 300px\" data-srcset=\"\" \/><\/p>\n<p style=\"padding-left: 40px;\" data-start=\"1660\" data-end=\"1995\">El sistema de suspensi\u00f3n consiste en una <strong data-start=\"1696\" data-end=\"1730\">amortiguador hidr\u00e1ulico delantero<\/strong> y una <strong data-start=\"1737\" data-end=\"1765\">suspensi\u00f3n trasera de brazo de arrastre<\/strong>mejorando efectivamente la comodidad de conducci\u00f3n y la adaptabilidad de la carretera. La configuraci\u00f3n de los neum\u00e1ticos incluye <strong data-start=\"1853\" data-end=\"1878\">Neum\u00e1ticos delanteros 120\/70R12<\/strong> y <strong data-start=\"1883\" data-end=\"1907\">Neum\u00e1ticos traseros 135\/70R12<\/strong>Combinado con <strong data-start=\"1923\" data-end=\"1946\">cubos de aleaci\u00f3n de aluminio<\/strong> para mejorar la durabilidad y reducir el peso general.<\/p>\n<p style=\"padding-left: 40px;\" data-start=\"1997\" data-end=\"2273\">Para la seguridad, el veh\u00edculo adopta una <strong data-start=\"2030\" data-end=\"2066\">sistema de freno de disco delantero y trasero<\/strong>proporcionando un rendimiento de frenado fiable en condiciones de conducci\u00f3n urbanas. Con una <strong data-start=\"2146\" data-end=\"2174\">capacidad de escalada de \u226525%<\/strong> y una <strong data-start=\"2181\" data-end=\"2205\">velocidad m\u00e1xima de 45 km\/h<\/strong>Cumple con los requisitos de las normas de movilidad urbana de baja velocidad.<\/p>\n<p style=\"padding-left: 40px;\" data-start=\"2275\" data-end=\"2621\">La direcci\u00f3n se realiza a trav\u00e9s de una <strong data-start=\"2306\" data-end=\"2340\">modo de direcci\u00f3n del manillar medio<\/strong>ofreciendo f\u00e1cil manejo y control preciso. El veh\u00edculo apoya <strong data-start=\"2407\" data-end=\"2423\">Env\u00edo SKD<\/strong>Con una capacidad de contenedor de <strong data-start=\"2454\" data-end=\"2484\">9 unidades por contenedor 40HQ<\/strong>optimizar la eficiencia del transporte internacional. Est\u00e1 certificado bajo <strong data-start=\"2560\" data-end=\"2581\">CEE \/ COC \/ L2e-P<\/strong>Cumplir con las normas reguladoras europeas.<\/p>\n<hr style=\"padding-left: 40px;\" data-start=\"2623\" data-end=\"2626\" \/>\n<h2 style=\"padding-left: 40px;\" data-start=\"2628\" data-end=\"2656\">Caracter\u00edsticas clave &amp; Ventajas<\/h2>\n<h3 style=\"padding-left: 40px;\" data-start=\"2658\" data-end=\"2672\">Caracter\u00edsticas<\/h3>\n<ul>\n<li style=\"list-style-type: none;\">\n<ul data-start=\"2673\" data-end=\"2878\">\n<li data-start=\"2673\" data-end=\"2721\">\n<p data-start=\"2675\" data-end=\"2721\">Dise\u00f1o integral de carrocer\u00eda con dimensiones compactas<\/p>\n<\/li>\n<li data-start=\"2722\" data-end=\"2768\">\n<p data-start=\"2724\" data-end=\"2768\">Motor AC 60V 1500W con controlador de 24 tubos<\/p>\n<\/li>\n<li data-start=\"2769\" data-end=\"2809\">\n<p data-start=\"2771\" data-end=\"2809\">Largo rango de conducci\u00f3n \u226590 km por carga<\/p>\n<\/li>\n<li data-start=\"2810\" data-end=\"2848\">\n<p data-start=\"2812\" data-end=\"2848\">Sistema de frenado de disco delantero y trasero<\/p>\n<\/li>\n<li data-start=\"2849\" data-end=\"2878\">\n<p data-start=\"2851\" data-end=\"2878\">Hubs de ruedas de aleaci\u00f3n de aluminio<\/p>\n<\/li>\n<\/ul>\n<\/li>\n<\/ul>\n<h3 style=\"padding-left: 40px;\" data-start=\"2880\" data-end=\"2896\">Ventajas<\/h3>\n<ul>\n<li style=\"list-style-type: none;\">\n<ul data-start=\"2897\" data-end=\"3086\">\n<li data-start=\"2897\" data-end=\"2944\">\n<p data-start=\"2899\" data-end=\"2944\">Operaci\u00f3n ecol\u00f3gica y eficiente en materia de energ\u00eda<\/p>\n<\/li>\n<li data-start=\"2945\" data-end=\"2993\">\n<p data-start=\"2947\" data-end=\"2993\">Rendimiento estable en condiciones urbanas<\/p>\n<\/li>\n<li data-start=\"2994\" data-end=\"3041\">\n<p data-start=\"2996\" data-end=\"3041\">Suspensi\u00f3n c\u00f3moda y frenado fiable<\/p>\n<\/li>\n<li data-start=\"3042\" data-end=\"3086\">\n<p data-start=\"3044\" data-end=\"3086\">Certificado para el cumplimiento del mercado europeo<\/p>\n<\/li>\n<\/ul>\n<\/li>\n<\/ul>\n<h3 style=\"padding-left: 40px;\" data-start=\"3088\" data-end=\"3108\">Beneficios del comprador<\/h3>\n<ul>\n<li style=\"list-style-type: none;\">\n<ul data-start=\"3109\" data-end=\"3297\">\n<li data-start=\"3109\" data-end=\"3152\">\n<p data-start=\"3111\" data-end=\"3152\">Menores costos operativos y de mantenimiento<\/p>\n<\/li>\n<li data-start=\"3153\" data-end=\"3192\">\n<p data-start=\"3155\" data-end=\"3192\">Cumplimiento con las normas CEE \/ COC<\/p>\n<\/li>\n<li data-start=\"3193\" data-end=\"3240\">\n<p data-start=\"3195\" data-end=\"3240\">Carga eficiente de contenedores para la exportaci\u00f3n a granel<\/p>\n<\/li>\n<li data-start=\"3241\" data-end=\"3297\">\n<p data-start=\"3243\" data-end=\"3297\">Ideal para la movilidad urbana y los desplazamientos de corta distancia<\/p>\n<\/li>\n<\/ul>\n<\/li>\n<\/ul>\n<h3 style=\"padding-left: 40px;\" data-start=\"3299\" data-end=\"3313\">Evidencia<\/h3>\n<ul>\n<li style=\"list-style-type: none;\">\n<ul data-start=\"3314\" data-end=\"3441\">\n<li data-start=\"3314\" data-end=\"3355\">\n<p data-start=\"3316\" data-end=\"3355\">Configuraci\u00f3n de motor y controlador de CA<\/p>\n<\/li>\n<li data-start=\"3356\" data-end=\"3401\">\n<p data-start=\"3358\" data-end=\"3401\">Disposici\u00f3n probada de suspensi\u00f3n y sistema de frenos<\/p>\n<\/li>\n<li data-start=\"3402\" data-end=\"3441\">\n<p data-start=\"3404\" data-end=\"3441\">Apoyo a la certificaci\u00f3n internacional<\/p>\n<\/li>\n<\/ul>\n<\/li>\n<\/ul>\n<hr style=\"padding-left: 40px;\" data-start=\"3443\" data-end=\"3446\" \/>\n<h2 style=\"padding-left: 40px;\" data-start=\"3448\" data-end=\"3472\">Escenarios de aplicaci\u00f3n<\/h2>\n<ul>\n<li style=\"list-style-type: none;\">\n<ul data-start=\"3474\" data-end=\"3658\">\n<li data-start=\"3474\" data-end=\"3508\">\n<p data-start=\"3476\" data-end=\"3508\">Transporte urbano de corta distancia<\/p>\n<\/li>\n<li data-start=\"3509\" data-end=\"3549\">\n<p data-start=\"3511\" data-end=\"3549\">Transporte comunitario residencial<\/p>\n<\/li>\n<li data-start=\"3550\" data-end=\"3573\">\n<p data-start=\"3552\" data-end=\"3573\">Movilidad urbana diaria<\/p>\n<\/li>\n<li data-start=\"3574\" data-end=\"3610\">\n<p data-start=\"3576\" data-end=\"3610\">Uso comercial y de servicio ligero<\/p>\n<\/li>\n<li data-start=\"3611\" data-end=\"3658\">\n<p data-start=\"3613\" data-end=\"3658\">Proyectos de transporte respetuosos con el medio ambiente<\/p>\n<\/li>\n<\/ul>\n<\/li>\n<\/ul>\n<hr style=\"padding-left: 40px;\" data-start=\"3660\" data-end=\"3663\" \/>\n<h2 style=\"padding-left: 40px;\" data-start=\"3665\" data-end=\"3723\">Por qu\u00e9 elegir este veh\u00edculo el\u00e9ctrico ecol\u00f3gico de baja velocidad<\/h2>\n<p style=\"padding-left: 40px;\" data-start=\"3725\" data-end=\"3974\">Este modelo ofrece un excelente equilibrio entre tama\u00f1o compacto, largo alcance y configuraci\u00f3n lista para cumplimiento. Su cuerpo integrado, sistema el\u00e9ctrico eficiente y dise\u00f1o enfocado en la seguridad lo convierten en una soluci\u00f3n fiable para los mercados urbanos de transporte de baja velocidad.<\/p>\n<hr style=\"padding-left: 40px;\" data-start=\"3976\" data-end=\"3979\" \/>\n<h2 style=\"padding-left: 40px;\" data-start=\"3981\" data-end=\"4004\">Embalaje &amp; Entrega<\/h2>\n<ul>\n<li style=\"list-style-type: none;\">\n<ul data-start=\"4006\" data-end=\"4166\">\n<li data-start=\"4006\" data-end=\"4046\">\n<p data-start=\"4008\" data-end=\"4046\"><strong data-start=\"4008\" data-end=\"4026\">Certificaci\u00f3n:<\/strong> CEE \/ COC \/ L2e-P<\/p>\n<\/li>\n<li data-start=\"4047\" data-end=\"4091\">\n<p data-start=\"4049\" data-end=\"4091\"><strong data-start=\"4049\" data-end=\"4072\">Capacidad del contenedor:<\/strong> 9 PCS SKD \/ 40HQ<\/p>\n<\/li>\n<li data-start=\"4092\" data-end=\"4139\">\n<p data-start=\"4094\" data-end=\"4139\"><strong data-start=\"4094\" data-end=\"4113\">M\u00e9todo de embalaje:<\/strong> Embalaje est\u00e1ndar de exportaci\u00f3n<\/p>\n<\/li>\n<li data-start=\"4140\" data-end=\"4166\">\n<p data-start=\"4142\" data-end=\"4166\"><strong data-start=\"4142\" data-end=\"4160\">Formulario de entrega:<\/strong> SKD<\/p>\n<\/li>\n<\/ul>\n<\/li>\n<\/ul>\n<hr style=\"padding-left: 40px;\" data-start=\"4168\" data-end=\"4171\" \/>\n<h2 style=\"padding-left: 40px;\" data-start=\"4173\" data-end=\"4179\">Preguntas frecuentes<\/h2>\n<p style=\"padding-left: 40px;\" data-start=\"4181\" data-end=\"4328\"><strong data-start=\"4181\" data-end=\"4234\">Q1: \u00bfCu\u00e1l es el rango m\u00e1ximo de conducci\u00f3n por carga?<\/strong><br data-start=\"4234\" data-end=\"4237\" \/>El veh\u00edculo ofrece un rango de conducci\u00f3n de <strong data-start=\"4275\" data-end=\"4285\">\u226590 km<\/strong>Dependiendo de las condiciones de carga y conducci\u00f3n.<\/p>\n<p style=\"padding-left: 40px;\" data-start=\"4330\" data-end=\"4462\"><strong data-start=\"4330\" data-end=\"4377\">Q2: \u00bfQu\u00e9 tipo de motor utiliza este modelo?<\/strong><br data-start=\"4377\" data-end=\"4380\" \/>Est\u00e1 equipado con una <strong data-start=\"4402\" data-end=\"4424\">Motor de CA 60V 1500W<\/strong> para un rendimiento estable y eficiente.<\/p>\n<p style=\"padding-left: 40px;\" data-start=\"4464\" data-end=\"4611\"><strong data-start=\"4464\" data-end=\"4518\">Q3: \u00bfEs este veh\u00edculo adecuado para los mercados europeos?<\/strong><br data-start=\"4518\" data-end=\"4521\" \/>- S\u00ed. - S\u00ed. Est\u00e1 certificado con <strong data-start=\"4547\" data-end=\"4568\">CEE \/ COC \/ L2e-P<\/strong>cumplir con los requisitos normativos europeos.<\/p>\n<p style=\"padding-left: 40px;\" data-start=\"4613\" data-end=\"4766\"><strong data-start=\"4613\" data-end=\"4655\">Q4: \u00bfQu\u00e9 caracter\u00edsticas de seguridad est\u00e1n incluidas?<\/strong><br data-start=\"4655\" data-end=\"4658\" \/>Las caracter\u00edsticas del veh\u00edculo <strong data-start=\"4679\" data-end=\"4709\">Frenos de disco delanteros y traseros<\/strong>suspensi\u00f3n hidr\u00e1ulica, luces led y una c\u00e1mara inversa.<\/p>\n<p style=\"padding-left: 40px;\" data-start=\"4768\" data-end=\"4873\"><strong data-start=\"4768\" data-end=\"4803\">Q5: \u00bfC\u00f3mo se env\u00eda el veh\u00edculo?<\/strong><br data-start=\"4803\" data-end=\"4806\" \/>Se env\u00eda en <strong data-start=\"4823\" data-end=\"4835\">Formulario SKD<\/strong>con <strong data-start=\"4842\" data-end=\"4872\">9 unidades por contenedor 40HQ<\/strong>.<\/p>","protected":false},"excerpt":{"rendered":"<p>El <strong data-start=\"123\" data-end=\"166\">Veh\u00edculo el\u00e9ctrico de baja velocidad ecol\u00f3gico<\/strong> es un veh\u00edculo el\u00e9ctrico compacto y eficiente en energ\u00eda dise\u00f1ado para el transporte urbano de corta distancia. Con una estructura de carrocer\u00eda totalmente integrada, un sistema de energ\u00eda el\u00e9ctrica fiable y una configuraci\u00f3n de seguridad mejorada, ofrece una soluci\u00f3n de movilidad pr\u00e1ctica para los desplazamientos urbanos y el uso diario ligero.<\/p>","protected":false},"featured_media":5377,"comment_status":"open","ping_status":"closed","template":"","meta":[],"product_brand":[],"product_cat":[78],"product_tag":[],"class_list":{"0":"post-3549","1":"product","2":"type-product","3":"status-publish","4":"has-post-thumbnail","6":"product_cat-electric-tricycle","8":"first","9":"instock","10":"shipping-taxable","11":"purchasable","12":"product-type-simple"},"_links":{"self":[{"href":"https:\/\/www.tairuiauto.com\/es\/wp-json\/wp\/v2\/product\/3549","targetHints":{"allow":["GET"]}}],"collection":[{"href":"https:\/\/www.tairuiauto.com\/es\/wp-json\/wp\/v2\/product"}],"about":[{"href":"https:\/\/www.tairuiauto.com\/es\/wp-json\/wp\/v2\/types\/product"}],"replies":[{"embeddable":true,"href":"https:\/\/www.tairuiauto.com\/es\/wp-json\/wp\/v2\/comments?post=3549"}],"wp:featuredmedia":[{"embeddable":true,"href":"https:\/\/www.tairuiauto.com\/es\/wp-json\/wp\/v2\/media\/5377"}],"wp:attachment":[{"href":"https:\/\/www.tairuiauto.com\/es\/wp-json\/wp\/v2\/media?parent=3549"}],"wp:term":[{"taxonomy":"product_brand","embeddable":true,"href":"https:\/\/www.tairuiauto.com\/es\/wp-json\/wp\/v2\/product_brand?post=3549"},{"taxonomy":"product_cat","embeddable":true,"href":"https:\/\/www.tairuiauto.com\/es\/wp-json\/wp\/v2\/product_cat?post=3549"},{"taxonomy":"product_tag","embeddable":true,"href":"https:\/\/www.tairuiauto.com\/es\/wp-json\/wp\/v2\/product_tag?post=3549"}],"curies":[{"name":"WP","href":"https:\/\/api.w.org\/{rel}","templated":true}]}}