{"id":3565,"date":"2025-09-06T08:22:06","date_gmt":"2025-09-06T00:22:06","guid":{"rendered":"https:\/\/www.tairuiauto.com\/?post_type=product&#038;p=3565"},"modified":"2025-09-06T08:39:58","modified_gmt":"2025-09-06T00:39:58","slug":"electric-passenger-trike","status":"publish","type":"product","link":"https:\/\/www.tairuiauto.com\/es\/product\/electric-passenger-trike\/","title":{"rendered":"trike el\u00e9ctrico de pasajeros"},"content":{"rendered":"<h2 data-start=\"256\" data-end=\"280\">Descripci\u00f3n del producto<\/h2>\n<p data-start=\"843\" data-end=\"1249\">Esto <strong data-start=\"848\" data-end=\"876\">trike el\u00e9ctrico de pasajeros<\/strong> Enfatiza la estabilidad con <strong data-start=\"903\" data-end=\"933\">Frenos de disco delanteros y traseros<\/strong>, amortiguaci\u00f3n hidr\u00e1ulica y cubos de aleaci\u00f3n de aluminio. Funciones inteligentes modernas como <strong data-start=\"1018\" data-end=\"1096\">arranque con un solo bot\u00f3n, luces led, c\u00e1mara trasera, calentador y ventanas el\u00e9ctricas<\/strong> mejorar la comodidad, asegurando que el A801 es m\u00e1s que un simple <strong data-start=\"1168\" data-end=\"1193\">veh\u00edculo el\u00e9ctrico de la ciudad<\/strong>Es una soluci\u00f3n de movilidad c\u00f3moda y fiable.<\/p>\n<table style=\"border-collapse: collapse; width: 82.7865%; height: 634px;\" border=\"0\" width=\"720\" cellspacing=\"0\" cellpadding=\"0\">\n<tbody>\n<tr style=\"height: 20.00pt;\">\n<td class=\"et4\" style=\"height: 20.00pt; width: 159.05pt;\" width=\"265\" height=\"33\">modelo<\/td>\n<td class=\"et4\" style=\"width: 273.40pt;\" width=\"455\">A801<\/td>\n<\/tr>\n<tr style=\"height: 20.00pt;\">\n<td class=\"et5\" style=\"height: 20.00pt; width: 159.05pt;\" width=\"265\" height=\"33\">Dimensiones (mm)<\/td>\n<td class=\"et5\" style=\"width: 273.40pt;\" width=\"455\">2400*1245*1619<\/td>\n<\/tr>\n<tr style=\"height: 20.00pt;\">\n<td class=\"et5\" style=\"height: 20.00pt; width: 159.05pt;\" width=\"265\" height=\"33\">Tipo de cuerpo<\/td>\n<td class=\"et5\" style=\"width: 273.40pt;\" width=\"455\">cuerpo integral<\/td>\n<\/tr>\n<tr style=\"height: 20.00pt;\">\n<td class=\"et5\" style=\"height: 20.00pt; width: 159.05pt;\" width=\"265\" height=\"33\">Estructura del cuerpo<\/td>\n<td class=\"et5\" style=\"width: 273.40pt;\" width=\"455\">2 puertas y 2 asientos<\/td>\n<\/tr>\n<tr style=\"height: 20.00pt;\">\n<td class=\"et5\" style=\"height: 20.00pt; width: 159.05pt;\" width=\"265\" height=\"33\">motor<\/td>\n<td class=\"et5\" style=\"width: 273.40pt;\" width=\"455\">60V1500W corriente continua<\/td>\n<\/tr>\n<tr style=\"height: 20.00pt;\">\n<td class=\"et5\" style=\"height: 20.00pt; width: 159.05pt;\" width=\"265\" height=\"33\">Controlador<\/td>\n<td class=\"et5\" style=\"width: 273.40pt;\" width=\"455\">60V 24 tubos<\/td>\n<\/tr>\n<tr style=\"height: 20.00pt;\">\n<td class=\"et5\" style=\"height: 20.00pt; width: 159.05pt;\" width=\"265\" height=\"33\">Bater\u00eda (kwh)<\/td>\n<td class=\"et5\" style=\"width: 273.40pt;\" width=\"455\">60V80AH<\/td>\n<\/tr>\n<tr style=\"height: 20.00pt;\">\n<td class=\"et5\" style=\"height: 20.00pt; width: 159.05pt;\" width=\"265\" height=\"33\">Tiempo de carga (H)<\/td>\n<td class=\"et5\" style=\"width: 273.40pt;\" width=\"455\">6-8<\/td>\n<\/tr>\n<tr style=\"height: 20.00pt;\">\n<td class=\"et5\" style=\"height: 20.00pt; width: 159.05pt;\" width=\"265\" height=\"33\">Rango por carga\/km<\/td>\n<td class=\"et5\" style=\"width: 273.40pt;\" width=\"455\">\u2265 90<\/td>\n<\/tr>\n<tr style=\"height: 20.00pt;\">\n<td class=\"et5\" style=\"height: 20.00pt; width: 159.05pt;\" width=\"265\" height=\"33\">Suspensi\u00f3n delantera<\/td>\n<td class=\"et5\" style=\"width: 273.40pt;\" width=\"455\">choker hidr\u00e1ulico<\/td>\n<\/tr>\n<tr style=\"height: 20.00pt;\">\n<td class=\"et5\" style=\"height: 20.00pt; width: 159.05pt;\" width=\"265\" height=\"33\">Suspensi\u00f3n trasera<\/td>\n<td class=\"et5\" style=\"width: 273.40pt;\" width=\"455\">Suspensi\u00f3n de brazo de arrastre<\/td>\n<\/tr>\n<tr style=\"height: 20.00pt;\">\n<td class=\"et5\" style=\"height: 20.00pt; width: 159.05pt;\" width=\"265\" height=\"33\">Neum\u00e1tico delantero\/trasero<\/td>\n<td class=\"et5\" style=\"width: 273.40pt;\" width=\"455\">Frente 120\/70R12<br \/>\nTrasera 135\/70R12<\/td>\n<\/tr>\n<tr style=\"height: 20.00pt;\">\n<td class=\"et5\" style=\"height: 20.00pt; width: 159.05pt;\" width=\"265\" height=\"33\">Rim<\/td>\n<td class=\"et5\" style=\"width: 273.40pt;\" width=\"455\">Hub de aleaci\u00f3n de aluminio<\/td>\n<\/tr>\n<tr style=\"height: 20.00pt;\">\n<td class=\"et5\" style=\"height: 20.00pt; width: 159.05pt;\" width=\"265\" height=\"33\">Sistema de frenos<\/td>\n<td class=\"et5\" style=\"width: 273.40pt;\" width=\"455\">delantero\/trasero:disco<\/td>\n<\/tr>\n<tr style=\"height: 20.00pt;\">\n<td class=\"et5\" style=\"height: 20.00pt; width: 159.05pt;\" width=\"265\" height=\"33\">Grado de escalada (%)<\/td>\n<td class=\"et5\" style=\"width: 273.40pt;\" width=\"455\">\u2264 25<\/td>\n<\/tr>\n<tr style=\"height: 20.00pt;\">\n<td class=\"et5\" style=\"height: 20.00pt; width: 159.05pt;\" width=\"265\" height=\"33\">Velocidad m\u00e1xima (km\/h)<\/td>\n<td class=\"et5\" style=\"width: 273.40pt;\" width=\"455\">25 km\/h<\/td>\n<\/tr>\n<tr style=\"height: 20.00pt;\">\n<td class=\"et5\" style=\"height: 20.00pt; width: 159.05pt;\" width=\"265\" height=\"33\">Modo de direcci\u00f3n<\/td>\n<td class=\"et5\" style=\"width: 273.40pt;\" width=\"455\">Manillar medio<\/td>\n<\/tr>\n<tr style=\"height: 20.00pt;\">\n<td class=\"et5\" style=\"height: 20.00pt; width: 159.05pt;\" width=\"265\" height=\"33\">Capacidad del contenedor<\/td>\n<td class=\"et5\" style=\"width: 273.40pt;\" width=\"455\">9 PCS SKD\/40&#8217; Sede central<\/td>\n<\/tr>\n<tr style=\"height: 20.00pt;\">\n<td class=\"et5\" style=\"height: 20.00pt; width: 159.05pt;\" width=\"265\" height=\"33\">Certificado<\/td>\n<td class=\"et5\" style=\"width: 273.40pt;\" width=\"455\">CEE \/ COC \/ L2e-P<\/td>\n<\/tr>\n<tr style=\"height: 20.00pt;\">\n<td class=\"et5\" style=\"height: 60.00pt; width: 159.05pt;\" rowspan=\"3\" width=\"265\" height=\"100\">Dispositivo de funci\u00f3n<\/td>\n<td class=\"et5\" style=\"width: 273.40pt;\" width=\"455\">Inicio con un bot\u00f3n<\/td>\n<\/tr>\n<tr style=\"height: 20.00pt;\">\n<td class=\"et5\" style=\"width: 273.40pt;\" width=\"455\">Luz LED<\/td>\n<\/tr>\n<tr style=\"height: 20.00pt;\">\n<td class=\"et5\" style=\"width: 273.40pt;\" width=\"455\">C\u00e1mara inversa \/ Calentador \/ Ventana el\u00e9ctrica<\/td>\n<\/tr>\n<\/tbody>\n<\/table>\n<hr data-start=\"1251\" data-end=\"1254\" \/>\n<h2 data-start=\"1256\" data-end=\"1299\">Caracter\u00edsticas &amp; Ventajas (puntos de venta)<\/h2>\n<ol data-start=\"1301\" data-end=\"2234\">\n<li data-start=\"1301\" data-end=\"1505\">\n<p data-start=\"1304\" data-end=\"1505\"><strong data-start=\"1304\" data-end=\"1328\">Rango diario confiable<\/strong><br data-start=\"1328\" data-end=\"1331\" \/>El triciclo el\u00e9ctrico A801 logra una <strong data-start=\"1369\" data-end=\"1396\">Rango de \u226590 km por carga<\/strong>por lo que es fiable <strong data-start=\"1421\" data-end=\"1442\">veh\u00edculo el\u00e9ctrico urbano<\/strong> para viajes de compras, tareas familiares y viajes de barrio.<\/p>\n<\/li>\n<li data-start=\"1507\" data-end=\"1755\">\n<p data-start=\"1510\" data-end=\"1755\"><strong data-start=\"1510\" data-end=\"1543\">Potencia y eficiencia equilibradas<\/strong><br data-start=\"1543\" data-end=\"1546\" \/>Alimentado por a <strong data-start=\"1559\" data-end=\"1577\">Motor de corriente continua de 1500W<\/strong> con una <strong data-start=\"1585\" data-end=\"1611\">Controlador de 24 tubos de 60V<\/strong>El A801 ofrece una aceleraci\u00f3n constante y eficiencia energ\u00e9tica, posicion\u00e1ndolo como un <strong data-start=\"1702\" data-end=\"1730\">coche el\u00e9ctrico de tres ruedas<\/strong> Conducci\u00f3n segura en la ciudad.<\/p>\n<\/li>\n<li data-start=\"1757\" data-end=\"1993\">\n<p data-start=\"1760\" data-end=\"1993\"><strong data-start=\"1760\" data-end=\"1787\">Dise\u00f1o orientado a la comodidad<\/strong><br data-start=\"1787\" data-end=\"1790\" \/>El <strong data-start=\"1794\" data-end=\"1845\">calefacci\u00f3n, ventanas el\u00e9ctricas y asientos ergon\u00f3micos<\/strong> proporcionan un viaje c\u00f3modo, haciendo que el A801 no solo sea funcional sino tambi\u00e9n un <strong data-start=\"1921\" data-end=\"1958\">trike el\u00e9ctrico amigable con los pasajeros<\/strong> Adecuado para personas mayores y familias.<\/p>\n<\/li>\n<li data-start=\"1995\" data-end=\"2234\">\n<p data-start=\"1998\" data-end=\"2234\"><strong data-start=\"1998\" data-end=\"2026\">Caracter\u00edsticas de seguridad mejoradas<\/strong><br data-start=\"2026\" data-end=\"2029\" \/>Con <strong data-start=\"2034\" data-end=\"2116\">frenos de disco delanteros y traseros, suspensi\u00f3n hidr\u00e1ulica y suspensi\u00f3n trasera con brazo de arrastre<\/strong>El triciclo el\u00e9ctrico A801 garantiza una manejo y estabilidad seguros, lo que lo convierte en un <strong data-start=\"2206\" data-end=\"2231\">veh\u00edculo el\u00e9ctrico de la ciudad<\/strong>.<\/p>\n<\/li>\n<\/ol>\n<hr data-start=\"2236\" data-end=\"2239\" \/>\n<h2 data-start=\"2241\" data-end=\"2271\">Ventajas diferenciadas<\/h2>\n<ol data-start=\"2273\" data-end=\"3041\">\n<li data-start=\"2273\" data-end=\"2452\">\n<p data-start=\"2276\" data-end=\"2452\"><strong data-start=\"2276\" data-end=\"2305\">Compacto y f\u00e1cil de usar<\/strong><br data-start=\"2305\" data-end=\"2308\" \/>A diferencia de los veh\u00edculos el\u00e9ctricos m\u00e1s grandes, el A801 est\u00e1 dise\u00f1ado para ser <strong data-start=\"2354\" data-end=\"2380\">Compacto pero funcional<\/strong>Ideal para conductores mayores y aquellos que navegan por calles urbanas estrechas.<\/p>\n<\/li>\n<li data-start=\"2454\" data-end=\"2635\">\n<p data-start=\"2457\" data-end=\"2635\"><strong data-start=\"2457\" data-end=\"2479\">Seguridad priorizada<\/strong><br data-start=\"2479\" data-end=\"2482\" \/>Equipado con <strong data-start=\"2496\" data-end=\"2526\">frenado de disco en ambos ejes<\/strong> y <strong data-start=\"2531\" data-end=\"2556\">cubos de aleaci\u00f3n reforzados<\/strong>El A801 supera a muchos trikes el\u00e9ctricos de bajo costo en t\u00e9rminos de seguridad vial.<\/p>\n<\/li>\n<li data-start=\"2637\" data-end=\"2831\">\n<p data-start=\"2640\" data-end=\"2831\"><strong data-start=\"2640\" data-end=\"2675\">Soluci\u00f3n de transporte ecol\u00f3gica<\/strong><br data-start=\"2675\" data-end=\"2678\" \/>Como un <strong data-start=\"2683\" data-end=\"2729\">veh\u00edculo el\u00e9ctrico de tres ruedas de cero emisiones<\/strong>El A801 contribuye al transporte sostenible al tiempo que reduce los costos de combustible y mantenimiento a largo plazo.<\/p>\n<\/li>\n<li data-start=\"2833\" data-end=\"3041\">\n<p data-start=\"2836\" data-end=\"3041\"><strong data-start=\"2836\" data-end=\"2874\">Certificado a nivel mundial para la fiabilidad<\/strong><br data-start=\"2874\" data-end=\"2877\" \/>Certificado con <strong data-start=\"2892\" data-end=\"2915\">CEE, COC y L2e-P<\/strong>El triciclo el\u00e9ctrico A801 cumple con los est\u00e1ndares internacionales de calidad, lo que lo hace adecuado tanto para los mercados nacionales como para los mercados de exportaci\u00f3n.<\/p>\n<\/li>\n<\/ol>\n<p><img fetchpriority=\"high\" decoding=\"async\" class=\"size-medium wp-image-3572 aligncenter\" src=\"https:\/\/www.tairuiauto.com\/wp-content\/uploads\/2025\/09\/8-1-300x225.jpg\" alt=\"\" width=\"300\" height=\"225\" srcset=\"\" sizes=\"(max-width: 300px) 100vw, 300px\" data-srcset=\"\" \/><\/p>\n<hr data-start=\"3043\" data-end=\"3046\" \/>\n<h2 data-start=\"3048\" data-end=\"3075\">Especificaciones del producto<\/h2>\n<ul data-start=\"3077\" data-end=\"3862\">\n<li data-start=\"3077\" data-end=\"3096\">\n<p data-start=\"3079\" data-end=\"3096\"><strong data-start=\"3079\" data-end=\"3089\">Modelo:<\/strong> A801<\/p>\n<\/li>\n<li data-start=\"3097\" data-end=\"3138\">\n<p data-start=\"3099\" data-end=\"3138\"><strong data-start=\"3099\" data-end=\"3114\">Dimensiones:<\/strong> 2400 \u00d7 1245 \u00d7 1619 mm<\/p>\n<\/li>\n<li data-start=\"3139\" data-end=\"3171\">\n<p data-start=\"3141\" data-end=\"3171\"><strong data-start=\"3141\" data-end=\"3155\">Tipo de cuerpo:<\/strong> Cuerpo integral<\/p>\n<\/li>\n<li data-start=\"3172\" data-end=\"3212\">\n<p data-start=\"3174\" data-end=\"3212\"><strong data-start=\"3174\" data-end=\"3193\">Estructura del cuerpo:<\/strong> 2 puertas, 2 asientos<\/p>\n<\/li>\n<li data-start=\"3213\" data-end=\"3240\">\n<p data-start=\"3215\" data-end=\"3240\"><strong data-start=\"3215\" data-end=\"3225\">Motor:<\/strong> 60V 1500W CC<\/p>\n<\/li>\n<li data-start=\"3241\" data-end=\"3273\">\n<p data-start=\"3243\" data-end=\"3273\"><strong data-start=\"3243\" data-end=\"3258\">Controlador:<\/strong> 60 V 24 tubos<\/p>\n<\/li>\n<li data-start=\"3274\" data-end=\"3299\">\n<p data-start=\"3276\" data-end=\"3299\"><strong data-start=\"3276\" data-end=\"3288\">Bater\u00eda:<\/strong> 60V 80Ah<\/p>\n<\/li>\n<li data-start=\"3300\" data-end=\"3332\">\n<p data-start=\"3302\" data-end=\"3332\"><strong data-start=\"3302\" data-end=\"3320\">Tiempo de carga:<\/strong> 6-8 horas<\/p>\n<\/li>\n<li data-start=\"3333\" data-end=\"3365\">\n<p data-start=\"3335\" data-end=\"3365\"><strong data-start=\"3335\" data-end=\"3356\">Rango por carga:<\/strong> \u226590 km<\/p>\n<\/li>\n<li data-start=\"3366\" data-end=\"3392\">\n<p data-start=\"3368\" data-end=\"3392\"><strong data-start=\"3368\" data-end=\"3382\">Velocidad m\u00e1xima:<\/strong> 25 km\/h<\/p>\n<\/li>\n<li data-start=\"3393\" data-end=\"3423\">\n<p data-start=\"3395\" data-end=\"3423\"><strong data-start=\"3395\" data-end=\"3416\">Capacidad de escalada:<\/strong> \u2265 25%<\/p>\n<\/li>\n<li data-start=\"3424\" data-end=\"3467\">\n<p data-start=\"3426\" data-end=\"3467\"><strong data-start=\"3426\" data-end=\"3447\">Suspensi\u00f3n frontal:<\/strong> Choker hidr\u00e1ulico<\/p>\n<\/li>\n<li data-start=\"3468\" data-end=\"3512\">\n<p data-start=\"3470\" data-end=\"3512\"><strong data-start=\"3470\" data-end=\"3490\">Suspensi\u00f3n trasera:<\/strong> Suspensi\u00f3n de brazo de arrastre<\/p>\n<\/li>\n<li data-start=\"3513\" data-end=\"3571\">\n<p data-start=\"3515\" data-end=\"3571\"><strong data-start=\"3515\" data-end=\"3536\">Neum\u00e1ticos delanteros\/traseros:<\/strong> Delantero 120\/70R12 \/ Trasero 135\/70R12<\/p>\n<\/li>\n<li data-start=\"3572\" data-end=\"3603\">\n<p data-start=\"3574\" data-end=\"3603\"><strong data-start=\"3574\" data-end=\"3582\">Borda:<\/strong> Hubo de aleaci\u00f3n de aluminio<\/p>\n<\/li>\n<li data-start=\"3604\" data-end=\"3643\">\n<p data-start=\"3606\" data-end=\"3643\"><strong data-start=\"3606\" data-end=\"3623\">Sistema de frenos:<\/strong> Frente &amp; disco trasero<\/p>\n<\/li>\n<li data-start=\"3644\" data-end=\"3683\">\n<p data-start=\"3646\" data-end=\"3683\"><strong data-start=\"3646\" data-end=\"3664\">Modo de direcci\u00f3n:<\/strong> Manillar medio<\/p>\n<\/li>\n<li data-start=\"3684\" data-end=\"3727\">\n<p data-start=\"3686\" data-end=\"3727\"><strong data-start=\"3686\" data-end=\"3709\">Capacidad del contenedor:<\/strong> 9 PCS SKD\/40&#8217; Sede central<\/p>\n<\/li>\n<li data-start=\"3728\" data-end=\"3766\">\n<p data-start=\"3730\" data-end=\"3766\"><strong data-start=\"3730\" data-end=\"3746\">Certificado:<\/strong> CEE \/ COC \/ L2e-P<\/p>\n<\/li>\n<li data-start=\"3767\" data-end=\"3862\">\n<p data-start=\"3769\" data-end=\"3862\"><strong data-start=\"3769\" data-end=\"3790\">Dispositivos de funci\u00f3n:<\/strong> Inicio con un solo bot\u00f3n, luces LED, c\u00e1mara trasera, calefacci\u00f3n, ventana el\u00e9ctrica<\/p>\n<\/li>\n<\/ul>\n<hr data-start=\"3864\" data-end=\"3867\" \/>\n<h2 data-start=\"3869\" data-end=\"3883\">Materiales<\/h2>\n<ul data-start=\"3884\" data-end=\"4013\">\n<li data-start=\"3884\" data-end=\"3921\">\n<p data-start=\"3886\" data-end=\"3921\">Cuerpo integral de acero de alta resistencia<\/p>\n<\/li>\n<li data-start=\"3922\" data-end=\"3961\">\n<p data-start=\"3924\" data-end=\"3961\">Llantes de cubo de aleaci\u00f3n de aluminio ligera<\/p>\n<\/li>\n<li data-start=\"3962\" data-end=\"4013\">\n<p data-start=\"3964\" data-end=\"4013\">Vidrio de calidad automotriz y pl\u00e1stico duradero<\/p>\n<\/li>\n<\/ul>\n<hr data-start=\"4015\" data-end=\"4018\" \/>\n<h2 data-start=\"4020\" data-end=\"4035\">Apariencia<\/h2>\n<p data-start=\"4036\" data-end=\"4157\">Compacto, elegante y moderno con opciones de pintura externa personalizables para satisfacer los requisitos de marca personal o empresarial.<\/p>\n<hr data-start=\"4159\" data-end=\"4162\" \/>\n<h2 data-start=\"4164\" data-end=\"4175\">Dise\u00f1o<\/h2>\n<p data-start=\"4176\" data-end=\"4314\">Minimalista y ergon\u00f3mica con un dise\u00f1o interior de 2 asientos, puertas de entrada f\u00e1ciles y un sistema de control f\u00e1cil de usar dise\u00f1ado para conductores urbanos.<\/p>\n<hr data-start=\"4316\" data-end=\"4319\" \/>\n<h2 data-start=\"4321\" data-end=\"4351\">Opciones de personalizaci\u00f3n OEM<\/h2>\n<ul data-start=\"4352\" data-end=\"4526\">\n<li data-start=\"4352\" data-end=\"4391\">\n<p data-start=\"4354\" data-end=\"4391\">Colores exteriores y calcoman\u00edas de marca<\/p>\n<\/li>\n<li data-start=\"4392\" data-end=\"4437\">\n<p data-start=\"4394\" data-end=\"4437\">Materiales del asiento y mejoras del interior<\/p>\n<\/li>\n<li data-start=\"4438\" data-end=\"4474\">\n<p data-start=\"4440\" data-end=\"4474\">Opciones de embalaje y exportaci\u00f3n OEM<\/p>\n<\/li>\n<li data-start=\"4475\" data-end=\"4526\">\n<p data-start=\"4477\" data-end=\"4526\">Personalizaci\u00f3n de flota con logotipos para distribuidores<\/p>\n<\/li>\n<\/ul>\n<hr data-start=\"4528\" data-end=\"4531\" \/>\n<h2 data-start=\"4533\" data-end=\"4553\">Control de calidad<\/h2>\n<h3 data-start=\"4555\" data-end=\"4579\">Proceso de producci\u00f3n<\/h3>\n<p data-start=\"4580\" data-end=\"4713\">Cada triciclo el\u00e9ctrico A801 se inspecciona durante el montaje, se prueba el rendimiento de la bater\u00eda y se somete a pruebas de frenado y carga.<\/p>\n<h3 data-start=\"4715\" data-end=\"4739\">Compromiso de calidad<\/h3>\n<p data-start=\"4740\" data-end=\"4834\">Aseguramos una calidad consistente del producto, con cada unidad probada para el cumplimiento antes de la entrega.<\/p>\n<h3 data-start=\"4836\" data-end=\"4863\">Certificaci\u00f3n del producto<\/h3>\n<p data-start=\"4864\" data-end=\"4949\">Certificado con <strong data-start=\"4879\" data-end=\"4902\">CEE, COC y L2e-P<\/strong>lo que lo hace adecuado para la distribuci\u00f3n global.<\/p>\n<hr data-start=\"4951\" data-end=\"4954\" \/>\n<h2 data-start=\"4956\" data-end=\"4980\">Apoyo posventa<\/h2>\n<ul data-start=\"4982\" data-end=\"5264\">\n<li data-start=\"4982\" data-end=\"5047\">\n<p data-start=\"4984\" data-end=\"5047\"><strong data-start=\"4984\" data-end=\"5014\">Instalaci\u00f3n &amp; Ajuste:<\/strong> Manuales de instrucciones proporcionados<\/p>\n<\/li>\n<li data-start=\"5048\" data-end=\"5106\">\n<p data-start=\"5050\" data-end=\"5106\"><strong data-start=\"5050\" data-end=\"5063\">Formaci\u00f3n:<\/strong> Ofrecido para compradores mayoristas y de proyectos<\/p>\n<\/li>\n<li data-start=\"5107\" data-end=\"5180\">\n<p data-start=\"5109\" data-end=\"5180\"><strong data-start=\"5109\" data-end=\"5133\">Servicio posventa:<\/strong> Red de soporte t\u00e9cnico para clientes globales<\/p>\n<\/li>\n<li data-start=\"5181\" data-end=\"5264\">\n<p data-start=\"5183\" data-end=\"5264\"><strong data-start=\"5183\" data-end=\"5213\">Mantenimiento y Piezas de repuesto:<\/strong> Cadena de suministro a largo plazo para repuestos y componentes<\/p>\n<\/li>\n<\/ul>\n<hr data-start=\"5266\" data-end=\"5269\" \/>\n<h2 data-start=\"5271\" data-end=\"5288\">Aplicaciones<\/h2>\n<ul data-start=\"5289\" data-end=\"5460\">\n<li data-start=\"5289\" data-end=\"5329\">\n<p data-start=\"5291\" data-end=\"5329\">Transporte de personas mayores o de movilidad<\/p>\n<\/li>\n<li data-start=\"5330\" data-end=\"5365\">\n<p data-start=\"5332\" data-end=\"5365\">Viajes familiares de corta distancia<\/p>\n<\/li>\n<li data-start=\"5366\" data-end=\"5417\">\n<p data-start=\"5368\" data-end=\"5417\">Transporte tur\u00edstico en comunidades o parques<\/p>\n<\/li>\n<li data-start=\"5418\" data-end=\"5460\">\n<p data-start=\"5420\" data-end=\"5460\">Servicio de taxi de barrio ecol\u00f3gico<\/p>\n<\/li>\n<\/ul>\n<hr data-start=\"5462\" data-end=\"5465\" \/>\n<h2 data-start=\"5467\" data-end=\"5487\">Opciones de pago<\/h2>\n<ul data-start=\"5488\" data-end=\"5583\">\n<li data-start=\"5488\" data-end=\"5540\">\n<p data-start=\"5490\" data-end=\"5540\">Condiciones de pago flexibles para mayoristas y distribuidores<\/p>\n<\/li>\n<li data-start=\"5541\" data-end=\"5583\">\n<p data-start=\"5543\" data-end=\"5583\">Descuentos disponibles para compras a granel<\/p>\n<\/li>\n<\/ul>\n<hr data-start=\"5585\" data-end=\"5588\" \/>\n<h2 data-start=\"5590\" data-end=\"5598\">Preguntas frecuentes<\/h2>\n<p data-start=\"5600\" data-end=\"5743\"><strong data-start=\"5600\" data-end=\"5646\">Q1: \u00bfCu\u00e1l es la velocidad m\u00e1xima del A801?<\/strong><br data-start=\"5646\" data-end=\"5649\" \/>R: El triciclo el\u00e9ctrico A801 alcanza <strong data-start=\"5687\" data-end=\"5698\">25 km\/h<\/strong>garantizar la seguridad y el control del uso urbano.<\/p>\n<p data-start=\"5745\" data-end=\"5856\"><strong data-start=\"5745\" data-end=\"5786\">Q2: \u00bfCu\u00e1ntos pasajeros puede transportar?<\/strong><br data-start=\"5786\" data-end=\"5789\" \/>A: Tiene <strong data-start=\"5799\" data-end=\"5810\">2 asientos<\/strong>Adecuado para transporte personal o compartido.<\/p>\n<p data-start=\"5858\" data-end=\"5982\"><strong data-start=\"5858\" data-end=\"5895\">Q3: \u00bfCu\u00e1l es el rango por carga?<\/strong><br data-start=\"5895\" data-end=\"5898\" \/>R: El A801 proporciona <strong data-start=\"5919\" data-end=\"5940\">\u226590 km por carga<\/strong>dependiendo de las condiciones de carretera y carga.<\/p>\n<p data-start=\"5984\" data-end=\"6130\"><strong data-start=\"5984\" data-end=\"6027\">Q4: \u00bfTiene certificaciones de seguridad?<\/strong><br data-start=\"6027\" data-end=\"6030\" \/>R: S\u00ed, est\u00e1 certificado con <strong data-start=\"6059\" data-end=\"6082\">CEE, COC y L2e-P<\/strong>Garantizar el cumplimiento de las ventas internacionales.<\/p>\n<p data-start=\"6132\" data-end=\"6277\"><strong data-start=\"6132\" data-end=\"6175\">Q5: \u00bfSe puede personalizar para el uso de la flota?<\/strong><br data-start=\"6175\" data-end=\"6178\" \/>R: S\u00ed, <strong data-start=\"6186\" data-end=\"6207\">Personalizaci\u00f3n OEM<\/strong> est\u00e1 disponible para flotas, incluyendo opciones de color y logotipo de marca.<\/p>","protected":false},"excerpt":{"rendered":"<p>El <strong data-start=\"285\" data-end=\"311\">A801 triciclo el\u00e9ctrico<\/strong> es un veh\u00edculo el\u00e9ctrico compacto y pr\u00e1ctico de tres ruedas adaptado para el desplazamiento diario, la movilidad de personas mayores y los viajes urbanos de corta distancia. Con un <strong data-start=\"465\" data-end=\"489\">dise\u00f1o integral del cuerpo<\/strong> con <strong data-start=\"495\" data-end=\"522\">Dos puertas y dos asientos<\/strong>equilibra la comodidad y la asequibilidad al tiempo que ofrece un rendimiento fiable. Equipado con una <strong data-start=\"615\" data-end=\"637\">Motor de corriente continua 60V 1500W<\/strong> y una <strong data-start=\"644\" data-end=\"664\">Bater\u00eda 60V 80Ah<\/strong>El triciclo el\u00e9ctrico A801 ofrece un rango de conducci\u00f3n de <strong data-start=\"721\" data-end=\"742\">\u226590 km por carga<\/strong> y una velocidad m\u00e1xima de <strong data-start=\"766\" data-end=\"777\">25 km\/h<\/strong>lo que lo convierte en una opci\u00f3n ecol\u00f3gica para un viaje seguro y constante.<\/p>","protected":false},"featured_media":3566,"comment_status":"open","ping_status":"closed","template":"","meta":[],"product_brand":[],"product_cat":[78],"product_tag":[],"class_list":{"0":"post-3565","1":"product","2":"type-product","3":"status-publish","4":"has-post-thumbnail","6":"product_cat-electric-tricycle","8":"first","9":"instock","10":"shipping-taxable","11":"purchasable","12":"product-type-simple"},"_links":{"self":[{"href":"https:\/\/www.tairuiauto.com\/es\/wp-json\/wp\/v2\/product\/3565","targetHints":{"allow":["GET"]}}],"collection":[{"href":"https:\/\/www.tairuiauto.com\/es\/wp-json\/wp\/v2\/product"}],"about":[{"href":"https:\/\/www.tairuiauto.com\/es\/wp-json\/wp\/v2\/types\/product"}],"replies":[{"embeddable":true,"href":"https:\/\/www.tairuiauto.com\/es\/wp-json\/wp\/v2\/comments?post=3565"}],"wp:featuredmedia":[{"embeddable":true,"href":"https:\/\/www.tairuiauto.com\/es\/wp-json\/wp\/v2\/media\/3566"}],"wp:attachment":[{"href":"https:\/\/www.tairuiauto.com\/es\/wp-json\/wp\/v2\/media?parent=3565"}],"wp:term":[{"taxonomy":"product_brand","embeddable":true,"href":"https:\/\/www.tairuiauto.com\/es\/wp-json\/wp\/v2\/product_brand?post=3565"},{"taxonomy":"product_cat","embeddable":true,"href":"https:\/\/www.tairuiauto.com\/es\/wp-json\/wp\/v2\/product_cat?post=3565"},{"taxonomy":"product_tag","embeddable":true,"href":"https:\/\/www.tairuiauto.com\/es\/wp-json\/wp\/v2\/product_tag?post=3565"}],"curies":[{"name":"WP","href":"https:\/\/api.w.org\/{rel}","templated":true}]}}