{"id":3600,"date":"2025-09-10T11:23:33","date_gmt":"2025-09-10T03:23:33","guid":{"rendered":"https:\/\/www.tairuiauto.com\/?post_type=product&#038;p=3600"},"modified":"2025-11-04T09:11:17","modified_gmt":"2025-11-04T01:11:17","slug":"urban-passenger-vehicle","status":"publish","type":"product","link":"https:\/\/www.tairuiauto.com\/es\/product\/urban-passenger-vehicle\/","title":{"rendered":"Veh\u00edculo Urbano de Pasajeros"},"content":{"rendered":"<h3 data-start=\"4099\" data-end=\"4124\">Descripci\u00f3n del producto<\/h3>\n<p data-start=\"4125\" data-end=\"4577\">El <strong data-start=\"4129\" data-end=\"4155\">Veh\u00edculo Urbano de Pasajeros<\/strong> Es un avanzado <strong data-start=\"4171\" data-end=\"4213\">veh\u00edculo de pasajeros el\u00e9ctrico de cuatro ruedas<\/strong> dise\u00f1ado tanto para uso privado como comercial.<\/p>\n<table style=\"border-collapse: collapse; width: 78.4479%; height: 620px;\" border=\"0\" width=\"720\" cellspacing=\"0\" cellpadding=\"0\">\n<tbody>\n<tr style=\"height: 20.00pt;\">\n<td class=\"et4\" style=\"height: 20.00pt; width: 159.05pt;\" width=\"265\" height=\"33\">modelo<\/td>\n<td class=\"et4\" style=\"width: 273.40pt;\" width=\"455\">Veh\u00edculo Urbano de Pasajeros<\/td>\n<\/tr>\n<tr style=\"height: 20.00pt;\">\n<td class=\"et5\" style=\"height: 20.00pt; width: 159.05pt;\" width=\"265\" height=\"33\">Dimensiones (mm)<\/td>\n<td class=\"et5\" style=\"width: 273.40pt;\" width=\"455\">2810*1316*1509<\/td>\n<\/tr>\n<tr style=\"height: 20.00pt;\">\n<td class=\"et5\" style=\"height: 20.00pt; width: 159.05pt;\" width=\"265\" height=\"33\">Tipo de cuerpo<\/td>\n<td class=\"et5\" style=\"width: 273.40pt;\" width=\"455\">cuerpo integral<\/td>\n<\/tr>\n<tr style=\"height: 20.00pt;\">\n<td class=\"et5\" style=\"height: 20.00pt; width: 159.05pt;\" width=\"265\" height=\"33\">Estructura del cuerpo<\/td>\n<td class=\"et5\" style=\"width: 273.40pt;\" width=\"455\">4 puertas y 4 asientos<\/td>\n<\/tr>\n<tr style=\"height: 20.00pt;\">\n<td class=\"et5\" style=\"height: 20.00pt; width: 159.05pt;\" width=\"265\" height=\"33\">motor<\/td>\n<td class=\"et5\" style=\"width: 273.40pt;\" width=\"455\">CA de 72V3000W<\/td>\n<\/tr>\n<tr style=\"height: 20.00pt;\">\n<td class=\"et5\" style=\"height: 20.00pt; width: 159.05pt;\" width=\"265\" height=\"33\">Controlador<\/td>\n<td class=\"et5\" style=\"width: 273.40pt;\" width=\"455\">72V 24 tubos<\/td>\n<\/tr>\n<tr style=\"height: 20.00pt;\">\n<td class=\"et5\" style=\"height: 20.00pt; width: 159.05pt;\" width=\"265\" height=\"33\">Bater\u00eda (kwh)<\/td>\n<td class=\"et5\" style=\"width: 273.40pt;\" width=\"455\">72V100AH<\/td>\n<\/tr>\n<tr style=\"height: 20.00pt;\">\n<td class=\"et5\" style=\"height: 20.00pt; width: 159.05pt;\" width=\"265\" height=\"33\">Tiempo de carga (H)<\/td>\n<td class=\"et5\" style=\"width: 273.40pt;\" width=\"455\">6-8<\/td>\n<\/tr>\n<tr style=\"height: 20.00pt;\">\n<td class=\"et5\" style=\"height: 20.00pt; width: 159.05pt;\" width=\"265\" height=\"33\">Rango por carga\/km<\/td>\n<td class=\"et5\" style=\"width: 273.40pt;\" width=\"455\">\u2265 90<\/td>\n<\/tr>\n<tr style=\"height: 20.00pt;\">\n<td class=\"et5\" style=\"height: 20.00pt; width: 159.05pt;\" width=\"265\" height=\"33\">Suspensi\u00f3n delantera<\/td>\n<td class=\"et5\" style=\"width: 273.40pt;\" width=\"455\">Suspensi\u00f3n McPherson<\/td>\n<\/tr>\n<tr style=\"height: 20.00pt;\">\n<td class=\"et5\" style=\"height: 20.00pt; width: 159.05pt;\" width=\"265\" height=\"33\">Suspensi\u00f3n trasera<\/td>\n<td class=\"et5\" style=\"width: 273.40pt;\" width=\"455\">Suspensi\u00f3n de brazo de arrastre<\/td>\n<\/tr>\n<tr style=\"height: 20.00pt;\">\n<td class=\"et5\" style=\"height: 20.00pt; width: 159.05pt;\" width=\"265\" height=\"33\">Neum\u00e1tico delantero\/trasero<\/td>\n<td class=\"et5\" style=\"width: 273.40pt;\" width=\"455\">135\/70R12<\/td>\n<\/tr>\n<tr style=\"height: 20.00pt;\">\n<td class=\"et5\" style=\"height: 20.00pt; width: 159.05pt;\" width=\"265\" height=\"33\">Rim<\/td>\n<td class=\"et5\" style=\"width: 273.40pt;\" width=\"455\">Hub de aleaci\u00f3n de aluminio<\/td>\n<\/tr>\n<tr style=\"height: 20.00pt;\">\n<td class=\"et5\" style=\"height: 20.00pt; width: 159.05pt;\" width=\"265\" height=\"33\">Sistema de frenos<\/td>\n<td class=\"et5\" style=\"width: 273.40pt;\" width=\"455\">delantero\/trasero:disco<\/td>\n<\/tr>\n<tr style=\"height: 20.00pt;\">\n<td class=\"et5\" style=\"height: 20.00pt; width: 159.05pt;\" width=\"265\" height=\"33\">Grado de escalada (%)<\/td>\n<td class=\"et5\" style=\"width: 273.40pt;\" width=\"455\">\u2264 25<\/td>\n<\/tr>\n<tr style=\"height: 20.00pt;\">\n<td class=\"et5\" style=\"height: 20.00pt; width: 159.05pt;\" width=\"265\" height=\"33\">Velocidad m\u00e1xima (km\/h)<\/td>\n<td class=\"et5\" style=\"width: 273.40pt;\" width=\"455\">45 km\/h<\/td>\n<\/tr>\n<tr style=\"height: 20.00pt;\">\n<td class=\"et5\" style=\"height: 20.00pt; width: 159.05pt;\" width=\"265\" height=\"33\">Modo de direcci\u00f3n<\/td>\n<td class=\"et5\" style=\"width: 273.40pt;\" width=\"455\">Direcci\u00f3n<\/td>\n<\/tr>\n<tr style=\"height: 20.00pt;\">\n<td class=\"et5\" style=\"height: 20.00pt; width: 159.05pt;\" width=\"265\" height=\"33\">Capacidad del contenedor<\/td>\n<td class=\"et5\" style=\"width: 273.40pt;\" width=\"455\">5 PCS SKD\/40&#8217; Sede central<\/td>\n<\/tr>\n<tr style=\"height: 20.00pt;\">\n<td class=\"et5\" style=\"height: 20.00pt; width: 159.05pt;\" width=\"265\" height=\"33\">Certificado<\/td>\n<td class=\"et5\" style=\"width: 273.40pt;\" width=\"455\">CEE \/ COC \/ L7e-CP<\/td>\n<\/tr>\n<tr style=\"height: 20.00pt;\">\n<td class=\"et5\" style=\"height: 60.00pt; width: 159.05pt;\" rowspan=\"3\" width=\"265\" height=\"100\">Dispositivo de funci\u00f3n<\/td>\n<td class=\"et5\" style=\"width: 273.40pt;\" width=\"455\">Inicio con un bot\u00f3n<\/td>\n<\/tr>\n<tr style=\"height: 20.00pt;\">\n<td class=\"et5\" style=\"width: 273.40pt;\" width=\"455\">Luz LED<\/td>\n<\/tr>\n<tr style=\"height: 20.00pt;\">\n<td class=\"et5\" style=\"width: 273.40pt;\" width=\"455\">C\u00e1mara inversa \/ Calentador \/ Ventana el\u00e9ctrica<\/td>\n<\/tr>\n<\/tbody>\n<\/table>\n<h3 data-start=\"4579\" data-end=\"4603\"><\/h3>\n<hr \/>\n<h3 data-start=\"4579\" data-end=\"4603\"><\/h3>\n<h3 data-start=\"4579\" data-end=\"4603\">Puntos clave de venta<\/h3>\n<ol data-start=\"4604\" data-end=\"5159\">\n<li data-start=\"4604\" data-end=\"4757\">\n<p data-start=\"4607\" data-end=\"4757\"><strong data-start=\"4607\" data-end=\"4641\">Soluci\u00f3n Ecol\u00f3gica de Negocios<\/strong> \u2013 El veh\u00edculo de pasajeros urbano reduce las emisiones de carbono, perfecto para empresas conscientes del medio ambiente y operadores de flotas.<\/p>\n<\/li>\n<li data-start=\"4758\" data-end=\"4899\">\n<p data-start=\"4761\" data-end=\"4899\"><strong data-start=\"4761\" data-end=\"4794\">Transporte de pasajeros vers\u00e1til<\/strong> \u2013 Con <strong data-start=\"4802\" data-end=\"4825\">4 puertas y 4 asientos<\/strong>Soporta servicios similares a los de taxi, viajes compartidos y desplazamientos corporativos.<\/p>\n<\/li>\n<li data-start=\"4900\" data-end=\"5040\">\n<p data-start=\"4903\" data-end=\"5040\"><strong data-start=\"4903\" data-end=\"4924\">Fuerte Powertrain<\/strong> \u2013 Un <strong data-start=\"4929\" data-end=\"4951\">Motor de corriente alterna de 72V\/3000W<\/strong> garantiza una aceleraci\u00f3n fiable y un rendimiento consistente incluso en condiciones urbanas ocupadas.<\/p>\n<\/li>\n<li data-start=\"5041\" data-end=\"5159\">\n<p data-start=\"5044\" data-end=\"5159\"><strong data-start=\"5044\" data-end=\"5060\">Ahorro de costos<\/strong> Los bajos costes operativos en comparaci\u00f3n con los veh\u00edculos de combustible lo convierten en una inversi\u00f3n inteligente para las empresas urbanas.<\/p>\n<\/li>\n<\/ol>\n<h3 data-start=\"5161\" data-end=\"5192\"><\/h3>\n<hr \/>\n<h3 data-start=\"5161\" data-end=\"5192\"><\/h3>\n<h3 data-start=\"5161\" data-end=\"5192\">Ventajas diferenciadas<\/h3>\n<ol data-start=\"5193\" data-end=\"5657\">\n<li data-start=\"5193\" data-end=\"5295\">\n<p data-start=\"5196\" data-end=\"5295\"><strong data-start=\"5196\" data-end=\"5217\">Construcci\u00f3n Lista para la Flota<\/strong> Dise\u00f1ado tanto para familias privadas como para operadores comerciales de transporte compartido.<\/p>\n<\/li>\n<li data-start=\"5296\" data-end=\"5422\">\n<p data-start=\"5299\" data-end=\"5422\"><strong data-start=\"5299\" data-end=\"5328\">Certificado internacionalmente<\/strong> \u2013 Con <strong data-start=\"5336\" data-end=\"5372\">Certificaci\u00f3n CEE \/ COC \/ L7e-CP<\/strong>Cumple con las normas globales de seguridad vial.<\/p>\n<\/li>\n<li data-start=\"5423\" data-end=\"5538\">\n<p data-start=\"5426\" data-end=\"5538\"><strong data-start=\"5426\" data-end=\"5454\">Tecnolog\u00eda de conducci\u00f3n inteligente<\/strong> \u2013 Equipado con c\u00e1mara trasera, luces led, arranque con un bot\u00f3n y sistema de calefacci\u00f3n.<\/p>\n<\/li>\n<li data-start=\"5539\" data-end=\"5657\">\n<p data-start=\"5542\" data-end=\"5657\"><strong data-start=\"5542\" data-end=\"5564\">Alto valor de utilidad<\/strong> Combina las funciones de un coche compacto y un EV de cuatro ruedas con mayor asequibilidad.<\/p>\n<\/li>\n<\/ol>\n<p data-start=\"5688\" data-end=\"5741\"><img fetchpriority=\"high\" decoding=\"async\" class=\"alignnone size-medium wp-image-3610\" src=\"https:\/\/www.tairuiauto.com\/wp-content\/uploads\/2025\/09\/13-1-300x200.jpg\" alt=\"\" width=\"300\" height=\"200\" srcset=\"\" sizes=\"(max-width: 300px) 100vw, 300px\" data-srcset=\"\" \/> <img decoding=\"async\" class=\"alignnone size-medium wp-image-3612\" src=\"https:\/\/www.tairuiauto.com\/wp-content\/uploads\/2025\/09\/IMG_9982-300x200.jpg\" alt=\"\" width=\"300\" height=\"200\" srcset=\"\" sizes=\"(max-width: 300px) 100vw, 300px\" data-srcset=\"\" \/> <img decoding=\"async\" class=\"alignnone size-medium wp-image-3616\" src=\"https:\/\/www.tairuiauto.com\/wp-content\/uploads\/2025\/09\/IMG_9990-300x200.jpg\" alt=\"\" width=\"300\" height=\"200\" srcset=\"\" sizes=\"(max-width: 300px) 100vw, 300px\" data-srcset=\"\" \/><\/p>\n<hr \/>\n<h3 data-start=\"5743\" data-end=\"5757\">Material<\/h3>\n<p data-start=\"5758\" data-end=\"5854\">Estructura de acero reforzada, llantas de aleaci\u00f3n de aluminio y paneles protectores resistentes al clima.<\/p>\n<h3 data-start=\"5856\" data-end=\"5872\">Apariencia<\/h3>\n<p data-start=\"5873\" data-end=\"5961\">Estilo compacto inspirado en el coche con dise\u00f1o aerodin\u00e1mico, l\u00e1mparas LED y acabado completo.<\/p>\n<h3 data-start=\"5963\" data-end=\"5975\">Dise\u00f1o<\/h3>\n<p data-start=\"5976\" data-end=\"6070\">Pr\u00e1ctico veh\u00edculo urbano con asientos ergon\u00f3micos, controles digitales y cabina climatizada.<\/p>\n<h3 data-start=\"6072\" data-end=\"6095\">Personalizaci\u00f3n OEM<\/h3>\n<p data-start=\"6096\" data-end=\"6182\">Personalizaci\u00f3n de colores, marca para flotas empresariales e interiores a medida disponibles.<\/p>\n<h3 data-start=\"6184\" data-end=\"6205\">Control de calidad<\/h3>\n<p data-start=\"6206\" data-end=\"6294\">Inspecciones estrictas para la seguridad, la durabilidad y el rendimiento el\u00e9ctrico antes de la entrega.<\/p>\n<h3 data-start=\"6296\" data-end=\"6321\">Servicio posventa<\/h3>\n<ul data-start=\"6322\" data-end=\"6443\">\n<li data-start=\"6322\" data-end=\"6343\">\n<p data-start=\"6324\" data-end=\"6343\">Garant\u00eda de 12 meses<\/p>\n<\/li>\n<li data-start=\"6344\" data-end=\"6372\">\n<p data-start=\"6346\" data-end=\"6372\">Cadena de suministro de piezas de repuesto<\/p>\n<\/li>\n<li data-start=\"6373\" data-end=\"6402\">\n<p data-start=\"6375\" data-end=\"6402\">Asistencia t\u00e9cnica 24\/7<\/p>\n<\/li>\n<li data-start=\"6403\" data-end=\"6443\">\n<p data-start=\"6405\" data-end=\"6443\">Apoyo de formaci\u00f3n para flotas empresariales<\/p>\n<\/li>\n<\/ul>\n<h3 data-start=\"6445\" data-end=\"6469\">Campos de aplicaci\u00f3n<\/h3>\n<ul data-start=\"6470\" data-end=\"6591\">\n<li data-start=\"6470\" data-end=\"6510\">\n<p data-start=\"6472\" data-end=\"6510\">Servicios de transporte compartido y taxi urbano<\/p>\n<\/li>\n<li data-start=\"6511\" data-end=\"6540\">\n<p data-start=\"6513\" data-end=\"6540\">Operaciones de traslado del campus<\/p>\n<\/li>\n<li data-start=\"6541\" data-end=\"6567\">\n<p data-start=\"6543\" data-end=\"6567\">Viajes urbanos familiares<\/p>\n<\/li>\n<li data-start=\"6568\" data-end=\"6591\">\n<p data-start=\"6570\" data-end=\"6591\">Transporte corporativo<\/p>\n<\/li>\n<\/ul>\n<h3 data-start=\"6593\" data-end=\"6614\">M\u00e9todos de pago<\/h3>\n<p data-start=\"6615\" data-end=\"6662\">Soporta <strong data-start=\"6624\" data-end=\"6659\">T \/ T, L \/ C, PayPal, Uni\u00f3n Occidental<\/strong>.<\/p>\n<h3 data-start=\"6664\" data-end=\"6673\"><\/h3>\n<hr \/>\n<h3 data-start=\"6664\" data-end=\"6673\">Preguntas frecuentes<\/h3>\n<p data-start=\"6674\" data-end=\"6801\"><strong data-start=\"6674\" data-end=\"6729\">P1: \u00bfSe puede utilizar el A900 para servicios de transporte compartido?<\/strong><br data-start=\"6729\" data-end=\"6732\" \/>R: S\u00ed, es ideal para <strong data-start=\"6756\" data-end=\"6798\">operaciones urbanas de taxi y convocatoria<\/strong>.<\/p>\n<p data-start=\"6803\" data-end=\"6886\"><strong data-start=\"6803\" data-end=\"6836\">Q2: \u00bfCu\u00e1l es la velocidad m\u00e1xima?<\/strong><br data-start=\"6836\" data-end=\"6839\" \/>A: Hasta <strong data-start=\"6848\" data-end=\"6858\">45 km\/h<\/strong>Adecuado para carreteras urbanas.<\/p>\n<p data-start=\"6888\" data-end=\"6970\"><strong data-start=\"6888\" data-end=\"6941\">Q3: \u00bfCu\u00e1ntos kil\u00f3metros puede correr con una sola carga?<\/strong><br data-start=\"6941\" data-end=\"6944\" \/>R: <strong data-start=\"6947\" data-end=\"6967\">\u226590km por carga<\/strong>.<\/p>\n<p data-start=\"6972\" data-end=\"7079\"><strong data-start=\"6972\" data-end=\"7006\">Q4: \u00bfEs adecuado para la exportaci\u00f3n?<\/strong><br data-start=\"7006\" data-end=\"7009\" \/>R: S\u00ed, con <strong data-start=\"7022\" data-end=\"7047\">Certificaci\u00f3n CEE\/COC<\/strong>Cumple con las normas europeas.<\/p>","protected":false},"excerpt":{"rendered":"<p>El <strong data-start=\"4129\" data-end=\"4155\">A900 Cuadriciclos el\u00e9ctricos<\/strong> Es un avanzado <strong data-start=\"4171\" data-end=\"4213\">veh\u00edculo de pasajeros el\u00e9ctrico de cuatro ruedas<\/strong> dise\u00f1ado tanto para uso privado como comercial. Con <strong data-start=\"4265\" data-end=\"4276\">4 asientos<\/strong>, un <strong data-start=\"4280\" data-end=\"4299\">Motor de 72V\/3000W<\/strong>y una <strong data-start=\"4307\" data-end=\"4322\">Rango de \u226590km<\/strong>Ofrece una soluci\u00f3n de movilidad fiable y respetuosa con el medio ambiente para los viajeros urbanos y los servicios de transporte compartido. Este veh\u00edculo urbano el\u00e9ctrico es perfecto para las empresas que quieren adoptar la energ\u00eda verde mientras ofrecen transporte pr\u00e1ctico y asequible a los clientes.<\/p>","protected":false},"featured_media":3604,"comment_status":"open","ping_status":"closed","template":"","meta":[],"product_brand":[],"product_cat":[77],"product_tag":[],"class_list":{"0":"post-3600","1":"product","2":"type-product","3":"status-publish","4":"has-post-thumbnail","6":"product_cat-electric-micro-vehicle","8":"first","9":"instock","10":"shipping-taxable","11":"purchasable","12":"product-type-simple"},"_links":{"self":[{"href":"https:\/\/www.tairuiauto.com\/es\/wp-json\/wp\/v2\/product\/3600","targetHints":{"allow":["GET"]}}],"collection":[{"href":"https:\/\/www.tairuiauto.com\/es\/wp-json\/wp\/v2\/product"}],"about":[{"href":"https:\/\/www.tairuiauto.com\/es\/wp-json\/wp\/v2\/types\/product"}],"replies":[{"embeddable":true,"href":"https:\/\/www.tairuiauto.com\/es\/wp-json\/wp\/v2\/comments?post=3600"}],"wp:featuredmedia":[{"embeddable":true,"href":"https:\/\/www.tairuiauto.com\/es\/wp-json\/wp\/v2\/media\/3604"}],"wp:attachment":[{"href":"https:\/\/www.tairuiauto.com\/es\/wp-json\/wp\/v2\/media?parent=3600"}],"wp:term":[{"taxonomy":"product_brand","embeddable":true,"href":"https:\/\/www.tairuiauto.com\/es\/wp-json\/wp\/v2\/product_brand?post=3600"},{"taxonomy":"product_cat","embeddable":true,"href":"https:\/\/www.tairuiauto.com\/es\/wp-json\/wp\/v2\/product_cat?post=3600"},{"taxonomy":"product_tag","embeddable":true,"href":"https:\/\/www.tairuiauto.com\/es\/wp-json\/wp\/v2\/product_tag?post=3600"}],"curies":[{"name":"WP","href":"https:\/\/api.w.org\/{rel}","templated":true}]}}