{"id":3648,"date":"2025-09-12T10:21:25","date_gmt":"2025-09-12T02:21:25","guid":{"rendered":"https:\/\/www.tairuiauto.com\/?post_type=product&#038;p=3648"},"modified":"2025-09-12T11:24:47","modified_gmt":"2025-09-12T03:24:47","slug":"electric-tuk-tuk","status":"publish","type":"product","link":"https:\/\/www.tairuiauto.com\/es\/product\/electric-tuk-tuk\/","title":{"rendered":"Tuk Tuk el\u00e9ctrico"},"content":{"rendered":"<h3 data-start=\"4538\" data-end=\"4563\">Descripci\u00f3n del producto<\/h3>\n<p data-start=\"4564\" data-end=\"5078\">El <strong data-start=\"4568\" data-end=\"4592\">Tuk Tuk el\u00e9ctrico<\/strong> Es una alta capacidad <strong data-start=\"4612\" data-end=\"4645\">Rickshaw el\u00e9ctrico de tres ruedas<\/strong> construido para servicios comerciales de pasajeros y transporte urbano ecol\u00f3gico.<\/p>\n<table style=\"border-collapse: collapse; width: 72.6307%;\" border=\"0\" width=\"720\" cellspacing=\"0\" cellpadding=\"0\">\n<tbody>\n<tr style=\"height: 20.00pt;\">\n<td class=\"et4\" style=\"height: 20pt; width: 38.4083%;\" width=\"265\" height=\"33\">modelo<\/td>\n<td class=\"et4\" style=\"width: 103.287%;\" width=\"455\">Tuk Tuk el\u00e9ctrico<\/td>\n<\/tr>\n<tr style=\"height: 20.00pt;\">\n<td class=\"et5\" style=\"height: 20pt; width: 38.4083%;\" width=\"265\" height=\"33\">Dim general (mm)<\/td>\n<td class=\"et5\" style=\"width: 103.287%;\" width=\"455\">2800*1250*1780<\/td>\n<\/tr>\n<tr style=\"height: 20.00pt;\">\n<td class=\"et5\" style=\"height: 20pt; width: 38.4083%;\" width=\"265\" height=\"33\">CurbWeight (sin bater\u00eda\/kg)<\/td>\n<td class=\"et5\" style=\"width: 103.287%;\" width=\"455\">310 kg<\/td>\n<\/tr>\n<tr style=\"height: 20.00pt;\">\n<td class=\"et5\" style=\"height: 20pt; width: 38.4083%;\" width=\"265\" height=\"33\">Pasajeros<\/td>\n<td class=\"et5\" style=\"width: 103.287%;\" width=\"455\">1 conductor 5 pasajeros<\/td>\n<\/tr>\n<tr style=\"height: 20.00pt;\">\n<td class=\"et5\" style=\"height: 20pt; width: 38.4083%;\" width=\"265\" height=\"33\">motor<\/td>\n<td class=\"et5\" style=\"width: 103.287%;\" width=\"455\">60V2400W<\/td>\n<\/tr>\n<tr style=\"height: 20.00pt;\">\n<td class=\"et5\" style=\"height: 20pt; width: 38.4083%;\" width=\"265\" height=\"33\">Controlador<\/td>\n<td class=\"et5\" style=\"width: 103.287%;\" width=\"455\">60V2400W<\/td>\n<\/tr>\n<tr style=\"height: 20.00pt;\">\n<td class=\"et5\" style=\"height: 20pt; width: 38.4083%;\" width=\"265\" height=\"33\">Velocidad m\u00e1xima (km\/h)<\/td>\n<td class=\"et5\" style=\"width: 103.287%;\" width=\"455\">45 km\/h<\/td>\n<\/tr>\n<tr style=\"height: 20.00pt;\">\n<td class=\"et5\" style=\"height: 20pt; width: 38.4083%;\" width=\"265\" height=\"33\">Absorbente frontal<\/td>\n<td class=\"et5\" style=\"width: 103.287%;\" width=\"455\">delantero 43 absorbedor hidr\u00e1ulico<\/td>\n<\/tr>\n<tr style=\"height: 20.00pt;\">\n<td class=\"et5\" style=\"height: 20pt; width: 38.4083%;\" width=\"265\" height=\"33\">Absorbente trasero<\/td>\n<td class=\"et5\" style=\"width: 103.287%;\" width=\"455\">suspensi\u00f3n semiindependiente<\/td>\n<\/tr>\n<tr style=\"height: 20.00pt;\">\n<td class=\"et5\" style=\"height: 20pt; width: 38.4083%;\" width=\"265\" height=\"33\">Freno<\/td>\n<td class=\"et5\" style=\"width: 103.287%;\" width=\"455\">delantero: disco \/ trasero: tambor<\/td>\n<\/tr>\n<tr style=\"height: 20.00pt;\">\n<td class=\"et5\" style=\"height: 20pt; width: 38.4083%;\" width=\"265\" height=\"33\">Neum\u00e1ticos<\/td>\n<td class=\"et5\" style=\"width: 103.287%;\" width=\"455\">Anterior 3.75-12 trasero 4.00-12<\/td>\n<\/tr>\n<tr style=\"height: 20.00pt;\">\n<td class=\"et5\" style=\"height: 20pt; width: 38.4083%;\" width=\"265\" height=\"33\">Medidor<\/td>\n<td class=\"et5\" style=\"width: 103.287%;\" width=\"455\">Medidor LCD<\/td>\n<\/tr>\n<tr style=\"height: 20.00pt;\">\n<td class=\"et5\" style=\"height: 20pt; width: 38.4083%;\" width=\"265\" height=\"33\">Rango por carga\/km<\/td>\n<td class=\"et5\" style=\"width: 103.287%;\" width=\"455\">90<\/td>\n<\/tr>\n<tr style=\"height: 20.00pt;\">\n<td class=\"et5\" style=\"height: 20pt; width: 38.4083%;\" width=\"265\" height=\"33\">Grado de escalada (%)<\/td>\n<td class=\"et5\" style=\"width: 103.287%;\" width=\"455\">\u2264 25<\/td>\n<\/tr>\n<tr style=\"height: 20.00pt;\">\n<td class=\"et5\" style=\"height: 20pt; width: 38.4083%;\" width=\"265\" height=\"33\">Bater\u00eda<\/td>\n<td class=\"et5\" style=\"width: 103.287%;\" width=\"455\">Bater\u00eda de plomo \u00e1cido 60V100AH<\/td>\n<\/tr>\n<tr style=\"height: 20.00pt;\">\n<td class=\"et5\" style=\"height: 20pt; width: 38.4083%;\" width=\"265\" height=\"33\">Video trasero<\/td>\n<td class=\"et5\" style=\"width: 103.287%;\" width=\"455\">s\u00ed<\/td>\n<\/tr>\n<tr style=\"height: 20.00pt;\">\n<td class=\"et5\" style=\"height: 20pt; width: 38.4083%;\" width=\"265\" height=\"33\">Cargador USB<\/td>\n<td class=\"et5\" style=\"width: 103.287%;\" width=\"455\">s\u00ed<\/td>\n<\/tr>\n<tr style=\"height: 20.00pt;\">\n<td class=\"et5\" style=\"height: 20pt; width: 38.4083%;\" width=\"265\" height=\"33\">Alarma<\/td>\n<td class=\"et5\" style=\"width: 103.287%;\" width=\"455\">s\u00ed<\/td>\n<\/tr>\n<tr style=\"height: 20.00pt;\">\n<td class=\"et5\" style=\"height: 20pt; width: 38.4083%;\" width=\"265\" height=\"33\">Cortina de lluvia<\/td>\n<td class=\"et5\" style=\"width: 103.287%;\" width=\"455\">s\u00ed<\/td>\n<\/tr>\n<tr style=\"height: 20.00pt;\">\n<td class=\"et5\" style=\"height: 20pt; width: 38.4083%;\" width=\"265\" height=\"33\">Capacidad del contenedor<\/td>\n<td class=\"et5\" style=\"width: 103.287%;\" width=\"455\">40PCS CKD\/40&#8217; Sede central<\/td>\n<\/tr>\n<\/tbody>\n<\/table>\n<hr \/>\n<h3 data-start=\"5080\" data-end=\"5104\">Puntos clave de venta<\/h3>\n<ol data-start=\"5105\" data-end=\"5653\">\n<li data-start=\"5105\" data-end=\"5236\">\n<p data-start=\"5108\" data-end=\"5236\"><strong data-start=\"5108\" data-end=\"5143\">Soluci\u00f3n de transporte ecol\u00f3gica<\/strong> \u2013 A diferencia de los tuk tuks de combustible, el E5 produce <strong data-start=\"5184\" data-end=\"5202\">cero emisiones<\/strong>Reducir el impacto ambiental.<\/p>\n<\/li>\n<li data-start=\"5237\" data-end=\"5362\">\n<p data-start=\"5240\" data-end=\"5362\"><strong data-start=\"5240\" data-end=\"5266\">Gran capacidad de asiento<\/strong> Con espacio para <strong data-start=\"5284\" data-end=\"5311\">1 conductor 5 pasajeros<\/strong>Es una opci\u00f3n eficiente para el desplazamiento p\u00fablico.<\/p>\n<\/li>\n<li data-start=\"5363\" data-end=\"5486\">\n<p data-start=\"5366\" data-end=\"5486\"><strong data-start=\"5366\" data-end=\"5389\">Bajos costos operativos<\/strong> \u2013 El <strong data-start=\"5396\" data-end=\"5417\">Bater\u00eda 60V \/ 100AH<\/strong> Reduce la dependencia del combustible, lo que lo hace rentable para los operadores de flotas.<\/p>\n<\/li>\n<li data-start=\"5487\" data-end=\"5653\">\n<p data-start=\"5490\" data-end=\"5653\"><strong data-start=\"5490\" data-end=\"5521\">Suspensi\u00f3n duradera &amp; Seguridad<\/strong> \u2013 Equipado con <strong data-start=\"5538\" data-end=\"5566\">absorbedor hidr\u00e1ulico delantero<\/strong> y <strong data-start=\"5571\" data-end=\"5602\">suspensi\u00f3n semiindependiente<\/strong>garantizando la comodidad de los pasajeros incluso en carreteras \u00e1speras.<\/p>\n<\/li>\n<\/ol>\n<hr \/>\n<h3 data-start=\"5655\" data-end=\"5686\">Ventajas diferenciadas<\/h3>\n<ol data-start=\"5687\" data-end=\"6148\">\n<li data-start=\"5687\" data-end=\"5807\">\n<p data-start=\"5690\" data-end=\"5807\"><strong data-start=\"5690\" data-end=\"5718\">Utilidad de Grado Comercial<\/strong> \u2013 Espec\u00edficamente construido para la alta rotaci\u00f3n de pasajeros, lo que lo hace ideal para las empresas de taxi.<\/p>\n<\/li>\n<li data-start=\"5808\" data-end=\"5924\">\n<p data-start=\"5811\" data-end=\"5924\"><strong data-start=\"5811\" data-end=\"5838\">Personalizable para flotas<\/strong> \u2013 Ofrece opciones de marca OEM, lo que facilita la adaptaci\u00f3n a las cooperativas de taxis locales.<\/p>\n<\/li>\n<li data-start=\"5925\" data-end=\"6035\">\n<p data-start=\"5928\" data-end=\"6035\"><strong data-start=\"5928\" data-end=\"5949\">Uso global probado<\/strong> Ya adoptado en varios pa\u00edses por su fiabilidad y funcionamiento econ\u00f3mico.<\/p>\n<\/li>\n<li data-start=\"6036\" data-end=\"6148\">\n<p data-start=\"6039\" data-end=\"6148\"><strong data-start=\"6039\" data-end=\"6063\">Caracter\u00edsticas inteligentes a\u00f1adidas<\/strong> \u2013 Viene con <strong data-start=\"6077\" data-end=\"6122\">video trasero, cargador USB y sistema de alarma<\/strong> para mejorar la comodidad.<\/p>\n<\/li>\n<\/ol>\n<p><img fetchpriority=\"high\" decoding=\"async\" class=\"alignnone size-medium wp-image-3664\" src=\"https:\/\/www.tairuiauto.com\/wp-content\/uploads\/2025\/09\/\u5fae\u4fe1\u56fe\u7247_20241010145910_\u526f\u672c-300x200.jpg\" alt=\"\" width=\"300\" height=\"200\" srcset=\"\" sizes=\"(max-width: 300px) 100vw, 300px\" data-srcset=\"\" \/> <img decoding=\"async\" class=\"alignnone size-medium wp-image-3663\" src=\"https:\/\/www.tairuiauto.com\/wp-content\/uploads\/2025\/09\/\u5fae\u4fe1\u56fe\u7247_20241010145908_\u526f\u672c-300x200.jpg\" alt=\"\" width=\"300\" height=\"200\" srcset=\"\" sizes=\"(max-width: 300px) 100vw, 300px\" data-srcset=\"\" \/> <img decoding=\"async\" class=\"alignnone size-medium wp-image-3668\" src=\"https:\/\/www.tairuiauto.com\/wp-content\/uploads\/2025\/09\/\u5fae\u4fe1\u56fe\u7247_20241010150005_\u526f\u672c-300x200.jpg\" alt=\"\" width=\"300\" height=\"200\" srcset=\"\" sizes=\"(max-width: 300px) 100vw, 300px\" data-srcset=\"\" \/><\/p>\n<hr \/>\n<h3 data-start=\"6236\" data-end=\"6250\">Material<\/h3>\n<p data-start=\"6251\" data-end=\"6340\">Marco de acero con acabado resistente a la corrosi\u00f3n, asientos duraderos y dosel a prueba de intemperie.<\/p>\n<h3 data-start=\"6342\" data-end=\"6358\">Apariencia<\/h3>\n<p data-start=\"6359\" data-end=\"6425\">Cuerpo luminoso y llamativo con techo con dosel y asientos al aire libre.<\/p>\n<h3 data-start=\"6427\" data-end=\"6439\">Dise\u00f1o<\/h3>\n<p data-start=\"6440\" data-end=\"6548\">Dise\u00f1o funcional del rickshaw con pantalla LCD, asiento ergon\u00f3mico del conductor y f\u00e1cil acceso lateral para los pasajeros.<\/p>\n<h3 data-start=\"6550\" data-end=\"6573\">Personalizaci\u00f3n OEM<\/h3>\n<p data-start=\"6574\" data-end=\"6646\">Canopy personalizado, pintura de carrocer\u00eda y marca disponible para flotas empresariales.<\/p>\n<h3 data-start=\"6648\" data-end=\"6669\">Control de calidad<\/h3>\n<p data-start=\"6670\" data-end=\"6770\">Cada triciclo es probado para el rendimiento del motor, la seguridad de la bater\u00eda y la durabilidad en condiciones urbanas.<\/p>\n<h3 data-start=\"6772\" data-end=\"6797\">Servicio posventa<\/h3>\n<ul data-start=\"6798\" data-end=\"6915\">\n<li data-start=\"6798\" data-end=\"6819\">\n<p data-start=\"6800\" data-end=\"6819\">Garant\u00eda de un a\u00f1o<\/p>\n<\/li>\n<li data-start=\"6820\" data-end=\"6848\">\n<p data-start=\"6822\" data-end=\"6848\">Cadena de suministro de piezas de repuesto<\/p>\n<\/li>\n<li data-start=\"6849\" data-end=\"6888\">\n<p data-start=\"6851\" data-end=\"6888\">Soporte t\u00e9cnico para distribuidores locales<\/p>\n<\/li>\n<li data-start=\"6889\" data-end=\"6915\">\n<p data-start=\"6891\" data-end=\"6915\">Formaci\u00f3n para operadores<\/p>\n<\/li>\n<\/ul>\n<h3 data-start=\"6917\" data-end=\"6941\">Campos de aplicaci\u00f3n<\/h3>\n<ul data-start=\"6942\" data-end=\"7088\">\n<li data-start=\"6942\" data-end=\"6977\">\n<p data-start=\"6944\" data-end=\"6977\">Viajes urbanos y compartir viajes<\/p>\n<\/li>\n<li data-start=\"6978\" data-end=\"7020\">\n<p data-start=\"6980\" data-end=\"7020\">Transporte p\u00fablico en las regiones en desarrollo<\/p>\n<\/li>\n<li data-start=\"7021\" data-end=\"7054\">\n<p data-start=\"7023\" data-end=\"7054\">Turismo y paseos tur\u00edsticos<\/p>\n<\/li>\n<li data-start=\"7055\" data-end=\"7088\">\n<p data-start=\"7057\" data-end=\"7088\">Servicios de taxi y flota local<\/p>\n<\/li>\n<\/ul>\n<h3 data-start=\"7090\" data-end=\"7111\">M\u00e9todos de pago<\/h3>\n<p data-start=\"7112\" data-end=\"7159\">Soporta <strong data-start=\"7121\" data-end=\"7156\">T \/ T, L \/ C, Western Union, PayPal<\/strong>.<\/p>\n<hr \/>\n<h3 data-start=\"7161\" data-end=\"7170\">Preguntas frecuentes<\/h3>\n<p data-start=\"7171\" data-end=\"7270\"><strong data-start=\"7171\" data-end=\"7232\">Q1: \u00bfCu\u00e1l es la velocidad m\u00e1xima del Tuk Tuk el\u00e9ctrico?<\/strong><br data-start=\"7232\" data-end=\"7235\" \/>R: Puede llegar hasta <strong data-start=\"7257\" data-end=\"7267\">45 km\/h<\/strong>.<\/p>\n<p data-start=\"7272\" data-end=\"7354\"><strong data-start=\"7272\" data-end=\"7313\">Q2: \u00bfCu\u00e1ntos pasajeros tiene asiento?<\/strong><br data-start=\"7313\" data-end=\"7316\" \/>R: <strong data-start=\"7319\" data-end=\"7351\">5 pasajeros m\u00e1s el conductor<\/strong>.<\/p>\n<p data-start=\"7356\" data-end=\"7453\"><strong data-start=\"7356\" data-end=\"7392\">Q3: \u00bfCu\u00e1l es el rango por carga?<\/strong><br data-start=\"7392\" data-end=\"7395\" \/>A: Hasta <strong data-start=\"7404\" data-end=\"7412\">90 kil\u00f3metros<\/strong> dependiendo de las condiciones de carretera y carga.<\/p>\n<p data-start=\"7455\" data-end=\"7551\"><strong data-start=\"7455\" data-end=\"7492\">Q4: \u00bfSe puede personalizar el dosel?<\/strong><br data-start=\"7492\" data-end=\"7495\" \/>R: S\u00ed, el dosel del OEM y las opciones de marca est\u00e1n disponibles.<\/p>","protected":false},"excerpt":{"rendered":"<p>El <strong data-start=\"4568\" data-end=\"4592\">Tuk Tuk el\u00e9ctrico<\/strong> Es una alta capacidad <strong data-start=\"4612\" data-end=\"4645\">Rickshaw el\u00e9ctrico de tres ruedas<\/strong> construido para servicios comerciales de pasajeros y transporte urbano ecol\u00f3gico. Con espacio para <strong data-start=\"4738\" data-end=\"4771\">6 personas incluyendo el conductor<\/strong>, esto <strong data-start=\"4778\" data-end=\"4798\">tuk tuk el\u00e9ctrico<\/strong> es ampliamente adoptado en Asia, \u00c1frica y Am\u00e9rica Latina por su bajo costo operativo y tecnolog\u00eda verde. Alimentado por a <strong data-start=\"4914\" data-end=\"4933\">Motor de 60V\/2400W<\/strong>El E5 llega a <strong data-start=\"4952\" data-end=\"4975\">velocidad m\u00e1xima de 45km\/h<\/strong> y proporciona una <strong data-start=\"4991\" data-end=\"5005\">Rango de 90 km<\/strong>lo que lo convierte en un veh\u00edculo perfecto para las empresas diarias de transporte de pasajeros.<\/p>","protected":false},"featured_media":3658,"comment_status":"open","ping_status":"closed","template":"","meta":[],"product_brand":[],"product_cat":[78],"product_tag":[],"class_list":{"0":"post-3648","1":"product","2":"type-product","3":"status-publish","4":"has-post-thumbnail","6":"product_cat-electric-tricycle","8":"first","9":"instock","10":"shipping-taxable","11":"purchasable","12":"product-type-simple"},"_links":{"self":[{"href":"https:\/\/www.tairuiauto.com\/es\/wp-json\/wp\/v2\/product\/3648","targetHints":{"allow":["GET"]}}],"collection":[{"href":"https:\/\/www.tairuiauto.com\/es\/wp-json\/wp\/v2\/product"}],"about":[{"href":"https:\/\/www.tairuiauto.com\/es\/wp-json\/wp\/v2\/types\/product"}],"replies":[{"embeddable":true,"href":"https:\/\/www.tairuiauto.com\/es\/wp-json\/wp\/v2\/comments?post=3648"}],"wp:featuredmedia":[{"embeddable":true,"href":"https:\/\/www.tairuiauto.com\/es\/wp-json\/wp\/v2\/media\/3658"}],"wp:attachment":[{"href":"https:\/\/www.tairuiauto.com\/es\/wp-json\/wp\/v2\/media?parent=3648"}],"wp:term":[{"taxonomy":"product_brand","embeddable":true,"href":"https:\/\/www.tairuiauto.com\/es\/wp-json\/wp\/v2\/product_brand?post=3648"},{"taxonomy":"product_cat","embeddable":true,"href":"https:\/\/www.tairuiauto.com\/es\/wp-json\/wp\/v2\/product_cat?post=3648"},{"taxonomy":"product_tag","embeddable":true,"href":"https:\/\/www.tairuiauto.com\/es\/wp-json\/wp\/v2\/product_tag?post=3648"}],"curies":[{"name":"WP","href":"https:\/\/api.w.org\/{rel}","templated":true}]}}