{"id":3672,"date":"2026-01-19T10:35:14","date_gmt":"2026-01-19T02:35:14","guid":{"rendered":"https:\/\/www.tairuiauto.com\/?post_type=product&#038;p=3672"},"modified":"2026-01-27T10:47:27","modified_gmt":"2026-01-27T02:47:27","slug":"three-wheel-electric-cargo-trike","status":"publish","type":"product","link":"https:\/\/www.tairuiauto.com\/es\/product\/three-wheel-electric-cargo-trike\/","title":{"rendered":"Mini veh\u00edculo de carga el\u00e9ctrico para uso urbano"},"content":{"rendered":"<h2 style=\"padding-left: 40px;\" data-start=\"451\" data-end=\"470\">Descripci\u00f3n general del producto<\/h2>\n<p style=\"padding-left: 40px;\" data-start=\"472\" data-end=\"788\">El <strong data-start=\"476\" data-end=\"520\">Mini veh\u00edculo de carga el\u00e9ctrico para uso urbano<\/strong> Est\u00e1 dise\u00f1ado para entornos urbanos donde la flexibilidad, el bajo consumo de energ\u00eda y la maniobrabilidad son esenciales. Con un tama\u00f1o de carrocer\u00eda compacto, dise\u00f1o de dos puertas y dos asientos y transmisi\u00f3n el\u00e9ctrica fiable, satisface las necesidades de transporte de carga peque\u00f1a y log\u00edstica urbana.<\/p>\n<table style=\"border-collapse: collapse; width: 72.6042%; height: 618px; margin-left: 40px;\" border=\"0\" width=\"720\" cellspacing=\"0\" cellpadding=\"0\">\n<tbody style=\"padding-left: 40px;\">\n<tr style=\"height: 20pt; padding-left: 40px;\">\n<td class=\"et4\" style=\"height: 20pt; width: 159.05pt; padding-left: 40px;\" width=\"265\" height=\"33\">modelo<\/td>\n<td class=\"et4\" style=\"width: 273.4pt; padding-left: 40px;\" width=\"455\">Mini veh\u00edculo de carga el\u00e9ctrico para uso urbano<\/td>\n<\/tr>\n<tr style=\"height: 20pt; padding-left: 40px;\">\n<td class=\"et5\" style=\"height: 20pt; width: 159.05pt; padding-left: 40px;\" width=\"265\" height=\"33\">Dimensiones (mm)<\/td>\n<td class=\"et5\" style=\"width: 273.4pt; padding-left: 40px;\" width=\"455\">2770*1180*1615<\/td>\n<\/tr>\n<tr style=\"height: 20pt; padding-left: 40px;\">\n<td class=\"et5\" style=\"height: 20pt; width: 159.05pt; padding-left: 40px;\" width=\"265\" height=\"33\">Tipo de cuerpo<\/td>\n<td class=\"et5\" style=\"width: 273.4pt; padding-left: 40px;\" width=\"455\">cuerpo semi-integral<\/td>\n<\/tr>\n<tr style=\"height: 20pt; padding-left: 40px;\">\n<td class=\"et5\" style=\"height: 20pt; width: 159.05pt; padding-left: 40px;\" width=\"265\" height=\"33\">Estructura del cuerpo<\/td>\n<td class=\"et5\" style=\"width: 273.4pt; padding-left: 40px;\" width=\"455\">2 puertas y 2 asientos<\/td>\n<\/tr>\n<tr style=\"height: 20pt; padding-left: 40px;\">\n<td class=\"et5\" style=\"height: 20pt; width: 159.05pt; padding-left: 40px;\" width=\"265\" height=\"33\">motor<\/td>\n<td class=\"et5\" style=\"width: 273.4pt; padding-left: 40px;\" width=\"455\">60V1000W<\/td>\n<\/tr>\n<tr style=\"height: 20pt; padding-left: 40px;\">\n<td class=\"et5\" style=\"height: 20pt; width: 159.05pt; padding-left: 40px;\" width=\"265\" height=\"33\">Controlador<\/td>\n<td class=\"et5\" style=\"width: 273.4pt; padding-left: 40px;\" width=\"455\">60V24tubos<\/td>\n<\/tr>\n<tr style=\"height: 20pt; padding-left: 40px;\">\n<td class=\"et5\" style=\"height: 20pt; width: 159.05pt; padding-left: 40px;\" width=\"265\" height=\"33\">Bater\u00eda<\/td>\n<td class=\"et5\" style=\"width: 273.4pt; padding-left: 40px;\" width=\"455\">60V45Ah<\/td>\n<\/tr>\n<tr style=\"height: 20pt; padding-left: 40px;\">\n<td class=\"et5\" style=\"height: 20pt; width: 159.05pt; padding-left: 40px;\" width=\"265\" height=\"33\">Tiempo de carga (H)<\/td>\n<td class=\"et5\" style=\"width: 273.4pt; padding-left: 40px;\" width=\"455\">6-8<\/td>\n<\/tr>\n<tr style=\"height: 20pt; padding-left: 40px;\">\n<td class=\"et5\" style=\"height: 20pt; width: 159.05pt; padding-left: 40px;\" width=\"265\" height=\"33\">Rango por carga\/km<\/td>\n<td class=\"et5\" style=\"width: 273.4pt; padding-left: 40px;\" width=\"455\">50 kil\u00f3metros<\/td>\n<\/tr>\n<tr style=\"height: 20pt; padding-left: 40px;\">\n<td class=\"et5\" style=\"height: 20pt; width: 159.05pt; padding-left: 40px;\" width=\"265\" height=\"33\">Capacidad de carga\/kg<\/td>\n<td class=\"et5\" style=\"width: 273.4pt; padding-left: 40px;\" width=\"455\">400 kg<\/td>\n<\/tr>\n<tr style=\"height: 20pt; padding-left: 40px;\">\n<td class=\"et5\" style=\"height: 20pt; width: 159.05pt; padding-left: 40px;\" width=\"265\" height=\"33\">Suspensi\u00f3n delantera<\/td>\n<td class=\"et5\" style=\"width: 273.4pt; padding-left: 40px;\" width=\"455\">f37 horquilla hidr\u00e1ulica<\/td>\n<\/tr>\n<tr style=\"height: 20pt; padding-left: 40px;\">\n<td class=\"et5\" style=\"height: 20pt; width: 159.05pt; padding-left: 40px;\" width=\"265\" height=\"33\">Suspensi\u00f3n trasera<\/td>\n<td class=\"et5\" style=\"width: 273.4pt; padding-left: 40px;\" width=\"455\">Eje trasero integrado<\/td>\n<\/tr>\n<tr style=\"height: 20pt; padding-left: 40px;\">\n<td class=\"et5\" style=\"height: 20pt; width: 159.05pt; padding-left: 40px;\" width=\"265\" height=\"33\">Neum\u00e1tico delantero\/trasero<\/td>\n<td class=\"et5\" style=\"width: 273.4pt; padding-left: 40px;\" width=\"455\">4.0-10\/4.0-10<\/td>\n<\/tr>\n<tr style=\"height: 20pt; padding-left: 40px;\">\n<td class=\"et5\" style=\"height: 20pt; width: 159.05pt; padding-left: 40px;\" width=\"265\" height=\"33\">Rim<\/td>\n<td class=\"et5\" style=\"width: 273.4pt; padding-left: 40px;\" width=\"455\">Hub de aleaci\u00f3n de aluminio<\/td>\n<\/tr>\n<tr style=\"height: 20pt; padding-left: 40px;\">\n<td class=\"et5\" style=\"height: 20pt; width: 159.05pt; padding-left: 40px;\" width=\"265\" height=\"33\">Sistema de frenos<\/td>\n<td class=\"et5\" style=\"width: 273.4pt; padding-left: 40px;\" width=\"455\">delantero: disco \/ trasero: tambor<\/td>\n<\/tr>\n<tr style=\"height: 20pt; padding-left: 40px;\">\n<td class=\"et5\" style=\"height: 20pt; width: 159.05pt; padding-left: 40px;\" width=\"265\" height=\"33\">Grado de escalada (%)<\/td>\n<td class=\"et5\" style=\"width: 273.4pt; padding-left: 40px;\" width=\"455\">\u2264 20<\/td>\n<\/tr>\n<tr style=\"height: 20pt; padding-left: 40px;\">\n<td class=\"et5\" style=\"height: 20pt; width: 159.05pt; padding-left: 40px;\" width=\"265\" height=\"33\">Velocidad m\u00e1xima (km\/h)<\/td>\n<td class=\"et5\" style=\"width: 273.4pt; padding-left: 40px;\" width=\"455\">30km\/h<\/td>\n<\/tr>\n<tr style=\"height: 20pt; padding-left: 40px;\">\n<td class=\"et5\" style=\"height: 20pt; width: 159.05pt; padding-left: 40px;\" width=\"265\" height=\"33\">Modo de direcci\u00f3n<\/td>\n<td class=\"et5\" style=\"width: 273.4pt; padding-left: 40px;\" width=\"455\">manillar<\/td>\n<\/tr>\n<tr style=\"height: 20pt; padding-left: 40px;\">\n<td class=\"et5\" style=\"height: 20pt; width: 159.05pt; padding-left: 40px;\" width=\"265\" height=\"33\">Certificado<\/td>\n<td class=\"et5\" style=\"width: 273.4pt; padding-left: 40px;\" width=\"455\">CCC<\/td>\n<\/tr>\n<tr style=\"height: 20pt; padding-left: 40px;\">\n<td class=\"et5\" style=\"height: 20pt; width: 159.05pt; padding-left: 40px;\" width=\"265\" height=\"33\">Capacidad del contenedor<\/td>\n<td class=\"et5\" style=\"width: 273.4pt; padding-left: 40px;\" width=\"455\">10 PCS SKD\/40&#8217; Sede central<\/td>\n<\/tr>\n<tr style=\"height: 20pt; padding-left: 40px;\">\n<td class=\"et5\" style=\"height: 40pt; width: 159.05pt; padding-left: 40px;\" rowspan=\"2\" width=\"265\" height=\"66\">Dispositivo de funci\u00f3n<\/td>\n<td class=\"et5\" style=\"width: 273.4pt; padding-left: 40px;\" width=\"455\">Luz LED<\/td>\n<\/tr>\n<tr style=\"height: 20pt; padding-left: 40px;\">\n<td class=\"et5\" style=\"width: 273.4pt; padding-left: 40px;\" width=\"455\">C\u00e1mara Reversiva<\/td>\n<\/tr>\n<\/tbody>\n<\/table>\n<hr style=\"padding-left: 40px;\" \/>\n<h2 style=\"padding-left: 40px;\" data-start=\"795\" data-end=\"817\">Descripci\u00f3n del producto<\/h2>\n<h3 style=\"padding-left: 40px;\" data-start=\"819\" data-end=\"841\">Categor\u00eda de producto<\/h3>\n<p style=\"padding-left: 40px;\" data-start=\"842\" data-end=\"921\">Mini veh\u00edculo el\u00e9ctrico de carga \/ veh\u00edculo el\u00e9ctrico urbano de servicios p\u00fablicos \/ EV de entrega de la ciudad<\/p>\n<h3 style=\"padding-left: 40px;\" data-start=\"923\" data-end=\"948\">Descripci\u00f3n del producto<\/h3>\n<p style=\"padding-left: 40px;\" data-start=\"950\" data-end=\"1277\">El <strong data-start=\"954\" data-end=\"998\">Mini veh\u00edculo de carga el\u00e9ctrico para uso urbano<\/strong> adopta a <strong data-start=\"1008\" data-end=\"1040\">estructura del cuerpo semi-integral<\/strong> con una dimensi\u00f3n compacta de <strong data-start=\"1069\" data-end=\"1094\">2770 \u00d7 1180 \u00d7 1615 mm<\/strong>que permite maniobrar f\u00e1cilmente a trav\u00e9s de las calles estrechas de la ciudad y las zonas residenciales. El <strong data-start=\"1177\" data-end=\"1195\">2 puertas, 2 asientos<\/strong> El dise\u00f1o ofrece comodidad pr\u00e1ctica de conducci\u00f3n al tiempo que mantiene suficiente espacio de carga.<\/p>\n<p style=\"padding-left: 40px;\" data-start=\"1279\" data-end=\"1667\">Alimentado por a <strong data-start=\"1292\" data-end=\"1320\">Motor el\u00e9ctrico 60V 1000W<\/strong> Controlado por una <strong data-start=\"1341\" data-end=\"1367\">Controlador de 24 tubos de 60V<\/strong>El veh\u00edculo ofrece una potencia estable y una aceleraci\u00f3n suave para las operaciones urbanas diarias. El <strong data-start=\"1460\" data-end=\"1480\">Bater\u00eda 60V 45Ah<\/strong> proporciona una <strong data-start=\"1492\" data-end=\"1535\">autonom\u00eda de conducci\u00f3n de hasta 50 km por carga<\/strong>lo que lo hace adecuado para tareas de entrega de corta distancia. El tiempo de carga es aproximadamente <strong data-start=\"1622\" data-end=\"1635\">6-8 horas<\/strong>que soporta la carga durante la noche.<\/p>\n<p style=\"padding-left: 40px;\">\n<hr style=\"padding-left: 40px;\" \/>\n<p style=\"padding-left: 40px;\" data-start=\"1669\" data-end=\"2065\">Con una <strong data-start=\"1676\" data-end=\"1714\">capacidad de carga m\u00e1xima de 400 kg<\/strong>Este mini veh\u00edculo de carga es adecuado para el transporte comercial ligero. El sistema de suspensi\u00f3n incluye una <strong data-start=\"1820\" data-end=\"1848\">\u03c637 horquilla frontal hidr\u00e1ulica<\/strong> y un <strong data-start=\"1856\" data-end=\"1880\">eje trasero integrado<\/strong>garantizando la estabilidad y la comodidad de conducci\u00f3n bajo carga. El veh\u00edculo est\u00e1 equipado con <strong data-start=\"1962\" data-end=\"1993\">4.0-10 neum\u00e1ticos delanteros y traseros<\/strong> y <strong data-start=\"1998\" data-end=\"2021\">cubos de aleaci\u00f3n de aluminio<\/strong>que ofrece durabilidad y manejo mejorado.<\/p>\n<p style=\"padding-left: 40px;\" data-start=\"2067\" data-end=\"2437\">Para la seguridad, el sistema de frenado cuenta con un <strong data-start=\"2109\" data-end=\"2149\">freno de disco delantero y freno de tambor trasero<\/strong>proporcionando un rendimiento de parada fiable. El veh\u00edculo apoya a <strong data-start=\"2215\" data-end=\"2248\">Capacidad de escalada de hasta un 20%<\/strong> y alcanza a <strong data-start=\"2263\" data-end=\"2287\">velocidad m\u00e1xima de 30 km\/h<\/strong>equilibrar la seguridad y la eficiencia en las condiciones de tr\u00e1fico urbano. La direcci\u00f3n es operada a trav\u00e9s de una <strong data-start=\"2377\" data-end=\"2398\">control del manillar<\/strong>lo que hace que sea f\u00e1cil de conducir y mantener.<\/p>\n<p style=\"padding-left: 40px;\" data-start=\"2439\" data-end=\"2753\">El veh\u00edculo est\u00e1 equipado con dispositivos funcionales esenciales, incluyendo: <strong data-start=\"2507\" data-end=\"2521\">Luz LED<\/strong> Mejorar la visibilidad y una <strong data-start=\"2552\" data-end=\"2570\">c\u00e1mara inversa<\/strong> para mejorar la seguridad de conducci\u00f3n durante el estacionamiento y la inversi\u00f3n. Se re\u00fane <strong data-start=\"2636\" data-end=\"2657\">Certificaci\u00f3n CCC<\/strong> Requisitos y soportes <strong data-start=\"2684\" data-end=\"2700\">Env\u00edo SKD<\/strong>Con una capacidad de contenedor de <strong data-start=\"2731\" data-end=\"2752\">10 unidades por 40HQ<\/strong>.<\/p>\n<hr style=\"padding-left: 40px;\" data-start=\"2755\" data-end=\"2758\" \/>\n<h2 style=\"padding-left: 40px;\" data-start=\"2760\" data-end=\"2788\">Caracter\u00edsticas clave &amp; Ventajas<\/h2>\n<h3 style=\"padding-left: 40px;\" data-start=\"2790\" data-end=\"2804\">Caracter\u00edsticas<\/h3>\n<ul>\n<li style=\"list-style-type: none;\">\n<ul data-start=\"2805\" data-end=\"3015\">\n<li data-start=\"2805\" data-end=\"2840\">\n<p data-start=\"2807\" data-end=\"2840\">Tama\u00f1o compacto para uso urbano<\/p>\n<\/li>\n<li data-start=\"2841\" data-end=\"2892\">\n<p data-start=\"2843\" data-end=\"2892\">Motor el\u00e9ctrico 60V 1000W con controlador estable<\/p>\n<\/li>\n<li data-start=\"2893\" data-end=\"2935\">\n<p data-start=\"2895\" data-end=\"2935\">Configuraci\u00f3n pr\u00e1ctica de 2 puertas y 2 asientos<\/p>\n<\/li>\n<li data-start=\"2936\" data-end=\"2979\">\n<p data-start=\"2938\" data-end=\"2979\">Sistema de frenado de disco delantero y tambor trasero<\/p>\n<\/li>\n<li data-start=\"2980\" data-end=\"3015\">\n<p data-start=\"2982\" data-end=\"3015\">Iluminaci\u00f3n LED y c\u00e1mara inversa<\/p>\n<\/li>\n<\/ul>\n<\/li>\n<\/ul>\n<h3 style=\"padding-left: 40px;\" data-start=\"3017\" data-end=\"3033\">Ventajas<\/h3>\n<ul>\n<li style=\"list-style-type: none;\">\n<ul data-start=\"3034\" data-end=\"3200\">\n<li data-start=\"3034\" data-end=\"3075\">\n<p data-start=\"3036\" data-end=\"3075\">F\u00e1cil operaci\u00f3n en las calles estrechas de la ciudad<\/p>\n<\/li>\n<li data-start=\"3076\" data-end=\"3114\">\n<p data-start=\"3078\" data-end=\"3114\">Bajo costo de operaci\u00f3n y mantenimiento<\/p>\n<\/li>\n<li data-start=\"3115\" data-end=\"3157\">\n<p data-start=\"3117\" data-end=\"3157\">Rendimiento estable para la log\u00edstica diaria<\/p>\n<\/li>\n<li data-start=\"3158\" data-end=\"3200\">\n<p data-start=\"3160\" data-end=\"3200\">Sistema de accionamiento el\u00e9ctrico de eficiencia energ\u00e9tica<\/p>\n<\/li>\n<\/ul>\n<\/li>\n<\/ul>\n<h3 style=\"padding-left: 40px;\" data-start=\"3202\" data-end=\"3222\">Beneficios del comprador<\/h3>\n<ul>\n<li style=\"list-style-type: none;\">\n<ul data-start=\"3223\" data-end=\"3394\">\n<li data-start=\"3223\" data-end=\"3261\">\n<p data-start=\"3225\" data-end=\"3261\">Ideal para entregas urbanas de \u00faltima milla<\/p>\n<\/li>\n<li data-start=\"3262\" data-end=\"3303\">\n<p data-start=\"3264\" data-end=\"3303\">Reducci\u00f3n de los gastos de combustible y mantenimiento<\/p>\n<\/li>\n<li data-start=\"3304\" data-end=\"3343\">\n<p data-start=\"3306\" data-end=\"3343\">Estructura sencilla para un servicio f\u00e1cil<\/p>\n<\/li>\n<li data-start=\"3344\" data-end=\"3394\">\n<p data-start=\"3346\" data-end=\"3394\">Cumple con las normas locales de veh\u00edculos el\u00e9ctricos<\/p>\n<\/li>\n<\/ul>\n<\/li>\n<\/ul>\n<h3 style=\"padding-left: 40px;\" data-start=\"3396\" data-end=\"3410\">Evidencia<\/h3>\n<ul>\n<li style=\"list-style-type: none;\">\n<ul data-start=\"3411\" data-end=\"3534\">\n<li data-start=\"3411\" data-end=\"3455\">\n<p data-start=\"3413\" data-end=\"3455\">Configuraci\u00f3n de transmisi\u00f3n el\u00e9ctrica probada<\/p>\n<\/li>\n<li data-start=\"3456\" data-end=\"3500\">\n<p data-start=\"3458\" data-end=\"3500\">Chasis reforzado y sistema de suspensi\u00f3n<\/p>\n<\/li>\n<li data-start=\"3501\" data-end=\"3534\">\n<p data-start=\"3503\" data-end=\"3534\">Certificado seg\u00fan las normas CCC<\/p>\n<\/li>\n<\/ul>\n<\/li>\n<\/ul>\n<hr style=\"padding-left: 40px;\" data-start=\"3536\" data-end=\"3539\" \/>\n<h2 style=\"padding-left: 40px;\" data-start=\"3541\" data-end=\"3565\">Escenarios de aplicaci\u00f3n<\/h2>\n<ul>\n<li style=\"list-style-type: none;\">\n<ul data-start=\"3567\" data-end=\"3763\">\n<li data-start=\"3567\" data-end=\"3595\">\n<p data-start=\"3569\" data-end=\"3595\">Entrega urbana de \u00faltima milla<\/p>\n<\/li>\n<li data-start=\"3596\" data-end=\"3640\">\n<p data-start=\"3598\" data-end=\"3640\">Log\u00edstica comunitaria y servicios expresos<\/p>\n<\/li>\n<li data-start=\"3641\" data-end=\"3680\">\n<p data-start=\"3643\" data-end=\"3680\">Transporte de carga para peque\u00f1as empresas<\/p>\n<\/li>\n<li data-start=\"3681\" data-end=\"3730\">\n<p data-start=\"3683\" data-end=\"3730\">Gesti\u00f3n de propiedades y transporte de mantenimiento<\/p>\n<\/li>\n<li data-start=\"3731\" data-end=\"3763\">\n<p data-start=\"3733\" data-end=\"3763\">Distribuci\u00f3n comercial urbana<\/p>\n<\/li>\n<\/ul>\n<\/li>\n<\/ul>\n<hr style=\"padding-left: 40px;\" data-start=\"3765\" data-end=\"3768\" \/>\n<h2 style=\"padding-left: 40px;\" data-start=\"3770\" data-end=\"3816\">Por qu\u00e9 elegir este mini veh\u00edculo el\u00e9ctrico<\/h2>\n<p style=\"padding-left: 40px;\" data-start=\"3818\" data-end=\"4096\">El <strong data-start=\"3822\" data-end=\"3866\">Mini veh\u00edculo de carga el\u00e9ctrico para uso urbano<\/strong> Combina dimensiones compactas, rendimiento el\u00e9ctrico fiable y capacidad de carga pr\u00e1ctica. Es una opci\u00f3n ideal para las empresas que buscan una soluci\u00f3n econ\u00f3mica y ecol\u00f3gica para el transporte urbano y la log\u00edstica de corta distancia.<\/p>\n<hr style=\"padding-left: 40px;\" data-start=\"4098\" data-end=\"4101\" \/>\n<h2 style=\"padding-left: 40px;\" data-start=\"4103\" data-end=\"4126\">Embalaje &amp; Entrega<\/h2>\n<ul>\n<li style=\"list-style-type: none;\">\n<ul data-start=\"4128\" data-end=\"4287\">\n<li data-start=\"4128\" data-end=\"4154\">\n<p data-start=\"4130\" data-end=\"4154\"><strong data-start=\"4130\" data-end=\"4148\">Certificaci\u00f3n:<\/strong> CCC<\/p>\n<\/li>\n<li data-start=\"4155\" data-end=\"4200\">\n<p data-start=\"4157\" data-end=\"4200\"><strong data-start=\"4157\" data-end=\"4180\">Capacidad del contenedor:<\/strong> 10 PCS SKD \/ 40HQ<\/p>\n<\/li>\n<li data-start=\"4201\" data-end=\"4246\">\n<p data-start=\"4203\" data-end=\"4246\"><strong data-start=\"4203\" data-end=\"4223\">M\u00e9todo de entrega:<\/strong> SKD \/ CKD (opcional)<\/p>\n<\/li>\n<li data-start=\"4247\" data-end=\"4287\">\n<p data-start=\"4249\" data-end=\"4287\"><strong data-start=\"4249\" data-end=\"4261\">Embalaje:<\/strong> Embalaje est\u00e1ndar de exportaci\u00f3n<\/p>\n<\/li>\n<\/ul>\n<\/li>\n<\/ul>\n<hr style=\"padding-left: 40px;\" data-start=\"4289\" data-end=\"4292\" \/>\n<h2 style=\"padding-left: 40px;\" data-start=\"4294\" data-end=\"4300\">Preguntas frecuentes<\/h2>\n<p style=\"padding-left: 40px;\" data-start=\"4302\" data-end=\"4409\"><strong data-start=\"4302\" data-end=\"4363\">Q1: \u00bfCu\u00e1l es la capacidad m\u00e1xima de carga de este veh\u00edculo?<\/strong><br data-start=\"4363\" data-end=\"4366\" \/>La capacidad m\u00e1xima de carga es <strong data-start=\"4398\" data-end=\"4408\">400 kg<\/strong>.<\/p>\n<p style=\"padding-left: 40px;\" data-start=\"4411\" data-end=\"4553\"><strong data-start=\"4411\" data-end=\"4456\">Q2: \u00bfCu\u00e1l es el rango de conducci\u00f3n por carga?<\/strong><br data-start=\"4456\" data-end=\"4459\" \/>El veh\u00edculo puede viajar hasta <strong data-start=\"4488\" data-end=\"4513\">50 km por carga completa<\/strong>Dependiendo de las condiciones de carga y carretera.<\/p>\n<p style=\"padding-left: 40px;\" data-start=\"4555\" data-end=\"4694\"><strong data-start=\"4555\" data-end=\"4597\">Q3: \u00bfQu\u00e9 caracter\u00edsticas de seguridad est\u00e1n incluidas?<\/strong><br data-start=\"4597\" data-end=\"4600\" \/>Est\u00e1 equipado con <strong data-start=\"4620\" data-end=\"4693\">frenos de disco delanteros, frenos de tambor traseros, luces LED y una c\u00e1mara trasera<\/strong>.<\/p>\n<p style=\"padding-left: 40px;\" data-start=\"4696\" data-end=\"4838\"><strong data-start=\"4696\" data-end=\"4744\">Q4: \u00bfEs este veh\u00edculo adecuado para las carreteras de la ciudad?<\/strong><br data-start=\"4744\" data-end=\"4747\" \/>- S\u00ed. - S\u00ed. Su tama\u00f1o compacto y la direcci\u00f3n del manillar lo hacen ideal para \u00e1reas urbanas y residenciales.<\/p>\n<p style=\"padding-left: 40px;\" data-start=\"4840\" data-end=\"4946\"><strong data-start=\"4840\" data-end=\"4875\">Q5: \u00bfC\u00f3mo se env\u00eda el veh\u00edculo?<\/strong><br data-start=\"4875\" data-end=\"4878\" \/>Se env\u00eda en <strong data-start=\"4895\" data-end=\"4907\">Formulario SKD<\/strong>con <strong data-start=\"4914\" data-end=\"4945\">10 unidades por contenedor 40HQ<\/strong>.<\/p>","protected":false},"excerpt":{"rendered":"<p>El mini veh\u00edculo el\u00e9ctrico de carga para uso urbano es una soluci\u00f3n de transporte el\u00e9ctrico compacta y eficiente dise\u00f1ada para la log\u00edstica urbana y la entrega de cortas distancias. Con un cuerpo semiintegral, sistema el\u00e9ctrico estable y capacidad de carga pr\u00e1ctica, es ideal para la distribuci\u00f3n urbana y el uso comercial diario.<\/p>","protected":false},"featured_media":5337,"comment_status":"open","ping_status":"closed","template":"","meta":[],"product_brand":[],"product_cat":[78],"product_tag":[],"class_list":{"0":"post-3672","1":"product","2":"type-product","3":"status-publish","4":"has-post-thumbnail","6":"product_cat-electric-tricycle","8":"first","9":"instock","10":"shipping-taxable","11":"purchasable","12":"product-type-simple"},"_links":{"self":[{"href":"https:\/\/www.tairuiauto.com\/es\/wp-json\/wp\/v2\/product\/3672","targetHints":{"allow":["GET"]}}],"collection":[{"href":"https:\/\/www.tairuiauto.com\/es\/wp-json\/wp\/v2\/product"}],"about":[{"href":"https:\/\/www.tairuiauto.com\/es\/wp-json\/wp\/v2\/types\/product"}],"replies":[{"embeddable":true,"href":"https:\/\/www.tairuiauto.com\/es\/wp-json\/wp\/v2\/comments?post=3672"}],"wp:featuredmedia":[{"embeddable":true,"href":"https:\/\/www.tairuiauto.com\/es\/wp-json\/wp\/v2\/media\/5337"}],"wp:attachment":[{"href":"https:\/\/www.tairuiauto.com\/es\/wp-json\/wp\/v2\/media?parent=3672"}],"wp:term":[{"taxonomy":"product_brand","embeddable":true,"href":"https:\/\/www.tairuiauto.com\/es\/wp-json\/wp\/v2\/product_brand?post=3672"},{"taxonomy":"product_cat","embeddable":true,"href":"https:\/\/www.tairuiauto.com\/es\/wp-json\/wp\/v2\/product_cat?post=3672"},{"taxonomy":"product_tag","embeddable":true,"href":"https:\/\/www.tairuiauto.com\/es\/wp-json\/wp\/v2\/product_tag?post=3672"}],"curies":[{"name":"WP","href":"https:\/\/api.w.org\/{rel}","templated":true}]}}