{"id":3689,"date":"2026-01-20T10:26:03","date_gmt":"2026-01-20T02:26:03","guid":{"rendered":"https:\/\/www.tairuiauto.com\/?post_type=product&#038;p=3689"},"modified":"2026-01-27T10:52:34","modified_gmt":"2026-01-27T02:52:34","slug":"passenger-electric-tricycle","status":"publish","type":"product","link":"https:\/\/www.tairuiauto.com\/es\/product\/passenger-electric-tricycle\/","title":{"rendered":"Mini veh\u00edculo el\u00e9ctrico para uso urbano"},"content":{"rendered":"<h2 style=\"padding-left: 40px;\" data-start=\"420\" data-end=\"439\">Descripci\u00f3n general del producto<\/h2>\n<p style=\"padding-left: 40px;\" data-start=\"441\" data-end=\"732\">El <strong data-start=\"445\" data-end=\"493\">Mini veh\u00edculo el\u00e9ctrico para uso urbano<\/strong> cuenta con una peque\u00f1a huella y una estructura mec\u00e1nica sencilla, lo que lo hace ideal para carreteras urbanas congestionadas, comunidades residenciales y viajes diarios de corta distancia. Su dise\u00f1o eficiente energ\u00e9ticamente garantiza bajos costes operativos y f\u00e1cil mantenimiento.<\/p>\n<table style=\"border-collapse: collapse; width: 60.1113%; margin-left: 40px;\" border=\"0\" width=\"720\" cellspacing=\"0\" cellpadding=\"0\">\n<tbody style=\"padding-left: 40px;\">\n<tr style=\"height: 20pt; padding-left: 40px;\">\n<td class=\"et5\" style=\"height: 20pt; width: 39.2734%; padding-left: 40px;\" width=\"265\" height=\"33\">modelo<\/td>\n<td class=\"et6\" style=\"width: 78.1404%; padding-left: 40px;\" width=\"455\">Mini veh\u00edculo el\u00e9ctrico para uso urbano<\/td>\n<\/tr>\n<tr style=\"height: 20pt; padding-left: 40px;\">\n<td class=\"et7\" style=\"height: 20pt; width: 39.2734%; padding-left: 40px;\" width=\"265\" height=\"33\">Dim general (mm)<\/td>\n<td class=\"et7\" style=\"width: 78.1404%; padding-left: 40px;\" width=\"455\">1547*801*1077<\/td>\n<\/tr>\n<tr style=\"height: 20pt; padding-left: 40px;\">\n<td class=\"et7\" style=\"height: 20pt; width: 39.2734%; padding-left: 40px;\" width=\"265\" height=\"33\">Horquilla delantera<\/td>\n<td class=\"et7\" style=\"width: 78.1404%; padding-left: 40px;\" width=\"455\">choker hidr\u00e1ulico \u044427<\/td>\n<\/tr>\n<tr style=\"height: 20pt; padding-left: 40px;\">\n<td class=\"et7\" style=\"height: 20pt; width: 39.2734%; padding-left: 40px;\" width=\"265\" height=\"33\">motor<\/td>\n<td class=\"et7\" style=\"width: 78.1404%; padding-left: 40px;\" width=\"455\">60V1000W<\/td>\n<\/tr>\n<tr style=\"height: 20pt; padding-left: 40px;\">\n<td class=\"et7\" style=\"height: 20pt; width: 39.2734%; padding-left: 40px;\" width=\"265\" height=\"33\">Controlador<\/td>\n<td class=\"et7\" style=\"width: 78.1404%; padding-left: 40px;\" width=\"455\">60V 18 tubos<\/td>\n<\/tr>\n<tr style=\"height: 20pt; padding-left: 40px;\">\n<td class=\"et7\" style=\"height: 20pt; width: 39.2734%; padding-left: 40px;\" width=\"265\" height=\"33\">Neum\u00e1tico delantero\/trasero<\/td>\n<td class=\"et7\" style=\"width: 78.1404%; padding-left: 40px;\" width=\"455\">3.0-10 neum\u00e1ticos sin tubo<\/td>\n<\/tr>\n<tr style=\"height: 20pt; padding-left: 40px;\">\n<td class=\"et7\" style=\"height: 20pt; width: 39.2734%; padding-left: 40px;\" width=\"265\" height=\"33\">Rim<\/td>\n<td class=\"et7\" style=\"width: 78.1404%; padding-left: 40px;\" width=\"455\">Hub de aleaci\u00f3n de aluminio<\/td>\n<\/tr>\n<tr style=\"height: 20pt; padding-left: 40px;\">\n<td class=\"et7\" style=\"height: 20pt; width: 39.2734%; padding-left: 40px;\" width=\"265\" height=\"33\">Sistema de frenos<\/td>\n<td class=\"et7\" style=\"width: 78.1404%; padding-left: 40px;\" width=\"455\">delantero: disco \/ trasero: tambor<\/td>\n<\/tr>\n<tr style=\"height: 20pt; padding-left: 40px;\">\n<td class=\"et7\" style=\"height: 20pt; width: 39.2734%; padding-left: 40px;\" width=\"265\" height=\"33\">Tiempo de carga (H)<\/td>\n<td class=\"et7\" style=\"width: 78.1404%; padding-left: 40px;\" width=\"455\">6-8<\/td>\n<\/tr>\n<tr style=\"height: 20pt; padding-left: 40px;\">\n<td class=\"et7\" style=\"height: 20pt; width: 39.2734%; padding-left: 40px;\" width=\"265\" height=\"33\">Rango por carga\/km<\/td>\n<td class=\"et7\" style=\"width: 78.1404%; padding-left: 40px;\" width=\"455\">40-60<\/td>\n<\/tr>\n<tr style=\"height: 20pt; padding-left: 40px;\">\n<td class=\"et7\" style=\"height: 20pt; width: 39.2734%; padding-left: 40px;\" width=\"265\" height=\"33\">Grado de escalada (%)<\/td>\n<td class=\"et7\" style=\"width: 78.1404%; padding-left: 40px;\" width=\"455\">\u2265 25<\/td>\n<\/tr>\n<tr style=\"height: 20pt; padding-left: 40px;\">\n<td class=\"et7\" style=\"height: 20pt; width: 39.2734%; padding-left: 40px;\" width=\"265\" height=\"33\">Bater\u00eda<\/td>\n<td class=\"et7\" style=\"width: 78.1404%; padding-left: 40px;\" width=\"455\">Bater\u00eda de plomo \u00e1cido 60V20AH<\/td>\n<\/tr>\n<tr style=\"height: 20pt; padding-left: 40px;\">\n<td class=\"et7\" style=\"height: 20pt; width: 39.2734%; padding-left: 40px;\" width=\"265\" height=\"33\">Velocidad m\u00e1xima (km\/h)<\/td>\n<td class=\"et7\" style=\"width: 78.1404%; padding-left: 40px;\" width=\"455\">25 km\/h<\/td>\n<\/tr>\n<tr style=\"height: 20pt; padding-left: 40px;\">\n<td class=\"et7\" style=\"height: 20pt; width: 39.2734%; padding-left: 40px;\" width=\"265\" height=\"33\">Capacidad del contenedor<\/td>\n<td class=\"et7\" style=\"width: 78.1404%; padding-left: 40px;\" width=\"455\">99 PCS SKD\/40&#8217; Sede central<\/td>\n<\/tr>\n<tr style=\"height: 20pt; padding-left: 40px;\">\n<td class=\"et7\" style=\"height: 20pt; width: 39.2734%; padding-left: 40px;\" width=\"265\" height=\"33\">Certificado<\/td>\n<td class=\"et7\" style=\"width: 78.1404%; padding-left: 40px;\" width=\"455\">CEE \/ COC \/ L2e-P<\/td>\n<\/tr>\n<\/tbody>\n<\/table>\n<hr style=\"padding-left: 40px;\" data-start=\"734\" data-end=\"737\" \/>\n<h2 style=\"padding-left: 40px;\" data-start=\"739\" data-end=\"761\">Descripci\u00f3n del producto<\/h2>\n<h3 style=\"padding-left: 40px;\" data-start=\"763\" data-end=\"785\">Categor\u00eda de producto<\/h3>\n<p style=\"padding-left: 40px;\" data-start=\"786\" data-end=\"869\">Mini veh\u00edculo el\u00e9ctrico de pasajeros \/ veh\u00edculo de movilidad el\u00e9ctrica urbana \/ EV compacto de la ciudad<\/p>\n<h3 style=\"padding-left: 40px;\" data-start=\"871\" data-end=\"896\">Descripci\u00f3n del producto<\/h3>\n<p style=\"padding-left: 40px;\" data-start=\"898\" data-end=\"1193\">El <strong data-start=\"902\" data-end=\"950\">Mini veh\u00edculo el\u00e9ctrico para uso urbano<\/strong> adopta una dimensi\u00f3n general compacta de <strong data-start=\"989\" data-end=\"1013\">1547 \u00d7 801 \u00d7 1077 mm<\/strong>permitiendo una maniobra f\u00e1cil en calles estrechas y densos entornos urbanos. Su dise\u00f1o ligero mejora la estabilidad de conducci\u00f3n y la eficiencia energ\u00e9tica durante el desplazamiento diario.<\/p>\n<p style=\"padding-left: 40px;\" data-start=\"1195\" data-end=\"1579\">El veh\u00edculo est\u00e1 impulsado por una <strong data-start=\"1223\" data-end=\"1251\">Motor el\u00e9ctrico 60V 1000W<\/strong>, emparejado con una <strong data-start=\"1267\" data-end=\"1293\">60V controlador de 18 tubos<\/strong>, asegurando una salida de potencia estable y una aceleraci\u00f3n suave para las condiciones de conducci\u00f3n de la ciudad. Una <strong data-start=\"1378\" data-end=\"1408\">Bater\u00eda de plomo-\u00e1cido 60V 20Ah<\/strong> proporciona una <strong data-start=\"1420\" data-end=\"1460\">autonom\u00eda de conducci\u00f3n de 40-60 km por carga<\/strong>Dependiendo de las condiciones de carretera y la carga. El tiempo de carga es aproximadamente <strong data-start=\"1532\" data-end=\"1545\">6-8 horas<\/strong>, adecuado para la carga durante la noche.<\/p>\n<p style=\"padding-left: 40px;\" data-start=\"1195\" data-end=\"1579\">\u00a0 \u00a0 \u00a0 \u00a0 \u00a0 \u00a0 \u00a0 \u00a0 \u00a0 \u00a0 \u00a0 \u00a0 \u00a0 \u00a0<img fetchpriority=\"high\" decoding=\"async\" class=\"size-medium wp-image-5349 alignnone\" src=\"https:\/\/www.tairuiauto.com\/wp-content\/uploads\/2026\/01\/3-300x300.webp\" alt=\"\" width=\"300\" height=\"300\" srcset=\"https:\/\/www.tairuiauto.com\/wp-content\/uploads\/2026\/01\/3-300x300.webp 300w, https:\/\/www.tairuiauto.com\/wp-content\/uploads\/2026\/01\/3-150x150.webp 150w, https:\/\/www.tairuiauto.com\/wp-content\/uploads\/2026\/01\/3-12x12.webp 12w, https:\/\/www.tairuiauto.com\/wp-content\/uploads\/2026\/01\/3-600x600.webp 600w, https:\/\/www.tairuiauto.com\/wp-content\/uploads\/2026\/01\/3-100x100.webp 100w, https:\/\/www.tairuiauto.com\/wp-content\/uploads\/2026\/01\/3.webp 750w\" sizes=\"(max-width: 300px) 100vw, 300px\" \/> <img decoding=\"async\" class=\"size-medium wp-image-5348 alignnone\" src=\"https:\/\/www.tairuiauto.com\/wp-content\/uploads\/2026\/01\/2-1-300x300.jpg\" alt=\"\" width=\"300\" height=\"300\" srcset=\"https:\/\/www.tairuiauto.com\/wp-content\/uploads\/2026\/01\/2-1-300x300.jpg 300w, https:\/\/www.tairuiauto.com\/wp-content\/uploads\/2026\/01\/2-1-1024x1024.jpg 1024w, https:\/\/www.tairuiauto.com\/wp-content\/uploads\/2026\/01\/2-1-150x150.jpg 150w, https:\/\/www.tairuiauto.com\/wp-content\/uploads\/2026\/01\/2-1-768x768.jpg 768w, https:\/\/www.tairuiauto.com\/wp-content\/uploads\/2026\/01\/2-1-1536x1536.jpg 1536w, https:\/\/www.tairuiauto.com\/wp-content\/uploads\/2026\/01\/2-1-2048x2048.jpg 2048w, https:\/\/www.tairuiauto.com\/wp-content\/uploads\/2026\/01\/2-1-12x12.jpg 12w, https:\/\/www.tairuiauto.com\/wp-content\/uploads\/2026\/01\/2-1-600x600.jpg 600w, https:\/\/www.tairuiauto.com\/wp-content\/uploads\/2026\/01\/2-1-100x100.jpg 100w\" sizes=\"(max-width: 300px) 100vw, 300px\" \/><\/p>\n<p style=\"padding-left: 40px;\" data-start=\"1581\" data-end=\"1886\">Para la comodidad de conducci\u00f3n y la adaptabilidad a la carretera, la suspensi\u00f3n delantera est\u00e1 equipada con un <strong data-start=\"1663\" data-end=\"1695\">\u03c627 amortiguador hidr\u00e1ulico<\/strong>Reducir efectivamente la vibraci\u00f3n en carreteras urbanas desiguales. El veh\u00edculo utiliza <strong data-start=\"1768\" data-end=\"1793\">3.0-10 neum\u00e1ticos sin tubo<\/strong> combinado con <strong data-start=\"1808\" data-end=\"1831\">cubos de aleaci\u00f3n de aluminio<\/strong>que ofrece buena durabilidad, agarre y estabilidad de conducci\u00f3n.<\/p>\n<p style=\"padding-left: 40px;\" data-start=\"1888\" data-end=\"2191\">El sistema de frenado consiste en una <strong data-start=\"1921\" data-end=\"1961\">freno de disco delantero y freno de tambor trasero<\/strong>proporcionando un rendimiento de parada fiable y una seguridad mejorada. Con una <strong data-start=\"2031\" data-end=\"2059\">capacidad de escalada de \u226525%<\/strong> y una <strong data-start=\"2066\" data-end=\"2090\">velocidad m\u00e1xima de 25 km\/h<\/strong>El veh\u00edculo ofrece un rendimiento equilibrado para la movilidad urbana mientras cumple con las regulaciones locales de velocidad.<\/p>\n<p style=\"padding-left: 40px;\" data-start=\"2193\" data-end=\"2436\">Dise\u00f1ado para los mercados de exportaci\u00f3n, el veh\u00edculo soporta <strong data-start=\"2243\" data-end=\"2260\">Embalaje SKD<\/strong>, con una <strong data-start=\"2269\" data-end=\"2312\">capacidad de contenedor de 99 unidades por 40HQ<\/strong>. Cumple con <strong data-start=\"2331\" data-end=\"2366\">Certificaci\u00f3n CEE \/ COC \/ L2e-P<\/strong>lo que lo hace adecuado para el uso legal de la carretera en muchos mercados internacionales.<\/p>\n<hr style=\"padding-left: 40px;\" data-start=\"2438\" data-end=\"2441\" \/>\n<h2 style=\"padding-left: 40px;\" data-start=\"2443\" data-end=\"2471\">Caracter\u00edsticas clave &amp; Ventajas<\/h2>\n<h3 style=\"padding-left: 40px;\" data-start=\"2473\" data-end=\"2487\">Caracter\u00edsticas<\/h3>\n<ul>\n<li style=\"list-style-type: none;\">\n<ul data-start=\"2488\" data-end=\"2716\">\n<li data-start=\"2488\" data-end=\"2537\">\n<p data-start=\"2490\" data-end=\"2537\">Dise\u00f1o compacto y ligero para pasajeros urbanos<\/p>\n<\/li>\n<li data-start=\"2538\" data-end=\"2589\">\n<p data-start=\"2540\" data-end=\"2589\">Motor el\u00e9ctrico 60V 1000W con controlador estable<\/p>\n<\/li>\n<li data-start=\"2590\" data-end=\"2633\">\n<p data-start=\"2592\" data-end=\"2633\">Sistema de frenado de disco delantero y tambor trasero<\/p>\n<\/li>\n<li data-start=\"2634\" data-end=\"2677\">\n<p data-start=\"2636\" data-end=\"2677\">Neum\u00e1ticos sin tubo con cubos de aleaci\u00f3n de aluminio<\/p>\n<\/li>\n<li data-start=\"2678\" data-end=\"2716\">\n<p data-start=\"2680\" data-end=\"2716\">Sistema de bater\u00eda de plomo-\u00e1cido eficiente<\/p>\n<\/li>\n<\/ul>\n<\/li>\n<\/ul>\n<h3 style=\"padding-left: 40px;\" data-start=\"2718\" data-end=\"2734\">Ventajas<\/h3>\n<ul>\n<li style=\"list-style-type: none;\">\n<ul data-start=\"2735\" data-end=\"2918\">\n<li data-start=\"2735\" data-end=\"2778\">\n<p data-start=\"2737\" data-end=\"2778\">F\u00e1cil maniobra en \u00e1reas urbanas concurridas<\/p>\n<\/li>\n<li data-start=\"2779\" data-end=\"2824\">\n<p data-start=\"2781\" data-end=\"2824\">Bajo consumo de energ\u00eda y coste operativo<\/p>\n<\/li>\n<li data-start=\"2825\" data-end=\"2866\">\n<p data-start=\"2827\" data-end=\"2866\">Estructura sencilla para un mantenimiento f\u00e1cil<\/p>\n<\/li>\n<li data-start=\"2867\" data-end=\"2918\">\n<p data-start=\"2869\" data-end=\"2918\">Rendimiento estable para desplazamientos de corta distancia<\/p>\n<\/li>\n<\/ul>\n<\/li>\n<\/ul>\n<h3 style=\"padding-left: 40px;\" data-start=\"2920\" data-end=\"2940\">Beneficios del comprador<\/h3>\n<ul>\n<li style=\"list-style-type: none;\">\n<ul data-start=\"2941\" data-end=\"3124\">\n<li data-start=\"2941\" data-end=\"2991\">\n<p data-start=\"2943\" data-end=\"2991\">Ideal para viajes diarios en la ciudad y viajes cortos<\/p>\n<\/li>\n<li data-start=\"2992\" data-end=\"3033\">\n<p data-start=\"2994\" data-end=\"3033\">Reducci\u00f3n de los gastos de combustible y mantenimiento<\/p>\n<\/li>\n<li data-start=\"3034\" data-end=\"3075\">\n<p data-start=\"3036\" data-end=\"3075\">Adecuado para exportaci\u00f3n y env\u00edo a granel<\/p>\n<\/li>\n<li data-start=\"3076\" data-end=\"3124\">\n<p data-start=\"3078\" data-end=\"3124\">Certificado para m\u00faltiples mercados internacionales<\/p>\n<\/li>\n<\/ul>\n<\/li>\n<\/ul>\n<h3 style=\"padding-left: 40px;\" data-start=\"3126\" data-end=\"3140\">Evidencia<\/h3>\n<ul>\n<li style=\"list-style-type: none;\">\n<ul data-start=\"3141\" data-end=\"3281\">\n<li data-start=\"3141\" data-end=\"3185\">\n<p data-start=\"3143\" data-end=\"3185\">Configuraci\u00f3n del tren motriz el\u00e9ctrico maduro<\/p>\n<\/li>\n<li data-start=\"3186\" data-end=\"3233\">\n<p data-start=\"3188\" data-end=\"3233\">Certificado seg\u00fan las normas CEE \/ COC \/ L2e-P<\/p>\n<\/li>\n<li data-start=\"3234\" data-end=\"3281\">\n<p data-start=\"3236\" data-end=\"3281\">Dise\u00f1o probado de suspensi\u00f3n y sistema de frenado<\/p>\n<\/li>\n<\/ul>\n<\/li>\n<\/ul>\n<hr style=\"padding-left: 40px;\" data-start=\"3283\" data-end=\"3286\" \/>\n<h2 style=\"padding-left: 40px;\" data-start=\"3288\" data-end=\"3312\">Escenarios de aplicaci\u00f3n<\/h2>\n<ul>\n<li style=\"list-style-type: none;\">\n<ul data-start=\"3314\" data-end=\"3478\">\n<li data-start=\"3314\" data-end=\"3348\">\n<p data-start=\"3316\" data-end=\"3348\">Transporte urbano de corta distancia<\/p>\n<\/li>\n<li data-start=\"3349\" data-end=\"3389\">\n<p data-start=\"3351\" data-end=\"3389\">Transporte comunitario residencial<\/p>\n<\/li>\n<li data-start=\"3390\" data-end=\"3418\">\n<p data-start=\"3392\" data-end=\"3418\">Movilidad del campus y parque<\/p>\n<\/li>\n<li data-start=\"3419\" data-end=\"3444\">\n<p data-start=\"3421\" data-end=\"3444\">Viajes personales diarios<\/p>\n<\/li>\n<li data-start=\"3445\" data-end=\"3478\">\n<p data-start=\"3447\" data-end=\"3478\">Proyectos de movilidad compartida urbana<\/p>\n<\/li>\n<\/ul>\n<\/li>\n<\/ul>\n<hr style=\"padding-left: 40px;\" data-start=\"3480\" data-end=\"3483\" \/>\n<h2 style=\"padding-left: 40px;\" data-start=\"3485\" data-end=\"3535\">Por qu\u00e9 elegir este mini veh\u00edculo el\u00e9ctrico<\/h2>\n<p style=\"padding-left: 40px;\" data-start=\"3537\" data-end=\"3819\">El <strong data-start=\"3541\" data-end=\"3589\">Mini veh\u00edculo el\u00e9ctrico para uso urbano<\/strong> Combina dimensiones compactas, rendimiento el\u00e9ctrico fiable y certificaci\u00f3n internacional. Es una opci\u00f3n ideal para distribuidores y usuarios finales que buscan una soluci\u00f3n econ\u00f3mica y ecol\u00f3gica para el transporte urbano de pasajeros.<\/p>\n<hr style=\"padding-left: 40px;\" data-start=\"3821\" data-end=\"3824\" \/>\n<h2 style=\"padding-left: 40px;\" data-start=\"3826\" data-end=\"3849\">Embalaje &amp; Entrega<\/h2>\n<ul>\n<li style=\"list-style-type: none;\">\n<ul data-start=\"3851\" data-end=\"4029\">\n<li data-start=\"3851\" data-end=\"3891\">\n<p data-start=\"3853\" data-end=\"3891\"><strong data-start=\"3853\" data-end=\"3871\">Certificaci\u00f3n:<\/strong> CEE \/ COC \/ L2e-P<\/p>\n<\/li>\n<li data-start=\"3892\" data-end=\"3937\">\n<p data-start=\"3894\" data-end=\"3937\"><strong data-start=\"3894\" data-end=\"3917\">Capacidad del contenedor:<\/strong> 99 PCS SKD \/ 40HQ<\/p>\n<\/li>\n<li data-start=\"3938\" data-end=\"3985\">\n<p data-start=\"3940\" data-end=\"3985\"><strong data-start=\"3940\" data-end=\"3959\">M\u00e9todo de embalaje:<\/strong> Embalaje est\u00e1ndar de exportaci\u00f3n<\/p>\n<\/li>\n<li data-start=\"3986\" data-end=\"4029\">\n<p data-start=\"3988\" data-end=\"4029\"><strong data-start=\"3988\" data-end=\"4006\">Formulario de entrega:<\/strong> SKD \/ CKD (opcional)<\/p>\n<\/li>\n<\/ul>\n<\/li>\n<\/ul>\n<hr style=\"padding-left: 40px;\" data-start=\"4031\" data-end=\"4034\" \/>\n<h2 style=\"padding-left: 40px;\" data-start=\"4036\" data-end=\"4042\">Preguntas frecuentes<\/h2>\n<p style=\"padding-left: 40px;\" data-start=\"4044\" data-end=\"4202\"><strong data-start=\"4044\" data-end=\"4097\">Q1: \u00bfCu\u00e1l es el rango m\u00e1ximo de conducci\u00f3n por carga?<\/strong><br data-start=\"4097\" data-end=\"4100\" \/>El veh\u00edculo ofrece una gama de <strong data-start=\"4130\" data-end=\"4142\">40-60 km<\/strong> por cargo, dependiendo de las condiciones de la carretera y los h\u00e1bitos de conducci\u00f3n.<\/p>\n<p style=\"padding-left: 40px;\" data-start=\"4204\" data-end=\"4348\"><strong data-start=\"4204\" data-end=\"4255\">Q2: \u00bfQu\u00e9 tipo de bater\u00eda utiliza este veh\u00edculo?<\/strong><br data-start=\"4255\" data-end=\"4258\" \/>Utiliza una <strong data-start=\"4268\" data-end=\"4298\">Bater\u00eda de plomo-\u00e1cido 60V 20Ah<\/strong>proporcionando un rendimiento estable y rentable.<\/p>\n<p style=\"padding-left: 40px;\" data-start=\"4350\" data-end=\"4482\"><strong data-start=\"4350\" data-end=\"4399\">Q3: \u00bfEs este veh\u00edculo adecuado para carreteras urbanas?<\/strong><br data-start=\"4399\" data-end=\"4402\" \/>- S\u00ed. - S\u00ed. Su tama\u00f1o compacto y velocidad m\u00e1xima controlada lo hacen ideal para los desplazamientos urbanos.<\/p>\n<p style=\"padding-left: 40px;\" data-start=\"4484\" data-end=\"4624\"><strong data-start=\"4484\" data-end=\"4533\">Q4: \u00bfQu\u00e9 certificaciones tiene este modelo?<\/strong><br data-start=\"4533\" data-end=\"4536\" \/>El veh\u00edculo est\u00e1 certificado con <strong data-start=\"4566\" data-end=\"4587\">CEE \/ COC \/ L2e-P<\/strong>permitiendo su uso legal en muchos mercados.<\/p>\n<p style=\"padding-left: 40px;\" data-start=\"4626\" data-end=\"4732\"><strong data-start=\"4626\" data-end=\"4661\">Q5: \u00bfC\u00f3mo se env\u00eda el veh\u00edculo?<\/strong><br data-start=\"4661\" data-end=\"4664\" \/>Se env\u00eda en <strong data-start=\"4681\" data-end=\"4693\">Formulario SKD<\/strong>con <strong data-start=\"4700\" data-end=\"4731\">99 unidades por contenedor 40HQ<\/strong>.<\/p>","protected":false},"excerpt":{"rendered":"<p>El <strong data-start=\"131\" data-end=\"179\">Mini veh\u00edculo el\u00e9ctrico para uso urbano<\/strong> es una soluci\u00f3n compacta de movilidad el\u00e9ctrica dise\u00f1ada para el desplazamiento urbano de corta distancia. Con una estructura ligera, un tren el\u00e9ctrico eficiente y un sistema de frenado estable, ofrece un transporte seguro y econ\u00f3mico para los usuarios de la ciudad.<\/p>","protected":false},"featured_media":5347,"comment_status":"open","ping_status":"closed","template":"","meta":[],"product_brand":[],"product_cat":[78],"product_tag":[],"class_list":{"0":"post-3689","1":"product","2":"type-product","3":"status-publish","4":"has-post-thumbnail","6":"product_cat-electric-tricycle","8":"first","9":"instock","10":"shipping-taxable","11":"product-type-simple"},"_links":{"self":[{"href":"https:\/\/www.tairuiauto.com\/es\/wp-json\/wp\/v2\/product\/3689","targetHints":{"allow":["GET"]}}],"collection":[{"href":"https:\/\/www.tairuiauto.com\/es\/wp-json\/wp\/v2\/product"}],"about":[{"href":"https:\/\/www.tairuiauto.com\/es\/wp-json\/wp\/v2\/types\/product"}],"replies":[{"embeddable":true,"href":"https:\/\/www.tairuiauto.com\/es\/wp-json\/wp\/v2\/comments?post=3689"}],"wp:featuredmedia":[{"embeddable":true,"href":"https:\/\/www.tairuiauto.com\/es\/wp-json\/wp\/v2\/media\/5347"}],"wp:attachment":[{"href":"https:\/\/www.tairuiauto.com\/es\/wp-json\/wp\/v2\/media?parent=3689"}],"wp:term":[{"taxonomy":"product_brand","embeddable":true,"href":"https:\/\/www.tairuiauto.com\/es\/wp-json\/wp\/v2\/product_brand?post=3689"},{"taxonomy":"product_cat","embeddable":true,"href":"https:\/\/www.tairuiauto.com\/es\/wp-json\/wp\/v2\/product_cat?post=3689"},{"taxonomy":"product_tag","embeddable":true,"href":"https:\/\/www.tairuiauto.com\/es\/wp-json\/wp\/v2\/product_tag?post=3689"}],"curies":[{"name":"WP","href":"https:\/\/api.w.org\/{rel}","templated":true}]}}