{"id":3697,"date":"2025-09-15T10:06:38","date_gmt":"2025-09-15T02:06:38","guid":{"rendered":"https:\/\/www.tairuiauto.com\/?post_type=product&#038;p=3697"},"modified":"2025-09-15T10:06:38","modified_gmt":"2025-09-15T02:06:38","slug":"electric-tricycle-for-passengers","status":"publish","type":"product","link":"https:\/\/www.tairuiauto.com\/es\/product\/electric-tricycle-for-passengers\/","title":{"rendered":"Tricicleta el\u00e9ctrica para pasajeros"},"content":{"rendered":"<h2 data-start=\"929\" data-end=\"974\">Estructura fuerte y dimensiones compactas<\/h2>\n<p data-start=\"975\" data-end=\"1363\">Con un tama\u00f1o general de <strong data-start=\"999\" data-end=\"1019\">1547 \u00d7 801 \u00d7 1077 mm<\/strong>El triciclo mantiene una huella compacta que facilita la maniobra a trav\u00e9s de las bulliciosas calles de la ciudad, al tiempo que proporciona asientos c\u00f3modos para dos pasajeros. Para los mayoristas, esta combinaci\u00f3n de peque\u00f1as dimensiones y dise\u00f1o funcional garantiza un gran atractivo para los clientes, desde usuarios familiares individuales hasta operadores de servicios de transporte a peque\u00f1a escala.<\/p>\n<h2 data-start=\"975\" data-end=\"1363\">Par\u00e1metros<\/h2>\n<table style=\"border-collapse: collapse; width: 84.7101%; height: 440px;\" border=\"0\" width=\"720\" cellspacing=\"0\" cellpadding=\"0\">\n<tbody>\n<tr style=\"height: 20.00pt;\">\n<td class=\"et5\" style=\"height: 20.00pt; width: 432.45pt;\" colspan=\"2\" width=\"720\" height=\"33\">Configuraci\u00f3n est\u00e1ndar<\/td>\n<\/tr>\n<tr style=\"height: 20.00pt;\">\n<td class=\"et5\" style=\"height: 20.00pt;\" height=\"33\">modelo<\/td>\n<td class=\"et7\"><a href=\"#\u76ee\u5f55!A1\">P102<\/a><\/td>\n<\/tr>\n<tr style=\"height: 20.00pt;\">\n<td class=\"et6\" style=\"height: 20.00pt; width: 159.05pt;\" width=\"265\" height=\"33\">Dim general (mm)<\/td>\n<td class=\"et6\" style=\"width: 273.40pt;\" width=\"455\">2285*975*1048<\/td>\n<\/tr>\n<tr style=\"height: 20.00pt;\">\n<td class=\"et6\" style=\"height: 20.00pt; width: 159.05pt;\" width=\"265\" height=\"33\">Horquilla delantera<\/td>\n<td class=\"et6\" style=\"width: 273.40pt;\" width=\"455\">choker hidr\u00e1ulico \u044431<\/td>\n<\/tr>\n<tr style=\"height: 20.00pt;\">\n<td class=\"et6\" style=\"height: 20.00pt; width: 159.05pt;\" width=\"265\" height=\"33\">motor<\/td>\n<td class=\"et6\" style=\"width: 273.40pt;\" width=\"455\">60V1000W<\/td>\n<\/tr>\n<tr style=\"height: 20.00pt;\">\n<td class=\"et6\" style=\"height: 20.00pt; width: 159.05pt;\" width=\"265\" height=\"33\">Controlador<\/td>\n<td class=\"et6\" style=\"width: 273.40pt;\" width=\"455\">60V 18 tubos<\/td>\n<\/tr>\n<tr style=\"height: 20.00pt;\">\n<td class=\"et6\" style=\"height: 20.00pt; width: 159.05pt;\" width=\"265\" height=\"33\">Neum\u00e1tico delantero\/trasero<\/td>\n<td class=\"et6\" style=\"width: 273.40pt;\" width=\"455\">3.0-10 neum\u00e1ticos sin tubo<\/td>\n<\/tr>\n<tr style=\"height: 20.00pt;\">\n<td class=\"et6\" style=\"height: 20.00pt; width: 159.05pt;\" width=\"265\" height=\"33\">Rim<\/td>\n<td class=\"et6\" style=\"width: 273.40pt;\" width=\"455\">Hub de aleaci\u00f3n de aluminio<\/td>\n<\/tr>\n<tr style=\"height: 20.00pt;\">\n<td class=\"et6\" style=\"height: 20.00pt; width: 159.05pt;\" width=\"265\" height=\"33\">Sistema de frenos<\/td>\n<td class=\"et6\" style=\"width: 273.40pt;\" width=\"455\">delantero: disco \/ trasero: tambor<\/td>\n<\/tr>\n<tr style=\"height: 20.00pt;\">\n<td class=\"et6\" style=\"height: 20.00pt; width: 159.05pt;\" width=\"265\" height=\"33\">Tiempo de carga (H)<\/td>\n<td class=\"et6\" style=\"width: 273.40pt;\" width=\"455\">6-8<\/td>\n<\/tr>\n<tr style=\"height: 20.00pt;\">\n<td class=\"et6\" style=\"height: 20.00pt; width: 159.05pt;\" width=\"265\" height=\"33\">Rango por carga\/km<\/td>\n<td class=\"et6\" style=\"width: 273.40pt;\" width=\"455\">40-60<\/td>\n<\/tr>\n<tr style=\"height: 20.00pt;\">\n<td class=\"et6\" style=\"height: 20.00pt; width: 159.05pt;\" width=\"265\" height=\"33\">Grado de escalada (%)<\/td>\n<td class=\"et6\" style=\"width: 273.40pt;\" width=\"455\">\u2265 25<\/td>\n<\/tr>\n<tr style=\"height: 20.00pt;\">\n<td class=\"et6\" style=\"height: 20.00pt; width: 159.05pt;\" width=\"265\" height=\"33\">Bater\u00eda<\/td>\n<td class=\"et6\" style=\"width: 273.40pt;\" width=\"455\">Bater\u00eda de plomo \u00e1cido 60V20AH<\/td>\n<\/tr>\n<tr style=\"height: 20.00pt;\">\n<td class=\"et6\" style=\"height: 20.00pt; width: 159.05pt;\" width=\"265\" height=\"33\">Velocidad m\u00e1xima (km\/h)<\/td>\n<td class=\"et6\" style=\"width: 273.40pt;\" width=\"455\">25 km\/h<\/td>\n<\/tr>\n<tr style=\"height: 20.00pt;\">\n<td class=\"et6\" style=\"height: 20.00pt; width: 159.05pt;\" width=\"265\" height=\"33\">Capacidad del contenedor<\/td>\n<td class=\"et6\" style=\"width: 273.40pt;\" width=\"455\">48 PCS SKD\/40&#8217; Sede central<\/td>\n<\/tr>\n<tr style=\"height: 20.00pt;\">\n<td class=\"et6\" style=\"height: 20.00pt; width: 159.05pt;\" width=\"265\" height=\"33\">Certificado<\/td>\n<td class=\"et6\" style=\"width: 273.40pt;\" width=\"455\">CEE \/ COC \/ L2e-P<\/td>\n<\/tr>\n<\/tbody>\n<\/table>\n<h2 data-start=\"1365\" data-end=\"1402\">Eficiencia del motor y el controlador<\/h2>\n<p data-start=\"1403\" data-end=\"1787\">Equipado con una <strong data-start=\"1419\" data-end=\"1437\">Motor 60V1000W<\/strong> Controlado por una <strong data-start=\"1458\" data-end=\"1484\">60V controlador de 18 tubos<\/strong>El veh\u00edculo proporciona una potencia estable y un funcionamiento suave. Esta configuraci\u00f3n garantiza un rendimiento consistente, ya sea que se utilice para viajes cortos, tareas diarias o servicios de pasajeros vecinos. Para los compradores a granel, la estabilidad t\u00e9cnica reduce los problemas posventa y garantiza la satisfacci\u00f3n del cliente.<\/p>\n<h2 data-start=\"1789\" data-end=\"1821\">Bater\u00eda y rango fiables<\/h2>\n<p data-start=\"1822\" data-end=\"2225\">El <strong data-start=\"1826\" data-end=\"1855\">Bater\u00eda de plomo-\u00e1cido 60V20AH<\/strong> Suporta una distancia de viaje de <strong data-start=\"1886\" data-end=\"1909\">40\u201360 km por carga<\/strong>Con un tiempo de carga de <strong data-start=\"1935\" data-end=\"1948\">6-8 horas<\/strong>Esto lo hace adecuado para el uso diario de los pasajeros manteniendo los costos operativos bajos. Los distribuidores mayoristas pueden promover con confianza el triciclo como una opci\u00f3n econ\u00f3mica, ya que el sistema de bater\u00eda ha demostrado manejar ciclos de carga frecuentes sin una p\u00e9rdida significativa de rendimiento.<\/p>\n<h2 data-start=\"2227\" data-end=\"2260\">Caracter\u00edsticas de seguridad y comodidad<\/h2>\n<p data-start=\"2261\" data-end=\"2743\">La seguridad es uno de los puntos de venta m\u00e1s fuertes de este modelo. El frente <strong data-start=\"2332\" data-end=\"2364\">\u03c627 amortiguador hidr\u00e1ulico<\/strong> proporciona un manejo suave, mientras que el <strong data-start=\"2401\" data-end=\"2426\">3.0-10 neum\u00e1ticos sin tubo<\/strong> y <strong data-start=\"2431\" data-end=\"2454\">cubos de aleaci\u00f3n de aluminio<\/strong> Mejorar la durabilidad y la estabilidad de la carretera. El <strong data-start=\"2498\" data-end=\"2539\">Sistema de freno de disco delantero y tambor trasero<\/strong> garantiza un frenado eficaz en diferentes condiciones de conducci\u00f3n, un factor esencial para la seguridad de los pasajeros. Estos detalles de dise\u00f1o lo convierten en una opci\u00f3n fiable para carreteras urbanas y caminos rurales moderadamente desiguales.<\/p>\n<h2 data-start=\"2745\" data-end=\"2776\">Rendimiento y usabilidad<\/h2>\n<p data-start=\"2777\" data-end=\"3141\">Con una velocidad m\u00e1xima de <strong data-start=\"2801\" data-end=\"2812\">25 km\/h<\/strong>El triciclo cumple con la mayor\u00eda de las regulaciones regionales de velocidad para veh\u00edculos de pasajeros. Su capacidad de escalada de <strong data-start=\"2921\" data-end=\"2929\">\u2265 25%<\/strong> le permite operar con confianza en \u00e1reas con pendientes o inclinaciones suaves. Para los mayoristas, esto significa que el producto es adaptable en m\u00faltiples regiones con terrenos variados, ampliando a\u00fan m\u00e1s las oportunidades de mercado.<\/p>\n<h2 data-start=\"3143\" data-end=\"3182\">Ventaja por mayor y log\u00edstica<\/h2>\n<p data-start=\"3183\" data-end=\"3518\">El veh\u00edculo tiene una capacidad de carga de <strong data-start=\"3231\" data-end=\"3251\">99 PCS SKD\/40'HQ<\/strong>, ofreciendo una excelente eficiencia de costos para pedidos a granel. Esta es una ventaja cr\u00edtica para los distribuidores que buscan optimizar la log\u00edstica y maximizar los m\u00e1rgenes de beneficio. Al proporcionar una mayor densidad unitaria por env\u00edo, los compradores se benefician de gastos de env\u00edo reducidos por triciclo.<\/p>\n<h2 data-start=\"3520\" data-end=\"3561\">Certificaci\u00f3n y confianza del mercado<\/h2>\n<p data-start=\"3562\" data-end=\"3884\">Certificado bajo <strong data-start=\"3578\" data-end=\"3599\">CEE \/ COC \/ L2e-P<\/strong>El modelo cumple con las normas europeas e internacionales de calidad y seguridad. La certificaci\u00f3n es un fuerte punto de venta para los distribuidores, ya que garantiza el cumplimiento de las regulaciones globales y fomenta la confianza de los usuarios finales. Esto reduce los riesgos legales o operacionales potenciales en los mercados de exportaci\u00f3n.<\/p>\n<h2 data-start=\"3886\" data-end=\"3914\">\u00bfPor qu\u00e9 elegir este modelo?<\/h2>\n<ul data-start=\"3915\" data-end=\"4354\">\n<li data-start=\"3915\" data-end=\"3980\">\n<p data-start=\"3917\" data-end=\"3980\"><strong data-start=\"3917\" data-end=\"3941\">Construcci\u00f3n duradera<\/strong> con dise\u00f1o de marco compacto pero fuerte<\/p>\n<\/li>\n<li data-start=\"3981\" data-end=\"4048\">\n<p data-start=\"3983\" data-end=\"4048\"><strong data-start=\"3983\" data-end=\"4017\">Motor y controlador eficientes<\/strong> para una conducci\u00f3n suave y fiable<\/p>\n<\/li>\n<li data-start=\"4049\" data-end=\"4124\">\n<p data-start=\"4051\" data-end=\"4124\"><strong data-start=\"4051\" data-end=\"4076\">Sistema de bater\u00eda probado<\/strong> con alcance pr\u00e1ctico y ciclo de carga r\u00e1pido<\/p>\n<\/li>\n<li data-start=\"4125\" data-end=\"4212\">\n<p data-start=\"4127\" data-end=\"4212\"><strong data-start=\"4127\" data-end=\"4155\">Caracter\u00edsticas de seguridad avanzadas<\/strong> incluyendo suspensi\u00f3n hidr\u00e1ulica y sistema de frenado doble<\/p>\n<\/li>\n<li data-start=\"4213\" data-end=\"4282\">\n<p data-start=\"4215\" data-end=\"4282\"><strong data-start=\"4215\" data-end=\"4243\">Log\u00edstica rentable<\/strong> con alta capacidad de carga de contenedores<\/p>\n<\/li>\n<li data-start=\"4283\" data-end=\"4354\">\n<p data-start=\"4285\" data-end=\"4354\"><strong data-start=\"4285\" data-end=\"4322\">Certificado para ventas internacionales<\/strong>Garantizar una entrada fluida al mercado<\/p>\n<\/li>\n<\/ul>\n<p data-start=\"4356\" data-end=\"4793\">El <strong data-start=\"4360\" data-end=\"4396\">Tricicleta el\u00e9ctrica para pasajeros<\/strong> destaca como una opci\u00f3n segura, eficiente y rentable para los compradores a granel. Si se promueve como una <strong data-start=\"4491\" data-end=\"4540\">triciclo el\u00e9ctrico de alta calidad para pasajeros<\/strong>, ofrecido por <strong data-start=\"4553\" data-end=\"4609\">triciclo el\u00e9ctrico al por mayor para pasajeros proveedores<\/strong>o comercializado como un <strong data-start=\"4629\" data-end=\"4686\">triciclo el\u00e9ctrico ecol\u00f3gico para veh\u00edculos de pasajeros<\/strong>Este modelo cumple con las demandas modernas del transporte, al tiempo que ofrece un fuerte valor comercial para los distribuidores.<\/p>","protected":false},"excerpt":{"rendered":"<p>El <strong data-start=\"587\" data-end=\"623\">Tricicleta el\u00e9ctrica para pasajeros<\/strong> es una soluci\u00f3n de movilidad vers\u00e1til, ecol\u00f3gica y pr\u00e1ctica, ideal tanto para el desplazamiento urbano como para el transporte rural. Dise\u00f1ado con durabilidad y eficiencia en mente, este modelo es altamente adecuado para los compradores mayoristas que necesitan veh\u00edculos fiables que combinen rendimiento, seguridad y valor a largo plazo.<\/p>","protected":false},"featured_media":3699,"comment_status":"open","ping_status":"closed","template":"","meta":[],"product_brand":[],"product_cat":[78],"product_tag":[],"class_list":{"0":"post-3697","1":"product","2":"type-product","3":"status-publish","4":"has-post-thumbnail","6":"product_cat-electric-tricycle","8":"first","9":"instock","10":"shipping-taxable","11":"product-type-simple"},"_links":{"self":[{"href":"https:\/\/www.tairuiauto.com\/es\/wp-json\/wp\/v2\/product\/3697","targetHints":{"allow":["GET"]}}],"collection":[{"href":"https:\/\/www.tairuiauto.com\/es\/wp-json\/wp\/v2\/product"}],"about":[{"href":"https:\/\/www.tairuiauto.com\/es\/wp-json\/wp\/v2\/types\/product"}],"replies":[{"embeddable":true,"href":"https:\/\/www.tairuiauto.com\/es\/wp-json\/wp\/v2\/comments?post=3697"}],"wp:featuredmedia":[{"embeddable":true,"href":"https:\/\/www.tairuiauto.com\/es\/wp-json\/wp\/v2\/media\/3699"}],"wp:attachment":[{"href":"https:\/\/www.tairuiauto.com\/es\/wp-json\/wp\/v2\/media?parent=3697"}],"wp:term":[{"taxonomy":"product_brand","embeddable":true,"href":"https:\/\/www.tairuiauto.com\/es\/wp-json\/wp\/v2\/product_brand?post=3697"},{"taxonomy":"product_cat","embeddable":true,"href":"https:\/\/www.tairuiauto.com\/es\/wp-json\/wp\/v2\/product_cat?post=3697"},{"taxonomy":"product_tag","embeddable":true,"href":"https:\/\/www.tairuiauto.com\/es\/wp-json\/wp\/v2\/product_tag?post=3697"}],"curies":[{"name":"WP","href":"https:\/\/api.w.org\/{rel}","templated":true}]}}