{"id":3708,"date":"2026-01-21T11:03:46","date_gmt":"2026-01-21T03:03:46","guid":{"rendered":"https:\/\/www.tairuiauto.com\/?post_type=product&#038;p=3708"},"modified":"2026-01-27T10:55:01","modified_gmt":"2026-01-27T02:55:01","slug":"eco-friendly-electric-tuk","status":"publish","type":"product","link":"https:\/\/www.tairuiauto.com\/es\/product\/eco-friendly-electric-tuk\/","title":{"rendered":"Ciudad el\u00e9ctrica de baja velocidad Tuk"},"content":{"rendered":"<h2 style=\"padding-left: 40px;\" data-start=\"430\" data-end=\"449\">Descripci\u00f3n general del producto<\/h2>\n<p style=\"padding-left: 40px;\" data-start=\"4030\" data-end=\"4444\">El <strong data-start=\"455\" data-end=\"486\">Ciudad el\u00e9ctrica de baja velocidad Tuk<\/strong> cuenta con un tama\u00f1o de carrocer\u00eda compacto y una estructura mec\u00e1nica simple, lo que lo hace adecuado para calles estrechas, comunidades urbanas y entornos de tr\u00e1fico urbano de baja velocidad. Su sistema de accionamiento el\u00e9ctrico garantiza un funcionamiento silencioso, bajos costos de mantenimiento y un rendimiento ecol\u00f3gico.<\/p>\n<table style=\"border-collapse: collapse; width: 74.5521%; height: 482px; margin-left: 40px;\" border=\"0\" width=\"720\" cellspacing=\"0\" cellpadding=\"0\">\n<tbody style=\"padding-left: 40px;\">\n<tr style=\"height: 20pt; padding-left: 40px;\">\n<td class=\"et4\" style=\"height: 20pt; width: 159.05pt; padding-left: 40px;\" width=\"265\" height=\"33\">modelo<\/td>\n<td class=\"et4\" style=\"width: 273.4pt; padding-left: 40px;\" width=\"455\">Ciudad el\u00e9ctrica de baja velocidad Tuk<\/td>\n<\/tr>\n<tr style=\"height: 20pt; padding-left: 40px;\">\n<td class=\"et5\" style=\"height: 20pt; width: 159.05pt; padding-left: 40px;\" width=\"265\" height=\"33\">Dim general (mm)<\/td>\n<td class=\"et5\" style=\"width: 273.4pt; padding-left: 40px;\" width=\"455\">2200*1050*1700<\/td>\n<\/tr>\n<tr style=\"height: 20pt; padding-left: 40px;\">\n<td class=\"et5\" style=\"height: 20pt; width: 159.05pt; padding-left: 40px;\" width=\"265\" height=\"33\">Horquilla delantera<\/td>\n<td class=\"et5\" style=\"width: 273.4pt; padding-left: 40px;\" width=\"455\">choker hidr\u00e1ulico \u044431<\/td>\n<\/tr>\n<tr style=\"height: 20pt; padding-left: 40px;\">\n<td class=\"et5\" style=\"height: 20pt; width: 159.05pt; padding-left: 40px;\" width=\"265\" height=\"33\">motor<\/td>\n<td class=\"et5\" style=\"width: 273.4pt; padding-left: 40px;\" width=\"455\">60V1000W<\/td>\n<\/tr>\n<tr style=\"height: 20pt; padding-left: 40px;\">\n<td class=\"et5\" style=\"height: 20pt; width: 159.05pt; padding-left: 40px;\" width=\"265\" height=\"33\">Controlador<\/td>\n<td class=\"et5\" style=\"width: 273.4pt; padding-left: 40px;\" width=\"455\">60V 18 tubos<\/td>\n<\/tr>\n<tr style=\"height: 20pt; padding-left: 40px;\">\n<td class=\"et5\" style=\"height: 20pt; width: 159.05pt; padding-left: 40px;\" width=\"265\" height=\"33\">Neum\u00e1tico delantero\/trasero<\/td>\n<td class=\"et5\" style=\"width: 273.4pt; padding-left: 40px;\" width=\"455\">3.0-10 neum\u00e1ticos sin tubo<\/td>\n<\/tr>\n<tr style=\"height: 20pt; padding-left: 40px;\">\n<td class=\"et5\" style=\"height: 20pt; width: 159.05pt; padding-left: 40px;\" width=\"265\" height=\"33\">Rim<\/td>\n<td class=\"et5\" style=\"width: 273.4pt; padding-left: 40px;\" width=\"455\">delantero: cubo de aleaci\u00f3n de aluminio<br \/>\ntrasera: cubo de hierro<\/td>\n<\/tr>\n<tr style=\"height: 20pt; padding-left: 40px;\">\n<td class=\"et5\" style=\"height: 20pt; width: 159.05pt; padding-left: 40px;\" width=\"265\" height=\"33\">Sistema de frenos<\/td>\n<td class=\"et5\" style=\"width: 273.4pt; padding-left: 40px;\" width=\"455\">delantero: disco \/ trasero: tambor<\/td>\n<\/tr>\n<tr style=\"height: 20pt; padding-left: 40px;\">\n<td class=\"et5\" style=\"height: 20pt; width: 159.05pt; padding-left: 40px;\" width=\"265\" height=\"33\">Tiempo de carga (H)<\/td>\n<td class=\"et5\" style=\"width: 273.4pt; padding-left: 40px;\" width=\"455\">6-8<\/td>\n<\/tr>\n<tr style=\"height: 20pt; padding-left: 40px;\">\n<td class=\"et5\" style=\"height: 20pt; width: 159.05pt; padding-left: 40px;\" width=\"265\" height=\"33\">Rango por carga\/km<\/td>\n<td class=\"et5\" style=\"width: 273.4pt; padding-left: 40px;\" width=\"455\">40-60<\/td>\n<\/tr>\n<tr style=\"height: 20pt; padding-left: 40px;\">\n<td class=\"et5\" style=\"height: 20pt; width: 159.05pt; padding-left: 40px;\" width=\"265\" height=\"33\">Grado de escalada (%)<\/td>\n<td class=\"et5\" style=\"width: 273.4pt; padding-left: 40px;\" width=\"455\">\u2264 25<\/td>\n<\/tr>\n<tr style=\"height: 20pt; padding-left: 40px;\">\n<td class=\"et5\" style=\"height: 20pt; width: 159.05pt; padding-left: 40px;\" width=\"265\" height=\"33\">Bater\u00eda<\/td>\n<td class=\"et5\" style=\"width: 273.4pt; padding-left: 40px;\" width=\"455\">Bater\u00eda de plomo \u00e1cido 60V32AH<\/td>\n<\/tr>\n<tr style=\"height: 20pt; padding-left: 40px;\">\n<td class=\"et5\" style=\"height: 20pt; width: 159.05pt; padding-left: 40px;\" width=\"265\" height=\"33\">Velocidad m\u00e1xima (km\/h)<\/td>\n<td class=\"et5\" style=\"width: 273.4pt; padding-left: 40px;\" width=\"455\">25 km\/h<\/td>\n<\/tr>\n<tr style=\"height: 20pt; padding-left: 40px;\">\n<td class=\"et5\" style=\"height: 20pt; width: 159.05pt; padding-left: 40px;\" width=\"265\" height=\"33\">Capacidad del contenedor<\/td>\n<td class=\"et5\" style=\"width: 273.4pt; padding-left: 40px;\" width=\"455\">33 PCS SKD\/40&#8217; Sede central<\/td>\n<\/tr>\n<tr style=\"height: 20pt; padding-left: 40px;\">\n<td class=\"et5\" style=\"height: 20pt; width: 159.05pt; padding-left: 40px;\" width=\"265\" height=\"33\">Certificado<\/td>\n<td class=\"et5\" style=\"width: 273.4pt; padding-left: 40px;\" width=\"455\">CCC<\/td>\n<\/tr>\n<\/tbody>\n<\/table>\n<h2 style=\"padding-left: 40px;\" data-start=\"430\" data-end=\"449\"><\/h2>\n<hr style=\"padding-left: 40px;\" data-start=\"753\" data-end=\"756\" \/>\n<h2 style=\"padding-left: 40px;\" data-start=\"758\" data-end=\"780\">Descripci\u00f3n del producto<\/h2>\n<h3 style=\"padding-left: 40px;\" data-start=\"782\" data-end=\"804\">Categor\u00eda de producto<\/h3>\n<p style=\"padding-left: 40px;\" data-start=\"805\" data-end=\"877\">Tuk el\u00e9ctrico de baja velocidad \/ veh\u00edculo el\u00e9ctrico el\u00e9ctrico de tres ruedas \/ urbano<\/p>\n<h3 style=\"padding-left: 40px;\" data-start=\"879\" data-end=\"904\">Descripci\u00f3n del producto<\/h3>\n<p style=\"padding-left: 40px;\" data-start=\"906\" data-end=\"1122\">El <strong data-start=\"910\" data-end=\"941\">Ciudad el\u00e9ctrica de baja velocidad Tuk<\/strong> adopta una dimensi\u00f3n general de <strong data-start=\"973\" data-end=\"998\">2200 \u00d7 1050 \u00d7 1700 mm<\/strong>Ofrece una excelente maniobrabilidad en entornos urbanos concurridos al tiempo que mantiene suficiente espacio interior para el uso diario.<\/p>\n<p style=\"padding-left: 40px;\" data-start=\"1124\" data-end=\"1515\">Est\u00e1 equipado con una <strong data-start=\"1146\" data-end=\"1174\">Motor el\u00e9ctrico 60V 1000W<\/strong> y una <strong data-start=\"1181\" data-end=\"1207\">60V controlador de 18 tubos<\/strong>que proporciona una potencia estable para las carreteras urbanas. El veh\u00edculo utiliza una <strong data-start=\"1276\" data-end=\"1306\">Bater\u00eda de plomo-\u00e1cido 60V 32Ah<\/strong>proporcionando un rango de conducci\u00f3n de <strong data-start=\"1337\" data-end=\"1360\">40\u201360 km por carga<\/strong>, adecuado para el desplazamiento a corta distancia y el transporte local. El tiempo de carga es aproximadamente <strong data-start=\"1461\" data-end=\"1474\">6-8 horas<\/strong>que permite una carga c\u00f3moda durante la noche.<\/p>\n<h3 style=\"padding-left: 40px;\" data-start=\"6401\" data-end=\"6410\"><img fetchpriority=\"high\" decoding=\"async\" class=\"size-medium wp-image-5359 alignnone\" src=\"https:\/\/www.tairuiauto.com\/wp-content\/uploads\/2026\/01\/5-1-300x300.jpg\" alt=\"Ciudad el\u00e9ctrica de baja velocidad Tuk\" width=\"300\" height=\"300\" srcset=\"https:\/\/www.tairuiauto.com\/wp-content\/uploads\/2026\/01\/5-1-300x300.jpg 300w, https:\/\/www.tairuiauto.com\/wp-content\/uploads\/2026\/01\/5-1-1024x1024.jpg 1024w, https:\/\/www.tairuiauto.com\/wp-content\/uploads\/2026\/01\/5-1-150x150.jpg 150w, https:\/\/www.tairuiauto.com\/wp-content\/uploads\/2026\/01\/5-1-768x768.jpg 768w, https:\/\/www.tairuiauto.com\/wp-content\/uploads\/2026\/01\/5-1-1536x1536.jpg 1536w, https:\/\/www.tairuiauto.com\/wp-content\/uploads\/2026\/01\/5-1-2048x2048.jpg 2048w, https:\/\/www.tairuiauto.com\/wp-content\/uploads\/2026\/01\/5-1-12x12.jpg 12w, https:\/\/www.tairuiauto.com\/wp-content\/uploads\/2026\/01\/5-1-600x600.jpg 600w, https:\/\/www.tairuiauto.com\/wp-content\/uploads\/2026\/01\/5-1-100x100.jpg 100w\" sizes=\"(max-width: 300px) 100vw, 300px\" \/> <img decoding=\"async\" class=\"size-medium wp-image-5361 alignnone\" src=\"https:\/\/www.tairuiauto.com\/wp-content\/uploads\/2026\/01\/7-1-300x300.jpg\" alt=\"\" width=\"300\" height=\"300\" srcset=\"https:\/\/www.tairuiauto.com\/wp-content\/uploads\/2026\/01\/7-1-300x300.jpg 300w, https:\/\/www.tairuiauto.com\/wp-content\/uploads\/2026\/01\/7-1-1024x1024.jpg 1024w, https:\/\/www.tairuiauto.com\/wp-content\/uploads\/2026\/01\/7-1-150x150.jpg 150w, https:\/\/www.tairuiauto.com\/wp-content\/uploads\/2026\/01\/7-1-768x768.jpg 768w, https:\/\/www.tairuiauto.com\/wp-content\/uploads\/2026\/01\/7-1-1536x1536.jpg 1536w, https:\/\/www.tairuiauto.com\/wp-content\/uploads\/2026\/01\/7-1-2048x2048.jpg 2048w, https:\/\/www.tairuiauto.com\/wp-content\/uploads\/2026\/01\/7-1-12x12.jpg 12w, https:\/\/www.tairuiauto.com\/wp-content\/uploads\/2026\/01\/7-1-600x600.jpg 600w, https:\/\/www.tairuiauto.com\/wp-content\/uploads\/2026\/01\/7-1-100x100.jpg 100w\" sizes=\"(max-width: 300px) 100vw, 300px\" \/> <img decoding=\"async\" class=\"size-medium wp-image-5360 alignnone\" src=\"https:\/\/www.tairuiauto.com\/wp-content\/uploads\/2026\/01\/6-1-300x300.jpg\" alt=\"\" width=\"300\" height=\"300\" srcset=\"https:\/\/www.tairuiauto.com\/wp-content\/uploads\/2026\/01\/6-1-300x300.jpg 300w, https:\/\/www.tairuiauto.com\/wp-content\/uploads\/2026\/01\/6-1-1024x1024.jpg 1024w, https:\/\/www.tairuiauto.com\/wp-content\/uploads\/2026\/01\/6-1-150x150.jpg 150w, https:\/\/www.tairuiauto.com\/wp-content\/uploads\/2026\/01\/6-1-768x768.jpg 768w, https:\/\/www.tairuiauto.com\/wp-content\/uploads\/2026\/01\/6-1-1536x1536.jpg 1536w, https:\/\/www.tairuiauto.com\/wp-content\/uploads\/2026\/01\/6-1-2048x2048.jpg 2048w, https:\/\/www.tairuiauto.com\/wp-content\/uploads\/2026\/01\/6-1-12x12.jpg 12w, https:\/\/www.tairuiauto.com\/wp-content\/uploads\/2026\/01\/6-1-600x600.jpg 600w, https:\/\/www.tairuiauto.com\/wp-content\/uploads\/2026\/01\/6-1-100x100.jpg 100w\" sizes=\"(max-width: 300px) 100vw, 300px\" \/><\/h3>\n<p style=\"padding-left: 40px;\" data-start=\"1517\" data-end=\"1909\">Para mejorar la comodidad de conducci\u00f3n y la durabilidad, la suspensi\u00f3n delantera est\u00e1 equipada con un <strong data-start=\"1599\" data-end=\"1631\">\u03c631 amortiguador hidr\u00e1ulico<\/strong>Absorbiendo efectivamente las vibraciones de la carretera. El veh\u00edculo corre en <strong data-start=\"1692\" data-end=\"1717\">3.0-10 neum\u00e1ticos sin tubo<\/strong>, mejorando la adherencia a la carretera y la resistencia a las perforaciones. La configuraci\u00f3n de la llanta consiste en una <strong data-start=\"1801\" data-end=\"1836\">cubo de aleaci\u00f3n de aluminio en la parte delantera<\/strong> y un <strong data-start=\"1844\" data-end=\"1868\">cubo de hierro en la parte trasera<\/strong>, equilibrando la fuerza y la eficiencia de costes.<\/p>\n<p style=\"padding-left: 40px;\" data-start=\"1911\" data-end=\"2178\">El sistema de frenado cuenta con una <strong data-start=\"1941\" data-end=\"1981\">freno de disco delantero y freno de tambor trasero<\/strong>garantizando un rendimiento de frenado fiable y seguridad de conducci\u00f3n. Con una <strong data-start=\"2048\" data-end=\"2076\">capacidad de escalada de \u226425%<\/strong> y una <strong data-start=\"2083\" data-end=\"2111\">Velocidad m\u00e1xima de 25 km\/h<\/strong>El veh\u00edculo es adecuado para el tr\u00e1fico urbano de baja velocidad regulado.<\/p>\n<p style=\"padding-left: 40px;\" data-start=\"2180\" data-end=\"2393\">Para la log\u00edstica internacional, el veh\u00edculo soporta <strong data-start=\"2230\" data-end=\"2247\">Embalaje SKD<\/strong>, con una <strong data-start=\"2256\" data-end=\"2309\">capacidad de contenedor de 33 unidades por contenedor 40HQ<\/strong>. Est\u00e1 certificado bajo <strong data-start=\"2333\" data-end=\"2350\">Normas CCC<\/strong>cumplir con los requisitos nacionales de cumplimiento.<\/p>\n<hr style=\"padding-left: 40px;\" data-start=\"2395\" data-end=\"2398\" \/>\n<h2 style=\"padding-left: 40px;\" data-start=\"2400\" data-end=\"2428\">Caracter\u00edsticas clave &amp; Ventajas<\/h2>\n<h3 style=\"padding-left: 40px;\" data-start=\"2430\" data-end=\"2444\">Caracter\u00edsticas<\/h3>\n<ul>\n<li style=\"list-style-type: none;\">\n<ul data-start=\"2445\" data-end=\"2683\">\n<li data-start=\"2445\" data-end=\"2486\">\n<p data-start=\"2447\" data-end=\"2486\">Dise\u00f1o compacto de tuk el\u00e9ctrico de baja velocidad<\/p>\n<\/li>\n<li data-start=\"2487\" data-end=\"2538\">\n<p data-start=\"2489\" data-end=\"2538\">Motor el\u00e9ctrico 60V 1000W con controlador estable<\/p>\n<\/li>\n<li data-start=\"2539\" data-end=\"2582\">\n<p data-start=\"2541\" data-end=\"2582\">Sistema de frenado de disco delantero y tambor trasero<\/p>\n<\/li>\n<li data-start=\"2583\" data-end=\"2632\">\n<p data-start=\"2585\" data-end=\"2632\">Neum\u00e1ticos sin tubo con cubos mixtos de aleaci\u00f3n y hierro<\/p>\n<\/li>\n<li data-start=\"2633\" data-end=\"2683\">\n<p data-start=\"2635\" data-end=\"2683\">Bater\u00eda de plomo-\u00e1cido para una operaci\u00f3n rentable<\/p>\n<\/li>\n<\/ul>\n<\/li>\n<\/ul>\n<h3 style=\"padding-left: 40px;\" data-start=\"2685\" data-end=\"2701\">Ventajas<\/h3>\n<ul>\n<li style=\"list-style-type: none;\">\n<ul data-start=\"2702\" data-end=\"2880\">\n<li data-start=\"2702\" data-end=\"2744\">\n<p data-start=\"2704\" data-end=\"2744\">F\u00e1cil operaci\u00f3n en calles urbanas estrechas<\/p>\n<\/li>\n<li data-start=\"2745\" data-end=\"2792\">\n<p data-start=\"2747\" data-end=\"2792\">Bajo consumo de energ\u00eda y costo de mantenimiento<\/p>\n<\/li>\n<li data-start=\"2793\" data-end=\"2833\">\n<p data-start=\"2795\" data-end=\"2833\">Sistema de frenado y suspensi\u00f3n estable<\/p>\n<\/li>\n<li data-start=\"2834\" data-end=\"2880\">\n<p data-start=\"2836\" data-end=\"2880\">Adecuado para transporte urbano de corta distancia<\/p>\n<\/li>\n<\/ul>\n<\/li>\n<\/ul>\n<h3 style=\"padding-left: 40px;\" data-start=\"2882\" data-end=\"2902\">Beneficios del comprador<\/h3>\n<ul>\n<li style=\"list-style-type: none;\">\n<ul data-start=\"2903\" data-end=\"3096\">\n<li data-start=\"2903\" data-end=\"2939\">\n<p data-start=\"2905\" data-end=\"2939\">Reducci\u00f3n de los costos operativos y de combustible<\/p>\n<\/li>\n<li data-start=\"2940\" data-end=\"2989\">\n<p data-start=\"2942\" data-end=\"2989\">F\u00e1cil mantenimiento y disponibilidad de piezas de repuesto<\/p>\n<\/li>\n<li data-start=\"2990\" data-end=\"3037\">\n<p data-start=\"2992\" data-end=\"3037\">Carga eficiente de contenedores para pedidos a granel<\/p>\n<\/li>\n<li data-start=\"3038\" data-end=\"3096\">\n<p data-start=\"3040\" data-end=\"3096\">Ideal para distribuidores dirigidos a mercados de movilidad urbana<\/p>\n<\/li>\n<\/ul>\n<\/li>\n<\/ul>\n<h3 style=\"padding-left: 40px;\" data-start=\"3098\" data-end=\"3112\">Evidencia<\/h3>\n<ul>\n<li style=\"list-style-type: none;\">\n<ul data-start=\"3113\" data-end=\"3237\">\n<li data-start=\"3113\" data-end=\"3157\">\n<p data-start=\"3115\" data-end=\"3157\">Configuraci\u00f3n de transmisi\u00f3n el\u00e9ctrica probada<\/p>\n<\/li>\n<li data-start=\"3158\" data-end=\"3200\">\n<p data-start=\"3160\" data-end=\"3200\">Suspensi\u00f3n y dise\u00f1o de frenado fiables<\/p>\n<\/li>\n<li data-start=\"3201\" data-end=\"3237\">\n<p data-start=\"3203\" data-end=\"3237\">Cumplimiento del producto certificado CCC<\/p>\n<\/li>\n<\/ul>\n<\/li>\n<\/ul>\n<hr style=\"padding-left: 40px;\" data-start=\"3239\" data-end=\"3242\" \/>\n<h2 style=\"padding-left: 40px;\" data-start=\"3244\" data-end=\"3268\">Escenarios de aplicaci\u00f3n<\/h2>\n<ul>\n<li style=\"list-style-type: none;\">\n<ul data-start=\"3270\" data-end=\"3463\">\n<li data-start=\"3270\" data-end=\"3304\">\n<p data-start=\"3272\" data-end=\"3304\">Transporte urbano de corta distancia<\/p>\n<\/li>\n<li data-start=\"3305\" data-end=\"3345\">\n<p data-start=\"3307\" data-end=\"3345\">Transporte comunitario residencial<\/p>\n<\/li>\n<li data-start=\"3346\" data-end=\"3390\">\n<p data-start=\"3348\" data-end=\"3390\">Servicios de transporte urbano y movilidad local<\/p>\n<\/li>\n<li data-start=\"3391\" data-end=\"3424\">\n<p data-start=\"3393\" data-end=\"3424\">Transporte personal diario<\/p>\n<\/li>\n<li data-start=\"3425\" data-end=\"3463\">\n<p data-start=\"3427\" data-end=\"3463\">Proyectos de transporte urbano de baja velocidad<\/p>\n<\/li>\n<\/ul>\n<\/li>\n<\/ul>\n<hr style=\"padding-left: 40px;\" data-start=\"3465\" data-end=\"3468\" \/>\n<h2 style=\"padding-left: 40px;\" data-start=\"3470\" data-end=\"3516\">Por qu\u00e9 elegir este Tuk el\u00e9ctrico de ciudad de baja velocidad<\/h2>\n<p style=\"padding-left: 40px;\" data-start=\"3518\" data-end=\"3795\">El <strong data-start=\"3522\" data-end=\"3553\">Ciudad el\u00e9ctrica de baja velocidad Tuk<\/strong> ofrece una combinaci\u00f3n equilibrada de tama\u00f1o compacto, rendimiento el\u00e9ctrico estable y eficiencia en costes. Su estructura sencilla, componentes fiables y certificaci\u00f3n de cumplimiento lo convierten en una opci\u00f3n pr\u00e1ctica para soluciones de transporte urbano de baja velocidad.<\/p>\n<hr style=\"padding-left: 40px;\" data-start=\"3797\" data-end=\"3800\" \/>\n<h2 style=\"padding-left: 40px;\" data-start=\"3802\" data-end=\"3825\">Embalaje &amp; Entrega<\/h2>\n<ul>\n<li style=\"list-style-type: none;\">\n<ul data-start=\"3827\" data-end=\"3974\">\n<li data-start=\"3827\" data-end=\"3853\">\n<p data-start=\"3829\" data-end=\"3853\"><strong data-start=\"3829\" data-end=\"3847\">Certificaci\u00f3n:<\/strong> CCC<\/p>\n<\/li>\n<li data-start=\"3854\" data-end=\"3899\">\n<p data-start=\"3856\" data-end=\"3899\"><strong data-start=\"3856\" data-end=\"3879\">Capacidad del contenedor:<\/strong> 33 PCS SKD \/ 40HQ<\/p>\n<\/li>\n<li data-start=\"3900\" data-end=\"3947\">\n<p data-start=\"3902\" data-end=\"3947\"><strong data-start=\"3902\" data-end=\"3921\">M\u00e9todo de embalaje:<\/strong> Embalaje est\u00e1ndar de exportaci\u00f3n<\/p>\n<\/li>\n<li data-start=\"3948\" data-end=\"3974\">\n<p data-start=\"3950\" data-end=\"3974\"><strong data-start=\"3950\" data-end=\"3968\">Formulario de entrega:<\/strong> SKD<\/p>\n<\/li>\n<\/ul>\n<\/li>\n<\/ul>\n<hr style=\"padding-left: 40px;\" data-start=\"3976\" data-end=\"3979\" \/>\n<h2 style=\"padding-left: 40px;\" data-start=\"3981\" data-end=\"3987\">Preguntas frecuentes<\/h2>\n<p style=\"padding-left: 40px;\" data-start=\"3989\" data-end=\"4140\"><strong data-start=\"3989\" data-end=\"4034\">Q1: \u00bfCu\u00e1l es el rango de conducci\u00f3n por carga?<\/strong><br data-start=\"4034\" data-end=\"4037\" \/>El veh\u00edculo ofrece un rango de conducci\u00f3n de <strong data-start=\"4077\" data-end=\"4089\">40-60 km<\/strong> por carga, dependiendo de la carga y las condiciones de la carretera.<\/p>\n<p style=\"padding-left: 40px;\" data-start=\"4142\" data-end=\"4285\"><strong data-start=\"4142\" data-end=\"4191\">Q2: \u00bfQu\u00e9 tipo de bater\u00eda utiliza este modelo?<\/strong><br data-start=\"4191\" data-end=\"4194\" \/>Utiliza una <strong data-start=\"4204\" data-end=\"4234\">Bater\u00eda de plomo-\u00e1cido 60V 32Ah<\/strong>que ofrece un rendimiento estable y f\u00e1cil mantenimiento.<\/p>\n<p style=\"padding-left: 40px;\" data-start=\"4287\" data-end=\"4446\"><strong data-start=\"4287\" data-end=\"4335\">Q3: \u00bfEs este veh\u00edculo adecuado para las carreteras de la ciudad?<\/strong><br data-start=\"4335\" data-end=\"4338\" \/>- S\u00ed. - S\u00ed. Su baja velocidad, tama\u00f1o compacto y sistema de frenado estable lo hacen adecuado para entornos de tr\u00e1fico urbano.<\/p>\n<p style=\"padding-left: 40px;\" data-start=\"4448\" data-end=\"4548\"><strong data-start=\"4448\" data-end=\"4497\">Q4: \u00bfQu\u00e9 certificaciones tiene este modelo?<\/strong><br data-start=\"4497\" data-end=\"4500\" \/>Este modelo est\u00e1 certificado bajo <strong data-start=\"4530\" data-end=\"4547\">Normas CCC<\/strong>.<\/p>\n<p style=\"padding-left: 40px;\" data-start=\"4550\" data-end=\"4656\"><strong data-start=\"4550\" data-end=\"4585\">Q5: \u00bfC\u00f3mo se env\u00eda el veh\u00edculo?<\/strong><br data-start=\"4585\" data-end=\"4588\" \/>Se env\u00eda en <strong data-start=\"4605\" data-end=\"4617\">Formulario SKD<\/strong>con <strong data-start=\"4624\" data-end=\"4655\">33 unidades por contenedor 40HQ<\/strong>.<\/p>","protected":false},"excerpt":{"rendered":"<p>El <strong data-start=\"124\" data-end=\"155\">Ciudad el\u00e9ctrica de baja velocidad Tuk<\/strong> es un veh\u00edculo el\u00e9ctrico compacto de tres ruedas dise\u00f1ado para el transporte urbano de corta distancia. Con un sistema de energ\u00eda el\u00e9ctrica estable, una estructura de chasis duradera y un rendimiento de frenado eficiente, proporciona una soluci\u00f3n rentable para los desplazamientos urbanos y el transporte ligero.<\/p>","protected":false},"featured_media":5359,"comment_status":"open","ping_status":"closed","template":"","meta":[],"product_brand":[],"product_cat":[78],"product_tag":[],"class_list":{"0":"post-3708","1":"product","2":"type-product","3":"status-publish","4":"has-post-thumbnail","6":"product_cat-electric-tricycle","8":"first","9":"instock","10":"shipping-taxable","11":"purchasable","12":"product-type-simple"},"_links":{"self":[{"href":"https:\/\/www.tairuiauto.com\/es\/wp-json\/wp\/v2\/product\/3708","targetHints":{"allow":["GET"]}}],"collection":[{"href":"https:\/\/www.tairuiauto.com\/es\/wp-json\/wp\/v2\/product"}],"about":[{"href":"https:\/\/www.tairuiauto.com\/es\/wp-json\/wp\/v2\/types\/product"}],"replies":[{"embeddable":true,"href":"https:\/\/www.tairuiauto.com\/es\/wp-json\/wp\/v2\/comments?post=3708"}],"wp:featuredmedia":[{"embeddable":true,"href":"https:\/\/www.tairuiauto.com\/es\/wp-json\/wp\/v2\/media\/5359"}],"wp:attachment":[{"href":"https:\/\/www.tairuiauto.com\/es\/wp-json\/wp\/v2\/media?parent=3708"}],"wp:term":[{"taxonomy":"product_brand","embeddable":true,"href":"https:\/\/www.tairuiauto.com\/es\/wp-json\/wp\/v2\/product_brand?post=3708"},{"taxonomy":"product_cat","embeddable":true,"href":"https:\/\/www.tairuiauto.com\/es\/wp-json\/wp\/v2\/product_cat?post=3708"},{"taxonomy":"product_tag","embeddable":true,"href":"https:\/\/www.tairuiauto.com\/es\/wp-json\/wp\/v2\/product_tag?post=3708"}],"curies":[{"name":"WP","href":"https:\/\/api.w.org\/{rel}","templated":true}]}}