{"id":3739,"date":"2025-09-16T09:09:52","date_gmt":"2025-09-16T01:09:52","guid":{"rendered":"https:\/\/www.tairuiauto.com\/?post_type=product&#038;p=3739"},"modified":"2025-09-16T09:28:10","modified_gmt":"2025-09-16T01:28:10","slug":"1-1m-elderly-commuting-tricycle","status":"publish","type":"product","link":"https:\/\/www.tairuiauto.com\/es\/product\/1-1m-elderly-commuting-tricycle\/","title":{"rendered":"1.1m Tricicleta de desplazamiento de ancianos"},"content":{"rendered":"<h3 data-start=\"4441\" data-end=\"4466\">Descripci\u00f3n del producto<\/h3>\n<p data-start=\"4467\" data-end=\"4921\">\u00a0Equipado con un motor de 48V 500W, ruedas de hierro duraderas y suspensi\u00f3n hidr\u00e1ulica, este <em data-start=\"4701\" data-end=\"4732\">Tricicleta el\u00e9ctrica para personas mayores<\/em> equilibra la seguridad con el rendimiento pr\u00e1ctico de desplazamiento. Es un confiable <em data-start=\"4803\" data-end=\"4822\">movilidad triciclo<\/em> con un alcance de conducci\u00f3n de 60 km por carga, lo que permite a las personas mayores moverse libremente dentro de sus comunidades.<\/p>\n<table style=\"border-collapse: collapse; width: 76.8464%; height: 592px;\" border=\"0\" width=\"732\" cellspacing=\"0\" cellpadding=\"0\">\n<tbody>\n<tr style=\"height: 20.00pt;\">\n<td class=\"et3\" style=\"height: 20pt; width: 39.2652%;\" width=\"372\" height=\"33\">modelo<\/td>\n<td class=\"et3\" style=\"width: 60.62%;\" width=\"360\">1.1m Tricicleta de desplazamiento de ancianos<\/td>\n<\/tr>\n<tr style=\"height: 20.00pt;\">\n<td class=\"et4\" style=\"height: 20pt; width: 39.2652%;\" width=\"372\" height=\"33\">Tama\u00f1o general<\/td>\n<td class=\"et4\" style=\"width: 60.62%;\" width=\"360\">2520 mm * 940 mm * 1135 mm<\/td>\n<\/tr>\n<tr style=\"height: 20.00pt;\">\n<td class=\"et4\" style=\"height: 20pt; width: 39.2652%;\" width=\"372\" height=\"33\">Instrumento<\/td>\n<td class=\"et4\" style=\"width: 60.62%;\" width=\"360\">Instrumento electr\u00f3nico con tablero de mando<\/td>\n<\/tr>\n<tr style=\"height: 20.00pt;\">\n<td class=\"et4\" style=\"height: 20pt; width: 39.2652%;\" width=\"372\" height=\"33\">Controlador<\/td>\n<td class=\"et4\" style=\"width: 60.62%;\" width=\"360\">12 tubos<\/td>\n<\/tr>\n<tr style=\"height: 20.00pt;\">\n<td class=\"et4\" style=\"height: 20pt; width: 39.2652%;\" width=\"372\" height=\"33\">Eje trasero<\/td>\n<td class=\"et4\" style=\"width: 60.62%;\" width=\"360\">Eje trasero dividido<\/td>\n<\/tr>\n<tr style=\"height: 20.00pt;\">\n<td class=\"et4\" style=\"height: 20pt; width: 39.2652%;\" width=\"372\" height=\"33\">Freno delantero<\/td>\n<td class=\"et4\" style=\"width: 60.62%;\" width=\"360\">31 amortiguaci\u00f3n \/ freno delantero 110<\/td>\n<\/tr>\n<tr style=\"height: 20.00pt;\">\n<td class=\"et4\" style=\"height: 20pt; width: 39.2652%;\" width=\"372\" height=\"33\">Freno trasero<\/td>\n<td class=\"et4\" style=\"width: 60.62%;\" width=\"360\">130 freno de tambor<\/td>\n<\/tr>\n<tr style=\"height: 20.00pt;\">\n<td class=\"et4\" style=\"height: 20pt; width: 39.2652%;\" width=\"372\" height=\"33\">Gradabilidad<\/td>\n<td class=\"et4\" style=\"width: 60.62%;\" width=\"360\">15 \u00b0<\/td>\n<\/tr>\n<tr style=\"height: 20.00pt;\">\n<td class=\"et4\" style=\"height: 20pt; width: 39.2652%;\" width=\"372\" height=\"33\">Faros<\/td>\n<td class=\"et4\" style=\"width: 60.62%;\" width=\"360\">Bombilla grande ordinaria<\/td>\n<\/tr>\n<tr style=\"height: 20.00pt;\">\n<td class=\"et4\" style=\"height: 20pt; width: 39.2652%;\" width=\"372\" height=\"33\">Carga<\/td>\n<td class=\"et4\" style=\"width: 60.62%;\" width=\"360\">160 kg<\/td>\n<\/tr>\n<tr style=\"height: 20.00pt;\">\n<td class=\"et4\" style=\"height: 20pt; width: 39.2652%;\" width=\"372\" height=\"33\">Rim<\/td>\n<td class=\"et4\" style=\"width: 60.62%;\" width=\"360\">Rueda de hierro<\/td>\n<\/tr>\n<tr style=\"height: 20.00pt;\">\n<td class=\"et4\" style=\"height: 20pt; width: 39.2652%;\" width=\"372\" height=\"33\">E-motor<\/td>\n<td class=\"et4\" style=\"width: 60.62%;\" width=\"360\">48V 500W<\/td>\n<\/tr>\n<tr style=\"height: 20.00pt;\">\n<td class=\"et4\" style=\"height: 20pt; width: 39.2652%;\" width=\"372\" height=\"33\">Suspensi\u00f3n frontal<\/td>\n<td class=\"et4\" style=\"width: 60.62%;\" width=\"360\">Amortizador con hidr\u00e1ulico<\/td>\n<\/tr>\n<tr style=\"height: 20.00pt;\">\n<td class=\"et4\" style=\"height: 20pt; width: 39.2652%;\" width=\"372\" height=\"33\">Suspensi\u00f3n trasera<\/td>\n<td class=\"et4\" style=\"width: 60.62%;\" width=\"360\">Absorci\u00f3n trasera del muelle de placa de acero reforzado<\/td>\n<\/tr>\n<tr style=\"height: 20.00pt;\">\n<td class=\"et4\" style=\"height: 20pt; width: 39.2652%;\" width=\"372\" height=\"33\">Velocidad m\u00e1xima<\/td>\n<td class=\"et4\" style=\"width: 60.62%;\" width=\"360\">45 Km\/h<\/td>\n<\/tr>\n<tr style=\"height: 20.00pt;\">\n<td class=\"et4\" style=\"height: 20pt; width: 39.2652%;\" width=\"372\" height=\"33\">Neum\u00e1ticos (F\/R)<\/td>\n<td class=\"et4\" style=\"width: 60.62%;\" width=\"360\">300-12\/300-12<\/td>\n<\/tr>\n<tr style=\"height: 20.00pt;\">\n<td class=\"et4\" style=\"height: 20pt; width: 39.2652%;\" width=\"372\" height=\"33\">Kilometraje por carga<\/td>\n<td class=\"et4\" style=\"width: 60.62%;\" width=\"360\">60<\/td>\n<\/tr>\n<tr style=\"height: 20.00pt;\">\n<td class=\"et4\" style=\"height: 20pt; width: 39.2652%;\" width=\"372\" height=\"33\">Bater\u00eda<\/td>\n<td class=\"et4\" style=\"width: 60.62%;\" width=\"360\">Bater\u00eda sin mantenimiento de plomo-\u00e1cido 48V32A<\/td>\n<\/tr>\n<tr style=\"height: 20.00pt;\">\n<td class=\"et4\" style=\"height: 20pt; width: 39.2652%;\" width=\"372\" height=\"33\">Tiempo de carga<\/td>\n<td class=\"et4\" style=\"width: 60.62%;\" width=\"360\">8-10 horas<\/td>\n<\/tr>\n<\/tbody>\n<\/table>\n<h3 data-start=\"4923\" data-end=\"4947\"><\/h3>\n<hr \/>\n<h3 data-start=\"4923\" data-end=\"4947\"><\/h3>\n<h3 data-start=\"4923\" data-end=\"4947\">Puntos clave de venta<\/h3>\n<ol data-start=\"4948\" data-end=\"5580\">\n<li data-start=\"4948\" data-end=\"5108\">\n<p data-start=\"4951\" data-end=\"5108\"><strong data-start=\"4951\" data-end=\"4979\">Movilidad orientada a la seguridad<\/strong> \u2013 Construido con frenos reforzados, eje dividido y manejo estable, el <em data-start=\"5049\" data-end=\"5076\">triciclo el\u00e9ctrico anciano<\/em> prioriza la seguridad sobre todo.<\/p>\n<\/li>\n<li data-start=\"5109\" data-end=\"5283\">\n<p data-start=\"5112\" data-end=\"5283\"><strong data-start=\"5112\" data-end=\"5136\">Bater\u00eda de larga duraci\u00f3n<\/strong> \u2013 Con una bater\u00eda de plomo-\u00e1cido sellada 48V32A, este <em data-start=\"5189\" data-end=\"5225\">veh\u00edculo urbano de tres ruedas<\/em> Corre 60 km por carga, soportando m\u00faltiples viajes diarios.<\/p>\n<\/li>\n<li data-start=\"5284\" data-end=\"5413\">\n<p data-start=\"5287\" data-end=\"5413\"><strong data-start=\"5287\" data-end=\"5313\">Controles f\u00e1ciles de usar<\/strong> \u2013 F\u00e1cil pantalla del tablero de mando y sencillo sistema de control dise\u00f1ado para ayudar a los ancianos a conducir con confianza.<\/p>\n<\/li>\n<li data-start=\"5414\" data-end=\"5580\">\n<p data-start=\"5417\" data-end=\"5580\"><strong data-start=\"5417\" data-end=\"5441\">Rendimiento fiable<\/strong> Ya sea para tareas, compras o paseos de ocio, el <em data-start=\"5497\" data-end=\"5525\">movilidad senior e-triciclo<\/em> garantiza un rendimiento constante con un mantenimiento m\u00ednimo.<\/p>\n<\/li>\n<\/ol>\n<h3 data-start=\"5582\" data-end=\"5613\"><\/h3>\n<hr \/>\n<h3 data-start=\"5582\" data-end=\"5613\"><\/h3>\n<h3 data-start=\"5582\" data-end=\"5613\"><br data-cke-eol=\"1\" \/>Ventajas diferenciadas<\/h3>\n<ol data-start=\"5614\" data-end=\"6094\">\n<li data-start=\"5614\" data-end=\"5740\">\n<p data-start=\"5617\" data-end=\"5740\"><strong data-start=\"5617\" data-end=\"5647\">Dise\u00f1ado para las necesidades de las personas mayores<\/strong> A diferencia de los e-trikes gen\u00e9ricos, este modelo enfatiza la comodidad, la estabilidad y la velocidad controlada.<\/p>\n<\/li>\n<li data-start=\"5741\" data-end=\"5873\">\n<p data-start=\"5744\" data-end=\"5873\"><strong data-start=\"5744\" data-end=\"5770\">Mantenimiento asequible<\/strong> La bater\u00eda de plomo-\u00e1cido y su dise\u00f1o robusto lo hacen m\u00e1s rentable que las alternativas alimentadas por litio.<\/p>\n<\/li>\n<li data-start=\"5874\" data-end=\"5983\">\n<p data-start=\"5877\" data-end=\"5983\"><strong data-start=\"5877\" data-end=\"5897\">Mayor confort<\/strong> Los amortiguadores y los asientos ergon\u00f3micos proporcionan una conducci\u00f3n sin problemas, incluso en carreteras abultadas.<\/p>\n<\/li>\n<li data-start=\"5984\" data-end=\"6094\">\n<p data-start=\"5987\" data-end=\"6094\"><strong data-start=\"5987\" data-end=\"6012\">Compacto pero pr\u00e1ctico<\/strong> \u2013 Con su marco estrecho, se puede aparcar en espacios urbanos estrechos sin molestias.<\/p>\n<\/li>\n<\/ol>\n<h3 data-start=\"6096\" data-end=\"6124\"><\/h3>\n<hr \/>\n<h3 data-start=\"6096\" data-end=\"6124\"><\/h3>\n<h3 data-start=\"6096\" data-end=\"6124\">\u00a0 \u00a0 \u00a0 <img fetchpriority=\"high\" decoding=\"async\" class=\"alignnone size-medium wp-image-3741\" src=\"https:\/\/www.tairuiauto.com\/wp-content\/uploads\/2025\/09\/2-12-300x300.jpg\" alt=\"\" width=\"300\" height=\"300\" srcset=\"\" sizes=\"(max-width: 300px) 100vw, 300px\" data-srcset=\"\" \/>\u00a0 \u00a0 \u00a0 \u00a0 \u00a0 \u00a0 \u00a0 \u00a0 <img decoding=\"async\" class=\"alignnone size-medium wp-image-3743\" src=\"https:\/\/www.tairuiauto.com\/wp-content\/uploads\/2025\/09\/4-11-300x300.jpg\" alt=\"\" width=\"300\" height=\"300\" srcset=\"\" sizes=\"(max-width: 300px) 100vw, 300px\" data-srcset=\"\" \/>\u00a0 \u00a0 \u00a0 \u00a0 \u00a0 \u00a0 \u00a0 \u00a0 <img decoding=\"async\" class=\"alignnone size-medium wp-image-3742\" src=\"https:\/\/www.tairuiauto.com\/wp-content\/uploads\/2025\/09\/3-11-300x300.jpg\" alt=\"\" width=\"300\" height=\"300\" srcset=\"\" sizes=\"(max-width: 300px) 100vw, 300px\" data-srcset=\"\" \/><\/h3>\n<h3 data-start=\"6096\" data-end=\"6124\">Especificaciones del producto<\/h3>\n<ul data-start=\"6125\" data-end=\"6297\">\n<li data-start=\"6125\" data-end=\"6151\">\n<p data-start=\"6127\" data-end=\"6151\">Tama\u00f1o: 2520<em data-start=\"6137\" data-end=\"6142\">940<\/em>1135 mm<\/p>\n<\/li>\n<li data-start=\"6152\" data-end=\"6177\">\n<p data-start=\"6154\" data-end=\"6177\">Capacidad de carga: 160 kg<\/p>\n<\/li>\n<li data-start=\"6178\" data-end=\"6197\">\n<p data-start=\"6180\" data-end=\"6197\">Motor: 48V 500W<\/p>\n<\/li>\n<li data-start=\"6198\" data-end=\"6244\">\n<p data-start=\"6200\" data-end=\"6244\">Bater\u00eda: \u00e1cido de plomo sin mantenimiento 48V32A<\/p>\n<\/li>\n<li data-start=\"6245\" data-end=\"6274\">\n<p data-start=\"6247\" data-end=\"6274\">Kilometraje: 60 km por carga<\/p>\n<\/li>\n<li data-start=\"6275\" data-end=\"6297\">\n<p data-start=\"6277\" data-end=\"6297\">Velocidad m\u00e1xima: 45 km\/h<\/p>\n<\/li>\n<\/ul>\n<h3 data-start=\"6299\" data-end=\"6325\">Par\u00e1metros t\u00e9cnicos<\/h3>\n<ul data-start=\"6326\" data-end=\"6516\">\n<li data-start=\"6326\" data-end=\"6350\">\n<p data-start=\"6328\" data-end=\"6350\">Controlador: 12 tubos<\/p>\n<\/li>\n<li data-start=\"6351\" data-end=\"6376\">\n<p data-start=\"6353\" data-end=\"6376\">Eje: Eje trasero dividido<\/p>\n<\/li>\n<li data-start=\"6377\" data-end=\"6434\">\n<p data-start=\"6379\" data-end=\"6434\">Suspension: Muelle de placa de acero reforzado hidr\u00e1ulico<\/p>\n<\/li>\n<li data-start=\"6435\" data-end=\"6485\">\n<p data-start=\"6437\" data-end=\"6485\">Frenos: amortiguador delantero \/ freno de tambor trasero<\/p>\n<\/li>\n<li data-start=\"6486\" data-end=\"6516\">\n<p data-start=\"6488\" data-end=\"6516\">Neum\u00e1ticos: 300-12 delantero &amp; trasera<\/p>\n<\/li>\n<\/ul>\n<h3 data-start=\"6518\" data-end=\"6533\">Materiales<\/h3>\n<p data-start=\"6534\" data-end=\"6611\">Acero de alta resistencia, ruedas de hierro, componentes de suspensi\u00f3n reforzados duraderos.<\/p>\n<h3 data-start=\"6613\" data-end=\"6629\">Apariencia<\/h3>\n<p data-start=\"6630\" data-end=\"6706\">Dise\u00f1o compacto y limpio con un estilo sencillo pero pr\u00e1ctico para los pilotos mayores.<\/p>\n<h3 data-start=\"6708\" data-end=\"6720\">Dise\u00f1o<\/h3>\n<p data-start=\"6721\" data-end=\"6789\">Se centra en la facilidad de uso, la estabilidad y la ergonom\u00eda para personas mayores.<\/p>\n<h3 data-start=\"6791\" data-end=\"6814\">Personalizaci\u00f3n OEM<\/h3>\n<p data-start=\"6815\" data-end=\"6885\">Disponible para marca, personalizaci\u00f3n de pintura y ajuste de asientos.<\/p>\n<h3 data-start=\"6887\" data-end=\"6908\">Control de calidad<\/h3>\n<p data-start=\"6909\" data-end=\"6986\">Cada unidad se somete a pruebas de durabilidad, bater\u00eda y seguridad antes del env\u00edo.<\/p>\n<h3 data-start=\"6988\" data-end=\"7013\">Servicio posventa<\/h3>\n<p data-start=\"7014\" data-end=\"7078\">Suministro internacional de piezas de repuesto y servicio al cliente.<\/p>\n<h3 data-start=\"7080\" data-end=\"7104\">Campos de aplicaci\u00f3n<\/h3>\n<ul data-start=\"7105\" data-end=\"7208\">\n<li data-start=\"7105\" data-end=\"7126\">\n<p data-start=\"7107\" data-end=\"7126\">Viajes de personas mayores<\/p>\n<\/li>\n<li data-start=\"7127\" data-end=\"7151\">\n<p data-start=\"7129\" data-end=\"7151\">Viajes de corta distancia<\/p>\n<\/li>\n<li data-start=\"7152\" data-end=\"7177\">\n<p data-start=\"7154\" data-end=\"7177\">Compras en el barrio<\/p>\n<\/li>\n<li data-start=\"7178\" data-end=\"7208\">\n<p data-start=\"7180\" data-end=\"7208\">Sustituci\u00f3n de la movilidad urbana<\/p>\n<\/li>\n<\/ul>\n<h3 data-start=\"7210\" data-end=\"7230\">M\u00e9todo de pago<\/h3>\n<p data-start=\"7231\" data-end=\"7285\">T\u00e9rminos flexibles: T \/ T, L \/ C, o t\u00e9rminos comerciales negociados.<\/p>\n<h3 data-start=\"7287\" data-end=\"7296\"><\/h3>\n<hr \/>\n<h3 data-start=\"7287\" data-end=\"7296\"><\/h3>\n<h3 data-start=\"7287\" data-end=\"7296\"><br data-cke-eol=\"1\" \/>Preguntas frecuentes<\/h3>\n<p data-start=\"7297\" data-end=\"7374\"><strong data-start=\"7297\" data-end=\"7353\">Q1: \u00bfCu\u00e1ntos kil\u00f3metros puede viajar con una sola carga?<\/strong><br data-start=\"7353\" data-end=\"7356\" \/>A1: Hasta 60 km.<\/p>\n<p data-start=\"7376\" data-end=\"7477\"><strong data-start=\"7376\" data-end=\"7417\">Q2: \u00bfQu\u00e9 tipo de bater\u00eda utiliza?<\/strong><br data-start=\"7417\" data-end=\"7420\" \/>A2: Una bater\u00eda sellada sin mantenimiento de plomo-\u00e1cido 48V32A.<\/p>\n<p data-start=\"7479\" data-end=\"7579\"><strong data-start=\"7479\" data-end=\"7515\">Q3: \u00bfEs adecuado para uso en la ciudad?<\/strong><br data-start=\"7515\" data-end=\"7518\" \/>A3: S\u00ed, su tama\u00f1o compacto lo hace perfecto para carreteras urbanas.<\/p>\n<p data-start=\"7581\" data-end=\"7715\"><strong data-start=\"7581\" data-end=\"7636\">Q4: \u00bfQu\u00e9 lo hace diferente de un triciclo normal?<\/strong><br data-start=\"7636\" data-end=\"7639\" \/>A4: Es motorizado, estable y dise\u00f1ado espec\u00edficamente para ciclistas mayores.<\/p>","protected":false},"excerpt":{"rendered":"<p>El <strong data-start=\"4471\" data-end=\"4506\">1.1m Tricicleta de desplazamiento de ancianos<\/strong> es una soluci\u00f3n de movilidad dise\u00f1ada espec\u00edficamente para adultos mayores que buscan independencia, comodidad y viajes respetuosos con el medio ambiente. Equipado con un motor de 48V 500W, ruedas de hierro duraderas y suspensi\u00f3n hidr\u00e1ulica, este <em data-start=\"4701\" data-end=\"4732\">Tricicleta el\u00e9ctrica para personas mayores<\/em> equilibra la seguridad con el rendimiento pr\u00e1ctico de desplazamiento. Es un confiable <em data-start=\"4803\" data-end=\"4822\">movilidad triciclo<\/em> con un alcance de conducci\u00f3n de 60 km por carga, lo que permite a las personas mayores moverse libremente dentro de sus comunidades.<\/p>","protected":false},"featured_media":3746,"comment_status":"open","ping_status":"closed","template":"","meta":[],"product_brand":[],"product_cat":[78],"product_tag":[],"class_list":{"0":"post-3739","1":"product","2":"type-product","3":"status-publish","4":"has-post-thumbnail","6":"product_cat-electric-tricycle","8":"first","9":"instock","10":"shipping-taxable","11":"purchasable","12":"product-type-simple"},"_links":{"self":[{"href":"https:\/\/www.tairuiauto.com\/es\/wp-json\/wp\/v2\/product\/3739","targetHints":{"allow":["GET"]}}],"collection":[{"href":"https:\/\/www.tairuiauto.com\/es\/wp-json\/wp\/v2\/product"}],"about":[{"href":"https:\/\/www.tairuiauto.com\/es\/wp-json\/wp\/v2\/types\/product"}],"replies":[{"embeddable":true,"href":"https:\/\/www.tairuiauto.com\/es\/wp-json\/wp\/v2\/comments?post=3739"}],"wp:featuredmedia":[{"embeddable":true,"href":"https:\/\/www.tairuiauto.com\/es\/wp-json\/wp\/v2\/media\/3746"}],"wp:attachment":[{"href":"https:\/\/www.tairuiauto.com\/es\/wp-json\/wp\/v2\/media?parent=3739"}],"wp:term":[{"taxonomy":"product_brand","embeddable":true,"href":"https:\/\/www.tairuiauto.com\/es\/wp-json\/wp\/v2\/product_brand?post=3739"},{"taxonomy":"product_cat","embeddable":true,"href":"https:\/\/www.tairuiauto.com\/es\/wp-json\/wp\/v2\/product_cat?post=3739"},{"taxonomy":"product_tag","embeddable":true,"href":"https:\/\/www.tairuiauto.com\/es\/wp-json\/wp\/v2\/product_tag?post=3739"}],"curies":[{"name":"WP","href":"https:\/\/api.w.org\/{rel}","templated":true}]}}