{"id":3768,"date":"2025-09-17T08:33:33","date_gmt":"2025-09-17T00:33:33","guid":{"rendered":"https:\/\/www.tairuiauto.com\/?post_type=product&#038;p=3768"},"modified":"2025-09-17T10:57:49","modified_gmt":"2025-09-17T02:57:49","slug":"1-3m-eu-certified-freight-tricycle","status":"publish","type":"product","link":"https:\/\/www.tairuiauto.com\/es\/product\/1-3m-eu-certified-freight-tricycle\/","title":{"rendered":"1.3m Triciclo de carga certificado de la UE"},"content":{"rendered":"<h2 data-start=\"255\" data-end=\"280\">Descripci\u00f3n del producto<\/h2>\n<p data-start=\"281\" data-end=\"803\">\u00a0Construido con las normas de certificaci\u00f3n de la UE, este <strong data-start=\"285\" data-end=\"323\">1.3m Triciclo de carga certificado de la UE<\/strong> combina seguridad, eficiencia y respeto con el medio ambiente.<\/p>\n<table style=\"border-collapse: collapse; width: 76.4835%; height: 588px;\" border=\"0\" width=\"682\" cellspacing=\"0\" cellpadding=\"0\">\n<tbody>\n<tr style=\"height: 20.00pt;\">\n<td class=\"et3\" style=\"height: 20pt; width: 40.2537%;\" width=\"350\" height=\"33\">modelo<\/td>\n<td class=\"et3\" style=\"width: 59.7463%;\" width=\"332\">1.3m Triciclo de carga certificado de la UE<\/td>\n<\/tr>\n<tr style=\"height: 20.00pt;\">\n<td class=\"et4\" style=\"height: 20pt; width: 40.2537%;\" width=\"350\" height=\"33\">Tama\u00f1o general<\/td>\n<td class=\"et4\" style=\"width: 59.7463%;\" width=\"332\">2520 mm * 940 mm * 1135 mm<\/td>\n<\/tr>\n<tr style=\"height: 20.00pt;\">\n<td class=\"et4\" style=\"height: 20pt; width: 40.2537%;\" width=\"350\" height=\"33\">Instrumento<\/td>\n<td class=\"et4\" style=\"width: 59.7463%;\" width=\"332\">Instrumento electr\u00f3nico con tablero de mando<\/td>\n<\/tr>\n<tr style=\"height: 20.00pt;\">\n<td class=\"et4\" style=\"height: 20pt; width: 40.2537%;\" width=\"350\" height=\"33\">Controlador<\/td>\n<td class=\"et4\" style=\"width: 59.7463%;\" width=\"332\">12 tubos<\/td>\n<\/tr>\n<tr style=\"height: 20.00pt;\">\n<td class=\"et4\" style=\"height: 20pt; width: 40.2537%;\" width=\"350\" height=\"33\">Eje trasero<\/td>\n<td class=\"et4\" style=\"width: 59.7463%;\" width=\"332\">Eje trasero dividido<\/td>\n<\/tr>\n<tr style=\"height: 20.00pt;\">\n<td class=\"et4\" style=\"height: 20pt; width: 40.2537%;\" width=\"350\" height=\"33\">Freno delantero<\/td>\n<td class=\"et4\" style=\"width: 59.7463%;\" width=\"332\">31 amortiguaci\u00f3n \/ freno delantero 110<\/td>\n<\/tr>\n<tr style=\"height: 20.00pt;\">\n<td class=\"et4\" style=\"height: 20pt; width: 40.2537%;\" width=\"350\" height=\"33\">Freno trasero<\/td>\n<td class=\"et4\" style=\"width: 59.7463%;\" width=\"332\">130 freno de tambor<\/td>\n<\/tr>\n<tr style=\"height: 20.00pt;\">\n<td class=\"et4\" style=\"height: 20pt; width: 40.2537%;\" width=\"350\" height=\"33\">Gradabilidad<\/td>\n<td class=\"et4\" style=\"width: 59.7463%;\" width=\"332\">15 \u00b0<\/td>\n<\/tr>\n<tr style=\"height: 20.00pt;\">\n<td class=\"et4\" style=\"height: 20pt; width: 40.2537%;\" width=\"350\" height=\"33\">Faros<\/td>\n<td class=\"et4\" style=\"width: 59.7463%;\" width=\"332\">Bombilla grande ordinaria<\/td>\n<\/tr>\n<tr style=\"height: 20.00pt;\">\n<td class=\"et4\" style=\"height: 20pt; width: 40.2537%;\" width=\"350\" height=\"33\">Carga<\/td>\n<td class=\"et4\" style=\"width: 59.7463%;\" width=\"332\">160 kg<\/td>\n<\/tr>\n<tr style=\"height: 20.00pt;\">\n<td class=\"et4\" style=\"height: 20pt; width: 40.2537%;\" width=\"350\" height=\"33\">Rim<\/td>\n<td class=\"et4\" style=\"width: 59.7463%;\" width=\"332\">Rueda de hierro<\/td>\n<\/tr>\n<tr style=\"height: 20.00pt;\">\n<td class=\"et4\" style=\"height: 20pt; width: 40.2537%;\" width=\"350\" height=\"33\">E-motor<\/td>\n<td class=\"et4\" style=\"width: 59.7463%;\" width=\"332\">48V 500W<\/td>\n<\/tr>\n<tr style=\"height: 20.00pt;\">\n<td class=\"et4\" style=\"height: 20pt; width: 40.2537%;\" width=\"350\" height=\"33\">Suspensi\u00f3n frontal<\/td>\n<td class=\"et4\" style=\"width: 59.7463%;\" width=\"332\">Amortizador con hidr\u00e1ulico<\/td>\n<\/tr>\n<tr style=\"height: 20.00pt;\">\n<td class=\"et4\" style=\"height: 20pt; width: 40.2537%;\" width=\"350\" height=\"33\">Suspensi\u00f3n trasera<\/td>\n<td class=\"et4\" style=\"width: 59.7463%;\" width=\"332\">Absorci\u00f3n trasera del muelle de placa de acero reforzado<\/td>\n<\/tr>\n<tr style=\"height: 20.00pt;\">\n<td class=\"et4\" style=\"height: 20pt; width: 40.2537%;\" width=\"350\" height=\"33\">Velocidad m\u00e1xima<\/td>\n<td class=\"et4\" style=\"width: 59.7463%;\" width=\"332\">45 Km\/h<\/td>\n<\/tr>\n<tr style=\"height: 20.00pt;\">\n<td class=\"et4\" style=\"height: 20pt; width: 40.2537%;\" width=\"350\" height=\"33\">Neum\u00e1ticos (F\/R)<\/td>\n<td class=\"et4\" style=\"width: 59.7463%;\" width=\"332\">300-12\/300-12<\/td>\n<\/tr>\n<tr style=\"height: 20.00pt;\">\n<td class=\"et4\" style=\"height: 20pt; width: 40.2537%;\" width=\"350\" height=\"33\">Kilometraje por carga<\/td>\n<td class=\"et4\" style=\"width: 59.7463%;\" width=\"332\">60<\/td>\n<\/tr>\n<tr style=\"height: 20.00pt;\">\n<td class=\"et4\" style=\"height: 20pt; width: 40.2537%;\" width=\"350\" height=\"33\">Bater\u00eda<\/td>\n<td class=\"et4\" style=\"width: 59.7463%;\" width=\"332\">Bater\u00eda sin mantenimiento de plomo-\u00e1cido 48V32A<\/td>\n<\/tr>\n<tr style=\"height: 20.00pt;\">\n<td class=\"et4\" style=\"height: 20pt; width: 40.2537%;\" width=\"350\" height=\"33\">Tiempo de carga<\/td>\n<td class=\"et4\" style=\"width: 59.7463%;\" width=\"332\">8-10 horas<\/td>\n<\/tr>\n<\/tbody>\n<\/table>\n<h3 data-start=\"4923\" data-end=\"4947\"><\/h3>\n<hr \/>\n<p>&nbsp;<\/p>\n<h2 data-start=\"805\" data-end=\"829\">Puntos clave de venta<\/h2>\n<ol data-start=\"830\" data-end=\"1486\">\n<li data-start=\"830\" data-end=\"1002\">\n<p data-start=\"833\" data-end=\"1002\"><strong data-start=\"833\" data-end=\"864\">Cumplimiento con la certificaci\u00f3n de la UE<\/strong> \u2013 Esto <em data-start=\"872\" data-end=\"899\">triciclo de carga el\u00e9ctrica<\/em> Est\u00e1 certificado por la UE, garantizando la calidad, la seguridad y el cumplimiento de los requisitos log\u00edsticos internacionales.<\/p>\n<\/li>\n<li data-start=\"1003\" data-end=\"1156\">\n<p data-start=\"1006\" data-end=\"1156\"><strong data-start=\"1006\" data-end=\"1031\">Manejo fuerte de carga<\/strong> Dise\u00f1ado para llevar cargas de hasta 160 kg, este <em data-start=\"1077\" data-end=\"1099\">trike de carga el\u00e9ctrica<\/em> apoya a las peque\u00f1as empresas con una potencia de transporte fiable.<\/p>\n<\/li>\n<li data-start=\"1157\" data-end=\"1321\">\n<p data-start=\"1160\" data-end=\"1321\"><strong data-start=\"1160\" data-end=\"1186\">Transporte Ecol\u00f3gico<\/strong> Alimentado por un motor de 48V 500W y una bater\u00eda de plomo-\u00e1cido sin mantenimiento, proporciona una alternativa limpia a las bicicletas de entrega alimentadas por gas.<\/p>\n<\/li>\n<li data-start=\"1322\" data-end=\"1486\">\n<p data-start=\"1325\" data-end=\"1486\"><strong data-start=\"1325\" data-end=\"1351\">Movilidad Urbana Compacta<\/strong> Con una anchura de solo 940 mm, el <em data-start=\"1387\" data-end=\"1414\">veh\u00edculo de carga de tres ruedas<\/em> es ideal para navegar por las calles estrechas de la ciudad y las zonas de entrega estrechas.<\/p>\n<\/li>\n<\/ol>\n<h3 data-start=\"4923\" data-end=\"4947\"><\/h3>\n<hr \/>\n<p>&nbsp;<\/p>\n<h2 data-start=\"1488\" data-end=\"1519\">Ventajas diferenciadas<\/h2>\n<ol data-start=\"1520\" data-end=\"2025\">\n<li data-start=\"1520\" data-end=\"1648\">\n<p data-start=\"1523\" data-end=\"1648\"><strong data-start=\"1523\" data-end=\"1550\">Certificado para el mercado de la UE<\/strong> A diferencia de los triciclos gen\u00e9ricos, este modelo tiene certificaci\u00f3n UE, lo que lo hace listo para la exportaci\u00f3n a Europa.<\/p>\n<\/li>\n<li data-start=\"1649\" data-end=\"1784\">\n<p data-start=\"1652\" data-end=\"1784\"><strong data-start=\"1652\" data-end=\"1679\">Durabilidad en uso pesado<\/strong> La suspensi\u00f3n reforzada y los frenos de tambor garantizan un rendimiento duradero en las operaciones log\u00edsticas diarias.<\/p>\n<\/li>\n<li data-start=\"1785\" data-end=\"1926\">\n<p data-start=\"1788\" data-end=\"1926\"><strong data-start=\"1788\" data-end=\"1818\">Alternativa rentable<\/strong> Costos de inversi\u00f3n y mantenimiento m\u00e1s bajos en comparaci\u00f3n con furgonetas o camiones, pero que todav\u00eda satisfacen las demandas log\u00edsticas.<\/p>\n<\/li>\n<li data-start=\"1927\" data-end=\"2025\">\n<p data-start=\"1930\" data-end=\"2025\"><strong data-start=\"1930\" data-end=\"1954\">Alta maniobrabilidad<\/strong> El peque\u00f1o tama\u00f1o del cuerpo permite entregas m\u00e1s r\u00e1pidas en \u00e1reas urbanas congestionadas.<\/p>\n<\/li>\n<\/ol>\n<h3 data-start=\"4923\" data-end=\"4947\">\u00a0 \u00a0 \u00a0 \u00a0 \u00a0 \u00a0 <img fetchpriority=\"high\" decoding=\"async\" class=\"alignnone size-medium wp-image-3771\" src=\"https:\/\/www.tairuiauto.com\/wp-content\/uploads\/2025\/09\/3-13-300x300.jpg\" alt=\"\" width=\"300\" height=\"300\" srcset=\"\" sizes=\"(max-width: 300px) 100vw, 300px\" data-srcset=\"\" \/>\u00a0 \u00a0 \u00a0 \u00a0 \u00a0 \u00a0<img decoding=\"async\" class=\"alignnone size-medium wp-image-3773\" src=\"https:\/\/www.tairuiauto.com\/wp-content\/uploads\/2025\/09\/6-8-300x300.jpg\" alt=\"\" width=\"300\" height=\"300\" srcset=\"\" sizes=\"(max-width: 300px) 100vw, 300px\" data-srcset=\"\" \/>\u00a0 \u00a0 \u00a0 \u00a0 \u00a0 \u00a0<img decoding=\"async\" class=\"alignnone size-medium wp-image-3770\" src=\"https:\/\/www.tairuiauto.com\/wp-content\/uploads\/2025\/09\/2-14-300x300.jpg\" alt=\"\" width=\"300\" height=\"300\" srcset=\"\" sizes=\"(max-width: 300px) 100vw, 300px\" data-srcset=\"\" \/><\/h3>\n<hr \/>\n<p>&nbsp;<\/p>\n<h3>Par\u00e1metros t\u00e9cnicos<\/h3>\n<ul data-start=\"2328\" data-end=\"2573\">\n<li data-start=\"2328\" data-end=\"2353\">\n<p data-start=\"2330\" data-end=\"2353\">Eje: Eje trasero dividido<\/p>\n<\/li>\n<li data-start=\"2354\" data-end=\"2419\">\n<p data-start=\"2356\" data-end=\"2419\">Frenos: Freno amortiguador delantero 31 \/ Freno de tambor trasero 130<\/p>\n<\/li>\n<li data-start=\"2420\" data-end=\"2488\">\n<p data-start=\"2422\" data-end=\"2488\">Suspension: Suspension frontal hidr\u00e1ulica \/ muelle de placa de acero trasera<\/p>\n<\/li>\n<li data-start=\"2489\" data-end=\"2519\">\n<p data-start=\"2491\" data-end=\"2519\">Neum\u00e1ticos: 300-12 delantero &amp; trasera<\/p>\n<\/li>\n<li data-start=\"2520\" data-end=\"2541\">\n<p data-start=\"2522\" data-end=\"2541\">Gradabilidad: 15\u00b0<\/p>\n<\/li>\n<li data-start=\"2542\" data-end=\"2573\">\n<p data-start=\"2544\" data-end=\"2573\">Luces: Bombilla grande est\u00e1ndar<\/p>\n<\/li>\n<\/ul>\n<h3 data-start=\"2575\" data-end=\"2590\">Materiales<\/h3>\n<p data-start=\"2591\" data-end=\"2695\">Marco de acero de alta resistencia, ruedas de hierro y componentes de suspensi\u00f3n reforzados para uso de carga pesada.<\/p>\n<h3 data-start=\"2697\" data-end=\"2713\">Apariencia<\/h3>\n<p data-start=\"2714\" data-end=\"2784\">Dise\u00f1o compacto, orientado a la carga, con estabilidad y practicidad.<\/p>\n<h3 data-start=\"2786\" data-end=\"2798\">Dise\u00f1o<\/h3>\n<p data-start=\"2799\" data-end=\"2893\">Construido para la eficiencia log\u00edstica, equilibrando la capacidad de carga con una estructura compacta para uso urbano.<\/p>\n<h3 data-start=\"2895\" data-end=\"2918\">Personalizaci\u00f3n OEM<\/h3>\n<p data-start=\"2919\" data-end=\"2991\">Disponible en diferentes opciones de caja de carga, colores y calcoman\u00edas de marca.<\/p>\n<h3 data-start=\"2993\" data-end=\"3014\">Control de calidad<\/h3>\n<p data-start=\"3015\" data-end=\"3105\">Producci\u00f3n certificada con estrictos controles de calidad, cumplimiento de la UE y pruebas de rendimiento.<\/p>\n<h3 data-start=\"3107\" data-end=\"3132\">Servicio posventa<\/h3>\n<p data-start=\"3133\" data-end=\"3210\">Piezas de repuesto, asistencia t\u00e9cnica y soporte de garant\u00eda disponibles en todo el mundo.<\/p>\n<h3 data-start=\"3212\" data-end=\"3236\">Campos de aplicaci\u00f3n<\/h3>\n<ul data-start=\"3237\" data-end=\"3358\">\n<li data-start=\"3237\" data-end=\"3263\">\n<p data-start=\"3239\" data-end=\"3263\">Servicio de entrega urbana<\/p>\n<\/li>\n<li data-start=\"3264\" data-end=\"3292\">\n<p data-start=\"3266\" data-end=\"3292\">Log\u00edstica para peque\u00f1as empresas<\/p>\n<\/li>\n<li data-start=\"3293\" data-end=\"3322\">\n<p data-start=\"3295\" data-end=\"3322\">Distribuci\u00f3n de bienes al por menor<\/p>\n<\/li>\n<li data-start=\"3323\" data-end=\"3358\">\n<p data-start=\"3325\" data-end=\"3358\">Entrega de mensajer\u00eda y comercio electr\u00f3nico<\/p>\n<\/li>\n<\/ul>\n<h3 data-start=\"3360\" data-end=\"3380\">M\u00e9todo de pago<\/h3>\n<p data-start=\"3381\" data-end=\"3443\">T\u00e9rminos de pago flexibles: T \/ T, L \/ C u otros acuerdos comerciales.<\/p>\n<h3 data-start=\"4923\" data-end=\"4947\"><\/h3>\n<hr \/>\n<p>&nbsp;<\/p>\n<h2>Preguntas frecuentes<\/h2>\n<p data-start=\"3455\" data-end=\"3512\"><strong data-start=\"3455\" data-end=\"3490\">Q1: \u00bfCu\u00e1l es la capacidad de carga?<\/strong><br data-start=\"3490\" data-end=\"3493\" \/>A1: Hasta 160 kg.<\/p>\n<p data-start=\"3514\" data-end=\"3616\"><strong data-start=\"3514\" data-end=\"3559\">Q2: \u00bfEst\u00e1 certificado para los mercados europeos?<\/strong><br data-start=\"3559\" data-end=\"3562\" \/>A2: S\u00ed, lleva certificaci\u00f3n de la UE para el cumplimiento.<\/p>\n<p data-start=\"3618\" data-end=\"3684\"><strong data-start=\"3618\" data-end=\"3662\">Q3: \u00bfCu\u00e1nto puede viajar en una carga?<\/strong><br data-start=\"3662\" data-end=\"3665\" \/>A3: Alrededor de 60 km.<\/p>\n<p data-start=\"3686\" data-end=\"3790\"><strong data-start=\"3686\" data-end=\"3727\">Q4: \u00bfQu\u00e9 tipo de carreteras puede manejar?<\/strong><br data-start=\"3727\" data-end=\"3730\" \/>A4: Dise\u00f1ado para calles urbanas, ligeras inclinaciones de hasta 15\u00b0.<\/p>","protected":false},"excerpt":{"rendered":"<p>El <strong data-start=\"4471\" data-end=\"4506\">1.1m Tricicleta de desplazamiento de ancianos<\/strong> es una soluci\u00f3n de movilidad dise\u00f1ada espec\u00edficamente para adultos mayores que buscan independencia, comodidad y viajes respetuosos con el medio ambiente. Equipado con un motor de 48V 500W, ruedas de hierro duraderas y suspensi\u00f3n hidr\u00e1ulica, este <em data-start=\"4701\" data-end=\"4732\">Tricicleta el\u00e9ctrica para personas mayores<\/em> equilibra la seguridad con el rendimiento pr\u00e1ctico de desplazamiento. Es un confiable <em data-start=\"4803\" data-end=\"4822\">movilidad triciclo<\/em> con un alcance de conducci\u00f3n de 60 km por carga, lo que permite a las personas mayores moverse libremente dentro de sus comunidades.<\/p>","protected":false},"featured_media":3774,"comment_status":"open","ping_status":"closed","template":"","meta":[],"product_brand":[],"product_cat":[78],"product_tag":[],"class_list":{"0":"post-3768","1":"product","2":"type-product","3":"status-publish","4":"has-post-thumbnail","6":"product_cat-electric-tricycle","8":"first","9":"instock","10":"sale","11":"shipping-taxable","12":"purchasable","13":"product-type-simple"},"_links":{"self":[{"href":"https:\/\/www.tairuiauto.com\/es\/wp-json\/wp\/v2\/product\/3768","targetHints":{"allow":["GET"]}}],"collection":[{"href":"https:\/\/www.tairuiauto.com\/es\/wp-json\/wp\/v2\/product"}],"about":[{"href":"https:\/\/www.tairuiauto.com\/es\/wp-json\/wp\/v2\/types\/product"}],"replies":[{"embeddable":true,"href":"https:\/\/www.tairuiauto.com\/es\/wp-json\/wp\/v2\/comments?post=3768"}],"wp:featuredmedia":[{"embeddable":true,"href":"https:\/\/www.tairuiauto.com\/es\/wp-json\/wp\/v2\/media\/3774"}],"wp:attachment":[{"href":"https:\/\/www.tairuiauto.com\/es\/wp-json\/wp\/v2\/media?parent=3768"}],"wp:term":[{"taxonomy":"product_brand","embeddable":true,"href":"https:\/\/www.tairuiauto.com\/es\/wp-json\/wp\/v2\/product_brand?post=3768"},{"taxonomy":"product_cat","embeddable":true,"href":"https:\/\/www.tairuiauto.com\/es\/wp-json\/wp\/v2\/product_cat?post=3768"},{"taxonomy":"product_tag","embeddable":true,"href":"https:\/\/www.tairuiauto.com\/es\/wp-json\/wp\/v2\/product_tag?post=3768"}],"curies":[{"name":"WP","href":"https:\/\/api.w.org\/{rel}","templated":true}]}}