{"id":3782,"date":"2025-09-18T09:28:51","date_gmt":"2025-09-18T01:28:51","guid":{"rendered":"https:\/\/www.tairuiauto.com\/?post_type=product&#038;p=3782"},"modified":"2025-09-18T10:43:19","modified_gmt":"2025-09-18T02:43:19","slug":"1-5m-freight-tricycle","status":"publish","type":"product","link":"https:\/\/www.tairuiauto.com\/es\/product\/1-5m-freight-tricycle\/","title":{"rendered":"Triciclo de carga de 1.5m"},"content":{"rendered":"<h3 data-start=\"228\" data-end=\"253\">Descripci\u00f3n del producto<\/h3>\n<p data-start=\"254\" data-end=\"839\">Con un motor de 48V a 800W, eje trasero integrado y suspensi\u00f3n reforzada, este veh\u00edculo el\u00e9ctrico de tres ruedas proporciona una excelente capacidad de carga y estabilidad.<\/p>\n<table style=\"border-collapse: collapse; width: 72.6091%; height: 577px;\" border=\"0\" width=\"688\" cellspacing=\"0\" cellpadding=\"0\">\n<tbody>\n<tr style=\"height: 20.00pt;\">\n<td class=\"et3\" style=\"height: 20pt; width: 40.3402%;\" width=\"321\" height=\"33\">modelo<\/td>\n<td class=\"et3\" style=\"width: 59.6598%;\" width=\"367\">Triciclo de carga de 1.5m<\/td>\n<\/tr>\n<tr style=\"height: 20.00pt;\">\n<td class=\"et4\" style=\"height: 20pt; width: 40.3402%;\" width=\"321\" height=\"33\">Tama\u00f1o general<\/td>\n<td class=\"et4\" style=\"width: 59.6598%;\" width=\"367\">2945 mm * 1050 mm * 1365 mm<\/td>\n<\/tr>\n<tr style=\"height: 20.00pt;\">\n<td class=\"et4\" style=\"height: 20pt; width: 40.3402%;\" width=\"321\" height=\"33\">Instrumento<\/td>\n<td class=\"et4\" style=\"width: 59.6598%;\" width=\"367\">Instrumento electr\u00f3nico con tablero de mando<\/td>\n<\/tr>\n<tr style=\"height: 20.00pt;\">\n<td class=\"et4\" style=\"height: 20pt; width: 40.3402%;\" width=\"321\" height=\"33\">Controlador<\/td>\n<td class=\"et4\" style=\"width: 59.6598%;\" width=\"367\">18 tubos<\/td>\n<\/tr>\n<tr style=\"height: 20.00pt;\">\n<td class=\"et4\" style=\"height: 20pt; width: 40.3402%;\" width=\"321\" height=\"33\">Eje trasero<\/td>\n<td class=\"et4\" style=\"width: 59.6598%;\" width=\"367\">Eje trasero integrado<\/td>\n<\/tr>\n<tr style=\"height: 20.00pt;\">\n<td class=\"et4\" style=\"height: 20pt; width: 40.3402%;\" width=\"321\" height=\"33\">Freno delantero<\/td>\n<td class=\"et4\" style=\"width: 59.6598%;\" width=\"367\">37 amortiguaci\u00f3n \/ freno delantero 110<\/td>\n<\/tr>\n<tr style=\"height: 20.00pt;\">\n<td class=\"et4\" style=\"height: 20pt; width: 40.3402%;\" width=\"321\" height=\"33\">Freno trasero<\/td>\n<td class=\"et4\" style=\"width: 59.6598%;\" width=\"367\">160 freno de tambor<\/td>\n<\/tr>\n<tr style=\"height: 20.00pt;\">\n<td class=\"et4\" style=\"height: 20pt; width: 40.3402%;\" width=\"321\" height=\"33\">Gradabilidad<\/td>\n<td class=\"et4\" style=\"width: 59.6598%;\" width=\"367\">15 \u00b0<\/td>\n<\/tr>\n<tr style=\"height: 20.00pt;\">\n<td class=\"et4\" style=\"height: 20pt; width: 40.3402%;\" width=\"321\" height=\"33\">Faros<\/td>\n<td class=\"et4\" style=\"width: 59.6598%;\" width=\"367\">Bombilla grande ordinaria<\/td>\n<\/tr>\n<tr style=\"height: 20.00pt;\">\n<td class=\"et4\" style=\"height: 20pt; width: 40.3402%;\" width=\"321\" height=\"33\">Capacidad de carga<\/td>\n<td class=\"et4\" style=\"width: 59.6598%;\" width=\"367\">175 kg<\/td>\n<\/tr>\n<tr style=\"height: 20.00pt;\">\n<td class=\"et4\" style=\"height: 20pt; width: 40.3402%;\" width=\"321\" height=\"33\">Rim<\/td>\n<td class=\"et4\" style=\"width: 59.6598%;\" width=\"367\">Rueda de hierro<\/td>\n<\/tr>\n<tr style=\"height: 20.00pt;\">\n<td class=\"et4\" style=\"height: 20pt; width: 40.3402%;\" width=\"321\" height=\"33\">E-motor<\/td>\n<td class=\"et4\" style=\"width: 59.6598%;\" width=\"367\">Cambio 48V800W<\/td>\n<\/tr>\n<tr style=\"height: 20.00pt;\">\n<td class=\"et4\" style=\"height: 20pt; width: 40.3402%;\" width=\"321\" height=\"33\">Suspensi\u00f3n frontal<\/td>\n<td class=\"et4\" style=\"width: 59.6598%;\" width=\"367\">Amortizador con hidr\u00e1ulico<\/td>\n<\/tr>\n<tr style=\"height: 20.00pt;\">\n<td class=\"et4\" style=\"height: 20pt; width: 40.3402%;\" width=\"321\" height=\"33\">Suspensi\u00f3n trasera<\/td>\n<td class=\"et4\" style=\"width: 59.6598%;\" width=\"367\">Absorci\u00f3n trasera del muelle de placa de acero reforzado<\/td>\n<\/tr>\n<tr style=\"height: 20.00pt;\">\n<td class=\"et4\" style=\"height: 20pt; width: 40.3402%;\" width=\"321\" height=\"33\">Velocidad m\u00e1xima<\/td>\n<td class=\"et4\" style=\"width: 59.6598%;\" width=\"367\">45 Km\/h<\/td>\n<\/tr>\n<tr style=\"height: 20.00pt;\">\n<td class=\"et4\" style=\"height: 20pt; width: 40.3402%;\" width=\"321\" height=\"33\">Neum\u00e1ticos (F\/R)<\/td>\n<td class=\"et4\" style=\"width: 59.6598%;\" width=\"367\">3.75-12\/3.75-12<\/td>\n<\/tr>\n<tr style=\"height: 20.00pt;\">\n<td class=\"et4\" style=\"height: 20pt; width: 40.3402%;\" width=\"321\" height=\"33\">Kilometraje por carga<\/td>\n<td class=\"et4\" style=\"width: 59.6598%;\" width=\"367\">65\/75<\/td>\n<\/tr>\n<tr style=\"height: 20.00pt;\">\n<td class=\"et4\" style=\"height: 20pt; width: 40.3402%;\" width=\"321\" height=\"33\">Bater\u00eda<\/td>\n<td class=\"et4\" style=\"width: 59.6598%;\" width=\"367\">Bater\u00eda sin mantenimiento de plomo-\u00e1cido 60v52A<\/td>\n<\/tr>\n<tr style=\"height: 20.00pt;\">\n<td class=\"et4\" style=\"height: 20pt; width: 40.3402%;\" width=\"321\" height=\"33\">Tiempo de carga<\/td>\n<td class=\"et4\" style=\"width: 59.6598%;\" width=\"367\">8-10 horas<\/td>\n<\/tr>\n<\/tbody>\n<\/table>\n<h3 data-start=\"4923\" data-end=\"4947\"><\/h3>\n<hr \/>\n<p>&nbsp;<\/p>\n<h3 data-start=\"841\" data-end=\"865\">Puntos clave de venta<\/h3>\n<ol data-start=\"866\" data-end=\"1414\">\n<li data-start=\"866\" data-end=\"1020\">\n<p data-start=\"869\" data-end=\"1020\"><strong data-start=\"869\" data-end=\"891\">Alta capacidad de carga<\/strong> \u2013 Dise\u00f1ado para llevar hasta 175 kg, este <em data-start=\"935\" data-end=\"960\">triciclo de carga el\u00e9ctrico<\/em> es perfecto para peque\u00f1as empresas y empresas log\u00edsticas.<\/p>\n<\/li>\n<li data-start=\"1021\" data-end=\"1167\">\n<p data-start=\"1024\" data-end=\"1167\"><strong data-start=\"1024\" data-end=\"1042\">Motor poderoso<\/strong> \u2013 Equipado con un motor de 48V 800W, este <em data-start=\"1082\" data-end=\"1111\">veh\u00edculo de carga de tres ruedas<\/em> asegura una aceleraci\u00f3n suave y una potencia de transporte estable.<\/p>\n<\/li>\n<li data-start=\"1168\" data-end=\"1292\">\n<p data-start=\"1171\" data-end=\"1292\"><strong data-start=\"1171\" data-end=\"1189\">Rango extendido<\/strong> Con hasta 75 km por carga, el <em data-start=\"1225\" data-end=\"1249\">trike de carga el\u00e9ctrica<\/em> proporciona un servicio m\u00e1s largo entre cargos.<\/p>\n<\/li>\n<li data-start=\"1293\" data-end=\"1414\">\n<p data-start=\"1296\" data-end=\"1414\"><strong data-start=\"1296\" data-end=\"1322\">Operaci\u00f3n Ecol\u00f3gica<\/strong> Una alternativa de cero emisiones a las bicicletas de carga a base de combustible, ideal para una log\u00edstica sostenible.<\/p>\n<\/li>\n<\/ol>\n<h3 data-start=\"4923\" data-end=\"4947\"><\/h3>\n<hr \/>\n<p>&nbsp;<\/p>\n<h3 data-start=\"1416\" data-end=\"1447\">Ventajas diferenciadas<\/h3>\n<ol data-start=\"1448\" data-end=\"1915\">\n<li data-start=\"1448\" data-end=\"1571\">\n<p data-start=\"1451\" data-end=\"1571\"><strong data-start=\"1451\" data-end=\"1474\">M\u00e1s grande y m\u00e1s fuerte<\/strong> En comparaci\u00f3n con los trikes de carga m\u00e1s peque\u00f1os, el modelo de 1,5 m soporta cargas \u00fatiles m\u00e1s pesadas y viajes m\u00e1s largos.<\/p>\n<\/li>\n<li data-start=\"1572\" data-end=\"1700\">\n<p data-start=\"1575\" data-end=\"1700\"><strong data-start=\"1575\" data-end=\"1599\">Construcci\u00f3n duradera<\/strong> La suspensi\u00f3n hidr\u00e1ulica y la suspensi\u00f3n trasera de placa de acero reforzada garantizan una fiabilidad duradera.<\/p>\n<\/li>\n<li data-start=\"1701\" data-end=\"1787\">\n<p data-start=\"1704\" data-end=\"1787\"><strong data-start=\"1704\" data-end=\"1728\">Eje trasero integrado<\/strong> \u2013 Proporciona un mejor equilibrio y un manejo de carga m\u00e1s suave.<\/p>\n<\/li>\n<li data-start=\"1788\" data-end=\"1915\">\n<p data-start=\"1791\" data-end=\"1915\"><strong data-start=\"1791\" data-end=\"1819\">Transporte rentable<\/strong> Reduce los costos operativos en comparaci\u00f3n con furgonetas o camiones, mientras cubre las demandas log\u00edsticas de la ciudad.<\/p>\n<\/li>\n<\/ol>\n<h3 data-start=\"4923\" data-end=\"4947\">\u00a0 \u00a0 \u00a0 \u00a0 \u00a0 \u00a0<img fetchpriority=\"high\" decoding=\"async\" class=\"alignnone size-medium wp-image-3792\" src=\"https:\/\/www.tairuiauto.com\/wp-content\/uploads\/2025\/09\/5-15-300x300.jpg\" alt=\"Triciclo de carga de 1.5m\" width=\"300\" height=\"300\" srcset=\"\" sizes=\"(max-width: 300px) 100vw, 300px\" data-srcset=\"\" \/>\u00a0 \u00a0 \u00a0 \u00a0 \u00a0 \u00a0<img decoding=\"async\" class=\"alignnone size-medium wp-image-3790\" src=\"https:\/\/www.tairuiauto.com\/wp-content\/uploads\/2025\/09\/3-15-300x300.jpg\" alt=\"\" width=\"300\" height=\"300\" srcset=\"\" sizes=\"(max-width: 300px) 100vw, 300px\" data-srcset=\"\" \/>\u00a0 \u00a0 \u00a0 \u00a0 \u00a0 \u00a0<img decoding=\"async\" class=\"alignnone size-medium wp-image-3791\" src=\"https:\/\/www.tairuiauto.com\/wp-content\/uploads\/2025\/09\/4-14-300x300.jpg\" alt=\"\" width=\"300\" height=\"300\" srcset=\"\" sizes=\"(max-width: 300px) 100vw, 300px\" data-srcset=\"\" \/><\/h3>\n<hr \/>\n<p>&nbsp;<\/p>\n<h3 data-start=\"2147\" data-end=\"2173\">Par\u00e1metros t\u00e9cnicos<\/h3>\n<ul data-start=\"2174\" data-end=\"2432\">\n<li data-start=\"2174\" data-end=\"2198\">\n<p data-start=\"2176\" data-end=\"2198\">Controlador: 18 tubos<\/p>\n<\/li>\n<li data-start=\"2199\" data-end=\"2264\">\n<p data-start=\"2201\" data-end=\"2264\">Frenos: Freno amortiguador delantero 37 \/ Freno de tambor trasero 160<\/p>\n<\/li>\n<li data-start=\"2265\" data-end=\"2295\">\n<p data-start=\"2267\" data-end=\"2295\">Eje trasero: Tipo integrado<\/p>\n<\/li>\n<li data-start=\"2296\" data-end=\"2327\">\n<p data-start=\"2298\" data-end=\"2327\">Neum\u00e1ticos: 3.75-12 delantero &amp; trasera<\/p>\n<\/li>\n<li data-start=\"2328\" data-end=\"2385\">\n<p data-start=\"2330\" data-end=\"2385\">Suspension: Muelle de placa de acero reforzado hidr\u00e1ulico<\/p>\n<\/li>\n<li data-start=\"2386\" data-end=\"2400\">\n<p data-start=\"2388\" data-end=\"2400\">Escalada: 15\u00b0<\/p>\n<\/li>\n<li data-start=\"2401\" data-end=\"2432\">\n<p data-start=\"2403\" data-end=\"2432\">Luces: Bombilla grande est\u00e1ndar<\/p>\n<\/li>\n<\/ul>\n<p>&nbsp;<\/p>\n<h3 data-start=\"2434\" data-end=\"2449\">Materiales<\/h3>\n<p data-start=\"2450\" data-end=\"2504\">Marco de acero, ruedas de hierro y suspensi\u00f3n pesada.<\/p>\n<p data-start=\"2450\" data-end=\"2504\">\n<h3 data-start=\"2506\" data-end=\"2522\">Apariencia<\/h3>\n<p data-start=\"2523\" data-end=\"2584\">Dise\u00f1o compacto pero robusto, optimizado para el transporte de mercanc\u00edas.<\/p>\n<p data-start=\"2523\" data-end=\"2584\">\n<h3 data-start=\"2586\" data-end=\"2598\">Dise\u00f1o<\/h3>\n<p data-start=\"2599\" data-end=\"2665\">Centrado en la utilidad con estabilidad y amplio rango para la log\u00edstica.<\/p>\n<p data-start=\"2599\" data-end=\"2665\">\n<h3 data-start=\"2667\" data-end=\"2690\">Personalizaci\u00f3n OEM<\/h3>\n<p data-start=\"2691\" data-end=\"2748\">Caja de carga personalizable, marca y colores disponibles.<\/p>\n<p data-start=\"2691\" data-end=\"2748\">\n<h3 data-start=\"2750\" data-end=\"2771\">Control de calidad<\/h3>\n<p data-start=\"2772\" data-end=\"2859\">Pruebas de f\u00e1brica con inspecciones estrictas, controles de durabilidad y certificaciones de seguridad.<\/p>\n<p data-start=\"2772\" data-end=\"2859\">\n<h3 data-start=\"2861\" data-end=\"2886\">Servicio posventa<\/h3>\n<p data-start=\"2887\" data-end=\"2941\">Garant\u00eda, piezas de repuesto y soporte t\u00e9cnico global.<\/p>\n<p data-start=\"2887\" data-end=\"2941\">\n<h3 data-start=\"2943\" data-end=\"2967\">Campos de aplicaci\u00f3n<\/h3>\n<ul data-start=\"2968\" data-end=\"3068\">\n<li data-start=\"2968\" data-end=\"2996\">\n<p data-start=\"2970\" data-end=\"2996\">Log\u00edstica para peque\u00f1as empresas<\/p>\n<\/li>\n<li data-start=\"2997\" data-end=\"3019\">\n<p data-start=\"2999\" data-end=\"3019\">Entrega de \u00faltima milla<\/p>\n<\/li>\n<li data-start=\"3020\" data-end=\"3042\">\n<p data-start=\"3022\" data-end=\"3042\">Cadena de suministro urbana<\/p>\n<\/li>\n<li data-start=\"3043\" data-end=\"3068\">\n<p data-start=\"3045\" data-end=\"3068\">Entregas de comercio electr\u00f3nico<\/p>\n<\/li>\n<\/ul>\n<p>&nbsp;<\/p>\n<h3 data-start=\"3070\" data-end=\"3090\">M\u00e9todo de pago<\/h3>\n<p data-start=\"3091\" data-end=\"3157\">Las opciones incluyen T \/ T, L \/ C y otros m\u00e9todos de comercio internacional.<\/p>\n<h3 data-start=\"4923\" data-end=\"4947\"><\/h3>\n<hr \/>\n<p>&nbsp;<\/p>\n<h3 data-start=\"3159\" data-end=\"3168\">Preguntas frecuentes<\/h3>\n<p data-start=\"3169\" data-end=\"3228\"><strong data-start=\"3169\" data-end=\"3206\">Q1: \u00bfCu\u00e1nto peso puede llevar?<\/strong><br data-start=\"3206\" data-end=\"3209\" \/>A1: Hasta 175 kg.<\/p>\n<p data-start=\"3230\" data-end=\"3292\"><strong data-start=\"3230\" data-end=\"3266\">Q2: \u00bfCu\u00e1nto tiempo dura la carga?<\/strong><br data-start=\"3266\" data-end=\"3269\" \/>A2: Aproximadamente 8-10 horas.<\/p>\n<p data-start=\"3294\" data-end=\"3349\"><strong data-start=\"3294\" data-end=\"3331\">Q3: \u00bfCu\u00e1l es el rango por carga?<\/strong><br data-start=\"3331\" data-end=\"3334\" \/>A3: 65-75 km.<\/p>\n<p data-start=\"3351\" data-end=\"3424\"><strong data-start=\"3351\" data-end=\"3390\">Q4: \u00bfEs adecuado para carreteras empinadas?<\/strong><br data-start=\"3390\" data-end=\"3393\" \/>A4: S\u00ed, sube hasta 15\u00b0.<\/p>","protected":false},"excerpt":{"rendered":"<p>El <strong data-start=\"258\" data-end=\"283\">Triciclo de carga de 1.5m<\/strong> es una potente soluci\u00f3n de carga el\u00e9ctrica construida para log\u00edstica urbana y rural. Con un motor de 48V a 800W, eje trasero integrado y suspensi\u00f3n reforzada, este veh\u00edculo el\u00e9ctrico de tres ruedas proporciona una excelente capacidad de carga y estabilidad. Su tama\u00f1o de cuerpo m\u00e1s grande de 1,5 m permite una mayor capacidad de carga, lo que lo convierte en un ideal <em data-start=\"598\" data-end=\"625\">triciclo de carga el\u00e9ctrica<\/em> para peque\u00f1as empresas, entrega de comercio electr\u00f3nico y cadenas de suministro urbanas. Con una velocidad m\u00e1xima de 45 km\/h y un rango de 65-75 km por carga, este <em data-start=\"760\" data-end=\"782\">trike de carga el\u00e9ctrica<\/em> equilibra eficiencia, durabilidad y respeto con el medio ambiente.<\/p>","protected":false},"featured_media":3793,"comment_status":"open","ping_status":"closed","template":"","meta":[],"product_brand":[],"product_cat":[78],"product_tag":[],"class_list":{"0":"post-3782","1":"product","2":"type-product","3":"status-publish","4":"has-post-thumbnail","6":"product_cat-electric-tricycle","8":"first","9":"instock","10":"sale","11":"shipping-taxable","12":"purchasable","13":"product-type-simple"},"_links":{"self":[{"href":"https:\/\/www.tairuiauto.com\/es\/wp-json\/wp\/v2\/product\/3782","targetHints":{"allow":["GET"]}}],"collection":[{"href":"https:\/\/www.tairuiauto.com\/es\/wp-json\/wp\/v2\/product"}],"about":[{"href":"https:\/\/www.tairuiauto.com\/es\/wp-json\/wp\/v2\/types\/product"}],"replies":[{"embeddable":true,"href":"https:\/\/www.tairuiauto.com\/es\/wp-json\/wp\/v2\/comments?post=3782"}],"wp:featuredmedia":[{"embeddable":true,"href":"https:\/\/www.tairuiauto.com\/es\/wp-json\/wp\/v2\/media\/3793"}],"wp:attachment":[{"href":"https:\/\/www.tairuiauto.com\/es\/wp-json\/wp\/v2\/media?parent=3782"}],"wp:term":[{"taxonomy":"product_brand","embeddable":true,"href":"https:\/\/www.tairuiauto.com\/es\/wp-json\/wp\/v2\/product_brand?post=3782"},{"taxonomy":"product_cat","embeddable":true,"href":"https:\/\/www.tairuiauto.com\/es\/wp-json\/wp\/v2\/product_cat?post=3782"},{"taxonomy":"product_tag","embeddable":true,"href":"https:\/\/www.tairuiauto.com\/es\/wp-json\/wp\/v2\/product_tag?post=3782"}],"curies":[{"name":"WP","href":"https:\/\/api.w.org\/{rel}","templated":true}]}}