{"id":3796,"date":"2025-09-19T08:13:37","date_gmt":"2025-09-19T00:13:37","guid":{"rendered":"https:\/\/www.tairuiauto.com\/?post_type=product&#038;p=3796"},"modified":"2025-09-19T08:32:18","modified_gmt":"2025-09-19T00:32:18","slug":"1-6m-freight-tricycle","status":"publish","type":"product","link":"https:\/\/www.tairuiauto.com\/es\/product\/1-6m-freight-tricycle\/","title":{"rendered":"Triciclo de carga de 1.6m"},"content":{"rendered":"<h3 data-start=\"226\" data-end=\"251\">Descripci\u00f3n del producto<\/h3>\n<p data-start=\"252\" data-end=\"747\">Con un fuerte motor de 60V 800W, absorci\u00f3n de golpes hidr\u00e1ulicos y suspensi\u00f3n de placa de acero reforzada, este <em data-start=\"509\" data-end=\"536\">triciclo de carga el\u00e9ctrica<\/em> est\u00e1 construido para la fiabilidad tanto en las operaciones de entrega urbanas como rurales.<\/p>\n<table style=\"border-collapse: collapse; width: 76.4857%; height: 765px;\" border=\"0\" width=\"698\" cellspacing=\"0\" cellpadding=\"0\">\n<tbody>\n<tr style=\"height: 20.00pt;\">\n<td class=\"et3\" style=\"height: 20pt; width: 39.1003%;\" width=\"351\" height=\"33\">modelo<\/td>\n<td class=\"et3\" style=\"width: 60.8997%;\" width=\"347\">Triciclo de carga de 1.6m<\/td>\n<\/tr>\n<tr style=\"height: 20.00pt;\">\n<td class=\"et4\" style=\"height: 20pt; width: 39.1003%;\" width=\"351\" height=\"33\">Dimensiones totales del veh\u00edculo (mm)<\/td>\n<td class=\"et4\" style=\"width: 60.8997%;\" width=\"347\">3080*1148*1350<\/td>\n<\/tr>\n<tr style=\"height: 20.00pt;\">\n<td class=\"et4\" style=\"height: 20pt; width: 39.1003%;\" width=\"351\" height=\"33\">Panel de control<\/td>\n<td class=\"et4\" style=\"width: 60.8997%;\" width=\"347\">Panel de instrumentos LCD<\/td>\n<\/tr>\n<tr style=\"height: 20.00pt;\">\n<td class=\"et4\" style=\"height: 20pt; width: 39.1003%;\" width=\"351\" height=\"33\">controlador del motor<\/td>\n<td class=\"et4\" style=\"width: 60.8997%;\" width=\"347\">Controlador de tubo 18<\/td>\n<\/tr>\n<tr style=\"height: 20.00pt;\">\n<td class=\"et4\" style=\"height: 20pt; width: 39.1003%;\" width=\"351\" height=\"33\">eje trasero<\/td>\n<td class=\"et4\" style=\"width: 60.8997%;\" width=\"347\">Eje trasero integrado<\/td>\n<\/tr>\n<tr style=\"height: 20.00pt;\">\n<td class=\"et4\" style=\"height: 20pt; width: 39.1003%;\" width=\"351\" height=\"33\">Freno delantero<\/td>\n<td class=\"et4\" style=\"width: 60.8997%;\" width=\"347\">33 Absorci\u00f3n\/freno delantero 110<\/td>\n<\/tr>\n<tr style=\"height: 20.00pt;\">\n<td class=\"et4\" style=\"height: 20pt; width: 39.1003%;\" width=\"351\" height=\"33\">freno trasero<\/td>\n<td class=\"et4\" style=\"width: 60.8997%;\" width=\"347\">160 tambor de freno<\/td>\n<\/tr>\n<tr style=\"height: 20.00pt;\">\n<td class=\"et4\" style=\"height: 20pt; width: 39.1003%;\" width=\"351\" height=\"33\">\u00c1ngulo de escalada<\/td>\n<td class=\"et4\" style=\"width: 60.8997%;\" width=\"347\">15 \u00b0<\/td>\n<\/tr>\n<tr style=\"height: 20.00pt;\">\n<td class=\"et4\" style=\"height: 20pt; width: 39.1003%;\" width=\"351\" height=\"33\">Faros delanteros<\/td>\n<td class=\"et4\" style=\"width: 60.8997%;\" width=\"347\">led<\/td>\n<\/tr>\n<tr style=\"height: 20.00pt;\">\n<td class=\"et4\" style=\"height: 20pt; width: 39.1003%;\" width=\"351\" height=\"33\">Liberaci\u00f3n de tierra<\/td>\n<td class=\"et4\" style=\"width: 60.8997%;\" width=\"347\">140mm<\/td>\n<\/tr>\n<tr style=\"height: 20.00pt;\">\n<td class=\"et4\" style=\"height: 20pt; width: 39.1003%;\" width=\"351\" height=\"33\">peso<\/td>\n<td class=\"et4\" style=\"width: 60.8997%;\" width=\"347\">220 kg<\/td>\n<\/tr>\n<tr style=\"height: 20.00pt;\">\n<td class=\"et4\" style=\"height: 20pt; width: 39.1003%;\" width=\"351\" height=\"33\">carga<\/td>\n<td class=\"et4\" style=\"width: 60.8997%;\" width=\"347\">500 kg<\/td>\n<\/tr>\n<tr style=\"height: 28.00pt;\">\n<td class=\"et4\" style=\"height: 28pt; width: 39.1003%;\" width=\"351\" height=\"46\">Opcional<\/td>\n<td class=\"et4\" style=\"width: 60.8997%;\" width=\"347\">Opcional: amortiguador, motor, controlador, neum\u00e1ticos, eje trasero<\/td>\n<\/tr>\n<tr style=\"height: 20.00pt;\">\n<td class=\"et4\" style=\"height: 20pt; width: 39.1003%;\" width=\"351\" height=\"33\">cubo de rueda<\/td>\n<td class=\"et4\" style=\"width: 60.8997%;\" width=\"347\">cubo de rueda<\/td>\n<\/tr>\n<tr style=\"height: 20.00pt;\">\n<td class=\"et4\" style=\"height: 20pt; width: 39.1003%;\" width=\"351\" height=\"33\">motor<\/td>\n<td class=\"et4\" style=\"width: 60.8997%;\" width=\"347\">motor 60v800w<\/td>\n<\/tr>\n<tr style=\"height: 20.00pt;\">\n<td class=\"et4\" style=\"height: 20pt; width: 39.1003%;\" width=\"351\" height=\"33\">Amortizador frontal<\/td>\n<td class=\"et4\" style=\"width: 60.8997%;\" width=\"347\">Amortizador hidr\u00e1ulico<\/td>\n<\/tr>\n<tr style=\"height: 20.00pt;\">\n<td class=\"et4\" style=\"height: 20pt; width: 39.1003%;\" width=\"351\" height=\"33\">Suspensi\u00f3n trasera<\/td>\n<td class=\"et4\" style=\"width: 60.8997%;\" width=\"347\">Muelle de placa de acero reforzado de amortiguaci\u00f3n trasera<\/td>\n<\/tr>\n<tr style=\"height: 20.00pt;\">\n<td class=\"et4\" style=\"height: 20pt; width: 39.1003%;\" width=\"351\" height=\"33\">velocidad m\u00e1xima<\/td>\n<td class=\"et4\" style=\"width: 60.8997%;\" width=\"347\">36km\/h<\/td>\n<\/tr>\n<tr style=\"height: 20.00pt;\">\n<td class=\"et4\" style=\"height: 20pt; width: 39.1003%;\" width=\"351\" height=\"33\">Neum\u00e1ticos delanteros y traseros<\/td>\n<td class=\"et4\" style=\"width: 60.8997%;\" width=\"347\">F375-12 \/ R375-12<\/td>\n<\/tr>\n<tr style=\"height: 20.00pt;\">\n<td class=\"et4\" style=\"height: 20pt; width: 39.1003%;\" width=\"351\" height=\"33\">resistencia<\/td>\n<td class=\"et4\" style=\"width: 60.8997%;\" width=\"347\">45 kil\u00f3metros<\/td>\n<\/tr>\n<tr style=\"height: 20.00pt;\">\n<td class=\"et4\" style=\"height: 20pt; width: 39.1003%;\" width=\"351\" height=\"33\">Bater\u00eda<\/td>\n<td class=\"et4\" style=\"width: 60.8997%;\" width=\"347\">60V52A<\/td>\n<\/tr>\n<tr style=\"height: 20.00pt;\">\n<td class=\"et4\" style=\"height: 20pt; width: 39.1003%;\" width=\"351\" height=\"33\">color<\/td>\n<td class=\"et4\" style=\"width: 60.8997%;\" width=\"347\">Azul, Verde, Plata, Rojo<\/td>\n<\/tr>\n<tr style=\"height: 28.00pt;\">\n<td class=\"et4\" style=\"height: 28pt; width: 39.1003%;\" width=\"351\" height=\"46\">Certificaci\u00f3n<\/td>\n<td class=\"et5\" style=\"width: 60.8997%;\" width=\"347\"><span class=\"font3\">Calificaci\u00f3n de producci\u00f3n de nivel nacional 1<\/span><span class=\"font2\">, CCC<\/span><\/td>\n<\/tr>\n<tr style=\"height: 20.00pt;\">\n<td class=\"et4\" style=\"height: 20pt; width: 39.1003%;\" width=\"351\" height=\"33\">Tiempo de carga<\/td>\n<td class=\"et4\" style=\"width: 60.8997%;\" width=\"347\">6-8 horas<\/td>\n<\/tr>\n<tr style=\"height: 20.00pt;\">\n<td class=\"et4\" style=\"height: 20pt; width: 39.1003%;\" width=\"351\" height=\"33\">Cargando en 40HQ<\/td>\n<td class=\"et4\" style=\"width: 60.8997%;\" width=\"347\">SKD 32<\/td>\n<\/tr>\n<\/tbody>\n<\/table>\n<h3 data-start=\"4923\" data-end=\"4947\"><\/h3>\n<hr \/>\n<p>&nbsp;<\/p>\n<h3 data-start=\"749\" data-end=\"773\">Puntos clave de venta<\/h3>\n<ol data-start=\"774\" data-end=\"1329\">\n<li data-start=\"774\" data-end=\"914\">\n<p data-start=\"777\" data-end=\"914\"><strong data-start=\"777\" data-end=\"800\">Gran capacidad de carga<\/strong> Con una carga m\u00e1xima de 500 kg, esta <em data-start=\"839\" data-end=\"866\">triciclo de carga el\u00e9ctrica<\/em> Apoya la log\u00edstica comercial e industrial.<\/p>\n<\/li>\n<li data-start=\"915\" data-end=\"1061\">\n<p data-start=\"918\" data-end=\"1061\"><strong data-start=\"918\" data-end=\"940\">Powertrain duradero<\/strong> \u2013 El motor 60V 800W proporciona un par constante, haciendo que esto <em data-start=\"998\" data-end=\"1025\">veh\u00edculo de carga de tres ruedas<\/em> adecuado para carreteras monta\u00f1osas o concurridas.<\/p>\n<\/li>\n<li data-start=\"1062\" data-end=\"1196\">\n<p data-start=\"1065\" data-end=\"1196\"><strong data-start=\"1065\" data-end=\"1086\">Suspensi\u00f3n resistente<\/strong> Los amortiguadores frontales hidr\u00e1ulicos y la suspensi\u00f3n trasera de acero reforzado mejoran la estabilidad bajo cargas pesadas.<\/p>\n<\/li>\n<li data-start=\"1197\" data-end=\"1329\">\n<p data-start=\"1200\" data-end=\"1329\"><strong data-start=\"1200\" data-end=\"1226\">Transporte Ecol\u00f3gico<\/strong> \u2013 Una alternativa cero emisiones a los camiones, este <em data-start=\"1273\" data-end=\"1295\">trike de carga el\u00e9ctrica<\/em> Promueve la log\u00edstica sostenible.<\/p>\n<\/li>\n<\/ol>\n<h3 data-start=\"4923\" data-end=\"4947\"><\/h3>\n<hr \/>\n<p>&nbsp;<\/p>\n<h3 data-start=\"1331\" data-end=\"1362\">Ventajas diferenciadas<\/h3>\n<ol data-start=\"1363\" data-end=\"1816\">\n<li data-start=\"1363\" data-end=\"1465\">\n<p data-start=\"1366\" data-end=\"1465\"><strong data-start=\"1366\" data-end=\"1400\">Estabilidad del eje trasero integrado<\/strong> Garantiza equilibrio y conducci\u00f3n suave, incluso bajo carga m\u00e1xima.<\/p>\n<\/li>\n<li data-start=\"1466\" data-end=\"1559\">\n<p data-start=\"1469\" data-end=\"1559\"><strong data-start=\"1469\" data-end=\"1494\">Durabilidad pesada<\/strong> \u2013 220 kg de peso del marco proporciona resistencia contra el desgaste.<\/p>\n<\/li>\n<li data-start=\"1560\" data-end=\"1692\">\n<p data-start=\"1563\" data-end=\"1692\"><strong data-start=\"1563\" data-end=\"1592\">Caracter\u00edsticas de seguridad optimizadas<\/strong> \u2013 Faros LED, distancia desde el suelo de 140 mm y frenos de tambor fiables aumentan la confianza del operador.<\/p>\n<\/li>\n<li data-start=\"1693\" data-end=\"1816\">\n<p data-start=\"1696\" data-end=\"1816\"><strong data-start=\"1696\" data-end=\"1716\">Opciones flexibles<\/strong> \u2013 Disponible en m\u00faltiples colores con actualizaciones opcionales para amortiguadores, controladores y ejes.<\/p>\n<\/li>\n<\/ol>\n<h3 data-start=\"4923\" data-end=\"4947\"><\/h3>\n<hr \/>\n<p>&nbsp;<\/p>\n<h3 data-start=\"2052\" data-end=\"2078\">Par\u00e1metros t\u00e9cnicos<\/h3>\n<ul data-start=\"2079\" data-end=\"2343\">\n<li data-start=\"2079\" data-end=\"2113\">\n<p data-start=\"2081\" data-end=\"2113\">Controlador: controlador de 18 tubos<\/p>\n<\/li>\n<li data-start=\"2114\" data-end=\"2144\">\n<p data-start=\"2116\" data-end=\"2144\">Eje trasero: Tipo integrado<\/p>\n<\/li>\n<li data-start=\"2145\" data-end=\"2199\">\n<p data-start=\"2147\" data-end=\"2199\">Freno delantero: 33 amortiguaci\u00f3n \/ 110 freno delantero<\/p>\n<\/li>\n<li data-start=\"2200\" data-end=\"2230\">\n<p data-start=\"2202\" data-end=\"2230\">Freno trasero: 160 freno de tambor<\/p>\n<\/li>\n<li data-start=\"2231\" data-end=\"2259\">\n<p data-start=\"2233\" data-end=\"2259\">Neum\u00e1ticos: F375-12 \/ R375-12<\/p>\n<\/li>\n<li data-start=\"2260\" data-end=\"2285\">\n<p data-start=\"2262\" data-end=\"2285\">Capacidad de escalada: 15\u00b0<\/p>\n<\/li>\n<li data-start=\"2286\" data-end=\"2314\">\n<p data-start=\"2288\" data-end=\"2314\">Iluminaci\u00f3n: faros led<\/p>\n<\/li>\n<li data-start=\"2315\" data-end=\"2343\">\n<p data-start=\"2317\" data-end=\"2343\">Tiempo de carga: 6-8 horas<\/p>\n<\/li>\n<\/ul>\n<h3 data-start=\"2345\" data-end=\"2360\">Materiales<\/h3>\n<p data-start=\"2361\" data-end=\"2450\">Marco de acero de alta resistencia, suspensi\u00f3n trasera de acero reforzado y cubos de ruedas pesadas.<\/p>\n<h3 data-start=\"2452\" data-end=\"2468\">Apariencia<\/h3>\n<p data-start=\"2469\" data-end=\"2570\">Un dise\u00f1o robusto y profesional optimizado para cargas de carga, disponible en azul, verde, plata y rojo.<\/p>\n<h3 data-start=\"2572\" data-end=\"2584\">Dise\u00f1o<\/h3>\n<p data-start=\"2585\" data-end=\"2690\">El dise\u00f1o de carrocer\u00eda ancha garantiza la estabilidad al tiempo que ofrece una gran capacidad de carga en la movilidad compacta de tres ruedas.<\/p>\n<h3 data-start=\"2692\" data-end=\"2715\">Personalizaci\u00f3n OEM<\/h3>\n<p data-start=\"2716\" data-end=\"2800\">Personalizable en tipo de caja de carga, colores, calcoman\u00edas y opciones reforzadas adicionales.<\/p>\n<h3 data-start=\"2802\" data-end=\"2823\">Control de calidad<\/h3>\n<p data-start=\"2824\" data-end=\"2895\">Certificaci\u00f3n nacional de producci\u00f3n de nivel 1 con garant\u00eda de calidad CCC.<\/p>\n<h3 data-start=\"2897\" data-end=\"2922\">Servicio posventa<\/h3>\n<p data-start=\"2923\" data-end=\"2999\">Cobertura global de garant\u00eda, soporte t\u00e9cnico y disponibilidad de piezas de repuesto.<\/p>\n<h3 data-start=\"3001\" data-end=\"3025\">Campos de aplicaci\u00f3n<\/h3>\n<ul data-start=\"3026\" data-end=\"3178\">\n<li data-start=\"3026\" data-end=\"3066\">\n<p data-start=\"3028\" data-end=\"3066\">Transporte de mercanc\u00edas al por mayor y al por menor<\/p>\n<\/li>\n<li data-start=\"3067\" data-end=\"3102\">\n<p data-start=\"3069\" data-end=\"3102\">Servicios de comercio electr\u00f3nico y mensajer\u00eda<\/p>\n<\/li>\n<li data-start=\"3103\" data-end=\"3140\">\n<p data-start=\"3105\" data-end=\"3140\">Distribuci\u00f3n de productos agr\u00edcolas<\/p>\n<\/li>\n<li data-start=\"3141\" data-end=\"3178\">\n<p data-start=\"3143\" data-end=\"3178\">Suministro de materiales para el sitio de construcci\u00f3n<\/p>\n<\/li>\n<\/ul>\n<h3 data-start=\"3180\" data-end=\"3200\">M\u00e9todo de pago<\/h3>\n<p data-start=\"3201\" data-end=\"3267\">Pagos internacionales flexibles: T \/ T, L \/ C o negociaci\u00f3n comercial.<\/p>\n<h3 data-start=\"4923\" data-end=\"4947\">\u00a0 \u00a0 \u00a0 <img fetchpriority=\"high\" decoding=\"async\" class=\"alignnone size-medium wp-image-3801\" src=\"https:\/\/www.tairuiauto.com\/wp-content\/uploads\/2025\/09\/5-16-300x300.jpg\" alt=\"\" width=\"300\" height=\"300\" srcset=\"\" sizes=\"(max-width: 300px) 100vw, 300px\" data-srcset=\"\" \/>\u00a0 \u00a0 \u00a0 \u00a0 \u00a0\u00a0 <img decoding=\"async\" class=\"alignnone size-medium wp-image-3799\" src=\"https:\/\/www.tairuiauto.com\/wp-content\/uploads\/2025\/09\/3-16-300x300.jpg\" alt=\"\" width=\"300\" height=\"300\" srcset=\"\" sizes=\"(max-width: 300px) 100vw, 300px\" data-srcset=\"\" \/>\u00a0 \u00a0 \u00a0 \u00a0 \u00a0 \u00a0<img decoding=\"async\" class=\"alignnone size-medium wp-image-3800\" src=\"https:\/\/www.tairuiauto.com\/wp-content\/uploads\/2025\/09\/4-15-300x300.jpg\" alt=\"\" width=\"300\" height=\"300\" srcset=\"\" sizes=\"(max-width: 300px) 100vw, 300px\" data-srcset=\"\" \/><\/h3>\n<hr \/>\n<p>&nbsp;<\/p>\n<h3 data-start=\"3269\" data-end=\"3278\">Preguntas frecuentes<\/h3>\n<p data-start=\"3279\" data-end=\"3346\"><strong data-start=\"3279\" data-end=\"3309\">Q1: \u00bfCu\u00e1nto puede llevar?<\/strong><br data-start=\"3309\" data-end=\"3312\" \/>A1: La carga \u00fatil es de hasta 500 kg.<\/p>\n<p data-start=\"3348\" data-end=\"3410\"><strong data-start=\"3348\" data-end=\"3389\">Q2: \u00bfCu\u00e1l es la resistencia por carga?<\/strong><br data-start=\"3389\" data-end=\"3392\" \/>A2: Aproximadamente 45 km.<\/p>\n<p data-start=\"3412\" data-end=\"3471\"><strong data-start=\"3412\" data-end=\"3452\">Q3: \u00bfCu\u00e1nto tiempo se tarda en cargar?<\/strong><br data-start=\"3452\" data-end=\"3455\" \/>A3: 6-8 horas.<\/p>\n<p data-start=\"3473\" data-end=\"3579\"><strong data-start=\"3473\" data-end=\"3508\">Q4: \u00bfPuedo personalizar el dise\u00f1o?<\/strong><br data-start=\"3508\" data-end=\"3511\" \/>A4: S\u00ed, la personalizaci\u00f3n del OEM est\u00e1 disponible para la marca y las actualizaciones.<\/p>","protected":false},"excerpt":{"rendered":"<p>El <strong data-start=\"256\" data-end=\"281\">Triciclo de carga de 1.6m<\/strong> es una soluci\u00f3n de carga el\u00e9ctrica robusta dise\u00f1ada para empresas que requieren un rendimiento de transporte potente en un formato compacto. Con un fuerte motor de 60V 800W, absorci\u00f3n de golpes hidr\u00e1ulicos y suspensi\u00f3n de placa de acero reforzada, este <em data-start=\"509\" data-end=\"536\">triciclo de carga el\u00e9ctrica<\/em> est\u00e1 construido para la fiabilidad tanto en las operaciones de entrega urbanas como rurales. Su cuerpo ancho de 1,6 m permite una impresionante capacidad de carga de 500 kg, mientras que su resistencia de 45 km por carga garantiza ciclos log\u00edsticos sin problemas.<\/p>","protected":false},"featured_media":3802,"comment_status":"open","ping_status":"closed","template":"","meta":[],"product_brand":[],"product_cat":[78],"product_tag":[],"class_list":{"0":"post-3796","1":"product","2":"type-product","3":"status-publish","4":"has-post-thumbnail","6":"product_cat-electric-tricycle","8":"first","9":"instock","10":"shipping-taxable","11":"product-type-simple"},"_links":{"self":[{"href":"https:\/\/www.tairuiauto.com\/es\/wp-json\/wp\/v2\/product\/3796","targetHints":{"allow":["GET"]}}],"collection":[{"href":"https:\/\/www.tairuiauto.com\/es\/wp-json\/wp\/v2\/product"}],"about":[{"href":"https:\/\/www.tairuiauto.com\/es\/wp-json\/wp\/v2\/types\/product"}],"replies":[{"embeddable":true,"href":"https:\/\/www.tairuiauto.com\/es\/wp-json\/wp\/v2\/comments?post=3796"}],"wp:featuredmedia":[{"embeddable":true,"href":"https:\/\/www.tairuiauto.com\/es\/wp-json\/wp\/v2\/media\/3802"}],"wp:attachment":[{"href":"https:\/\/www.tairuiauto.com\/es\/wp-json\/wp\/v2\/media?parent=3796"}],"wp:term":[{"taxonomy":"product_brand","embeddable":true,"href":"https:\/\/www.tairuiauto.com\/es\/wp-json\/wp\/v2\/product_brand?post=3796"},{"taxonomy":"product_cat","embeddable":true,"href":"https:\/\/www.tairuiauto.com\/es\/wp-json\/wp\/v2\/product_cat?post=3796"},{"taxonomy":"product_tag","embeddable":true,"href":"https:\/\/www.tairuiauto.com\/es\/wp-json\/wp\/v2\/product_tag?post=3796"}],"curies":[{"name":"WP","href":"https:\/\/api.w.org\/{rel}","templated":true}]}}