{"id":3804,"date":"2025-09-20T08:17:13","date_gmt":"2025-09-20T00:17:13","guid":{"rendered":"https:\/\/www.tairuiauto.com\/?post_type=product&#038;p=3804"},"modified":"2025-09-20T08:16:22","modified_gmt":"2025-09-20T00:16:22","slug":"1-8m-automatic-unloading-tricycle","status":"publish","type":"product","link":"https:\/\/www.tairuiauto.com\/es\/product\/1-8m-automatic-unloading-tricycle\/","title":{"rendered":"1.8m Triciclo de descarga autom\u00e1tica"},"content":{"rendered":"<h3 data-start=\"238\" data-end=\"263\">Descripci\u00f3n del producto<\/h3>\n<p data-start=\"264\" data-end=\"753\">\u00a0Equipado con un motor de 60V 1200W y una funci\u00f3n de descarga autom\u00e1tica, este <em data-start=\"495\" data-end=\"527\">triciclo el\u00e9ctrico auto-vertido<\/em> es ideal para sitios de construcci\u00f3n, recogida de residuos, agricultura y log\u00edstica pesada.<\/p>\n<table style=\"border-collapse: collapse; width: 71.5191%; height: 653px;\" border=\"0\" width=\"686\" cellspacing=\"0\" cellpadding=\"0\">\n<tbody>\n<tr style=\"height: 20.00pt;\">\n<td class=\"et3\" style=\"height: 20pt; width: 39.3342%;\" width=\"334\" height=\"33\">modelo<\/td>\n<td class=\"et3\" style=\"width: 60.5425%;\" width=\"352\">1.8m Descarga autom\u00e1tica Tricyc<\/td>\n<\/tr>\n<tr style=\"height: 20.00pt;\">\n<td class=\"et4\" style=\"height: 20pt; width: 39.3342%;\" width=\"334\" height=\"33\">Tama\u00f1o general<\/td>\n<td class=\"et4\" style=\"width: 60.5425%;\" width=\"352\">3330 mm * 1298 mm * 1440 mm<\/td>\n<\/tr>\n<tr style=\"height: 20.00pt;\">\n<td class=\"et4\" style=\"height: 20pt; width: 39.3342%;\" width=\"334\" height=\"33\">Instrumento<\/td>\n<td class=\"et4\" style=\"width: 60.5425%;\" width=\"352\">Instrumento electr\u00f3nico con tablero de mando<\/td>\n<\/tr>\n<tr style=\"height: 20.00pt;\">\n<td class=\"et4\" style=\"height: 20pt; width: 39.3342%;\" width=\"334\" height=\"33\">Controlador<\/td>\n<td class=\"et4\" style=\"width: 60.5425%;\" width=\"352\">24 tubos<\/td>\n<\/tr>\n<tr style=\"height: 20.00pt;\">\n<td class=\"et4\" style=\"height: 20pt; width: 39.3342%;\" width=\"334\" height=\"33\">Eje trasero<\/td>\n<td class=\"et4\" style=\"width: 60.5425%;\" width=\"352\">Eje trasero dividido<\/td>\n<\/tr>\n<tr style=\"height: 20.00pt;\">\n<td class=\"et4\" style=\"height: 20pt; width: 39.3342%;\" width=\"334\" height=\"33\">Freno delantero<\/td>\n<td class=\"et4\" style=\"width: 60.5425%;\" width=\"352\">43 amortiguaci\u00f3n \/ freno delantero 110<\/td>\n<\/tr>\n<tr style=\"height: 20.00pt;\">\n<td class=\"et4\" style=\"height: 20pt; width: 39.3342%;\" width=\"334\" height=\"33\">Freno trasero<\/td>\n<td class=\"et4\" style=\"width: 60.5425%;\" width=\"352\">Freno de tambor 180<\/td>\n<\/tr>\n<tr style=\"height: 20.00pt;\">\n<td class=\"et4\" style=\"height: 20pt; width: 39.3342%;\" width=\"334\" height=\"33\">Gradabilidad<\/td>\n<td class=\"et4\" style=\"width: 60.5425%;\" width=\"352\">15 \u00b0<\/td>\n<\/tr>\n<tr style=\"height: 20.00pt;\">\n<td class=\"et4\" style=\"height: 20pt; width: 39.3342%;\" width=\"334\" height=\"33\">Faros<\/td>\n<td class=\"et4\" style=\"width: 60.5425%;\" width=\"352\">Bombilla grande ordinaria<\/td>\n<\/tr>\n<tr style=\"height: 20.00pt;\">\n<td class=\"et4\" style=\"height: 20pt; width: 39.3342%;\" width=\"334\" height=\"33\">Carga<\/td>\n<td class=\"et4\" style=\"width: 60.5425%;\" width=\"352\">275 kg<\/td>\n<\/tr>\n<tr style=\"height: 20.00pt;\">\n<td class=\"et4\" style=\"height: 20pt; width: 39.3342%;\" width=\"334\" height=\"33\">Rim<\/td>\n<td class=\"et4\" style=\"width: 60.5425%;\" width=\"352\">Rueda de hierro<\/td>\n<\/tr>\n<tr style=\"height: 20.00pt;\">\n<td class=\"et4\" style=\"height: 20pt; width: 39.3342%;\" width=\"334\" height=\"33\">E-motor<\/td>\n<td class=\"et4\" style=\"width: 60.5425%;\" width=\"352\">60V 1200W velocidad variable<\/td>\n<\/tr>\n<tr style=\"height: 31.00pt;\">\n<td class=\"et4\" style=\"height: 31pt; width: 39.3342%;\" width=\"334\" height=\"51\">Suspensi\u00f3n frontal<\/td>\n<td class=\"et4\" style=\"width: 60.5425%;\" width=\"352\">Amortizador con hidr\u00e1ulico<\/td>\n<\/tr>\n<tr style=\"height: 20.00pt;\">\n<td class=\"et4\" style=\"height: 20pt; width: 39.3342%;\" width=\"334\" height=\"33\">Suspensi\u00f3n trasera<\/td>\n<td class=\"et4\" style=\"width: 60.5425%;\" width=\"352\">Absorci\u00f3n trasera del muelle de placa de acero reforzado<\/td>\n<\/tr>\n<tr style=\"height: 20.00pt;\">\n<td class=\"et4\" style=\"height: 20pt; width: 39.3342%;\" width=\"334\" height=\"33\">Velocidad m\u00e1xima<\/td>\n<td class=\"et4\" style=\"width: 60.5425%;\" width=\"352\">45 Km\/h<\/td>\n<\/tr>\n<tr style=\"height: 20.00pt;\">\n<td class=\"et4\" style=\"height: 20pt; width: 39.3342%;\" width=\"334\" height=\"33\">Neum\u00e1ticos (F\/R)<\/td>\n<td class=\"et4\" style=\"width: 60.5425%;\" width=\"352\">Rueda delantera 4.00-12 \/ Rueda trasera 4.50-12<\/td>\n<\/tr>\n<tr style=\"height: 34.00pt;\">\n<td class=\"et4\" style=\"height: 34pt; width: 39.3342%;\" width=\"334\" height=\"56\">Kilometraje por carga<\/td>\n<td class=\"et4\" style=\"width: 60.5425%;\" width=\"352\">60<\/td>\n<\/tr>\n<tr style=\"height: 20.00pt;\">\n<td class=\"et4\" style=\"height: 20pt; width: 39.3342%;\" width=\"334\" height=\"33\">Bater\u00eda<\/td>\n<td class=\"et4\" style=\"width: 60.5425%;\" width=\"352\">Bater\u00eda de agua 60V120A<\/td>\n<\/tr>\n<tr style=\"height: 20.00pt;\">\n<td class=\"et4\" style=\"height: 20pt; width: 39.3342%;\" width=\"334\" height=\"33\">Tiempo de carga<\/td>\n<td class=\"et4\" style=\"width: 60.5425%;\" width=\"352\">8-10 horas<\/td>\n<\/tr>\n<\/tbody>\n<\/table>\n<p>&nbsp;<\/p>\n<hr \/>\n<p>&nbsp;<\/p>\n<h3 data-start=\"755\" data-end=\"779\">Puntos clave de venta<\/h3>\n<ol data-start=\"780\" data-end=\"1238\">\n<li data-start=\"780\" data-end=\"895\">\n<p data-start=\"783\" data-end=\"895\"><strong data-start=\"783\" data-end=\"813\">Sistema de descarga autom\u00e1tica<\/strong> La caracter\u00edstica \u00fanica de autodumping ahorra tiempo y mano de obra en las operaciones log\u00edsticas.<\/p>\n<\/li>\n<li data-start=\"896\" data-end=\"993\">\n<p data-start=\"899\" data-end=\"993\"><strong data-start=\"899\" data-end=\"927\">Potente motor 60V 1200W<\/strong> Garantiza un rendimiento fiable en pistas y rutas pesadas.<\/p>\n<\/li>\n<li data-start=\"994\" data-end=\"1113\">\n<p data-start=\"997\" data-end=\"1113\"><strong data-start=\"997\" data-end=\"1026\">Resistencia de alta eficiencia<\/strong> Con un alcance de 60 km por carga, este <em data-start=\"1063\" data-end=\"1081\">e-triciclo de carga<\/em> Soporta operaciones de d\u00eda completo.<\/p>\n<\/li>\n<li data-start=\"1114\" data-end=\"1238\">\n<p data-start=\"1117\" data-end=\"1238\"><strong data-start=\"1117\" data-end=\"1145\">Alternativa ecol\u00f3gica<\/strong> \u2013 Cero emisiones <em data-start=\"1162\" data-end=\"1186\">el\u00e9ctrico de tres ruedas<\/em> Reduce los costos operativos y el impacto ambiental.<\/p>\n<\/li>\n<\/ol>\n<h3 data-start=\"4923\" data-end=\"4947\"><\/h3>\n<hr \/>\n<p>&nbsp;<\/p>\n<h3 data-start=\"1240\" data-end=\"1271\">Ventajas diferenciadas<\/h3>\n<ol data-start=\"1272\" data-end=\"1745\">\n<li data-start=\"1272\" data-end=\"1394\">\n<p data-start=\"1275\" data-end=\"1394\"><strong data-start=\"1275\" data-end=\"1309\">Estabilidad de la suspensi\u00f3n hidr\u00e1ulica<\/strong> \u2013 Protecci\u00f3n de carga y conducci\u00f3n suave con absorbedores de muelles de placa hidr\u00e1ulica y de acero.<\/p>\n<\/li>\n<li data-start=\"1395\" data-end=\"1495\">\n<p data-start=\"1398\" data-end=\"1495\"><strong data-start=\"1398\" data-end=\"1423\">Dise\u00f1o de carga \u00fatil fuerte<\/strong> \u2013 Manijas de hasta 275 kg con ruedas de hierro reforzadas y marco duradero.<\/p>\n<\/li>\n<li data-start=\"1496\" data-end=\"1617\">\n<p data-start=\"1499\" data-end=\"1617\"><strong data-start=\"1499\" data-end=\"1527\">Caracter\u00edsticas de seguridad fiables<\/strong> \u2013 Equipado con frenos amortiguadores delanteros y frenos de tambor traseros para una parada segura.<\/p>\n<\/li>\n<li data-start=\"1618\" data-end=\"1745\">\n<p data-start=\"1621\" data-end=\"1745\"><strong data-start=\"1621\" data-end=\"1650\">Calidad de construcci\u00f3n est\u00e1ndar de la UE<\/strong> \u2013 Rendimiento certificado que garantiza el cumplimiento de los requisitos internacionales de veh\u00edculos de carga.<\/p>\n<\/li>\n<\/ol>\n<h3 data-start=\"4923\" data-end=\"4947\"><\/h3>\n<hr \/>\n<p>&nbsp;<\/p>\n<h3 data-start=\"2003\" data-end=\"2029\">Par\u00e1metros t\u00e9cnicos<\/h3>\n<ul data-start=\"2030\" data-end=\"2294\">\n<li data-start=\"2030\" data-end=\"2054\">\n<p data-start=\"2032\" data-end=\"2054\">Controlador: 24 tubos<\/p>\n<\/li>\n<li data-start=\"2055\" data-end=\"2080\">\n<p data-start=\"2057\" data-end=\"2080\">Eje trasero: Eje dividido<\/p>\n<\/li>\n<li data-start=\"2081\" data-end=\"2135\">\n<p data-start=\"2083\" data-end=\"2135\">Freno delantero: 43 amortiguaci\u00f3n \/ freno delantero 110<\/p>\n<\/li>\n<li data-start=\"2136\" data-end=\"2166\">\n<p data-start=\"2138\" data-end=\"2166\">Freno trasero: freno de tambor 180<\/p>\n<\/li>\n<li data-start=\"2167\" data-end=\"2206\">\n<p data-start=\"2169\" data-end=\"2206\">Neum\u00e1ticos: delantero 4.00-12 \/ trasero 4.50-12<\/p>\n<\/li>\n<li data-start=\"2207\" data-end=\"2232\">\n<p data-start=\"2209\" data-end=\"2232\">Capacidad de escalada: 15\u00b0<\/p>\n<\/li>\n<li data-start=\"2233\" data-end=\"2264\">\n<p data-start=\"2235\" data-end=\"2264\">Luces: Bombilla grande est\u00e1ndar<\/p>\n<\/li>\n<li data-start=\"2265\" data-end=\"2294\">\n<p data-start=\"2267\" data-end=\"2294\">Tiempo de carga: 8-10 horas<\/p>\n<\/li>\n<\/ul>\n<h3 data-start=\"2296\" data-end=\"2311\">Materiales<\/h3>\n<p data-start=\"2312\" data-end=\"2379\">Chasis de acero reforzado, ruedas de hierro y suspensi\u00f3n pesada.<\/p>\n<h3 data-start=\"2381\" data-end=\"2397\">Apariencia<\/h3>\n<p data-start=\"2398\" data-end=\"2492\">Dise\u00f1ado con una estructura robusta, optimizada para el transporte de carga con capacidad de autovertimiento.<\/p>\n<h3 data-start=\"2494\" data-end=\"2506\">Dise\u00f1o<\/h3>\n<p data-start=\"2507\" data-end=\"2584\">Cuerpo ancho de 1,8 m enfocado en la utilidad y cama de carga con sistema de elevaci\u00f3n autom\u00e1tica.<\/p>\n<h3 data-start=\"2586\" data-end=\"2609\">Personalizaci\u00f3n OEM<\/h3>\n<p data-start=\"2610\" data-end=\"2678\">Disponible con mejoras opcionales de marca, pintura y dise\u00f1o de carrocer\u00eda.<\/p>\n<h3 data-start=\"2680\" data-end=\"2701\">Control de calidad<\/h3>\n<p data-start=\"2702\" data-end=\"2790\">Fabricado bajo estricta inspecci\u00f3n, prueba de resistencia y certificado internacionalmente.<\/p>\n<h3 data-start=\"2792\" data-end=\"2817\">Servicio posventa<\/h3>\n<p data-start=\"2818\" data-end=\"2890\">Incluye soporte t\u00e9cnico, suministro de piezas de repuesto y servicios de garant\u00eda.<\/p>\n<h3 data-start=\"2892\" data-end=\"2916\">Campos de aplicaci\u00f3n<\/h3>\n<ul data-start=\"2917\" data-end=\"3044\">\n<li data-start=\"2917\" data-end=\"2948\">\n<p data-start=\"2919\" data-end=\"2948\">Log\u00edstica del sitio de construcci\u00f3n<\/p>\n<\/li>\n<li data-start=\"2949\" data-end=\"2991\">\n<p data-start=\"2951\" data-end=\"2991\">Suministro agr\u00edcola y manejo de residuos<\/p>\n<\/li>\n<li data-start=\"2992\" data-end=\"3017\">\n<p data-start=\"2994\" data-end=\"3017\">Gesti\u00f3n de residuos urbanos<\/p>\n<\/li>\n<li data-start=\"3018\" data-end=\"3044\">\n<p data-start=\"3020\" data-end=\"3044\">Distribuci\u00f3n al por mayor<\/p>\n<\/li>\n<\/ul>\n<h3 data-start=\"3046\" data-end=\"3066\">M\u00e9todo de pago<\/h3>\n<p data-start=\"3067\" data-end=\"3116\">T \/ T, L \/ C y acuerdo comercial global aceptado.<\/p>\n<h3 data-start=\"4923\" data-end=\"4947\">\u00a0 \u00a0 \u00a0 \u00a0 \u00a0 <img fetchpriority=\"high\" decoding=\"async\" class=\"alignnone size-medium wp-image-3808\" src=\"https:\/\/www.tairuiauto.com\/wp-content\/uploads\/2025\/09\/3-17-300x300.jpg\" alt=\"\" width=\"300\" height=\"300\" srcset=\"\" sizes=\"(max-width: 300px) 100vw, 300px\" data-srcset=\"\" \/>\u00a0 \u00a0 \u00a0 \u00a0 \u00a0\u00a0 <img decoding=\"async\" class=\"alignnone size-medium wp-image-3807\" src=\"https:\/\/www.tairuiauto.com\/wp-content\/uploads\/2025\/09\/2-18-300x300.jpg\" alt=\"\" width=\"300\" height=\"300\" srcset=\"\" sizes=\"(max-width: 300px) 100vw, 300px\" data-srcset=\"\" \/>\u00a0 \u00a0 \u00a0 \u00a0 \u00a0\u00a0 <img decoding=\"async\" class=\"alignnone size-medium wp-image-3809\" src=\"https:\/\/www.tairuiauto.com\/wp-content\/uploads\/2025\/09\/4-16-300x300.jpg\" alt=\"\" width=\"300\" height=\"300\" srcset=\"\" sizes=\"(max-width: 300px) 100vw, 300px\" data-srcset=\"\" \/><\/h3>\n<hr \/>\n<p>&nbsp;<\/p>\n<h3 data-start=\"3118\" data-end=\"3127\">Preguntas frecuentes<\/h3>\n<p data-start=\"3128\" data-end=\"3261\"><strong data-start=\"3128\" data-end=\"3191\">Q1: \u00bfQu\u00e9 lo hace diferente de los triciclos de carga regulares?<\/strong><br data-start=\"3191\" data-end=\"3194\" \/>A1: Tiene una funci\u00f3n de descarga autom\u00e1tica para una mayor eficiencia.<\/p>\n<p data-start=\"3263\" data-end=\"3341\"><strong data-start=\"3263\" data-end=\"3304\">Q2: \u00bfCu\u00e1l es la resistencia por carga?<\/strong><br data-start=\"3304\" data-end=\"3307\" \/>A2: Aproximadamente 60 km por carga completa.<\/p>\n<p data-start=\"3343\" data-end=\"3399\"><strong data-start=\"3343\" data-end=\"3379\">Q3: \u00bfCu\u00e1nto tiempo dura la carga?<\/strong><br data-start=\"3379\" data-end=\"3382\" \/>A3: 8-10 horas.<\/p>\n<p data-start=\"3401\" data-end=\"3466\"><strong data-start=\"3401\" data-end=\"3429\">Q4: \u00bfPuede subir pendientes?<\/strong><br data-start=\"3429\" data-end=\"3432\" \/>A4: S\u00ed, puede subir hasta 15\u00b0.<\/p>","protected":false},"excerpt":{"rendered":"<p>El <strong data-start=\"268\" data-end=\"305\">1.8m Triciclo de descarga autom\u00e1tica<\/strong> es una soluci\u00f3n de carga el\u00e9ctrica potente e innovadora dise\u00f1ada para empresas que necesitan carga y descarga r\u00e1pidas. Equipado con un motor de 60V 1200W y una funci\u00f3n de descarga autom\u00e1tica, este <em data-start=\"495\" data-end=\"527\">triciclo el\u00e9ctrico auto-vertido<\/em> es ideal para sitios de construcci\u00f3n, recogida de residuos, agricultura y log\u00edstica pesada. Su capacidad de carga \u00fatil de 275 kg y su resistencia de 60 km lo convierten en un reemplazo fiable para camiones de combustible peque\u00f1os en la distribuci\u00f3n urbana y rural.<\/p>","protected":false},"featured_media":3806,"comment_status":"open","ping_status":"closed","template":"","meta":[],"product_brand":[],"product_cat":[78],"product_tag":[],"class_list":{"0":"post-3804","1":"product","2":"type-product","3":"status-publish","4":"has-post-thumbnail","6":"product_cat-electric-tricycle","8":"first","9":"instock","10":"shipping-taxable","11":"product-type-simple"},"_links":{"self":[{"href":"https:\/\/www.tairuiauto.com\/es\/wp-json\/wp\/v2\/product\/3804","targetHints":{"allow":["GET"]}}],"collection":[{"href":"https:\/\/www.tairuiauto.com\/es\/wp-json\/wp\/v2\/product"}],"about":[{"href":"https:\/\/www.tairuiauto.com\/es\/wp-json\/wp\/v2\/types\/product"}],"replies":[{"embeddable":true,"href":"https:\/\/www.tairuiauto.com\/es\/wp-json\/wp\/v2\/comments?post=3804"}],"wp:featuredmedia":[{"embeddable":true,"href":"https:\/\/www.tairuiauto.com\/es\/wp-json\/wp\/v2\/media\/3806"}],"wp:attachment":[{"href":"https:\/\/www.tairuiauto.com\/es\/wp-json\/wp\/v2\/media?parent=3804"}],"wp:term":[{"taxonomy":"product_brand","embeddable":true,"href":"https:\/\/www.tairuiauto.com\/es\/wp-json\/wp\/v2\/product_brand?post=3804"},{"taxonomy":"product_cat","embeddable":true,"href":"https:\/\/www.tairuiauto.com\/es\/wp-json\/wp\/v2\/product_cat?post=3804"},{"taxonomy":"product_tag","embeddable":true,"href":"https:\/\/www.tairuiauto.com\/es\/wp-json\/wp\/v2\/product_tag?post=3804"}],"curies":[{"name":"WP","href":"https:\/\/api.w.org\/{rel}","templated":true}]}}