{"id":3849,"date":"2025-09-23T10:00:41","date_gmt":"2025-09-23T02:00:41","guid":{"rendered":"https:\/\/www.tairuiauto.com\/?post_type=product&#038;p=3849"},"modified":"2025-09-24T09:16:17","modified_gmt":"2025-09-24T01:16:17","slug":"1500w-motor-tuk-tuk","status":"publish","type":"product","link":"https:\/\/www.tairuiauto.com\/es\/product\/1500w-motor-tuk-tuk\/","title":{"rendered":"1500W motor tuk tuk"},"content":{"rendered":"<h3 data-start=\"419\" data-end=\"444\">Descripci\u00f3n del producto<\/h3>\n<p data-start=\"445\" data-end=\"1008\">\u00a0Construido con un potente motor AC 60V1500W y controlador adaptativo, este tuk tuk el\u00e9ctrico proporciona una aceleraci\u00f3n suave, una excelente capacidad de escalada y un largo rango de conducci\u00f3n, lo que lo hace ideal para el transporte de pasajeros urbano y semiurbano.<\/p>\n<table style=\"border-collapse: collapse; width: 75.1719%; height: 689px;\" border=\"0\" width=\"720\" cellspacing=\"0\" cellpadding=\"0\">\n<tbody>\n<tr style=\"height: 20.00pt;\">\n<td class=\"et4\" style=\"height: 20.00pt; width: 159.05pt;\" width=\"265\" height=\"33\">modelo<\/td>\n<td class=\"et4\" style=\"width: 273.40pt;\" width=\"455\">1500W Motor Tuk Tuk<\/td>\n<\/tr>\n<tr style=\"height: 20.00pt;\">\n<td class=\"et5\" style=\"height: 20.00pt; width: 159.05pt;\" width=\"265\" height=\"33\">Tama\u00f1o general<\/td>\n<td class=\"et5\" style=\"width: 273.40pt;\" width=\"455\">2750 * 1300 * 2000 mm<\/td>\n<\/tr>\n<tr style=\"height: 20.00pt;\">\n<td class=\"et5\" style=\"height: 20.00pt; width: 159.05pt;\" width=\"265\" height=\"33\">Medidores<\/td>\n<td class=\"et5\" style=\"width: 273.40pt;\" width=\"455\">El\u00e9ctrica con tablero de control<\/td>\n<\/tr>\n<tr style=\"height: 33.00pt;\">\n<td class=\"et5\" style=\"height: 33.00pt; width: 159.05pt;\" width=\"265\" height=\"55\">Controlador<\/td>\n<td class=\"et5\" style=\"width: 273.40pt;\" width=\"455\">60\/72V4000wAdaptable, adecuado para el l\u00edmite superior de voltaje de la bater\u00eda de fosfato de hierro de litio 93v, l\u00edmite inferior 63v<\/td>\n<\/tr>\n<tr style=\"height: 20.00pt;\">\n<td class=\"et5\" style=\"height: 20.00pt; width: 159.05pt;\" width=\"265\" height=\"33\">Eje trasero<\/td>\n<td class=\"et5\" style=\"width: 273.40pt;\" width=\"455\">Freno de cubo de aceite, varilla de conexi\u00f3n de jaula de bolas de autom\u00f3viles<\/td>\n<\/tr>\n<tr style=\"height: 20.00pt;\">\n<td class=\"et5\" style=\"height: 20.00pt; width: 159.05pt;\" width=\"265\" height=\"33\">Freno delantero<\/td>\n<td class=\"et5\" style=\"width: 273.40pt;\" width=\"455\">Freno de disco de 180mm de di\u00e1metro<\/td>\n<\/tr>\n<tr style=\"height: 20.00pt;\">\n<td class=\"et5\" style=\"height: 20.00pt; width: 159.05pt;\" width=\"265\" height=\"33\">Freno trasero<\/td>\n<td class=\"et5\" style=\"width: 273.40pt;\" width=\"455\">Freno de tambor hidr\u00e1ulico de 220mm de di\u00e1metro<\/td>\n<\/tr>\n<tr style=\"height: 20.00pt;\">\n<td class=\"et5\" style=\"height: 20.00pt; width: 159.05pt;\" width=\"265\" height=\"33\">Gradabilidad<\/td>\n<td class=\"et5\" style=\"width: 273.40pt;\" width=\"455\">25 \u00b0<\/td>\n<\/tr>\n<tr style=\"height: 20.00pt;\">\n<td class=\"et5\" style=\"height: 20.00pt; width: 159.05pt;\" width=\"265\" height=\"33\">Faros<\/td>\n<td class=\"et5\" style=\"width: 273.40pt;\" width=\"455\">Normal<\/td>\n<\/tr>\n<tr style=\"height: 20.00pt;\">\n<td class=\"et5\" style=\"height: 20.00pt; width: 159.05pt;\" width=\"265\" height=\"33\">Capacidad de carga<\/td>\n<td class=\"et5\" style=\"width: 273.40pt;\" width=\"455\">D 3 personas<\/td>\n<\/tr>\n<tr style=\"height: 20.00pt;\">\n<td class=\"et5\" style=\"height: 20.00pt; width: 159.05pt;\" width=\"265\" height=\"33\">otra opci\u00f3n<\/td>\n<td class=\"et5\" style=\"width: 273.40pt;\" width=\"455\">Freno de pie Freno de mano en uno<\/td>\n<\/tr>\n<tr style=\"height: 20.00pt;\">\n<td class=\"et5\" style=\"height: 20.00pt; width: 159.05pt;\" width=\"265\" height=\"33\">Rim<\/td>\n<td class=\"et5\" style=\"width: 273.40pt;\" width=\"455\">Ruedas de hierro<\/td>\n<\/tr>\n<tr style=\"height: 20.00pt;\">\n<td class=\"et5\" style=\"height: 20.00pt; width: 159.05pt;\" width=\"265\" height=\"33\">E-motor<\/td>\n<td class=\"et5\" style=\"width: 273.40pt;\" width=\"455\">AC-60V1500W<\/td>\n<\/tr>\n<tr style=\"height: 20.00pt;\">\n<td class=\"et5\" style=\"height: 20.00pt; width: 159.05pt;\" width=\"265\" height=\"33\">Suspensi\u00f3n frontal<\/td>\n<td class=\"et5\" style=\"width: 273.40pt;\" width=\"455\">Doble hombro rocker brazo amortiguador horquilla delantera<\/td>\n<\/tr>\n<tr style=\"height: 20.00pt;\">\n<td class=\"et5\" style=\"height: 20.00pt; width: 159.05pt;\" width=\"265\" height=\"33\">Suspensi\u00f3n trasera<\/td>\n<td class=\"et5\" style=\"width: 273.40pt;\" width=\"455\">Independencia colgando<\/td>\n<\/tr>\n<tr style=\"height: 20.00pt;\">\n<td class=\"et5\" style=\"height: 20.00pt; width: 159.05pt;\" width=\"265\" height=\"33\">Velocidad m\u00e1xima<\/td>\n<td class=\"et5\" style=\"width: 273.40pt;\" width=\"455\">55 Km\/h<\/td>\n<\/tr>\n<tr style=\"height: 20.00pt;\">\n<td class=\"et5\" style=\"height: 20.00pt; width: 159.05pt;\" width=\"265\" height=\"33\">Neum\u00e1ticos (F\/R)<\/td>\n<td class=\"et5\" style=\"width: 273.40pt;\" width=\"455\">4.00-10<\/td>\n<\/tr>\n<tr style=\"height: 20.00pt;\">\n<td class=\"et5\" style=\"height: 20.00pt; width: 159.05pt;\" width=\"265\" height=\"33\">Kilometraje por carga<\/td>\n<td class=\"et5\" style=\"width: 273.40pt;\" width=\"455\">140 kil\u00f3metros<\/td>\n<\/tr>\n<tr style=\"height: 20.00pt;\">\n<td class=\"et5\" style=\"height: 20.00pt; width: 159.05pt;\" width=\"265\" height=\"33\">Bater\u00eda<\/td>\n<td class=\"et5\" style=\"width: 273.40pt;\" width=\"455\">60v \/ 72v150AH<\/td>\n<\/tr>\n<tr style=\"height: 20.00pt;\">\n<td class=\"et5\" style=\"height: 20.00pt; width: 159.05pt;\" width=\"265\" height=\"33\">Tiempo de carga<\/td>\n<td class=\"et5\" style=\"width: 273.40pt;\" width=\"455\">8-10 horas<\/td>\n<\/tr>\n<tr style=\"height: 20.00pt;\">\n<td class=\"et5\" style=\"height: 20.00pt; width: 159.05pt;\" width=\"265\" height=\"33\">Cargando en 40HQ<\/td>\n<td class=\"et5\" style=\"width: 273.40pt;\" width=\"455\">27sets \/ 40HQ CKD<\/td>\n<\/tr>\n<\/tbody>\n<\/table>\n<p>&nbsp;<\/p>\n<hr \/>\n<p>&nbsp;<\/p>\n<h3 data-start=\"1010\" data-end=\"1041\">Caracter\u00edsticas clave &amp; Ventajas<\/h3>\n<ol data-start=\"1042\" data-end=\"1641\">\n<li data-start=\"1042\" data-end=\"1176\">\n<p data-start=\"1045\" data-end=\"1176\"><strong data-start=\"1045\" data-end=\"1069\">Potente motor de 1500W<\/strong> Ofrece un rendimiento fiable con una fuerte capacidad de escalada (hasta 25\u00b0) y una velocidad m\u00e1xima de 55 km\/h.<\/p>\n<\/li>\n<li data-start=\"1177\" data-end=\"1335\">\n<p data-start=\"1180\" data-end=\"1335\"><strong data-start=\"1180\" data-end=\"1198\">Rango extendido<\/strong> \u2013 Equipado con una bater\u00eda de alta capacidad 60V72V150Ah, este <strong data-start=\"1257\" data-end=\"1280\">1500W motor tuk tuk<\/strong> logra un alcance de hasta 140 km con una sola carga.<\/p>\n<\/li>\n<li data-start=\"1336\" data-end=\"1487\">\n<p data-start=\"1339\" data-end=\"1487\"><strong data-start=\"1339\" data-end=\"1360\">Comodidad del pasajero<\/strong> El dise\u00f1o de los asientos espaciosos acomoda al conductor m\u00e1s tres pasajeros, garantizando comodidad en los desplazamientos diarios y viajes cortos.<\/p>\n<\/li>\n<li data-start=\"1488\" data-end=\"1641\">\n<p data-start=\"1491\" data-end=\"1641\"><strong data-start=\"1491\" data-end=\"1524\">Efectivo en funci\u00f3n de los costos Ecol\u00f3gico<\/strong> Ofrece costos de funcionamiento m\u00e1s bajos que los rickshaws de autom\u00f3viles a base de combustible, al tiempo que contribuye a reducir la contaminaci\u00f3n ambiental.<\/p>\n<\/li>\n<\/ol>\n<p>&nbsp;<\/p>\n<hr \/>\n<p>&nbsp;<\/p>\n<h3 data-start=\"1643\" data-end=\"1674\">Ventajas diferenciadas<\/h3>\n<ol data-start=\"1675\" data-end=\"2239\">\n<li data-start=\"1675\" data-end=\"1828\">\n<p data-start=\"1678\" data-end=\"1828\"><strong data-start=\"1678\" data-end=\"1708\">Sistema de controlador avanzado<\/strong> El controlador adaptable de 60\/72V4000W compatible con bater\u00edas de fosfato de litio y hierro garantiza una gesti\u00f3n flexible de la energ\u00eda.<\/p>\n<\/li>\n<li data-start=\"1829\" data-end=\"1962\">\n<p data-start=\"1832\" data-end=\"1962\"><strong data-start=\"1832\" data-end=\"1859\">Seguridad de frenado superior<\/strong> \u2013 Caracter\u00edsticas freno de disco delantero de 180 mm y freno de tambor hidr\u00e1ulico trasero de 220 mm para una potencia de parada fiable.<\/p>\n<\/li>\n<li data-start=\"1963\" data-end=\"2092\">\n<p data-start=\"1966\" data-end=\"2092\"><strong data-start=\"1966\" data-end=\"1990\">Construcci\u00f3n duradera<\/strong> \u2013 Construido con ruedas de hierro, suspensi\u00f3n reforzada y eje trasero del cubo de aceite para una durabilidad de larga duraci\u00f3n.<\/p>\n<\/li>\n<li data-start=\"2093\" data-end=\"2239\">\n<p data-start=\"2096\" data-end=\"2239\"><strong data-start=\"2096\" data-end=\"2121\">Aplicaci\u00f3n de uso m\u00faltiple<\/strong> \u2013 El <strong data-start=\"2128\" data-end=\"2151\">1500W motor tuk tuk<\/strong> es adecuado para servicios de taxi, transporte de pasajeros de \u00faltima milla y operaciones tur\u00edsticas.<\/p>\n<\/li>\n<\/ol>\n<p>&nbsp;<\/p>\n<hr \/>\n<p>&nbsp;<\/p>\n<h3 data-start=\"2241\" data-end=\"2269\">Especificaciones del producto<\/h3>\n<ul data-start=\"2270\" data-end=\"2871\">\n<li data-start=\"2270\" data-end=\"2304\">\n<p data-start=\"2272\" data-end=\"2304\"><strong data-start=\"2272\" data-end=\"2282\">Modelo:<\/strong> 1500W Motor Tuk Tuk<\/p>\n<\/li>\n<li data-start=\"2305\" data-end=\"2342\">\n<p data-start=\"2307\" data-end=\"2342\"><strong data-start=\"2307\" data-end=\"2322\">Dimensiones:<\/strong> 2750<em data-start=\"2327\" data-end=\"2333\">1300<\/em>2000 mm<\/p>\n<\/li>\n<li data-start=\"2343\" data-end=\"2370\">\n<p data-start=\"2345\" data-end=\"2370\"><strong data-start=\"2345\" data-end=\"2355\">Motor:<\/strong> CA 60V 1500W<\/p>\n<\/li>\n<li data-start=\"2371\" data-end=\"2422\">\n<p data-start=\"2373\" data-end=\"2422\"><strong data-start=\"2373\" data-end=\"2388\">Controlador:<\/strong> Controlador adaptativo 60\/72V4000W<\/p>\n<\/li>\n<li data-start=\"2423\" data-end=\"2455\">\n<p data-start=\"2425\" data-end=\"2455\"><strong data-start=\"2425\" data-end=\"2437\">Bater\u00eda:<\/strong> 60V \/ 72V 150Ah<\/p>\n<\/li>\n<li data-start=\"2456\" data-end=\"2494\">\n<p data-start=\"2458\" data-end=\"2494\"><strong data-start=\"2458\" data-end=\"2479\">Rango por carga:<\/strong> Hasta 140 km<\/p>\n<\/li>\n<li data-start=\"2495\" data-end=\"2521\">\n<p data-start=\"2497\" data-end=\"2521\"><strong data-start=\"2497\" data-end=\"2511\">Velocidad m\u00e1xima:<\/strong> 55 km\/h<\/p>\n<\/li>\n<li data-start=\"2522\" data-end=\"2571\">\n<p data-start=\"2524\" data-end=\"2571\"><strong data-start=\"2524\" data-end=\"2547\">Capacidad de pasajeros:<\/strong> Conductor 3 pasajeros<\/p>\n<\/li>\n<li data-start=\"2572\" data-end=\"2652\">\n<p data-start=\"2574\" data-end=\"2652\"><strong data-start=\"2574\" data-end=\"2593\">Sistema de frenado:<\/strong> Freno de disco delantero de 180mm \/ freno de tambor hidr\u00e1ulico trasero de 220mm<\/p>\n<\/li>\n<li data-start=\"2653\" data-end=\"2696\">\n<p data-start=\"2655\" data-end=\"2696\"><strong data-start=\"2655\" data-end=\"2672\">Gradabilidad:<\/strong> Capacidad de escalada de 25\u00b0<\/p>\n<\/li>\n<li data-start=\"2697\" data-end=\"2784\">\n<p data-start=\"2699\" data-end=\"2784\"><strong data-start=\"2699\" data-end=\"2714\">Suspensi\u00f3n:<\/strong> Forquilla delantera con brazo basculante de hombro doble \/ suspensi\u00f3n trasera independiente<\/p>\n<\/li>\n<li data-start=\"2785\" data-end=\"2820\">\n<p data-start=\"2787\" data-end=\"2820\"><strong data-start=\"2787\" data-end=\"2797\">Neum\u00e1ticos:<\/strong> 4.00-10 frente &amp; trasera<\/p>\n<\/li>\n<li data-start=\"2821\" data-end=\"2871\">\n<p data-start=\"2823\" data-end=\"2871\"><strong data-start=\"2823\" data-end=\"2837\">Panel de control:<\/strong> El\u00e9ctrico con pantalla digital<\/p>\n<\/li>\n<\/ul>\n<p>&nbsp;<\/p>\n<h3 data-start=\"2873\" data-end=\"2899\">Par\u00e1metros t\u00e9cnicos<\/h3>\n<ul data-start=\"2900\" data-end=\"3154\">\n<li data-start=\"2900\" data-end=\"2973\">\n<p data-start=\"2902\" data-end=\"2973\"><strong data-start=\"2902\" data-end=\"2916\">Eje trasero:<\/strong> Freno de cubo de aceite con varilla de conexi\u00f3n de jaula de bolas de autom\u00f3viles<\/p>\n<\/li>\n<li data-start=\"2974\" data-end=\"3039\">\n<p data-start=\"2976\" data-end=\"3039\"><strong data-start=\"2976\" data-end=\"2990\">Faro:<\/strong> Iluminaci\u00f3n est\u00e1ndar para una operaci\u00f3n nocturna segura<\/p>\n<\/li>\n<li data-start=\"3040\" data-end=\"3073\">\n<p data-start=\"3042\" data-end=\"3073\"><strong data-start=\"3042\" data-end=\"3060\">Tiempo de carga:<\/strong> 8-10 horas<\/p>\n<\/li>\n<li data-start=\"3074\" data-end=\"3115\">\n<p data-start=\"3076\" data-end=\"3115\"><strong data-start=\"3076\" data-end=\"3096\">Cargando en 40HQ:<\/strong> 27 conjuntos CKD\/40HQ<\/p>\n<\/li>\n<li data-start=\"3116\" data-end=\"3154\">\n<p data-start=\"3118\" data-end=\"3154\"><strong data-start=\"3118\" data-end=\"3135\">Vida \u00fatil de la bater\u00eda:<\/strong> Hasta 800 ciclos<\/p>\n<\/li>\n<\/ul>\n<p>&nbsp;<\/p>\n<h3 data-start=\"3156\" data-end=\"3170\">Material<\/h3>\n<ul data-start=\"3171\" data-end=\"3332\">\n<li data-start=\"3171\" data-end=\"3216\">\n<p data-start=\"3173\" data-end=\"3216\"><strong data-start=\"3173\" data-end=\"3183\">Marco:<\/strong> Acero reforzado de alta resistencia<\/p>\n<\/li>\n<li data-start=\"3217\" data-end=\"3255\">\n<p data-start=\"3219\" data-end=\"3255\"><strong data-start=\"3219\" data-end=\"3230\">Ruedas:<\/strong> Ruedas de hierro pesadas<\/p>\n<\/li>\n<li data-start=\"3256\" data-end=\"3332\">\n<p data-start=\"3258\" data-end=\"3332\"><strong data-start=\"3258\" data-end=\"3270\">Bater\u00eda:<\/strong> Opciones de litio o plomo-\u00e1cido dependiendo de la personalizaci\u00f3n del OEM<\/p>\n<\/li>\n<\/ul>\n<p>&nbsp;<\/p>\n<h3 data-start=\"3334\" data-end=\"3350\">Apariencia<\/h3>\n<p data-start=\"3351\" data-end=\"3534\">Con un dise\u00f1o audaz, forma aerodin\u00e1mica y colores de pintura personalizables, el <strong data-start=\"3425\" data-end=\"3448\">1500W motor tuk tuk<\/strong> presenta un aspecto moderno y profesional adecuado para flotas de taxis y servicios tur\u00edsticos.<\/p>\n<p data-start=\"3351\" data-end=\"3534\">\n<h3 data-start=\"3536\" data-end=\"3548\">Dise\u00f1o<\/h3>\n<p data-start=\"3549\" data-end=\"3746\">El dise\u00f1o ergon\u00f3mico ofrece f\u00e1cil entrada y salida, asientos amplios para pasajeros y faros estrat\u00e9gicamente colocados para la seguridad. El techo reforzado proporciona protecci\u00f3n clim\u00e1tica adicional para los pasajeros.<\/p>\n<p data-start=\"3549\" data-end=\"3746\">\n<h3 data-start=\"3748\" data-end=\"3771\">Personalizaci\u00f3n OEM<\/h3>\n<ul data-start=\"3772\" data-end=\"3957\">\n<li data-start=\"3772\" data-end=\"3822\">\n<p data-start=\"3774\" data-end=\"3822\">Impresi\u00f3n de logotipos y marcas para operadores de flotas<\/p>\n<\/li>\n<li data-start=\"3823\" data-end=\"3868\">\n<p data-start=\"3825\" data-end=\"3868\">Actualizaci\u00f3n opcional de la bater\u00eda de iones de litio<\/p>\n<\/li>\n<li data-start=\"3869\" data-end=\"3909\">\n<p data-start=\"3871\" data-end=\"3909\">Configuraciones de doble puerta disponibles<\/p>\n<\/li>\n<li data-start=\"3910\" data-end=\"3957\">\n<p data-start=\"3912\" data-end=\"3957\">Modificaciones de la disposici\u00f3n del asiento a petici\u00f3n<\/p>\n<\/li>\n<\/ul>\n<p>&nbsp;<\/p>\n<h3 data-start=\"3959\" data-end=\"3980\">Control de calidad<\/h3>\n<ul data-start=\"3981\" data-end=\"4199\">\n<li data-start=\"3981\" data-end=\"4022\">\n<p data-start=\"3983\" data-end=\"4022\">Normas de fabricaci\u00f3n certificadas ISO<\/p>\n<\/li>\n<li data-start=\"4023\" data-end=\"4089\">\n<p data-start=\"4025\" data-end=\"4089\">Inspecci\u00f3n del motor, controlador y bater\u00eda del 100% antes del env\u00edo<\/p>\n<\/li>\n<li data-start=\"4090\" data-end=\"4143\">\n<p data-start=\"4092\" data-end=\"4143\">Pruebas de frenos y suspensi\u00f3n para garantizar la seguridad<\/p>\n<\/li>\n<li data-start=\"4144\" data-end=\"4199\">\n<p data-start=\"4146\" data-end=\"4199\">Embalaje CKD\/CKD para la durabilidad de la exportaci\u00f3n internacional<\/p>\n<\/li>\n<\/ul>\n<p>&nbsp;<\/p>\n<h3 data-start=\"4201\" data-end=\"4226\">Apoyo posventa<\/h3>\n<ul data-start=\"4227\" data-end=\"4394\">\n<li data-start=\"4227\" data-end=\"4274\">\n<p data-start=\"4229\" data-end=\"4274\">Garant\u00eda completa sobre motor y bater\u00eda<\/p>\n<\/li>\n<li data-start=\"4275\" data-end=\"4318\">\n<p data-start=\"4277\" data-end=\"4318\">Suministro de piezas de repuesto para clientes globales<\/p>\n<\/li>\n<li data-start=\"4319\" data-end=\"4360\">\n<p data-start=\"4321\" data-end=\"4360\">Formaci\u00f3n t\u00e9cnica a distancia y apoyo<\/p>\n<\/li>\n<li data-start=\"4361\" data-end=\"4394\">\n<p data-start=\"4363\" data-end=\"4394\">Gu\u00eda de mantenimiento de por vida<\/p>\n<\/li>\n<\/ul>\n<p>&nbsp;<\/p>\n<h3 data-start=\"4396\" data-end=\"4420\">Campos de aplicaci\u00f3n<\/h3>\n<ul data-start=\"4421\" data-end=\"4592\">\n<li data-start=\"4421\" data-end=\"4454\">\n<p data-start=\"4423\" data-end=\"4454\">Servicios de taxi urbano y rural<\/p>\n<\/li>\n<li data-start=\"4455\" data-end=\"4497\">\n<p data-start=\"4457\" data-end=\"4497\">Transporte tur\u00edstico y turismo de la ciudad<\/p>\n<\/li>\n<li data-start=\"4498\" data-end=\"4531\">\n<p data-start=\"4500\" data-end=\"4531\">Servicios de movilidad compartida<\/p>\n<\/li>\n<li data-start=\"4532\" data-end=\"4592\">\n<p data-start=\"4534\" data-end=\"4592\">Viajes familiares y adaptaci\u00f3n de carga (a petici\u00f3n del OEM)<\/p>\n<\/li>\n<\/ul>\n<p>&nbsp;<\/p>\n<h3 data-start=\"4594\" data-end=\"4614\">M\u00e9todo de pago<\/h3>\n<ul data-start=\"4615\" data-end=\"4699\">\n<li data-start=\"4615\" data-end=\"4664\">\n<p data-start=\"4617\" data-end=\"4664\">T\/T, L\/C, PayPal y Western Union disponibles<\/p>\n<\/li>\n<li data-start=\"4665\" data-end=\"4699\">\n<p data-start=\"4667\" data-end=\"4699\">T\u00e9rminos flexibles para pedidos a granel<\/p>\n<\/li>\n<\/ul>\n<p>&nbsp;<\/p>\n<p><img fetchpriority=\"high\" decoding=\"async\" class=\"alignnone size-medium wp-image-3864\" src=\"https:\/\/www.tairuiauto.com\/wp-content\/uploads\/2025\/09\/6-13-300x225.jpg\" alt=\"\" width=\"300\" height=\"225\" srcset=\"\" sizes=\"(max-width: 300px) 100vw, 300px\" data-srcset=\"\" \/> \u00a0<img decoding=\"async\" class=\"alignnone size-medium wp-image-3863\" src=\"https:\/\/www.tairuiauto.com\/wp-content\/uploads\/2025\/09\/5-18-300x225.jpg\" alt=\"\" width=\"300\" height=\"225\" srcset=\"\" sizes=\"(max-width: 300px) 100vw, 300px\" data-srcset=\"\" \/> \u00a0 <img decoding=\"async\" class=\"alignnone wp-image-3862\" src=\"https:\/\/www.tairuiauto.com\/wp-content\/uploads\/2025\/09\/4-17-225x300.jpg\" alt=\"\" width=\"180\" height=\"240\" srcset=\"\" sizes=\"(max-width: 180px) 100vw, 180px\" data-srcset=\"\" \/>\u00a0 \u00a0 <img loading=\"lazy\" decoding=\"async\" class=\"alignnone size-medium wp-image-3860\" src=\"https:\/\/www.tairuiauto.com\/wp-content\/uploads\/2025\/09\/2-21-300x225.jpg\" alt=\"\" width=\"300\" height=\"225\" srcset=\"\" sizes=\"(max-width: 300px) 100vw, 300px\" data-srcset=\"\" \/><\/p>\n<hr \/>\n<p>&nbsp;<\/p>\n<h3 data-start=\"4701\" data-end=\"4710\">Preguntas frecuentes<\/h3>\n<p data-start=\"4711\" data-end=\"4835\"><strong data-start=\"4711\" data-end=\"4772\">Q1: \u00bfCu\u00e1l es la velocidad m\u00e1xima del motor tuk tuk de 1500W?<\/strong><br data-start=\"4772\" data-end=\"4775\" \/>A1: Puede alcanzar hasta 55 km\/h, ideal para el desplazamiento urbano.<\/p>\n<p data-start=\"4837\" data-end=\"4935\"><strong data-start=\"4837\" data-end=\"4878\">Q2: \u00bfCu\u00e1ntos pasajeros puede transportar?<\/strong><br data-start=\"4878\" data-end=\"4881\" \/>A2: Capacidad para el conductor y tres pasajeros.<\/p>\n<p data-start=\"4937\" data-end=\"5064\"><strong data-start=\"4937\" data-end=\"4986\">Q3: \u00bfPuedo actualizar la bater\u00eda a iones de litio?<\/strong><br data-start=\"4986\" data-end=\"4989\" \/>A3: S\u00ed, las opciones OEM permiten actualizaciones de bater\u00edas de iones de litio para un rango m\u00e1s largo.<\/p>\n<p data-start=\"5066\" data-end=\"5168\"><strong data-start=\"5066\" data-end=\"5100\">Q4: \u00bfCu\u00e1l es el tiempo de carga?<\/strong><br data-start=\"5100\" data-end=\"5103\" \/>A4: El tiempo de carga est\u00e1ndar es de 8 a 10 horas para una carga completa.<\/p>\n<p data-start=\"5170\" data-end=\"5321\"><strong data-start=\"5170\" data-end=\"5221\">Q5: \u00bfEs este veh\u00edculo adecuado para regiones monta\u00f1osas?<\/strong><br data-start=\"5221\" data-end=\"5224\" \/>A5: S\u00ed, con una capacidad de escalada de 25\u00b0, maneja de manera efectiva \u00e1reas semiurbanas y monta\u00f1osas rurales.<\/p>","protected":false},"excerpt":{"rendered":"<p>El <strong data-start=\"449\" data-end=\"472\">1500W motor tuk tuk<\/strong> es un moderno veh\u00edculo el\u00e9ctrico de pasajeros dise\u00f1ado para reemplazar a los rickshaws tradicionales a base de combustible con una soluci\u00f3n m\u00e1s limpia y rentable. Construido con un potente motor AC 60V1500W y controlador adaptativo, este tuk tuk el\u00e9ctrico proporciona una aceleraci\u00f3n suave, una excelente capacidad de escalada y un largo rango de conducci\u00f3n, lo que lo hace ideal para el transporte de pasajeros urbano y semiurbano. Su robusta estructura, sistema de frenado eficiente y c\u00f3modo dise\u00f1o de asientos lo convierten en uno de los e-rickshaws m\u00e1s competitivos disponibles para uso comercial.<\/p>","protected":false},"featured_media":3859,"comment_status":"open","ping_status":"closed","template":"","meta":[],"product_brand":[],"product_cat":[78],"product_tag":[],"class_list":{"0":"post-3849","1":"product","2":"type-product","3":"status-publish","4":"has-post-thumbnail","6":"product_cat-electric-tricycle","8":"first","9":"instock","10":"shipping-taxable","11":"product-type-simple"},"_links":{"self":[{"href":"https:\/\/www.tairuiauto.com\/es\/wp-json\/wp\/v2\/product\/3849","targetHints":{"allow":["GET"]}}],"collection":[{"href":"https:\/\/www.tairuiauto.com\/es\/wp-json\/wp\/v2\/product"}],"about":[{"href":"https:\/\/www.tairuiauto.com\/es\/wp-json\/wp\/v2\/types\/product"}],"replies":[{"embeddable":true,"href":"https:\/\/www.tairuiauto.com\/es\/wp-json\/wp\/v2\/comments?post=3849"}],"wp:featuredmedia":[{"embeddable":true,"href":"https:\/\/www.tairuiauto.com\/es\/wp-json\/wp\/v2\/media\/3859"}],"wp:attachment":[{"href":"https:\/\/www.tairuiauto.com\/es\/wp-json\/wp\/v2\/media?parent=3849"}],"wp:term":[{"taxonomy":"product_brand","embeddable":true,"href":"https:\/\/www.tairuiauto.com\/es\/wp-json\/wp\/v2\/product_brand?post=3849"},{"taxonomy":"product_cat","embeddable":true,"href":"https:\/\/www.tairuiauto.com\/es\/wp-json\/wp\/v2\/product_cat?post=3849"},{"taxonomy":"product_tag","embeddable":true,"href":"https:\/\/www.tairuiauto.com\/es\/wp-json\/wp\/v2\/product_tag?post=3849"}],"curies":[{"name":"WP","href":"https:\/\/api.w.org\/{rel}","templated":true}]}}