{"id":3869,"date":"2025-09-24T09:10:28","date_gmt":"2025-09-24T01:10:28","guid":{"rendered":"https:\/\/www.tairuiauto.com\/?post_type=product&#038;p=3869"},"modified":"2025-09-24T09:02:59","modified_gmt":"2025-09-24T01:02:59","slug":"3000w-motor-tuk-tuk","status":"publish","type":"product","link":"https:\/\/www.tairuiauto.com\/es\/product\/3000w-motor-tuk-tuk\/","title":{"rendered":"3000W motor tuk tuk"},"content":{"rendered":"<h3 data-start=\"430\" data-end=\"455\">Descripci\u00f3n del producto<\/h3>\n<p data-start=\"456\" data-end=\"1046\">Con su potente motor AC de 60V 4000W, sistema de controlador avanzado y suspensi\u00f3n independiente, este tuk tuk el\u00e9ctrico est\u00e1 dise\u00f1ado tanto para la comodidad como para el rendimiento.<\/p>\n<table style=\"border-collapse: collapse; width: 74.2693%; height: 699px;\" border=\"0\" width=\"729\" cellspacing=\"0\" cellpadding=\"0\">\n<tbody>\n<tr style=\"height: 20.00pt;\">\n<td class=\"et3\" style=\"height: 20pt; width: 41.5677%;\" width=\"344\" height=\"33\">modelo<\/td>\n<td class=\"et3\" style=\"width: 58.3135%;\" width=\"385\">3000W motor tuk tuk<\/td>\n<\/tr>\n<tr style=\"height: 20.00pt;\">\n<td class=\"et4\" style=\"height: 20pt; width: 41.5677%;\" width=\"344\" height=\"33\">Dimensiones totales del veh\u00edculo (mm)<\/td>\n<td class=\"et4\" style=\"width: 58.3135%;\" width=\"385\">2750*1300*2000<\/td>\n<\/tr>\n<tr style=\"height: 20.00pt;\">\n<td class=\"et4\" style=\"height: 20pt; width: 41.5677%;\" width=\"344\" height=\"33\">Panel de control<\/td>\n<td class=\"et4\" style=\"width: 58.3135%;\" width=\"385\">El\u00e9ctrica con tablero de control<\/td>\n<\/tr>\n<tr style=\"height: 20.00pt;\">\n<td class=\"et4\" style=\"height: 20pt; width: 41.5677%;\" width=\"344\" height=\"33\">controlador del motor<\/td>\n<td class=\"et4\" style=\"width: 58.3135%;\" width=\"385\">60\/72V 4000w adaptable, adecuado para el l\u00edmite superior de voltaje de la bater\u00eda de fosfato de hierro de litio 93v, l\u00edmite inferior 63v<\/td>\n<\/tr>\n<tr style=\"height: 20.00pt;\">\n<td class=\"et4\" style=\"height: 20pt; width: 41.5677%;\" width=\"344\" height=\"33\">eje trasero<\/td>\n<td class=\"et4\" style=\"width: 58.3135%;\" width=\"385\">Freno de ba\u00f1o de aceite, varilla de articulaci\u00f3n de bola de autom\u00f3vil<\/td>\n<\/tr>\n<tr style=\"height: 20.00pt;\">\n<td class=\"et4\" style=\"height: 20pt; width: 41.5677%;\" width=\"344\" height=\"33\">Freno delantero<\/td>\n<td class=\"et4\" style=\"width: 58.3135%;\" width=\"385\">Freno de disco de 180mm de di\u00e1metro<\/td>\n<\/tr>\n<tr style=\"height: 20.00pt;\">\n<td class=\"et4\" style=\"height: 20pt; width: 41.5677%;\" width=\"344\" height=\"33\">freno trasero<\/td>\n<td class=\"et4\" style=\"width: 58.3135%;\" width=\"385\">Freno de disco de 220mm de di\u00e1metro<\/td>\n<\/tr>\n<tr style=\"height: 20.00pt;\">\n<td class=\"et4\" style=\"height: 20pt; width: 41.5677%;\" width=\"344\" height=\"33\">\u00c1ngulo de escalada<\/td>\n<td class=\"et4\" style=\"width: 58.3135%;\" width=\"385\">35 \u00b0<\/td>\n<\/tr>\n<tr style=\"height: 20.00pt;\">\n<td class=\"et4\" style=\"height: 20pt; width: 41.5677%;\" width=\"344\" height=\"33\">Faros delanteros<\/td>\n<td class=\"et4\" style=\"width: 58.3135%;\" width=\"385\">led<\/td>\n<\/tr>\n<tr style=\"height: 20.00pt;\">\n<td class=\"et4\" style=\"height: 20pt; width: 41.5677%;\" width=\"344\" height=\"33\">Capacidad de carga<\/td>\n<td class=\"et4\" style=\"width: 58.3135%;\" width=\"385\">1 3personas<\/td>\n<\/tr>\n<tr style=\"height: 27.00pt;\">\n<td class=\"et4\" style=\"height: 27pt; width: 41.5677%;\" width=\"344\" height=\"45\">otros Opcional<\/td>\n<td class=\"et4\" style=\"width: 58.3135%;\" width=\"385\">Freno de estacionamiento manual, radio Bluetooth, carga USB, doble puerta<\/td>\n<\/tr>\n<tr style=\"height: 20.00pt;\">\n<td class=\"et4\" style=\"height: 20pt; width: 41.5677%;\" width=\"344\" height=\"33\">cubo de rueda<\/td>\n<td class=\"et4\" style=\"width: 58.3135%;\" width=\"385\">cubo de rueda<\/td>\n<\/tr>\n<tr style=\"height: 20.00pt;\">\n<td class=\"et4\" style=\"height: 20pt; width: 41.5677%;\" width=\"344\" height=\"33\">motor<\/td>\n<td class=\"et4\" style=\"width: 58.3135%;\" width=\"385\">Motor de CA 60V 4000W<\/td>\n<\/tr>\n<tr style=\"height: 20.00pt;\">\n<td class=\"et4\" style=\"height: 20pt; width: 41.5677%;\" width=\"344\" height=\"33\">Amortizador frontal<\/td>\n<td class=\"et4\" style=\"width: 58.3135%;\" width=\"385\">Doble hombro telesc\u00f3pico amortiguador horquilla delantera<\/td>\n<\/tr>\n<tr style=\"height: 20.00pt;\">\n<td class=\"et4\" style=\"height: 20pt; width: 41.5677%;\" width=\"344\" height=\"33\">Suspensi\u00f3n trasera<\/td>\n<td class=\"et4\" style=\"width: 58.3135%;\" width=\"385\">suspensi\u00f3n independiente<\/td>\n<\/tr>\n<tr style=\"height: 20.00pt;\">\n<td class=\"et4\" style=\"height: 20pt; width: 41.5677%;\" width=\"344\" height=\"33\">velocidad m\u00e1xima<\/td>\n<td class=\"et4\" style=\"width: 58.3135%;\" width=\"385\">55 Km\/h<\/td>\n<\/tr>\n<tr style=\"height: 20.00pt;\">\n<td class=\"et4\" style=\"height: 20pt; width: 41.5677%;\" width=\"344\" height=\"33\">Neum\u00e1ticos delanteros y traseros<\/td>\n<td class=\"et4\" style=\"width: 58.3135%;\" width=\"385\">F 400-10\/R 400-10<\/td>\n<\/tr>\n<tr style=\"height: 20.00pt;\">\n<td class=\"et4\" style=\"height: 20pt; width: 41.5677%;\" width=\"344\" height=\"33\">resistencia<\/td>\n<td class=\"et4\" style=\"width: 58.3135%;\" width=\"385\">140-165km<\/td>\n<\/tr>\n<tr style=\"height: 20.00pt;\">\n<td class=\"et4\" style=\"height: 20pt; width: 41.5677%;\" width=\"344\" height=\"33\">Bater\u00eda<\/td>\n<td class=\"et4\" style=\"width: 58.3135%;\" width=\"385\">Bater\u00eda de iones de litio 60v150AH<\/td>\n<\/tr>\n<tr style=\"height: 20.00pt;\">\n<td class=\"et4\" style=\"height: 20pt; width: 41.5677%;\" width=\"344\" height=\"33\">Tiempo de carga<\/td>\n<td class=\"et4\" style=\"width: 58.3135%;\" width=\"385\">8-10 horas<\/td>\n<\/tr>\n<tr style=\"height: 20.00pt;\">\n<td class=\"et4\" style=\"height: 20pt; width: 41.5677%;\" width=\"344\" height=\"33\">Cargando en 40HQ<\/td>\n<td class=\"et4\" style=\"width: 58.3135%;\" width=\"385\">SKD 27\/CKD 40<\/td>\n<\/tr>\n<tr style=\"height: 20.00pt;\">\n<td class=\"et4\" style=\"height: 20pt; width: 41.5677%;\" width=\"344\" height=\"33\">Cargando en 40HQ<\/td>\n<td class=\"et4\" style=\"width: 58.3135%;\" width=\"385\">27sets \/ 40HQ CKD<\/td>\n<\/tr>\n<\/tbody>\n<\/table>\n<p>&nbsp;<\/p>\n<hr \/>\n<p>&nbsp;<\/p>\n<h3 data-start=\"1048\" data-end=\"1083\">Caracter\u00edsticas clave &amp; Puntos de venta<\/h3>\n<ol data-start=\"1084\" data-end=\"1653\">\n<li data-start=\"1084\" data-end=\"1207\">\n<p data-start=\"1087\" data-end=\"1207\"><strong data-start=\"1087\" data-end=\"1113\">Motor de alta potencia 3000W<\/strong> Asegura una excelente aceleraci\u00f3n, capacidad de escalada (hasta 35\u00b0) y control fiable de velocidad.<\/p>\n<\/li>\n<li data-start=\"1208\" data-end=\"1350\">\n<p data-start=\"1211\" data-end=\"1350\"><strong data-start=\"1211\" data-end=\"1237\">Bater\u00eda de rango extendido<\/strong> Equipado con una bater\u00eda de iones de litio de 60V 150Ah, que entrega 140-165 km por carga para operaciones de larga distancia.<\/p>\n<\/li>\n<li data-start=\"1351\" data-end=\"1497\">\n<p data-start=\"1354\" data-end=\"1497\"><strong data-start=\"1354\" data-end=\"1385\">Suspensi\u00f3n orientada a la comodidad<\/strong> Los amortiguadores telesc\u00f3picos dobles en la suspensi\u00f3n delantera y trasera independientes proporcionan una conducci\u00f3n suave y estable.<\/p>\n<\/li>\n<li data-start=\"1498\" data-end=\"1653\">\n<p data-start=\"1501\" data-end=\"1653\"><strong data-start=\"1501\" data-end=\"1519\">Caracter\u00edsticas inteligentes<\/strong> Opciones como radio Bluetooth, carga USB, freno de estacionamiento manual y dise\u00f1o de doble puerta mejoran la experiencia del conductor y el pasajero.<\/p>\n<\/li>\n<\/ol>\n<p>&nbsp;<\/p>\n<hr \/>\n<p>&nbsp;<\/p>\n<h3 data-start=\"1655\" data-end=\"1686\">Ventajas diferenciadas<\/h3>\n<ol data-start=\"1687\" data-end=\"2240\">\n<li data-start=\"1687\" data-end=\"1820\">\n<p data-start=\"1690\" data-end=\"1820\"><strong data-start=\"1690\" data-end=\"1717\">Sistema de frenado superior<\/strong> Los frenos de disco delanteros de 180 mm y traseros de 220 mm garantizan la m\u00e1xima seguridad y una distancia de frenado m\u00e1s corta.<\/p>\n<\/li>\n<li data-start=\"1821\" data-end=\"1939\">\n<p data-start=\"1824\" data-end=\"1939\"><strong data-start=\"1824\" data-end=\"1849\">Calidad de construcci\u00f3n duradera<\/strong> \u2013 El chasis de acero reforzado y la carrocer\u00eda resistente a las intemperie aseguran la longevidad en uso intensivo.<\/p>\n<\/li>\n<li data-start=\"1940\" data-end=\"2084\">\n<p data-start=\"1943\" data-end=\"2084\"><strong data-start=\"1943\" data-end=\"1976\">Transporte de pasajeros eficiente<\/strong> \u2013 Con capacidad de 1 3 asientos, este <strong data-start=\"2011\" data-end=\"2034\">3000W motor tuk tuk<\/strong> es ideal para servicios de taxi urbanos y rurales.<\/p>\n<\/li>\n<li data-start=\"2085\" data-end=\"2240\">\n<p data-start=\"2088\" data-end=\"2240\"><strong data-start=\"2088\" data-end=\"2114\">Operaci\u00f3n Ecol\u00f3gica<\/strong> \u2013 En comparaci\u00f3n con los rickshaws a base de combustible, este tuk tuk el\u00e9ctrico reduce el CO \u2082  las emisiones y reduce dr\u00e1sticamente los gastos de combustible.<\/p>\n<\/li>\n<\/ol>\n<p>&nbsp;<\/p>\n<hr \/>\n<p>&nbsp;<\/p>\n<h3 data-start=\"2242\" data-end=\"2270\">Especificaciones del producto<\/h3>\n<ul data-start=\"2271\" data-end=\"2845\">\n<li data-start=\"2271\" data-end=\"2305\">\n<p data-start=\"2273\" data-end=\"2305\"><strong data-start=\"2273\" data-end=\"2283\">Modelo:<\/strong> 3000W Motor Tuk Tuk<\/p>\n<\/li>\n<li data-start=\"2344\" data-end=\"2371\">\n<p data-start=\"2346\" data-end=\"2371\"><strong data-start=\"2346\" data-end=\"2356\">Motor:<\/strong> CA 60V 4000W<\/p>\n<\/li>\n<li data-start=\"2372\" data-end=\"2410\">\n<p data-start=\"2374\" data-end=\"2410\"><strong data-start=\"2374\" data-end=\"2386\">Bater\u00eda:<\/strong> Iones de litio 60V 150Ah<\/p>\n<\/li>\n<li data-start=\"2411\" data-end=\"2447\">\n<p data-start=\"2413\" data-end=\"2447\"><strong data-start=\"2413\" data-end=\"2434\">Rango por carga:<\/strong> 140\u2013165 km<\/p>\n<\/li>\n<li data-start=\"2448\" data-end=\"2474\">\n<p data-start=\"2450\" data-end=\"2474\"><strong data-start=\"2450\" data-end=\"2464\">Velocidad m\u00e1xima:<\/strong> 55 km\/h<\/p>\n<\/li>\n<li data-start=\"2475\" data-end=\"2522\">\n<p data-start=\"2477\" data-end=\"2522\"><strong data-start=\"2477\" data-end=\"2498\">Capacidad de asiento:<\/strong> Conductor 3 pasajeros<\/p>\n<\/li>\n<li data-start=\"2523\" data-end=\"2575\">\n<p data-start=\"2525\" data-end=\"2575\"><strong data-start=\"2525\" data-end=\"2540\">Controlador:<\/strong> Controlador adaptativo 60\/72V 4000W<\/p>\n<\/li>\n<li data-start=\"2576\" data-end=\"2606\">\n<p data-start=\"2578\" data-end=\"2606\"><strong data-start=\"2578\" data-end=\"2600\">Capacidad de escalada:<\/strong> 35 \u00b0<\/p>\n<\/li>\n<li data-start=\"2607\" data-end=\"2677\">\n<p data-start=\"2609\" data-end=\"2677\"><strong data-start=\"2609\" data-end=\"2628\">Sistema de frenado:<\/strong> Freno de disco delantero de 180mm \/ Freno de disco trasero de 220mm<\/p>\n<\/li>\n<li data-start=\"2678\" data-end=\"2712\">\n<p data-start=\"2680\" data-end=\"2712\"><strong data-start=\"2680\" data-end=\"2690\">Neum\u00e1ticos:<\/strong> F 400-10 \/ R 400-10<\/p>\n<\/li>\n<li data-start=\"2713\" data-end=\"2769\">\n<p data-start=\"2715\" data-end=\"2769\"><strong data-start=\"2715\" data-end=\"2729\">Panel de control:<\/strong> El\u00e9ctrico con pantalla multifunci\u00f3n<\/p>\n<\/li>\n<li data-start=\"2770\" data-end=\"2845\">\n<p data-start=\"2772\" data-end=\"2845\"><strong data-start=\"2772\" data-end=\"2785\">Opcional:<\/strong> Freno de estacionamiento, radio Bluetooth, carga USB, doble puerta<\/p>\n<\/li>\n<\/ul>\n<p>&nbsp;<\/p>\n<h3 data-start=\"2847\" data-end=\"2873\">Par\u00e1metros t\u00e9cnicos<\/h3>\n<ul data-start=\"2874\" data-end=\"3161\">\n<li data-start=\"2874\" data-end=\"2931\">\n<p data-start=\"2876\" data-end=\"2931\"><strong data-start=\"2876\" data-end=\"2897\">Suspensi\u00f3n frontal:<\/strong> amortiguadores telesc\u00f3picos dobles<\/p>\n<\/li>\n<li data-start=\"2932\" data-end=\"2986\">\n<p data-start=\"2934\" data-end=\"2986\"><strong data-start=\"2934\" data-end=\"2954\">Suspensi\u00f3n trasera:<\/strong> Sistema de suspensi\u00f3n independiente<\/p>\n<\/li>\n<li data-start=\"2987\" data-end=\"3032\">\n<p data-start=\"2989\" data-end=\"3032\"><strong data-start=\"2989\" data-end=\"3009\">Sistema de iluminaci\u00f3n:<\/strong> Faros delanteros led<\/p>\n<\/li>\n<li data-start=\"3033\" data-end=\"3066\">\n<p data-start=\"3035\" data-end=\"3066\"><strong data-start=\"3035\" data-end=\"3053\">Tiempo de carga:<\/strong> 8-10 horas<\/p>\n<\/li>\n<li data-start=\"3067\" data-end=\"3117\">\n<p data-start=\"3069\" data-end=\"3117\"><strong data-start=\"3069\" data-end=\"3089\">Cargando en 40HQ:<\/strong> SKD 27 conjuntos \/ CKD 40 conjuntos<\/p>\n<\/li>\n<li data-start=\"3118\" data-end=\"3161\">\n<p data-start=\"3120\" data-end=\"3161\"><strong data-start=\"3120\" data-end=\"3143\">Ciclo de vida de la bater\u00eda:<\/strong> 800-1000 ciclos<\/p>\n<\/li>\n<\/ul>\n<p><img fetchpriority=\"high\" decoding=\"async\" class=\"alignnone size-medium wp-image-3871\" src=\"https:\/\/www.tairuiauto.com\/wp-content\/uploads\/2025\/09\/20250515055704ef8cc-300x300.png\" alt=\"\" width=\"300\" height=\"300\" srcset=\"\" sizes=\"(max-width: 300px) 100vw, 300px\" data-srcset=\"\" \/>\u00a0 \u00a0 \u00a0 \u00a0 \u00a0 \u00a0 \u00a0 \u00a0 \u00a0 \u00a0\u00a0 <img decoding=\"async\" class=\"alignnone size-medium wp-image-3872\" src=\"https:\/\/www.tairuiauto.com\/wp-content\/uploads\/2025\/09\/202505150556328c900-300x300.png\" alt=\"\" width=\"300\" height=\"300\" srcset=\"\" sizes=\"(max-width: 300px) 100vw, 300px\" data-srcset=\"\" \/>\u00a0 \u00a0 \u00a0 \u00a0 \u00a0 \u00a0 \u00a0 \u00a0<img decoding=\"async\" class=\"alignnone size-medium wp-image-3873\" src=\"https:\/\/www.tairuiauto.com\/wp-content\/uploads\/2025\/09\/20250515055607895a7-300x300.png\" alt=\"\" width=\"300\" height=\"300\" srcset=\"\" sizes=\"(max-width: 300px) 100vw, 300px\" data-srcset=\"\" \/><\/p>\n<h3 data-start=\"3163\" data-end=\"3177\">Material<\/h3>\n<ul data-start=\"3178\" data-end=\"3411\">\n<li data-start=\"3178\" data-end=\"3235\">\n<p data-start=\"3180\" data-end=\"3235\"><strong data-start=\"3180\" data-end=\"3190\">Marco:<\/strong> Acero de alta resistencia con revestimiento antioxidante<\/p>\n<\/li>\n<li data-start=\"3236\" data-end=\"3296\">\n<p data-start=\"3238\" data-end=\"3296\"><strong data-start=\"3238\" data-end=\"3254\">Paneles del cuerpo:<\/strong> ABS duradero y paneles met\u00e1licos reforzados<\/p>\n<\/li>\n<li data-start=\"3297\" data-end=\"3333\">\n<p data-start=\"3299\" data-end=\"3333\"><strong data-start=\"3299\" data-end=\"3310\">Ruedas:<\/strong> Hubs de hierro pesados<\/p>\n<\/li>\n<li data-start=\"3334\" data-end=\"3411\">\n<p data-start=\"3336\" data-end=\"3411\"><strong data-start=\"3336\" data-end=\"3348\">Bater\u00eda:<\/strong> Iones de litio avanzados para una vida \u00fatil prolongada y eficiencia energ\u00e9tica<\/p>\n<\/li>\n<\/ul>\n<p>&nbsp;<\/p>\n<h3 data-start=\"3413\" data-end=\"3429\">Apariencia<\/h3>\n<p data-start=\"3430\" data-end=\"3599\">El <strong data-start=\"3434\" data-end=\"3457\">3000W motor tuk tuk<\/strong> cuenta con una carrocer\u00eda aerodin\u00e1mica moderna, una elegante fascia frontal con luces LED y colores personalizables para satisfacer los requisitos de la marca o la flota.<\/p>\n<h3 data-start=\"3601\" data-end=\"3613\">Dise\u00f1o<\/h3>\n<p data-start=\"3614\" data-end=\"3831\">Con un tablero centrado en el conductor, asientos ergon\u00f3micos y amplio espacio para pasajeros, este tuk tuk el\u00e9ctrico garantiza comodidad en cada viaje. La opci\u00f3n de doble puerta proporciona seguridad y comodidad adicionales para los operadores comerciales.<\/p>\n<h3 data-start=\"3833\" data-end=\"3856\">Personalizaci\u00f3n OEM<\/h3>\n<ul data-start=\"3857\" data-end=\"4026\">\n<li data-start=\"3857\" data-end=\"3894\">\n<p data-start=\"3859\" data-end=\"3894\">Marca personalizada e impresi\u00f3n de logotipos<\/p>\n<\/li>\n<li data-start=\"3895\" data-end=\"3934\">\n<p data-start=\"3897\" data-end=\"3934\">Elecci\u00f3n del tipo de bater\u00eda y capacidad<\/p>\n<\/li>\n<li data-start=\"3935\" data-end=\"3979\">\n<p data-start=\"3937\" data-end=\"3979\">Modificaci\u00f3n adicional de asientos o carga<\/p>\n<\/li>\n<li data-start=\"3980\" data-end=\"4026\">\n<p data-start=\"3982\" data-end=\"4026\">Instalaci\u00f3n opcional del sistema de entretenimiento<\/p>\n<\/li>\n<\/ul>\n<p>&nbsp;<\/p>\n<h3 data-start=\"4028\" data-end=\"4049\">Control de calidad<\/h3>\n<ul data-start=\"4050\" data-end=\"4235\">\n<li data-start=\"4050\" data-end=\"4103\">\n<p data-start=\"4052\" data-end=\"4103\">100% prueba de motor y controlador antes de la entrega<\/p>\n<\/li>\n<li data-start=\"4104\" data-end=\"4146\">\n<p data-start=\"4106\" data-end=\"4146\">Comprobaciones de durabilidad de frenos y suspensiones<\/p>\n<\/li>\n<li data-start=\"4147\" data-end=\"4188\">\n<p data-start=\"4149\" data-end=\"4188\">Certificado seg\u00fan las normas ISO y CCC<\/p>\n<\/li>\n<li data-start=\"4189\" data-end=\"4235\">\n<p data-start=\"4191\" data-end=\"4235\">Embalaje CKD\/SKD para un env\u00edo global seguro<\/p>\n<\/li>\n<\/ul>\n<p>&nbsp;<\/p>\n<h3 data-start=\"4237\" data-end=\"4262\">Servicio posventa<\/h3>\n<ul data-start=\"4263\" data-end=\"4446\">\n<li data-start=\"4263\" data-end=\"4309\">\n<p data-start=\"4265\" data-end=\"4309\">Garant\u00eda del motor, bater\u00eda y controlador<\/p>\n<\/li>\n<li data-start=\"4310\" data-end=\"4356\">\n<p data-start=\"4312\" data-end=\"4356\">Disponibilidad de piezas de repuesto para compradores globales<\/p>\n<\/li>\n<li data-start=\"4357\" data-end=\"4404\">\n<p data-start=\"4359\" data-end=\"4404\">Soporte t\u00e9cnico remoto y formaci\u00f3n en v\u00eddeo<\/p>\n<\/li>\n<li data-start=\"4405\" data-end=\"4446\">\n<p data-start=\"4407\" data-end=\"4446\">Consulta de por vida para el mantenimiento<\/p>\n<\/li>\n<\/ul>\n<p>&nbsp;<\/p>\n<h3 data-start=\"4448\" data-end=\"4472\">Campos de aplicaci\u00f3n<\/h3>\n<ul data-start=\"4473\" data-end=\"4631\">\n<li data-start=\"4473\" data-end=\"4505\">\n<p data-start=\"4475\" data-end=\"4505\">Servicio de taxi de pasajeros urbanos<\/p>\n<\/li>\n<li data-start=\"4506\" data-end=\"4532\">\n<p data-start=\"4508\" data-end=\"4532\">Transporte urbano tur\u00edstico<\/p>\n<\/li>\n<li data-start=\"4533\" data-end=\"4576\">\n<p data-start=\"4535\" data-end=\"4576\">Movilidad compartida y flotas de transporte<\/p>\n<\/li>\n<li data-start=\"4577\" data-end=\"4631\">\n<p data-start=\"4579\" data-end=\"4631\">Viajes familiares o privados en ciudades ecol\u00f3gicas<\/p>\n<\/li>\n<\/ul>\n<p>&nbsp;<\/p>\n<h3 data-start=\"4633\" data-end=\"4653\">M\u00e9todo de pago<\/h3>\n<ul data-start=\"4654\" data-end=\"4753\">\n<li data-start=\"4654\" data-end=\"4693\">\n<p data-start=\"4656\" data-end=\"4693\">T \/ T, L \/ C, Western Union y PayPal<\/p>\n<\/li>\n<li data-start=\"4694\" data-end=\"4753\">\n<p data-start=\"4696\" data-end=\"4753\">Condiciones de pago flexibles para distribuidores y pedidos a granel<\/p>\n<\/li>\n<\/ul>\n<p>&nbsp;<\/p>\n<hr \/>\n<p>&nbsp;<\/p>\n<h3 data-start=\"4755\" data-end=\"4764\">Preguntas frecuentes<\/h3>\n<p data-start=\"4765\" data-end=\"4917\"><strong data-start=\"4765\" data-end=\"4837\">Q1: \u00bfCu\u00e1l es el rango del motor tuk tuk de 3000W en una sola carga?<\/strong><br data-start=\"4837\" data-end=\"4840\" \/>A1: Puede viajar entre 140-165 km dependiendo de las condiciones de carretera y carga.<\/p>\n<p data-start=\"4919\" data-end=\"5029\"><strong data-start=\"4919\" data-end=\"4960\">Q2: \u00bfCu\u00e1ntos pasajeros puede transportar?<\/strong><br data-start=\"4960\" data-end=\"4963\" \/>A2: El veh\u00edculo puede transportar 1 conductor y 3 pasajeros c\u00f3modamente.<\/p>\n<p data-start=\"5031\" data-end=\"5179\"><strong data-start=\"5031\" data-end=\"5091\">Q3: \u00bfEs el tuk tuk motor de 3000W adecuado para \u00e1reas monta\u00f1osas?<\/strong><br data-start=\"5091\" data-end=\"5094\" \/>A3: S\u00ed, tiene una capacidad de escalada de hasta 35\u00b0, lo que lo hace ideal para terrenos monta\u00f1osos.<\/p>\n<p data-start=\"5181\" data-end=\"5309\"><strong data-start=\"5181\" data-end=\"5239\">Q4: \u00bfCu\u00e1nto tiempo tarda en cargar completamente la bater\u00eda?<\/strong><br data-start=\"5239\" data-end=\"5242\" \/>A4: La carga requiere entre 8 y 10 horas utilizando un cargador est\u00e1ndar.<\/p>\n<p data-start=\"5311\" data-end=\"5440\"><strong data-start=\"5311\" data-end=\"5361\">Q5: \u00bfPuedo pedir colores personalizados o marca?<\/strong><br data-start=\"5361\" data-end=\"5364\" \/>A5: S\u00ed, la personalizaci\u00f3n del OEM est\u00e1 disponible para los operadores de flota y los revendedores.<\/p>","protected":false},"excerpt":{"rendered":"<p>El <strong data-start=\"460\" data-end=\"483\">3000W motor tuk tuk<\/strong> representa la pr\u00f3xima generaci\u00f3n de veh\u00edculos el\u00e9ctricos de pasajeros. Con su potente motor AC de 60V 4000W, sistema de controlador avanzado y suspensi\u00f3n independiente, este tuk tuk el\u00e9ctrico est\u00e1 dise\u00f1ado tanto para la comodidad como para el rendimiento. Con una velocidad m\u00e1xima de 55 km\/h y un impresionante alcance de conducci\u00f3n de hasta 165 km por carga, supera a los rickshaws tradicionales a base de combustible al tiempo que garantiza bajos costos operativos. Su amplia cabina, marco duradero y caracter\u00edsticas modernas lo convierten en una opci\u00f3n ideal para el transporte de pasajeros, servicios de movilidad compartida y desplazamientos urbanos.<\/p>","protected":false},"featured_media":3870,"comment_status":"open","ping_status":"closed","template":"","meta":[],"product_brand":[],"product_cat":[78],"product_tag":[],"class_list":{"0":"post-3869","1":"product","2":"type-product","3":"status-publish","4":"has-post-thumbnail","6":"product_cat-electric-tricycle","8":"first","9":"instock","10":"shipping-taxable","11":"product-type-simple"},"_links":{"self":[{"href":"https:\/\/www.tairuiauto.com\/es\/wp-json\/wp\/v2\/product\/3869","targetHints":{"allow":["GET"]}}],"collection":[{"href":"https:\/\/www.tairuiauto.com\/es\/wp-json\/wp\/v2\/product"}],"about":[{"href":"https:\/\/www.tairuiauto.com\/es\/wp-json\/wp\/v2\/types\/product"}],"replies":[{"embeddable":true,"href":"https:\/\/www.tairuiauto.com\/es\/wp-json\/wp\/v2\/comments?post=3869"}],"wp:featuredmedia":[{"embeddable":true,"href":"https:\/\/www.tairuiauto.com\/es\/wp-json\/wp\/v2\/media\/3870"}],"wp:attachment":[{"href":"https:\/\/www.tairuiauto.com\/es\/wp-json\/wp\/v2\/media?parent=3869"}],"wp:term":[{"taxonomy":"product_brand","embeddable":true,"href":"https:\/\/www.tairuiauto.com\/es\/wp-json\/wp\/v2\/product_brand?post=3869"},{"taxonomy":"product_cat","embeddable":true,"href":"https:\/\/www.tairuiauto.com\/es\/wp-json\/wp\/v2\/product_cat?post=3869"},{"taxonomy":"product_tag","embeddable":true,"href":"https:\/\/www.tairuiauto.com\/es\/wp-json\/wp\/v2\/product_tag?post=3869"}],"curies":[{"name":"WP","href":"https:\/\/api.w.org\/{rel}","templated":true}]}}