{"id":3895,"date":"2026-01-24T09:58:13","date_gmt":"2026-01-24T01:58:13","guid":{"rendered":"https:\/\/www.tairuiauto.com\/?post_type=product&#038;p=3895"},"modified":"2026-01-27T11:07:04","modified_gmt":"2026-01-27T03:07:04","slug":"4000w-motor-tuk-tuk","status":"publish","type":"product","link":"https:\/\/www.tairuiauto.com\/es\/product\/4000w-motor-tuk-tuk\/","title":{"rendered":"Mini pasajero el\u00e9ctrico Tuk Tuk"},"content":{"rendered":"<h2 style=\"padding-left: 40px;\" data-start=\"441\" data-end=\"460\">Descripci\u00f3n general del producto<\/h2>\n<p style=\"padding-left: 40px;\" data-start=\"462\" data-end=\"749\">Este mini tuk tuk el\u00e9ctrico de pasajeros est\u00e1 dise\u00f1ado para el desplazamiento urbano, el transporte de barrio y los servicios de pasajeros en grupos peque\u00f1os. Sus dimensiones compactas, sistema de suspensi\u00f3n estable y configuraci\u00f3n de potencia adaptable lo hacen perfecto para entornos urbanos densos y mercados en desarrollo.<\/p>\n<table style=\"border-collapse: collapse; width: 75.2766%; height: 715px; margin-left: 40px;\" border=\"0\" width=\"823\" cellspacing=\"0\" cellpadding=\"0\">\n<tbody style=\"padding-left: 40px;\">\n<tr style=\"height: 20pt; padding-left: 40px;\">\n<td class=\"et3\" style=\"height: 20pt; width: 39.8593%; padding-left: 40px;\" width=\"427\" height=\"33\">modelo<\/td>\n<td class=\"et3\" style=\"width: 60.0234%; padding-left: 40px;\" width=\"396\">Mini pasajero el\u00e9ctrico Tuk Tuk<\/td>\n<\/tr>\n<tr style=\"height: 20pt; padding-left: 40px;\">\n<td class=\"et4\" style=\"height: 20pt; width: 39.8593%; padding-left: 40px;\" width=\"427\" height=\"33\">Tama\u00f1o general<\/td>\n<td class=\"et4\" style=\"width: 60.0234%; padding-left: 40px;\" width=\"396\">2750 * 1300 * 2000 mm<\/td>\n<\/tr>\n<tr style=\"height: 20pt; padding-left: 40px;\">\n<td class=\"et4\" style=\"height: 20pt; width: 39.8593%; padding-left: 40px;\" width=\"427\" height=\"33\">Medidores<\/td>\n<td class=\"et4\" style=\"width: 60.0234%; padding-left: 40px;\" width=\"396\">El\u00e9ctrica con tablero de control<\/td>\n<\/tr>\n<tr style=\"height: 34pt; padding-left: 40px;\">\n<td class=\"et4\" style=\"height: 34pt; width: 39.8593%; padding-left: 40px;\" width=\"427\" height=\"56\">Controlador<\/td>\n<td class=\"et4\" style=\"width: 60.0234%; padding-left: 40px;\" width=\"396\">60\/72V4000wAdaptable, adecuado para el l\u00edmite superior de voltaje de la bater\u00eda de fosfato de hierro de litio 93v, l\u00edmite inferior 63v<\/td>\n<\/tr>\n<tr style=\"height: 20pt; padding-left: 40px;\">\n<td class=\"et4\" style=\"height: 20pt; width: 39.8593%; padding-left: 40px;\" width=\"427\" height=\"33\">Eje trasero<\/td>\n<td class=\"et4\" style=\"width: 60.0234%; padding-left: 40px;\" width=\"396\">Freno de cubo de aceite, varilla de conexi\u00f3n de jaula de bolas de autom\u00f3viles<\/td>\n<\/tr>\n<tr style=\"height: 20pt; padding-left: 40px;\">\n<td class=\"et4\" style=\"height: 20pt; width: 39.8593%; padding-left: 40px;\" width=\"427\" height=\"33\">Freno delantero<\/td>\n<td class=\"et4\" style=\"width: 60.0234%; padding-left: 40px;\" width=\"396\">Freno de disco de 180mm de di\u00e1metro<\/td>\n<\/tr>\n<tr style=\"height: 20pt; padding-left: 40px;\">\n<td class=\"et4\" style=\"height: 20pt; width: 39.8593%; padding-left: 40px;\" width=\"427\" height=\"33\">Freno trasero<\/td>\n<td class=\"et4\" style=\"width: 60.0234%; padding-left: 40px;\" width=\"396\">Freno de tambor hidr\u00e1ulico de 220mm de di\u00e1metro<\/td>\n<\/tr>\n<tr style=\"height: 20pt; padding-left: 40px;\">\n<td class=\"et4\" style=\"height: 20pt; width: 39.8593%; padding-left: 40px;\" width=\"427\" height=\"33\">Gradabilidad<\/td>\n<td class=\"et4\" style=\"width: 60.0234%; padding-left: 40px;\" width=\"396\">25 \u00b0<\/td>\n<\/tr>\n<tr style=\"height: 20pt; padding-left: 40px;\">\n<td class=\"et5\" style=\"height: 20pt; width: 39.8593%; padding-left: 40px;\" width=\"427\" height=\"33\">Faros<\/td>\n<td class=\"et4\" style=\"width: 60.0234%; padding-left: 40px;\" width=\"396\">Normal, bombilla grande ordinaria, opcionalLED<\/td>\n<\/tr>\n<tr style=\"height: 20pt; padding-left: 40px;\">\n<td class=\"et4\" style=\"height: 20pt; width: 39.8593%; padding-left: 40px;\" width=\"427\" height=\"33\">Capacidad de carga<\/td>\n<td class=\"et4\" style=\"width: 60.0234%; padding-left: 40px;\" width=\"396\">D 3 personas<\/td>\n<\/tr>\n<tr style=\"height: 20pt; padding-left: 40px;\">\n<td class=\"et4\" style=\"height: 20pt; width: 39.8593%; padding-left: 40px;\" width=\"427\" height=\"33\">otra opci\u00f3n<\/td>\n<td class=\"et4\" style=\"width: 60.0234%; padding-left: 40px;\" width=\"396\">Freno de pie Freno de mano en uno<\/td>\n<\/tr>\n<tr style=\"height: 20pt; padding-left: 40px;\">\n<td class=\"et4\" style=\"height: 20pt; width: 39.8593%; padding-left: 40px;\" width=\"427\" height=\"33\">Art\u00edculo<\/td>\n<td class=\"et4\" style=\"width: 60.0234%; padding-left: 40px;\" width=\"396\">Especificaciones<\/td>\n<\/tr>\n<tr style=\"height: 20pt; padding-left: 40px;\">\n<td class=\"et4\" style=\"height: 20pt; width: 39.8593%; padding-left: 40px;\" width=\"427\" height=\"33\">Rim<\/td>\n<td class=\"et4\" style=\"width: 60.0234%; padding-left: 40px;\" width=\"396\">Ruedas de hierro<\/td>\n<\/tr>\n<tr style=\"height: 20pt; padding-left: 40px;\">\n<td class=\"et4\" style=\"height: 20pt; width: 39.8593%; padding-left: 40px;\" width=\"427\" height=\"33\">E-motor<\/td>\n<td class=\"et4\" style=\"width: 60.0234%; padding-left: 40px;\" width=\"396\">AC-60V4000W<\/td>\n<\/tr>\n<tr style=\"height: 20pt; padding-left: 40px;\">\n<td class=\"et4\" style=\"height: 20pt; width: 39.8593%; padding-left: 40px;\" width=\"427\" height=\"33\">Suspensi\u00f3n frontal<\/td>\n<td class=\"et4\" style=\"width: 60.0234%; padding-left: 40px;\" width=\"396\">Doble hombro rocker brazo amortiguador horquilla delantera<\/td>\n<\/tr>\n<tr style=\"height: 20pt; padding-left: 40px;\">\n<td class=\"et4\" style=\"height: 20pt; width: 39.8593%; padding-left: 40px;\" width=\"427\" height=\"33\">Suspensi\u00f3n trasera<\/td>\n<td class=\"et4\" style=\"width: 60.0234%; padding-left: 40px;\" width=\"396\">Independencia colgando<\/td>\n<\/tr>\n<tr style=\"height: 20pt; padding-left: 40px;\">\n<td class=\"et4\" style=\"height: 20pt; width: 39.8593%; padding-left: 40px;\" width=\"427\" height=\"33\">Velocidad m\u00e1xima<\/td>\n<td class=\"et4\" style=\"width: 60.0234%; padding-left: 40px;\" width=\"396\">55 Km\/h<\/td>\n<\/tr>\n<tr style=\"height: 20pt; padding-left: 40px;\">\n<td class=\"et4\" style=\"height: 20pt; width: 39.8593%; padding-left: 40px;\" width=\"427\" height=\"33\">Neum\u00e1ticos (F\/R)<\/td>\n<td class=\"et4\" style=\"width: 60.0234%; padding-left: 40px;\" width=\"396\">4.00-10<\/td>\n<\/tr>\n<tr style=\"height: 20pt; padding-left: 40px;\">\n<td class=\"et4\" style=\"height: 20pt; width: 39.8593%; padding-left: 40px;\" width=\"427\" height=\"33\">Kilometraje por carga<\/td>\n<td class=\"et4\" style=\"width: 60.0234%; padding-left: 40px;\" width=\"396\">140 kil\u00f3metros<\/td>\n<\/tr>\n<tr style=\"height: 20pt; padding-left: 40px;\">\n<td class=\"et4\" style=\"height: 20pt; width: 39.8593%; padding-left: 40px;\" width=\"427\" height=\"33\">Bater\u00eda<\/td>\n<td class=\"et4\" style=\"width: 60.0234%; padding-left: 40px;\" width=\"396\">60v \/ 72v150AH<\/td>\n<\/tr>\n<tr style=\"height: 20pt; padding-left: 40px;\">\n<td class=\"et4\" style=\"height: 20pt; width: 39.8593%; padding-left: 40px;\" width=\"427\" height=\"33\">Tiempo de carga<\/td>\n<td class=\"et4\" style=\"width: 60.0234%; padding-left: 40px;\" width=\"396\">8-10 horas<\/td>\n<\/tr>\n<tr style=\"height: 20pt; padding-left: 40px;\">\n<td class=\"et4\" style=\"height: 20pt; width: 39.8593%; padding-left: 40px;\" width=\"427\" height=\"33\">Cargando en 40HQ<\/td>\n<td class=\"et4\" style=\"width: 60.0234%; padding-left: 40px;\" width=\"396\">27sets \/ 40HQ CKD<\/td>\n<\/tr>\n<\/tbody>\n<\/table>\n<hr style=\"padding-left: 40px;\" data-start=\"751\" data-end=\"754\" \/>\n<h2 style=\"padding-left: 40px;\" data-start=\"756\" data-end=\"778\">Descripci\u00f3n del producto<\/h2>\n<h3 style=\"padding-left: 40px;\" data-start=\"780\" data-end=\"802\">Categor\u00eda de producto<\/h3>\n<p style=\"padding-left: 40px;\" data-start=\"803\" data-end=\"889\">Tuk Tuk el\u00e9ctrico de pasajeros \/ veh\u00edculo el\u00e9ctrico de transporte el\u00e9ctrico de tres ruedas \/ urbano<\/p>\n<h3 style=\"padding-left: 40px;\" data-start=\"891\" data-end=\"916\">Descripci\u00f3n del producto<\/h3>\n<p style=\"padding-left: 40px;\" data-start=\"918\" data-end=\"1101\">El <strong data-start=\"922\" data-end=\"957\">Mini pasajero el\u00e9ctrico Tuk Tuk<\/strong> presenta un tama\u00f1o general de <strong data-start=\"986\" data-end=\"1011\">2750 \u00d7 1300 \u00d7 2000 mm<\/strong>equilibrando el espacio interior de pasajeros con una excelente maniobrabilidad en estrechas carreteras urbanas.<\/p>\n<p style=\"padding-left: 40px;\" data-start=\"1103\" data-end=\"1404\">Est\u00e1 alimentado por un <strong data-start=\"1123\" data-end=\"1154\">Motor el\u00e9ctrico AC 60V\/4000W<\/strong>, emparejado con una <strong data-start=\"1170\" data-end=\"1200\">Controlador adaptativo 60\/72V<\/strong> Compatible con sistemas de bater\u00eda de fosfato de hierro de litio. El controlador funciona dentro de un rango de voltaje de <strong data-start=\"1307\" data-end=\"1318\">63V-93V<\/strong>Garantizando una entrega de energ\u00eda estable y eficiente bajo condiciones de carga y carretera variables.<\/p>\n<p style=\"padding-left: 40px;\" data-start=\"1406\" data-end=\"1709\">La energ\u00eda es suministrada por una <strong data-start=\"1430\" data-end=\"1458\">Bater\u00eda 60V o 72V 150Ah<\/strong>proporcionando una <strong data-start=\"1472\" data-end=\"1516\">autonom\u00eda de conducci\u00f3n de hasta 140 km por carga<\/strong>. El tiempo de carga es aproximadamente <strong data-start=\"1553\" data-end=\"1567\">8-10 horas<\/strong>lo que lo hace adecuado para la carga durante la noche o en el dep\u00f3sito. El veh\u00edculo llega a <strong data-start=\"1643\" data-end=\"1671\">Velocidad m\u00e1xima de 55 km\/h<\/strong>Ideal para el transporte urbano de pasajeros.<\/p>\n<p style=\"padding-left: 40px;\" data-start=\"1406\" data-end=\"1709\"><img fetchpriority=\"high\" decoding=\"async\" class=\"alignnone size-medium wp-image-3864\" src=\"https:\/\/www.tairuiauto.com\/wp-content\/uploads\/2025\/09\/6-13-300x225.jpg\" alt=\"\" width=\"300\" height=\"225\" srcset=\"\" sizes=\"(max-width: 300px) 100vw, 300px\" data-srcset=\"\" \/> \u00a0<img decoding=\"async\" class=\"alignnone size-medium wp-image-3863\" src=\"https:\/\/www.tairuiauto.com\/wp-content\/uploads\/2025\/09\/5-18-300x225.jpg\" alt=\"\" width=\"300\" height=\"225\" srcset=\"\" sizes=\"(max-width: 300px) 100vw, 300px\" data-srcset=\"\" \/> \u00a0 <img decoding=\"async\" class=\"alignnone size-medium wp-image-3860\" src=\"https:\/\/www.tairuiauto.com\/wp-content\/uploads\/2025\/09\/2-21-300x225.jpg\" alt=\"\" width=\"300\" height=\"225\" srcset=\"\" sizes=\"(max-width: 300px) 100vw, 300px\" data-srcset=\"\" \/><\/p>\n<p style=\"padding-left: 40px;\" data-start=\"1711\" data-end=\"2108\">El sistema de frenado consiste en una <strong data-start=\"1744\" data-end=\"1771\">Freno de disco delantero de 180 mm<\/strong> y una <strong data-start=\"1778\" data-end=\"1814\">Freno de tambor hidr\u00e1ulico trasero de 220 mm<\/strong>que ofrece un rendimiento de parada fiable. El eje trasero adopta un <strong data-start=\"1880\" data-end=\"1944\">freno de cubo de aceite con varilla de conexi\u00f3n de jaula de bolas de grado autom\u00f3vil<\/strong>Mejorar la durabilidad y la estabilidad operativa. El veh\u00edculo ofrece una <strong data-start=\"2017\" data-end=\"2046\">gradabilidad de hasta 25\u00b0<\/strong>que permite un rendimiento seguro en pendientes y terrenos desiguales.<\/p>\n<p style=\"padding-left: 40px;\" data-start=\"2110\" data-end=\"2472\">Para comodidad de conducci\u00f3n y estabilidad de manejo, la suspensi\u00f3n delantera utiliza un <strong data-start=\"2179\" data-end=\"2236\">horquilla frontal amortiguadora de doble hombro<\/strong>Mientras que la parte trasera presenta un <strong data-start=\"2265\" data-end=\"2306\">sistema de suspensi\u00f3n colgante independiente<\/strong>Reduciendo efectivamente la vibraci\u00f3n durante la operaci\u00f3n. El veh\u00edculo est\u00e1 equipado con <strong data-start=\"2386\" data-end=\"2403\">4.00-10 neum\u00e1ticos<\/strong> y <strong data-start=\"2408\" data-end=\"2423\">ruedas de hierro<\/strong>garantizando la durabilidad en el uso comercial diario.<\/p>\n<p style=\"padding-left: 40px;\" data-start=\"2474\" data-end=\"2849\">La capacidad de pasajeros est\u00e1 configurada para <strong data-start=\"2511\" data-end=\"2536\">conductor 3 pasajeros<\/strong>lo que lo hace adecuado para el transporte de grupos peque\u00f1os. El equipo est\u00e1ndar incluye un <strong data-start=\"2615\" data-end=\"2639\">tablero el\u00e9ctrico<\/strong>mientras que las opciones de iluminaci\u00f3n incluyen <strong data-start=\"2672\" data-end=\"2725\">bombillas grandes est\u00e1ndar con faros led opcionales<\/strong>Las caracter\u00edsticas adicionales incluyen un <strong data-start=\"2757\" data-end=\"2802\">sistema combinado de freno de pie y freno de mano<\/strong>Mejorar la comodidad operativa y la seguridad.<\/p>\n<p style=\"padding-left: 40px;\" data-start=\"2851\" data-end=\"2977\">Para la eficiencia log\u00edstica, el veh\u00edculo se suministra en <strong data-start=\"2904\" data-end=\"2916\">Formulario CKD<\/strong>Con una capacidad de carga de <strong data-start=\"2945\" data-end=\"2976\">27 unidades por contenedor 40HQ<\/strong>.<\/p>\n<hr style=\"padding-left: 40px;\" data-start=\"2979\" data-end=\"2982\" \/>\n<h2 style=\"padding-left: 40px;\" data-start=\"2984\" data-end=\"3012\">Caracter\u00edsticas clave &amp; Ventajas<\/h2>\n<h3 style=\"padding-left: 40px;\" data-start=\"3014\" data-end=\"3028\">Caracter\u00edsticas<\/h3>\n<ul>\n<li style=\"list-style-type: none;\">\n<ul data-start=\"3029\" data-end=\"3246\">\n<li data-start=\"3029\" data-end=\"3064\">\n<p data-start=\"3031\" data-end=\"3064\">60V \/ 72V 4000W motor el\u00e9ctrico de CA<\/p>\n<\/li>\n<li data-start=\"3065\" data-end=\"3116\">\n<p data-start=\"3067\" data-end=\"3116\">Controlador adaptativo para sistemas de bater\u00edas de litio<\/p>\n<\/li>\n<li data-start=\"3117\" data-end=\"3163\">\n<p data-start=\"3119\" data-end=\"3163\">Freno de tambor hidr\u00e1ulico delantero y trasero<\/p>\n<\/li>\n<li data-start=\"3164\" data-end=\"3195\">\n<p data-start=\"3166\" data-end=\"3195\">Suspensi\u00f3n trasera independiente<\/p>\n<\/li>\n<li data-start=\"3196\" data-end=\"3246\">\n<p data-start=\"3198\" data-end=\"3246\">Tama\u00f1o compacto con capacidad pr\u00e1ctica para pasajeros<\/p>\n<\/li>\n<\/ul>\n<\/li>\n<\/ul>\n<h3 style=\"padding-left: 40px;\" data-start=\"3248\" data-end=\"3264\">Ventajas<\/h3>\n<ul>\n<li style=\"list-style-type: none;\">\n<ul data-start=\"3265\" data-end=\"3421\">\n<li data-start=\"3265\" data-end=\"3304\">\n<p data-start=\"3267\" data-end=\"3304\">Fuerte potencia para carreteras urbanas<\/p>\n<\/li>\n<li data-start=\"3305\" data-end=\"3344\">\n<p data-start=\"3307\" data-end=\"3344\">Calidad de conducci\u00f3n estable y c\u00f3moda<\/p>\n<\/li>\n<li data-start=\"3345\" data-end=\"3378\">\n<p data-start=\"3347\" data-end=\"3378\">Largo rango de conducci\u00f3n por carga<\/p>\n<\/li>\n<li data-start=\"3379\" data-end=\"3421\">\n<p data-start=\"3381\" data-end=\"3421\">Env\u00edo eficiente de CKD para pedidos a granel<\/p>\n<\/li>\n<\/ul>\n<\/li>\n<\/ul>\n<h3 style=\"padding-left: 40px;\" data-start=\"3423\" data-end=\"3443\">Beneficios del comprador<\/h3>\n<ul>\n<li style=\"list-style-type: none;\">\n<ul data-start=\"3444\" data-end=\"3624\">\n<li data-start=\"3444\" data-end=\"3487\">\n<p data-start=\"3446\" data-end=\"3487\">Reducci\u00f3n de los costos de operaci\u00f3n y mantenimiento<\/p>\n<\/li>\n<li data-start=\"3488\" data-end=\"3530\">\n<p data-start=\"3490\" data-end=\"3530\">F\u00e1cil maniobra en ciudades aglomeradas<\/p>\n<\/li>\n<li data-start=\"3531\" data-end=\"3567\">\n<p data-start=\"3533\" data-end=\"3567\">Opciones flexibles de voltaje de la bater\u00eda<\/p>\n<\/li>\n<li data-start=\"3568\" data-end=\"3624\">\n<p data-start=\"3570\" data-end=\"3624\">Alta eficiencia de transporte para grupos peque\u00f1os de pasajeros<\/p>\n<\/li>\n<\/ul>\n<\/li>\n<\/ul>\n<h3 style=\"padding-left: 40px;\" data-start=\"3626\" data-end=\"3640\">Evidencia<\/h3>\n<ul>\n<li style=\"list-style-type: none;\">\n<ul data-start=\"3641\" data-end=\"3769\">\n<li data-start=\"3641\" data-end=\"3691\">\n<p data-start=\"3643\" data-end=\"3691\">Configuraci\u00f3n de motor AC y controlador adaptativo<\/p>\n<\/li>\n<li data-start=\"3692\" data-end=\"3732\">\n<p data-start=\"3694\" data-end=\"3732\">Dise\u00f1o probado de frenado y suspensi\u00f3n<\/p>\n<\/li>\n<li data-start=\"3733\" data-end=\"3769\">\n<p data-start=\"3735\" data-end=\"3769\">Especificaci\u00f3n de bater\u00eda de largo alcance<\/p>\n<\/li>\n<\/ul>\n<\/li>\n<\/ul>\n<hr style=\"padding-left: 40px;\" data-start=\"3771\" data-end=\"3774\" \/>\n<h2 style=\"padding-left: 40px;\" data-start=\"3776\" data-end=\"3800\">Escenarios de aplicaci\u00f3n<\/h2>\n<ul>\n<li style=\"list-style-type: none;\">\n<ul data-start=\"3802\" data-end=\"4001\">\n<li data-start=\"3802\" data-end=\"3846\">\n<p data-start=\"3804\" data-end=\"3846\">Transporte urbano de pasajeros de corta distancia<\/p>\n<\/li>\n<li data-start=\"3847\" data-end=\"3887\">\n<p data-start=\"3849\" data-end=\"3887\">Comunidad y vecindario<\/p>\n<\/li>\n<li data-start=\"3888\" data-end=\"3914\">\n<p data-start=\"3890\" data-end=\"3914\">Servicios de traslado local<\/p>\n<\/li>\n<li data-start=\"3915\" data-end=\"3953\">\n<p data-start=\"3917\" data-end=\"3953\">Transporte de corta distancia en zona tur\u00edstica<\/p>\n<\/li>\n<li data-start=\"3954\" data-end=\"4001\">\n<p data-start=\"3956\" data-end=\"4001\">Operaciones comerciales de pasajeros a peque\u00f1a escala<\/p>\n<\/li>\n<\/ul>\n<\/li>\n<\/ul>\n<hr style=\"padding-left: 40px;\" data-start=\"4003\" data-end=\"4006\" \/>\n<h2 style=\"padding-left: 40px;\" data-start=\"4008\" data-end=\"4058\">Por qu\u00e9 elegir este mini pasajero el\u00e9ctrico Tuk Tuk<\/h2>\n<p style=\"padding-left: 40px;\" data-start=\"4060\" data-end=\"4333\">Este modelo combina dimensiones compactas, rendimiento energ\u00e9tico fiable y capacidad pr\u00e1ctica para pasajeros en una plataforma el\u00e9ctrica rentable. Es una opci\u00f3n ideal para los operadores que buscan una soluci\u00f3n fiable y eficiente para el transporte urbano de pasajeros y la movilidad de \u00faltima milla.<\/p>\n<hr style=\"padding-left: 40px;\" data-start=\"4335\" data-end=\"4338\" \/>\n<h2 style=\"padding-left: 40px;\" data-start=\"4340\" data-end=\"4363\">Embalaje &amp; Entrega<\/h2>\n<ul>\n<li style=\"list-style-type: none;\">\n<ul data-start=\"4365\" data-end=\"4549\">\n<li data-start=\"4365\" data-end=\"4391\">\n<p data-start=\"4367\" data-end=\"4391\"><strong data-start=\"4367\" data-end=\"4385\">Formulario de entrega:<\/strong> CKD<\/p>\n<\/li>\n<li data-start=\"4392\" data-end=\"4433\">\n<p data-start=\"4394\" data-end=\"4433\"><strong data-start=\"4394\" data-end=\"4415\">Capacidad de carga:<\/strong> 27 unidades \/ 40HQ<\/p>\n<\/li>\n<li data-start=\"4434\" data-end=\"4481\">\n<p data-start=\"4436\" data-end=\"4481\"><strong data-start=\"4436\" data-end=\"4455\">M\u00e9todo de embalaje:<\/strong> Embalaje est\u00e1ndar de exportaci\u00f3n<\/p>\n<\/li>\n<li data-start=\"4482\" data-end=\"4549\">\n<p data-start=\"4484\" data-end=\"4549\"><strong data-start=\"4484\" data-end=\"4502\">Personalizaci\u00f3n:<\/strong> Opciones de iluminaci\u00f3n y configuraci\u00f3n disponibles<\/p>\n<\/li>\n<\/ul>\n<\/li>\n<\/ul>\n<hr style=\"padding-left: 40px;\" data-start=\"4551\" data-end=\"4554\" \/>\n<h2 style=\"padding-left: 40px;\" data-start=\"4556\" data-end=\"4562\">Preguntas frecuentes<\/h2>\n<p style=\"padding-left: 40px;\" data-start=\"4564\" data-end=\"4671\"><strong data-start=\"4564\" data-end=\"4619\">Q1: \u00bfCu\u00e1l es la capacidad de pasajeros de este tuk tuk?<\/strong><br data-start=\"4619\" data-end=\"4622\" \/>Est\u00e1 configurado para <strong data-start=\"4643\" data-end=\"4670\">1 conductor 3 pasajeros<\/strong>.<\/p>\n<p style=\"padding-left: 40px;\" data-start=\"4673\" data-end=\"4818\"><strong data-start=\"4673\" data-end=\"4726\">Q2: \u00bfCu\u00e1l es el rango m\u00e1ximo de conducci\u00f3n por carga?<\/strong><br data-start=\"4726\" data-end=\"4729\" \/>El veh\u00edculo puede llegar <strong data-start=\"4751\" data-end=\"4778\">hasta 140 km por carga<\/strong>Dependiendo de las condiciones de carga y carretera.<\/p>\n<p style=\"padding-left: 40px;\" data-start=\"4820\" data-end=\"4920\"><strong data-start=\"4820\" data-end=\"4859\">Q3: \u00bfQu\u00e9 tipo de motor utiliza?<\/strong><br data-start=\"4859\" data-end=\"4862\" \/>Est\u00e1 equipado con una <strong data-start=\"4884\" data-end=\"4919\">60V \/ 72V 4000W motor el\u00e9ctrico de CA<\/strong>.<\/p>\n<p style=\"padding-left: 40px;\" data-start=\"4922\" data-end=\"5035\"><strong data-start=\"4922\" data-end=\"4958\">Q4: \u00bfQu\u00e9 sistema de frenado se utiliza?<\/strong><br data-start=\"4958\" data-end=\"4961\" \/>El veh\u00edculo cuenta con una <strong data-start=\"4984\" data-end=\"5034\">freno de disco delantero y freno de tambor hidr\u00e1ulico trasero<\/strong>.<\/p>\n<p style=\"padding-left: 40px;\" data-start=\"5037\" data-end=\"5143\"><strong data-start=\"5037\" data-end=\"5072\">Q5: \u00bfC\u00f3mo se env\u00eda el veh\u00edculo?<\/strong><br data-start=\"5072\" data-end=\"5075\" \/>Se env\u00eda en <strong data-start=\"5092\" data-end=\"5104\">Formulario CKD<\/strong>con <strong data-start=\"5111\" data-end=\"5142\">27 unidades por contenedor 40HQ<\/strong>.<\/p>\n<hr style=\"padding-left: 40px;\" data-start=\"4575\" data-end=\"4578\" \/>\n<p style=\"padding-left: 40px;\" data-start=\"5103\" data-end=\"5230\">","protected":false},"excerpt":{"rendered":"<p>El <strong data-start=\"142\" data-end=\"177\">Mini pasajero el\u00e9ctrico Tuk Tuk<\/strong> es un compacto pero potente veh\u00edculo el\u00e9ctrico de tres ruedas dise\u00f1ado para el transporte urbano de pasajeros. Con un motor AC robusto, un sistema de frenado fiable y una larga autonom\u00eda de conducci\u00f3n, ofrece una soluci\u00f3n pr\u00e1ctica y ecol\u00f3gica para la movilidad urbana de corta a media distancia.<\/p>","protected":false},"featured_media":5391,"comment_status":"open","ping_status":"closed","template":"","meta":[],"product_brand":[],"product_cat":[78],"product_tag":[],"class_list":{"0":"post-3895","1":"product","2":"type-product","3":"status-publish","4":"has-post-thumbnail","6":"product_cat-electric-tricycle","8":"first","9":"instock","10":"shipping-taxable","11":"product-type-simple"},"_links":{"self":[{"href":"https:\/\/www.tairuiauto.com\/es\/wp-json\/wp\/v2\/product\/3895","targetHints":{"allow":["GET"]}}],"collection":[{"href":"https:\/\/www.tairuiauto.com\/es\/wp-json\/wp\/v2\/product"}],"about":[{"href":"https:\/\/www.tairuiauto.com\/es\/wp-json\/wp\/v2\/types\/product"}],"replies":[{"embeddable":true,"href":"https:\/\/www.tairuiauto.com\/es\/wp-json\/wp\/v2\/comments?post=3895"}],"wp:featuredmedia":[{"embeddable":true,"href":"https:\/\/www.tairuiauto.com\/es\/wp-json\/wp\/v2\/media\/5391"}],"wp:attachment":[{"href":"https:\/\/www.tairuiauto.com\/es\/wp-json\/wp\/v2\/media?parent=3895"}],"wp:term":[{"taxonomy":"product_brand","embeddable":true,"href":"https:\/\/www.tairuiauto.com\/es\/wp-json\/wp\/v2\/product_brand?post=3895"},{"taxonomy":"product_cat","embeddable":true,"href":"https:\/\/www.tairuiauto.com\/es\/wp-json\/wp\/v2\/product_cat?post=3895"},{"taxonomy":"product_tag","embeddable":true,"href":"https:\/\/www.tairuiauto.com\/es\/wp-json\/wp\/v2\/product_tag?post=3895"}],"curies":[{"name":"WP","href":"https:\/\/api.w.org\/{rel}","templated":true}]}}