{"id":3948,"date":"2025-10-09T09:10:17","date_gmt":"2025-10-09T01:10:17","guid":{"rendered":"https:\/\/www.tairuiauto.com\/?post_type=product&#038;p=3948"},"modified":"2025-10-10T08:21:24","modified_gmt":"2025-10-10T00:21:24","slug":"7-seater-passenger-tuk","status":"publish","type":"product","link":"https:\/\/www.tairuiauto.com\/es\/product\/7-seater-passenger-tuk\/","title":{"rendered":"Tuk de pasajeros de 7 plazas"},"content":{"rendered":"<h3 data-start=\"364\" data-end=\"389\">Descripci\u00f3n del producto<\/h3>\n<p data-start=\"390\" data-end=\"885\">\u00a0Es adecuado para empresas de transporte de pasajeros, desplazamientos familiares y servicios de viaje compartido, lo que lo convierte en uno de los rickshaws el\u00e9ctricos m\u00e1s pr\u00e1cticos en el mercado hoy en d\u00eda.<\/p>\n<table style=\"border-collapse: collapse; width: 71.3822%; height: 544px;\" border=\"0\" width=\"716\" cellspacing=\"0\" cellpadding=\"0\">\n<tbody>\n<tr style=\"height: 20.00pt;\">\n<td class=\"et3\" style=\"height: 20pt; width: 41.0383%;\" width=\"337\" height=\"33\">modelo<\/td>\n<td class=\"et3\" style=\"width: 58.9617%;\" width=\"379\">Tricicleta de pasajeros de 7 plazas<\/td>\n<\/tr>\n<tr style=\"height: 20.00pt;\">\n<td class=\"et4\" style=\"height: 20pt; width: 41.0383%;\" width=\"337\" height=\"33\">Tama\u00f1o general<\/td>\n<td class=\"et4\" style=\"width: 58.9617%;\" width=\"379\">2920 mm * 1200 mm * 1820 mm<\/td>\n<\/tr>\n<tr style=\"height: 20.00pt;\">\n<td class=\"et4\" style=\"height: 20pt; width: 41.0383%;\" width=\"337\" height=\"33\">Instrumento<\/td>\n<td class=\"et4\" style=\"width: 58.9617%;\" width=\"379\">Instrumento electr\u00f3nico con tablero de mando<\/td>\n<\/tr>\n<tr style=\"height: 20.00pt;\">\n<td class=\"et4\" style=\"height: 20pt; width: 41.0383%;\" width=\"337\" height=\"33\">Controlador<\/td>\n<td class=\"et4\" style=\"width: 58.9617%;\" width=\"379\">30 tubos<\/td>\n<\/tr>\n<tr style=\"height: 20.00pt;\">\n<td class=\"et4\" style=\"height: 20pt; width: 41.0383%;\" width=\"337\" height=\"33\">Eje trasero<\/td>\n<td class=\"et4\" style=\"width: 58.9617%;\" width=\"379\">Eje trasero integrado<\/td>\n<\/tr>\n<tr style=\"height: 20.00pt;\">\n<td class=\"et4\" style=\"height: 20pt; width: 41.0383%;\" width=\"337\" height=\"33\">Freno trasero<\/td>\n<td class=\"et4\" style=\"width: 58.9617%;\" width=\"379\">Freno de tambor 180<\/td>\n<\/tr>\n<tr style=\"height: 20.00pt;\">\n<td class=\"et4\" style=\"height: 20pt; width: 41.0383%;\" width=\"337\" height=\"33\">\u00c1ngulo de gradabilidad<\/td>\n<td class=\"et4\" style=\"width: 58.9617%;\" width=\"379\">15 \u00b0<\/td>\n<\/tr>\n<tr style=\"height: 20.00pt;\">\n<td class=\"et4\" style=\"height: 20pt; width: 41.0383%;\" width=\"337\" height=\"33\">Faros<\/td>\n<td class=\"et4\" style=\"width: 58.9617%;\" width=\"379\">led<\/td>\n<\/tr>\n<tr style=\"height: 20.00pt;\">\n<td class=\"et4\" style=\"height: 20pt; width: 41.0383%;\" width=\"337\" height=\"33\">Capacidad de carga<\/td>\n<td class=\"et4\" style=\"width: 58.9617%;\" width=\"379\">D 2 3 personas<\/td>\n<\/tr>\n<tr style=\"height: 20.00pt;\">\n<td class=\"et4\" style=\"height: 20pt; width: 41.0383%;\" width=\"337\" height=\"33\">Rim<\/td>\n<td class=\"et4\" style=\"width: 58.9617%;\" width=\"379\">Rueda de hierro<\/td>\n<\/tr>\n<tr style=\"height: 20.00pt;\">\n<td class=\"et4\" style=\"height: 20pt; width: 41.0383%;\" width=\"337\" height=\"33\">E-motor<\/td>\n<td class=\"et4\" style=\"width: 58.9617%;\" width=\"379\">60V 1500W<\/td>\n<\/tr>\n<tr style=\"height: 20.00pt;\">\n<td class=\"et4\" style=\"height: 20pt; width: 41.0383%;\" width=\"337\" height=\"33\">Amortizador delantero<\/td>\n<td class=\"et4\" style=\"width: 58.9617%;\" width=\"379\">amortiguador hidr\u00e1ulico cilindro de aluminio<\/td>\n<\/tr>\n<tr style=\"height: 20.00pt;\">\n<td class=\"et4\" style=\"height: 20pt; width: 41.0383%;\" width=\"337\" height=\"33\">Suspensi\u00f3n trasera<\/td>\n<td class=\"et4\" style=\"width: 58.9617%;\" width=\"379\">Aumentar la absorci\u00f3n de choques del muelle de hoja<\/td>\n<\/tr>\n<tr style=\"height: 20.00pt;\">\n<td class=\"et4\" style=\"height: 20pt; width: 41.0383%;\" width=\"337\" height=\"33\">Velocidad m\u00e1xima<\/td>\n<td class=\"et4\" style=\"width: 58.9617%;\" width=\"379\">35 km\/h<\/td>\n<\/tr>\n<tr style=\"height: 20.00pt;\">\n<td class=\"et4\" style=\"height: 20pt; width: 41.0383%;\" width=\"337\" height=\"33\">Neum\u00e1ticos (F\/R)<\/td>\n<td class=\"et4\" style=\"width: 58.9617%;\" width=\"379\">4.00-12\/4.00-12<\/td>\n<\/tr>\n<tr style=\"height: 20.00pt;\">\n<td class=\"et4\" style=\"height: 20pt; width: 41.0383%;\" width=\"337\" height=\"33\">Kilometraje por carga<\/td>\n<td class=\"et4\" style=\"width: 58.9617%;\" width=\"379\">65\/75<\/td>\n<\/tr>\n<tr style=\"height: 20.00pt;\">\n<td class=\"et4\" style=\"height: 20pt; width: 41.0383%;\" width=\"337\" height=\"33\">Bater\u00eda<\/td>\n<td class=\"et4\" style=\"width: 58.9617%;\" width=\"379\">Bater\u00eda sin mantenimiento de plomo-\u00e1cido 60v52A<\/td>\n<\/tr>\n<tr style=\"height: 20.00pt;\">\n<td class=\"et4\" style=\"height: 20pt; width: 41.0383%;\" width=\"337\" height=\"33\">Tiempo de carga<\/td>\n<td class=\"et4\" style=\"width: 58.9617%;\" width=\"379\">8-10 horas<\/td>\n<\/tr>\n<\/tbody>\n<\/table>\n<h3 data-start=\"887\" data-end=\"918\"><\/h3>\n<p>&nbsp;<\/p>\n<hr \/>\n<p>&nbsp;<\/p>\n<h3 data-start=\"887\" data-end=\"918\">Caracter\u00edsticas clave &amp; Ventajas<\/h3>\n<ol data-start=\"919\" data-end=\"1651\">\n<li data-start=\"919\" data-end=\"1095\">\n<p data-start=\"922\" data-end=\"1095\"><strong data-start=\"922\" data-end=\"949\">Alta capacidad de pasajeros<\/strong> \u2013 El triciclo de pasajeros de 7 plazas puede acomodar hasta 7 pasajeros (dise\u00f1o D 2 3), lo que lo convierte en una opci\u00f3n ideal para el transporte comercial de pasajeros.<\/p>\n<\/li>\n<li data-start=\"1096\" data-end=\"1281\">\n<p data-start=\"1099\" data-end=\"1281\"><strong data-start=\"1099\" data-end=\"1125\">Fuerte potencia y alcance<\/strong> Equipado con un motor de 60V1500W y una bater\u00eda de plomo-\u00e1cido de 60V52Ah, este trike el\u00e9ctrico de pasajeros ofrece un alcance de conducci\u00f3n de hasta 75 km con una sola carga.<\/p>\n<\/li>\n<li data-start=\"1282\" data-end=\"1486\">\n<p data-start=\"1285\" data-end=\"1486\"><strong data-start=\"1285\" data-end=\"1307\">Seguridad y confort<\/strong> Con amortiguadores hidr\u00e1ulicos de cilindro de aluminio en la parte delantera y suspensi\u00f3n de muelle de hoja reforzada en la parte trasera, garantiza un viaje sin problemas tanto para el conductor como para los pasajeros.<\/p>\n<\/li>\n<li data-start=\"1487\" data-end=\"1651\">\n<p data-start=\"1490\" data-end=\"1651\"><strong data-start=\"1490\" data-end=\"1518\">Alternativa ecol\u00f3gica<\/strong> Este e-rickshaw proporciona una soluci\u00f3n de transporte verde, reduciendo las emisiones y los costos operativos en comparaci\u00f3n con los tuk tuks basados en combustible.<\/p>\n<\/li>\n<\/ol>\n<p><img fetchpriority=\"high\" decoding=\"async\" class=\"size-medium wp-image-3949 aligncenter\" src=\"https:\/\/www.tairuiauto.com\/wp-content\/uploads\/2025\/10\/three-wheeled-taxi7a281-300x300.webp\" alt=\"\" width=\"300\" height=\"300\" srcset=\"https:\/\/www.tairuiauto.com\/wp-content\/uploads\/2025\/10\/three-wheeled-taxi7a281-300x300.webp 300w, https:\/\/www.tairuiauto.com\/wp-content\/uploads\/2025\/10\/three-wheeled-taxi7a281-150x150.webp 150w, https:\/\/www.tairuiauto.com\/wp-content\/uploads\/2025\/10\/three-wheeled-taxi7a281-768x768.webp 768w, https:\/\/www.tairuiauto.com\/wp-content\/uploads\/2025\/10\/three-wheeled-taxi7a281-12x12.webp 12w, https:\/\/www.tairuiauto.com\/wp-content\/uploads\/2025\/10\/three-wheeled-taxi7a281-600x600.webp 600w, https:\/\/www.tairuiauto.com\/wp-content\/uploads\/2025\/10\/three-wheeled-taxi7a281-100x100.webp 100w, https:\/\/www.tairuiauto.com\/wp-content\/uploads\/2025\/10\/three-wheeled-taxi7a281.webp 800w\" sizes=\"(max-width: 300px) 100vw, 300px\" \/><\/p>\n<hr \/>\n<p>&nbsp;<\/p>\n<h3 data-start=\"1653\" data-end=\"1684\">Ventajas diferenciadas<\/h3>\n<ol data-start=\"1685\" data-end=\"2304\">\n<li data-start=\"1685\" data-end=\"1852\">\n<p data-start=\"1688\" data-end=\"1852\"><strong data-start=\"1688\" data-end=\"1725\">Optimizado para el transporte de pasajeros<\/strong> A diferencia del tuk tuk est\u00e1ndar, el <strong data-start=\"1758\" data-end=\"1789\">Tricicleta de pasajeros de 7 plazas<\/strong> Est\u00e1 construido espec\u00edficamente para maximizar el espacio de asiento y la comodidad.<\/p>\n<\/li>\n<li data-start=\"1853\" data-end=\"1987\">\n<p data-start=\"1856\" data-end=\"1987\"><strong data-start=\"1856\" data-end=\"1880\">Durabilidad en el dise\u00f1o<\/strong> Con ruedas de hierro, faros led y un marco de acero resistente, soporta el uso comercial frecuente.<\/p>\n<\/li>\n<li data-start=\"1988\" data-end=\"2127\">\n<p data-start=\"1991\" data-end=\"2127\"><strong data-start=\"1991\" data-end=\"2012\">Eficiencia energ\u00e9tica<\/strong> \u2013 El sistema de bater\u00eda soporta hasta 8-10 horas de funcionamiento, garantizando largos turnos de trabajo sin interrupciones.<\/p>\n<\/li>\n<li data-start=\"2128\" data-end=\"2304\">\n<p data-start=\"2131\" data-end=\"2304\"><strong data-start=\"2131\" data-end=\"2157\">Aplicaciones vers\u00e1tiles<\/strong> Ya sea para servicios de taxi locales, transporte rural de pasajeros o viajes tur\u00edsticos, este trike el\u00e9ctrico de pasajeros se adapta a m\u00faltiples necesidades empresariales.<\/p>\n<\/li>\n<\/ol>\n<p>&nbsp;<\/p>\n<hr \/>\n<p>&nbsp;<\/p>\n<h3 data-start=\"2928\" data-end=\"2954\">Par\u00e1metros t\u00e9cnicos<\/h3>\n<ul data-start=\"2955\" data-end=\"3212\">\n<li data-start=\"2955\" data-end=\"2986\">\n<p data-start=\"2957\" data-end=\"2986\"><strong data-start=\"2957\" data-end=\"2972\">Tipo de rueda:<\/strong> Ruedas de hierro<\/p>\n<\/li>\n<li data-start=\"2987\" data-end=\"3026\">\n<p data-start=\"2989\" data-end=\"3026\"><strong data-start=\"2989\" data-end=\"3003\">Eje trasero:<\/strong> Eje trasero integrado<\/p>\n<\/li>\n<li data-start=\"3027\" data-end=\"3080\">\n<p data-start=\"3029\" data-end=\"3080\"><strong data-start=\"3029\" data-end=\"3043\">Panel de control:<\/strong> Instrumento electr\u00f3nico con pantalla<\/p>\n<\/li>\n<li data-start=\"3081\" data-end=\"3114\">\n<p data-start=\"3083\" data-end=\"3114\"><strong data-start=\"3083\" data-end=\"3100\">Vida \u00fatil de la bater\u00eda:<\/strong> 600 ciclos<\/p>\n<\/li>\n<li data-start=\"3115\" data-end=\"3163\">\n<p data-start=\"3117\" data-end=\"3163\"><strong data-start=\"3117\" data-end=\"3138\">Liberaci\u00f3n de tierra:<\/strong> Optimizado para uso urbano<\/p>\n<\/li>\n<li data-start=\"3164\" data-end=\"3212\">\n<p data-start=\"3166\" data-end=\"3212\"><strong data-start=\"3166\" data-end=\"3184\">Opciones de color:<\/strong> Personalizable bajo petici\u00f3n<\/p>\n<\/li>\n<\/ul>\n<h3 data-start=\"3214\" data-end=\"3228\"><\/h3>\n<h3 data-start=\"3214\" data-end=\"3228\">Material<\/h3>\n<ul data-start=\"3229\" data-end=\"3372\">\n<li data-start=\"3229\" data-end=\"3269\">\n<p data-start=\"3231\" data-end=\"3269\"><strong data-start=\"3231\" data-end=\"3241\">Marco:<\/strong> Marco de acero de alta resistencia<\/p>\n<\/li>\n<li data-start=\"3270\" data-end=\"3317\">\n<p data-start=\"3272\" data-end=\"3317\"><strong data-start=\"3272\" data-end=\"3286\">Llante de rueda:<\/strong> Material de hierro para la durabilidad<\/p>\n<\/li>\n<li data-start=\"3318\" data-end=\"3372\">\n<p data-start=\"3320\" data-end=\"3372\"><strong data-start=\"3320\" data-end=\"3332\">Bater\u00eda:<\/strong> Tecnolog\u00eda sin mantenimiento de plomo-\u00e1cido<\/p>\n<\/li>\n<\/ul>\n<h3 data-start=\"3374\" data-end=\"3390\"><\/h3>\n<h3 data-start=\"3374\" data-end=\"3390\">Apariencia<\/h3>\n<p data-start=\"3391\" data-end=\"3610\">El triciclo viene en un dise\u00f1o moderno con una cabina espaciosa y una cubierta de techo extendida, proporcionando sombra y protecci\u00f3n contra el clima. Los faros LED agregan un aspecto contempor\u00e1neo al tiempo que garantizan la visibilidad durante las operaciones nocturnas.<\/p>\n<h3 data-start=\"3612\" data-end=\"3624\"><\/h3>\n<h3 data-start=\"3612\" data-end=\"3624\">Dise\u00f1o<\/h3>\n<p data-start=\"3625\" data-end=\"3859\">Dise\u00f1ado con la ergonom\u00eda y la comodidad del pasajero en mente, el <strong data-start=\"3689\" data-end=\"3720\">Tricicleta de pasajeros de 7 plazas<\/strong> cuenta con asientos amplios, f\u00e1cil entrada \/ salida y un chasis fuerte adecuado para el funcionamiento a largo plazo tanto en entornos urbanos como semiurbanos.<\/p>\n<h3 data-start=\"3861\" data-end=\"3884\"><\/h3>\n<h3 data-start=\"3861\" data-end=\"3884\">Personalizaci\u00f3n OEM<\/h3>\n<p data-start=\"3885\" data-end=\"3913\">Las opciones disponibles incluyen:<\/p>\n<ul data-start=\"3914\" data-end=\"4061\">\n<li data-start=\"3914\" data-end=\"3937\">\n<p data-start=\"3916\" data-end=\"3937\">Colores de pintura personalizados<\/p>\n<\/li>\n<li data-start=\"3938\" data-end=\"3977\">\n<p data-start=\"3940\" data-end=\"3977\">Etiquetas de marca para operadores de flotas<\/p>\n<\/li>\n<li data-start=\"3978\" data-end=\"4033\">\n<p data-start=\"3980\" data-end=\"4033\">Actualizaci\u00f3n de la capacidad de la bater\u00eda (opci\u00f3n de litio disponible)<\/p>\n<\/li>\n<li data-start=\"4034\" data-end=\"4061\">\n<p data-start=\"4036\" data-end=\"4061\">Ajustes del dise\u00f1o del asiento<\/p>\n<\/li>\n<\/ul>\n<h3 data-start=\"4063\" data-end=\"4084\"><\/h3>\n<h3 data-start=\"4063\" data-end=\"4084\">Control de calidad<\/h3>\n<ul data-start=\"4085\" data-end=\"4299\">\n<li data-start=\"4085\" data-end=\"4153\">\n<p data-start=\"4087\" data-end=\"4153\"><strong data-start=\"4087\" data-end=\"4119\">Estricto proceso de fabricaci\u00f3n<\/strong> L\u00ednea de producci\u00f3n certificada ISO<\/p>\n<\/li>\n<li data-start=\"4154\" data-end=\"4239\">\n<p data-start=\"4156\" data-end=\"4239\"><strong data-start=\"4156\" data-end=\"4177\">Prueba de componentes<\/strong> El motor, la bater\u00eda y el controlador se someten a pruebas de durabilidad<\/p>\n<\/li>\n<li data-start=\"4240\" data-end=\"4299\">\n<p data-start=\"4242\" data-end=\"4299\"><strong data-start=\"4242\" data-end=\"4262\">Inspecci\u00f3n Final<\/strong> \u2013 Cada unidad probada antes del env\u00edo<\/p>\n<\/li>\n<\/ul>\n<h3 data-start=\"4301\" data-end=\"4326\"><\/h3>\n<h3 data-start=\"4301\" data-end=\"4326\">Apoyo posventa<\/h3>\n<ul data-start=\"4327\" data-end=\"4501\">\n<li data-start=\"4327\" data-end=\"4385\">\n<p data-start=\"4329\" data-end=\"4385\">Suministro de piezas de repuesto (bater\u00eda, motor, controlador, neum\u00e1ticos)<\/p>\n<\/li>\n<li data-start=\"4386\" data-end=\"4422\">\n<p data-start=\"4388\" data-end=\"4422\">Formaci\u00f3n t\u00e9cnica para operadores<\/p>\n<\/li>\n<li data-start=\"4423\" data-end=\"4464\">\n<p data-start=\"4425\" data-end=\"4464\">Cobertura de garant\u00eda para componentes principales<\/p>\n<\/li>\n<li data-start=\"4465\" data-end=\"4501\">\n<p data-start=\"4467\" data-end=\"4501\">Soporte de servicio remoto disponible<\/p>\n<\/li>\n<\/ul>\n<p>&nbsp;<\/p>\n<h3 data-start=\"4503\" data-end=\"4527\">Campos de aplicaci\u00f3n<\/h3>\n<ul data-start=\"4528\" data-end=\"4649\">\n<li data-start=\"4528\" data-end=\"4551\">\n<p data-start=\"4530\" data-end=\"4551\">Servicios de taxi urbano<\/p>\n<\/li>\n<li data-start=\"4552\" data-end=\"4582\">\n<p data-start=\"4554\" data-end=\"4582\">Veh\u00edculos de transporte tur\u00edstico<\/p>\n<\/li>\n<li data-start=\"4583\" data-end=\"4618\">\n<p data-start=\"4585\" data-end=\"4618\">Viajes escolares en zonas rurales<\/p>\n<\/li>\n<li data-start=\"4619\" data-end=\"4649\">\n<p data-start=\"4621\" data-end=\"4649\">Empresas de movilidad compartida<\/p>\n<\/li>\n<\/ul>\n<p>&nbsp;<\/p>\n<h3 data-start=\"4651\" data-end=\"4671\">M\u00e9todo de pago<\/h3>\n<ul data-start=\"4672\" data-end=\"4755\">\n<li data-start=\"4672\" data-end=\"4755\">\n<p data-start=\"4674\" data-end=\"4755\">T \/ T, L \/ C, Western Union y otros t\u00e9rminos de pago del comercio internacional disponibles.<\/p>\n<\/li>\n<\/ul>\n<p>&nbsp;<\/p>\n<hr \/>\n<p>&nbsp;<\/p>\n<h3 data-start=\"4757\" data-end=\"4766\">Preguntas frecuentes<\/h3>\n<p data-start=\"4767\" data-end=\"4937\"><strong data-start=\"4767\" data-end=\"4841\">Q1: \u00bfCu\u00e1nto tiempo dura la bater\u00eda en el triciclo de pasajeros de 7 plazas?<\/strong><br data-start=\"4841\" data-end=\"4844\" \/>A1: La bater\u00eda de plomo-\u00e1cido soporta hasta 600 ciclos de carga, proporcionando 65-75 km por carga.<\/p>\n<p data-start=\"4939\" data-end=\"5086\"><strong data-start=\"4939\" data-end=\"5001\">Q2: \u00bfSe puede personalizar el triciclo con una bater\u00eda de litio?<\/strong><br data-start=\"5001\" data-end=\"5004\" \/>A2: S\u00ed, las opciones OEM permiten actualizaciones a bater\u00edas de iones de litio para un rango extendido.<\/p>\n<p data-start=\"5088\" data-end=\"5196\"><strong data-start=\"5088\" data-end=\"5135\">Q3: \u00bfCu\u00e1l es la capacidad m\u00e1xima de pasajeros?<\/strong><br data-start=\"5135\" data-end=\"5138\" \/>A3: El dise\u00f1o admite hasta 7 pasajeros (conductor 6).<\/p>\n<p data-start=\"5198\" data-end=\"5346\"><strong data-start=\"5198\" data-end=\"5247\">Q4: \u00bfEs este veh\u00edculo adecuado para carreteras monta\u00f1osas?<\/strong><br data-start=\"5247\" data-end=\"5250\" \/>A4: S\u00ed, puede subir gradientes de hasta 15\u00b0, lo que lo hace efectivo para \u00e1reas semiurbanas y rurales.<\/p>\n<p data-start=\"5348\" data-end=\"5494\"><strong data-start=\"5348\" data-end=\"5396\">Q5: \u00bfQu\u00e9 apoyo posventa proporciona?<\/strong><br data-start=\"5396\" data-end=\"5399\" \/>A5: Proporcionamos piezas de repuesto, garant\u00eda y gu\u00eda de servicio remoto para garantizar un funcionamiento sin problemas.<\/p>","protected":false},"excerpt":{"rendered":"<p>El <strong data-start=\"394\" data-end=\"425\">Tricicleta de pasajeros de 7 plazas<\/strong> es un veh\u00edculo el\u00e9ctrico fiable y eficiente dise\u00f1ado para el transporte urbano y los desplazamientos de corta distancia. Con su resistente motor 60V1500W, amortiguadores hidr\u00e1ulicos avanzados y eje trasero integrado fuerte, este modelo ofrece un excelente rendimiento y estabilidad incluso en carreteras urbanas desiguales. Es adecuado para empresas de transporte de pasajeros, desplazamientos familiares y servicios de viaje compartido, lo que lo convierte en uno de los rickshaws el\u00e9ctricos m\u00e1s pr\u00e1cticos en el mercado hoy en d\u00eda.<\/p>","protected":false},"featured_media":3950,"comment_status":"open","ping_status":"closed","template":"","meta":[],"product_brand":[],"product_cat":[78],"product_tag":[],"class_list":{"0":"post-3948","1":"product","2":"type-product","3":"status-publish","4":"has-post-thumbnail","6":"product_cat-electric-tricycle","8":"first","9":"instock","10":"shipping-taxable","11":"product-type-simple"},"_links":{"self":[{"href":"https:\/\/www.tairuiauto.com\/es\/wp-json\/wp\/v2\/product\/3948","targetHints":{"allow":["GET"]}}],"collection":[{"href":"https:\/\/www.tairuiauto.com\/es\/wp-json\/wp\/v2\/product"}],"about":[{"href":"https:\/\/www.tairuiauto.com\/es\/wp-json\/wp\/v2\/types\/product"}],"replies":[{"embeddable":true,"href":"https:\/\/www.tairuiauto.com\/es\/wp-json\/wp\/v2\/comments?post=3948"}],"wp:featuredmedia":[{"embeddable":true,"href":"https:\/\/www.tairuiauto.com\/es\/wp-json\/wp\/v2\/media\/3950"}],"wp:attachment":[{"href":"https:\/\/www.tairuiauto.com\/es\/wp-json\/wp\/v2\/media?parent=3948"}],"wp:term":[{"taxonomy":"product_brand","embeddable":true,"href":"https:\/\/www.tairuiauto.com\/es\/wp-json\/wp\/v2\/product_brand?post=3948"},{"taxonomy":"product_cat","embeddable":true,"href":"https:\/\/www.tairuiauto.com\/es\/wp-json\/wp\/v2\/product_cat?post=3948"},{"taxonomy":"product_tag","embeddable":true,"href":"https:\/\/www.tairuiauto.com\/es\/wp-json\/wp\/v2\/product_tag?post=3948"}],"curies":[{"name":"WP","href":"https:\/\/api.w.org\/{rel}","templated":true}]}}