{"id":3978,"date":"2025-10-11T09:55:45","date_gmt":"2025-10-11T01:55:45","guid":{"rendered":"https:\/\/www.tairuiauto.com\/?post_type=product&#038;p=3978"},"modified":"2025-10-10T09:03:45","modified_gmt":"2025-10-10T01:03:45","slug":"heavy-duty-cargo-electric-trike","status":"publish","type":"product","link":"https:\/\/www.tairuiauto.com\/es\/product\/heavy-duty-cargo-electric-trike\/","title":{"rendered":"Trike el\u00e9ctrico de carga pesada"},"content":{"rendered":"<h3 data-start=\"510\" data-end=\"535\">Descripci\u00f3n del producto<\/h3>\n<p data-start=\"536\" data-end=\"1007\">El <strong data-start=\"540\" data-end=\"570\">HANJIANG triciclo el\u00e9ctrico<\/strong> es un moderno y potente veh\u00edculo de carga de tres ruedas dise\u00f1ado para manejar las necesidades log\u00edsticas urbanas y rurales. Construido con un marco robusto, motor de alta capacidad y sistema de suspensi\u00f3n duradero, este veh\u00edculo de tres ruedas pesado es una excelente opci\u00f3n para las empresas que buscan eficiencia y fiabilidad. Con su mayor resistencia y fuerte capacidad de carga, es una alternativa econ\u00f3mica y ecol\u00f3gica a los veh\u00edculos tradicionales a base de combustible.<\/p>\n<table style=\"width: 67.9963%;\" width=\"771\">\n<tbody>\n<tr>\n<td style=\"width: 38.262%;\" width=\"430\">modelo<\/td>\n<td style=\"width: 60.8301%;\" width=\"341\">Trike el\u00e9ctrico de carga pesada HANJIANG<\/td>\n<\/tr>\n<tr>\n<td style=\"width: 38.262%;\" width=\"430\">L \u00d7 W \u00d7 H (mm)<\/td>\n<td style=\"width: 60.8301%;\" width=\"341\">3012 \u00d7 1390 \u00d7 1780<\/td>\n<\/tr>\n<tr>\n<td style=\"width: 38.262%;\" width=\"430\">Tama\u00f1o de la caja de carga (mm)<\/td>\n<td style=\"width: 60.8301%;\" width=\"341\">1800 \u00d7 1300<\/td>\n<\/tr>\n<tr>\n<td style=\"width: 38.262%;\" width=\"430\">Base de ruedas (mm)<\/td>\n<td style=\"width: 60.8301%;\" width=\"341\">2100<\/td>\n<\/tr>\n<tr>\n<td style=\"width: 38.262%;\" width=\"430\">Pista de ruedas (mm)<\/td>\n<td style=\"width: 60.8301%;\" width=\"341\">1560<\/td>\n<\/tr>\n<tr>\n<td style=\"width: 38.262%;\" width=\"430\">Distancia m\u00ednima al suelo (mm)<\/td>\n<td style=\"width: 60.8301%;\" width=\"341\">\u2265 150<\/td>\n<\/tr>\n<tr>\n<td style=\"width: 38.262%;\" width=\"430\">Radio m\u00ednimo de giro (m)<\/td>\n<td style=\"width: 60.8301%;\" width=\"341\">\u2264 4<\/td>\n<\/tr>\n<tr>\n<td style=\"width: 38.262%;\" width=\"430\">Peso del borde (kg)<\/td>\n<td style=\"width: 60.8301%;\" width=\"341\">350<\/td>\n<\/tr>\n<tr>\n<td style=\"width: 38.262%;\" width=\"430\">Velocidad m\u00e1xima (km\/h)<\/td>\n<td style=\"width: 60.8301%;\" width=\"341\">35-45<\/td>\n<\/tr>\n<tr>\n<td style=\"width: 38.262%;\" width=\"430\">Capacidad de grado (%)<\/td>\n<td style=\"width: 60.8301%;\" width=\"341\">\u2264 15<\/td>\n<\/tr>\n<tr>\n<td style=\"width: 38.262%;\" width=\"430\">Bater\u00eda<\/td>\n<td style=\"width: 60.8301%;\" width=\"341\">60\/72V45AH-58AH<\/td>\n<\/tr>\n<tr>\n<td style=\"width: 38.262%;\" width=\"430\">Motor, controlador (w)<\/td>\n<td style=\"width: 60.8301%;\" width=\"341\">60\/72V1800W im\u00e1n permanente<\/td>\n<\/tr>\n<tr>\n<td style=\"width: 38.262%;\" width=\"430\">Rango por carga (km)<\/td>\n<td style=\"width: 60.8301%;\" width=\"341\">50-70<\/td>\n<\/tr>\n<tr>\n<td style=\"width: 38.262%;\" width=\"430\">Tiempo de carga (h)<\/td>\n<td style=\"width: 60.8301%;\" width=\"341\">6 ~ 8 horas<\/td>\n<\/tr>\n<tr>\n<td style=\"width: 38.262%;\" width=\"430\">Amortizador frontal<\/td>\n<td style=\"width: 60.8301%;\" width=\"341\">\u03c631 Muelle exterior Tambor amortiguador<\/td>\n<\/tr>\n<tr>\n<td style=\"width: 38.262%;\" width=\"430\">Amortizador trasero<\/td>\n<td style=\"width: 60.8301%;\" width=\"341\">\u00a0rama de hoja<\/td>\n<\/tr>\n<tr>\n<td style=\"width: 38.262%;\" width=\"430\">Neum\u00e1ticos delanteros\/traseros<\/td>\n<td style=\"width: 60.8301%;\" width=\"341\">3.00-12\/3.50-12<\/td>\n<\/tr>\n<tr>\n<td style=\"width: 38.262%;\" width=\"430\">Tipo de llanta<\/td>\n<td style=\"width: 60.8301%;\" width=\"341\">acero<\/td>\n<\/tr>\n<tr>\n<td style=\"width: 38.262%;\" width=\"430\">Tipo de freno delantero\/trasero<\/td>\n<td style=\"width: 60.8301%;\" width=\"341\">Un arrastre tres frenos de tambor<\/td>\n<\/tr>\n<tr>\n<td style=\"width: 38.262%;\" width=\"430\">Freno de estacionamiento<\/td>\n<td style=\"width: 60.8301%;\" width=\"341\">Freno de mano<\/td>\n<\/tr>\n<tr>\n<td style=\"width: 38.262%;\" width=\"430\">Estructura del eje trasero<\/td>\n<td style=\"width: 60.8301%;\" width=\"341\">Eje trasero integrado<\/td>\n<\/tr>\n<\/tbody>\n<\/table>\n<p>&nbsp;<\/p>\n<hr \/>\n<h3 data-start=\"510\" data-end=\"535\"><\/h3>\n<h3 data-start=\"1009\" data-end=\"1044\">Caracter\u00edsticas clave &amp; Puntos de venta<\/h3>\n<ol data-start=\"1045\" data-end=\"1632\">\n<li data-start=\"1045\" data-end=\"1210\">\n<p data-start=\"1048\" data-end=\"1210\"><strong data-start=\"1048\" data-end=\"1070\">Alta capacidad de carga<\/strong> \u2013 El <strong data-start=\"1077\" data-end=\"1107\">HANJIANG triciclo el\u00e9ctrico<\/strong> soporta el transporte de carga pesada, lo que lo hace ideal para las industrias que requieren soluciones log\u00edsticas s\u00f3lidas.<\/p>\n<\/li>\n<li data-start=\"1211\" data-end=\"1350\">\n<p data-start=\"1214\" data-end=\"1350\"><strong data-start=\"1214\" data-end=\"1241\">Potente motor el\u00e9ctrico<\/strong> Equipado con un motor orientado al rendimiento, el triciclo garantiza una excelente potencia de escalada y resistencia.<\/p>\n<\/li>\n<li data-start=\"1351\" data-end=\"1492\">\n<p data-start=\"1354\" data-end=\"1492\"><strong data-start=\"1354\" data-end=\"1380\">Transporte Ecol\u00f3gico<\/strong> \u2013 Como una <strong data-start=\"1388\" data-end=\"1412\">log\u00edstica e-triciclo<\/strong>Produce cero emisiones, contribuyendo a operaciones empresariales sostenibles.<\/p>\n<\/li>\n<li data-start=\"1493\" data-end=\"1632\">\n<p data-start=\"1496\" data-end=\"1632\"><strong data-start=\"1496\" data-end=\"1521\">Bajos costos operativos<\/strong> Con gastos de carga reducidos y mantenimiento m\u00ednimo, ahorra a las empresas costos operativos significativos.<\/p>\n<\/li>\n<\/ol>\n<p>&nbsp;<\/p>\n<hr \/>\n<h3 data-start=\"1634\" data-end=\"1665\"><\/h3>\n<h3 data-start=\"1634\" data-end=\"1665\">Ventajas diferenciadas<\/h3>\n<ol data-start=\"1666\" data-end=\"2196\">\n<li data-start=\"1666\" data-end=\"1786\">\n<p data-start=\"1669\" data-end=\"1786\"><strong data-start=\"1669\" data-end=\"1700\">Durabilidad de grado industrial<\/strong> \u2013 El chasis de acero reforzado y el eje pesado superan a los trikes el\u00e9ctricos est\u00e1ndar.<\/p>\n<\/li>\n<li data-start=\"1787\" data-end=\"1920\">\n<p data-start=\"1790\" data-end=\"1920\"><strong data-start=\"1790\" data-end=\"1812\">Estabilidad superior<\/strong> \u2013 Los amortiguadores hidr\u00e1ulicos y la suspensi\u00f3n reforzada mantienen el trike de carga equilibrado incluso bajo carga completa.<\/p>\n<\/li>\n<li data-start=\"1921\" data-end=\"2064\">\n<p data-start=\"1924\" data-end=\"2064\"><strong data-start=\"1924\" data-end=\"1951\">Optimizado para la log\u00edstica<\/strong> El modelo HANJIANG est\u00e1 dise\u00f1ado espec\u00edficamente para la entrega de \u00faltima milla y operaciones de carga urbana de gama media.<\/p>\n<\/li>\n<li data-start=\"2065\" data-end=\"2196\">\n<p data-start=\"2068\" data-end=\"2196\"><strong data-start=\"2068\" data-end=\"2099\">Configuraciones personalizables<\/strong> Las opciones OEM permiten a los usuarios elegir diferentes motores, tama\u00f1os de cama de carga y soluciones de marca.<\/p>\n<\/li>\n<\/ol>\n<p>&nbsp;<\/p>\n<hr \/>\n<h3 data-start=\"510\" data-end=\"535\"><\/h3>\n<h3 data-start=\"2484\" data-end=\"2510\">Par\u00e1metros t\u00e9cnicos<\/h3>\n<ul data-start=\"2511\" data-end=\"2763\">\n<li data-start=\"2511\" data-end=\"2582\">\n<p data-start=\"2513\" data-end=\"2582\">Controlador: controlador multif\u00e1sico avanzado para un uso eficiente de energ\u00eda<\/p>\n<\/li>\n<li data-start=\"2583\" data-end=\"2622\">\n<p data-start=\"2585\" data-end=\"2622\">Eje trasero: Eje pesado integral<\/p>\n<\/li>\n<li data-start=\"2623\" data-end=\"2669\">\n<p data-start=\"2625\" data-end=\"2669\">Suspension: muelles de placa de acero reforzado<\/p>\n<\/li>\n<li data-start=\"2670\" data-end=\"2696\">\n<p data-start=\"2672\" data-end=\"2696\">Capacidad de escalada: 15\u00b0<\/p>\n<\/li>\n<li data-start=\"2697\" data-end=\"2734\">\n<p data-start=\"2699\" data-end=\"2734\">Neum\u00e1ticos: Neum\u00e1ticos resistentes a cargas pesadas<\/p>\n<\/li>\n<li data-start=\"2735\" data-end=\"2763\">\n<p data-start=\"2737\" data-end=\"2763\">Tiempo de carga: 6-8 horas<\/p>\n<\/li>\n<\/ul>\n<h3 data-start=\"2765\" data-end=\"2780\">\u00a0 \u00a0 \u00a0 \u00a0 \u00a0 <img fetchpriority=\"high\" decoding=\"async\" class=\"alignnone size-medium wp-image-3982\" src=\"https:\/\/www.tairuiauto.com\/wp-content\/uploads\/2025\/10\/f29d3e03-ff11-48e1-a663-d9e3f30394d2-300x300.jpg\" alt=\"\" width=\"300\" height=\"300\" srcset=\"https:\/\/www.tairuiauto.com\/wp-content\/uploads\/2025\/10\/f29d3e03-ff11-48e1-a663-d9e3f30394d2-300x300.jpg 300w, https:\/\/www.tairuiauto.com\/wp-content\/uploads\/2025\/10\/f29d3e03-ff11-48e1-a663-d9e3f30394d2-1024x1024.jpg 1024w, https:\/\/www.tairuiauto.com\/wp-content\/uploads\/2025\/10\/f29d3e03-ff11-48e1-a663-d9e3f30394d2-150x150.jpg 150w, https:\/\/www.tairuiauto.com\/wp-content\/uploads\/2025\/10\/f29d3e03-ff11-48e1-a663-d9e3f30394d2-768x768.jpg 768w, https:\/\/www.tairuiauto.com\/wp-content\/uploads\/2025\/10\/f29d3e03-ff11-48e1-a663-d9e3f30394d2-1536x1536.jpg 1536w, https:\/\/www.tairuiauto.com\/wp-content\/uploads\/2025\/10\/f29d3e03-ff11-48e1-a663-d9e3f30394d2-2048x2048.jpg 2048w, https:\/\/www.tairuiauto.com\/wp-content\/uploads\/2025\/10\/f29d3e03-ff11-48e1-a663-d9e3f30394d2-12x12.jpg 12w, https:\/\/www.tairuiauto.com\/wp-content\/uploads\/2025\/10\/f29d3e03-ff11-48e1-a663-d9e3f30394d2-600x600.jpg 600w, https:\/\/www.tairuiauto.com\/wp-content\/uploads\/2025\/10\/f29d3e03-ff11-48e1-a663-d9e3f30394d2-100x100.jpg 100w\" sizes=\"(max-width: 300px) 100vw, 300px\" \/>\u00a0 \u00a0 \u00a0 \u00a0 \u00a0\u00a0 <img decoding=\"async\" class=\"alignnone size-medium wp-image-3981\" src=\"https:\/\/www.tairuiauto.com\/wp-content\/uploads\/2025\/10\/e3056e44-e826-4577-84f5-6a556e6f3b9c-300x300.jpg\" alt=\"\" width=\"300\" height=\"300\" srcset=\"https:\/\/www.tairuiauto.com\/wp-content\/uploads\/2025\/10\/e3056e44-e826-4577-84f5-6a556e6f3b9c-300x300.jpg 300w, https:\/\/www.tairuiauto.com\/wp-content\/uploads\/2025\/10\/e3056e44-e826-4577-84f5-6a556e6f3b9c-1024x1024.jpg 1024w, https:\/\/www.tairuiauto.com\/wp-content\/uploads\/2025\/10\/e3056e44-e826-4577-84f5-6a556e6f3b9c-150x150.jpg 150w, https:\/\/www.tairuiauto.com\/wp-content\/uploads\/2025\/10\/e3056e44-e826-4577-84f5-6a556e6f3b9c-768x768.jpg 768w, https:\/\/www.tairuiauto.com\/wp-content\/uploads\/2025\/10\/e3056e44-e826-4577-84f5-6a556e6f3b9c-1536x1536.jpg 1536w, https:\/\/www.tairuiauto.com\/wp-content\/uploads\/2025\/10\/e3056e44-e826-4577-84f5-6a556e6f3b9c-2048x2048.jpg 2048w, https:\/\/www.tairuiauto.com\/wp-content\/uploads\/2025\/10\/e3056e44-e826-4577-84f5-6a556e6f3b9c-12x12.jpg 12w, https:\/\/www.tairuiauto.com\/wp-content\/uploads\/2025\/10\/e3056e44-e826-4577-84f5-6a556e6f3b9c-600x600.jpg 600w, https:\/\/www.tairuiauto.com\/wp-content\/uploads\/2025\/10\/e3056e44-e826-4577-84f5-6a556e6f3b9c-100x100.jpg 100w\" sizes=\"(max-width: 300px) 100vw, 300px\" \/>\u00a0 \u00a0 \u00a0 \u00a0 \u00a0\u00a0 <img decoding=\"async\" class=\"alignnone size-medium wp-image-3979\" src=\"https:\/\/www.tairuiauto.com\/wp-content\/uploads\/2025\/10\/70d6603d-6761-4823-a359-ed537c85f8a1-300x300.jpg\" alt=\"\" width=\"300\" height=\"300\" srcset=\"https:\/\/www.tairuiauto.com\/wp-content\/uploads\/2025\/10\/70d6603d-6761-4823-a359-ed537c85f8a1-300x300.jpg 300w, https:\/\/www.tairuiauto.com\/wp-content\/uploads\/2025\/10\/70d6603d-6761-4823-a359-ed537c85f8a1-1024x1024.jpg 1024w, https:\/\/www.tairuiauto.com\/wp-content\/uploads\/2025\/10\/70d6603d-6761-4823-a359-ed537c85f8a1-150x150.jpg 150w, https:\/\/www.tairuiauto.com\/wp-content\/uploads\/2025\/10\/70d6603d-6761-4823-a359-ed537c85f8a1-768x768.jpg 768w, https:\/\/www.tairuiauto.com\/wp-content\/uploads\/2025\/10\/70d6603d-6761-4823-a359-ed537c85f8a1-1536x1536.jpg 1536w, https:\/\/www.tairuiauto.com\/wp-content\/uploads\/2025\/10\/70d6603d-6761-4823-a359-ed537c85f8a1-2048x2048.jpg 2048w, https:\/\/www.tairuiauto.com\/wp-content\/uploads\/2025\/10\/70d6603d-6761-4823-a359-ed537c85f8a1-12x12.jpg 12w, https:\/\/www.tairuiauto.com\/wp-content\/uploads\/2025\/10\/70d6603d-6761-4823-a359-ed537c85f8a1-600x600.jpg 600w, https:\/\/www.tairuiauto.com\/wp-content\/uploads\/2025\/10\/70d6603d-6761-4823-a359-ed537c85f8a1-100x100.jpg 100w\" sizes=\"(max-width: 300px) 100vw, 300px\" \/><\/h3>\n<h3 data-start=\"2765\" data-end=\"2780\">Materiales<\/h3>\n<ul data-start=\"2781\" data-end=\"2875\">\n<li data-start=\"2781\" data-end=\"2809\">\n<p data-start=\"2783\" data-end=\"2809\">Chasis de acero reforzado<\/p>\n<\/li>\n<li data-start=\"2810\" data-end=\"2843\">\n<p data-start=\"2812\" data-end=\"2843\">Cubos de ruedas de hierro recubiertos en polvo<\/p>\n<\/li>\n<li data-start=\"2844\" data-end=\"2875\">\n<p data-start=\"2846\" data-end=\"2875\">Acero de suspensi\u00f3n pesado<\/p>\n<\/li>\n<\/ul>\n<h3 data-start=\"2877\" data-end=\"2891\"><\/h3>\n<h3 data-start=\"2877\" data-end=\"2891\">Exteriores<\/h3>\n<p data-start=\"2892\" data-end=\"3058\">El triciclo cuenta con un dise\u00f1o de carga racionalizado y funcional con m\u00faltiples opciones de color. La fuerte estructura combina utilidad con durabilidad para la log\u00edstica diaria.<\/p>\n<h3 data-start=\"3060\" data-end=\"3072\"><\/h3>\n<h3 data-start=\"3060\" data-end=\"3072\">Dise\u00f1o<\/h3>\n<p data-start=\"3073\" data-end=\"3193\">Asiento de conducci\u00f3n ergon\u00f3mico, panel de instrumentos transparente y cama de carga espaciosa dise\u00f1ada para la practicidad y la comodidad del operador.<\/p>\n<h3 data-start=\"3195\" data-end=\"3218\"><\/h3>\n<h3 data-start=\"3195\" data-end=\"3218\">Personalizaci\u00f3n OEM<\/h3>\n<p data-start=\"3219\" data-end=\"3326\">Disponible para etiquetas de marca, colores de pintura personalizados y modificaciones t\u00e9cnicas como actualizaciones de bater\u00edas.<\/p>\n<h3 data-start=\"3328\" data-end=\"3349\"><\/h3>\n<h3 data-start=\"3328\" data-end=\"3349\">Control de calidad<\/h3>\n<p data-start=\"3350\" data-end=\"3483\">Fabricado bajo estrictos sistemas de inspecci\u00f3n, cada unidad se prueba para la durabilidad, la eficiencia de frenado y el rendimiento de carga.<\/p>\n<h3 data-start=\"3485\" data-end=\"3510\"><\/h3>\n<h3 data-start=\"3485\" data-end=\"3510\">Servicio posventa<\/h3>\n<p data-start=\"3511\" data-end=\"3593\">Asistencia de garant\u00eda, suministro de piezas de repuesto y orientaci\u00f3n t\u00e9cnica disponibles a nivel mundial.<\/p>\n<h3 data-start=\"3595\" data-end=\"3619\"><\/h3>\n<h3 data-start=\"3595\" data-end=\"3619\">Campos de aplicaci\u00f3n<\/h3>\n<ul data-start=\"3620\" data-end=\"3745\">\n<li data-start=\"3620\" data-end=\"3640\">\n<p data-start=\"3622\" data-end=\"3640\">Servicios de mensajer\u00eda<\/p>\n<\/li>\n<li data-start=\"3641\" data-end=\"3675\">\n<p data-start=\"3643\" data-end=\"3675\">Comercial y cadenas de suministro minoristas<\/p>\n<\/li>\n<li data-start=\"3676\" data-end=\"3713\">\n<p data-start=\"3678\" data-end=\"3713\">Distribuci\u00f3n de productos agr\u00edcolas<\/p>\n<\/li>\n<li data-start=\"3714\" data-end=\"3745\">\n<p data-start=\"3716\" data-end=\"3745\">Log\u00edstica del sitio de construcci\u00f3n<\/p>\n<\/li>\n<\/ul>\n<h3 data-start=\"3747\" data-end=\"3768\"><\/h3>\n<h3 data-start=\"3747\" data-end=\"3768\">M\u00e9todos de pago<\/h3>\n<p data-start=\"3769\" data-end=\"3828\">T \/ T, L \/ C, PayPal y t\u00e9rminos comerciales internacionales flexibles.<\/p>\n<p>&nbsp;<\/p>\n<hr \/>\n<h3 data-start=\"510\" data-end=\"535\"><\/h3>\n<h3 data-start=\"3830\" data-end=\"3839\">Preguntas frecuentes<\/h3>\n<p data-start=\"3840\" data-end=\"3949\"><strong data-start=\"3840\" data-end=\"3908\">Q1: \u00bfCu\u00e1l es la velocidad m\u00e1xima del triciclo el\u00e9ctrico HANJIANG?<\/strong><br data-start=\"3908\" data-end=\"3911\" \/>A1: Hasta 40 km\/h dependiendo de la carga.<\/p>\n<p data-start=\"3951\" data-end=\"4044\"><strong data-start=\"3951\" data-end=\"3990\">Q2: \u00bfPuede manejar el transporte cuesta arriba?<\/strong><br data-start=\"3990\" data-end=\"3993\" \/>A2: S\u00ed, soporta una capacidad de escalada de hasta 15\u00b0.<\/p>\n<p data-start=\"4046\" data-end=\"4149\"><strong data-start=\"4046\" data-end=\"4089\">Q3: \u00bfQu\u00e9 opciones de bater\u00eda est\u00e1n disponibles?<\/strong><br data-start=\"4089\" data-end=\"4092\" \/>A3: Tanto las bater\u00edas de plomo-\u00e1cido como las de litio est\u00e1n disponibles.<\/p>\n<p data-start=\"4151\" data-end=\"4267\"><strong data-start=\"4151\" data-end=\"4189\">Q4: \u00bfEs posible la personalizaci\u00f3n del OEM?<\/strong><br data-start=\"4189\" data-end=\"4192\" \/>A4: S\u00ed, proporcionamos ajustes de marca, t\u00e9cnicos y de dise\u00f1o a medida.<\/p>","protected":false},"excerpt":{"rendered":"<p>El <strong data-start=\"4465\" data-end=\"4502\">HANJIANG Carga pesada E-Trike<\/strong> es un triciclo el\u00e9ctrico de alto rendimiento construido para eficiencia, resistencia y sostenibilidad. Su motor avanzado, su construcci\u00f3n robusta y su sistema de suspensi\u00f3n fiable lo convierten en una soluci\u00f3n ideal para los negocios modernos de log\u00edstica y entrega. Dise\u00f1ado para el transporte de mercanc\u00edas urbano y rural, combina durabilidad con un rendimiento ecol\u00f3gico.<\/p>","protected":false},"featured_media":3983,"comment_status":"open","ping_status":"closed","template":"","meta":[],"product_brand":[],"product_cat":[78],"product_tag":[],"class_list":{"0":"post-3978","1":"product","2":"type-product","3":"status-publish","4":"has-post-thumbnail","6":"product_cat-electric-tricycle","8":"first","9":"instock","10":"shipping-taxable","11":"product-type-simple"},"_links":{"self":[{"href":"https:\/\/www.tairuiauto.com\/es\/wp-json\/wp\/v2\/product\/3978","targetHints":{"allow":["GET"]}}],"collection":[{"href":"https:\/\/www.tairuiauto.com\/es\/wp-json\/wp\/v2\/product"}],"about":[{"href":"https:\/\/www.tairuiauto.com\/es\/wp-json\/wp\/v2\/types\/product"}],"replies":[{"embeddable":true,"href":"https:\/\/www.tairuiauto.com\/es\/wp-json\/wp\/v2\/comments?post=3978"}],"wp:featuredmedia":[{"embeddable":true,"href":"https:\/\/www.tairuiauto.com\/es\/wp-json\/wp\/v2\/media\/3983"}],"wp:attachment":[{"href":"https:\/\/www.tairuiauto.com\/es\/wp-json\/wp\/v2\/media?parent=3978"}],"wp:term":[{"taxonomy":"product_brand","embeddable":true,"href":"https:\/\/www.tairuiauto.com\/es\/wp-json\/wp\/v2\/product_brand?post=3978"},{"taxonomy":"product_cat","embeddable":true,"href":"https:\/\/www.tairuiauto.com\/es\/wp-json\/wp\/v2\/product_cat?post=3978"},{"taxonomy":"product_tag","embeddable":true,"href":"https:\/\/www.tairuiauto.com\/es\/wp-json\/wp\/v2\/product_tag?post=3978"}],"curies":[{"name":"WP","href":"https:\/\/api.w.org\/{rel}","templated":true}]}}