{"id":3993,"date":"2025-10-13T11:22:19","date_gmt":"2025-10-13T03:22:19","guid":{"rendered":"https:\/\/www.tairuiauto.com\/?post_type=product&#038;p=3993"},"modified":"2025-11-04T09:39:44","modified_gmt":"2025-11-04T01:39:44","slug":"battery-powered-cargo-vehicle","status":"publish","type":"product","link":"https:\/\/www.tairuiauto.com\/es\/product\/battery-powered-cargo-vehicle\/","title":{"rendered":"Tuk de veh\u00edculo alimentado por bater\u00eda"},"content":{"rendered":"<h2 data-start=\"390\" data-end=\"414\">Descripci\u00f3n del producto<\/h2>\n<p data-start=\"846\" data-end=\"1159\">Este triciclo el\u00e9ctrico de carga est\u00e1 dise\u00f1ado para proporcionar <strong data-start=\"900\" data-end=\"929\">Rango de 50-70 km por carga<\/strong>una velocidad m\u00e1xima de <strong data-start=\"950\" data-end=\"964\">35\u201345 km\/h<\/strong>y excelente estabilidad para aplicaciones pesadas. Ya sea para entrega de paquetes, transporte urbano o transporte local, el HANJIANG con asiento garantiza una movilidad econ\u00f3mica y ecol\u00f3gica.<\/p>\n<table style=\"width: 69.274%; height: 668px;\" width=\"584\">\n<tbody>\n<tr>\n<td style=\"width: 43.1847%;\" width=\"302\">modelo<\/td>\n<td style=\"width: 55.9236%;\" width=\"282\"><strong data-start=\"419\" data-end=\"465\">HANJIANG con asiento triciclo el\u00e9ctrico de carga<\/strong><\/td>\n<\/tr>\n<tr>\n<td style=\"width: 43.1847%;\" width=\"302\">L \u00d7 W \u00d7 H (mm)<\/td>\n<td style=\"width: 55.9236%;\" width=\"282\">3150 \u00d7 1290 \u00d7 1910<\/td>\n<\/tr>\n<tr>\n<td style=\"width: 43.1847%;\" width=\"302\">Tama\u00f1o de la caja de carga (mm)<\/td>\n<td style=\"width: 55.9236%;\" width=\"282\">1800 \u00d7 1300<\/td>\n<\/tr>\n<tr>\n<td style=\"width: 43.1847%;\" width=\"302\">Base de ruedas (mm)<\/td>\n<td style=\"width: 55.9236%;\" width=\"282\">2100<\/td>\n<\/tr>\n<tr>\n<td style=\"width: 43.1847%;\" width=\"302\">Pista de ruedas (mm)<\/td>\n<td style=\"width: 55.9236%;\" width=\"282\">1560<\/td>\n<\/tr>\n<tr>\n<td style=\"width: 43.1847%;\" width=\"302\">Distancia m\u00ednima al suelo (mm)<\/td>\n<td style=\"width: 55.9236%;\" width=\"282\">\u2265 150<\/td>\n<\/tr>\n<tr>\n<td style=\"width: 43.1847%;\" width=\"302\">Radio m\u00ednimo de giro (m)<\/td>\n<td style=\"width: 55.9236%;\" width=\"282\">\u2264 4<\/td>\n<\/tr>\n<tr>\n<td style=\"width: 43.1847%;\" width=\"302\">Peso del borde (kg)<\/td>\n<td style=\"width: 55.9236%;\" width=\"282\">196<\/td>\n<\/tr>\n<tr>\n<td style=\"width: 43.1847%;\" width=\"302\">Velocidad m\u00e1xima (km\/h)<\/td>\n<td style=\"width: 55.9236%;\" width=\"282\">35-45<\/td>\n<\/tr>\n<tr>\n<td style=\"width: 43.1847%;\" width=\"302\">Capacidad de grado (%)<\/td>\n<td style=\"width: 55.9236%;\" width=\"282\">\u2264 15<\/td>\n<\/tr>\n<tr>\n<td style=\"width: 43.1847%;\" width=\"302\">Bater\u00eda<\/td>\n<td style=\"width: 55.9236%;\" width=\"282\">48\/60V45AH-58AH<\/td>\n<\/tr>\n<tr>\n<td style=\"width: 43.1847%;\" width=\"302\">Motor, controlador (w)<\/td>\n<td style=\"width: 55.9236%;\" width=\"282\">48\/60V1000W im\u00e1n permanente<\/td>\n<\/tr>\n<tr>\n<td style=\"width: 43.1847%;\" width=\"302\">Rango por carga (km)<\/td>\n<td style=\"width: 55.9236%;\" width=\"282\">50-70<\/td>\n<\/tr>\n<tr>\n<td style=\"width: 43.1847%;\" width=\"302\">Tiempo de carga (h)<\/td>\n<td style=\"width: 55.9236%;\" width=\"282\">6 ~ 8 horas<\/td>\n<\/tr>\n<tr>\n<td style=\"width: 43.1847%;\" width=\"302\">Amortizador frontal<\/td>\n<td style=\"width: 55.9236%;\" width=\"282\">\u03c631 Muelle exterior Tambor amortiguador<\/td>\n<\/tr>\n<tr>\n<td style=\"width: 43.1847%;\" width=\"302\">Amortizador trasero<\/td>\n<td style=\"width: 55.9236%;\" width=\"282\">\u00a0rama de hoja<\/td>\n<\/tr>\n<tr>\n<td style=\"width: 43.1847%;\" width=\"302\">Neum\u00e1ticos delanteros\/traseros<\/td>\n<td style=\"width: 55.9236%;\" width=\"282\">3.00-12\/3.50-12<\/td>\n<\/tr>\n<tr>\n<td style=\"width: 43.1847%;\" width=\"302\">Tipo de llanta<\/td>\n<td style=\"width: 55.9236%;\" width=\"282\">acero<\/td>\n<\/tr>\n<tr>\n<td style=\"width: 43.1847%;\" width=\"302\">Tipo de freno delantero\/trasero<\/td>\n<td style=\"width: 55.9236%;\" width=\"282\">Un arrastre tres frenos de tambor<\/td>\n<\/tr>\n<tr>\n<td style=\"width: 43.1847%;\" width=\"302\">Freno de estacionamiento<\/td>\n<td style=\"width: 55.9236%;\" width=\"282\">Freno de mano<\/td>\n<\/tr>\n<tr>\n<td style=\"width: 43.1847%;\" width=\"302\">Estructura del eje trasero<\/td>\n<td style=\"width: 55.9236%;\" width=\"282\">Eje trasero integrado<\/td>\n<\/tr>\n<\/tbody>\n<\/table>\n<hr data-start=\"1161\" data-end=\"1164\" \/>\n<h2 data-start=\"1166\" data-end=\"1193\">Puntos clave de venta<\/h2>\n<ol data-start=\"1194\" data-end=\"1755\">\n<li data-start=\"1194\" data-end=\"1349\">\n<p data-start=\"1197\" data-end=\"1349\"><strong data-start=\"1197\" data-end=\"1219\">Funcionalidad doble<\/strong> \u2013 A diferencia de los trikes de carga est\u00e1ndar, este modelo incluye un asiento de pasajeros, lo que lo hace adecuado para la entrega m\u00e1s el transporte de pasajeros.<\/p>\n<\/li>\n<li data-start=\"1350\" data-end=\"1495\">\n<p data-start=\"1353\" data-end=\"1495\"><strong data-start=\"1353\" data-end=\"1379\">Sistema de energ\u00eda eficiente<\/strong> \u2013 Equipado con una <strong data-start=\"1398\" data-end=\"1437\">Motor de im\u00e1n permanente de 48\/60V 1000W<\/strong>que asegura una fuerte capacidad de escalada y una operaci\u00f3n estable.<\/p>\n<\/li>\n<li data-start=\"1496\" data-end=\"1631\">\n<p data-start=\"1499\" data-end=\"1631\"><strong data-start=\"1499\" data-end=\"1521\">Alta capacidad de carga<\/strong> \u2013 Tama\u00f1o de la caja de carga de <strong data-start=\"1542\" data-end=\"1558\">1800 \u00d7 1300 mm<\/strong> proporciona amplio espacio para las mercanc\u00edas al tiempo que mantiene la maniobrabilidad f\u00e1cil.<\/p>\n<\/li>\n<li data-start=\"1632\" data-end=\"1755\">\n<p data-start=\"1635\" data-end=\"1755\"><strong data-start=\"1635\" data-end=\"1653\">Rango extendido<\/strong> \u2013 Viajar hasta <strong data-start=\"1669\" data-end=\"1689\">70 km por carga<\/strong>Reducir el tiempo de inactividad y aumentar la eficiencia operativa diaria.<\/p>\n<\/li>\n<\/ol>\n<hr data-start=\"1757\" data-end=\"1760\" \/>\n<h2 data-start=\"1762\" data-end=\"1796\">Ventajas diferenciadas<\/h2>\n<ol data-start=\"1797\" data-end=\"2344\">\n<li data-start=\"1797\" data-end=\"1940\">\n<p data-start=\"1800\" data-end=\"1940\"><strong data-start=\"1800\" data-end=\"1824\">Confort con utilidad<\/strong> \u2013 El asiento integrado lo diferencia de los triciclos el\u00e9ctricos de carga est\u00e1ndar, ofreciendo una soluci\u00f3n m\u00e1s vers\u00e1til.<\/p>\n<\/li>\n<li data-start=\"1941\" data-end=\"2064\">\n<p data-start=\"1944\" data-end=\"2064\"><strong data-start=\"1944\" data-end=\"1971\">Opciones de alimentaci\u00f3n adaptables<\/strong> \u2013 Disponible en <strong data-start=\"1987\" data-end=\"2002\">48V y 60V<\/strong> configuraciones de bater\u00eda, adaptadas a las diferentes necesidades del mercado.<\/p>\n<\/li>\n<li data-start=\"2065\" data-end=\"2223\">\n<p data-start=\"2068\" data-end=\"2223\"><strong data-start=\"2068\" data-end=\"2096\">Sistema de suspensi\u00f3n fuerte<\/strong> \u2013 Combinaci\u00f3n de <strong data-start=\"2114\" data-end=\"2150\">amortiguador de tambor de resorte exterior<\/strong> y <strong data-start=\"2155\" data-end=\"2186\">suspensi\u00f3n trasera de muelle de hoja<\/strong> garantiza la estabilidad en carreteras desiguales.<\/p>\n<\/li>\n<li data-start=\"2224\" data-end=\"2344\">\n<p data-start=\"2227\" data-end=\"2344\"><strong data-start=\"2227\" data-end=\"2251\">Compacto pero poderoso<\/strong> Con un radio de giro de \u22644m, navega por calles urbanas estrechas mientras transporta cargas pesadas.<\/p>\n<\/li>\n<\/ol>\n<p><img fetchpriority=\"high\" decoding=\"async\" class=\"alignnone size-medium wp-image-3995\" src=\"https:\/\/www.tairuiauto.com\/wp-content\/uploads\/2025\/10\/11ee9ac3-5a82-4b04-8d6d-c7ea8ba61cda-300x300.jpg\" alt=\"\" width=\"300\" height=\"300\" srcset=\"https:\/\/www.tairuiauto.com\/wp-content\/uploads\/2025\/10\/11ee9ac3-5a82-4b04-8d6d-c7ea8ba61cda-300x300.jpg 300w, https:\/\/www.tairuiauto.com\/wp-content\/uploads\/2025\/10\/11ee9ac3-5a82-4b04-8d6d-c7ea8ba61cda-1024x1024.jpg 1024w, https:\/\/www.tairuiauto.com\/wp-content\/uploads\/2025\/10\/11ee9ac3-5a82-4b04-8d6d-c7ea8ba61cda-150x150.jpg 150w, https:\/\/www.tairuiauto.com\/wp-content\/uploads\/2025\/10\/11ee9ac3-5a82-4b04-8d6d-c7ea8ba61cda-768x768.jpg 768w, https:\/\/www.tairuiauto.com\/wp-content\/uploads\/2025\/10\/11ee9ac3-5a82-4b04-8d6d-c7ea8ba61cda-1536x1536.jpg 1536w, https:\/\/www.tairuiauto.com\/wp-content\/uploads\/2025\/10\/11ee9ac3-5a82-4b04-8d6d-c7ea8ba61cda-2048x2048.jpg 2048w, https:\/\/www.tairuiauto.com\/wp-content\/uploads\/2025\/10\/11ee9ac3-5a82-4b04-8d6d-c7ea8ba61cda-12x12.jpg 12w, https:\/\/www.tairuiauto.com\/wp-content\/uploads\/2025\/10\/11ee9ac3-5a82-4b04-8d6d-c7ea8ba61cda-600x600.jpg 600w, https:\/\/www.tairuiauto.com\/wp-content\/uploads\/2025\/10\/11ee9ac3-5a82-4b04-8d6d-c7ea8ba61cda-100x100.jpg 100w\" sizes=\"(max-width: 300px) 100vw, 300px\" \/>\u00a0 \u00a0 \u00a0 \u00a0\u00a0 <img decoding=\"async\" class=\"alignnone size-medium wp-image-3996\" src=\"https:\/\/www.tairuiauto.com\/wp-content\/uploads\/2025\/10\/053d7ffb-54f4-48c0-a110-5d767cb8d3db-300x300.jpg\" alt=\"\" width=\"300\" height=\"300\" srcset=\"https:\/\/www.tairuiauto.com\/wp-content\/uploads\/2025\/10\/053d7ffb-54f4-48c0-a110-5d767cb8d3db-300x300.jpg 300w, https:\/\/www.tairuiauto.com\/wp-content\/uploads\/2025\/10\/053d7ffb-54f4-48c0-a110-5d767cb8d3db-1024x1024.jpg 1024w, https:\/\/www.tairuiauto.com\/wp-content\/uploads\/2025\/10\/053d7ffb-54f4-48c0-a110-5d767cb8d3db-150x150.jpg 150w, https:\/\/www.tairuiauto.com\/wp-content\/uploads\/2025\/10\/053d7ffb-54f4-48c0-a110-5d767cb8d3db-768x768.jpg 768w, https:\/\/www.tairuiauto.com\/wp-content\/uploads\/2025\/10\/053d7ffb-54f4-48c0-a110-5d767cb8d3db-1536x1536.jpg 1536w, https:\/\/www.tairuiauto.com\/wp-content\/uploads\/2025\/10\/053d7ffb-54f4-48c0-a110-5d767cb8d3db-2048x2048.jpg 2048w, https:\/\/www.tairuiauto.com\/wp-content\/uploads\/2025\/10\/053d7ffb-54f4-48c0-a110-5d767cb8d3db-12x12.jpg 12w, https:\/\/www.tairuiauto.com\/wp-content\/uploads\/2025\/10\/053d7ffb-54f4-48c0-a110-5d767cb8d3db-600x600.jpg 600w, https:\/\/www.tairuiauto.com\/wp-content\/uploads\/2025\/10\/053d7ffb-54f4-48c0-a110-5d767cb8d3db-100x100.jpg 100w\" sizes=\"(max-width: 300px) 100vw, 300px\" \/>\u00a0 \u00a0 \u00a0 \u00a0\u00a0 <img decoding=\"async\" class=\"alignnone size-medium wp-image-3998\" src=\"https:\/\/www.tairuiauto.com\/wp-content\/uploads\/2025\/10\/a9bfbd69-1b92-4366-963c-b92278386117-300x300.jpg\" alt=\"\" width=\"300\" height=\"300\" srcset=\"https:\/\/www.tairuiauto.com\/wp-content\/uploads\/2025\/10\/a9bfbd69-1b92-4366-963c-b92278386117-300x300.jpg 300w, https:\/\/www.tairuiauto.com\/wp-content\/uploads\/2025\/10\/a9bfbd69-1b92-4366-963c-b92278386117-1024x1024.jpg 1024w, https:\/\/www.tairuiauto.com\/wp-content\/uploads\/2025\/10\/a9bfbd69-1b92-4366-963c-b92278386117-150x150.jpg 150w, https:\/\/www.tairuiauto.com\/wp-content\/uploads\/2025\/10\/a9bfbd69-1b92-4366-963c-b92278386117-768x768.jpg 768w, https:\/\/www.tairuiauto.com\/wp-content\/uploads\/2025\/10\/a9bfbd69-1b92-4366-963c-b92278386117-1536x1536.jpg 1536w, https:\/\/www.tairuiauto.com\/wp-content\/uploads\/2025\/10\/a9bfbd69-1b92-4366-963c-b92278386117-2048x2048.jpg 2048w, https:\/\/www.tairuiauto.com\/wp-content\/uploads\/2025\/10\/a9bfbd69-1b92-4366-963c-b92278386117-12x12.jpg 12w, https:\/\/www.tairuiauto.com\/wp-content\/uploads\/2025\/10\/a9bfbd69-1b92-4366-963c-b92278386117-600x600.jpg 600w, https:\/\/www.tairuiauto.com\/wp-content\/uploads\/2025\/10\/a9bfbd69-1b92-4366-963c-b92278386117-100x100.jpg 100w\" sizes=\"(max-width: 300px) 100vw, 300px\" \/><\/p>\n<hr data-start=\"3139\" data-end=\"3142\" \/>\n<h2 data-start=\"3144\" data-end=\"3169\">Par\u00e1metros t\u00e9cnicos<\/h2>\n<ul data-start=\"3170\" data-end=\"3311\">\n<li data-start=\"3170\" data-end=\"3189\">\n<p data-start=\"3172\" data-end=\"3189\">Voltaje: 48\/60V<\/p>\n<\/li>\n<li data-start=\"3190\" data-end=\"3229\">\n<p data-start=\"3192\" data-end=\"3229\">Potencia del motor: im\u00e1n permanente de 1000W<\/p>\n<\/li>\n<li data-start=\"3230\" data-end=\"3253\">\n<p data-start=\"3232\" data-end=\"3253\">Tiempo de carga: 6-8h<\/p>\n<\/li>\n<li data-start=\"3254\" data-end=\"3285\">\n<p data-start=\"3256\" data-end=\"3285\">Kilometraje de resistencia: 50\u201370 km<\/p>\n<\/li>\n<li data-start=\"3286\" data-end=\"3311\">\n<p data-start=\"3288\" data-end=\"3311\">Velocidad m\u00e1xima: 35\u201345 km\/h<\/p>\n<\/li>\n<\/ul>\n<hr data-start=\"3313\" data-end=\"3316\" \/>\n<h2 data-start=\"3318\" data-end=\"3331\">Material<\/h2>\n<ul data-start=\"3332\" data-end=\"3442\">\n<li data-start=\"3332\" data-end=\"3359\">\n<p data-start=\"3334\" data-end=\"3359\">Marco: Acero reforzado<\/p>\n<\/li>\n<li data-start=\"3360\" data-end=\"3392\">\n<p data-start=\"3362\" data-end=\"3392\">Caja de carga: Acero laminado en fr\u00edo<\/p>\n<\/li>\n<li data-start=\"3393\" data-end=\"3442\">\n<p data-start=\"3395\" data-end=\"3442\">Neum\u00e1ticos: goma duradera para uso en carreteras pesadas<\/p>\n<\/li>\n<\/ul>\n<hr data-start=\"3444\" data-end=\"3447\" \/>\n<h2 data-start=\"3449\" data-end=\"3464\">Apariencia<\/h2>\n<ul data-start=\"3465\" data-end=\"3618\">\n<li data-start=\"3465\" data-end=\"3511\">\n<p data-start=\"3467\" data-end=\"3511\">Dise\u00f1o simplificado con caja de carga extendida<\/p>\n<\/li>\n<li data-start=\"3512\" data-end=\"3570\">\n<p data-start=\"3514\" data-end=\"3570\">Disponible en <strong data-start=\"3527\" data-end=\"3537\">amarillo<\/strong> y opciones de color personalizables<\/p>\n<\/li>\n<li data-start=\"3571\" data-end=\"3618\">\n<p data-start=\"3573\" data-end=\"3618\">Compacto pero profesional para uso comercial<\/p>\n<\/li>\n<\/ul>\n<hr data-start=\"3620\" data-end=\"3623\" \/>\n<h2 data-start=\"3625\" data-end=\"3636\">Dise\u00f1o<\/h2>\n<ul data-start=\"3637\" data-end=\"3817\">\n<li data-start=\"3637\" data-end=\"3689\">\n<p data-start=\"3639\" data-end=\"3689\">Asiento ergon\u00f3mico del conductor y asiento extra del pasajero<\/p>\n<\/li>\n<li data-start=\"3690\" data-end=\"3757\">\n<p data-start=\"3692\" data-end=\"3757\">Dise\u00f1o de caja fuerte para log\u00edstica, paquetes o productos agr\u00edcolas<\/p>\n<\/li>\n<li data-start=\"3758\" data-end=\"3817\">\n<p data-start=\"3760\" data-end=\"3817\">Estructura de bajo mantenimiento con construcci\u00f3n protectora contra el clima<\/p>\n<\/li>\n<\/ul>\n<hr data-start=\"3819\" data-end=\"3822\" \/>\n<h2 data-start=\"3824\" data-end=\"3846\">Personalizaci\u00f3n OEM<\/h2>\n<ul data-start=\"3847\" data-end=\"3998\">\n<li data-start=\"3847\" data-end=\"3876\">\n<p data-start=\"3849\" data-end=\"3876\">Tipo de bater\u00eda y capacidad<\/p>\n<\/li>\n<li data-start=\"3877\" data-end=\"3923\">\n<p data-start=\"3879\" data-end=\"3923\">Opciones de colores (amarillo, azul, verde, blanco)<\/p>\n<\/li>\n<li data-start=\"3924\" data-end=\"3953\">\n<p data-start=\"3926\" data-end=\"3953\">Opciones de logotipo y marca<\/p>\n<\/li>\n<li data-start=\"3954\" data-end=\"3998\">\n<p data-start=\"3956\" data-end=\"3998\">Configuraciones opcionales de asientos o carga<\/p>\n<\/li>\n<\/ul>\n<hr data-start=\"4000\" data-end=\"4003\" \/>\n<h2 data-start=\"4005\" data-end=\"4025\">Control de calidad<\/h2>\n<ul data-start=\"4026\" data-end=\"4170\">\n<li data-start=\"4026\" data-end=\"4079\">\n<p data-start=\"4028\" data-end=\"4079\">100% prueba de motor y controlador antes del montaje<\/p>\n<\/li>\n<li data-start=\"4080\" data-end=\"4119\">\n<p data-start=\"4082\" data-end=\"4119\">Prueba de resistencia del marco bajo carga completa<\/p>\n<\/li>\n<li data-start=\"4120\" data-end=\"4170\">\n<p data-start=\"4122\" data-end=\"4170\">Prueba estricta de resistencia y carretera antes de la entrega<\/p>\n<\/li>\n<\/ul>\n<hr data-start=\"4172\" data-end=\"4175\" \/>\n<h2 data-start=\"4177\" data-end=\"4201\">Servicio posventa<\/h2>\n<ul data-start=\"4202\" data-end=\"4330\">\n<li data-start=\"4202\" data-end=\"4248\">\n<p data-start=\"4204\" data-end=\"4248\">Garant\u00eda de 12 meses para motor y controlador<\/p>\n<\/li>\n<li data-start=\"4249\" data-end=\"4291\">\n<p data-start=\"4251\" data-end=\"4291\">Soporte de piezas de repuesto con entrega r\u00e1pida<\/p>\n<\/li>\n<li data-start=\"4292\" data-end=\"4330\">\n<p data-start=\"4294\" data-end=\"4330\">Gu\u00eda t\u00e9cnica y soporte en l\u00ednea<\/p>\n<\/li>\n<\/ul>\n<hr data-start=\"4332\" data-end=\"4335\" \/>\n<h2 data-start=\"4337\" data-end=\"4360\">Campos de aplicaci\u00f3n<\/h2>\n<ul data-start=\"4361\" data-end=\"4486\">\n<li data-start=\"4361\" data-end=\"4392\">\n<p data-start=\"4363\" data-end=\"4392\">Entrega de paquetes y mensajer\u00eda<\/p>\n<\/li>\n<li data-start=\"4393\" data-end=\"4423\">\n<p data-start=\"4395\" data-end=\"4423\">Transporte de alimentos y comestibles<\/p>\n<\/li>\n<li data-start=\"4424\" data-end=\"4452\">\n<p data-start=\"4426\" data-end=\"4452\">Log\u00edstica para peque\u00f1as empresas<\/p>\n<\/li>\n<li data-start=\"4453\" data-end=\"4486\">\n<p data-start=\"4455\" data-end=\"4486\">Entrega de productos agr\u00edcolas<\/p>\n<\/li>\n<\/ul>\n<hr data-start=\"4488\" data-end=\"4491\" \/>\n<h2 data-start=\"4493\" data-end=\"4511\">Condiciones de pago<\/h2>\n<ul data-start=\"4512\" data-end=\"4585\">\n<li data-start=\"4512\" data-end=\"4585\">\n<p data-start=\"4514\" data-end=\"4585\">T \/ T, L \/ C, Western Union y otros m\u00e9todos de pago flexibles disponibles<\/p>\n<\/li>\n<\/ul>\n<hr data-start=\"4587\" data-end=\"4590\" \/>\n<h2 data-start=\"4592\" data-end=\"4600\">Preguntas frecuentes<\/h2>\n<p data-start=\"4602\" data-end=\"4773\"><strong data-start=\"4602\" data-end=\"4679\">Q1: \u00bfCu\u00e1l es la capacidad de carga m\u00e1xima del HANJIANG con triciclo de asiento?<\/strong><br data-start=\"4679\" data-end=\"4682\" \/>A1: Puede transportar hasta 500 kg en la caja de carga al mismo tiempo que acomoda un asiento de pasajero.<\/p>\n<p data-start=\"4775\" data-end=\"4920\"><strong data-start=\"4775\" data-end=\"4825\">Q2: \u00bfCu\u00e1nto tiempo dura la bater\u00eda por carga?<\/strong><br data-start=\"4825\" data-end=\"4828\" \/>A2: El triciclo ofrece una autonom\u00eda de conducci\u00f3n de 50-70 km dependiendo de las condiciones de la carretera y la carga.<\/p>\n<p data-start=\"4922\" data-end=\"5060\"><strong data-start=\"4922\" data-end=\"4973\">Q3: \u00bfPuedo personalizar el color y el tipo de bater\u00eda?<\/strong><br data-start=\"4973\" data-end=\"4976\" \/>A3: S\u00ed, la personalizaci\u00f3n del OEM est\u00e1 disponible para el color, la capacidad de la bater\u00eda y la marca.<\/p>\n<p data-start=\"5062\" data-end=\"5197\"><strong data-start=\"5062\" data-end=\"5098\">Q4: \u00bfCu\u00e1l es el per\u00edodo de garant\u00eda?<\/strong><br data-start=\"5098\" data-end=\"5101\" \/>A4: Proporcionamos una garant\u00eda de 12 meses sobre el motor y el controlador, con soporte posventa completo.<\/p>","protected":false},"excerpt":{"rendered":"<p>El <strong data-start=\"419\" data-end=\"465\">HANJIANG con asiento triciclo el\u00e9ctrico de carga<\/strong> est\u00e1 dise\u00f1ado para la entrega urbana, la log\u00edstica de peque\u00f1as empresas y el transporte amigable para los pasajeros. Construido con un motor de im\u00e1n permanente de 1000W y una robusta estructura de acero, este veh\u00edculo de tres ruedas combina practicidad, comodidad y durabilidad. Su opci\u00f3n integrada de asientos lo hace ideal para los operadores que necesitan tanto el transporte de carga como espacio adicional para pasajeros o asistentes.<\/p>","protected":false},"featured_media":3994,"comment_status":"open","ping_status":"closed","template":"","meta":[],"product_brand":[],"product_cat":[78],"product_tag":[],"class_list":{"0":"post-3993","1":"product","2":"type-product","3":"status-publish","4":"has-post-thumbnail","6":"product_cat-electric-tricycle","8":"first","9":"instock","10":"shipping-taxable","11":"product-type-simple"},"_links":{"self":[{"href":"https:\/\/www.tairuiauto.com\/es\/wp-json\/wp\/v2\/product\/3993","targetHints":{"allow":["GET"]}}],"collection":[{"href":"https:\/\/www.tairuiauto.com\/es\/wp-json\/wp\/v2\/product"}],"about":[{"href":"https:\/\/www.tairuiauto.com\/es\/wp-json\/wp\/v2\/types\/product"}],"replies":[{"embeddable":true,"href":"https:\/\/www.tairuiauto.com\/es\/wp-json\/wp\/v2\/comments?post=3993"}],"wp:featuredmedia":[{"embeddable":true,"href":"https:\/\/www.tairuiauto.com\/es\/wp-json\/wp\/v2\/media\/3994"}],"wp:attachment":[{"href":"https:\/\/www.tairuiauto.com\/es\/wp-json\/wp\/v2\/media?parent=3993"}],"wp:term":[{"taxonomy":"product_brand","embeddable":true,"href":"https:\/\/www.tairuiauto.com\/es\/wp-json\/wp\/v2\/product_brand?post=3993"},{"taxonomy":"product_cat","embeddable":true,"href":"https:\/\/www.tairuiauto.com\/es\/wp-json\/wp\/v2\/product_cat?post=3993"},{"taxonomy":"product_tag","embeddable":true,"href":"https:\/\/www.tairuiauto.com\/es\/wp-json\/wp\/v2\/product_tag?post=3993"}],"curies":[{"name":"WP","href":"https:\/\/api.w.org\/{rel}","templated":true}]}}