{"id":4006,"date":"2025-10-14T09:45:44","date_gmt":"2025-10-14T01:45:44","guid":{"rendered":"https:\/\/www.tairuiauto.com\/?post_type=product&#038;p=4006"},"modified":"2025-10-14T09:09:49","modified_gmt":"2025-10-14T01:09:49","slug":"semi-open-passenger-electric-tricycle","status":"publish","type":"product","link":"https:\/\/www.tairuiauto.com\/es\/product\/semi-open-passenger-electric-tricycle\/","title":{"rendered":"Tricicleta el\u00e9ctrica de pasajeros semi abierta"},"content":{"rendered":"<h3 data-start=\"156\" data-end=\"181\">Descripci\u00f3n del producto<\/h3>\n<p data-start=\"182\" data-end=\"694\">Si se utiliza como una <strong data-start=\"527\" data-end=\"562\">Trike de pasajeros alimentado por bater\u00eda<\/strong>, un <strong data-start=\"566\" data-end=\"588\">Taxi de tres ruedas<\/strong>o una <strong data-start=\"595\" data-end=\"624\">veh\u00edculo de transporte de ocio<\/strong>Est\u00e1 construido para satisfacer las demandas de movilidad diaria con estilo y comodidad.<\/p>\n<table style=\"border-collapse: collapse; width: 61.7862%; height: 529px;\" border=\"0\" width=\"673\" cellspacing=\"0\" cellpadding=\"0\">\n<tbody>\n<tr style=\"height: 20.00pt;\">\n<td class=\"et3\" style=\"height: 20pt; width: 45.9662%;\" width=\"347\" height=\"33\">modelo<\/td>\n<td class=\"et3\" style=\"width: 53.8462%;\" width=\"326\">Estilo de ocio Tricicleta el\u00e9ctrica de pasajeros semi abierta<\/td>\n<\/tr>\n<tr style=\"height: 20.00pt;\">\n<td class=\"et4\" style=\"height: 20pt; width: 45.9662%;\" width=\"347\" height=\"33\">motor<\/td>\n<td class=\"et4\" style=\"width: 53.8462%;\" width=\"326\">60\/72V650W<\/td>\n<\/tr>\n<tr style=\"height: 20.00pt;\">\n<td class=\"et4\" style=\"height: 20pt; width: 45.9662%;\" width=\"347\" height=\"33\">Controlador<\/td>\n<td class=\"et4\" style=\"width: 53.8462%;\" width=\"326\">15 Tubo<\/td>\n<\/tr>\n<tr style=\"height: 20.00pt;\">\n<td class=\"et4\" style=\"height: 20pt; width: 45.9662%;\" width=\"347\" height=\"33\">Capacidad de carga<\/td>\n<td class=\"et4\" style=\"width: 53.8462%;\" width=\"326\">&lt;  = 500 kg<\/td>\n<\/tr>\n<tr style=\"height: 20.00pt;\">\n<td class=\"et4\" style=\"height: 20pt; width: 45.9662%;\" width=\"347\" height=\"33\">Dimensi\u00f3n general<\/td>\n<td class=\"et4\" style=\"width: 53.8462%;\" width=\"326\">1950 * 850 * 1650mm<\/td>\n<\/tr>\n<tr style=\"height: 20.00pt;\">\n<td class=\"et4\" style=\"height: 20pt; width: 45.9662%;\" width=\"347\" height=\"33\">Sistema de frenos<\/td>\n<td class=\"et4\" style=\"width: 53.8462%;\" width=\"326\">Tambor delantero\/tambor trasero<\/td>\n<\/tr>\n<tr style=\"height: 27.00pt;\">\n<td class=\"et4\" style=\"height: 27pt; width: 45.9662%;\" width=\"347\" height=\"45\">Capacidad de escalada<\/td>\n<td class=\"et4\" style=\"width: 53.8462%;\" width=\"326\">\u2264 25 \u00b0<\/td>\n<\/tr>\n<tr style=\"height: 20.00pt;\">\n<td class=\"et4\" style=\"height: 20pt; width: 45.9662%;\" width=\"347\" height=\"33\">Neum\u00e1tico delantero\/trasero<\/td>\n<td class=\"et4\" style=\"width: 53.8462%;\" width=\"326\">3.00-8<\/td>\n<\/tr>\n<tr style=\"height: 20.00pt;\">\n<td class=\"et4\" style=\"height: 20pt; width: 45.9662%;\" width=\"347\" height=\"33\">Velocidad m\u00e1xima KM\/H<\/td>\n<td class=\"et4\" style=\"width: 53.8462%;\" width=\"326\">30-35KM \/ H<\/td>\n<\/tr>\n<tr style=\"height: 20.00pt;\">\n<td class=\"et4\" style=\"height: 20pt; width: 45.9662%;\" width=\"347\" height=\"33\">Bater\u00eda<\/td>\n<td class=\"et4\" style=\"width: 53.8462%;\" width=\"326\">48V32Ah Plomo-\u00e1cido o bater\u00eda activada por agua<\/td>\n<\/tr>\n<tr style=\"height: 20.00pt;\">\n<td class=\"et4\" style=\"height: 20pt; width: 45.9662%;\" width=\"347\" height=\"33\">Tiempo de carga<\/td>\n<td class=\"et4\" style=\"width: 53.8462%;\" width=\"326\">6-10 horas<\/td>\n<\/tr>\n<tr style=\"height: 20.00pt;\">\n<td class=\"et4\" style=\"height: 20pt; width: 45.9662%;\" width=\"347\" height=\"33\">Rango por carga\/KM<\/td>\n<td class=\"et4\" style=\"width: 53.8462%;\" width=\"326\">40-60KM<\/td>\n<\/tr>\n<tr style=\"height: 20.00pt;\">\n<td class=\"et4\" style=\"height: 20pt; width: 45.9662%;\" width=\"347\" height=\"33\">Elecci\u00f3n de color<\/td>\n<td class=\"et4\" style=\"width: 53.8462%;\" width=\"326\">Personalizado<\/td>\n<\/tr>\n<tr style=\"height: 20.00pt;\">\n<td class=\"et4\" style=\"height: 20pt; width: 45.9662%;\" width=\"347\" height=\"33\">Capacidad del contenedor<\/td>\n<td class=\"et4\" style=\"width: 53.8462%;\" width=\"326\">CKD: 108pcs \/ 40HQ<\/td>\n<\/tr>\n<tr style=\"height: 20.00pt;\">\n<td class=\"et4\" style=\"height: 20pt; width: 45.9662%;\" width=\"347\" height=\"33\">Tama\u00f1o del paquete<\/td>\n<td class=\"et4\" style=\"width: 53.8462%;\" width=\"326\">200 cm * 100 cm * 170 cm<\/td>\n<\/tr>\n<tr style=\"height: 20.00pt;\">\n<td class=\"et4\" style=\"height: 20pt; width: 45.9662%;\" width=\"347\" height=\"33\">Peso Bruto del Paquete<\/td>\n<td class=\"et4\" style=\"width: 53.8462%;\" width=\"326\">100 kg<\/td>\n<\/tr>\n<\/tbody>\n<\/table>\n<hr data-start=\"696\" data-end=\"699\" \/>\n<h3 data-start=\"701\" data-end=\"732\">Caracter\u00edsticas clave &amp; Ventajas<\/h3>\n<p>&nbsp;<\/p>\n<p data-start=\"734\" data-end=\"759\"><strong data-start=\"734\" data-end=\"757\">Puntos de venta\u00a0<\/strong><\/p>\n<ol data-start=\"760\" data-end=\"1520\">\n<li data-start=\"760\" data-end=\"956\">\n<p data-start=\"763\" data-end=\"956\"><strong data-start=\"763\" data-end=\"789\">Movilidad ecol\u00f3gica:<\/strong> Alimentado por un motor de 60\/72V650W con un controlador de 15 tubos, el triciclo el\u00e9ctrico de pasajeros minimiza las emisiones y los costos de combustible al tiempo que ofrece un rendimiento consistente.<\/p>\n<\/li>\n<li data-start=\"957\" data-end=\"1128\">\n<p data-start=\"960\" data-end=\"1128\"><strong data-start=\"960\" data-end=\"982\">Comodidad del pasajero:<\/strong> Dise\u00f1ado con asientos ergon\u00f3micos y amplio espacio para las piernas, este <strong data-start=\"1037\" data-end=\"1059\">Taxi de tres ruedas<\/strong> garantiza un viaje seguro y c\u00f3modo para una capacidad de carga de hasta 500 kg.<\/p>\n<\/li>\n<li data-start=\"1129\" data-end=\"1354\">\n<p data-start=\"1132\" data-end=\"1354\"><strong data-start=\"1132\" data-end=\"1162\">Adaptable a varios usos:<\/strong> Si sirve como un <strong data-start=\"1184\" data-end=\"1211\">bater\u00eda pasajero trike<\/strong> para familias, a corta distancia <strong data-start=\"1243\" data-end=\"1272\">veh\u00edculo de transporte de ocio<\/strong>o como parte de una flota de viajes compartidos, se adapta f\u00e1cilmente a m\u00faltiples aplicaciones.<\/p>\n<\/li>\n<li data-start=\"1355\" data-end=\"1520\">\n<p data-start=\"1358\" data-end=\"1520\"><strong data-start=\"1358\" data-end=\"1380\">Eficiencia energ\u00e9tica:<\/strong> Una bater\u00eda de plomo-\u00e1cido o agua activada de 48V32Ah garantiza un alcance de 40-60 km por carga, lo que lo convierte en un veh\u00edculo de ocio el\u00e9ctrico eficiente.<\/p>\n<\/li>\n<\/ol>\n<p data-start=\"1522\" data-end=\"1559\">\u00a0 \u00a0 \u00a0 <img fetchpriority=\"high\" decoding=\"async\" class=\"alignnone size-medium wp-image-4014\" src=\"https:\/\/www.tairuiauto.com\/wp-content\/uploads\/2025\/10\/fc8570b1-6078-41bb-9934-82b3cfb9c2e3-300x300.webp\" alt=\"\" width=\"300\" height=\"300\" srcset=\"\" sizes=\"(max-width: 300px) 100vw, 300px\" data-srcset=\"\" \/>\u00a0 \u00a0 \u00a0 \u00a0 \u00a0\u00a0 <img decoding=\"async\" class=\"alignnone size-medium wp-image-4012\" src=\"https:\/\/www.tairuiauto.com\/wp-content\/uploads\/2025\/10\/29678edb-d419-46cf-8bb2-fe2005148c96-300x300.webp\" alt=\"\" width=\"300\" height=\"300\" srcset=\"https:\/\/www.tairuiauto.com\/wp-content\/uploads\/2025\/10\/29678edb-d419-46cf-8bb2-fe2005148c96-300x300.webp 300w, https:\/\/www.tairuiauto.com\/wp-content\/uploads\/2025\/10\/29678edb-d419-46cf-8bb2-fe2005148c96-1024x1024.webp 1024w, https:\/\/www.tairuiauto.com\/wp-content\/uploads\/2025\/10\/29678edb-d419-46cf-8bb2-fe2005148c96-150x150.webp 150w, https:\/\/www.tairuiauto.com\/wp-content\/uploads\/2025\/10\/29678edb-d419-46cf-8bb2-fe2005148c96-768x768.webp 768w, https:\/\/www.tairuiauto.com\/wp-content\/uploads\/2025\/10\/29678edb-d419-46cf-8bb2-fe2005148c96-12x12.webp 12w, https:\/\/www.tairuiauto.com\/wp-content\/uploads\/2025\/10\/29678edb-d419-46cf-8bb2-fe2005148c96-600x600.webp 600w, https:\/\/www.tairuiauto.com\/wp-content\/uploads\/2025\/10\/29678edb-d419-46cf-8bb2-fe2005148c96-100x100.webp 100w, https:\/\/www.tairuiauto.com\/wp-content\/uploads\/2025\/10\/29678edb-d419-46cf-8bb2-fe2005148c96.webp 1300w\" sizes=\"(max-width: 300px) 100vw, 300px\" \/>\u00a0 \u00a0 \u00a0 \u00a0 \u00a0 \u00a0<img decoding=\"async\" class=\"alignnone size-medium wp-image-4010\" src=\"https:\/\/www.tairuiauto.com\/wp-content\/uploads\/2025\/10\/55fe9974-5809-40b0-920a-555de82d4dcf-300x300.webp\" alt=\"\" width=\"300\" height=\"300\" srcset=\"https:\/\/www.tairuiauto.com\/wp-content\/uploads\/2025\/10\/55fe9974-5809-40b0-920a-555de82d4dcf-300x300.webp 300w, https:\/\/www.tairuiauto.com\/wp-content\/uploads\/2025\/10\/55fe9974-5809-40b0-920a-555de82d4dcf-1024x1024.webp 1024w, https:\/\/www.tairuiauto.com\/wp-content\/uploads\/2025\/10\/55fe9974-5809-40b0-920a-555de82d4dcf-150x150.webp 150w, https:\/\/www.tairuiauto.com\/wp-content\/uploads\/2025\/10\/55fe9974-5809-40b0-920a-555de82d4dcf-768x768.webp 768w, https:\/\/www.tairuiauto.com\/wp-content\/uploads\/2025\/10\/55fe9974-5809-40b0-920a-555de82d4dcf-12x12.webp 12w, https:\/\/www.tairuiauto.com\/wp-content\/uploads\/2025\/10\/55fe9974-5809-40b0-920a-555de82d4dcf-600x600.webp 600w, https:\/\/www.tairuiauto.com\/wp-content\/uploads\/2025\/10\/55fe9974-5809-40b0-920a-555de82d4dcf-100x100.webp 100w, https:\/\/www.tairuiauto.com\/wp-content\/uploads\/2025\/10\/55fe9974-5809-40b0-920a-555de82d4dcf.webp 1300w\" sizes=\"(max-width: 300px) 100vw, 300px\" \/><\/p>\n<p data-start=\"1522\" data-end=\"1559\"><strong data-start=\"1522\" data-end=\"1557\">Ventajas de diferenciaci\u00f3n\u00a0<\/strong><\/p>\n<ol data-start=\"1560\" data-end=\"2139\">\n<li data-start=\"1560\" data-end=\"1689\">\n<p data-start=\"1563\" data-end=\"1689\"><strong data-start=\"1563\" data-end=\"1582\">Dise\u00f1o compacto:<\/strong> El tama\u00f1o m\u00e1s peque\u00f1o (1950 x 850 x 1650 mm) permite maniobrar f\u00e1cilmente a trav\u00e9s de calles estrechas, ideal para ciudades aglomeradas.<\/p>\n<\/li>\n<li data-start=\"1690\" data-end=\"1815\">\n<p data-start=\"1693\" data-end=\"1815\"><strong data-start=\"1693\" data-end=\"1720\">Sistema de seguridad fiable:<\/strong> Equipado con frenos de tambor delantero y trasero, garantizando una parada suave incluso en pendientes de hasta 25\u00b0.<\/p>\n<\/li>\n<li data-start=\"1816\" data-end=\"1999\">\n<p data-start=\"1819\" data-end=\"1999\"><strong data-start=\"1819\" data-end=\"1849\">Inversi\u00f3n rentable:<\/strong> Precios competitivos, bajo mantenimiento y construcci\u00f3n duradera hacen que esto <strong data-start=\"1923\" data-end=\"1951\">veh\u00edculo el\u00e9ctrico de ocio<\/strong> Una opci\u00f3n rentable para las empresas de transporte.<\/p>\n<\/li>\n<li data-start=\"2000\" data-end=\"2139\">\n<p data-start=\"2003\" data-end=\"2139\"><strong data-start=\"2003\" data-end=\"2028\">Alta capacidad de exportaci\u00f3n:<\/strong> Con capacidad de contenedor CKD de 108pcs \/ 40HQ, soporta pedidos a granel y distribuci\u00f3n global para clientes B2B.<\/p>\n<\/li>\n<\/ol>\n<hr data-start=\"2772\" data-end=\"2775\" \/>\n<h3 data-start=\"2777\" data-end=\"2803\">Par\u00e1metros t\u00e9cnicos<\/h3>\n<ul data-start=\"2804\" data-end=\"3021\">\n<li data-start=\"2804\" data-end=\"2841\">\n<p data-start=\"2806\" data-end=\"2841\">Sistema de alimentaci\u00f3n: Motor el\u00e9ctrico 650W<\/p>\n<\/li>\n<li data-start=\"2842\" data-end=\"2864\">\n<p data-start=\"2844\" data-end=\"2864\">Voltaje: 60V\/72V<\/p>\n<\/li>\n<li data-start=\"2865\" data-end=\"2913\">\n<p data-start=\"2867\" data-end=\"2913\">Opciones de bater\u00eda: Plomo-\u00e1cido \/ Activado por agua<\/p>\n<\/li>\n<li data-start=\"2914\" data-end=\"2939\">\n<p data-start=\"2916\" data-end=\"2939\">Ciclo de carga: 6-10h<\/p>\n<\/li>\n<li data-start=\"2940\" data-end=\"2971\">\n<p data-start=\"2942\" data-end=\"2971\">Kilometraje por carga: 40\u201360 km<\/p>\n<\/li>\n<li data-start=\"2972\" data-end=\"2999\">\n<p data-start=\"2974\" data-end=\"2999\">\u00c1ngulo m\u00e1ximo de escalada: 25\u00b0<\/p>\n<\/li>\n<li data-start=\"3000\" data-end=\"3021\">\n<p data-start=\"3002\" data-end=\"3021\">Velocidad m\u00e1xima: 35km\/h<\/p>\n<\/li>\n<\/ul>\n<hr data-start=\"3023\" data-end=\"3026\" \/>\n<h3 data-start=\"3028\" data-end=\"3042\">Material<\/h3>\n<ul data-start=\"3043\" data-end=\"3213\">\n<li data-start=\"3043\" data-end=\"3088\">\n<p data-start=\"3045\" data-end=\"3088\"><strong data-start=\"3045\" data-end=\"3055\">Marco:<\/strong> Acero reforzado de alta resistencia<\/p>\n<\/li>\n<li data-start=\"3089\" data-end=\"3131\">\n<p data-start=\"3091\" data-end=\"3131\"><strong data-start=\"3091\" data-end=\"3101\">Neum\u00e1ticos:<\/strong> Goma duradera, tama\u00f1o 3.00-8<\/p>\n<\/li>\n<li data-start=\"3132\" data-end=\"3213\">\n<p data-start=\"3134\" data-end=\"3213\"><strong data-start=\"3134\" data-end=\"3150\">Paneles del cuerpo:<\/strong> Acero tratado resistente a la oxidaci\u00f3n con opciones de pintura personalizables<\/p>\n<\/li>\n<\/ul>\n<hr data-start=\"3215\" data-end=\"3218\" \/>\n<h3 data-start=\"3220\" data-end=\"3236\">Apariencia<\/h3>\n<p data-start=\"3237\" data-end=\"3436\">El cuerpo simplificado con un techo curvo, el chasis ligero y el dise\u00f1o exterior moderno hacen que el trike sea elegante pero funcional. Su tama\u00f1o compacto garantiza una f\u00e1cil navegaci\u00f3n en \u00e1reas urbanas congestionadas.<\/p>\n<hr data-start=\"3438\" data-end=\"3441\" \/>\n<h3 data-start=\"3443\" data-end=\"3455\">Dise\u00f1o<\/h3>\n<p data-start=\"3456\" data-end=\"3622\">Dise\u00f1o centrado en el hombre con sistemas de frenos enfocados en la seguridad, asientos ergon\u00f3micos para los pasajeros y distribuci\u00f3n de peso optimizada para la estabilidad en curvas o pendientes agudas.<\/p>\n<hr data-start=\"3624\" data-end=\"3627\" \/>\n<h3 data-start=\"3629\" data-end=\"3652\">Personalizaci\u00f3n OEM<\/h3>\n<ul data-start=\"3653\" data-end=\"3794\">\n<li data-start=\"3653\" data-end=\"3691\">\n<p data-start=\"3655\" data-end=\"3691\">Potencia del motor y opciones del controlador<\/p>\n<\/li>\n<li data-start=\"3692\" data-end=\"3721\">\n<p data-start=\"3694\" data-end=\"3721\">Tipo de bater\u00eda y capacidad<\/p>\n<\/li>\n<li data-start=\"3722\" data-end=\"3756\">\n<p data-start=\"3724\" data-end=\"3756\">Color del cuerpo y decales de marca<\/p>\n<\/li>\n<li data-start=\"3757\" data-end=\"3794\">\n<p data-start=\"3759\" data-end=\"3794\">Disposici\u00f3n del asiento y estilo del dosel<\/p>\n<\/li>\n<\/ul>\n<hr data-start=\"3796\" data-end=\"3799\" \/>\n<h3 data-start=\"3801\" data-end=\"3822\">Control de calidad<\/h3>\n<p data-start=\"3823\" data-end=\"4013\">Cada triciclo se somete a una estricta inspecci\u00f3n de f\u00e1brica, desde soldadura y pintura hasta pruebas de bater\u00eda. Certificado bajo <strong data-start=\"3937\" data-end=\"3963\">Gesti\u00f3n de calidad ISO<\/strong> y reuni\u00f3n <strong data-start=\"3976\" data-end=\"4010\">Normas internacionales de exportaci\u00f3n<\/strong>.<\/p>\n<hr data-start=\"4015\" data-end=\"4018\" \/>\n<h3 data-start=\"4020\" data-end=\"4045\">Servicio posventa<\/h3>\n<ul data-start=\"4046\" data-end=\"4230\">\n<li data-start=\"4046\" data-end=\"4092\">\n<p data-start=\"4048\" data-end=\"4092\">Garant\u00eda de 12 meses para motor y controlador<\/p>\n<\/li>\n<li data-start=\"4093\" data-end=\"4121\">\n<p data-start=\"4095\" data-end=\"4121\">Garant\u00eda de bater\u00eda de 6 meses<\/p>\n<\/li>\n<li data-start=\"4122\" data-end=\"4173\">\n<p data-start=\"4124\" data-end=\"4173\">Soporte t\u00e9cnico en l\u00ednea y suministro de piezas de repuesto<\/p>\n<\/li>\n<li data-start=\"4174\" data-end=\"4230\">\n<p data-start=\"4176\" data-end=\"4230\">Asistencia de env\u00edo global y apoyo a la documentaci\u00f3n<\/p>\n<\/li>\n<\/ul>\n<hr data-start=\"4232\" data-end=\"4235\" \/>\n<h3 data-start=\"4237\" data-end=\"4261\">Campos de aplicaci\u00f3n<\/h3>\n<ul data-start=\"4262\" data-end=\"4504\">\n<li data-start=\"4262\" data-end=\"4313\">\n<p data-start=\"4264\" data-end=\"4313\"><strong data-start=\"4264\" data-end=\"4286\">Taxi de tres ruedas<\/strong> para viajes de corta distancia<\/p>\n<\/li>\n<li data-start=\"4314\" data-end=\"4375\">\n<p data-start=\"4316\" data-end=\"4375\"><strong data-start=\"4316\" data-end=\"4345\">Veh\u00edculo de transporte de ocio<\/strong> para uso familiar o comunitario<\/p>\n<\/li>\n<li data-start=\"4376\" data-end=\"4432\">\n<p data-start=\"4378\" data-end=\"4432\"><strong data-start=\"4378\" data-end=\"4412\">Transporte de pasajeros ecol\u00f3gico<\/strong> para lugares tur\u00edsticos<\/p>\n<\/li>\n<li data-start=\"4433\" data-end=\"4504\">\n<p data-start=\"4435\" data-end=\"4504\"><strong data-start=\"4435\" data-end=\"4462\">Bater\u00eda de pasajeros trike<\/strong> para escuelas, parques o zonas industriales<\/p>\n<\/li>\n<\/ul>\n<hr data-start=\"4506\" data-end=\"4509\" \/>\n<h3 data-start=\"4511\" data-end=\"4530\">Condiciones de pago<\/h3>\n<ul data-start=\"4531\" data-end=\"4620\">\n<li data-start=\"4531\" data-end=\"4583\">\n<p data-start=\"4533\" data-end=\"4583\">T\/T, L\/C, Western Union, Alibaba Seguridad del comercio<\/p>\n<\/li>\n<li data-start=\"4584\" data-end=\"4620\">\n<p data-start=\"4586\" data-end=\"4620\">Dep\u00f3sito del 30%, 70% antes del env\u00edo<\/p>\n<\/li>\n<\/ul>\n<hr data-start=\"4622\" data-end=\"4625\" \/>\n<h3 data-start=\"4627\" data-end=\"4636\">Preguntas frecuentes<\/h3>\n<p data-start=\"4638\" data-end=\"4791\"><strong data-start=\"4638\" data-end=\"4721\">Q1: \u00bfCu\u00e1l es la velocidad m\u00e1xima del triciclo el\u00e9ctrico de pasajeros semi abierto?<\/strong><br data-start=\"4721\" data-end=\"4724\" \/>A1: Puede llegar a 30-35 km\/h dependiendo de las condiciones de la carretera y la carga.<\/p>\n<p data-start=\"4793\" data-end=\"4934\"><strong data-start=\"4793\" data-end=\"4834\">Q2: \u00bfCu\u00e1ntos pasajeros puede transportar?<\/strong><br data-start=\"4834\" data-end=\"4837\" \/>A2: Soporta una carga m\u00e1xima de 500 kg, que t\u00edpicamente cabe c\u00f3modamente a 2-3 pasajeros adultos.<\/p>\n<p data-start=\"4936\" data-end=\"5074\"><strong data-start=\"4936\" data-end=\"4974\">Q3: \u00bfSe puede personalizar la bater\u00eda?<\/strong><br data-start=\"4974\" data-end=\"4977\" \/>A3: S\u00ed, puede elegir entre bater\u00edas activadas por plomo-\u00e1cido o agua con opciones de 48V o 72V.<\/p>\n<p data-start=\"5076\" data-end=\"5188\"><strong data-start=\"5076\" data-end=\"5110\">Q4: \u00bfEst\u00e1 disponible la marca del OEM?<\/strong><br data-start=\"5110\" data-end=\"5113\" \/>A4: S\u00ed, proporcionamos personalizaci\u00f3n del OEM para colores, logotipos y dise\u00f1o del asiento.<\/p>\n<p data-start=\"5190\" data-end=\"5294\"><strong data-start=\"5190\" data-end=\"5230\">Q5: \u00bfCu\u00e1nto tiempo se tarda en cargar?<\/strong><br data-start=\"5230\" data-end=\"5233\" \/>A5: El tiempo de carga est\u00e1ndar es de 6 a 10 horas para una carga completa.<\/p>","protected":false},"excerpt":{"rendered":"<p>El <strong data-start=\"186\" data-end=\"231\">Tricicleta el\u00e9ctrica de pasajeros semi abierta<\/strong> es un compacto pero potente veh\u00edculo de tres ruedas dise\u00f1ado para un desplazamiento urbano sin problemas, viajes de corta distancia y transporte de pasajeros. Con su eficiente <strong data-start=\"376\" data-end=\"390\">Motor de 650W<\/strong>Con un marco robusto y un dise\u00f1o moderno de asientos, este trike el\u00e9ctrico de pasajeros ofrece tanto respeto con el medio ambiente como fiabilidad. Si se utiliza como una <strong data-start=\"527\" data-end=\"562\">Trike de pasajeros alimentado por bater\u00eda<\/strong>, un <strong data-start=\"566\" data-end=\"588\">Taxi de tres ruedas<\/strong>o una <strong data-start=\"595\" data-end=\"624\">veh\u00edculo de transporte de ocio<\/strong>Est\u00e1 construido para satisfacer las demandas de movilidad diaria con estilo y comodidad.<\/p>","protected":false},"featured_media":4015,"comment_status":"open","ping_status":"closed","template":"","meta":[],"product_brand":[],"product_cat":[78],"product_tag":[],"class_list":{"0":"post-4006","1":"product","2":"type-product","3":"status-publish","4":"has-post-thumbnail","6":"product_cat-electric-tricycle","8":"first","9":"instock","10":"shipping-taxable","11":"product-type-simple"},"_links":{"self":[{"href":"https:\/\/www.tairuiauto.com\/es\/wp-json\/wp\/v2\/product\/4006","targetHints":{"allow":["GET"]}}],"collection":[{"href":"https:\/\/www.tairuiauto.com\/es\/wp-json\/wp\/v2\/product"}],"about":[{"href":"https:\/\/www.tairuiauto.com\/es\/wp-json\/wp\/v2\/types\/product"}],"replies":[{"embeddable":true,"href":"https:\/\/www.tairuiauto.com\/es\/wp-json\/wp\/v2\/comments?post=4006"}],"wp:featuredmedia":[{"embeddable":true,"href":"https:\/\/www.tairuiauto.com\/es\/wp-json\/wp\/v2\/media\/4015"}],"wp:attachment":[{"href":"https:\/\/www.tairuiauto.com\/es\/wp-json\/wp\/v2\/media?parent=4006"}],"wp:term":[{"taxonomy":"product_brand","embeddable":true,"href":"https:\/\/www.tairuiauto.com\/es\/wp-json\/wp\/v2\/product_brand?post=4006"},{"taxonomy":"product_cat","embeddable":true,"href":"https:\/\/www.tairuiauto.com\/es\/wp-json\/wp\/v2\/product_cat?post=4006"},{"taxonomy":"product_tag","embeddable":true,"href":"https:\/\/www.tairuiauto.com\/es\/wp-json\/wp\/v2\/product_tag?post=4006"}],"curies":[{"name":"WP","href":"https:\/\/api.w.org\/{rel}","templated":true}]}}