{"id":4022,"date":"2025-10-15T15:54:17","date_gmt":"2025-10-15T07:54:17","guid":{"rendered":"https:\/\/www.tairuiauto.com\/?post_type=product&#038;p=4022"},"modified":"2025-10-15T13:36:06","modified_gmt":"2025-10-15T05:36:06","slug":"leisure-battery-rickshaw-tuk-tuk","status":"publish","type":"product","link":"https:\/\/www.tairuiauto.com\/es\/product\/leisure-battery-rickshaw-tuk-tuk\/","title":{"rendered":"Ocio Bater\u00eda Rickshaw Tuk Tuk"},"content":{"rendered":"<h1 data-start=\"298\" data-end=\"321\">Descripci\u00f3n del producto<\/h1>\n<p data-start=\"322\" data-end=\"810\">El Battery Rickshaw Electric Tricycle combina seguridad, estilo y practicidad, lo que lo convierte en una excelente opci\u00f3n para soluciones de transporte urbano, turismo y movilidad familiar.<\/p>\n<table style=\"border-collapse: collapse; width: 64.7072%; height: 411px;\" border=\"0\" width=\"679\" cellspacing=\"0\" cellpadding=\"0\">\n<tbody>\n<tr style=\"height: 20.00pt;\">\n<td class=\"et3\" style=\"height: 20pt; width: 43.188%;\" width=\"363\" height=\"33\">modelo<\/td>\n<td class=\"et3\" style=\"width: 56.6757%;\" width=\"316\">Estilo de ocio M6 Bater\u00eda Rickshaw Tuk Tuk<\/td>\n<\/tr>\n<tr style=\"height: 20.00pt;\">\n<td class=\"et4\" style=\"height: 20pt; width: 43.188%;\" width=\"363\" height=\"33\">motor<\/td>\n<td class=\"et4\" style=\"width: 56.6757%;\" width=\"316\">60\/72V650W<\/td>\n<\/tr>\n<tr style=\"height: 20.00pt;\">\n<td class=\"et4\" style=\"height: 20pt; width: 43.188%;\" width=\"363\" height=\"33\">Controlador<\/td>\n<td class=\"et4\" style=\"width: 56.6757%;\" width=\"316\">15 Tubo<\/td>\n<\/tr>\n<tr style=\"height: 20.00pt;\">\n<td class=\"et4\" style=\"height: 20pt; width: 43.188%;\" width=\"363\" height=\"33\">Capacidad de carga<\/td>\n<td class=\"et4\" style=\"width: 56.6757%;\" width=\"316\">&lt;  = 500 kg<\/td>\n<\/tr>\n<tr style=\"height: 20.00pt;\">\n<td class=\"et4\" style=\"height: 20pt; width: 43.188%;\" width=\"363\" height=\"33\">Dimensi\u00f3n general<\/td>\n<td class=\"et4\" style=\"width: 56.6757%;\" width=\"316\">2100 * 920 * 1680mm<\/td>\n<\/tr>\n<tr style=\"height: 20.00pt;\">\n<td class=\"et4\" style=\"height: 20pt; width: 43.188%;\" width=\"363\" height=\"33\">Sistema de frenos<\/td>\n<td class=\"et4\" style=\"width: 56.6757%;\" width=\"316\">Tambor delantero\/tambor trasero<\/td>\n<\/tr>\n<tr style=\"height: 20.00pt;\">\n<td class=\"et4\" style=\"height: 20pt; width: 43.188%;\" width=\"363\" height=\"33\">Capacidad de escalada<\/td>\n<td class=\"et4\" style=\"width: 56.6757%;\" width=\"316\">\u2264 25 \u00b0<\/td>\n<\/tr>\n<tr style=\"height: 20.00pt;\">\n<td class=\"et4\" style=\"height: 20pt; width: 43.188%;\" width=\"363\" height=\"33\">Neum\u00e1tico delantero\/trasero<\/td>\n<td class=\"et4\" style=\"width: 56.6757%;\" width=\"316\">3.00-10<\/td>\n<\/tr>\n<tr style=\"height: 20.00pt;\">\n<td class=\"et4\" style=\"height: 20pt; width: 43.188%;\" width=\"363\" height=\"33\">Velocidad m\u00e1xima KM\/H<\/td>\n<td class=\"et4\" style=\"width: 56.6757%;\" width=\"316\">30-35KM \/ H<\/td>\n<\/tr>\n<tr style=\"height: 27.00pt;\">\n<td class=\"et4\" style=\"height: 27pt; width: 43.188%;\" width=\"363\" height=\"45\">Bater\u00eda<\/td>\n<td class=\"et4\" style=\"width: 56.6757%;\" width=\"316\">48V32Ah Plomo-\u00e1cido o bater\u00eda activada por agua<\/td>\n<\/tr>\n<tr style=\"height: 20.00pt;\">\n<td class=\"et4\" style=\"height: 20pt; width: 43.188%;\" width=\"363\" height=\"33\">Tiempo de carga<\/td>\n<td class=\"et4\" style=\"width: 56.6757%;\" width=\"316\">6-10 horas<\/td>\n<\/tr>\n<tr style=\"height: 20.00pt;\">\n<td class=\"et4\" style=\"height: 20pt; width: 43.188%;\" width=\"363\" height=\"33\">Rango por carga\/KM<\/td>\n<td class=\"et4\" style=\"width: 56.6757%;\" width=\"316\">40-60KM<\/td>\n<\/tr>\n<tr style=\"height: 20.00pt;\">\n<td class=\"et4\" style=\"height: 20pt; width: 43.188%;\" width=\"363\" height=\"33\">Elecci\u00f3n de color<\/td>\n<td class=\"et4\" style=\"width: 56.6757%;\" width=\"316\">Personalizado<\/td>\n<\/tr>\n<tr style=\"height: 20.00pt;\">\n<td class=\"et4\" style=\"height: 20pt; width: 43.188%;\" width=\"363\" height=\"33\">Capacidad del contenedor<\/td>\n<td class=\"et4\" style=\"width: 56.6757%;\" width=\"316\"><span class=\"font2\">40Units\/40HQContenedor<\/span><span class=\"font3\">()<\/span><span class=\"font2\">CKD<\/span><span class=\"font3\">(...)<\/span><\/td>\n<\/tr>\n<\/tbody>\n<\/table>\n<hr data-start=\"812\" data-end=\"815\" \/>\n<h1 data-start=\"817\" data-end=\"850\">Caracter\u00edsticas clave &amp; Puntos de venta<\/h1>\n<ol data-start=\"851\" data-end=\"1581\">\n<li data-start=\"851\" data-end=\"1060\">\n<p data-start=\"854\" data-end=\"1060\"><strong data-start=\"854\" data-end=\"885\">Transporte Ecol\u00f3gico<\/strong> El triciclo el\u00e9ctrico Leisure Style M6 est\u00e1 alimentado por una bater\u00eda activada por plomo-\u00e1cido o agua de 48V\/72V, lo que garantiza cero emisiones y el cumplimiento de las normas de movilidad ecol\u00f3gica.<\/p>\n<\/li>\n<li data-start=\"1061\" data-end=\"1227\">\n<p data-start=\"1064\" data-end=\"1227\"><strong data-start=\"1064\" data-end=\"1091\">Alta capacidad de pasajeros<\/strong> Con una carga m\u00e1xima de 500 kg y una fuerte estructura de carrocer\u00eda, este tuk tuk el\u00e9ctrico proporciona asientos seguros y c\u00f3modos para los pasajeros.<\/p>\n<\/li>\n<li data-start=\"1228\" data-end=\"1399\">\n<p data-start=\"1231\" data-end=\"1399\"><strong data-start=\"1231\" data-end=\"1255\">Rendimiento fiable<\/strong> Equipado con un controlador de 15 tubos y una capacidad de escalada de 25\u00b0, el triciclo M6 garantiza una conducci\u00f3n estable en carreteras urbanas y peque\u00f1as pendientes.<\/p>\n<\/li>\n<li data-start=\"1400\" data-end=\"1581\">\n<p data-start=\"1403\" data-end=\"1581\"><strong data-start=\"1403\" data-end=\"1427\">Opciones personalizables<\/strong> \u2013 El Leisure Style M6 Electric Passenger Rickshaw ofrece m\u00faltiples opciones de colores, posibilidades de marca y personalizaci\u00f3n OEM para satisfacer las demandas del mercado.<\/p>\n<\/li>\n<\/ol>\n<hr data-start=\"1583\" data-end=\"1586\" \/>\n<h1 data-start=\"1588\" data-end=\"1614\">Ventajas competitivas<\/h1>\n<ol data-start=\"1615\" data-end=\"2282\">\n<li data-start=\"1615\" data-end=\"1821\">\n<p data-start=\"1618\" data-end=\"1821\"><strong data-start=\"1618\" data-end=\"1633\">Versatilidad<\/strong> A diferencia de los rickshaws tradicionales, este triciclo el\u00e9ctrico soporta aplicaciones tanto de ocio como comerciales, como los transbordadores tur\u00edsticos, el transporte de pasajeros de \u00faltima milla y la movilidad comunitaria.<\/p>\n<\/li>\n<li data-start=\"1822\" data-end=\"1966\">\n<p data-start=\"1825\" data-end=\"1966\"><strong data-start=\"1825\" data-end=\"1839\">Durabilidad<\/strong> El sistema de frenado del tambor delantero y del tambor trasero, combinado con los neum\u00e1ticos 3.00-10, garantiza una mayor seguridad y una vida \u00fatil m\u00e1s larga.<\/p>\n<\/li>\n<li data-start=\"1967\" data-end=\"2138\">\n<p data-start=\"1970\" data-end=\"2138\"><strong data-start=\"1970\" data-end=\"1989\">Eficiencia en costes<\/strong> En comparaci\u00f3n con los veh\u00edculos de tres ruedas propulsados por combustible, el tuk tuk M6 el\u00e9ctrico reduce los costos de funcionamiento en m\u00e1s del 60%, ofreciendo ahorros significativos a largo plazo.<\/p>\n<\/li>\n<li data-start=\"2139\" data-end=\"2282\">\n<p data-start=\"2142\" data-end=\"2282\"><strong data-start=\"2142\" data-end=\"2168\">Dise\u00f1o amigable con la exportaci\u00f3n<\/strong> Con 40 unidades por contenedor 40HQ, el veh\u00edculo est\u00e1 optimizado para el env\u00edo internacional y el negocio al por mayor.<\/p>\n<\/li>\n<\/ol>\n<p><img fetchpriority=\"high\" decoding=\"async\" class=\"alignnone size-medium wp-image-4030\" src=\"https:\/\/www.tairuiauto.com\/wp-content\/uploads\/2025\/10\/104-300x300.png\" alt=\"\" width=\"300\" height=\"300\" srcset=\"\" sizes=\"(max-width: 300px) 100vw, 300px\" data-srcset=\"\" \/>\u00a0 \u00a0 \u00a0 \u00a0 \u00a0<img decoding=\"async\" class=\"alignnone size-medium wp-image-4025\" src=\"https:\/\/www.tairuiauto.com\/wp-content\/uploads\/2025\/10\/4-300x300.png\" alt=\"\" width=\"300\" height=\"300\" srcset=\"https:\/\/www.tairuiauto.com\/wp-content\/uploads\/2025\/10\/4-300x300.png 300w, https:\/\/www.tairuiauto.com\/wp-content\/uploads\/2025\/10\/4-1024x1024.png 1024w, https:\/\/www.tairuiauto.com\/wp-content\/uploads\/2025\/10\/4-150x150.png 150w, https:\/\/www.tairuiauto.com\/wp-content\/uploads\/2025\/10\/4-768x768.png 768w, https:\/\/www.tairuiauto.com\/wp-content\/uploads\/2025\/10\/4-1536x1536.png 1536w, https:\/\/www.tairuiauto.com\/wp-content\/uploads\/2025\/10\/4-2048x2048.png 2048w, https:\/\/www.tairuiauto.com\/wp-content\/uploads\/2025\/10\/4-12x12.png 12w, https:\/\/www.tairuiauto.com\/wp-content\/uploads\/2025\/10\/4-600x600.png 600w, https:\/\/www.tairuiauto.com\/wp-content\/uploads\/2025\/10\/4-100x100.png 100w\" sizes=\"(max-width: 300px) 100vw, 300px\" \/>\u00a0 \u00a0 \u00a0 \u00a0\u00a0 <img decoding=\"async\" class=\"alignnone size-medium wp-image-4026\" src=\"https:\/\/www.tairuiauto.com\/wp-content\/uploads\/2025\/10\/8-300x300.png\" alt=\"\" width=\"300\" height=\"300\" srcset=\"https:\/\/www.tairuiauto.com\/wp-content\/uploads\/2025\/10\/8-300x300.png 300w, https:\/\/www.tairuiauto.com\/wp-content\/uploads\/2025\/10\/8-1024x1024.png 1024w, https:\/\/www.tairuiauto.com\/wp-content\/uploads\/2025\/10\/8-150x150.png 150w, https:\/\/www.tairuiauto.com\/wp-content\/uploads\/2025\/10\/8-768x768.png 768w, https:\/\/www.tairuiauto.com\/wp-content\/uploads\/2025\/10\/8-1536x1536.png 1536w, https:\/\/www.tairuiauto.com\/wp-content\/uploads\/2025\/10\/8-2048x2048.png 2048w, https:\/\/www.tairuiauto.com\/wp-content\/uploads\/2025\/10\/8-12x12.png 12w, https:\/\/www.tairuiauto.com\/wp-content\/uploads\/2025\/10\/8-600x600.png 600w, https:\/\/www.tairuiauto.com\/wp-content\/uploads\/2025\/10\/8-100x100.png 100w\" sizes=\"(max-width: 300px) 100vw, 300px\" \/><\/p>\n<hr data-start=\"2798\" data-end=\"2801\" \/>\n<h1 data-start=\"2803\" data-end=\"2827\">Par\u00e1metros t\u00e9cnicos<\/h1>\n<ul data-start=\"2828\" data-end=\"3056\">\n<li data-start=\"2828\" data-end=\"2864\">\n<p data-start=\"2830\" data-end=\"2864\">Tipo de bater\u00eda: 48\/60\/72V opcional<\/p>\n<\/li>\n<li data-start=\"2865\" data-end=\"2894\">\n<p data-start=\"2867\" data-end=\"2894\">Rango: 40-60km por carga<\/p>\n<\/li>\n<li data-start=\"2895\" data-end=\"2944\">\n<p data-start=\"2897\" data-end=\"2944\">Controlador: 15 tubos, optimizados para la eficiencia<\/p>\n<\/li>\n<li data-start=\"2945\" data-end=\"2990\">\n<p data-start=\"2947\" data-end=\"2990\">Neum\u00e1ticos: 3.00-10 est\u00e1ndar, goma antideslizante<\/p>\n<\/li>\n<li data-start=\"2991\" data-end=\"3020\">\n<p data-start=\"2993\" data-end=\"3020\">Tiempo de carga: 6-10 horas<\/p>\n<\/li>\n<li data-start=\"3021\" data-end=\"3056\">\n<p data-start=\"3023\" data-end=\"3056\">Frenado: Sistema de tambor mec\u00e1nico<\/p>\n<\/li>\n<\/ul>\n<hr data-start=\"3058\" data-end=\"3061\" \/>\n<h1 data-start=\"3063\" data-end=\"3075\">Material<\/h1>\n<ul data-start=\"3076\" data-end=\"3242\">\n<li data-start=\"3076\" data-end=\"3127\">\n<p data-start=\"3078\" data-end=\"3127\">Marco: Marco de acero de alta resistencia para la durabilidad<\/p>\n<\/li>\n<li data-start=\"3128\" data-end=\"3195\">\n<p data-start=\"3130\" data-end=\"3195\">Carrocer\u00eda: Estructura de cabina reforzada con revestimiento resistente al clima<\/p>\n<\/li>\n<li data-start=\"3196\" data-end=\"3242\">\n<p data-start=\"3198\" data-end=\"3242\">Asientos: c\u00f3modos asientos cubiertos de cuero<\/p>\n<\/li>\n<\/ul>\n<hr data-start=\"3244\" data-end=\"3247\" \/>\n<h1 data-start=\"3249\" data-end=\"3263\">Apariencia<\/h1>\n<p data-start=\"3264\" data-end=\"3424\">Dise\u00f1o moderno elegante con cabina amigable para los pasajeros, ventanas amplias y atractivas l\u00e1mparas frontales LED. Disponible en varios colores seg\u00fan las preferencias del mercado.<\/p>\n<hr data-start=\"3426\" data-end=\"3429\" \/>\n<h1 data-start=\"3431\" data-end=\"3441\">Dise\u00f1o<\/h1>\n<p data-start=\"3442\" data-end=\"3568\">Dise\u00f1o compacto pero amplio con disposici\u00f3n ergon\u00f3mica de asientos y f\u00e1cil entrada\/salida, adecuado tanto para uso urbano como rural.<\/p>\n<hr data-start=\"3570\" data-end=\"3573\" \/>\n<h1 data-start=\"3575\" data-end=\"3596\">Personalizaci\u00f3n OEM<\/h1>\n<p data-start=\"3597\" data-end=\"3708\">Ofrecemos <strong data-start=\"3608\" data-end=\"3624\">Servicios OEM<\/strong> incluyendo pintura personalizada, marca de logotipo, dise\u00f1o de asiento y opciones de bater\u00eda actualizadas.<\/p>\n<hr data-start=\"3710\" data-end=\"3713\" \/>\n<h1 data-start=\"3715\" data-end=\"3734\">Control de calidad<\/h1>\n<p data-start=\"3735\" data-end=\"3887\">Cada Tricicleta El\u00e9ctrica Estilo Ocio M6 se somete a <strong data-start=\"3785\" data-end=\"3811\">prueba de f\u00e1brica estricta<\/strong>incluyendo la eficiencia de los frenos, el rendimiento de la bater\u00eda y los controles de seguridad vial.<\/p>\n<hr data-start=\"3889\" data-end=\"3892\" \/>\n<h1 data-start=\"3894\" data-end=\"3917\">Servicio posventa<\/h1>\n<p data-start=\"3918\" data-end=\"4048\">Garant\u00eda de 1 a\u00f1o en el motor y el controlador, garant\u00eda de 6 meses en la bater\u00eda. Soporte t\u00e9cnico en l\u00ednea y suministro de piezas de repuesto disponibles.<\/p>\n<hr data-start=\"4050\" data-end=\"4053\" \/>\n<h1 data-start=\"4055\" data-end=\"4077\">Campos de aplicaci\u00f3n<\/h1>\n<ul data-start=\"4078\" data-end=\"4199\">\n<li data-start=\"4078\" data-end=\"4107\">\n<p data-start=\"4080\" data-end=\"4107\">Transporte urbano de pasajeros<\/p>\n<\/li>\n<li data-start=\"4108\" data-end=\"4131\">\n<p data-start=\"4110\" data-end=\"4131\">Turismo tur\u00edstico<\/p>\n<\/li>\n<li data-start=\"4132\" data-end=\"4158\">\n<p data-start=\"4134\" data-end=\"4158\">Conectividad de \u00faltima milla<\/p>\n<\/li>\n<li data-start=\"4159\" data-end=\"4199\">\n<p data-start=\"4161\" data-end=\"4199\">Movilidad comunitaria y paseos de ocio<\/p>\n<\/li>\n<\/ul>\n<hr data-start=\"4201\" data-end=\"4204\" \/>\n<h1 data-start=\"4206\" data-end=\"4224\">M\u00e9todo de pago<\/h1>\n<p data-start=\"4225\" data-end=\"4286\">T\/T, L\/C, Western Union, Alibaba Trade Assurance disponible.<\/p>\n<hr data-start=\"4288\" data-end=\"4291\" \/>\n<h1 data-start=\"4293\" data-end=\"4300\">Preguntas frecuentes<\/h1>\n<p data-start=\"4302\" data-end=\"4463\"><strong data-start=\"4302\" data-end=\"4378\">Q1: \u00bfCu\u00e1l es el rango m\u00e1ximo del Leisure Style M6 Electric Tricycle?<\/strong><br data-start=\"4378\" data-end=\"4381\" \/>A1: Puede viajar <strong data-start=\"4399\" data-end=\"4421\">40\u201360 km por carga<\/strong>dependiendo de las condiciones de carretera y carga.<\/p>\n<p data-start=\"4465\" data-end=\"4608\"><strong data-start=\"4465\" data-end=\"4525\">Q2: \u00bfCu\u00e1ntos pasajeros puede llevar este tuk tuk el\u00e9ctrico?<\/strong><br data-start=\"4525\" data-end=\"4528\" \/>A2: Tiene una capacidad de carga de hasta <strong data-start=\"4567\" data-end=\"4576\">500 kg<\/strong>Adecuado para 3-4 pasajeros.<\/p>\n<p data-start=\"4610\" data-end=\"4741\"><strong data-start=\"4610\" data-end=\"4666\">Q3: \u00bfPuedo personalizar el color y el logotipo para mi pedido?<\/strong><br data-start=\"4666\" data-end=\"4669\" \/>A3: S\u00ed, la personalizaci\u00f3n del OEM est\u00e1 disponible para la marca y las necesidades del mercado.<\/p>\n<p data-start=\"4743\" data-end=\"4893\"><strong data-start=\"4743\" data-end=\"4784\">Q4: \u00bfQu\u00e9 tipo de bater\u00eda utiliza?<\/strong><br data-start=\"4784\" data-end=\"4787\" \/>A4: Est\u00e1ndar <strong data-start=\"4800\" data-end=\"4848\">Bater\u00eda activada por plomo-\u00e1cido o agua 48V32Ah<\/strong>; actualizaci\u00f3n opcional a 60V o 72V disponible.<\/p>\n<p data-start=\"4895\" data-end=\"4980\"><strong data-start=\"4895\" data-end=\"4929\">Q5: \u00bfCu\u00e1l es el tiempo de carga?<\/strong><br data-start=\"4929\" data-end=\"4932\" \/>A5: Es necesario <strong data-start=\"4945\" data-end=\"4959\">6-10 horas<\/strong> por una carga completa.<\/p>","protected":false},"excerpt":{"rendered":"<p>El <strong data-start=\"326\" data-end=\"364\">Estilo de ocio M6 triciclo el\u00e9ctrico<\/strong> es un veh\u00edculo de pasajeros moderno y ecol\u00f3gico dise\u00f1ado para desplazamientos de corta distancia, transporte urbano y viajes de ocio. Con un motor de 650W alimentado por una bater\u00eda de 48V \/ 72V, este tuk tuk el\u00e9ctrico ofrece un rendimiento suave, cero emisiones y una alta eficiencia en costes. El triciclo el\u00e9ctrico Leisure Style M6 combina seguridad, estilo y practicidad, lo que lo convierte en una excelente opci\u00f3n para soluciones de transporte urbano, turismo y movilidad familiar.<\/p>","protected":false},"featured_media":4032,"comment_status":"open","ping_status":"closed","template":"","meta":[],"product_brand":[],"product_cat":[78],"product_tag":[],"class_list":{"0":"post-4022","1":"product","2":"type-product","3":"status-publish","4":"has-post-thumbnail","6":"product_cat-electric-tricycle","8":"first","9":"instock","10":"shipping-taxable","11":"product-type-simple"},"_links":{"self":[{"href":"https:\/\/www.tairuiauto.com\/es\/wp-json\/wp\/v2\/product\/4022","targetHints":{"allow":["GET"]}}],"collection":[{"href":"https:\/\/www.tairuiauto.com\/es\/wp-json\/wp\/v2\/product"}],"about":[{"href":"https:\/\/www.tairuiauto.com\/es\/wp-json\/wp\/v2\/types\/product"}],"replies":[{"embeddable":true,"href":"https:\/\/www.tairuiauto.com\/es\/wp-json\/wp\/v2\/comments?post=4022"}],"wp:featuredmedia":[{"embeddable":true,"href":"https:\/\/www.tairuiauto.com\/es\/wp-json\/wp\/v2\/media\/4032"}],"wp:attachment":[{"href":"https:\/\/www.tairuiauto.com\/es\/wp-json\/wp\/v2\/media?parent=4022"}],"wp:term":[{"taxonomy":"product_brand","embeddable":true,"href":"https:\/\/www.tairuiauto.com\/es\/wp-json\/wp\/v2\/product_brand?post=4022"},{"taxonomy":"product_cat","embeddable":true,"href":"https:\/\/www.tairuiauto.com\/es\/wp-json\/wp\/v2\/product_cat?post=4022"},{"taxonomy":"product_tag","embeddable":true,"href":"https:\/\/www.tairuiauto.com\/es\/wp-json\/wp\/v2\/product_tag?post=4022"}],"curies":[{"name":"WP","href":"https:\/\/api.w.org\/{rel}","templated":true}]}}