{"id":4045,"date":"2025-10-17T09:43:24","date_gmt":"2025-10-17T01:43:24","guid":{"rendered":"https:\/\/www.tairuiauto.com\/?post_type=product&#038;p=4045"},"modified":"2025-10-16T09:16:01","modified_gmt":"2025-10-16T01:16:01","slug":"heavy-duty-electric-freight-tricycle","status":"publish","type":"product","link":"https:\/\/www.tairuiauto.com\/es\/product\/heavy-duty-electric-freight-tricycle\/","title":{"rendered":"Tricicleta el\u00e9ctrica de carga pesada"},"content":{"rendered":"<h2 data-start=\"215\" data-end=\"239\">Descripci\u00f3n del producto<\/h2>\n<p data-start=\"240\" data-end=\"909\">\u00a0Su sistema de alimentaci\u00f3n de 60V\/72V y su controlador de 24 tubos garantizan una eficiencia constante, mientras que el dise\u00f1o personalizable lo convierte en una soluci\u00f3n adaptable para m\u00faltiples industrias.<\/p>\n<table style=\"width: 80.6893%; height: 526px;\" width=\"720\">\n<tbody>\n<tr>\n<td width=\"265\">modelo<\/td>\n<td width=\"455\">Tyrannosaurus Tricicleta el\u00e9ctrica de carga pesada<\/td>\n<\/tr>\n<tr>\n<td width=\"265\">Dimensi\u00f3n general<\/td>\n<td width=\"455\">3345 * 1390 * 1490mm<\/td>\n<\/tr>\n<tr>\n<td width=\"265\">Capacidad de carga<\/td>\n<td width=\"455\">900-1000kg<\/td>\n<\/tr>\n<tr>\n<td width=\"265\">Potencia del motor hidr\u00e1ulico<\/td>\n<td width=\"455\">1500W<\/td>\n<\/tr>\n<tr>\n<td width=\"265\">Voltaje est\u00e1ndar<\/td>\n<td width=\"455\">60V \/ 72V<\/td>\n<\/tr>\n<tr>\n<td width=\"265\">Controlador<\/td>\n<td width=\"455\">24 Tubo<\/td>\n<\/tr>\n<tr>\n<td width=\"265\">Modo de frenado<\/td>\n<td width=\"455\">Tambor delantero Tambor trasero<\/td>\n<\/tr>\n<tr>\n<td width=\"265\">Deslizamiento m\u00ednimo al suelo<\/td>\n<td width=\"455\">125<\/td>\n<\/tr>\n<tr>\n<td width=\"265\">Capacidad de producci\u00f3n<\/td>\n<td width=\"455\">200000set\/A\u00f1o<\/td>\n<\/tr>\n<tr>\n<td width=\"265\">Tiempo de carga<\/td>\n<td width=\"455\">8 horas<\/td>\n<\/tr>\n<tr>\n<td width=\"265\">Neum\u00e1tico delantero\/trasero Tt<\/td>\n<td width=\"455\">ruedas delanteras 4.00-12; ruedas traseras 4.50-12<\/td>\n<\/tr>\n<tr>\n<td width=\"265\">Elecci\u00f3n de color<\/td>\n<td width=\"455\">Personalizado<\/td>\n<\/tr>\n<tr>\n<td width=\"265\">Origen<\/td>\n<td width=\"455\">China<\/td>\n<\/tr>\n<tr>\n<td width=\"265\">Rango por carga\/km<\/td>\n<td width=\"455\">50 kil\u00f3metros<\/td>\n<\/tr>\n<tr>\n<td width=\"265\">Velocidad m\u00e1xima Km\/H<\/td>\n<td width=\"455\">30-45km\/h<\/td>\n<\/tr>\n<tr>\n<td width=\"265\">Capacidad de escalada<\/td>\n<td width=\"455\">\u2264 20 \u00b0<\/td>\n<\/tr>\n<\/tbody>\n<\/table>\n<p>&nbsp;<\/p>\n<hr data-start=\"911\" data-end=\"914\" \/>\n<h2 data-start=\"916\" data-end=\"939\">Puntos clave de venta<\/h2>\n<ol data-start=\"940\" data-end=\"1526\">\n<li data-start=\"940\" data-end=\"1073\">\n<p data-start=\"943\" data-end=\"1073\"><strong data-start=\"943\" data-end=\"965\">Alta capacidad de carga<\/strong> Soporta entre 900 y 1000 kg de carga, lo que lo convierte en uno de los triciclos el\u00e9ctricos de carga m\u00e1s potentes de su clase.<\/p>\n<\/li>\n<li data-start=\"1074\" data-end=\"1224\">\n<p data-start=\"1077\" data-end=\"1224\"><strong data-start=\"1077\" data-end=\"1100\">Powertrain fiable<\/strong> Equipado con un motor hidr\u00e1ulico de 1500W y un controlador de 24 tubos para un alto rendimiento en entornos de entrega exigentes.<\/p>\n<\/li>\n<li data-start=\"1225\" data-end=\"1364\">\n<p data-start=\"1228\" data-end=\"1364\"><strong data-start=\"1228\" data-end=\"1259\">Sistema de bater\u00eda de larga duraci\u00f3n<\/strong> Funciona con un sistema de bater\u00eda de 60V \/ 72V, proporcionando un alcance de hasta 50 km por carga con un rendimiento estable.<\/p>\n<\/li>\n<li data-start=\"1365\" data-end=\"1526\">\n<p data-start=\"1368\" data-end=\"1526\"><strong data-start=\"1368\" data-end=\"1401\">Personalizable para las necesidades del mercado<\/strong> \u2013 Este tuk tuk de entrega pesada est\u00e1 disponible en m\u00faltiples colores y se puede adaptar para diferentes aplicaciones de carga.<\/p>\n<\/li>\n<\/ol>\n<p>&nbsp;<\/p>\n<hr data-start=\"1528\" data-end=\"1531\" \/>\n<h2 data-start=\"1533\" data-end=\"1564\">Ventajas de diferenciaci\u00f3n<\/h2>\n<ol data-start=\"1565\" data-end=\"2165\">\n<li data-start=\"1565\" data-end=\"1728\">\n<p data-start=\"1568\" data-end=\"1728\"><strong data-start=\"1568\" data-end=\"1599\">Durabilidad de grado industrial<\/strong> A diferencia de los triciclos de bater\u00eda ligeros, el Tyrannosaurus est\u00e1 construido para cargas pesadas con un cuerpo de acero reforzado.<\/p>\n<\/li>\n<li data-start=\"1729\" data-end=\"1890\">\n<p data-start=\"1732\" data-end=\"1890\"><strong data-start=\"1732\" data-end=\"1760\">Alternativa ecol\u00f3gica<\/strong> Proporciona una soluci\u00f3n de cero emisiones para la log\u00edstica, reemplazando los tuk tuks diesel tradicionales por un veh\u00edculo de carga el\u00e9ctrico limpio.<\/p>\n<\/li>\n<li data-start=\"1891\" data-end=\"2025\">\n<p data-start=\"1894\" data-end=\"2025\"><strong data-start=\"1894\" data-end=\"1921\">Seguridad de frenado superior<\/strong> \u2013 Cuenta con una combinaci\u00f3n de frenos de tambor delantero y trasero para una potencia de parada fiable bajo cargas pesadas.<\/p>\n<\/li>\n<li data-start=\"2026\" data-end=\"2165\">\n<p data-start=\"2029\" data-end=\"2165\"><strong data-start=\"2029\" data-end=\"2052\">Modelo probado en el mercado<\/strong> Con una capacidad de producci\u00f3n anual de 200.000 unidades, este triciclo de carga cuenta con la confianza de empresas de todo el mundo.<\/p>\n<\/li>\n<\/ol>\n<p data-start=\"2699\" data-end=\"2730\">\u00a0 \u00a0 \u00a0 \u00a0 \u00a0 \u00a0<img fetchpriority=\"high\" decoding=\"async\" class=\"alignnone wp-image-4049\" src=\"https:\/\/www.tairuiauto.com\/wp-content\/uploads\/2025\/10\/9b0445f4-bc39-4cf4-920c-eae8fc3e9150-300x169.webp\" alt=\"\" width=\"527\" height=\"297\" srcset=\"https:\/\/www.tairuiauto.com\/wp-content\/uploads\/2025\/10\/9b0445f4-bc39-4cf4-920c-eae8fc3e9150-300x169.webp 300w, https:\/\/www.tairuiauto.com\/wp-content\/uploads\/2025\/10\/9b0445f4-bc39-4cf4-920c-eae8fc3e9150-18x10.webp 18w, https:\/\/www.tairuiauto.com\/wp-content\/uploads\/2025\/10\/9b0445f4-bc39-4cf4-920c-eae8fc3e9150.webp 550w\" sizes=\"(max-width: 527px) 100vw, 527px\" \/>\u00a0 \u00a0 \u00a0 \u00a0 \u00a0 \u00a0 \u00a0 \u00a0 \u00a0 \u00a0 \u00a0 <img decoding=\"async\" class=\"alignnone size-medium wp-image-4047\" src=\"https:\/\/www.tairuiauto.com\/wp-content\/uploads\/2025\/10\/3c248dcc-8dbe-4a10-bec3-6dbf3994f894-300x300.webp\" alt=\"\" width=\"300\" height=\"300\" srcset=\"https:\/\/www.tairuiauto.com\/wp-content\/uploads\/2025\/10\/3c248dcc-8dbe-4a10-bec3-6dbf3994f894-300x300.webp 300w, https:\/\/www.tairuiauto.com\/wp-content\/uploads\/2025\/10\/3c248dcc-8dbe-4a10-bec3-6dbf3994f894-150x150.webp 150w, https:\/\/www.tairuiauto.com\/wp-content\/uploads\/2025\/10\/3c248dcc-8dbe-4a10-bec3-6dbf3994f894-12x12.webp 12w, https:\/\/www.tairuiauto.com\/wp-content\/uploads\/2025\/10\/3c248dcc-8dbe-4a10-bec3-6dbf3994f894-100x100.webp 100w, https:\/\/www.tairuiauto.com\/wp-content\/uploads\/2025\/10\/3c248dcc-8dbe-4a10-bec3-6dbf3994f894.webp 550w\" sizes=\"(max-width: 300px) 100vw, 300px\" \/><\/p>\n<hr data-start=\"2732\" data-end=\"2735\" \/>\n<h2 data-start=\"2737\" data-end=\"2762\">Par\u00e1metros t\u00e9cnicos<\/h2>\n<ul data-start=\"2763\" data-end=\"2967\">\n<li data-start=\"2763\" data-end=\"2790\">\n<p data-start=\"2765\" data-end=\"2790\">Tracci\u00f3n: Tracci\u00f3n trasera<\/p>\n<\/li>\n<li data-start=\"2791\" data-end=\"2847\">\n<p data-start=\"2793\" data-end=\"2847\">Bater\u00eda: 60V \/ 72V, alta capacidad para una mayor duraci\u00f3n<\/p>\n<\/li>\n<li data-start=\"2848\" data-end=\"2882\">\n<p data-start=\"2850\" data-end=\"2882\">Carga: Carga pesada de hasta 1000kg<\/p>\n<\/li>\n<li data-start=\"2883\" data-end=\"2920\">\n<p data-start=\"2885\" data-end=\"2920\">Marco: Estructura de acero reforzado<\/p>\n<\/li>\n<li data-start=\"2921\" data-end=\"2967\">\n<p data-start=\"2923\" data-end=\"2967\">Suspension: Sistema hidr\u00e1ulico para la estabilidad<\/p>\n<\/li>\n<\/ul>\n<hr data-start=\"2969\" data-end=\"2972\" \/>\n<h2 data-start=\"2974\" data-end=\"2987\">Material<\/h2>\n<ul data-start=\"2988\" data-end=\"3185\">\n<li data-start=\"2988\" data-end=\"3067\">\n<p data-start=\"2990\" data-end=\"3067\"><strong data-start=\"2990\" data-end=\"3009\">Chasis y Marco<\/strong>Acero reforzado de alta resistencia para soporte de carga pesada<\/p>\n<\/li>\n<li data-start=\"3068\" data-end=\"3137\">\n<p data-start=\"3070\" data-end=\"3137\"><strong data-start=\"3070\" data-end=\"3083\">Cama de carga<\/strong>: Paneles de acero espesados con revestimiento resistente a la oxidaci\u00f3n<\/p>\n<\/li>\n<li data-start=\"3138\" data-end=\"3185\">\n<p data-start=\"3140\" data-end=\"3185\"><strong data-start=\"3140\" data-end=\"3149\">Neum\u00e1ticos<\/strong>: caucho resistente al desgaste<\/p>\n<\/li>\n<\/ul>\n<hr data-start=\"3187\" data-end=\"3190\" \/>\n<h2 data-start=\"3192\" data-end=\"3207\">Apariencia<\/h2>\n<ul data-start=\"3208\" data-end=\"3342\">\n<li data-start=\"3208\" data-end=\"3271\">\n<p data-start=\"3210\" data-end=\"3271\">Dise\u00f1o robusto de triciclo de carga con cama de carga de gran capacidad.<\/p>\n<\/li>\n<li data-start=\"3272\" data-end=\"3342\">\n<p data-start=\"3274\" data-end=\"3342\">Disponible en colores personalizados para la marca y la consistencia de la flota.<\/p>\n<\/li>\n<\/ul>\n<hr data-start=\"3344\" data-end=\"3347\" \/>\n<h2 data-start=\"3349\" data-end=\"3360\">Dise\u00f1o<\/h2>\n<ul data-start=\"3361\" data-end=\"3549\">\n<li data-start=\"3361\" data-end=\"3468\">\n<p data-start=\"3363\" data-end=\"3468\">Optimizado para el rendimiento pesado manteniendo la maniobrabilidad en entornos urbanos y rurales.<\/p>\n<\/li>\n<li data-start=\"3469\" data-end=\"3549\">\n<p data-start=\"3471\" data-end=\"3549\">Los asientos y controles ergon\u00f3micos garantizan la comodidad del conductor durante largas horas de trabajo.<\/p>\n<\/li>\n<\/ul>\n<hr data-start=\"3551\" data-end=\"3554\" \/>\n<h2 data-start=\"3556\" data-end=\"3578\">Personalizaci\u00f3n OEM<\/h2>\n<ul data-start=\"3579\" data-end=\"3722\">\n<li data-start=\"3579\" data-end=\"3629\">\n<p data-start=\"3581\" data-end=\"3629\">Opciones de color personalizadas (azul, rojo, verde, etc.).<\/p>\n<\/li>\n<li data-start=\"3630\" data-end=\"3669\">\n<p data-start=\"3632\" data-end=\"3669\">Marca de logotipo para operaciones de flota.<\/p>\n<\/li>\n<li data-start=\"3670\" data-end=\"3722\">\n<p data-start=\"3672\" data-end=\"3722\">Actualizaciones de bater\u00eda disponibles para kilometraje extendido.<\/p>\n<\/li>\n<\/ul>\n<hr data-start=\"3724\" data-end=\"3727\" \/>\n<h2 data-start=\"3729\" data-end=\"3749\">Control de calidad<\/h2>\n<ul data-start=\"3750\" data-end=\"3907\">\n<li data-start=\"3750\" data-end=\"3804\">\n<p data-start=\"3752\" data-end=\"3804\">Fabricado bajo estrictos procesos certificados por ISO.<\/p>\n<\/li>\n<li data-start=\"3805\" data-end=\"3848\">\n<p data-start=\"3807\" data-end=\"3848\">100% prueba de componentes antes del env\u00edo.<\/p>\n<\/li>\n<li data-start=\"3849\" data-end=\"3907\">\n<p data-start=\"3851\" data-end=\"3907\">Las pruebas de carga y resistencia garantizan un rendimiento a largo plazo.<\/p>\n<\/li>\n<\/ul>\n<hr data-start=\"3909\" data-end=\"3912\" \/>\n<h2 data-start=\"3914\" data-end=\"3938\">Servicio posventa<\/h2>\n<ul data-start=\"3939\" data-end=\"4093\">\n<li data-start=\"3939\" data-end=\"4011\">\n<p data-start=\"3941\" data-end=\"4011\">Garant\u00eda de un a\u00f1o en componentes clave: motor, controlador y bater\u00eda.<\/p>\n<\/li>\n<li data-start=\"4012\" data-end=\"4043\">\n<p data-start=\"4014\" data-end=\"4043\">Soporte global de piezas de repuesto.<\/p>\n<\/li>\n<li data-start=\"4044\" data-end=\"4093\">\n<p data-start=\"4046\" data-end=\"4093\">Servicio t\u00e9cnico disponible para los compradores de flotas.<\/p>\n<\/li>\n<\/ul>\n<hr data-start=\"4095\" data-end=\"4098\" \/>\n<h2 data-start=\"4100\" data-end=\"4123\">Campos de aplicaci\u00f3n<\/h2>\n<ul data-start=\"4124\" data-end=\"4273\">\n<li data-start=\"4124\" data-end=\"4160\">\n<p data-start=\"4126\" data-end=\"4160\">Log\u00edstica y entrega de \u00faltima milla<\/p>\n<\/li>\n<li data-start=\"4161\" data-end=\"4193\">\n<p data-start=\"4163\" data-end=\"4193\">Transporte de carga agr\u00edcola<\/p>\n<\/li>\n<li data-start=\"4194\" data-end=\"4238\">\n<p data-start=\"4196\" data-end=\"4238\">Transporte industrial y de obras<\/p>\n<\/li>\n<li data-start=\"4239\" data-end=\"4273\">\n<p data-start=\"4241\" data-end=\"4273\">Distribuci\u00f3n de alimentos y bebidas<\/p>\n<\/li>\n<\/ul>\n<hr data-start=\"4275\" data-end=\"4278\" \/>\n<h2 data-start=\"4280\" data-end=\"4300\">Opciones de pago<\/h2>\n<ul data-start=\"4301\" data-end=\"4373\">\n<li data-start=\"4301\" data-end=\"4373\">\n<p data-start=\"4303\" data-end=\"4373\">T \/ T, L \/ C, Western Union y soluciones de financiaci\u00f3n flexibles disponibles.<\/p>\n<\/li>\n<\/ul>\n<hr data-start=\"4375\" data-end=\"4378\" \/>\n<h2 data-start=\"4380\" data-end=\"4388\">Preguntas frecuentes<\/h2>\n<p data-start=\"4390\" data-end=\"4556\"><strong data-start=\"4390\" data-end=\"4480\">Q1: \u00bfCu\u00e1l es la capacidad m\u00e1xima de carga del Triciclo de Carga El\u00e9ctrica de Carga Pesada Tyrannosaurus?<\/strong><br data-start=\"4480\" data-end=\"4483\" \/>A1: Puede llevar hasta 900-1000 kg, ideal para el transporte medio a pesado.<\/p>\n<p data-start=\"4558\" data-end=\"4693\"><strong data-start=\"4558\" data-end=\"4608\">Q2: \u00bfCu\u00e1nto tiempo dura la bater\u00eda por carga?<\/strong><br data-start=\"4608\" data-end=\"4611\" \/>A2: El triciclo de bater\u00eda funciona hasta 50 km dependiendo del terreno y la carga.<\/p>\n<p data-start=\"4695\" data-end=\"4851\"><strong data-start=\"4695\" data-end=\"4770\">Q3: \u00bfPuede este veh\u00edculo de carga el\u00e9ctrico ser personalizado para la marca de la flota?<\/strong><br data-start=\"4770\" data-end=\"4773\" \/>A3: S\u00ed, proporcionamos personalizaci\u00f3n del OEM para colores, logotipos y especificaciones.<\/p>\n<p data-start=\"4853\" data-end=\"4940\"><strong data-start=\"4853\" data-end=\"4889\">Q4: \u00bfCu\u00e1nto tiempo dura la carga?<\/strong><br data-start=\"4889\" data-end=\"4892\" \/>A4: Una carga completa dura aproximadamente 8 horas.<\/p>\n<p data-start=\"4942\" data-end=\"5036\"><strong data-start=\"4942\" data-end=\"4983\">Q5: \u00bfEs adecuado para terreno monta\u00f1oso?<\/strong><br data-start=\"4983\" data-end=\"4986\" \/>A5: S\u00ed, soporta capacidad de escalada de hasta 20\u00b0.<\/p>","protected":false},"excerpt":{"rendered":"<p>El <strong data-start=\"244\" data-end=\"287\">Tyrannosaurus Tricicleta el\u00e9ctrica de carga pesada<\/strong> es un veh\u00edculo de tres ruedas robusto y pesado dise\u00f1ado para el transporte de carga mediana a grande. Con su motor hidr\u00e1ulico de 1500 W, marco de acero reforzado y una capacidad de carga de 900-1000 kg, este triciclo el\u00e9ctrico ofrece un rendimiento excepcional para la log\u00edstica industrial, agr\u00edcola y comercial. Dise\u00f1ado para los operadores que necesitan una potencia de transporte fiable, el triciclo a bater\u00eda Tyrannosaurus combina durabilidad con tecnolog\u00eda ecol\u00f3gica. Su sistema de alimentaci\u00f3n de 60V\/72V y su controlador de 24 tubos garantizan una eficiencia constante, mientras que el dise\u00f1o personalizable lo convierte en una soluci\u00f3n adaptable para m\u00faltiples industrias.<\/p>","protected":false},"featured_media":4050,"comment_status":"open","ping_status":"closed","template":"","meta":[],"product_brand":[],"product_cat":[78],"product_tag":[],"class_list":{"0":"post-4045","1":"product","2":"type-product","3":"status-publish","4":"has-post-thumbnail","6":"product_cat-electric-tricycle","8":"first","9":"instock","10":"shipping-taxable","11":"product-type-simple"},"_links":{"self":[{"href":"https:\/\/www.tairuiauto.com\/es\/wp-json\/wp\/v2\/product\/4045","targetHints":{"allow":["GET"]}}],"collection":[{"href":"https:\/\/www.tairuiauto.com\/es\/wp-json\/wp\/v2\/product"}],"about":[{"href":"https:\/\/www.tairuiauto.com\/es\/wp-json\/wp\/v2\/types\/product"}],"replies":[{"embeddable":true,"href":"https:\/\/www.tairuiauto.com\/es\/wp-json\/wp\/v2\/comments?post=4045"}],"wp:featuredmedia":[{"embeddable":true,"href":"https:\/\/www.tairuiauto.com\/es\/wp-json\/wp\/v2\/media\/4050"}],"wp:attachment":[{"href":"https:\/\/www.tairuiauto.com\/es\/wp-json\/wp\/v2\/media?parent=4045"}],"wp:term":[{"taxonomy":"product_brand","embeddable":true,"href":"https:\/\/www.tairuiauto.com\/es\/wp-json\/wp\/v2\/product_brand?post=4045"},{"taxonomy":"product_cat","embeddable":true,"href":"https:\/\/www.tairuiauto.com\/es\/wp-json\/wp\/v2\/product_cat?post=4045"},{"taxonomy":"product_tag","embeddable":true,"href":"https:\/\/www.tairuiauto.com\/es\/wp-json\/wp\/v2\/product_tag?post=4045"}],"curies":[{"name":"WP","href":"https:\/\/api.w.org\/{rel}","templated":true}]}}