{"id":4051,"date":"2025-10-18T09:38:20","date_gmt":"2025-10-18T01:38:20","guid":{"rendered":"https:\/\/www.tairuiauto.com\/?post_type=product&#038;p=4051"},"modified":"2025-10-16T09:25:15","modified_gmt":"2025-10-16T01:25:15","slug":"passenger-three-wheeler-ev","status":"publish","type":"product","link":"https:\/\/www.tairuiauto.com\/es\/product\/passenger-three-wheeler-ev\/","title":{"rendered":"Pasajeros tres ruedas EV"},"content":{"rendered":"<h3 data-start=\"284\" data-end=\"309\">Descripci\u00f3n del producto<\/h3>\n<p data-start=\"310\" data-end=\"975\">Con capacidad para 5 pasajeros, es ideal para uso familiar, desplazamientos comunitarios, servicios de transporte compartido o incluso como alternativa a los tuk tuks tradicionales en los mercados en desarrollo.<\/p>\n<table style=\"width: 78.2203%; height: 432px;\" width=\"618\">\n<tbody>\n<tr style=\"height: 24px;\">\n<td style=\"height: 24px;\" width=\"245\">modelo<\/td>\n<td style=\"height: 24px;\" width=\"373\">Veh\u00edculo el\u00e9ctrico de tres ruedas WEIKA<\/td>\n<\/tr>\n<tr style=\"height: 24px;\">\n<td style=\"height: 24px;\" width=\"245\">Tiempo de carga<\/td>\n<td style=\"height: 24px;\" width=\"373\">8 horas<\/td>\n<\/tr>\n<tr style=\"height: 24px;\">\n<td style=\"height: 24px;\" width=\"245\">Neum\u00e1tico delantero\/trasero Tt<\/td>\n<td style=\"height: 24px;\" width=\"373\">Primero 4.00-12 y luego 4.00-12<\/td>\n<\/tr>\n<tr style=\"height: 24px;\">\n<td style=\"height: 24px;\" width=\"245\">Elecci\u00f3n de color<\/td>\n<td style=\"height: 24px;\" width=\"373\">Personalizado<\/td>\n<\/tr>\n<tr style=\"height: 24px;\">\n<td style=\"height: 24px;\" width=\"245\">Marca comercial<\/td>\n<td style=\"height: 24px;\" width=\"373\">TECREK o OEM<\/td>\n<\/tr>\n<tr style=\"height: 24px;\">\n<td style=\"height: 24px;\" width=\"245\">Origen<\/td>\n<td style=\"height: 24px;\" width=\"373\">China<\/td>\n<\/tr>\n<tr style=\"height: 24px;\">\n<td style=\"height: 24px;\" width=\"245\">Rango por carga\/km<\/td>\n<td style=\"height: 24px;\" width=\"373\">50 kil\u00f3metros<\/td>\n<\/tr>\n<tr style=\"height: 24px;\">\n<td style=\"height: 24px;\" width=\"245\">Velocidad m\u00e1xima Km\/H<\/td>\n<td style=\"height: 24px;\" width=\"373\">30-40 km\/h<\/td>\n<\/tr>\n<tr style=\"height: 24px;\">\n<td style=\"height: 24px;\" width=\"245\">vidrio<\/td>\n<td style=\"height: 24px;\" width=\"373\">Vidrio de mano<\/td>\n<\/tr>\n<tr style=\"height: 24px;\">\n<td style=\"height: 24px;\" width=\"245\">Dimensi\u00f3n general<\/td>\n<td style=\"height: 24px;\" width=\"373\">2350 * 1160 * 1670mm<\/td>\n<\/tr>\n<tr style=\"height: 24px;\">\n<td style=\"height: 24px;\" width=\"245\">Asientos<\/td>\n<td style=\"height: 24px;\" width=\"373\">5<\/td>\n<\/tr>\n<tr style=\"height: 24px;\">\n<td style=\"height: 24px;\" width=\"245\">Potencia del motor hidr\u00e1ulico<\/td>\n<td style=\"height: 24px;\" width=\"373\">800W<\/td>\n<\/tr>\n<tr style=\"height: 24px;\">\n<td style=\"height: 24px;\" width=\"245\">Voltaje est\u00e1ndar<\/td>\n<td style=\"height: 24px;\" width=\"373\">48\/60V<\/td>\n<\/tr>\n<tr style=\"height: 24px;\">\n<td style=\"height: 24px;\" width=\"245\">Controlador<\/td>\n<td style=\"height: 24px;\" width=\"373\">36Tubo<\/td>\n<\/tr>\n<tr style=\"height: 24px;\">\n<td style=\"height: 24px;\" width=\"245\">Modo de frenado<\/td>\n<td style=\"height: 24px;\" width=\"373\">Frente: tambor Trasera: Disco<\/td>\n<\/tr>\n<tr style=\"height: 24px;\">\n<td style=\"height: 24px;\" width=\"245\">Deslizamiento m\u00ednimo al suelo<\/td>\n<td style=\"height: 24px;\" width=\"373\">135<\/td>\n<\/tr>\n<tr style=\"height: 24px;\">\n<td style=\"height: 24px;\" width=\"245\">Capacidad de producci\u00f3n<\/td>\n<td style=\"height: 24px;\" width=\"373\">350,00 cm * 150,00 cm * 150,00 cm<\/td>\n<\/tr>\n<tr style=\"height: 24px;\">\n<td style=\"height: 24px;\" width=\"245\">Peso Bruto del Paquete<\/td>\n<td style=\"height: 24px;\" width=\"373\">260.000kg<\/td>\n<\/tr>\n<\/tbody>\n<\/table>\n<hr data-start=\"977\" data-end=\"980\" \/>\n<h3 data-start=\"982\" data-end=\"1006\">Puntos clave de venta<\/h3>\n<ol data-start=\"1007\" data-end=\"1804\">\n<li data-start=\"1007\" data-end=\"1236\">\n<p data-start=\"1010\" data-end=\"1236\"><strong data-start=\"1010\" data-end=\"1041\">Movilidad Urbana Ecol\u00f3gica<\/strong> El Passenger Three Wheeler EV reduce las emisiones de carbono, ofreciendo una alternativa sostenible a las motocicletas, scooters y tuk tuks de gasolina. Perfecto para paseos en la ciudad y desplazamientos de corta distancia.<\/p>\n<\/li>\n<li data-start=\"1237\" data-end=\"1425\">\n<p data-start=\"1240\" data-end=\"1425\"><strong data-start=\"1240\" data-end=\"1271\">Amplia capacidad de pasajeros<\/strong> Dise\u00f1ado con 5 asientos y una cabina ergon\u00f3mica, este triciclo el\u00e9ctrico garantiza viajes c\u00f3modos para familias, pasajeros o servicios de transporte local.<\/p>\n<\/li>\n<li data-start=\"1426\" data-end=\"1610\">\n<p data-start=\"1429\" data-end=\"1610\"><strong data-start=\"1429\" data-end=\"1467\">Rendimiento eficiente y fiable<\/strong> Con un motor hidr\u00e1ulico de 800 W y un controlador de 36 tubos, el trike el\u00e9ctrico WEIKA ofrece una potencia suave, un frenado fuerte y un rango fiable.<\/p>\n<\/li>\n<li data-start=\"1611\" data-end=\"1804\">\n<p data-start=\"1614\" data-end=\"1804\"><strong data-start=\"1614\" data-end=\"1648\">Asequible y bajo mantenimiento<\/strong> En comparaci\u00f3n con los veh\u00edculos de tres ruedas basados en combustible, el Passenger Three Wheeler EV ofrece ahorros en combustible, menos problemas mec\u00e1nicos y una vida \u00fatil de componentes m\u00e1s larga.<\/p>\n<\/li>\n<\/ol>\n<p>&nbsp;<\/p>\n<hr data-start=\"1806\" data-end=\"1809\" \/>\n<h3 data-start=\"1811\" data-end=\"1842\">Ventajas diferenciadas<\/h3>\n<ol data-start=\"1843\" data-end=\"2574\">\n<li data-start=\"1843\" data-end=\"2023\">\n<p data-start=\"1846\" data-end=\"2023\"><strong data-start=\"1846\" data-end=\"1874\">Caracter\u00edsticas de seguridad mejoradas<\/strong> Equipado con una combinaci\u00f3n de freno de tambor delantero y freno de disco trasero, este tuk tuk el\u00e9ctrico proporciona una potencia de parada fiable y seguridad de los pasajeros.<\/p>\n<\/li>\n<li data-start=\"2024\" data-end=\"2221\">\n<p data-start=\"2027\" data-end=\"2221\"><strong data-start=\"2027\" data-end=\"2051\">Opciones personalizables<\/strong> El Passenger Three Wheeler EV soporta la personalizaci\u00f3n OEM\/ODM, incluyendo colores, marca (TECREK o OEM) y accesorios, lo que lo hace flexible para los operadores comerciales.<\/p>\n<\/li>\n<li data-start=\"2222\" data-end=\"2379\">\n<p data-start=\"2225\" data-end=\"2379\"><strong data-start=\"2225\" data-end=\"2254\">Comodidad y dise\u00f1o modernos<\/strong> Las ventanas de vidrio de mano, una cabina totalmente met\u00e1lica y materiales resistentes a las intemperie garantizan la usabilidad durante todo el a\u00f1o en varios climas.<\/p>\n<\/li>\n<li data-start=\"2380\" data-end=\"2574\">\n<p data-start=\"2383\" data-end=\"2574\"><strong data-start=\"2383\" data-end=\"2410\">Alta calidad de producci\u00f3n<\/strong> Con una capacidad de producci\u00f3n de 350.000 unidades al a\u00f1o, cada trike el\u00e9ctrico WEIKA se somete a estrictas inspecciones de calidad, garantizando consistencia y fiabilidad.<\/p>\n<\/li>\n<\/ol>\n<p data-start=\"3003\" data-end=\"3048\"><img fetchpriority=\"high\" decoding=\"async\" class=\"alignnone size-medium wp-image-4055 aligncenter\" src=\"https:\/\/www.tairuiauto.com\/wp-content\/uploads\/2025\/10\/c15afa43-58c3-4205-8d58-f419c8d9d1ed-300x300.jpg\" alt=\"\" width=\"300\" height=\"300\" srcset=\"https:\/\/www.tairuiauto.com\/wp-content\/uploads\/2025\/10\/c15afa43-58c3-4205-8d58-f419c8d9d1ed-300x300.jpg 300w, https:\/\/www.tairuiauto.com\/wp-content\/uploads\/2025\/10\/c15afa43-58c3-4205-8d58-f419c8d9d1ed-1024x1024.jpg 1024w, https:\/\/www.tairuiauto.com\/wp-content\/uploads\/2025\/10\/c15afa43-58c3-4205-8d58-f419c8d9d1ed-150x150.jpg 150w, https:\/\/www.tairuiauto.com\/wp-content\/uploads\/2025\/10\/c15afa43-58c3-4205-8d58-f419c8d9d1ed-768x768.jpg 768w, https:\/\/www.tairuiauto.com\/wp-content\/uploads\/2025\/10\/c15afa43-58c3-4205-8d58-f419c8d9d1ed-1536x1536.jpg 1536w, https:\/\/www.tairuiauto.com\/wp-content\/uploads\/2025\/10\/c15afa43-58c3-4205-8d58-f419c8d9d1ed-2048x2048.jpg 2048w, https:\/\/www.tairuiauto.com\/wp-content\/uploads\/2025\/10\/c15afa43-58c3-4205-8d58-f419c8d9d1ed-12x12.jpg 12w, https:\/\/www.tairuiauto.com\/wp-content\/uploads\/2025\/10\/c15afa43-58c3-4205-8d58-f419c8d9d1ed-600x600.jpg 600w, https:\/\/www.tairuiauto.com\/wp-content\/uploads\/2025\/10\/c15afa43-58c3-4205-8d58-f419c8d9d1ed-100x100.jpg 100w\" sizes=\"(max-width: 300px) 100vw, 300px\" \/><\/p>\n<hr data-start=\"3050\" data-end=\"3053\" \/>\n<h3 data-start=\"3055\" data-end=\"3081\">Par\u00e1metros t\u00e9cnicos<\/h3>\n<ul data-start=\"3082\" data-end=\"3264\">\n<li data-start=\"3082\" data-end=\"3135\">\n<p data-start=\"3084\" data-end=\"3135\"><strong data-start=\"3084\" data-end=\"3105\">Neum\u00e1ticos delanteros\/traseros:<\/strong> Primero 4.00-12, Trasero 4.00-12<\/p>\n<\/li>\n<li data-start=\"3136\" data-end=\"3164\">\n<p data-start=\"3138\" data-end=\"3164\"><strong data-start=\"3138\" data-end=\"3148\">Marco:<\/strong> Chasis de acero<\/p>\n<\/li>\n<li data-start=\"3165\" data-end=\"3198\">\n<p data-start=\"3167\" data-end=\"3198\"><strong data-start=\"3167\" data-end=\"3177\">Vidrio:<\/strong> Ventanas de vidrio de mano<\/p>\n<\/li>\n<li data-start=\"3199\" data-end=\"3264\">\n<p data-start=\"3201\" data-end=\"3264\"><strong data-start=\"3201\" data-end=\"3218\">Fuente de energ\u00eda:<\/strong> Bater\u00eda de plomo-\u00e1cido o litio (personalizable)<\/p>\n<\/li>\n<\/ul>\n<hr data-start=\"3266\" data-end=\"3269\" \/>\n<h3 data-start=\"3271\" data-end=\"3286\">Materiales<\/h3>\n<ul data-start=\"3287\" data-end=\"3468\">\n<li data-start=\"3287\" data-end=\"3328\">\n<p data-start=\"3289\" data-end=\"3328\"><strong data-start=\"3289\" data-end=\"3298\">Cuerpo:<\/strong> Marco de cuerpo de acero reforzado<\/p>\n<\/li>\n<li data-start=\"3329\" data-end=\"3364\">\n<p data-start=\"3331\" data-end=\"3364\"><strong data-start=\"3331\" data-end=\"3343\">Ventanas:<\/strong> Vidrio de mano duradero<\/p>\n<\/li>\n<li data-start=\"3365\" data-end=\"3421\">\n<p data-start=\"3367\" data-end=\"3421\"><strong data-start=\"3367\" data-end=\"3377\">Asientos:<\/strong> Asientos ergon\u00f3micos para pasajeros con amortiguaci\u00f3n<\/p>\n<\/li>\n<li data-start=\"3422\" data-end=\"3468\">\n<p data-start=\"3424\" data-end=\"3468\"><strong data-start=\"3424\" data-end=\"3434\">Pintura:<\/strong> Acabado de pintura ecol\u00f3gica resistente a la oxidaci\u00f3n<\/p>\n<\/li>\n<\/ul>\n<hr data-start=\"3470\" data-end=\"3473\" \/>\n<h3 data-start=\"3475\" data-end=\"3491\">Apariencia<\/h3>\n<ul data-start=\"3492\" data-end=\"3599\">\n<li data-start=\"3492\" data-end=\"3523\">\n<p data-start=\"3494\" data-end=\"3523\">Dise\u00f1o compacto de cabina cerrada<\/p>\n<\/li>\n<li data-start=\"3524\" data-end=\"3560\">\n<p data-start=\"3526\" data-end=\"3560\">Cuerpo blanco elegante con borde negro<\/p>\n<\/li>\n<li data-start=\"3561\" data-end=\"3599\">\n<p data-start=\"3563\" data-end=\"3599\">Colores de cuerpo personalizables disponibles<\/p>\n<\/li>\n<\/ul>\n<hr data-start=\"3601\" data-end=\"3604\" \/>\n<h3 data-start=\"3606\" data-end=\"3618\">Dise\u00f1o<\/h3>\n<p data-start=\"3619\" data-end=\"3774\">El Passenger Three Wheeler EV est\u00e1 dise\u00f1ado para la practicidad y la comodidad, con una cabina de pasajeros cerrada, una estructura de acero duradera y un uso eficiente del espacio.<\/p>\n<hr data-start=\"3776\" data-end=\"3779\" \/>\n<h3 data-start=\"3781\" data-end=\"3804\">Personalizaci\u00f3n OEM<\/h3>\n<p data-start=\"3805\" data-end=\"3835\">Soporta OEM\/ODM, incluyendo:<\/p>\n<ul data-start=\"3836\" data-end=\"3940\">\n<li data-start=\"3836\" data-end=\"3874\">\n<p data-start=\"3838\" data-end=\"3874\">Marca (TECREK o logotipo del cliente)<\/p>\n<\/li>\n<li data-start=\"3875\" data-end=\"3904\">\n<p data-start=\"3877\" data-end=\"3904\">Colores y acabados de pintura<\/p>\n<\/li>\n<li data-start=\"3905\" data-end=\"3940\">\n<p data-start=\"3907\" data-end=\"3940\">Configuraciones de bater\u00eda opcionales<\/p>\n<\/li>\n<\/ul>\n<hr data-start=\"3942\" data-end=\"3945\" \/>\n<h3 data-start=\"3947\" data-end=\"3968\">Control de calidad<\/h3>\n<ul data-start=\"3969\" data-end=\"4109\">\n<li data-start=\"3969\" data-end=\"4002\">\n<p data-start=\"3971\" data-end=\"4002\">L\u00ednea de producci\u00f3n certificada ISO<\/p>\n<\/li>\n<li data-start=\"4003\" data-end=\"4045\">\n<p data-start=\"4005\" data-end=\"4045\">Inspecci\u00f3n en m\u00faltiples etapas antes del env\u00edo<\/p>\n<\/li>\n<li data-start=\"4046\" data-end=\"4109\">\n<p data-start=\"4048\" data-end=\"4109\">Producci\u00f3n anual &gt; 350.000 unidades garantizan una calidad constante<\/p>\n<\/li>\n<\/ul>\n<hr data-start=\"4111\" data-end=\"4114\" \/>\n<h3 data-start=\"4116\" data-end=\"4141\">Servicio posventa<\/h3>\n<ul data-start=\"4142\" data-end=\"4298\">\n<li data-start=\"4142\" data-end=\"4185\">\n<p data-start=\"4144\" data-end=\"4185\">Garant\u00eda de 1 a\u00f1o en motor y controlador<\/p>\n<\/li>\n<li data-start=\"4186\" data-end=\"4217\">\n<p data-start=\"4188\" data-end=\"4217\">Garant\u00eda de 6 meses sobre la bater\u00eda<\/p>\n<\/li>\n<li data-start=\"4218\" data-end=\"4268\">\n<p data-start=\"4220\" data-end=\"4268\">Soporte al cliente 24\/7 para asistencia t\u00e9cnica<\/p>\n<\/li>\n<li data-start=\"4269\" data-end=\"4298\">\n<p data-start=\"4271\" data-end=\"4298\">Suministro global de piezas de repuesto<\/p>\n<\/li>\n<\/ul>\n<hr data-start=\"4300\" data-end=\"4303\" \/>\n<h3 data-start=\"4305\" data-end=\"4329\">Campos de aplicaci\u00f3n<\/h3>\n<ul data-start=\"4330\" data-end=\"4450\">\n<li data-start=\"4330\" data-end=\"4355\">\n<p data-start=\"4332\" data-end=\"4355\">Transporte familiar<\/p>\n<\/li>\n<li data-start=\"4356\" data-end=\"4389\">\n<p data-start=\"4358\" data-end=\"4389\">Servicios de taxi de pasajeros urbanos<\/p>\n<\/li>\n<li data-start=\"4390\" data-end=\"4418\">\n<p data-start=\"4392\" data-end=\"4418\">Transporte en el resort o campus<\/p>\n<\/li>\n<li data-start=\"4419\" data-end=\"4450\">\n<p data-start=\"4421\" data-end=\"4450\">Viajes urbanos ecol\u00f3gicos<\/p>\n<\/li>\n<\/ul>\n<hr data-start=\"4452\" data-end=\"4455\" \/>\n<h3 data-start=\"4457\" data-end=\"4478\">M\u00e9todos de pago<\/h3>\n<ul data-start=\"4479\" data-end=\"4563\">\n<li data-start=\"4479\" data-end=\"4500\">\n<p data-start=\"4481\" data-end=\"4500\">Transferencia bancaria T \/ T<\/p>\n<\/li>\n<li data-start=\"4501\" data-end=\"4517\">\n<p data-start=\"4503\" data-end=\"4517\">L\/C a la vista<\/p>\n<\/li>\n<li data-start=\"4518\" data-end=\"4563\">\n<p data-start=\"4520\" data-end=\"4563\">Western Union \/ PayPal (para pedidos peque\u00f1os)<\/p>\n<\/li>\n<\/ul>\n<hr data-start=\"4565\" data-end=\"4568\" \/>\n<h3 data-start=\"4570\" data-end=\"4579\">Preguntas frecuentes<\/h3>\n<p data-start=\"4581\" data-end=\"4740\"><strong data-start=\"4581\" data-end=\"4655\">Q1: \u00bfCu\u00e1l es el rango del veh\u00edculo el\u00e9ctrico de tres ruedas de pasajeros con carga completa?<\/strong><br data-start=\"4655\" data-end=\"4658\" \/>A1: Puede viajar hasta 50 km por carga, dependiendo de las condiciones de la carretera y la carga.<\/p>\n<p data-start=\"4742\" data-end=\"4894\"><strong data-start=\"4742\" data-end=\"4793\">Q2: \u00bfPuedo pedir colores personalizados y marca?<\/strong><br data-start=\"4793\" data-end=\"4796\" \/>A2: S\u00ed, la personalizaci\u00f3n OEM y ODM est\u00e1n disponibles, incluyendo logotipos, colores de cuerpo y accesorios.<\/p>\n<p data-start=\"4896\" data-end=\"5025\"><strong data-start=\"4896\" data-end=\"4962\">Q3: \u00bfCu\u00e1ntos pasajeros puede llevar el veh\u00edculo el\u00e9ctrico de tres ruedas?<\/strong><br data-start=\"4962\" data-end=\"4965\" \/>A3: Est\u00e1 dise\u00f1ado para asientar hasta 5 pasajeros c\u00f3modamente.<\/p>\n<p data-start=\"5027\" data-end=\"5133\"><strong data-start=\"5027\" data-end=\"5076\">Q4: \u00bfCu\u00e1nto tiempo tarda la bater\u00eda en cargarse?<\/strong><br data-start=\"5076\" data-end=\"5079\" \/>A4: El tiempo de carga est\u00e1ndar es de aproximadamente 8 horas.<\/p>\n<p data-start=\"5135\" data-end=\"5330\"><strong data-start=\"5135\" data-end=\"5208\">P5: \u00bfQu\u00e9 hace que el veh\u00edculo el\u00e9ctrico de tres ruedas de pasajeros sea mejor que los tuk tuks de combustible?<\/strong><br data-start=\"5208\" data-end=\"5211\" \/>A5: Es respetuoso con el medio ambiente, tiene costos operativos m\u00e1s bajos, requiere menos mantenimiento y ofrece viajes tranquilos y c\u00f3modos.<\/p>","protected":false},"excerpt":{"rendered":"<p>El <strong data-start=\"314\" data-end=\"341\">Pasajeros tres ruedas EV<\/strong> es un moderno veh\u00edculo de tres ruedas dise\u00f1ado para el transporte urbano seguro, ecol\u00f3gico y rentable. Impulsado por un motor hidr\u00e1ulico de 800 W con opciones de 48V\/60V, este triciclo ofrece un rendimiento fiable, una velocidad m\u00e1xima de 30-40 km\/h y un rango de hasta 50 km por carga. Construido con acero de alta calidad, ventanas de vidrio manual y un chasis integrado fuerte, el Passenger Three Wheeler EV proporciona comodidad, seguridad y durabilidad de larga duraci\u00f3n. Con capacidad para 5 pasajeros, es ideal para uso familiar, desplazamientos comunitarios, servicios de transporte compartido o incluso como alternativa a los tuk tuks tradicionales en los mercados en desarrollo.<\/p>","protected":false},"featured_media":4057,"comment_status":"open","ping_status":"closed","template":"","meta":[],"product_brand":[],"product_cat":[78],"product_tag":[],"class_list":{"0":"post-4051","1":"product","2":"type-product","3":"status-publish","4":"has-post-thumbnail","6":"product_cat-electric-tricycle","8":"first","9":"instock","10":"shipping-taxable","11":"product-type-simple"},"_links":{"self":[{"href":"https:\/\/www.tairuiauto.com\/es\/wp-json\/wp\/v2\/product\/4051","targetHints":{"allow":["GET"]}}],"collection":[{"href":"https:\/\/www.tairuiauto.com\/es\/wp-json\/wp\/v2\/product"}],"about":[{"href":"https:\/\/www.tairuiauto.com\/es\/wp-json\/wp\/v2\/types\/product"}],"replies":[{"embeddable":true,"href":"https:\/\/www.tairuiauto.com\/es\/wp-json\/wp\/v2\/comments?post=4051"}],"wp:featuredmedia":[{"embeddable":true,"href":"https:\/\/www.tairuiauto.com\/es\/wp-json\/wp\/v2\/media\/4057"}],"wp:attachment":[{"href":"https:\/\/www.tairuiauto.com\/es\/wp-json\/wp\/v2\/media?parent=4051"}],"wp:term":[{"taxonomy":"product_brand","embeddable":true,"href":"https:\/\/www.tairuiauto.com\/es\/wp-json\/wp\/v2\/product_brand?post=4051"},{"taxonomy":"product_cat","embeddable":true,"href":"https:\/\/www.tairuiauto.com\/es\/wp-json\/wp\/v2\/product_cat?post=4051"},{"taxonomy":"product_tag","embeddable":true,"href":"https:\/\/www.tairuiauto.com\/es\/wp-json\/wp\/v2\/product_tag?post=4051"}],"curies":[{"name":"WP","href":"https:\/\/api.w.org\/{rel}","templated":true}]}}