{"id":4077,"date":"2025-10-20T14:49:53","date_gmt":"2025-10-20T06:49:53","guid":{"rendered":"https:\/\/www.tairuiauto.com\/?post_type=product&#038;p=4077"},"modified":"2025-10-20T11:59:56","modified_gmt":"2025-10-20T03:59:56","slug":"cargo-three-wheeler-ev-1-7m","status":"publish","type":"product","link":"https:\/\/www.tairuiauto.com\/es\/product\/cargo-three-wheeler-ev-1-7m\/","title":{"rendered":"Carga de tres ruedas EV 1.7m"},"content":{"rendered":"<h3 data-start=\"312\" data-end=\"337\">Descripci\u00f3n del producto<\/h3>\n<p data-start=\"338\" data-end=\"967\">\u00a0Dise\u00f1ado con los operadores comerciales en mente, el WEIBA 1.7 combina energ\u00eda, eficiencia y ahorro de costos.<\/p>\n<table style=\"width: 71.5663%; height: 603px;\" width=\"747\">\n<tbody>\n<tr>\n<td width=\"358\">modelo<\/td>\n<td width=\"389\">WEIBA 1.7 Carga de tres ruedas EV<\/td>\n<\/tr>\n<tr>\n<td width=\"358\">Tiempo de carga<\/td>\n<td width=\"389\">8 horas<\/td>\n<\/tr>\n<tr>\n<td width=\"358\">Neum\u00e1tico delantero\/trasero Tt<\/td>\n<td width=\"389\">ruedas delanteras 4.00-12; ruedas traseras 4.50-12<\/td>\n<\/tr>\n<tr>\n<td width=\"358\">Elecci\u00f3n de color<\/td>\n<td width=\"389\">Personalizado<\/td>\n<\/tr>\n<tr>\n<td width=\"358\">Marca comercial<\/td>\n<td width=\"389\">TECREK o OEM<\/td>\n<\/tr>\n<tr>\n<td width=\"358\">Origen<\/td>\n<td width=\"389\">China<\/td>\n<\/tr>\n<tr>\n<td width=\"358\">Rango por carga\/km<\/td>\n<td width=\"389\">50 kil\u00f3metros<\/td>\n<\/tr>\n<tr>\n<td width=\"358\">Velocidad m\u00e1xima Km\/H<\/td>\n<td width=\"389\">52 km\/h<\/td>\n<\/tr>\n<tr>\n<td width=\"358\">Capacidad de escalada<\/td>\n<td width=\"389\">\u2264 30 \u00b0<\/td>\n<\/tr>\n<tr>\n<td width=\"358\">Dimensi\u00f3n general<\/td>\n<td width=\"389\">3360X1380X1425MM<\/td>\n<\/tr>\n<tr>\n<td width=\"358\">Capacidad de carga<\/td>\n<td width=\"389\">200 kg<\/td>\n<\/tr>\n<tr>\n<td width=\"358\">Potencia del motor hidr\u00e1ulico<\/td>\n<td width=\"389\">1500W<\/td>\n<\/tr>\n<tr>\n<td width=\"358\">Voltaje est\u00e1ndar<\/td>\n<td width=\"389\">60V \/ 72V<\/td>\n<\/tr>\n<tr>\n<td width=\"358\">Controlador<\/td>\n<td width=\"389\">24 Tubo<\/td>\n<\/tr>\n<tr>\n<td width=\"358\">Modo de frenado<\/td>\n<td width=\"389\">Tambor delantero Tambor trasero<\/td>\n<\/tr>\n<tr>\n<td width=\"358\">Deslizamiento m\u00ednimo al suelo<\/td>\n<td width=\"389\">135<\/td>\n<\/tr>\n<tr>\n<td width=\"358\">Capacidad de producci\u00f3n<\/td>\n<td width=\"389\">100000set\/a\u00f1o<\/td>\n<\/tr>\n<tr>\n<td width=\"358\">Especificaci\u00f3n<\/td>\n<td width=\"389\">1800 * 1300mm<\/td>\n<\/tr>\n<tr>\n<td width=\"358\">Tama\u00f1o del paquete<\/td>\n<td width=\"389\">320 cm * 120 cm * 140 cm<\/td>\n<\/tr>\n<tr>\n<td width=\"358\">Peso Bruto del Paquete<\/td>\n<td width=\"389\">260kg<\/td>\n<\/tr>\n<\/tbody>\n<\/table>\n<hr data-start=\"969\" data-end=\"972\" \/>\n<h3 data-start=\"974\" data-end=\"998\">Puntos clave de venta<\/h3>\n<ol data-start=\"999\" data-end=\"1687\">\n<li data-start=\"999\" data-end=\"1186\">\n<p data-start=\"1002\" data-end=\"1186\"><strong data-start=\"1002\" data-end=\"1027\">Alta capacidad de carga \u00fatil<\/strong> \u2013 Con una <strong data-start=\"1037\" data-end=\"1063\">Capacidad de carga 200KG<\/strong>El triciclo de carga el\u00e9ctrico WEIBA 1.7 puede transportar f\u00e1cilmente mercanc\u00edas a granel, productos agr\u00edcolas o materiales de construcci\u00f3n.<\/p>\n<\/li>\n<li data-start=\"1187\" data-end=\"1342\">\n<p data-start=\"1190\" data-end=\"1342\"><strong data-start=\"1190\" data-end=\"1218\">Motor de rendimiento fuerte<\/strong> Un motor hidr\u00e1ulico de 1500W con voltaje de 60V \/ 72V garantiza una entrega de energ\u00eda consistente, ya sea en carreteras planas o subidas.<\/p>\n<\/li>\n<li data-start=\"1343\" data-end=\"1506\">\n<p data-start=\"1346\" data-end=\"1506\"><strong data-start=\"1346\" data-end=\"1378\">Ecol\u00f3gico y de ahorro de costos<\/strong> A diferencia de los camiones y motocicletas a base de combustible, este cami\u00f3n el\u00e9ctrico de carga reduce las emisiones y reduce los costos operativos diarios.<\/p>\n<\/li>\n<li data-start=\"1507\" data-end=\"1687\">\n<p data-start=\"1510\" data-end=\"1687\"><strong data-start=\"1510\" data-end=\"1547\">Confiable para el transporte comercial<\/strong> Construido para empresas log\u00edsticas, agricultores, mayoristas y empresas de entrega locales que requieren una soluci\u00f3n de transporte robusta y eficiente.<\/p>\n<\/li>\n<\/ol>\n<hr data-start=\"1689\" data-end=\"1692\" \/>\n<h3 data-start=\"1694\" data-end=\"1725\">Ventajas diferenciadas<\/h3>\n<ol data-start=\"1726\" data-end=\"2346\">\n<li data-start=\"1726\" data-end=\"1864\">\n<p data-start=\"1729\" data-end=\"1864\"><strong data-start=\"1729\" data-end=\"1756\">Poder de escalada superior<\/strong> El WEIBA 1.7 maneja pendientes de hasta 30\u00b0, superando a los triciclos el\u00e9ctricos est\u00e1ndar en terrenos escarpados.<\/p>\n<\/li>\n<li data-start=\"1865\" data-end=\"2022\">\n<p data-start=\"1868\" data-end=\"2022\"><strong data-start=\"1868\" data-end=\"1893\">Durabilidad reforzada<\/strong> Con un chasis de acero, controlador de 24 tubos y suspensi\u00f3n de grado industrial, este tuk tuk de carga est\u00e1 dise\u00f1ado para uso a largo plazo.<\/p>\n<\/li>\n<li data-start=\"2023\" data-end=\"2185\">\n<p data-start=\"2026\" data-end=\"2185\"><strong data-start=\"2026\" data-end=\"2052\">Personalizaci\u00f3n flexible<\/strong> Disponible con marca OEM\/ODM, m\u00faltiples opciones de color y actualizaciones de componentes, el WEIBA 1.7 se adapta a diversas necesidades empresariales.<\/p>\n<\/li>\n<li data-start=\"2186\" data-end=\"2346\">\n<p data-start=\"2189\" data-end=\"2346\"><strong data-start=\"2189\" data-end=\"2219\">Capacidad de producci\u00f3n en masa<\/strong> Con una capacidad de producci\u00f3n anual de <strong data-start=\"2260\" data-end=\"2276\">100.000 conjuntos<\/strong>Los compradores se benefician del suministro consistente y la calidad del producto garantizada.<\/p>\n<\/li>\n<\/ol>\n<p><img fetchpriority=\"high\" decoding=\"async\" class=\"wp-image-4082 aligncenter\" src=\"https:\/\/www.tairuiauto.com\/wp-content\/uploads\/2025\/10\/749154bb-bb36-4cec-bdde-9de1b7fa99cf-300x300.jpg\" alt=\"\" width=\"383\" height=\"383\" srcset=\"https:\/\/www.tairuiauto.com\/wp-content\/uploads\/2025\/10\/749154bb-bb36-4cec-bdde-9de1b7fa99cf-300x300.jpg 300w, https:\/\/www.tairuiauto.com\/wp-content\/uploads\/2025\/10\/749154bb-bb36-4cec-bdde-9de1b7fa99cf-1024x1024.jpg 1024w, https:\/\/www.tairuiauto.com\/wp-content\/uploads\/2025\/10\/749154bb-bb36-4cec-bdde-9de1b7fa99cf-150x150.jpg 150w, https:\/\/www.tairuiauto.com\/wp-content\/uploads\/2025\/10\/749154bb-bb36-4cec-bdde-9de1b7fa99cf-768x768.jpg 768w, https:\/\/www.tairuiauto.com\/wp-content\/uploads\/2025\/10\/749154bb-bb36-4cec-bdde-9de1b7fa99cf-1536x1536.jpg 1536w, https:\/\/www.tairuiauto.com\/wp-content\/uploads\/2025\/10\/749154bb-bb36-4cec-bdde-9de1b7fa99cf-2048x2048.jpg 2048w, https:\/\/www.tairuiauto.com\/wp-content\/uploads\/2025\/10\/749154bb-bb36-4cec-bdde-9de1b7fa99cf-12x12.jpg 12w, https:\/\/www.tairuiauto.com\/wp-content\/uploads\/2025\/10\/749154bb-bb36-4cec-bdde-9de1b7fa99cf-600x600.jpg 600w, https:\/\/www.tairuiauto.com\/wp-content\/uploads\/2025\/10\/749154bb-bb36-4cec-bdde-9de1b7fa99cf-100x100.jpg 100w\" sizes=\"(max-width: 383px) 100vw, 383px\" \/><\/p>\n<hr data-start=\"2775\" data-end=\"2778\" \/>\n<h3 data-start=\"2780\" data-end=\"2806\">Par\u00e1metros t\u00e9cnicos<\/h3>\n<ul data-start=\"2807\" data-end=\"3033\">\n<li data-start=\"2807\" data-end=\"2853\">\n<p data-start=\"2809\" data-end=\"2853\"><strong data-start=\"2809\" data-end=\"2828\">Sistema de frenado:<\/strong> Tambor delantero Tambor trasero<\/p>\n<\/li>\n<li data-start=\"2854\" data-end=\"2897\">\n<p data-start=\"2856\" data-end=\"2897\"><strong data-start=\"2856\" data-end=\"2866\">Neum\u00e1ticos:<\/strong> Anterior 4.00-12 \/ Trasero 4.50-12<\/p>\n<\/li>\n<li data-start=\"2898\" data-end=\"2930\">\n<p data-start=\"2900\" data-end=\"2930\"><strong data-start=\"2900\" data-end=\"2921\">Liberaci\u00f3n de tierra:<\/strong> 135 mm<\/p>\n<\/li>\n<li data-start=\"2931\" data-end=\"2963\">\n<p data-start=\"2933\" data-end=\"2963\"><strong data-start=\"2933\" data-end=\"2945\">Bater\u00eda:<\/strong> Opciones 60V\/72V<\/p>\n<\/li>\n<li data-start=\"2964\" data-end=\"3004\">\n<p data-start=\"2966\" data-end=\"3004\"><strong data-start=\"2966\" data-end=\"2983\">Tama\u00f1o del paquete:<\/strong> 320 x 120 x 140 cm<\/p>\n<\/li>\n<li data-start=\"3005\" data-end=\"3033\">\n<p data-start=\"3007\" data-end=\"3033\"><strong data-start=\"3007\" data-end=\"3024\">Peso Bruto:<\/strong> 260 kg<\/p>\n<\/li>\n<\/ul>\n<hr data-start=\"3035\" data-end=\"3038\" \/>\n<h3 data-start=\"3040\" data-end=\"3055\">Materiales<\/h3>\n<ul data-start=\"3056\" data-end=\"3199\">\n<li data-start=\"3056\" data-end=\"3089\">\n<p data-start=\"3058\" data-end=\"3089\"><strong data-start=\"3058\" data-end=\"3070\">Chasis:<\/strong> Acero pesado<\/p>\n<\/li>\n<li data-start=\"3090\" data-end=\"3155\">\n<p data-start=\"3092\" data-end=\"3155\"><strong data-start=\"3092\" data-end=\"3106\">Cama de carga:<\/strong> Plataforma met\u00e1lica reforzada para la m\u00e1xima resistencia<\/p>\n<\/li>\n<li data-start=\"3156\" data-end=\"3199\">\n<p data-start=\"3158\" data-end=\"3199\"><strong data-start=\"3158\" data-end=\"3168\">Pintura:<\/strong> Revestimiento industrial antioxidante<\/p>\n<\/li>\n<\/ul>\n<hr data-start=\"3201\" data-end=\"3204\" \/>\n<h3 data-start=\"3206\" data-end=\"3222\">Apariencia<\/h3>\n<ul data-start=\"3223\" data-end=\"3341\">\n<li data-start=\"3223\" data-end=\"3252\">\n<p data-start=\"3225\" data-end=\"3252\">Dise\u00f1o industrial robusto<\/p>\n<\/li>\n<li data-start=\"3253\" data-end=\"3289\">\n<p data-start=\"3255\" data-end=\"3289\">Disponible en colores personalizables<\/p>\n<\/li>\n<li data-start=\"3290\" data-end=\"3341\">\n<p data-start=\"3292\" data-end=\"3341\">Cama de carga pr\u00e1ctica adecuada para cargas variadas<\/p>\n<\/li>\n<\/ul>\n<hr data-start=\"3343\" data-end=\"3346\" \/>\n<h3 data-start=\"3348\" data-end=\"3360\">Dise\u00f1o<\/h3>\n<p data-start=\"3361\" data-end=\"3483\">Cabina ergon\u00f3mica con mando duradero y estructura de caja de carga reforzada para una fiabilidad de transporte de larga distancia.<\/p>\n<hr data-start=\"3485\" data-end=\"3488\" \/>\n<h3 data-start=\"3490\" data-end=\"3513\">Personalizaci\u00f3n OEM<\/h3>\n<ul data-start=\"3514\" data-end=\"3603\">\n<li data-start=\"3514\" data-end=\"3546\">\n<p data-start=\"3516\" data-end=\"3546\">Marca: TECREK o logotipo del OEM<\/p>\n<\/li>\n<li data-start=\"3547\" data-end=\"3575\">\n<p data-start=\"3549\" data-end=\"3575\">Colores y acabados del cuerpo<\/p>\n<\/li>\n<li data-start=\"3576\" data-end=\"3603\">\n<p data-start=\"3578\" data-end=\"3603\">Personalizaci\u00f3n de cama de carga<\/p>\n<\/li>\n<\/ul>\n<hr data-start=\"3605\" data-end=\"3608\" \/>\n<h3 data-start=\"3610\" data-end=\"3631\">Control de calidad<\/h3>\n<ul data-start=\"3632\" data-end=\"3761\">\n<li data-start=\"3632\" data-end=\"3668\">\n<p data-start=\"3634\" data-end=\"3668\">Producci\u00f3n de f\u00e1brica certificada ISO<\/p>\n<\/li>\n<li data-start=\"3669\" data-end=\"3711\">\n<p data-start=\"3671\" data-end=\"3711\">Inspecci\u00f3n multipunto antes del env\u00edo<\/p>\n<\/li>\n<li data-start=\"3712\" data-end=\"3761\">\n<p data-start=\"3714\" data-end=\"3761\">Consistencia garantizada con capacidad de alto volumen<\/p>\n<\/li>\n<\/ul>\n<hr data-start=\"3763\" data-end=\"3766\" \/>\n<h3 data-start=\"3768\" data-end=\"3793\">Servicio posventa<\/h3>\n<ul data-start=\"3794\" data-end=\"3933\">\n<li data-start=\"3794\" data-end=\"3837\">\n<p data-start=\"3796\" data-end=\"3837\">Garant\u00eda de 1 a\u00f1o en motor y controlador<\/p>\n<\/li>\n<li data-start=\"3838\" data-end=\"3866\">\n<p data-start=\"3840\" data-end=\"3866\">Garant\u00eda de bater\u00eda de 6 meses<\/p>\n<\/li>\n<li data-start=\"3867\" data-end=\"3897\">\n<p data-start=\"3869\" data-end=\"3897\">Soporte global de piezas de repuesto<\/p>\n<\/li>\n<li data-start=\"3898\" data-end=\"3933\">\n<p data-start=\"3900\" data-end=\"3933\">Servicios de consultor\u00eda t\u00e9cnica<\/p>\n<\/li>\n<\/ul>\n<hr data-start=\"3935\" data-end=\"3938\" \/>\n<h3 data-start=\"3940\" data-end=\"3964\">Campos de aplicaci\u00f3n<\/h3>\n<ul data-start=\"3965\" data-end=\"4116\">\n<li data-start=\"3965\" data-end=\"4000\">\n<p data-start=\"3967\" data-end=\"4000\">Transporte de carga urbano y rural<\/p>\n<\/li>\n<li data-start=\"4001\" data-end=\"4034\">\n<p data-start=\"4003\" data-end=\"4034\">Entrega de productos agr\u00edcolas<\/p>\n<\/li>\n<li data-start=\"4035\" data-end=\"4071\">\n<p data-start=\"4037\" data-end=\"4071\">Log\u00edstica de distribuci\u00f3n al por mayor<\/p>\n<\/li>\n<li data-start=\"4072\" data-end=\"4116\">\n<p data-start=\"4074\" data-end=\"4116\">Construcci\u00f3n y cadena de suministro industrial<\/p>\n<\/li>\n<\/ul>\n<hr data-start=\"4118\" data-end=\"4121\" \/>\n<h3 data-start=\"4123\" data-end=\"4144\">M\u00e9todos de pago<\/h3>\n<ul data-start=\"4145\" data-end=\"4234\">\n<li data-start=\"4145\" data-end=\"4166\">\n<p data-start=\"4147\" data-end=\"4166\">Transferencia bancaria T \/ T<\/p>\n<\/li>\n<li data-start=\"4167\" data-end=\"4183\">\n<p data-start=\"4169\" data-end=\"4183\">L\/C a la vista<\/p>\n<\/li>\n<li data-start=\"4184\" data-end=\"4234\">\n<p data-start=\"4186\" data-end=\"4234\">Western Union \/ PayPal (pedidos de cantidad peque\u00f1a)<\/p>\n<\/li>\n<\/ul>\n<hr data-start=\"4236\" data-end=\"4239\" \/>\n<h3 data-start=\"4241\" data-end=\"4250\">Preguntas frecuentes<\/h3>\n<p data-start=\"4252\" data-end=\"4409\"><strong data-start=\"4252\" data-end=\"4337\">Q1: \u00bfCu\u00e1l es la capacidad de carga m\u00e1xima del Cargo Three Wheeler EV 1.7m?<\/strong><br data-start=\"4337\" data-end=\"4340\" \/>A1: Soporta hasta 200KG, lo que lo hace ideal para carga comercial.<\/p>\n<p data-start=\"4411\" data-end=\"4533\"><strong data-start=\"4411\" data-end=\"4460\">Q2: \u00bfCu\u00e1nto puede viajar con una sola carga?<\/strong><br data-start=\"4460\" data-end=\"4463\" \/>A2: El alcance es de aproximadamente 50 km, dependiendo del terreno y la carga.<\/p>\n<p data-start=\"4535\" data-end=\"4638\"><strong data-start=\"4535\" data-end=\"4576\">Q3: \u00bfPuedo pedir con mi propia marca?<\/strong><br data-start=\"4576\" data-end=\"4579\" \/>A3: S\u00ed, las opciones de personalizaci\u00f3n OEM y ODM est\u00e1n disponibles.<\/p>\n<p data-start=\"4640\" data-end=\"4726\"><strong data-start=\"4640\" data-end=\"4676\">Q4: \u00bfCu\u00e1nto tiempo dura la carga?<\/strong><br data-start=\"4676\" data-end=\"4679\" \/>A4: El tiempo de carga est\u00e1ndar es de alrededor de 8 horas.<\/p>\n<p data-start=\"4728\" data-end=\"4903\"><strong data-start=\"4728\" data-end=\"4806\">P5: \u00bfPor qu\u00e9 elegir el WEIBA 1.7 en lugar de un triciclo de carga de combustible tradicional?<\/strong><br data-start=\"4806\" data-end=\"4809\" \/>A5: Reduce los costos de combustible, reduce las emisiones, requiere menos mantenimiento y es ecol\u00f3gico.<\/p>","protected":false},"excerpt":{"rendered":"<p>El <strong data-start=\"342\" data-end=\"381\">Carga de tres ruedas EV 1.7m<\/strong> es un veh\u00edculo de tres ruedas pesado de alta capacidad construido para el transporte eficiente de mercanc\u00edas en entornos urbanos y semiurbanos. Con un potente motor de 1500W, chasis de acero reforzado y una impresionante capacidad de carga de 200KG, este triciclo est\u00e1 dise\u00f1ado para durabilidad y fiabilidad. Ofrece una velocidad m\u00e1xima de 52 km\/h, una capacidad m\u00e1xima de escalada de 30\u00b0 y un alcance de 50 km por carga, lo que lo convierte en la alternativa ecol\u00f3gica perfecta a los veh\u00edculos de carga tradicionales a combustible. Dise\u00f1ado con los operadores comerciales en mente, el WEIBA 1.7 combina energ\u00eda, eficiencia y ahorro de costos.<\/p>","protected":false},"featured_media":4086,"comment_status":"open","ping_status":"closed","template":"","meta":[],"product_brand":[],"product_cat":[78],"product_tag":[],"class_list":{"0":"post-4077","1":"product","2":"type-product","3":"status-publish","4":"has-post-thumbnail","6":"product_cat-electric-tricycle","8":"first","9":"instock","10":"shipping-taxable","11":"product-type-simple"},"_links":{"self":[{"href":"https:\/\/www.tairuiauto.com\/es\/wp-json\/wp\/v2\/product\/4077","targetHints":{"allow":["GET"]}}],"collection":[{"href":"https:\/\/www.tairuiauto.com\/es\/wp-json\/wp\/v2\/product"}],"about":[{"href":"https:\/\/www.tairuiauto.com\/es\/wp-json\/wp\/v2\/types\/product"}],"replies":[{"embeddable":true,"href":"https:\/\/www.tairuiauto.com\/es\/wp-json\/wp\/v2\/comments?post=4077"}],"wp:featuredmedia":[{"embeddable":true,"href":"https:\/\/www.tairuiauto.com\/es\/wp-json\/wp\/v2\/media\/4086"}],"wp:attachment":[{"href":"https:\/\/www.tairuiauto.com\/es\/wp-json\/wp\/v2\/media?parent=4077"}],"wp:term":[{"taxonomy":"product_brand","embeddable":true,"href":"https:\/\/www.tairuiauto.com\/es\/wp-json\/wp\/v2\/product_brand?post=4077"},{"taxonomy":"product_cat","embeddable":true,"href":"https:\/\/www.tairuiauto.com\/es\/wp-json\/wp\/v2\/product_cat?post=4077"},{"taxonomy":"product_tag","embeddable":true,"href":"https:\/\/www.tairuiauto.com\/es\/wp-json\/wp\/v2\/product_tag?post=4077"}],"curies":[{"name":"WP","href":"https:\/\/api.w.org\/{rel}","templated":true}]}}